{"id":13707,"date":"2022-07-09T08:37:59","date_gmt":"2022-07-09T05:37:59","guid":{"rendered":"https:\/\/fonolukk.eu\/?post_type=product&#038;p=13707"},"modified":"2022-07-22T12:52:30","modified_gmt":"2022-07-22T09:52:30","slug":"eltis-dp400-fd24","status":"publish","type":"product","link":"https:\/\/fonolukk.eu\/et\/tooted\/eltis-dp400-fd24\/","title":{"rendered":"ELTIS DP400-FD24"},"content":{"rendered":"<h3><span>SPETSIFIKATSIOONID<\/span><\/h3>\n<div class=\"content-info\">\n<table class=\"dop-table\" cellspacing=\"0\" cellpadding=\"0\">\n<tbody>\n<tr>\n<td><span>L\u00fcliti kaabli t\u00fc\u00fcp<\/span><\/td>\n<td><span>kolme juhtmega*<\/span><\/td>\n<\/tr>\n<tr>\n<td><span>Maksimaalne tellijate arv<\/span><\/td>\n<td>100<\/td>\n<\/tr>\n<tr>\n<td><span>Maksimaalne lubatud korterite arv<\/span><\/td>\n<td>1999<\/td>\n<\/tr>\n<tr>\n<td><span>\u00dchiskoodi numbrite arv<\/span><\/td>\n<td>4<\/td>\n<\/tr>\n<tr>\n<td><span>Numbrite arv individuaalses koodis<\/span><\/td>\n<td><span>4<\/span><\/td>\n<\/tr>\n<tr>\n<td><span>Lubatud arv katseid koodi v\u00f5i parooli \u00e4ra arvata<\/span><\/td>\n<td>3<\/td>\n<\/tr>\n<tr>\n<td><span><span class=\"\">CU m\u00e4llu salvestatud elektrooniliste v\u00f5tmete maksimaalne arv<\/span><\/span><\/td>\n<td>700<\/td>\n<\/tr>\n<tr>\n<td><span>Elektrooniliste v\u00f5tmekombinatsioonide arv<\/span><\/td>\n<td>2**24<\/td>\n<\/tr>\n<tr>\n<td><span>Korteri numbri \u00fche numbri sisestamiseks m\u00e4\u00e4ratud aeg, s, mitte rohkem<\/span><\/td>\n<td>5<\/td>\n<\/tr>\n<tr>\n<td><span>K\u00f5nesignaali kestus, s, mitte rohkem<\/span><\/td>\n<td>60<\/td>\n<\/tr>\n<tr>\n<td><span>Vestluse kestus k\u00fclastajaga, s, mitte rohkem<\/span><\/td>\n<td>90<\/td>\n<\/tr>\n<tr>\n<td><span>Elektromagnetilise luku reaktsiooniaeg, s, mitte rohkem<\/span><\/td>\n<td>1&#8230;9<\/td>\n<\/tr>\n<tr>\n<td><span>Maksimaalne energiatarve (ilma elektromagnetlukuta), W<\/span><\/td>\n<td>7<\/td>\n<\/tr>\n<tr>\n<td><span>Sideliini maksimaalne lubatud takistus Ohm<\/span><\/td>\n<td>30<\/td>\n<\/tr>\n<tr>\n<td><span>K\u00f5neseadme toitepinge, V<\/span><\/td>\n<td>~13&#8230;15, (+16&#8230;21)<\/td>\n<\/tr>\n<tr>\n<td><span>Videokaamera toitepinge, V<\/span><\/td>\n<td>12 \u00b1 10%<\/td>\n<\/tr>\n<tr>\n<td><span class=\"\"><span>Videokaamera maksimaalne voolutarve, mA<\/span><\/span><\/td>\n<td>150<\/td>\n<\/tr>\n<tr>\n<td><span>Minimaalne valgustus, luks<\/span><\/td>\n<td><span>p\u00e4ev 0,5<\/span><br \/>\n<span>\u00f6\u00f6 0,01<\/span><\/td>\n<\/tr>\n<tr>\n<td><span>Video standard<\/span><\/td>\n<td><span>PAL 752&#215;582<\/span><\/td>\n<\/tr>\n<tr>\n<td><span>\u00dcldm\u00f5\u00f5tmed, mm, mitte rohkem<\/span><\/td>\n<td><span>125x210x40<\/span><\/td>\n<\/tr>\n<tr>\n<td><span>Kaal, kg, mitte rohkem<\/span><\/td>\n<td>0.8<\/td>\n<\/tr>\n<\/tbody>\n<\/table>\n<\/div>\n","protected":false},"excerpt":{"rendered":"<p><span class=\"\"><span>Kuni 100 tellijat.\u00a0<\/span><\/span><span>\u00dche sissep\u00e4\u00e4suga sissep\u00e4\u00e4sude s\u00fcsteemide ehitamine.\u00a0Concierge-konsooli \u00fchendamine.<\/span><\/p>\n<p><span>Sisseehitatud diskreetne v\u00e4rviline videokaamera, 650 TVL resolutsioon, k\u00f5rge tundlikkus, p\u00e4eva\/\u00f6\u00f6 re\u017eiimid, taustvalgustuse kompensatsioon.\u00a0Videokaamera toiteallika ja helitee lahti\u00fchendamine, et v\u00e4hendada h\u00e4ireid ja DVR-idega \u00fchendamise v\u00f5imalust.<\/span><\/p>\n<p><span>Kuni 700 v\u00f5tme programmeerimine \u2013 kopeerimiskaitsega kontaktivabad v\u00f5tmehoidjad.<\/span><\/p>\n<p><span>Vandaalikindel kattekorpus, horisontaalne disain.\u00a0K\u00f5lari ja mikrofoni kaitse.\u00a0P\u00f5rutuskindel hele indikaator helistatud korteri numbrile.\u00a0\u00d6\u00f6sel taustavalgustusega l\u00f6\u00f6gikindel klaviatuur.\u00a0Kaitse staatilise elektri ja p\u00f5rutuste eest.\u00a0Suurenenud vastupidavus ebasoodsatele ilmastikutingimustele.<\/span><\/p>\n<p><span>V\u00f5tmehoidjaid kopeerimise eest kaitsvate salajaste v\u00f5tmete salvestamine f\u00fc\u00fcsilisele andmekandjale (objektkaardile) v\u00e4listab teabe levitamise teenindusorganisatsiooni t\u00f6\u00f6tajate vahel ja v\u00f5tmete volitamata m\u00fc\u00fcmise kasutajatele.\u00a0Lisaks v\u00f5imalusele programmeerida v\u00f5tmehoidjaid k\u00f5neseadme klahvistikult, toetatakse klahvide automaatse lisamise re\u017eiimi, mis v\u00f5imaldab seadistada teenindusorganisatsiooni kontoris kasutajatele v\u00f5tmehoidjate m\u00fc\u00fcmise tehnoloogiat ilma k\u00fclastamata. programmeerimise v\u00f5imalused.<\/span><\/p>\n<p><span>Intercomi tarkvara v\u00e4rskendamine ilma demonteerimiseta.\u00a0Helitee tehaseseade.\u00a0Teenindussignaali helitugevuse reguleerimine.\u00a0Mitmetasandiline v\u00f5ltsimiskaitse muudetavate paroolidega, et kaitsta sisetelefoniteenuse volitamata pealtkuulamise eest konkureeriva organisatsiooni poolt.<\/span><\/p>\n","protected":false},"featured_media":13710,"template":"","meta":[],"product_brand":[],"product_cat":[1138,606,1137],"product_tag":[],"class_list":{"0":"post-13707","1":"product","2":"type-product","3":"status-publish","4":"has-post-thumbnail","6":"product_cat-fonoluku-paneel-et","7":"product_cat-fonolukud","8":"product_cat-eltis-et-2","9":"pa_brand-eltis-et","11":"first","12":"instock","13":"taxable","14":"shipping-taxable","15":"purchasable","16":"product-type-simple"},"yoast_head":"<!-- This site is optimized with the Yoast SEO Premium plugin v27.3 (Yoast SEO v27.3) - https:\/\/yoast.com\/product\/yoast-seo-premium-wordpress\/ -->\n<title>ELTIS DP400-FD24 - Fonolukk<\/title>\n<meta name=\"description\" content=\"Kuni 100 tellijat.\u00a0\u00dche sissep\u00e4\u00e4suga trepikodade s\u00fcsteemide ehitus.\u00a0Concierge konsooli \u00fchendus.\" \/>\n<meta name=\"robots\" content=\"index, follow, max-snippet:-1, max-image-preview:large, max-video-preview:-1\" \/>\n<link rel=\"canonical\" href=\"https:\/\/fonolukk.eu\/et\/tooted\/eltis-dp400-fd24\/\" \/>\n<meta property=\"og:locale\" content=\"et_EE\" \/>\n<meta property=\"og:type\" content=\"article\" \/>\n<meta property=\"og:title\" content=\"ELTIS DP400-FD24\" \/>\n<meta property=\"og:description\" content=\"Kuni 100 tellijat.\u00a0\u00dche sissep\u00e4\u00e4suga sissep\u00e4\u00e4sude s\u00fcsteemide ehitamine.\u00a0Concierge-konsooli \u00fchendamine.  Sisseehitatud diskreetne v\u00e4rviline videokaamera, 650 TVL resolutsioon, k\u00f5rge tundlikkus, p\u00e4eva\/\u00f6\u00f6 re\u017eiimid, taustvalgustuse kompensatsioon.\u00a0Videokaamera toiteallika ja helitee lahti\u00fchendamine, et v\u00e4hendada h\u00e4ireid ja DVR-idega \u00fchendamise v\u00f5imalust.  Kuni 700 v\u00f5tme programmeerimine \u2013 kopeerimiskaitsega kontaktivabad v\u00f5tmehoidjad.  Vandaalikindel kattekorpus, horisontaalne disain.\u00a0K\u00f5lari ja mikrofoni kaitse.\u00a0P\u00f5rutuskindel hele indikaator helistatud korteri numbrile.\u00a0\u00d6\u00f6sel taustavalgustusega l\u00f6\u00f6gikindel klaviatuur.\u00a0Kaitse staatilise elektri ja p\u00f5rutuste eest.\u00a0Suurenenud vastupidavus ebasoodsatele ilmastikutingimustele.  V\u00f5tmehoidjaid kopeerimise eest kaitsvate salajaste v\u00f5tmete salvestamine f\u00fc\u00fcsilisele andmekandjale (objektkaardile) v\u00e4listab teabe levitamise teenindusorganisatsiooni t\u00f6\u00f6tajate vahel ja v\u00f5tmete volitamata m\u00fc\u00fcmise kasutajatele.\u00a0Lisaks v\u00f5imalusele programmeerida v\u00f5tmehoidjaid k\u00f5neseadme klahvistikult, toetatakse klahvide automaatse lisamise re\u017eiimi, mis v\u00f5imaldab seadistada teenindusorganisatsiooni kontoris kasutajatele v\u00f5tmehoidjate m\u00fc\u00fcmise tehnoloogiat ilma k\u00fclastamata. programmeerimise v\u00f5imalused.  Intercomi tarkvara v\u00e4rskendamine ilma demonteerimiseta.\u00a0Helitee tehaseseade.\u00a0Teenindussignaali helitugevuse reguleerimine.\u00a0Mitmetasandiline v\u00f5ltsimiskaitse muudetavate paroolidega, et kaitsta sisetelefoniteenuse volitamata pealtkuulamise eest konkureeriva organisatsiooni poolt.\" \/>\n<meta property=\"og:url\" content=\"https:\/\/fonolukk.eu\/et\/tooted\/eltis-dp400-fd24\/\" \/>\n<meta property=\"og:site_name\" content=\"Fonolukk\" \/>\n<meta property=\"article:publisher\" content=\"https:\/\/www.facebook.com\/fonolukk\" \/>\n<meta property=\"article:modified_time\" content=\"2022-07-22T09:52:30+00:00\" \/>\n<meta property=\"og:image\" content=\"https:\/\/fonolukk.eu\/wp-content\/uploads\/2022\/07\/eltis-dp400-fdc24-axo.jpg\" \/>\n\t<meta property=\"og:image:width\" content=\"1192\" \/>\n\t<meta property=\"og:image:height\" content=\"960\" \/>\n\t<meta property=\"og:image:type\" content=\"image\/jpeg\" \/>\n<meta name=\"twitter:card\" content=\"summary_large_image\" \/>\n<meta name=\"twitter:label1\" content=\"Hind\" \/>\n\t<meta name=\"twitter:data1\" content=\"&euro;332.50 koos KM\" \/>\n\t<meta name=\"twitter:label2\" content=\"Availability\" \/>\n\t<meta name=\"twitter:data2\" content=\"Laos\" \/>\n<script type=\"application\/ld+json\" class=\"yoast-schema-graph\">{\"@context\":\"https:\\\/\\\/schema.org\",\"@graph\":[{\"@type\":\"WebPage\",\"@id\":\"https:\\\/\\\/fonolukk.eu\\\/et\\\/tooted\\\/eltis-dp400-fd24\\\/\",\"url\":\"https:\\\/\\\/fonolukk.eu\\\/et\\\/tooted\\\/eltis-dp400-fd24\\\/\",\"name\":\"ELTIS DP400-FD24 - Fonolukk\",\"isPartOf\":{\"@id\":\"https:\\\/\\\/fonolukk.eu\\\/et\\\/#website\"},\"primaryImageOfPage\":{\"@id\":\"https:\\\/\\\/fonolukk.eu\\\/et\\\/tooted\\\/eltis-dp400-fd24\\\/#primaryimage\"},\"image\":{\"@id\":\"https:\\\/\\\/fonolukk.eu\\\/et\\\/tooted\\\/eltis-dp400-fd24\\\/#primaryimage\"},\"thumbnailUrl\":\"https:\\\/\\\/fonolukk.eu\\\/wp-content\\\/uploads\\\/2022\\\/07\\\/eltis-dp400-fdc24-axo.jpg\",\"datePublished\":\"2022-07-09T05:37:59+00:00\",\"dateModified\":\"2022-07-22T09:52:30+00:00\",\"description\":\"Kuni 100 tellijat.\u00a0\u00dche sissep\u00e4\u00e4suga trepikodade s\u00fcsteemide ehitus.\u00a0Concierge konsooli \u00fchendus.\",\"breadcrumb\":{\"@id\":\"https:\\\/\\\/fonolukk.eu\\\/et\\\/tooted\\\/eltis-dp400-fd24\\\/#breadcrumb\"},\"inLanguage\":\"et\",\"potentialAction\":[{\"@type\":\"ReadAction\",\"target\":[\"https:\\\/\\\/fonolukk.eu\\\/et\\\/tooted\\\/eltis-dp400-fd24\\\/\"]}]},{\"@type\":\"ImageObject\",\"inLanguage\":\"et\",\"@id\":\"https:\\\/\\\/fonolukk.eu\\\/et\\\/tooted\\\/eltis-dp400-fd24\\\/#primaryimage\",\"url\":\"https:\\\/\\\/fonolukk.eu\\\/wp-content\\\/uploads\\\/2022\\\/07\\\/eltis-dp400-fdc24-axo.jpg\",\"contentUrl\":\"https:\\\/\\\/fonolukk.eu\\\/wp-content\\\/uploads\\\/2022\\\/07\\\/eltis-dp400-fdc24-axo.jpg\",\"width\":1192,\"height\":960,\"caption\":\"DP400-FDC24\"},{\"@type\":\"BreadcrumbList\",\"@id\":\"https:\\\/\\\/fonolukk.eu\\\/et\\\/tooted\\\/eltis-dp400-fd24\\\/#breadcrumb\",\"itemListElement\":[{\"@type\":\"ListItem\",\"position\":1,\"name\":\"Esileht\",\"item\":\"https:\\\/\\\/fonolukk.eu\\\/et\\\/koduleht\\\/\"},{\"@type\":\"ListItem\",\"position\":2,\"name\":\"Tooted\",\"item\":\"https:\\\/\\\/fonolukk.eu\\\/et\\\/shop-2\\\/\"},{\"@type\":\"ListItem\",\"position\":3,\"name\":\"Fonolukud\",\"item\":\"https:\\\/\\\/fonolukk.eu\\\/et\\\/product-category\\\/fonolukud\\\/\"},{\"@type\":\"ListItem\",\"position\":4,\"name\":\"ELTIS DP400-FD24\"}]},{\"@type\":\"WebSite\",\"@id\":\"https:\\\/\\\/fonolukk.eu\\\/et\\\/#website\",\"url\":\"https:\\\/\\\/fonolukk.eu\\\/et\\\/\",\"name\":\"Fonolukk eu\",\"description\":\"Smart Security Systems\",\"publisher\":{\"@id\":\"https:\\\/\\\/fonolukk.eu\\\/et\\\/#organization\"},\"potentialAction\":[{\"@type\":\"SearchAction\",\"target\":{\"@type\":\"EntryPoint\",\"urlTemplate\":\"https:\\\/\\\/fonolukk.eu\\\/et\\\/?s={search_term_string}\"},\"query-input\":{\"@type\":\"PropertyValueSpecification\",\"valueRequired\":true,\"valueName\":\"search_term_string\"}}],\"inLanguage\":\"et\"},{\"@type\":\"Organization\",\"@id\":\"https:\\\/\\\/fonolukk.eu\\\/et\\\/#organization\",\"name\":\"Smart Security OU\",\"url\":\"https:\\\/\\\/fonolukk.eu\\\/et\\\/\",\"logo\":{\"@type\":\"ImageObject\",\"inLanguage\":\"et\",\"@id\":\"https:\\\/\\\/fonolukk.eu\\\/et\\\/#\\\/schema\\\/logo\\\/image\\\/\",\"url\":\"https:\\\/\\\/fonolukk.eu\\\/wp-content\\\/uploads\\\/2023\\\/09\\\/fonolukk.png\",\"contentUrl\":\"https:\\\/\\\/fonolukk.eu\\\/wp-content\\\/uploads\\\/2023\\\/09\\\/fonolukk.png\",\"width\":277,\"height\":274,\"caption\":\"Smart Security OU\"},\"image\":{\"@id\":\"https:\\\/\\\/fonolukk.eu\\\/et\\\/#\\\/schema\\\/logo\\\/image\\\/\"},\"sameAs\":[\"https:\\\/\\\/www.facebook.com\\\/fonolukk\",\"https:\\\/\\\/www.instagram.com\\\/fonolukk\\\/?hl=ru\"],\"publishingPrinciples\":\"https:\\\/\\\/fonolukk.eu\\\/terms-and-conditions\\\/\",\"ownershipFundingInfo\":\"https:\\\/\\\/fonolukk.eu\\\/about-us\\\/\"}]}<\/script>\n<meta property=\"product:brand\" content=\"Eltis\" \/>\n<meta property=\"product:price:amount\" content=\"332.50\" \/>\n<meta property=\"product:price:currency\" content=\"EUR\" \/>\n<meta property=\"og:availability\" content=\"instock\" \/>\n<meta property=\"product:availability\" content=\"instock\" \/>\n<meta property=\"product:retailer_item_id\" content=\"DP400-FD24\" \/>\n<meta property=\"product:condition\" content=\"new\" \/>\n<!-- \/ Yoast SEO Premium plugin. -->","yoast_head_json":{"title":"ELTIS DP400-FD24 - Fonolukk","description":"Kuni 100 tellijat.\u00a0\u00dche sissep\u00e4\u00e4suga trepikodade s\u00fcsteemide ehitus.\u00a0Concierge konsooli \u00fchendus.","robots":{"index":"index","follow":"follow","max-snippet":"max-snippet:-1","max-image-preview":"max-image-preview:large","max-video-preview":"max-video-preview:-1"},"canonical":"https:\/\/fonolukk.eu\/et\/tooted\/eltis-dp400-fd24\/","og_locale":"et_EE","og_type":"article","og_title":"ELTIS DP400-FD24","og_description":"Kuni 100 tellijat.\u00a0\u00dche sissep\u00e4\u00e4suga sissep\u00e4\u00e4sude s\u00fcsteemide ehitamine.\u00a0Concierge-konsooli \u00fchendamine.  Sisseehitatud diskreetne v\u00e4rviline videokaamera, 650 TVL resolutsioon, k\u00f5rge tundlikkus, p\u00e4eva\/\u00f6\u00f6 re\u017eiimid, taustvalgustuse kompensatsioon.\u00a0Videokaamera toiteallika ja helitee lahti\u00fchendamine, et v\u00e4hendada h\u00e4ireid ja DVR-idega \u00fchendamise v\u00f5imalust.  Kuni 700 v\u00f5tme programmeerimine \u2013 kopeerimiskaitsega kontaktivabad v\u00f5tmehoidjad.  Vandaalikindel kattekorpus, horisontaalne disain.\u00a0K\u00f5lari ja mikrofoni kaitse.\u00a0P\u00f5rutuskindel hele indikaator helistatud korteri numbrile.\u00a0\u00d6\u00f6sel taustavalgustusega l\u00f6\u00f6gikindel klaviatuur.\u00a0Kaitse staatilise elektri ja p\u00f5rutuste eest.\u00a0Suurenenud vastupidavus ebasoodsatele ilmastikutingimustele.  V\u00f5tmehoidjaid kopeerimise eest kaitsvate salajaste v\u00f5tmete salvestamine f\u00fc\u00fcsilisele andmekandjale (objektkaardile) v\u00e4listab teabe levitamise teenindusorganisatsiooni t\u00f6\u00f6tajate vahel ja v\u00f5tmete volitamata m\u00fc\u00fcmise kasutajatele.\u00a0Lisaks v\u00f5imalusele programmeerida v\u00f5tmehoidjaid k\u00f5neseadme klahvistikult, toetatakse klahvide automaatse lisamise re\u017eiimi, mis v\u00f5imaldab seadistada teenindusorganisatsiooni kontoris kasutajatele v\u00f5tmehoidjate m\u00fc\u00fcmise tehnoloogiat ilma k\u00fclastamata. programmeerimise v\u00f5imalused.  Intercomi tarkvara v\u00e4rskendamine ilma demonteerimiseta.\u00a0Helitee tehaseseade.\u00a0Teenindussignaali helitugevuse reguleerimine.\u00a0Mitmetasandiline v\u00f5ltsimiskaitse muudetavate paroolidega, et kaitsta sisetelefoniteenuse volitamata pealtkuulamise eest konkureeriva organisatsiooni poolt.","og_url":"https:\/\/fonolukk.eu\/et\/tooted\/eltis-dp400-fd24\/","og_site_name":"Fonolukk","article_publisher":"https:\/\/www.facebook.com\/fonolukk","article_modified_time":"2022-07-22T09:52:30+00:00","og_image":[{"width":1192,"height":960,"url":"https:\/\/fonolukk.eu\/wp-content\/uploads\/2022\/07\/eltis-dp400-fdc24-axo.jpg","type":"image\/jpeg"}],"twitter_card":"summary_large_image","twitter_misc":{"Hind":"&euro;332.50 koos KM","Availability":"Laos"},"schema":{"@context":"https:\/\/schema.org","@graph":[{"@type":"WebPage","@id":"https:\/\/fonolukk.eu\/et\/tooted\/eltis-dp400-fd24\/","url":"https:\/\/fonolukk.eu\/et\/tooted\/eltis-dp400-fd24\/","name":"ELTIS DP400-FD24 - Fonolukk","isPartOf":{"@id":"https:\/\/fonolukk.eu\/et\/#website"},"primaryImageOfPage":{"@id":"https:\/\/fonolukk.eu\/et\/tooted\/eltis-dp400-fd24\/#primaryimage"},"image":{"@id":"https:\/\/fonolukk.eu\/et\/tooted\/eltis-dp400-fd24\/#primaryimage"},"thumbnailUrl":"https:\/\/fonolukk.eu\/wp-content\/uploads\/2022\/07\/eltis-dp400-fdc24-axo.jpg","datePublished":"2022-07-09T05:37:59+00:00","dateModified":"2022-07-22T09:52:30+00:00","description":"Kuni 100 tellijat.\u00a0\u00dche sissep\u00e4\u00e4suga trepikodade s\u00fcsteemide ehitus.\u00a0Concierge konsooli \u00fchendus.","breadcrumb":{"@id":"https:\/\/fonolukk.eu\/et\/tooted\/eltis-dp400-fd24\/#breadcrumb"},"inLanguage":"et","potentialAction":[{"@type":"ReadAction","target":["https:\/\/fonolukk.eu\/et\/tooted\/eltis-dp400-fd24\/"]}]},{"@type":"ImageObject","inLanguage":"et","@id":"https:\/\/fonolukk.eu\/et\/tooted\/eltis-dp400-fd24\/#primaryimage","url":"https:\/\/fonolukk.eu\/wp-content\/uploads\/2022\/07\/eltis-dp400-fdc24-axo.jpg","contentUrl":"https:\/\/fonolukk.eu\/wp-content\/uploads\/2022\/07\/eltis-dp400-fdc24-axo.jpg","width":1192,"height":960,"caption":"DP400-FDC24"},{"@type":"BreadcrumbList","@id":"https:\/\/fonolukk.eu\/et\/tooted\/eltis-dp400-fd24\/#breadcrumb","itemListElement":[{"@type":"ListItem","position":1,"name":"Esileht","item":"https:\/\/fonolukk.eu\/et\/koduleht\/"},{"@type":"ListItem","position":2,"name":"Tooted","item":"https:\/\/fonolukk.eu\/et\/shop-2\/"},{"@type":"ListItem","position":3,"name":"Fonolukud","item":"https:\/\/fonolukk.eu\/et\/product-category\/fonolukud\/"},{"@type":"ListItem","position":4,"name":"ELTIS DP400-FD24"}]},{"@type":"WebSite","@id":"https:\/\/fonolukk.eu\/et\/#website","url":"https:\/\/fonolukk.eu\/et\/","name":"Fonolukk eu","description":"Smart Security Systems","publisher":{"@id":"https:\/\/fonolukk.eu\/et\/#organization"},"potentialAction":[{"@type":"SearchAction","target":{"@type":"EntryPoint","urlTemplate":"https:\/\/fonolukk.eu\/et\/?s={search_term_string}"},"query-input":{"@type":"PropertyValueSpecification","valueRequired":true,"valueName":"search_term_string"}}],"inLanguage":"et"},{"@type":"Organization","@id":"https:\/\/fonolukk.eu\/et\/#organization","name":"Smart Security OU","url":"https:\/\/fonolukk.eu\/et\/","logo":{"@type":"ImageObject","inLanguage":"et","@id":"https:\/\/fonolukk.eu\/et\/#\/schema\/logo\/image\/","url":"https:\/\/fonolukk.eu\/wp-content\/uploads\/2023\/09\/fonolukk.png","contentUrl":"https:\/\/fonolukk.eu\/wp-content\/uploads\/2023\/09\/fonolukk.png","width":277,"height":274,"caption":"Smart Security OU"},"image":{"@id":"https:\/\/fonolukk.eu\/et\/#\/schema\/logo\/image\/"},"sameAs":["https:\/\/www.facebook.com\/fonolukk","https:\/\/www.instagram.com\/fonolukk\/?hl=ru"],"publishingPrinciples":"https:\/\/fonolukk.eu\/terms-and-conditions\/","ownershipFundingInfo":"https:\/\/fonolukk.eu\/about-us\/"}]},"product_brand":"Eltis","product_price_amount":"332.50","product_price_currency":"EUR","og_availability":"instock","product_availability":"instock","product_retailer_item_id":"DP400-FD24","product_condition":"new"},"_links":{"self":[{"href":"https:\/\/fonolukk.eu\/et\/wp-json\/wp\/v2\/product\/13707","targetHints":{"allow":["GET"]}}],"collection":[{"href":"https:\/\/fonolukk.eu\/et\/wp-json\/wp\/v2\/product"}],"about":[{"href":"https:\/\/fonolukk.eu\/et\/wp-json\/wp\/v2\/types\/product"}],"version-history":[{"count":0,"href":"https:\/\/fonolukk.eu\/et\/wp-json\/wp\/v2\/product\/13707\/revisions"}],"wp:featuredmedia":[{"embeddable":true,"href":"https:\/\/fonolukk.eu\/et\/wp-json\/wp\/v2\/media\/13710"}],"wp:attachment":[{"href":"https:\/\/fonolukk.eu\/et\/wp-json\/wp\/v2\/media?parent=13707"}],"wp:term":[{"taxonomy":"product_brand","embeddable":true,"href":"https:\/\/fonolukk.eu\/et\/wp-json\/wp\/v2\/product_brand?post=13707"},{"taxonomy":"product_cat","embeddable":true,"href":"https:\/\/fonolukk.eu\/et\/wp-json\/wp\/v2\/product_cat?post=13707"},{"taxonomy":"product_tag","embeddable":true,"href":"https:\/\/fonolukk.eu\/et\/wp-json\/wp\/v2\/product_tag?post=13707"}],"curies":[{"name":"wp","href":"https:\/\/api.w.org\/{rel}","templated":true}]}}