{"id":13750,"date":"2022-07-22T10:36:38","date_gmt":"2022-07-22T07:36:38","guid":{"rendered":"https:\/\/fonolukk.eu\/?post_type=product&#038;p=13750"},"modified":"2022-07-22T11:13:55","modified_gmt":"2022-07-22T08:13:55","slug":"commax-dr-2gn","status":"publish","type":"product","link":"https:\/\/fonolukk.eu\/et\/tooted\/commax-dr-2gn\/","title":{"rendered":"Commax DR-2GN"},"content":{"rendered":"<p><span><span class=\"\">Commax DR-2GN on kahejuhtmeline \u00fche abonendiga k\u00f5netelefon vandaalikindlas metallkorpuses.\u00a0<\/span><span class=\"\">See seade on loodud turvaliseks kahesuunaliseks suhtluseks ja liidesteks Commax DP-2HP helitoru ja selle analoogidega.<\/span><\/span><\/p>\n<p><span>\u00dchik: 1 tk<\/span><br \/>\n<span>M\u00f5\u00f5dud (mm): 120x40x20<\/span><br \/>\n<span>Kaal (kg): 0,1<\/span><\/p>\n<h4><span>Tehnilised andmed<\/span><\/h4>\n<div id=\"myTabContent\" class=\"tab-content m-3\">\n<div id=\"tth\" class=\"tab-pane fade active show\" role=\"tabpanel\" aria-labelledby=\"tth-tab\">\n<ul>\n<li><span>Korpuse t\u00fc\u00fcp Vandaalivastane<\/span><\/li>\n<li><span><span class=\"\">Paigalduse t\u00fc\u00fcp Manustatud<\/span><\/span><\/li>\n<li><span>Tellijate arv 1<\/span><\/li>\n<li><span><span class=\"\">Kahesuunaline helisuhtlus<\/span><\/span><\/li>\n<li><span>Toitepinge, V 12<\/span><\/li>\n<li><span>T\u00f6\u00f6temperatuuri vahemik -20&#8230;+50 \u00b0C<\/span><\/li>\n<li><span><span class=\"\">\u00dcldm\u00f5\u00f5tmed, mm (PxLxK) 120x40x20mm<\/span><\/span><\/li>\n<\/ul>\n<h4><span>Valikud<\/span><\/h4>\n<div id=\"myTabContent\" class=\"tab-content m-3\">\n<div id=\"params\" class=\"tab-pane fade active show\" role=\"tabpanel\" aria-labelledby=\"params-tab\">\n<table class=\"bbt tech\">\n<tbody>\n<tr>\n<td><span>Kasutajate arv<\/span><\/td>\n<td>1<\/td>\n<\/tr>\n<tr>\n<td><span>Paigaldusmeetod<\/span><\/td>\n<td><span>peidetud paigaldus<\/span><\/td>\n<\/tr>\n<tr>\n<td><span>Kaitse vandalismi eest (vandalismivastane)<\/span><\/td>\n<td><span>Jah<\/span><\/td>\n<\/tr>\n<tr>\n<td><span>T\u00f6\u00f6temperatuur<\/span><\/td>\n<td><span>-20 kuni +50<\/span><\/td>\n<\/tr>\n<tr>\n<td><span>Materjal<\/span><\/td>\n<td><span>terasest<\/span><\/td>\n<\/tr>\n<tr>\n<td><span>V\u00e4rv<\/span><\/td>\n<td><span>hall<\/span><\/td>\n<\/tr>\n<tr>\n<td><span>Helistamisnuppude arv<\/span><\/td>\n<td><span>1<\/span><\/td>\n<\/tr>\n<tr>\n<td><span>Tehnoloogia \/ paigaldusmeetod<\/span><\/td>\n<td><span>2 traati<\/span><\/td>\n<\/tr>\n<tr>\n<td><span>T\u00fc\u00fcp<\/span><\/td>\n<td><span>funktsionaalne moodul uksejaama jaoks<\/span><\/td>\n<\/tr>\n<tr>\n<td><span>Seadme \u00fchenduse t\u00fc\u00fcp<\/span><\/td>\n<td><span>\u00fchendatud<\/span><\/td>\n<\/tr>\n<\/tbody>\n<\/table>\n<\/div>\n<\/div>\n<\/div>\n<\/div>\n","protected":false},"excerpt":{"rendered":"<p>Kasutajate arv:\u00a0<strong>1<\/strong><br \/>\nPaigaldusviis:\u00a0<strong>Varjatud paigaldus<\/strong><br \/>\nKaitse vandalismi eest (vandaalivastane):\u00a0<strong>Jah<\/strong><br \/>\nT\u00f6\u00f6temperatuur:\u00a0<strong>-20 kuni +50<\/strong><\/p>\n[wpdm_package id='13759']\n","protected":false},"featured_media":13757,"template":"","meta":[],"product_brand":[],"product_cat":[606,891,1184],"product_tag":[],"class_list":{"0":"post-13750","1":"product","2":"type-product","3":"status-publish","4":"has-post-thumbnail","6":"product_cat-fonolukud","7":"product_cat-fonoluku-komplekt","8":"product_cat-commax-et-2","9":"pa_brand-commax-et","11":"first","12":"instock","13":"taxable","14":"shipping-taxable","15":"product-type-simple"},"yoast_head":"<!-- This site is optimized with the Yoast SEO Premium plugin v27.3 (Yoast SEO v27.3) - https:\/\/yoast.com\/product\/yoast-seo-premium-wordpress\/ -->\n<title>Commax DR-2GN - Fonolukk<\/title>\n<meta name=\"description\" content=\"Kuni 100 tellijat.\u00a0\u00dche sissep\u00e4\u00e4suga trepikodade s\u00fcsteemide ehitus.\u00a0Concierge konsooli \u00fchendus.\" \/>\n<meta name=\"robots\" content=\"index, follow, max-snippet:-1, max-image-preview:large, max-video-preview:-1\" \/>\n<link rel=\"canonical\" href=\"https:\/\/fonolukk.eu\/et\/tooted\/commax-dr-2gn\/\" \/>\n<meta property=\"og:locale\" content=\"et_EE\" \/>\n<meta property=\"og:type\" content=\"article\" \/>\n<meta property=\"og:title\" content=\"Commax DR-2GN\" \/>\n<meta property=\"og:description\" content=\"Kasutajate arv:\u00a01 Paigaldusviis:\u00a0Varjatud paigaldus Kaitse vandalismi eest (vandaalivastane):\u00a0Jah T\u00f6\u00f6temperatuur:\u00a0-20 kuni +50\" \/>\n<meta property=\"og:url\" content=\"https:\/\/fonolukk.eu\/et\/tooted\/commax-dr-2gn\/\" \/>\n<meta property=\"og:site_name\" content=\"Fonolukk\" \/>\n<meta property=\"article:publisher\" content=\"https:\/\/www.facebook.com\/fonolukk\" \/>\n<meta property=\"article:modified_time\" content=\"2022-07-22T08:13:55+00:00\" \/>\n<meta property=\"og:image\" content=\"https:\/\/fonolukk.eu\/wp-content\/uploads\/2022\/07\/image-1.jpg\" \/>\n\t<meta property=\"og:image:width\" content=\"973\" \/>\n\t<meta property=\"og:image:height\" content=\"768\" \/>\n\t<meta property=\"og:image:type\" content=\"image\/jpeg\" \/>\n<meta name=\"twitter:card\" content=\"summary_large_image\" \/>\n<meta name=\"twitter:label1\" content=\"Hind\" \/>\n\t<meta name=\"twitter:data1\" content=\"\" \/>\n\t<meta name=\"twitter:label2\" content=\"Availability\" \/>\n\t<meta name=\"twitter:data2\" content=\"Laos\" \/>\n<script type=\"application\/ld+json\" class=\"yoast-schema-graph\">{\"@context\":\"https:\\\/\\\/schema.org\",\"@graph\":[{\"@type\":\"WebPage\",\"@id\":\"https:\\\/\\\/fonolukk.eu\\\/et\\\/tooted\\\/commax-dr-2gn\\\/\",\"url\":\"https:\\\/\\\/fonolukk.eu\\\/et\\\/tooted\\\/commax-dr-2gn\\\/\",\"name\":\"Commax DR-2GN - Fonolukk\",\"isPartOf\":{\"@id\":\"https:\\\/\\\/fonolukk.eu\\\/et\\\/#website\"},\"primaryImageOfPage\":{\"@id\":\"https:\\\/\\\/fonolukk.eu\\\/et\\\/tooted\\\/commax-dr-2gn\\\/#primaryimage\"},\"image\":{\"@id\":\"https:\\\/\\\/fonolukk.eu\\\/et\\\/tooted\\\/commax-dr-2gn\\\/#primaryimage\"},\"thumbnailUrl\":\"https:\\\/\\\/fonolukk.eu\\\/wp-content\\\/uploads\\\/2022\\\/07\\\/image-1.jpg\",\"datePublished\":\"2022-07-22T07:36:38+00:00\",\"dateModified\":\"2022-07-22T08:13:55+00:00\",\"description\":\"Kuni 100 tellijat.\u00a0\u00dche sissep\u00e4\u00e4suga trepikodade s\u00fcsteemide ehitus.\u00a0Concierge konsooli \u00fchendus.\",\"breadcrumb\":{\"@id\":\"https:\\\/\\\/fonolukk.eu\\\/et\\\/tooted\\\/commax-dr-2gn\\\/#breadcrumb\"},\"inLanguage\":\"et\",\"potentialAction\":[{\"@type\":\"ReadAction\",\"target\":[\"https:\\\/\\\/fonolukk.eu\\\/et\\\/tooted\\\/commax-dr-2gn\\\/\"]}]},{\"@type\":\"ImageObject\",\"inLanguage\":\"et\",\"@id\":\"https:\\\/\\\/fonolukk.eu\\\/et\\\/tooted\\\/commax-dr-2gn\\\/#primaryimage\",\"url\":\"https:\\\/\\\/fonolukk.eu\\\/wp-content\\\/uploads\\\/2022\\\/07\\\/image-1.jpg\",\"contentUrl\":\"https:\\\/\\\/fonolukk.eu\\\/wp-content\\\/uploads\\\/2022\\\/07\\\/image-1.jpg\",\"width\":973,\"height\":768,\"caption\":\"commax intercom fonolukk\"},{\"@type\":\"BreadcrumbList\",\"@id\":\"https:\\\/\\\/fonolukk.eu\\\/et\\\/tooted\\\/commax-dr-2gn\\\/#breadcrumb\",\"itemListElement\":[{\"@type\":\"ListItem\",\"position\":1,\"name\":\"Esileht\",\"item\":\"https:\\\/\\\/fonolukk.eu\\\/et\\\/koduleht\\\/\"},{\"@type\":\"ListItem\",\"position\":2,\"name\":\"Tooted\",\"item\":\"https:\\\/\\\/fonolukk.eu\\\/et\\\/shop-2\\\/\"},{\"@type\":\"ListItem\",\"position\":3,\"name\":\"Fonoluku komplektid\",\"item\":\"https:\\\/\\\/fonolukk.eu\\\/et\\\/product-category\\\/fonoluku-komplekt\\\/\"},{\"@type\":\"ListItem\",\"position\":4,\"name\":\"Commax\",\"item\":\"https:\\\/\\\/fonolukk.eu\\\/et\\\/product-category\\\/fonoluku-komplekt\\\/commax-et-2\\\/\"},{\"@type\":\"ListItem\",\"position\":5,\"name\":\"Commax DR-2GN\"}]},{\"@type\":\"WebSite\",\"@id\":\"https:\\\/\\\/fonolukk.eu\\\/et\\\/#website\",\"url\":\"https:\\\/\\\/fonolukk.eu\\\/et\\\/\",\"name\":\"Fonolukk eu\",\"description\":\"Smart Security Systems\",\"publisher\":{\"@id\":\"https:\\\/\\\/fonolukk.eu\\\/et\\\/#organization\"},\"potentialAction\":[{\"@type\":\"SearchAction\",\"target\":{\"@type\":\"EntryPoint\",\"urlTemplate\":\"https:\\\/\\\/fonolukk.eu\\\/et\\\/?s={search_term_string}\"},\"query-input\":{\"@type\":\"PropertyValueSpecification\",\"valueRequired\":true,\"valueName\":\"search_term_string\"}}],\"inLanguage\":\"et\"},{\"@type\":\"Organization\",\"@id\":\"https:\\\/\\\/fonolukk.eu\\\/et\\\/#organization\",\"name\":\"Smart Security OU\",\"url\":\"https:\\\/\\\/fonolukk.eu\\\/et\\\/\",\"logo\":{\"@type\":\"ImageObject\",\"inLanguage\":\"et\",\"@id\":\"https:\\\/\\\/fonolukk.eu\\\/et\\\/#\\\/schema\\\/logo\\\/image\\\/\",\"url\":\"https:\\\/\\\/fonolukk.eu\\\/wp-content\\\/uploads\\\/2023\\\/09\\\/fonolukk.png\",\"contentUrl\":\"https:\\\/\\\/fonolukk.eu\\\/wp-content\\\/uploads\\\/2023\\\/09\\\/fonolukk.png\",\"width\":277,\"height\":274,\"caption\":\"Smart Security OU\"},\"image\":{\"@id\":\"https:\\\/\\\/fonolukk.eu\\\/et\\\/#\\\/schema\\\/logo\\\/image\\\/\"},\"sameAs\":[\"https:\\\/\\\/www.facebook.com\\\/fonolukk\",\"https:\\\/\\\/www.instagram.com\\\/fonolukk\\\/?hl=ru\"],\"publishingPrinciples\":\"https:\\\/\\\/fonolukk.eu\\\/terms-and-conditions\\\/\",\"ownershipFundingInfo\":\"https:\\\/\\\/fonolukk.eu\\\/about-us\\\/\"}]}<\/script>\n<meta property=\"product:brand\" content=\"COMMAX\" \/>\n<meta property=\"product:price:amount\" content=\"0.00\" \/>\n<meta property=\"product:price:currency\" content=\"EUR\" \/>\n<meta property=\"og:availability\" content=\"instock\" \/>\n<meta property=\"product:availability\" content=\"instock\" \/>\n<meta property=\"product:retailer_item_id\" content=\"DR-2GN\" \/>\n<meta property=\"product:condition\" content=\"new\" \/>\n<!-- \/ Yoast SEO Premium plugin. -->","yoast_head_json":{"title":"Commax DR-2GN - Fonolukk","description":"Kuni 100 tellijat.\u00a0\u00dche sissep\u00e4\u00e4suga trepikodade s\u00fcsteemide ehitus.\u00a0Concierge konsooli \u00fchendus.","robots":{"index":"index","follow":"follow","max-snippet":"max-snippet:-1","max-image-preview":"max-image-preview:large","max-video-preview":"max-video-preview:-1"},"canonical":"https:\/\/fonolukk.eu\/et\/tooted\/commax-dr-2gn\/","og_locale":"et_EE","og_type":"article","og_title":"Commax DR-2GN","og_description":"Kasutajate arv:\u00a01 Paigaldusviis:\u00a0Varjatud paigaldus Kaitse vandalismi eest (vandaalivastane):\u00a0Jah T\u00f6\u00f6temperatuur:\u00a0-20 kuni +50","og_url":"https:\/\/fonolukk.eu\/et\/tooted\/commax-dr-2gn\/","og_site_name":"Fonolukk","article_publisher":"https:\/\/www.facebook.com\/fonolukk","article_modified_time":"2022-07-22T08:13:55+00:00","og_image":[{"width":973,"height":768,"url":"https:\/\/fonolukk.eu\/wp-content\/uploads\/2022\/07\/image-1.jpg","type":"image\/jpeg"}],"twitter_card":"summary_large_image","twitter_misc":{"Hind":"","Availability":"Laos"},"schema":{"@context":"https:\/\/schema.org","@graph":[{"@type":"WebPage","@id":"https:\/\/fonolukk.eu\/et\/tooted\/commax-dr-2gn\/","url":"https:\/\/fonolukk.eu\/et\/tooted\/commax-dr-2gn\/","name":"Commax DR-2GN - Fonolukk","isPartOf":{"@id":"https:\/\/fonolukk.eu\/et\/#website"},"primaryImageOfPage":{"@id":"https:\/\/fonolukk.eu\/et\/tooted\/commax-dr-2gn\/#primaryimage"},"image":{"@id":"https:\/\/fonolukk.eu\/et\/tooted\/commax-dr-2gn\/#primaryimage"},"thumbnailUrl":"https:\/\/fonolukk.eu\/wp-content\/uploads\/2022\/07\/image-1.jpg","datePublished":"2022-07-22T07:36:38+00:00","dateModified":"2022-07-22T08:13:55+00:00","description":"Kuni 100 tellijat.\u00a0\u00dche sissep\u00e4\u00e4suga trepikodade s\u00fcsteemide ehitus.\u00a0Concierge konsooli \u00fchendus.","breadcrumb":{"@id":"https:\/\/fonolukk.eu\/et\/tooted\/commax-dr-2gn\/#breadcrumb"},"inLanguage":"et","potentialAction":[{"@type":"ReadAction","target":["https:\/\/fonolukk.eu\/et\/tooted\/commax-dr-2gn\/"]}]},{"@type":"ImageObject","inLanguage":"et","@id":"https:\/\/fonolukk.eu\/et\/tooted\/commax-dr-2gn\/#primaryimage","url":"https:\/\/fonolukk.eu\/wp-content\/uploads\/2022\/07\/image-1.jpg","contentUrl":"https:\/\/fonolukk.eu\/wp-content\/uploads\/2022\/07\/image-1.jpg","width":973,"height":768,"caption":"commax intercom fonolukk"},{"@type":"BreadcrumbList","@id":"https:\/\/fonolukk.eu\/et\/tooted\/commax-dr-2gn\/#breadcrumb","itemListElement":[{"@type":"ListItem","position":1,"name":"Esileht","item":"https:\/\/fonolukk.eu\/et\/koduleht\/"},{"@type":"ListItem","position":2,"name":"Tooted","item":"https:\/\/fonolukk.eu\/et\/shop-2\/"},{"@type":"ListItem","position":3,"name":"Fonoluku komplektid","item":"https:\/\/fonolukk.eu\/et\/product-category\/fonoluku-komplekt\/"},{"@type":"ListItem","position":4,"name":"Commax","item":"https:\/\/fonolukk.eu\/et\/product-category\/fonoluku-komplekt\/commax-et-2\/"},{"@type":"ListItem","position":5,"name":"Commax DR-2GN"}]},{"@type":"WebSite","@id":"https:\/\/fonolukk.eu\/et\/#website","url":"https:\/\/fonolukk.eu\/et\/","name":"Fonolukk eu","description":"Smart Security Systems","publisher":{"@id":"https:\/\/fonolukk.eu\/et\/#organization"},"potentialAction":[{"@type":"SearchAction","target":{"@type":"EntryPoint","urlTemplate":"https:\/\/fonolukk.eu\/et\/?s={search_term_string}"},"query-input":{"@type":"PropertyValueSpecification","valueRequired":true,"valueName":"search_term_string"}}],"inLanguage":"et"},{"@type":"Organization","@id":"https:\/\/fonolukk.eu\/et\/#organization","name":"Smart Security OU","url":"https:\/\/fonolukk.eu\/et\/","logo":{"@type":"ImageObject","inLanguage":"et","@id":"https:\/\/fonolukk.eu\/et\/#\/schema\/logo\/image\/","url":"https:\/\/fonolukk.eu\/wp-content\/uploads\/2023\/09\/fonolukk.png","contentUrl":"https:\/\/fonolukk.eu\/wp-content\/uploads\/2023\/09\/fonolukk.png","width":277,"height":274,"caption":"Smart Security OU"},"image":{"@id":"https:\/\/fonolukk.eu\/et\/#\/schema\/logo\/image\/"},"sameAs":["https:\/\/www.facebook.com\/fonolukk","https:\/\/www.instagram.com\/fonolukk\/?hl=ru"],"publishingPrinciples":"https:\/\/fonolukk.eu\/terms-and-conditions\/","ownershipFundingInfo":"https:\/\/fonolukk.eu\/about-us\/"}]},"product_brand":"COMMAX","product_price_amount":"0.00","product_price_currency":"EUR","og_availability":"instock","product_availability":"instock","product_retailer_item_id":"DR-2GN","product_condition":"new"},"_links":{"self":[{"href":"https:\/\/fonolukk.eu\/et\/wp-json\/wp\/v2\/product\/13750","targetHints":{"allow":["GET"]}}],"collection":[{"href":"https:\/\/fonolukk.eu\/et\/wp-json\/wp\/v2\/product"}],"about":[{"href":"https:\/\/fonolukk.eu\/et\/wp-json\/wp\/v2\/types\/product"}],"version-history":[{"count":0,"href":"https:\/\/fonolukk.eu\/et\/wp-json\/wp\/v2\/product\/13750\/revisions"}],"wp:featuredmedia":[{"embeddable":true,"href":"https:\/\/fonolukk.eu\/et\/wp-json\/wp\/v2\/media\/13757"}],"wp:attachment":[{"href":"https:\/\/fonolukk.eu\/et\/wp-json\/wp\/v2\/media?parent=13750"}],"wp:term":[{"taxonomy":"product_brand","embeddable":true,"href":"https:\/\/fonolukk.eu\/et\/wp-json\/wp\/v2\/product_brand?post=13750"},{"taxonomy":"product_cat","embeddable":true,"href":"https:\/\/fonolukk.eu\/et\/wp-json\/wp\/v2\/product_cat?post=13750"},{"taxonomy":"product_tag","embeddable":true,"href":"https:\/\/fonolukk.eu\/et\/wp-json\/wp\/v2\/product_tag?post=13750"}],"curies":[{"name":"wp","href":"https:\/\/api.w.org\/{rel}","templated":true}]}}