{"id":13761,"date":"2022-07-22T11:18:48","date_gmt":"2022-07-22T08:18:49","guid":{"rendered":"https:\/\/fonolukk.eu\/?post_type=product&#038;p=13761"},"modified":"2022-07-22T11:29:53","modified_gmt":"2022-07-22T08:29:53","slug":"commax-dr-4cpnk","status":"publish","type":"product","link":"https:\/\/fonolukk.eu\/et\/tooted\/commax-dr-4cpnk\/","title":{"rendered":"Commax DR-4CPNK"},"content":{"rendered":"<div class=\"product__column-item\" data-view-block=\"group_3\">\n<div class=\"product__group product__group--tabs\">\n<div data-content-id=\"opisanie-1\">\n<div class=\"product__section\">\n<div class=\"product-description j-product-description \">\n<div class=\"text\">\n<p><span class=\"\">Vandaalivastases tootmises olev Commax DRC-4CPNK k\u00f5nepaneel t\u00e4idab k\u00f5iki vajalikke funktsioone: k\u00f5ne sisetelefoni, dupleksk\u00f5ne ja pildi edastamine videokaamerast sisetelefoni ekraanile.\u00a0<\/span>Kaasasoleva toote korpusesse on sisse ehitatud elektriline luku juhtv\u00e4ljund.\u00a0Mudeli peamine eelis on kodeeritud klahvistiku olemasolu, mida kasutatakse luku avamiseks ilma v\u00f5tit kasutamata.<\/p>\n<p>Parima n\u00e4htavuse s\u00e4ilitamiseks aktiveeritakse LED-taustvalgus, mis l\u00fclitub \u00f6\u00f6sel helistamisel automaatselt sisse.\u00a0Kaamera, mis p\u00f5hineb fikseeritud fookusega objektiivil ja v\u00e4rvilise 1\/3&#8243; CMOS-maatriksiga eraldusv\u00f5imega 0,52 Mp ja horisontaalse\/vertikaalse vaatev\u00e4ljaga 68\u00b0\/55\u00b0. Heli reguleerimine on ette n\u00e4htud. Paneel toimib k\u00f5igi mudelitega erinevate ettev\u00f5tete v\u00e4rvilisi sisetelefone ja s\u00fcsteeme.<\/p>\n<p>DC 12V paneeli toiteallikas on valmistatud sisetelefoni ekraanilt ja ei n\u00e4e ette toitejuhtme eraldi paigaldamist. Vastupidav must metallkorpus, mille t\u00f6\u00f6temperatuur on vahemikus -40\u00b0C~+50\u00b0C, v\u00f5imaldab paneeli kasutada rasketes oludes, olles samas vastupidav mehaanilistele kahjustustele. Paneel on komplekteeritud kaitsva tipu, nurk- ja montaa\u017eipaneelidega.<\/p>\n<\/div>\n<\/div>\n<\/div>\n<\/div>\n<\/div>\n<\/div>\n<table class=\"product-features__table\">\n<tbody>\n<tr class=\"product-features__row\">\n<th class=\"product-features__cell product-features__cell--h\" style=\"text-align: left;\">Seadme t\u00fc\u00fcp<\/th>\n<td class=\"product-features__cell\" style=\"text-align: left;\">V\u00e4rviline videopaneel<\/td>\n<\/tr>\n<tr class=\"product-features__row\">\n<th class=\"product-features__cell product-features__cell--h\" style=\"text-align: left;\">Tellijate arv<\/th>\n<td class=\"product-features__cell\">1<\/td>\n<\/tr>\n<tr class=\"product-features__row\">\n<th class=\"product-features__cell product-features__cell--h\" style=\"text-align: left;\">Kaamera eraldusv\u00f5ime<\/th>\n<td class=\"product-features__cell\" style=\"text-align: left;\">0,52 MP<\/td>\n<\/tr>\n<tr class=\"product-features__row\">\n<th class=\"product-features__cell product-features__cell--h\" style=\"text-align: left;\">HD kaamera eraldusv\u00f5ime<\/th>\n<td class=\"product-features__cell\">Mitte<\/td>\n<\/tr>\n<tr class=\"product-features__row\">\n<th class=\"product-features__cell product-features__cell--h\" style=\"text-align: left;\">Kaamera t\u00fc\u00fcp<\/th>\n<td class=\"product-features__cell\">1\/3&#8243; CMOS<\/td>\n<\/tr>\n<tr class=\"product-features__row\">\n<th class=\"product-features__cell product-features__cell--h\" style=\"text-align: left;\">Signaali standard<\/th>\n<td class=\"product-features__cell\">NTSC, PAL<\/td>\n<\/tr>\n<tr class=\"product-features__row\">\n<th class=\"product-features__cell product-features__cell--h\" style=\"text-align: left;\">Horisontaalne vaatenurk<\/th>\n<td class=\"product-features__cell\">68\u00b0<\/td>\n<\/tr>\n<tr class=\"product-features__row\">\n<th class=\"product-features__cell product-features__cell--h\" style=\"text-align: left;\">Vaatenurgad<\/th>\n<td class=\"product-features__cell\">68\u00b0 horisontaalne ja 55\u00b0 vertikaalne<\/td>\n<\/tr>\n<tr class=\"product-features__row\">\n<th class=\"product-features__cell product-features__cell--h\" style=\"text-align: left;\">Taustvalgus<\/th>\n<td class=\"product-features__cell\">LED<\/td>\n<\/tr>\n<tr class=\"product-features__row\">\n<th class=\"product-features__cell product-features__cell--h\" style=\"text-align: left;\">Taustvalgustuse ulatus<\/th>\n<td class=\"product-features__cell\">1 m<\/td>\n<\/tr>\n<tr class=\"product-features__row\">\n<th class=\"product-features__cell product-features__cell--h\" style=\"text-align: left;\">Intercom-paneeli \u00fchendus<\/th>\n<td class=\"product-features__cell\">4-juhtmeline<\/td>\n<\/tr>\n<tr class=\"product-features__row\">\n<th class=\"product-features__cell product-features__cell--h\" style=\"text-align: left;\">Lossi avamine<\/th>\n<td class=\"product-features__cell\">monitorilt<\/td>\n<\/tr>\n<tr class=\"product-features__row\">\n<th class=\"product-features__cell product-features__cell--h\" style=\"text-align: left;\">Kohandused<\/th>\n<td class=\"product-features__cell\">maht<\/td>\n<\/tr>\n<tr class=\"product-features__row\">\n<th class=\"product-features__cell product-features__cell--h\" style=\"text-align: left;\">Toit<\/th>\n<td class=\"product-features__cell\">DC 12 V<\/td>\n<\/tr>\n<tr class=\"product-features__row\">\n<th class=\"product-features__cell product-features__cell--h\" style=\"text-align: left;\">Varustus<\/th>\n<td class=\"product-features__cell\">kaitsevarikatus, kinnitusplaat, kronstein paneeli p\u00f6\u00f6ramiseks 30\u00b0 nurga all<\/td>\n<\/tr>\n<tr class=\"product-features__row\">\n<th class=\"product-features__cell product-features__cell--h\" style=\"text-align: left;\">T\u00f6\u00f6temperatuuri vahemik<\/th>\n<td class=\"product-features__cell\">-40 kuni +50 \u00b0C<\/td>\n<\/tr>\n<tr class=\"product-features__row\">\n<th class=\"product-features__cell product-features__cell--h\" style=\"text-align: left;\">Kokkupanek<\/th>\n<td class=\"product-features__cell\">\u00dcldkulud<\/td>\n<\/tr>\n<tr class=\"product-features__row\">\n<th class=\"product-features__cell product-features__cell--h\" style=\"text-align: left;\">Korpuse materjal<\/th>\n<td class=\"product-features__cell\">Metallist<\/td>\n<\/tr>\n<tr class=\"product-features__row\">\n<th class=\"product-features__cell product-features__cell--h\" style=\"text-align: left;\">Korpuse v\u00e4rv<\/th>\n<td class=\"product-features__cell\">must<\/td>\n<\/tr>\n<tr class=\"product-features__row\">\n<th class=\"product-features__cell product-features__cell--h\" style=\"text-align: left;\">Kaal<\/th>\n<td class=\"product-features__cell\">445<\/td>\n<\/tr>\n<tr class=\"product-features__row\">\n<th class=\"product-features__cell product-features__cell--h\" style=\"text-align: left;\">m\u00f5\u00f5tmed<\/th>\n<td class=\"product-features__cell\">164 x 59 x 42 mm<\/td>\n<\/tr>\n<tr class=\"product-features__row\">\n<th class=\"product-features__cell product-features__cell--h\" style=\"text-align: left;\">Tootja garantii<\/th>\n<td class=\"product-features__cell\">12 kuud<\/td>\n<\/tr>\n<\/tbody>\n<\/table>\n<div id=\"myTabContent\" class=\"tab-content m-3\">\n<div id=\"tth\" class=\"tab-pane fade active show\" role=\"tabpanel\" aria-labelledby=\"tth-tab\">\n<div id=\"myTabContent\" class=\"tab-content m-3\"><\/div>\n<\/div>\n<\/div>\n<div id=\"myTabContent\" class=\"tab-content m-3\">\n<div id=\"tth\" class=\"tab-pane fade active show\" role=\"tabpanel\" aria-labelledby=\"tth-tab\">\n<div id=\"myTabContent\" class=\"tab-content m-3\"><\/div>\n<\/div>\n<\/div>\n","protected":false},"excerpt":{"rendered":"<p>Vandaalivastases tootmises olev Commax DRC-4CPNK k\u00f5nepaneel t\u00e4idab k\u00f5iki vajalikke funktsioone: k\u00f5ne sisetelefoni, dupleksk\u00f5ne ja pildi edastamine videokaamerast sisetelefoni ekraanile.\u00a0Kaasasoleva toote<\/p>\n","protected":false},"featured_media":13770,"template":"","meta":[],"product_brand":[],"product_cat":[606,891,1184],"product_tag":[],"class_list":{"0":"post-13761","1":"product","2":"type-product","3":"status-publish","4":"has-post-thumbnail","6":"product_cat-fonolukud","7":"product_cat-fonoluku-komplekt","8":"product_cat-commax-et-2","9":"pa_brand-commax-et","11":"first","12":"instock","13":"taxable","14":"shipping-taxable","15":"product-type-simple"},"yoast_head":"<!-- This site is optimized with the Yoast SEO Premium plugin v27.3 (Yoast SEO v27.3) - https:\/\/yoast.com\/product\/yoast-seo-premium-wordpress\/ -->\n<title>Commax DR-4CPNK - Fonolukk<\/title>\n<meta name=\"description\" content=\"Kuni 100 tellijat.\u00a0\u00dche sissep\u00e4\u00e4suga trepikodade s\u00fcsteemide ehitus.\u00a0Concierge konsooli \u00fchendus.\" \/>\n<meta name=\"robots\" content=\"index, follow, max-snippet:-1, max-image-preview:large, max-video-preview:-1\" \/>\n<link rel=\"canonical\" href=\"https:\/\/fonolukk.eu\/et\/tooted\/commax-dr-4cpnk\/\" \/>\n<meta property=\"og:locale\" content=\"et_EE\" \/>\n<meta property=\"og:type\" content=\"article\" \/>\n<meta property=\"og:title\" content=\"Commax DR-4CPNK\" \/>\n<meta property=\"og:description\" content=\"Vandaalivastases tootmises olev Commax DRC-4CPNK k\u00f5nepaneel t\u00e4idab k\u00f5iki vajalikke funktsioone: k\u00f5ne sisetelefoni, dupleksk\u00f5ne ja pildi edastamine\" \/>\n<meta property=\"og:url\" content=\"https:\/\/fonolukk.eu\/et\/tooted\/commax-dr-4cpnk\/\" \/>\n<meta property=\"og:site_name\" content=\"Fonolukk\" \/>\n<meta property=\"article:publisher\" content=\"https:\/\/www.facebook.com\/fonolukk\" \/>\n<meta property=\"article:modified_time\" content=\"2022-07-22T08:29:53+00:00\" \/>\n<meta property=\"og:image\" content=\"https:\/\/fonolukk.eu\/wp-content\/uploads\/2022\/07\/image-2.jpg\" \/>\n\t<meta property=\"og:image:width\" content=\"1600\" \/>\n\t<meta property=\"og:image:height\" content=\"1548\" \/>\n\t<meta property=\"og:image:type\" content=\"image\/jpeg\" \/>\n<meta name=\"twitter:card\" content=\"summary_large_image\" \/>\n<meta name=\"twitter:label1\" content=\"Hind\" \/>\n\t<meta name=\"twitter:data1\" content=\"\" \/>\n\t<meta name=\"twitter:label2\" content=\"Availability\" \/>\n\t<meta name=\"twitter:data2\" content=\"Laos\" \/>\n<script type=\"application\/ld+json\" class=\"yoast-schema-graph\">{\"@context\":\"https:\\\/\\\/schema.org\",\"@graph\":[{\"@type\":\"WebPage\",\"@id\":\"https:\\\/\\\/fonolukk.eu\\\/et\\\/tooted\\\/commax-dr-4cpnk\\\/\",\"url\":\"https:\\\/\\\/fonolukk.eu\\\/et\\\/tooted\\\/commax-dr-4cpnk\\\/\",\"name\":\"Commax DR-4CPNK - Fonolukk\",\"isPartOf\":{\"@id\":\"https:\\\/\\\/fonolukk.eu\\\/et\\\/#website\"},\"primaryImageOfPage\":{\"@id\":\"https:\\\/\\\/fonolukk.eu\\\/et\\\/tooted\\\/commax-dr-4cpnk\\\/#primaryimage\"},\"image\":{\"@id\":\"https:\\\/\\\/fonolukk.eu\\\/et\\\/tooted\\\/commax-dr-4cpnk\\\/#primaryimage\"},\"thumbnailUrl\":\"https:\\\/\\\/fonolukk.eu\\\/wp-content\\\/uploads\\\/2022\\\/07\\\/image-2.jpg\",\"datePublished\":\"2022-07-22T08:18:49+00:00\",\"dateModified\":\"2022-07-22T08:29:53+00:00\",\"description\":\"Kuni 100 tellijat.\u00a0\u00dche sissep\u00e4\u00e4suga trepikodade s\u00fcsteemide ehitus.\u00a0Concierge konsooli \u00fchendus.\",\"breadcrumb\":{\"@id\":\"https:\\\/\\\/fonolukk.eu\\\/et\\\/tooted\\\/commax-dr-4cpnk\\\/#breadcrumb\"},\"inLanguage\":\"et\",\"potentialAction\":[{\"@type\":\"ReadAction\",\"target\":[\"https:\\\/\\\/fonolukk.eu\\\/et\\\/tooted\\\/commax-dr-4cpnk\\\/\"]}]},{\"@type\":\"ImageObject\",\"inLanguage\":\"et\",\"@id\":\"https:\\\/\\\/fonolukk.eu\\\/et\\\/tooted\\\/commax-dr-4cpnk\\\/#primaryimage\",\"url\":\"https:\\\/\\\/fonolukk.eu\\\/wp-content\\\/uploads\\\/2022\\\/07\\\/image-2.jpg\",\"contentUrl\":\"https:\\\/\\\/fonolukk.eu\\\/wp-content\\\/uploads\\\/2022\\\/07\\\/image-2.jpg\",\"width\":1600,\"height\":1548,\"caption\":\"DR-4CPNK\"},{\"@type\":\"BreadcrumbList\",\"@id\":\"https:\\\/\\\/fonolukk.eu\\\/et\\\/tooted\\\/commax-dr-4cpnk\\\/#breadcrumb\",\"itemListElement\":[{\"@type\":\"ListItem\",\"position\":1,\"name\":\"Esileht\",\"item\":\"https:\\\/\\\/fonolukk.eu\\\/et\\\/koduleht\\\/\"},{\"@type\":\"ListItem\",\"position\":2,\"name\":\"Tooted\",\"item\":\"https:\\\/\\\/fonolukk.eu\\\/et\\\/shop-2\\\/\"},{\"@type\":\"ListItem\",\"position\":3,\"name\":\"Fonoluku komplektid\",\"item\":\"https:\\\/\\\/fonolukk.eu\\\/et\\\/product-category\\\/fonoluku-komplekt\\\/\"},{\"@type\":\"ListItem\",\"position\":4,\"name\":\"Commax\",\"item\":\"https:\\\/\\\/fonolukk.eu\\\/et\\\/product-category\\\/fonoluku-komplekt\\\/commax-et-2\\\/\"},{\"@type\":\"ListItem\",\"position\":5,\"name\":\"Commax DR-4CPNK\"}]},{\"@type\":\"WebSite\",\"@id\":\"https:\\\/\\\/fonolukk.eu\\\/et\\\/#website\",\"url\":\"https:\\\/\\\/fonolukk.eu\\\/et\\\/\",\"name\":\"Fonolukk eu\",\"description\":\"Smart Security Systems\",\"publisher\":{\"@id\":\"https:\\\/\\\/fonolukk.eu\\\/et\\\/#organization\"},\"potentialAction\":[{\"@type\":\"SearchAction\",\"target\":{\"@type\":\"EntryPoint\",\"urlTemplate\":\"https:\\\/\\\/fonolukk.eu\\\/et\\\/?s={search_term_string}\"},\"query-input\":{\"@type\":\"PropertyValueSpecification\",\"valueRequired\":true,\"valueName\":\"search_term_string\"}}],\"inLanguage\":\"et\"},{\"@type\":\"Organization\",\"@id\":\"https:\\\/\\\/fonolukk.eu\\\/et\\\/#organization\",\"name\":\"Smart Security OU\",\"url\":\"https:\\\/\\\/fonolukk.eu\\\/et\\\/\",\"logo\":{\"@type\":\"ImageObject\",\"inLanguage\":\"et\",\"@id\":\"https:\\\/\\\/fonolukk.eu\\\/et\\\/#\\\/schema\\\/logo\\\/image\\\/\",\"url\":\"https:\\\/\\\/fonolukk.eu\\\/wp-content\\\/uploads\\\/2023\\\/09\\\/fonolukk.png\",\"contentUrl\":\"https:\\\/\\\/fonolukk.eu\\\/wp-content\\\/uploads\\\/2023\\\/09\\\/fonolukk.png\",\"width\":277,\"height\":274,\"caption\":\"Smart Security OU\"},\"image\":{\"@id\":\"https:\\\/\\\/fonolukk.eu\\\/et\\\/#\\\/schema\\\/logo\\\/image\\\/\"},\"sameAs\":[\"https:\\\/\\\/www.facebook.com\\\/fonolukk\",\"https:\\\/\\\/www.instagram.com\\\/fonolukk\\\/?hl=ru\"],\"publishingPrinciples\":\"https:\\\/\\\/fonolukk.eu\\\/terms-and-conditions\\\/\",\"ownershipFundingInfo\":\"https:\\\/\\\/fonolukk.eu\\\/about-us\\\/\"}]}<\/script>\n<meta property=\"product:brand\" content=\"COMMAX\" \/>\n<meta property=\"product:price:amount\" content=\"0.00\" \/>\n<meta property=\"product:price:currency\" content=\"EUR\" \/>\n<meta property=\"og:availability\" content=\"instock\" \/>\n<meta property=\"product:availability\" content=\"instock\" \/>\n<meta property=\"product:retailer_item_id\" content=\"DRC-4CPNK\" \/>\n<meta property=\"product:condition\" content=\"new\" \/>\n<!-- \/ Yoast SEO Premium plugin. -->","yoast_head_json":{"title":"Commax DR-4CPNK - Fonolukk","description":"Kuni 100 tellijat.\u00a0\u00dche sissep\u00e4\u00e4suga trepikodade s\u00fcsteemide ehitus.\u00a0Concierge konsooli \u00fchendus.","robots":{"index":"index","follow":"follow","max-snippet":"max-snippet:-1","max-image-preview":"max-image-preview:large","max-video-preview":"max-video-preview:-1"},"canonical":"https:\/\/fonolukk.eu\/et\/tooted\/commax-dr-4cpnk\/","og_locale":"et_EE","og_type":"article","og_title":"Commax DR-4CPNK","og_description":"Vandaalivastases tootmises olev Commax DRC-4CPNK k\u00f5nepaneel t\u00e4idab k\u00f5iki vajalikke funktsioone: k\u00f5ne sisetelefoni, dupleksk\u00f5ne ja pildi edastamine","og_url":"https:\/\/fonolukk.eu\/et\/tooted\/commax-dr-4cpnk\/","og_site_name":"Fonolukk","article_publisher":"https:\/\/www.facebook.com\/fonolukk","article_modified_time":"2022-07-22T08:29:53+00:00","og_image":[{"width":1600,"height":1548,"url":"https:\/\/fonolukk.eu\/wp-content\/uploads\/2022\/07\/image-2.jpg","type":"image\/jpeg"}],"twitter_card":"summary_large_image","twitter_misc":{"Hind":"","Availability":"Laos"},"schema":{"@context":"https:\/\/schema.org","@graph":[{"@type":"WebPage","@id":"https:\/\/fonolukk.eu\/et\/tooted\/commax-dr-4cpnk\/","url":"https:\/\/fonolukk.eu\/et\/tooted\/commax-dr-4cpnk\/","name":"Commax DR-4CPNK - Fonolukk","isPartOf":{"@id":"https:\/\/fonolukk.eu\/et\/#website"},"primaryImageOfPage":{"@id":"https:\/\/fonolukk.eu\/et\/tooted\/commax-dr-4cpnk\/#primaryimage"},"image":{"@id":"https:\/\/fonolukk.eu\/et\/tooted\/commax-dr-4cpnk\/#primaryimage"},"thumbnailUrl":"https:\/\/fonolukk.eu\/wp-content\/uploads\/2022\/07\/image-2.jpg","datePublished":"2022-07-22T08:18:49+00:00","dateModified":"2022-07-22T08:29:53+00:00","description":"Kuni 100 tellijat.\u00a0\u00dche sissep\u00e4\u00e4suga trepikodade s\u00fcsteemide ehitus.\u00a0Concierge konsooli \u00fchendus.","breadcrumb":{"@id":"https:\/\/fonolukk.eu\/et\/tooted\/commax-dr-4cpnk\/#breadcrumb"},"inLanguage":"et","potentialAction":[{"@type":"ReadAction","target":["https:\/\/fonolukk.eu\/et\/tooted\/commax-dr-4cpnk\/"]}]},{"@type":"ImageObject","inLanguage":"et","@id":"https:\/\/fonolukk.eu\/et\/tooted\/commax-dr-4cpnk\/#primaryimage","url":"https:\/\/fonolukk.eu\/wp-content\/uploads\/2022\/07\/image-2.jpg","contentUrl":"https:\/\/fonolukk.eu\/wp-content\/uploads\/2022\/07\/image-2.jpg","width":1600,"height":1548,"caption":"DR-4CPNK"},{"@type":"BreadcrumbList","@id":"https:\/\/fonolukk.eu\/et\/tooted\/commax-dr-4cpnk\/#breadcrumb","itemListElement":[{"@type":"ListItem","position":1,"name":"Esileht","item":"https:\/\/fonolukk.eu\/et\/koduleht\/"},{"@type":"ListItem","position":2,"name":"Tooted","item":"https:\/\/fonolukk.eu\/et\/shop-2\/"},{"@type":"ListItem","position":3,"name":"Fonoluku komplektid","item":"https:\/\/fonolukk.eu\/et\/product-category\/fonoluku-komplekt\/"},{"@type":"ListItem","position":4,"name":"Commax","item":"https:\/\/fonolukk.eu\/et\/product-category\/fonoluku-komplekt\/commax-et-2\/"},{"@type":"ListItem","position":5,"name":"Commax DR-4CPNK"}]},{"@type":"WebSite","@id":"https:\/\/fonolukk.eu\/et\/#website","url":"https:\/\/fonolukk.eu\/et\/","name":"Fonolukk eu","description":"Smart Security Systems","publisher":{"@id":"https:\/\/fonolukk.eu\/et\/#organization"},"potentialAction":[{"@type":"SearchAction","target":{"@type":"EntryPoint","urlTemplate":"https:\/\/fonolukk.eu\/et\/?s={search_term_string}"},"query-input":{"@type":"PropertyValueSpecification","valueRequired":true,"valueName":"search_term_string"}}],"inLanguage":"et"},{"@type":"Organization","@id":"https:\/\/fonolukk.eu\/et\/#organization","name":"Smart Security OU","url":"https:\/\/fonolukk.eu\/et\/","logo":{"@type":"ImageObject","inLanguage":"et","@id":"https:\/\/fonolukk.eu\/et\/#\/schema\/logo\/image\/","url":"https:\/\/fonolukk.eu\/wp-content\/uploads\/2023\/09\/fonolukk.png","contentUrl":"https:\/\/fonolukk.eu\/wp-content\/uploads\/2023\/09\/fonolukk.png","width":277,"height":274,"caption":"Smart Security OU"},"image":{"@id":"https:\/\/fonolukk.eu\/et\/#\/schema\/logo\/image\/"},"sameAs":["https:\/\/www.facebook.com\/fonolukk","https:\/\/www.instagram.com\/fonolukk\/?hl=ru"],"publishingPrinciples":"https:\/\/fonolukk.eu\/terms-and-conditions\/","ownershipFundingInfo":"https:\/\/fonolukk.eu\/about-us\/"}]},"product_brand":"COMMAX","product_price_amount":"0.00","product_price_currency":"EUR","og_availability":"instock","product_availability":"instock","product_retailer_item_id":"DRC-4CPNK","product_condition":"new"},"_links":{"self":[{"href":"https:\/\/fonolukk.eu\/et\/wp-json\/wp\/v2\/product\/13761","targetHints":{"allow":["GET"]}}],"collection":[{"href":"https:\/\/fonolukk.eu\/et\/wp-json\/wp\/v2\/product"}],"about":[{"href":"https:\/\/fonolukk.eu\/et\/wp-json\/wp\/v2\/types\/product"}],"version-history":[{"count":0,"href":"https:\/\/fonolukk.eu\/et\/wp-json\/wp\/v2\/product\/13761\/revisions"}],"wp:featuredmedia":[{"embeddable":true,"href":"https:\/\/fonolukk.eu\/et\/wp-json\/wp\/v2\/media\/13770"}],"wp:attachment":[{"href":"https:\/\/fonolukk.eu\/et\/wp-json\/wp\/v2\/media?parent=13761"}],"wp:term":[{"taxonomy":"product_brand","embeddable":true,"href":"https:\/\/fonolukk.eu\/et\/wp-json\/wp\/v2\/product_brand?post=13761"},{"taxonomy":"product_cat","embeddable":true,"href":"https:\/\/fonolukk.eu\/et\/wp-json\/wp\/v2\/product_cat?post=13761"},{"taxonomy":"product_tag","embeddable":true,"href":"https:\/\/fonolukk.eu\/et\/wp-json\/wp\/v2\/product_tag?post=13761"}],"curies":[{"name":"wp","href":"https:\/\/api.w.org\/{rel}","templated":true}]}}