{"id":13777,"date":"2022-07-22T17:47:09","date_gmt":"2022-07-22T14:47:10","guid":{"rendered":"https:\/\/fonolukk.eu\/?post_type=product&#038;p=13777"},"modified":"2023-05-08T23:20:26","modified_gmt":"2023-05-08T20:20:26","slug":"commax-dr-2pn","status":"publish","type":"product","link":"https:\/\/fonolukk.eu\/et\/tooted\/commax-dr-2pn\/","title":{"rendered":"Commax DR-2PN"},"content":{"rendered":"<p><strong><span>Commax DR-2PN<\/span><\/strong><span>\u00a0\u00a0&#8211; vandaalivastane sisetelefon.\u00a0See seade on ette n\u00e4htud paigaldamiseks eramajapidamistesse ja kontoritesse.\u00a0<span class=\"\">Intercom on m\u00f5eldud kahesuunaliseks suhtluseks ja liidesteks enamiku Commaxi toodetud k\u00f5netorudega.<\/span><\/span><\/p>\n<ul class=\"unitplacegood\">\n<li><span>\u00dchik: 1 tk<\/span><\/li>\n<li><span>M\u00f5\u00f5dud (mm): 120x40x20<\/span><\/li>\n<li><span>Kaal (kg): 0,30<\/span><\/li>\n<\/ul>\n<h4><span>Tehnilised andmed<\/span><\/h4>\n<ul>\n<li><span>Korpuse t\u00fc\u00fcp Metallist<\/span><\/li>\n<li><span>Side sisesidepaneel 2-juhtmeline<\/span><\/li>\n<li><span>K\u00f5lari helitugevus 1W<\/span><\/li>\n<li><span>Heli reguleerimine on<\/span><\/li>\n<li><span>Luku avamise funktsioon on<\/span><\/li>\n<li><span>Paigaldust\u00fc\u00fcp<\/span><\/li>\n<li><span>Toitepinge, V 12<\/span><\/li>\n<li><span>T\u00f6\u00f6temperatuuri vahemik -20&#8230;+50 \u00b0C<\/span><\/li>\n<li><span>\u00dcldm\u00f5\u00f5tmed, mm (PxLxK) 120x40x20mm<\/span><\/li>\n<\/ul>\n","protected":false},"excerpt":{"rendered":"<p><span><span class=\"goog-text-highlight\">Kasutajate arv:\u00a0<\/span><\/span><strong><span><span class=\"goog-text-highlight\">1<\/span><\/span><\/strong><br \/>\n<span><span class=\"goog-text-highlight\">Paigaldusviis:\u00a0<\/span><\/span><strong><span><span class=\"goog-text-highlight\">avatud paigaldus<\/span><\/span><\/strong><br \/>\n<span><span class=\"goog-text-highlight\">Kaitse vandalismi eest (vandaalivastane):\u00a0<\/span><\/span><strong><span><span class=\"goog-text-highlight\">Ei<\/span><\/span><\/strong><br \/>\n<span><span class=\"goog-text-highlight\">T\u00f6\u00f6temperatuur:\u00a0<\/span><\/span><strong><span><span class=\"goog-text-highlight\">-20 kuni +50<\/span><\/span><\/strong><br \/>\n<span><span class=\"goog-text-highlight\">Tootja :\u00a0<\/span><\/span><strong><span><span class=\"goog-text-highlight\">Commax<\/span><\/span><\/strong><\/p>\n","protected":false},"featured_media":13780,"template":"","meta":[],"product_brand":[],"product_cat":[606,891,1184],"product_tag":[1289,1290],"class_list":{"0":"post-13777","1":"product","2":"type-product","3":"status-publish","4":"has-post-thumbnail","6":"product_cat-fonolukud","7":"product_cat-fonoluku-komplekt","8":"product_cat-commax-et-2","9":"product_tag-dr-2pn-et","10":"product_tag-commax-et","11":"pa_brand-commax-et","13":"first","14":"instock","15":"taxable","16":"shipping-taxable","17":"purchasable","18":"product-type-simple"},"yoast_head":"<!-- This site is optimized with the Yoast SEO Premium plugin v27.3 (Yoast SEO v27.3) - https:\/\/yoast.com\/product\/yoast-seo-premium-wordpress\/ -->\n<title>Commax DR-2PN - Fonolukk<\/title>\n<meta name=\"description\" content=\"Kuni 100 tellijat.\u00a0\u00dche sissep\u00e4\u00e4suga trepikodade s\u00fcsteemide ehitus.\u00a0Concierge konsooli \u00fchendus.\" \/>\n<meta name=\"robots\" content=\"index, follow, max-snippet:-1, max-image-preview:large, max-video-preview:-1\" \/>\n<link rel=\"canonical\" href=\"https:\/\/fonolukk.eu\/et\/tooted\/commax-dr-2pn\/\" \/>\n<meta property=\"og:locale\" content=\"et_EE\" \/>\n<meta property=\"og:type\" content=\"article\" \/>\n<meta property=\"og:title\" content=\"Commax DR-2PN\" \/>\n<meta property=\"og:description\" content=\"Kasutajate arv:\u00a01 Paigaldusviis:\u00a0avatud paigaldus Kaitse vandalismi eest (vandaalivastane):\u00a0Ei T\u00f6\u00f6temperatuur:\u00a0-20 kuni +50 Tootja :\u00a0Commax\" \/>\n<meta property=\"og:url\" content=\"https:\/\/fonolukk.eu\/et\/tooted\/commax-dr-2pn\/\" \/>\n<meta property=\"og:site_name\" content=\"Fonolukk\" \/>\n<meta property=\"article:publisher\" content=\"https:\/\/www.facebook.com\/fonolukk\" \/>\n<meta property=\"article:modified_time\" content=\"2023-05-08T20:20:26+00:00\" \/>\n<meta property=\"og:image\" content=\"https:\/\/fonolukk.eu\/wp-content\/uploads\/2022\/07\/image-3.png\" \/>\n\t<meta property=\"og:image:width\" content=\"646\" \/>\n\t<meta property=\"og:image:height\" content=\"428\" \/>\n\t<meta property=\"og:image:type\" content=\"image\/png\" \/>\n<meta name=\"twitter:card\" content=\"summary_large_image\" \/>\n<meta name=\"twitter:label1\" content=\"Hind\" \/>\n\t<meta name=\"twitter:data1\" content=\"&euro;37.50 koos KM\" \/>\n\t<meta name=\"twitter:label2\" content=\"Availability\" \/>\n\t<meta name=\"twitter:data2\" content=\"Laos\" \/>\n<script type=\"application\/ld+json\" class=\"yoast-schema-graph\">{\"@context\":\"https:\\\/\\\/schema.org\",\"@graph\":[{\"@type\":\"WebPage\",\"@id\":\"https:\\\/\\\/fonolukk.eu\\\/et\\\/tooted\\\/commax-dr-2pn\\\/\",\"url\":\"https:\\\/\\\/fonolukk.eu\\\/et\\\/tooted\\\/commax-dr-2pn\\\/\",\"name\":\"Commax DR-2PN - Fonolukk\",\"isPartOf\":{\"@id\":\"https:\\\/\\\/fonolukk.eu\\\/et\\\/#website\"},\"primaryImageOfPage\":{\"@id\":\"https:\\\/\\\/fonolukk.eu\\\/et\\\/tooted\\\/commax-dr-2pn\\\/#primaryimage\"},\"image\":{\"@id\":\"https:\\\/\\\/fonolukk.eu\\\/et\\\/tooted\\\/commax-dr-2pn\\\/#primaryimage\"},\"thumbnailUrl\":\"https:\\\/\\\/fonolukk.eu\\\/wp-content\\\/uploads\\\/2022\\\/07\\\/image-3.png\",\"datePublished\":\"2022-07-22T14:47:10+00:00\",\"dateModified\":\"2023-05-08T20:20:26+00:00\",\"description\":\"Kuni 100 tellijat.\u00a0\u00dche sissep\u00e4\u00e4suga trepikodade s\u00fcsteemide ehitus.\u00a0Concierge konsooli \u00fchendus.\",\"breadcrumb\":{\"@id\":\"https:\\\/\\\/fonolukk.eu\\\/et\\\/tooted\\\/commax-dr-2pn\\\/#breadcrumb\"},\"inLanguage\":\"et\",\"potentialAction\":[{\"@type\":\"ReadAction\",\"target\":[\"https:\\\/\\\/fonolukk.eu\\\/et\\\/tooted\\\/commax-dr-2pn\\\/\"]}]},{\"@type\":\"ImageObject\",\"inLanguage\":\"et\",\"@id\":\"https:\\\/\\\/fonolukk.eu\\\/et\\\/tooted\\\/commax-dr-2pn\\\/#primaryimage\",\"url\":\"https:\\\/\\\/fonolukk.eu\\\/wp-content\\\/uploads\\\/2022\\\/07\\\/image-3.png\",\"contentUrl\":\"https:\\\/\\\/fonolukk.eu\\\/wp-content\\\/uploads\\\/2022\\\/07\\\/image-3.png\",\"width\":646,\"height\":428,\"caption\":\"DR-2PN\"},{\"@type\":\"BreadcrumbList\",\"@id\":\"https:\\\/\\\/fonolukk.eu\\\/et\\\/tooted\\\/commax-dr-2pn\\\/#breadcrumb\",\"itemListElement\":[{\"@type\":\"ListItem\",\"position\":1,\"name\":\"Esileht\",\"item\":\"https:\\\/\\\/fonolukk.eu\\\/et\\\/koduleht\\\/\"},{\"@type\":\"ListItem\",\"position\":2,\"name\":\"Tooted\",\"item\":\"https:\\\/\\\/fonolukk.eu\\\/et\\\/shop-2\\\/\"},{\"@type\":\"ListItem\",\"position\":3,\"name\":\"Fonoluku komplektid\",\"item\":\"https:\\\/\\\/fonolukk.eu\\\/et\\\/product-category\\\/fonoluku-komplekt\\\/\"},{\"@type\":\"ListItem\",\"position\":4,\"name\":\"Commax\",\"item\":\"https:\\\/\\\/fonolukk.eu\\\/et\\\/product-category\\\/fonoluku-komplekt\\\/commax-et-2\\\/\"},{\"@type\":\"ListItem\",\"position\":5,\"name\":\"Commax DR-2PN\"}]},{\"@type\":\"WebSite\",\"@id\":\"https:\\\/\\\/fonolukk.eu\\\/et\\\/#website\",\"url\":\"https:\\\/\\\/fonolukk.eu\\\/et\\\/\",\"name\":\"Fonolukk eu\",\"description\":\"Smart Security Systems\",\"publisher\":{\"@id\":\"https:\\\/\\\/fonolukk.eu\\\/et\\\/#organization\"},\"potentialAction\":[{\"@type\":\"SearchAction\",\"target\":{\"@type\":\"EntryPoint\",\"urlTemplate\":\"https:\\\/\\\/fonolukk.eu\\\/et\\\/?s={search_term_string}\"},\"query-input\":{\"@type\":\"PropertyValueSpecification\",\"valueRequired\":true,\"valueName\":\"search_term_string\"}}],\"inLanguage\":\"et\"},{\"@type\":\"Organization\",\"@id\":\"https:\\\/\\\/fonolukk.eu\\\/et\\\/#organization\",\"name\":\"Smart Security OU\",\"url\":\"https:\\\/\\\/fonolukk.eu\\\/et\\\/\",\"logo\":{\"@type\":\"ImageObject\",\"inLanguage\":\"et\",\"@id\":\"https:\\\/\\\/fonolukk.eu\\\/et\\\/#\\\/schema\\\/logo\\\/image\\\/\",\"url\":\"https:\\\/\\\/fonolukk.eu\\\/wp-content\\\/uploads\\\/2023\\\/09\\\/fonolukk.png\",\"contentUrl\":\"https:\\\/\\\/fonolukk.eu\\\/wp-content\\\/uploads\\\/2023\\\/09\\\/fonolukk.png\",\"width\":277,\"height\":274,\"caption\":\"Smart Security OU\"},\"image\":{\"@id\":\"https:\\\/\\\/fonolukk.eu\\\/et\\\/#\\\/schema\\\/logo\\\/image\\\/\"},\"sameAs\":[\"https:\\\/\\\/www.facebook.com\\\/fonolukk\",\"https:\\\/\\\/www.instagram.com\\\/fonolukk\\\/?hl=ru\"],\"publishingPrinciples\":\"https:\\\/\\\/fonolukk.eu\\\/terms-and-conditions\\\/\",\"ownershipFundingInfo\":\"https:\\\/\\\/fonolukk.eu\\\/about-us\\\/\"}]}<\/script>\n<meta property=\"product:brand\" content=\"COMMAX\" \/>\n<meta property=\"product:price:amount\" content=\"37.50\" \/>\n<meta property=\"product:price:currency\" content=\"EUR\" \/>\n<meta property=\"og:availability\" content=\"instock\" \/>\n<meta property=\"product:availability\" content=\"instock\" \/>\n<meta property=\"product:retailer_item_id\" content=\"DR-2PN\" \/>\n<meta property=\"product:condition\" content=\"new\" \/>\n<!-- \/ Yoast SEO Premium plugin. -->","yoast_head_json":{"title":"Commax DR-2PN - Fonolukk","description":"Kuni 100 tellijat.\u00a0\u00dche sissep\u00e4\u00e4suga trepikodade s\u00fcsteemide ehitus.\u00a0Concierge konsooli \u00fchendus.","robots":{"index":"index","follow":"follow","max-snippet":"max-snippet:-1","max-image-preview":"max-image-preview:large","max-video-preview":"max-video-preview:-1"},"canonical":"https:\/\/fonolukk.eu\/et\/tooted\/commax-dr-2pn\/","og_locale":"et_EE","og_type":"article","og_title":"Commax DR-2PN","og_description":"Kasutajate arv:\u00a01 Paigaldusviis:\u00a0avatud paigaldus Kaitse vandalismi eest (vandaalivastane):\u00a0Ei T\u00f6\u00f6temperatuur:\u00a0-20 kuni +50 Tootja :\u00a0Commax","og_url":"https:\/\/fonolukk.eu\/et\/tooted\/commax-dr-2pn\/","og_site_name":"Fonolukk","article_publisher":"https:\/\/www.facebook.com\/fonolukk","article_modified_time":"2023-05-08T20:20:26+00:00","og_image":[{"width":646,"height":428,"url":"https:\/\/fonolukk.eu\/wp-content\/uploads\/2022\/07\/image-3.png","type":"image\/png"}],"twitter_card":"summary_large_image","twitter_misc":{"Hind":"&euro;37.50 koos KM","Availability":"Laos"},"schema":{"@context":"https:\/\/schema.org","@graph":[{"@type":"WebPage","@id":"https:\/\/fonolukk.eu\/et\/tooted\/commax-dr-2pn\/","url":"https:\/\/fonolukk.eu\/et\/tooted\/commax-dr-2pn\/","name":"Commax DR-2PN - Fonolukk","isPartOf":{"@id":"https:\/\/fonolukk.eu\/et\/#website"},"primaryImageOfPage":{"@id":"https:\/\/fonolukk.eu\/et\/tooted\/commax-dr-2pn\/#primaryimage"},"image":{"@id":"https:\/\/fonolukk.eu\/et\/tooted\/commax-dr-2pn\/#primaryimage"},"thumbnailUrl":"https:\/\/fonolukk.eu\/wp-content\/uploads\/2022\/07\/image-3.png","datePublished":"2022-07-22T14:47:10+00:00","dateModified":"2023-05-08T20:20:26+00:00","description":"Kuni 100 tellijat.\u00a0\u00dche sissep\u00e4\u00e4suga trepikodade s\u00fcsteemide ehitus.\u00a0Concierge konsooli \u00fchendus.","breadcrumb":{"@id":"https:\/\/fonolukk.eu\/et\/tooted\/commax-dr-2pn\/#breadcrumb"},"inLanguage":"et","potentialAction":[{"@type":"ReadAction","target":["https:\/\/fonolukk.eu\/et\/tooted\/commax-dr-2pn\/"]}]},{"@type":"ImageObject","inLanguage":"et","@id":"https:\/\/fonolukk.eu\/et\/tooted\/commax-dr-2pn\/#primaryimage","url":"https:\/\/fonolukk.eu\/wp-content\/uploads\/2022\/07\/image-3.png","contentUrl":"https:\/\/fonolukk.eu\/wp-content\/uploads\/2022\/07\/image-3.png","width":646,"height":428,"caption":"DR-2PN"},{"@type":"BreadcrumbList","@id":"https:\/\/fonolukk.eu\/et\/tooted\/commax-dr-2pn\/#breadcrumb","itemListElement":[{"@type":"ListItem","position":1,"name":"Esileht","item":"https:\/\/fonolukk.eu\/et\/koduleht\/"},{"@type":"ListItem","position":2,"name":"Tooted","item":"https:\/\/fonolukk.eu\/et\/shop-2\/"},{"@type":"ListItem","position":3,"name":"Fonoluku komplektid","item":"https:\/\/fonolukk.eu\/et\/product-category\/fonoluku-komplekt\/"},{"@type":"ListItem","position":4,"name":"Commax","item":"https:\/\/fonolukk.eu\/et\/product-category\/fonoluku-komplekt\/commax-et-2\/"},{"@type":"ListItem","position":5,"name":"Commax DR-2PN"}]},{"@type":"WebSite","@id":"https:\/\/fonolukk.eu\/et\/#website","url":"https:\/\/fonolukk.eu\/et\/","name":"Fonolukk eu","description":"Smart Security Systems","publisher":{"@id":"https:\/\/fonolukk.eu\/et\/#organization"},"potentialAction":[{"@type":"SearchAction","target":{"@type":"EntryPoint","urlTemplate":"https:\/\/fonolukk.eu\/et\/?s={search_term_string}"},"query-input":{"@type":"PropertyValueSpecification","valueRequired":true,"valueName":"search_term_string"}}],"inLanguage":"et"},{"@type":"Organization","@id":"https:\/\/fonolukk.eu\/et\/#organization","name":"Smart Security OU","url":"https:\/\/fonolukk.eu\/et\/","logo":{"@type":"ImageObject","inLanguage":"et","@id":"https:\/\/fonolukk.eu\/et\/#\/schema\/logo\/image\/","url":"https:\/\/fonolukk.eu\/wp-content\/uploads\/2023\/09\/fonolukk.png","contentUrl":"https:\/\/fonolukk.eu\/wp-content\/uploads\/2023\/09\/fonolukk.png","width":277,"height":274,"caption":"Smart Security OU"},"image":{"@id":"https:\/\/fonolukk.eu\/et\/#\/schema\/logo\/image\/"},"sameAs":["https:\/\/www.facebook.com\/fonolukk","https:\/\/www.instagram.com\/fonolukk\/?hl=ru"],"publishingPrinciples":"https:\/\/fonolukk.eu\/terms-and-conditions\/","ownershipFundingInfo":"https:\/\/fonolukk.eu\/about-us\/"}]},"product_brand":"COMMAX","product_price_amount":"37.50","product_price_currency":"EUR","og_availability":"instock","product_availability":"instock","product_retailer_item_id":"DR-2PN","product_condition":"new"},"_links":{"self":[{"href":"https:\/\/fonolukk.eu\/et\/wp-json\/wp\/v2\/product\/13777","targetHints":{"allow":["GET"]}}],"collection":[{"href":"https:\/\/fonolukk.eu\/et\/wp-json\/wp\/v2\/product"}],"about":[{"href":"https:\/\/fonolukk.eu\/et\/wp-json\/wp\/v2\/types\/product"}],"version-history":[{"count":0,"href":"https:\/\/fonolukk.eu\/et\/wp-json\/wp\/v2\/product\/13777\/revisions"}],"wp:featuredmedia":[{"embeddable":true,"href":"https:\/\/fonolukk.eu\/et\/wp-json\/wp\/v2\/media\/13780"}],"wp:attachment":[{"href":"https:\/\/fonolukk.eu\/et\/wp-json\/wp\/v2\/media?parent=13777"}],"wp:term":[{"taxonomy":"product_brand","embeddable":true,"href":"https:\/\/fonolukk.eu\/et\/wp-json\/wp\/v2\/product_brand?post=13777"},{"taxonomy":"product_cat","embeddable":true,"href":"https:\/\/fonolukk.eu\/et\/wp-json\/wp\/v2\/product_cat?post=13777"},{"taxonomy":"product_tag","embeddable":true,"href":"https:\/\/fonolukk.eu\/et\/wp-json\/wp\/v2\/product_tag?post=13777"}],"curies":[{"name":"wp","href":"https:\/\/api.w.org\/{rel}","templated":true}]}}