{"id":13791,"date":"2022-07-29T09:20:58","date_gmt":"2022-07-29T06:20:59","guid":{"rendered":"https:\/\/fonolukk.eu\/?post_type=product&#038;p=13791"},"modified":"2023-05-08T23:03:41","modified_gmt":"2023-05-08T20:03:41","slug":"koodlukk-bsk2-marine","status":"publish","type":"product","link":"https:\/\/fonolukk.eu\/et\/tooted\/koodlukk-bsk2-marine\/","title":{"rendered":"Koodlukk BSK2  Marine"},"content":{"rendered":"","protected":false},"excerpt":{"rendered":"<div id=\"content-wrap\">\n<div id=\"wrapper\" class=\"fs2\">\n<div id=\"content\" class=\"container_60\">\n<div id=\"middle_content\" class=\"grid_48\">\n<div class=\"description-outer mt10\">\n<div class=\"grid_48 mt30 alpha omega\">\n<div class=\"good_tab_container\">\n<div id=\"tab_description\" class=\"tabs-description dnn fck\">\n<p><span>T\u00f6\u00f6re\u017eiimid: Reader;\u00a0Kontroller \/ lugeja 1 v\u00f5i 2 uksele;\u00a0Anti-passback<\/span><br \/>\n<span>T\u00f6\u00f6pinge: AC \/ DC 12V \u00b1 10%<\/span><br \/>\n<span>Kasutajate arv: 2000<\/span><br \/>\n<span>Kaardi t\u00fc\u00fcp: EM 125khz<\/span><br \/>\n<span>Kaardi lugemise kaugus: 2-5 cm<\/span><br \/>\n<span>T\u00f6\u00f6temperatuur: -45 ~ 60 C<\/span><br \/>\n<span>Wiegandi liides: Wiegand 26-37 bitti<\/span><br \/>\n<span>Juhtmega \u00fchendus: Elektriline lukk, v\u00e4ljumisnupp, uksekontakt, v\u00e4line alarm ja lugeja, kellukell<\/span><br \/>\n<span>Elektrilise luku v\u00f5imsus: 1A<\/span><br \/>\n<span>H\u00e4ire v\u00f5imsus: 1A<\/span><br \/>\n<span>K\u00f5ne v\u00e4ljundv\u00f5imsus: 1A<\/span><br \/>\n<span>M\u00f5\u00f5tmed: L120 x L58x K20 mm<\/span><\/p>\n<\/div>\n<\/div>\n<\/div>\n<\/div>\n<\/div>\n<\/div>\n<\/div>\n<\/div>\n","protected":false},"featured_media":13793,"template":"","meta":[],"product_brand":[],"product_cat":[1146],"product_tag":[1280,1281],"class_list":{"0":"post-13791","1":"product","2":"type-product","3":"status-publish","4":"has-post-thumbnail","6":"product_cat-koodpaneel","7":"product_tag-koodipaneel","8":"product_tag-bsk2-et","10":"first","11":"outofstock","12":"taxable","13":"shipping-taxable","14":"product-type-simple"},"yoast_head":"<!-- This site is optimized with the Yoast SEO Premium plugin v27.3 (Yoast SEO v27.3) - https:\/\/yoast.com\/product\/yoast-seo-premium-wordpress\/ -->\n<title>Koodlukk BSK2 Marine - Fonolukk<\/title>\n<meta name=\"description\" content=\"Kuni 100 tellijat.\u00a0\u00dche sissep\u00e4\u00e4suga trepikodade s\u00fcsteemide ehitus.\u00a0Concierge konsooli \u00fchendus.\" \/>\n<meta name=\"robots\" content=\"index, follow, max-snippet:-1, max-image-preview:large, max-video-preview:-1\" \/>\n<link rel=\"canonical\" href=\"https:\/\/fonolukk.eu\/et\/tooted\/koodlukk-bsk2-marine\/\" \/>\n<meta property=\"og:locale\" content=\"et_EE\" \/>\n<meta property=\"og:type\" content=\"article\" \/>\n<meta property=\"og:title\" content=\"Koodlukk BSK2 Marine\" \/>\n<meta property=\"og:description\" content=\"T\u00f6\u00f6re\u017eiimid: Reader;\u00a0Kontroller \/ lugeja 1 v\u00f5i 2 uksele;\u00a0Anti-passback T\u00f6\u00f6pinge: AC \/ DC 12V \u00b1 10% Kasutajate arv: 2000 Kaardi t\u00fc\u00fcp: EM 125khz Kaardi lugemise kaugus: 2-5 cm T\u00f6\u00f6temperatuur: -45 ~ 60 C Wiegandi liides: Wiegand 26-37 bitti Juhtmega \u00fchendus: Elektriline lukk, v\u00e4ljumisnupp, uksekontakt, v\u00e4line alarm ja lugeja, kellukell Elektrilise luku v\u00f5imsus: 1A H\u00e4ire v\u00f5imsus: 1A K\u00f5ne v\u00e4ljundv\u00f5imsus: 1A M\u00f5\u00f5tmed: L120 x L58x K20 mm\" \/>\n<meta property=\"og:url\" content=\"https:\/\/fonolukk.eu\/et\/tooted\/koodlukk-bsk2-marine\/\" \/>\n<meta property=\"og:site_name\" content=\"Fonolukk\" \/>\n<meta property=\"article:publisher\" content=\"https:\/\/www.facebook.com\/fonolukk\" \/>\n<meta property=\"article:modified_time\" content=\"2023-05-08T20:03:41+00:00\" \/>\n<meta property=\"og:image\" content=\"https:\/\/fonolukk.eu\/wp-content\/uploads\/2022\/07\/ssc-s125k2-ip68.jpeg\" \/>\n\t<meta property=\"og:image:width\" content=\"500\" \/>\n\t<meta property=\"og:image:height\" content=\"500\" \/>\n\t<meta property=\"og:image:type\" content=\"image\/jpeg\" \/>\n<meta name=\"twitter:card\" content=\"summary_large_image\" \/>\n<meta name=\"twitter:label1\" content=\"Hind\" \/>\n\t<meta name=\"twitter:data1\" content=\"\" \/>\n\t<meta name=\"twitter:label2\" content=\"Availability\" \/>\n\t<meta name=\"twitter:data2\" content=\"Laost otsas\" \/>\n<script type=\"application\/ld+json\" class=\"yoast-schema-graph\">{\"@context\":\"https:\\\/\\\/schema.org\",\"@graph\":[{\"@type\":\"WebPage\",\"@id\":\"https:\\\/\\\/fonolukk.eu\\\/et\\\/tooted\\\/koodlukk-bsk2-marine\\\/\",\"url\":\"https:\\\/\\\/fonolukk.eu\\\/et\\\/tooted\\\/koodlukk-bsk2-marine\\\/\",\"name\":\"Koodlukk BSK2 Marine - Fonolukk\",\"isPartOf\":{\"@id\":\"https:\\\/\\\/fonolukk.eu\\\/et\\\/#website\"},\"primaryImageOfPage\":{\"@id\":\"https:\\\/\\\/fonolukk.eu\\\/et\\\/tooted\\\/koodlukk-bsk2-marine\\\/#primaryimage\"},\"image\":{\"@id\":\"https:\\\/\\\/fonolukk.eu\\\/et\\\/tooted\\\/koodlukk-bsk2-marine\\\/#primaryimage\"},\"thumbnailUrl\":\"https:\\\/\\\/fonolukk.eu\\\/wp-content\\\/uploads\\\/2022\\\/07\\\/ssc-s125k2-ip68.jpeg\",\"datePublished\":\"2022-07-29T06:20:59+00:00\",\"dateModified\":\"2023-05-08T20:03:41+00:00\",\"description\":\"Kuni 100 tellijat.\u00a0\u00dche sissep\u00e4\u00e4suga trepikodade s\u00fcsteemide ehitus.\u00a0Concierge konsooli \u00fchendus.\",\"breadcrumb\":{\"@id\":\"https:\\\/\\\/fonolukk.eu\\\/et\\\/tooted\\\/koodlukk-bsk2-marine\\\/#breadcrumb\"},\"inLanguage\":\"et\",\"potentialAction\":[{\"@type\":\"ReadAction\",\"target\":[\"https:\\\/\\\/fonolukk.eu\\\/et\\\/tooted\\\/koodlukk-bsk2-marine\\\/\"]}]},{\"@type\":\"ImageObject\",\"inLanguage\":\"et\",\"@id\":\"https:\\\/\\\/fonolukk.eu\\\/et\\\/tooted\\\/koodlukk-bsk2-marine\\\/#primaryimage\",\"url\":\"https:\\\/\\\/fonolukk.eu\\\/wp-content\\\/uploads\\\/2022\\\/07\\\/ssc-s125k2-ip68.jpeg\",\"contentUrl\":\"https:\\\/\\\/fonolukk.eu\\\/wp-content\\\/uploads\\\/2022\\\/07\\\/ssc-s125k2-ip68.jpeg\",\"width\":500,\"height\":500,\"caption\":\"S125K2\"},{\"@type\":\"BreadcrumbList\",\"@id\":\"https:\\\/\\\/fonolukk.eu\\\/et\\\/tooted\\\/koodlukk-bsk2-marine\\\/#breadcrumb\",\"itemListElement\":[{\"@type\":\"ListItem\",\"position\":1,\"name\":\"Esileht\",\"item\":\"https:\\\/\\\/fonolukk.eu\\\/et\\\/koduleht\\\/\"},{\"@type\":\"ListItem\",\"position\":2,\"name\":\"Tooted\",\"item\":\"https:\\\/\\\/fonolukk.eu\\\/et\\\/shop-2\\\/\"},{\"@type\":\"ListItem\",\"position\":3,\"name\":\"L\u00e4bip\u00e4\u00e4sus\u00fcsteem\",\"item\":\"https:\\\/\\\/fonolukk.eu\\\/et\\\/product-category\\\/labipaasususteem\\\/\"},{\"@type\":\"ListItem\",\"position\":4,\"name\":\"Koodlukk\",\"item\":\"https:\\\/\\\/fonolukk.eu\\\/et\\\/product-category\\\/labipaasususteem\\\/koodpaneel\\\/\"},{\"@type\":\"ListItem\",\"position\":5,\"name\":\"Koodlukk BSK2 Marine\"}]},{\"@type\":\"WebSite\",\"@id\":\"https:\\\/\\\/fonolukk.eu\\\/et\\\/#website\",\"url\":\"https:\\\/\\\/fonolukk.eu\\\/et\\\/\",\"name\":\"Fonolukk eu\",\"description\":\"Smart Security Systems\",\"publisher\":{\"@id\":\"https:\\\/\\\/fonolukk.eu\\\/et\\\/#organization\"},\"potentialAction\":[{\"@type\":\"SearchAction\",\"target\":{\"@type\":\"EntryPoint\",\"urlTemplate\":\"https:\\\/\\\/fonolukk.eu\\\/et\\\/?s={search_term_string}\"},\"query-input\":{\"@type\":\"PropertyValueSpecification\",\"valueRequired\":true,\"valueName\":\"search_term_string\"}}],\"inLanguage\":\"et\"},{\"@type\":\"Organization\",\"@id\":\"https:\\\/\\\/fonolukk.eu\\\/et\\\/#organization\",\"name\":\"Smart Security OU\",\"url\":\"https:\\\/\\\/fonolukk.eu\\\/et\\\/\",\"logo\":{\"@type\":\"ImageObject\",\"inLanguage\":\"et\",\"@id\":\"https:\\\/\\\/fonolukk.eu\\\/et\\\/#\\\/schema\\\/logo\\\/image\\\/\",\"url\":\"https:\\\/\\\/fonolukk.eu\\\/wp-content\\\/uploads\\\/2023\\\/09\\\/fonolukk.png\",\"contentUrl\":\"https:\\\/\\\/fonolukk.eu\\\/wp-content\\\/uploads\\\/2023\\\/09\\\/fonolukk.png\",\"width\":277,\"height\":274,\"caption\":\"Smart Security OU\"},\"image\":{\"@id\":\"https:\\\/\\\/fonolukk.eu\\\/et\\\/#\\\/schema\\\/logo\\\/image\\\/\"},\"sameAs\":[\"https:\\\/\\\/www.facebook.com\\\/fonolukk\",\"https:\\\/\\\/www.instagram.com\\\/fonolukk\\\/?hl=ru\"],\"publishingPrinciples\":\"https:\\\/\\\/fonolukk.eu\\\/terms-and-conditions\\\/\",\"ownershipFundingInfo\":\"https:\\\/\\\/fonolukk.eu\\\/about-us\\\/\"}]}<\/script>\n<meta property=\"product:price:amount\" content=\"0.00\" \/>\n<meta property=\"product:price:currency\" content=\"EUR\" \/>\n<meta property=\"og:availability\" content=\"out of stock\" \/>\n<meta property=\"product:availability\" content=\"out of stock\" \/>\n<meta property=\"product:retailer_item_id\" content=\"BSK2\" \/>\n<meta property=\"product:condition\" content=\"new\" \/>\n<!-- \/ Yoast SEO Premium plugin. -->","yoast_head_json":{"title":"Koodlukk BSK2 Marine - Fonolukk","description":"Kuni 100 tellijat.\u00a0\u00dche sissep\u00e4\u00e4suga trepikodade s\u00fcsteemide ehitus.\u00a0Concierge konsooli \u00fchendus.","robots":{"index":"index","follow":"follow","max-snippet":"max-snippet:-1","max-image-preview":"max-image-preview:large","max-video-preview":"max-video-preview:-1"},"canonical":"https:\/\/fonolukk.eu\/et\/tooted\/koodlukk-bsk2-marine\/","og_locale":"et_EE","og_type":"article","og_title":"Koodlukk BSK2 Marine","og_description":"T\u00f6\u00f6re\u017eiimid: Reader;\u00a0Kontroller \/ lugeja 1 v\u00f5i 2 uksele;\u00a0Anti-passback T\u00f6\u00f6pinge: AC \/ DC 12V \u00b1 10% Kasutajate arv: 2000 Kaardi t\u00fc\u00fcp: EM 125khz Kaardi lugemise kaugus: 2-5 cm T\u00f6\u00f6temperatuur: -45 ~ 60 C Wiegandi liides: Wiegand 26-37 bitti Juhtmega \u00fchendus: Elektriline lukk, v\u00e4ljumisnupp, uksekontakt, v\u00e4line alarm ja lugeja, kellukell Elektrilise luku v\u00f5imsus: 1A H\u00e4ire v\u00f5imsus: 1A K\u00f5ne v\u00e4ljundv\u00f5imsus: 1A M\u00f5\u00f5tmed: L120 x L58x K20 mm","og_url":"https:\/\/fonolukk.eu\/et\/tooted\/koodlukk-bsk2-marine\/","og_site_name":"Fonolukk","article_publisher":"https:\/\/www.facebook.com\/fonolukk","article_modified_time":"2023-05-08T20:03:41+00:00","og_image":[{"width":500,"height":500,"url":"https:\/\/fonolukk.eu\/wp-content\/uploads\/2022\/07\/ssc-s125k2-ip68.jpeg","type":"image\/jpeg"}],"twitter_card":"summary_large_image","twitter_misc":{"Hind":"","Availability":"Laost otsas"},"schema":{"@context":"https:\/\/schema.org","@graph":[{"@type":"WebPage","@id":"https:\/\/fonolukk.eu\/et\/tooted\/koodlukk-bsk2-marine\/","url":"https:\/\/fonolukk.eu\/et\/tooted\/koodlukk-bsk2-marine\/","name":"Koodlukk BSK2 Marine - Fonolukk","isPartOf":{"@id":"https:\/\/fonolukk.eu\/et\/#website"},"primaryImageOfPage":{"@id":"https:\/\/fonolukk.eu\/et\/tooted\/koodlukk-bsk2-marine\/#primaryimage"},"image":{"@id":"https:\/\/fonolukk.eu\/et\/tooted\/koodlukk-bsk2-marine\/#primaryimage"},"thumbnailUrl":"https:\/\/fonolukk.eu\/wp-content\/uploads\/2022\/07\/ssc-s125k2-ip68.jpeg","datePublished":"2022-07-29T06:20:59+00:00","dateModified":"2023-05-08T20:03:41+00:00","description":"Kuni 100 tellijat.\u00a0\u00dche sissep\u00e4\u00e4suga trepikodade s\u00fcsteemide ehitus.\u00a0Concierge konsooli \u00fchendus.","breadcrumb":{"@id":"https:\/\/fonolukk.eu\/et\/tooted\/koodlukk-bsk2-marine\/#breadcrumb"},"inLanguage":"et","potentialAction":[{"@type":"ReadAction","target":["https:\/\/fonolukk.eu\/et\/tooted\/koodlukk-bsk2-marine\/"]}]},{"@type":"ImageObject","inLanguage":"et","@id":"https:\/\/fonolukk.eu\/et\/tooted\/koodlukk-bsk2-marine\/#primaryimage","url":"https:\/\/fonolukk.eu\/wp-content\/uploads\/2022\/07\/ssc-s125k2-ip68.jpeg","contentUrl":"https:\/\/fonolukk.eu\/wp-content\/uploads\/2022\/07\/ssc-s125k2-ip68.jpeg","width":500,"height":500,"caption":"S125K2"},{"@type":"BreadcrumbList","@id":"https:\/\/fonolukk.eu\/et\/tooted\/koodlukk-bsk2-marine\/#breadcrumb","itemListElement":[{"@type":"ListItem","position":1,"name":"Esileht","item":"https:\/\/fonolukk.eu\/et\/koduleht\/"},{"@type":"ListItem","position":2,"name":"Tooted","item":"https:\/\/fonolukk.eu\/et\/shop-2\/"},{"@type":"ListItem","position":3,"name":"L\u00e4bip\u00e4\u00e4sus\u00fcsteem","item":"https:\/\/fonolukk.eu\/et\/product-category\/labipaasususteem\/"},{"@type":"ListItem","position":4,"name":"Koodlukk","item":"https:\/\/fonolukk.eu\/et\/product-category\/labipaasususteem\/koodpaneel\/"},{"@type":"ListItem","position":5,"name":"Koodlukk BSK2 Marine"}]},{"@type":"WebSite","@id":"https:\/\/fonolukk.eu\/et\/#website","url":"https:\/\/fonolukk.eu\/et\/","name":"Fonolukk eu","description":"Smart Security Systems","publisher":{"@id":"https:\/\/fonolukk.eu\/et\/#organization"},"potentialAction":[{"@type":"SearchAction","target":{"@type":"EntryPoint","urlTemplate":"https:\/\/fonolukk.eu\/et\/?s={search_term_string}"},"query-input":{"@type":"PropertyValueSpecification","valueRequired":true,"valueName":"search_term_string"}}],"inLanguage":"et"},{"@type":"Organization","@id":"https:\/\/fonolukk.eu\/et\/#organization","name":"Smart Security OU","url":"https:\/\/fonolukk.eu\/et\/","logo":{"@type":"ImageObject","inLanguage":"et","@id":"https:\/\/fonolukk.eu\/et\/#\/schema\/logo\/image\/","url":"https:\/\/fonolukk.eu\/wp-content\/uploads\/2023\/09\/fonolukk.png","contentUrl":"https:\/\/fonolukk.eu\/wp-content\/uploads\/2023\/09\/fonolukk.png","width":277,"height":274,"caption":"Smart Security OU"},"image":{"@id":"https:\/\/fonolukk.eu\/et\/#\/schema\/logo\/image\/"},"sameAs":["https:\/\/www.facebook.com\/fonolukk","https:\/\/www.instagram.com\/fonolukk\/?hl=ru"],"publishingPrinciples":"https:\/\/fonolukk.eu\/terms-and-conditions\/","ownershipFundingInfo":"https:\/\/fonolukk.eu\/about-us\/"}]},"product_price_amount":"0.00","product_price_currency":"EUR","og_availability":"out of stock","product_availability":"out of stock","product_retailer_item_id":"BSK2","product_condition":"new"},"_links":{"self":[{"href":"https:\/\/fonolukk.eu\/et\/wp-json\/wp\/v2\/product\/13791","targetHints":{"allow":["GET"]}}],"collection":[{"href":"https:\/\/fonolukk.eu\/et\/wp-json\/wp\/v2\/product"}],"about":[{"href":"https:\/\/fonolukk.eu\/et\/wp-json\/wp\/v2\/types\/product"}],"version-history":[{"count":0,"href":"https:\/\/fonolukk.eu\/et\/wp-json\/wp\/v2\/product\/13791\/revisions"}],"wp:featuredmedia":[{"embeddable":true,"href":"https:\/\/fonolukk.eu\/et\/wp-json\/wp\/v2\/media\/13793"}],"wp:attachment":[{"href":"https:\/\/fonolukk.eu\/et\/wp-json\/wp\/v2\/media?parent=13791"}],"wp:term":[{"taxonomy":"product_brand","embeddable":true,"href":"https:\/\/fonolukk.eu\/et\/wp-json\/wp\/v2\/product_brand?post=13791"},{"taxonomy":"product_cat","embeddable":true,"href":"https:\/\/fonolukk.eu\/et\/wp-json\/wp\/v2\/product_cat?post=13791"},{"taxonomy":"product_tag","embeddable":true,"href":"https:\/\/fonolukk.eu\/et\/wp-json\/wp\/v2\/product_tag?post=13791"}],"curies":[{"name":"wp","href":"https:\/\/api.w.org\/{rel}","templated":true}]}}