{"id":13808,"date":"2022-08-06T18:58:02","date_gmt":"2022-08-06T15:58:02","guid":{"rendered":"https:\/\/fonolukk.eu\/?post_type=product&#038;p=13808"},"modified":"2023-05-08T22:46:46","modified_gmt":"2023-05-08T19:46:46","slug":"laskomex-isd-02-programmaator","status":"publish","type":"product","link":"https:\/\/fonolukk.eu\/et\/tooted\/laskomex-isd-02-programmaator\/","title":{"rendered":"Laskomex ISD-02 programmaator"},"content":{"rendered":"<ul>\n<li><span><span class=\"goog-text-highlight\">ISD-02 liides v\u00f5imaldab lihtsalt ja mugavalt konfigureerida digitaalseid uksetelefone CD-2502 ja CD-3100 arvuti abil.<\/span><\/span><\/li>\n<li><span><span>See v\u00f5imaldab lugeda andmeid otse elektrooniliselt kassetilt v\u00f5i MLX-m\u00e4lumoodulilt, mida kasutatakse andmete edastamiseks ISD-02 liidese ja hoonesse paigaldatud elektroonilise kasseti vahel.\u00a0<\/span><span>Andmed sisaldavad t\u00e4ielikku teavet protsessori kasseti konfiguratsiooni kohta, sealhulgas selle seerianumbrit, kombinatsiooniluku koode ja elektrooniliste v\u00f5tmete numbreid.<\/span><\/span><\/li>\n<li><span><span>ISD-02 v\u00f5imaldab kirjutada ja lugeda andmeid, mis sisaldavad uksetelefoni konfiguratsiooni, arvutiplaadil olevasse faili.\u00a0<\/span><span>See v\u00f5imaldab installijal teha konfiguratsioonifailidest koopiaid ja vajadusel taastada protsessori kasseti s\u00e4tted (nt elektroonikakasseti rikke korral).<\/span><\/span><\/li>\n<li>Using readers in the ISD-02 interface the installer may register electronic keys (touch iButton and proximity RFID ones) in the door phone cassette. This operation may be done in his office, and then mount a fully configured door phone system in the object.<\/li>\n<li>The installer may register a set of special keys, designed for estate administrators and caretakers of technical services, etc. This set, which is written in a file, can be copied to other electronic cassettes. This allows the installer to set the appropriate permissions for keys that he does not physically own as they have been previously distributed to users.<\/li>\n<li>ISD-02 enables to change of individual settings for rooms (the number of rings, the tone, and volume of calls, the options of door release and combination lock).<\/li>\n<li><span><span>Liides v\u00f5imaldab muuta uksetelefoni t\u00f6\u00f6 parameetreid (helistamisv\u00f5imalused, ukse avamise t\u00f6\u00f6, nummerdamisre\u017eiimid, uksetelefoni funktsioonid).<\/span><\/span><\/li>\n<li><span><span>Nummerdamisre\u017eiimi muutmisel toimub loogiliste numbrite ja neile vastavate f\u00fc\u00fcsiliste numbrite automaatne arvutamine.\u00a0<\/span><span>See v\u00f5imaldab paigaldajal esmalt kontrollida, kas valitud nummerdamisre\u017eiim vastab tema ootustele ja v\u00e4ltida segadust programmeerimisseadmete telefonide seadistamisel.<\/span><\/span><\/li>\n<\/ul>\n","protected":false},"excerpt":{"rendered":"[wpdm_package id='13816']\n","protected":false},"featured_media":13811,"template":"","meta":[],"product_brand":[],"product_cat":[606,957,908,1404],"product_tag":[1253,1274,1275],"class_list":{"0":"post-13808","1":"product","2":"type-product","3":"status-publish","4":"has-post-thumbnail","6":"product_cat-fonolukud","7":"product_cat-toiteblokid-aksessuaarid-et-3","8":"product_cat-rainmann-laskomex-et-2","9":"product_cat-muu","10":"product_tag-intercom-et","11":"product_tag-video-uksetelefon","12":"product_tag-laskomex-et","13":"pa_brand-laskomex-et","15":"first","16":"instock","17":"taxable","18":"shipping-taxable","19":"purchasable","20":"product-type-simple"},"yoast_head":"<!-- This site is optimized with the Yoast SEO Premium plugin v27.3 (Yoast SEO v27.3) - https:\/\/yoast.com\/product\/yoast-seo-premium-wordpress\/ -->\n<title>Laskomex ISD-02 programmaator - Fonolukk<\/title>\n<meta name=\"description\" content=\"Laskomex ISD-02 programmaator - ISD-02 liides v\u00f5imaldab lihtsalt ja mugavalt konfigureerida digitaalseid uksetelefone.\" \/>\n<meta name=\"robots\" content=\"index, follow, max-snippet:-1, max-image-preview:large, max-video-preview:-1\" \/>\n<link rel=\"canonical\" href=\"https:\/\/fonolukk.eu\/et\/tooted\/laskomex-isd-02-programmaator\/\" \/>\n<meta property=\"og:locale\" content=\"et_EE\" \/>\n<meta property=\"og:type\" content=\"article\" \/>\n<meta property=\"og:title\" content=\"Laskomex ISD-02 programmaator\" \/>\n<meta property=\"og:description\" content=\"ISD-02 liides v\u00f5imaldab lihtsalt ja mugavalt konfigureerida digitaalseid uksetelefone CD-2502 ja CD-3100 arvuti abil. See v\u00f5imaldab lugeda andmeid otse\" \/>\n<meta property=\"og:url\" content=\"https:\/\/fonolukk.eu\/et\/tooted\/laskomex-isd-02-programmaator\/\" \/>\n<meta property=\"og:site_name\" content=\"Fonolukk\" \/>\n<meta property=\"article:publisher\" content=\"https:\/\/www.facebook.com\/fonolukk\" \/>\n<meta property=\"article:modified_time\" content=\"2023-05-08T19:46:46+00:00\" \/>\n<meta property=\"og:image\" content=\"https:\/\/fonolukk.eu\/wp-content\/uploads\/2022\/08\/isd-02a.jpg\" \/>\n\t<meta property=\"og:image:width\" content=\"958\" \/>\n\t<meta property=\"og:image:height\" content=\"800\" \/>\n\t<meta property=\"og:image:type\" content=\"image\/jpeg\" \/>\n<meta name=\"twitter:card\" content=\"summary_large_image\" \/>\n<meta name=\"twitter:label1\" content=\"Hind\" \/>\n\t<meta name=\"twitter:data1\" content=\"&euro;158.00 koos KM\" \/>\n\t<meta name=\"twitter:label2\" content=\"Availability\" \/>\n\t<meta name=\"twitter:data2\" content=\"Laos\" \/>\n<script type=\"application\/ld+json\" class=\"yoast-schema-graph\">{\"@context\":\"https:\\\/\\\/schema.org\",\"@graph\":[{\"@type\":\"WebPage\",\"@id\":\"https:\\\/\\\/fonolukk.eu\\\/et\\\/tooted\\\/laskomex-isd-02-programmaator\\\/\",\"url\":\"https:\\\/\\\/fonolukk.eu\\\/et\\\/tooted\\\/laskomex-isd-02-programmaator\\\/\",\"name\":\"Laskomex ISD-02 programmaator - Fonolukk\",\"isPartOf\":{\"@id\":\"https:\\\/\\\/fonolukk.eu\\\/et\\\/#website\"},\"primaryImageOfPage\":{\"@id\":\"https:\\\/\\\/fonolukk.eu\\\/et\\\/tooted\\\/laskomex-isd-02-programmaator\\\/#primaryimage\"},\"image\":{\"@id\":\"https:\\\/\\\/fonolukk.eu\\\/et\\\/tooted\\\/laskomex-isd-02-programmaator\\\/#primaryimage\"},\"thumbnailUrl\":\"https:\\\/\\\/fonolukk.eu\\\/wp-content\\\/uploads\\\/2022\\\/08\\\/isd-02a.jpg\",\"datePublished\":\"2022-08-06T15:58:02+00:00\",\"dateModified\":\"2023-05-08T19:46:46+00:00\",\"description\":\"Laskomex ISD-02 programmaator - ISD-02 liides v\u00f5imaldab lihtsalt ja mugavalt konfigureerida digitaalseid uksetelefone.\",\"breadcrumb\":{\"@id\":\"https:\\\/\\\/fonolukk.eu\\\/et\\\/tooted\\\/laskomex-isd-02-programmaator\\\/#breadcrumb\"},\"inLanguage\":\"et\",\"potentialAction\":[{\"@type\":\"ReadAction\",\"target\":[\"https:\\\/\\\/fonolukk.eu\\\/et\\\/tooted\\\/laskomex-isd-02-programmaator\\\/\"]}]},{\"@type\":\"ImageObject\",\"inLanguage\":\"et\",\"@id\":\"https:\\\/\\\/fonolukk.eu\\\/et\\\/tooted\\\/laskomex-isd-02-programmaator\\\/#primaryimage\",\"url\":\"https:\\\/\\\/fonolukk.eu\\\/wp-content\\\/uploads\\\/2022\\\/08\\\/isd-02a.jpg\",\"contentUrl\":\"https:\\\/\\\/fonolukk.eu\\\/wp-content\\\/uploads\\\/2022\\\/08\\\/isd-02a.jpg\",\"width\":958,\"height\":800,\"caption\":\"Laskomex ISD-02\"},{\"@type\":\"BreadcrumbList\",\"@id\":\"https:\\\/\\\/fonolukk.eu\\\/et\\\/tooted\\\/laskomex-isd-02-programmaator\\\/#breadcrumb\",\"itemListElement\":[{\"@type\":\"ListItem\",\"position\":1,\"name\":\"Esileht\",\"item\":\"https:\\\/\\\/fonolukk.eu\\\/et\\\/koduleht\\\/\"},{\"@type\":\"ListItem\",\"position\":2,\"name\":\"Tooted\",\"item\":\"https:\\\/\\\/fonolukk.eu\\\/et\\\/shop-2\\\/\"},{\"@type\":\"ListItem\",\"position\":3,\"name\":\"Fonolukud\",\"item\":\"https:\\\/\\\/fonolukk.eu\\\/et\\\/product-category\\\/fonolukud\\\/\"},{\"@type\":\"ListItem\",\"position\":4,\"name\":\"Laskomex ISD-02 programmaator\"}]},{\"@type\":\"WebSite\",\"@id\":\"https:\\\/\\\/fonolukk.eu\\\/et\\\/#website\",\"url\":\"https:\\\/\\\/fonolukk.eu\\\/et\\\/\",\"name\":\"Fonolukk eu\",\"description\":\"Smart Security Systems\",\"publisher\":{\"@id\":\"https:\\\/\\\/fonolukk.eu\\\/et\\\/#organization\"},\"potentialAction\":[{\"@type\":\"SearchAction\",\"target\":{\"@type\":\"EntryPoint\",\"urlTemplate\":\"https:\\\/\\\/fonolukk.eu\\\/et\\\/?s={search_term_string}\"},\"query-input\":{\"@type\":\"PropertyValueSpecification\",\"valueRequired\":true,\"valueName\":\"search_term_string\"}}],\"inLanguage\":\"et\"},{\"@type\":\"Organization\",\"@id\":\"https:\\\/\\\/fonolukk.eu\\\/et\\\/#organization\",\"name\":\"Smart Security OU\",\"url\":\"https:\\\/\\\/fonolukk.eu\\\/et\\\/\",\"logo\":{\"@type\":\"ImageObject\",\"inLanguage\":\"et\",\"@id\":\"https:\\\/\\\/fonolukk.eu\\\/et\\\/#\\\/schema\\\/logo\\\/image\\\/\",\"url\":\"https:\\\/\\\/fonolukk.eu\\\/wp-content\\\/uploads\\\/2023\\\/09\\\/fonolukk.png\",\"contentUrl\":\"https:\\\/\\\/fonolukk.eu\\\/wp-content\\\/uploads\\\/2023\\\/09\\\/fonolukk.png\",\"width\":277,\"height\":274,\"caption\":\"Smart Security OU\"},\"image\":{\"@id\":\"https:\\\/\\\/fonolukk.eu\\\/et\\\/#\\\/schema\\\/logo\\\/image\\\/\"},\"sameAs\":[\"https:\\\/\\\/www.facebook.com\\\/fonolukk\",\"https:\\\/\\\/www.instagram.com\\\/fonolukk\\\/?hl=ru\"],\"publishingPrinciples\":\"https:\\\/\\\/fonolukk.eu\\\/terms-and-conditions\\\/\",\"ownershipFundingInfo\":\"https:\\\/\\\/fonolukk.eu\\\/about-us\\\/\"}]}<\/script>\n<meta property=\"product:brand\" content=\"Laskomex\" \/>\n<meta property=\"product:price:amount\" content=\"158.00\" \/>\n<meta property=\"product:price:currency\" content=\"EUR\" \/>\n<meta property=\"og:availability\" content=\"instock\" \/>\n<meta property=\"product:availability\" content=\"instock\" \/>\n<meta property=\"product:retailer_item_id\" content=\"ISD-02\" \/>\n<meta property=\"product:condition\" content=\"new\" \/>\n<!-- \/ Yoast SEO Premium plugin. -->","yoast_head_json":{"title":"Laskomex ISD-02 programmaator - Fonolukk","description":"Laskomex ISD-02 programmaator - ISD-02 liides v\u00f5imaldab lihtsalt ja mugavalt konfigureerida digitaalseid uksetelefone.","robots":{"index":"index","follow":"follow","max-snippet":"max-snippet:-1","max-image-preview":"max-image-preview:large","max-video-preview":"max-video-preview:-1"},"canonical":"https:\/\/fonolukk.eu\/et\/tooted\/laskomex-isd-02-programmaator\/","og_locale":"et_EE","og_type":"article","og_title":"Laskomex ISD-02 programmaator","og_description":"ISD-02 liides v\u00f5imaldab lihtsalt ja mugavalt konfigureerida digitaalseid uksetelefone CD-2502 ja CD-3100 arvuti abil. See v\u00f5imaldab lugeda andmeid otse","og_url":"https:\/\/fonolukk.eu\/et\/tooted\/laskomex-isd-02-programmaator\/","og_site_name":"Fonolukk","article_publisher":"https:\/\/www.facebook.com\/fonolukk","article_modified_time":"2023-05-08T19:46:46+00:00","og_image":[{"width":958,"height":800,"url":"https:\/\/fonolukk.eu\/wp-content\/uploads\/2022\/08\/isd-02a.jpg","type":"image\/jpeg"}],"twitter_card":"summary_large_image","twitter_misc":{"Hind":"&euro;158.00 koos KM","Availability":"Laos"},"schema":{"@context":"https:\/\/schema.org","@graph":[{"@type":"WebPage","@id":"https:\/\/fonolukk.eu\/et\/tooted\/laskomex-isd-02-programmaator\/","url":"https:\/\/fonolukk.eu\/et\/tooted\/laskomex-isd-02-programmaator\/","name":"Laskomex ISD-02 programmaator - Fonolukk","isPartOf":{"@id":"https:\/\/fonolukk.eu\/et\/#website"},"primaryImageOfPage":{"@id":"https:\/\/fonolukk.eu\/et\/tooted\/laskomex-isd-02-programmaator\/#primaryimage"},"image":{"@id":"https:\/\/fonolukk.eu\/et\/tooted\/laskomex-isd-02-programmaator\/#primaryimage"},"thumbnailUrl":"https:\/\/fonolukk.eu\/wp-content\/uploads\/2022\/08\/isd-02a.jpg","datePublished":"2022-08-06T15:58:02+00:00","dateModified":"2023-05-08T19:46:46+00:00","description":"Laskomex ISD-02 programmaator - ISD-02 liides v\u00f5imaldab lihtsalt ja mugavalt konfigureerida digitaalseid uksetelefone.","breadcrumb":{"@id":"https:\/\/fonolukk.eu\/et\/tooted\/laskomex-isd-02-programmaator\/#breadcrumb"},"inLanguage":"et","potentialAction":[{"@type":"ReadAction","target":["https:\/\/fonolukk.eu\/et\/tooted\/laskomex-isd-02-programmaator\/"]}]},{"@type":"ImageObject","inLanguage":"et","@id":"https:\/\/fonolukk.eu\/et\/tooted\/laskomex-isd-02-programmaator\/#primaryimage","url":"https:\/\/fonolukk.eu\/wp-content\/uploads\/2022\/08\/isd-02a.jpg","contentUrl":"https:\/\/fonolukk.eu\/wp-content\/uploads\/2022\/08\/isd-02a.jpg","width":958,"height":800,"caption":"Laskomex ISD-02"},{"@type":"BreadcrumbList","@id":"https:\/\/fonolukk.eu\/et\/tooted\/laskomex-isd-02-programmaator\/#breadcrumb","itemListElement":[{"@type":"ListItem","position":1,"name":"Esileht","item":"https:\/\/fonolukk.eu\/et\/koduleht\/"},{"@type":"ListItem","position":2,"name":"Tooted","item":"https:\/\/fonolukk.eu\/et\/shop-2\/"},{"@type":"ListItem","position":3,"name":"Fonolukud","item":"https:\/\/fonolukk.eu\/et\/product-category\/fonolukud\/"},{"@type":"ListItem","position":4,"name":"Laskomex ISD-02 programmaator"}]},{"@type":"WebSite","@id":"https:\/\/fonolukk.eu\/et\/#website","url":"https:\/\/fonolukk.eu\/et\/","name":"Fonolukk eu","description":"Smart Security Systems","publisher":{"@id":"https:\/\/fonolukk.eu\/et\/#organization"},"potentialAction":[{"@type":"SearchAction","target":{"@type":"EntryPoint","urlTemplate":"https:\/\/fonolukk.eu\/et\/?s={search_term_string}"},"query-input":{"@type":"PropertyValueSpecification","valueRequired":true,"valueName":"search_term_string"}}],"inLanguage":"et"},{"@type":"Organization","@id":"https:\/\/fonolukk.eu\/et\/#organization","name":"Smart Security OU","url":"https:\/\/fonolukk.eu\/et\/","logo":{"@type":"ImageObject","inLanguage":"et","@id":"https:\/\/fonolukk.eu\/et\/#\/schema\/logo\/image\/","url":"https:\/\/fonolukk.eu\/wp-content\/uploads\/2023\/09\/fonolukk.png","contentUrl":"https:\/\/fonolukk.eu\/wp-content\/uploads\/2023\/09\/fonolukk.png","width":277,"height":274,"caption":"Smart Security OU"},"image":{"@id":"https:\/\/fonolukk.eu\/et\/#\/schema\/logo\/image\/"},"sameAs":["https:\/\/www.facebook.com\/fonolukk","https:\/\/www.instagram.com\/fonolukk\/?hl=ru"],"publishingPrinciples":"https:\/\/fonolukk.eu\/terms-and-conditions\/","ownershipFundingInfo":"https:\/\/fonolukk.eu\/about-us\/"}]},"product_brand":"Laskomex","product_price_amount":"158.00","product_price_currency":"EUR","og_availability":"instock","product_availability":"instock","product_retailer_item_id":"ISD-02","product_condition":"new"},"_links":{"self":[{"href":"https:\/\/fonolukk.eu\/et\/wp-json\/wp\/v2\/product\/13808","targetHints":{"allow":["GET"]}}],"collection":[{"href":"https:\/\/fonolukk.eu\/et\/wp-json\/wp\/v2\/product"}],"about":[{"href":"https:\/\/fonolukk.eu\/et\/wp-json\/wp\/v2\/types\/product"}],"version-history":[{"count":0,"href":"https:\/\/fonolukk.eu\/et\/wp-json\/wp\/v2\/product\/13808\/revisions"}],"wp:featuredmedia":[{"embeddable":true,"href":"https:\/\/fonolukk.eu\/et\/wp-json\/wp\/v2\/media\/13811"}],"wp:attachment":[{"href":"https:\/\/fonolukk.eu\/et\/wp-json\/wp\/v2\/media?parent=13808"}],"wp:term":[{"taxonomy":"product_brand","embeddable":true,"href":"https:\/\/fonolukk.eu\/et\/wp-json\/wp\/v2\/product_brand?post=13808"},{"taxonomy":"product_cat","embeddable":true,"href":"https:\/\/fonolukk.eu\/et\/wp-json\/wp\/v2\/product_cat?post=13808"},{"taxonomy":"product_tag","embeddable":true,"href":"https:\/\/fonolukk.eu\/et\/wp-json\/wp\/v2\/product_tag?post=13808"}],"curies":[{"name":"wp","href":"https:\/\/api.w.org\/{rel}","templated":true}]}}