{"id":13834,"date":"2022-08-29T10:14:20","date_gmt":"2022-08-29T07:14:20","guid":{"rendered":"https:\/\/fonolukk.eu\/?post_type=product&#038;p=13834"},"modified":"2024-01-28T12:38:38","modified_gmt":"2024-01-28T10:38:38","slug":"exhito-sisetelefon-df6000-jaoks-ex322","status":"publish","type":"product","link":"https:\/\/fonolukk.eu\/et\/tooted\/exhito-sisetelefon-df6000-jaoks-ex322\/","title":{"rendered":"Farfisa EX322"},"content":{"rendered":"<p>Intercom DF6000 digitaals\u00fcsteemidele pluss versioon. Kaasas 1 nupp elektrilise ukseluku jaoks ja veel \u00fcks nupp lisafunktsioonide jaoks. Integreeritud dekodeerimismooduli ja h\u00fcppaja aadressi valikuga. Korraldatud p\u00f5randahelinaks l\u00e4bi summeri.<\/p>\n<div class=\"materiale\">\n<p>materjal: <strong>plastik<\/strong><br \/>\nv\u00e4rvus: <strong>valge<\/strong><br \/>\nnupu number:\u00a0<strong>8<\/strong><\/p>\n<p>k\u00f5rgus cm. <strong>21.8<\/strong><br \/>\nlaius cm. <strong>8.3<\/strong><br \/>\ns\u00fcgavus cm. <strong>6.2<\/strong><\/p>\n<\/div>\n","protected":false},"excerpt":{"rendered":"[wpdm_package id='13842']\n","protected":false},"featured_media":13840,"template":"","meta":[],"product_brand":[],"product_cat":[385,955,804],"product_tag":[],"class_list":{"0":"post-13834","1":"product","2":"type-product","3":"status-publish","4":"has-post-thumbnail","6":"product_cat-intercom-torud","7":"product_cat-uksetelefoni-torud-et-2","8":"product_cat-farfisa-et","9":"pa_brand-farfisa-et","11":"first","12":"outofstock","13":"sold-individually","14":"taxable","15":"shipping-taxable","16":"purchasable","17":"product-type-simple"},"yoast_head":"<!-- This site is optimized with the Yoast SEO Premium plugin v27.3 (Yoast SEO v27.3) - https:\/\/yoast.com\/product\/yoast-seo-premium-wordpress\/ -->\n<title>Farfisa EX322 - Fonolukk<\/title>\n<meta name=\"description\" content=\"Farfisa EX322 - ISD-02 liides v\u00f5imaldab lihtsalt ja mugavalt konfigureerida digitaalseid uksetelefone.\" \/>\n<meta name=\"robots\" content=\"index, follow, max-snippet:-1, max-image-preview:large, max-video-preview:-1\" \/>\n<link rel=\"canonical\" href=\"https:\/\/fonolukk.eu\/et\/tooted\/exhito-sisetelefon-df6000-jaoks-ex322\/\" \/>\n<meta property=\"og:locale\" content=\"et_EE\" \/>\n<meta property=\"og:type\" content=\"article\" \/>\n<meta property=\"og:title\" content=\"Farfisa EX322\" \/>\n<meta property=\"og:description\" content=\"Intercom DF6000 digitaals\u00fcsteemidele pluss versioon. Kaasas 1 nupp elektrilise ukseluku jaoks ja veel \u00fcks nupp lisafunktsioonide jaoks. Integreeritud\" \/>\n<meta property=\"og:url\" content=\"https:\/\/fonolukk.eu\/et\/tooted\/exhito-sisetelefon-df6000-jaoks-ex322\/\" \/>\n<meta property=\"og:site_name\" content=\"Fonolukk\" \/>\n<meta property=\"article:publisher\" content=\"https:\/\/www.facebook.com\/fonolukk\" \/>\n<meta property=\"article:modified_time\" content=\"2024-01-28T10:38:38+00:00\" \/>\n<meta property=\"og:image\" content=\"https:\/\/fonolukk.eu\/wp-content\/uploads\/2022\/08\/farfisa-italy-exhito-intercom-df6000-ex322_xl.jpeg\" \/>\n\t<meta property=\"og:image:width\" content=\"1200\" \/>\n\t<meta property=\"og:image:height\" content=\"1200\" \/>\n\t<meta property=\"og:image:type\" content=\"image\/jpeg\" \/>\n<meta name=\"twitter:card\" content=\"summary_large_image\" \/>\n<meta name=\"twitter:label1\" content=\"Hind\" \/>\n\t<meta name=\"twitter:data1\" content=\"&euro;71.77 koos KM\" \/>\n\t<meta name=\"twitter:label2\" content=\"Availability\" \/>\n\t<meta name=\"twitter:data2\" content=\"Laost otsas\" \/>\n<script type=\"application\/ld+json\" class=\"yoast-schema-graph\">{\"@context\":\"https:\\\/\\\/schema.org\",\"@graph\":[{\"@type\":\"WebPage\",\"@id\":\"https:\\\/\\\/fonolukk.eu\\\/et\\\/tooted\\\/exhito-sisetelefon-df6000-jaoks-ex322\\\/\",\"url\":\"https:\\\/\\\/fonolukk.eu\\\/et\\\/tooted\\\/exhito-sisetelefon-df6000-jaoks-ex322\\\/\",\"name\":\"Farfisa EX322 - Fonolukk\",\"isPartOf\":{\"@id\":\"https:\\\/\\\/fonolukk.eu\\\/et\\\/#website\"},\"primaryImageOfPage\":{\"@id\":\"https:\\\/\\\/fonolukk.eu\\\/et\\\/tooted\\\/exhito-sisetelefon-df6000-jaoks-ex322\\\/#primaryimage\"},\"image\":{\"@id\":\"https:\\\/\\\/fonolukk.eu\\\/et\\\/tooted\\\/exhito-sisetelefon-df6000-jaoks-ex322\\\/#primaryimage\"},\"thumbnailUrl\":\"https:\\\/\\\/fonolukk.eu\\\/wp-content\\\/uploads\\\/2022\\\/08\\\/farfisa-italy-exhito-intercom-df6000-ex322_xl.jpeg\",\"datePublished\":\"2022-08-29T07:14:20+00:00\",\"dateModified\":\"2024-01-28T10:38:38+00:00\",\"description\":\"Farfisa EX322 - ISD-02 liides v\u00f5imaldab lihtsalt ja mugavalt konfigureerida digitaalseid uksetelefone.\",\"breadcrumb\":{\"@id\":\"https:\\\/\\\/fonolukk.eu\\\/et\\\/tooted\\\/exhito-sisetelefon-df6000-jaoks-ex322\\\/#breadcrumb\"},\"inLanguage\":\"et\",\"potentialAction\":[{\"@type\":\"ReadAction\",\"target\":[\"https:\\\/\\\/fonolukk.eu\\\/et\\\/tooted\\\/exhito-sisetelefon-df6000-jaoks-ex322\\\/\"]}]},{\"@type\":\"ImageObject\",\"inLanguage\":\"et\",\"@id\":\"https:\\\/\\\/fonolukk.eu\\\/et\\\/tooted\\\/exhito-sisetelefon-df6000-jaoks-ex322\\\/#primaryimage\",\"url\":\"https:\\\/\\\/fonolukk.eu\\\/wp-content\\\/uploads\\\/2022\\\/08\\\/farfisa-italy-exhito-intercom-df6000-ex322_xl.jpeg\",\"contentUrl\":\"https:\\\/\\\/fonolukk.eu\\\/wp-content\\\/uploads\\\/2022\\\/08\\\/farfisa-italy-exhito-intercom-df6000-ex322_xl.jpeg\",\"width\":1200,\"height\":1200,\"caption\":\"EX322\"},{\"@type\":\"BreadcrumbList\",\"@id\":\"https:\\\/\\\/fonolukk.eu\\\/et\\\/tooted\\\/exhito-sisetelefon-df6000-jaoks-ex322\\\/#breadcrumb\",\"itemListElement\":[{\"@type\":\"ListItem\",\"position\":1,\"name\":\"Esileht\",\"item\":\"https:\\\/\\\/fonolukk.eu\\\/et\\\/koduleht\\\/\"},{\"@type\":\"ListItem\",\"position\":2,\"name\":\"Tooted\",\"item\":\"https:\\\/\\\/fonolukk.eu\\\/et\\\/shop-2\\\/\"},{\"@type\":\"ListItem\",\"position\":3,\"name\":\"Uksetelefonid\",\"item\":\"https:\\\/\\\/fonolukk.eu\\\/et\\\/product-category\\\/intercom-torud\\\/\"},{\"@type\":\"ListItem\",\"position\":4,\"name\":\"Farfisa EX322\"}]},{\"@type\":\"WebSite\",\"@id\":\"https:\\\/\\\/fonolukk.eu\\\/et\\\/#website\",\"url\":\"https:\\\/\\\/fonolukk.eu\\\/et\\\/\",\"name\":\"Fonolukk eu\",\"description\":\"Smart Security Systems\",\"publisher\":{\"@id\":\"https:\\\/\\\/fonolukk.eu\\\/et\\\/#organization\"},\"potentialAction\":[{\"@type\":\"SearchAction\",\"target\":{\"@type\":\"EntryPoint\",\"urlTemplate\":\"https:\\\/\\\/fonolukk.eu\\\/et\\\/?s={search_term_string}\"},\"query-input\":{\"@type\":\"PropertyValueSpecification\",\"valueRequired\":true,\"valueName\":\"search_term_string\"}}],\"inLanguage\":\"et\"},{\"@type\":\"Organization\",\"@id\":\"https:\\\/\\\/fonolukk.eu\\\/et\\\/#organization\",\"name\":\"Smart Security OU\",\"url\":\"https:\\\/\\\/fonolukk.eu\\\/et\\\/\",\"logo\":{\"@type\":\"ImageObject\",\"inLanguage\":\"et\",\"@id\":\"https:\\\/\\\/fonolukk.eu\\\/et\\\/#\\\/schema\\\/logo\\\/image\\\/\",\"url\":\"https:\\\/\\\/fonolukk.eu\\\/wp-content\\\/uploads\\\/2023\\\/09\\\/fonolukk.png\",\"contentUrl\":\"https:\\\/\\\/fonolukk.eu\\\/wp-content\\\/uploads\\\/2023\\\/09\\\/fonolukk.png\",\"width\":277,\"height\":274,\"caption\":\"Smart Security OU\"},\"image\":{\"@id\":\"https:\\\/\\\/fonolukk.eu\\\/et\\\/#\\\/schema\\\/logo\\\/image\\\/\"},\"sameAs\":[\"https:\\\/\\\/www.facebook.com\\\/fonolukk\",\"https:\\\/\\\/www.instagram.com\\\/fonolukk\\\/?hl=ru\"],\"publishingPrinciples\":\"https:\\\/\\\/fonolukk.eu\\\/terms-and-conditions\\\/\",\"ownershipFundingInfo\":\"https:\\\/\\\/fonolukk.eu\\\/about-us\\\/\"}]}<\/script>\n<meta property=\"product:brand\" content=\"Farfisa\" \/>\n<meta property=\"product:price:amount\" content=\"71.77\" \/>\n<meta property=\"product:price:currency\" content=\"EUR\" \/>\n<meta property=\"og:availability\" content=\"out of stock\" \/>\n<meta property=\"product:availability\" content=\"out of stock\" \/>\n<meta property=\"product:retailer_item_id\" content=\"EX322\" \/>\n<meta property=\"product:condition\" content=\"new\" \/>\n<!-- \/ Yoast SEO Premium plugin. -->","yoast_head_json":{"title":"Farfisa EX322 - Fonolukk","description":"Farfisa EX322 - ISD-02 liides v\u00f5imaldab lihtsalt ja mugavalt konfigureerida digitaalseid uksetelefone.","robots":{"index":"index","follow":"follow","max-snippet":"max-snippet:-1","max-image-preview":"max-image-preview:large","max-video-preview":"max-video-preview:-1"},"canonical":"https:\/\/fonolukk.eu\/et\/tooted\/exhito-sisetelefon-df6000-jaoks-ex322\/","og_locale":"et_EE","og_type":"article","og_title":"Farfisa EX322","og_description":"Intercom DF6000 digitaals\u00fcsteemidele pluss versioon. Kaasas 1 nupp elektrilise ukseluku jaoks ja veel \u00fcks nupp lisafunktsioonide jaoks. Integreeritud","og_url":"https:\/\/fonolukk.eu\/et\/tooted\/exhito-sisetelefon-df6000-jaoks-ex322\/","og_site_name":"Fonolukk","article_publisher":"https:\/\/www.facebook.com\/fonolukk","article_modified_time":"2024-01-28T10:38:38+00:00","og_image":[{"width":1200,"height":1200,"url":"https:\/\/fonolukk.eu\/wp-content\/uploads\/2022\/08\/farfisa-italy-exhito-intercom-df6000-ex322_xl.jpeg","type":"image\/jpeg"}],"twitter_card":"summary_large_image","twitter_misc":{"Hind":"&euro;71.77 koos KM","Availability":"Laost otsas"},"schema":{"@context":"https:\/\/schema.org","@graph":[{"@type":"WebPage","@id":"https:\/\/fonolukk.eu\/et\/tooted\/exhito-sisetelefon-df6000-jaoks-ex322\/","url":"https:\/\/fonolukk.eu\/et\/tooted\/exhito-sisetelefon-df6000-jaoks-ex322\/","name":"Farfisa EX322 - Fonolukk","isPartOf":{"@id":"https:\/\/fonolukk.eu\/et\/#website"},"primaryImageOfPage":{"@id":"https:\/\/fonolukk.eu\/et\/tooted\/exhito-sisetelefon-df6000-jaoks-ex322\/#primaryimage"},"image":{"@id":"https:\/\/fonolukk.eu\/et\/tooted\/exhito-sisetelefon-df6000-jaoks-ex322\/#primaryimage"},"thumbnailUrl":"https:\/\/fonolukk.eu\/wp-content\/uploads\/2022\/08\/farfisa-italy-exhito-intercom-df6000-ex322_xl.jpeg","datePublished":"2022-08-29T07:14:20+00:00","dateModified":"2024-01-28T10:38:38+00:00","description":"Farfisa EX322 - ISD-02 liides v\u00f5imaldab lihtsalt ja mugavalt konfigureerida digitaalseid uksetelefone.","breadcrumb":{"@id":"https:\/\/fonolukk.eu\/et\/tooted\/exhito-sisetelefon-df6000-jaoks-ex322\/#breadcrumb"},"inLanguage":"et","potentialAction":[{"@type":"ReadAction","target":["https:\/\/fonolukk.eu\/et\/tooted\/exhito-sisetelefon-df6000-jaoks-ex322\/"]}]},{"@type":"ImageObject","inLanguage":"et","@id":"https:\/\/fonolukk.eu\/et\/tooted\/exhito-sisetelefon-df6000-jaoks-ex322\/#primaryimage","url":"https:\/\/fonolukk.eu\/wp-content\/uploads\/2022\/08\/farfisa-italy-exhito-intercom-df6000-ex322_xl.jpeg","contentUrl":"https:\/\/fonolukk.eu\/wp-content\/uploads\/2022\/08\/farfisa-italy-exhito-intercom-df6000-ex322_xl.jpeg","width":1200,"height":1200,"caption":"EX322"},{"@type":"BreadcrumbList","@id":"https:\/\/fonolukk.eu\/et\/tooted\/exhito-sisetelefon-df6000-jaoks-ex322\/#breadcrumb","itemListElement":[{"@type":"ListItem","position":1,"name":"Esileht","item":"https:\/\/fonolukk.eu\/et\/koduleht\/"},{"@type":"ListItem","position":2,"name":"Tooted","item":"https:\/\/fonolukk.eu\/et\/shop-2\/"},{"@type":"ListItem","position":3,"name":"Uksetelefonid","item":"https:\/\/fonolukk.eu\/et\/product-category\/intercom-torud\/"},{"@type":"ListItem","position":4,"name":"Farfisa EX322"}]},{"@type":"WebSite","@id":"https:\/\/fonolukk.eu\/et\/#website","url":"https:\/\/fonolukk.eu\/et\/","name":"Fonolukk eu","description":"Smart Security Systems","publisher":{"@id":"https:\/\/fonolukk.eu\/et\/#organization"},"potentialAction":[{"@type":"SearchAction","target":{"@type":"EntryPoint","urlTemplate":"https:\/\/fonolukk.eu\/et\/?s={search_term_string}"},"query-input":{"@type":"PropertyValueSpecification","valueRequired":true,"valueName":"search_term_string"}}],"inLanguage":"et"},{"@type":"Organization","@id":"https:\/\/fonolukk.eu\/et\/#organization","name":"Smart Security OU","url":"https:\/\/fonolukk.eu\/et\/","logo":{"@type":"ImageObject","inLanguage":"et","@id":"https:\/\/fonolukk.eu\/et\/#\/schema\/logo\/image\/","url":"https:\/\/fonolukk.eu\/wp-content\/uploads\/2023\/09\/fonolukk.png","contentUrl":"https:\/\/fonolukk.eu\/wp-content\/uploads\/2023\/09\/fonolukk.png","width":277,"height":274,"caption":"Smart Security OU"},"image":{"@id":"https:\/\/fonolukk.eu\/et\/#\/schema\/logo\/image\/"},"sameAs":["https:\/\/www.facebook.com\/fonolukk","https:\/\/www.instagram.com\/fonolukk\/?hl=ru"],"publishingPrinciples":"https:\/\/fonolukk.eu\/terms-and-conditions\/","ownershipFundingInfo":"https:\/\/fonolukk.eu\/about-us\/"}]},"product_brand":"Farfisa","product_price_amount":"71.77","product_price_currency":"EUR","og_availability":"out of stock","product_availability":"out of stock","product_retailer_item_id":"EX322","product_condition":"new"},"_links":{"self":[{"href":"https:\/\/fonolukk.eu\/et\/wp-json\/wp\/v2\/product\/13834","targetHints":{"allow":["GET"]}}],"collection":[{"href":"https:\/\/fonolukk.eu\/et\/wp-json\/wp\/v2\/product"}],"about":[{"href":"https:\/\/fonolukk.eu\/et\/wp-json\/wp\/v2\/types\/product"}],"version-history":[{"count":0,"href":"https:\/\/fonolukk.eu\/et\/wp-json\/wp\/v2\/product\/13834\/revisions"}],"wp:featuredmedia":[{"embeddable":true,"href":"https:\/\/fonolukk.eu\/et\/wp-json\/wp\/v2\/media\/13840"}],"wp:attachment":[{"href":"https:\/\/fonolukk.eu\/et\/wp-json\/wp\/v2\/media?parent=13834"}],"wp:term":[{"taxonomy":"product_brand","embeddable":true,"href":"https:\/\/fonolukk.eu\/et\/wp-json\/wp\/v2\/product_brand?post=13834"},{"taxonomy":"product_cat","embeddable":true,"href":"https:\/\/fonolukk.eu\/et\/wp-json\/wp\/v2\/product_cat?post=13834"},{"taxonomy":"product_tag","embeddable":true,"href":"https:\/\/fonolukk.eu\/et\/wp-json\/wp\/v2\/product_tag?post=13834"}],"curies":[{"name":"wp","href":"https:\/\/api.w.org\/{rel}","templated":true}]}}