{"id":13896,"date":"2022-11-01T22:45:48","date_gmt":"2022-11-01T20:45:48","guid":{"rendered":"https:\/\/fonolukk.eu\/?post_type=product&#038;p=13896"},"modified":"2023-05-08T22:20:28","modified_gmt":"2023-05-08T19:20:28","slug":"elektrivastuse-plaat-ok-p5","status":"publish","type":"product","link":"https:\/\/fonolukk.eu\/et\/tooted\/elektrivastuse-plaat-ok-p5\/","title":{"rendered":"Elektrivastuse plaat OK-P5"},"content":{"rendered":"<p>Materjal: tsingitud teras<br \/>\nKasutamine: vasak- ja parempoolsete metalluste jaoks<br \/>\nT\u00f6\u00f6tab elektril\u00f6\u00f6giga: ES1, S, XS, SHD, XSHD.<br \/>\nM\u00f5\u00f5dud: 250 x 25 x 3 mm<\/p>\n","protected":false},"excerpt":{"rendered":"<p>Materjal: tsingitud teras Kasutamine: vasak- ja parempoolsete metalluste jaoks T\u00f6\u00f6tab elektril\u00f6\u00f6giga: ES1, S, XS, SHD, XSHD. M\u00f5\u00f5dud: 250 x 25<\/p>\n","protected":false},"featured_media":13902,"template":"","meta":[],"product_brand":[],"product_cat":[1065,1063],"product_tag":[],"class_list":{"0":"post-13896","1":"product","2":"type-product","3":"status-publish","4":"has-post-thumbnail","6":"product_cat-elektrilise-vasturaua-plaadid","7":"product_cat-elektrivasturaud","9":"first","10":"instock","11":"taxable","12":"shipping-taxable","13":"purchasable","14":"product-type-simple"},"yoast_head":"<!-- This site is optimized with the Yoast SEO Premium plugin v27.3 (Yoast SEO v27.3) - https:\/\/yoast.com\/product\/yoast-seo-premium-wordpress\/ -->\n<title>Elektrivastuse plaat OK-P5 - Fonolukk<\/title>\n<meta name=\"description\" content=\"Elektrivastuse plaat OK-P5 - Materjal: tsingitud teras Kasutamine: vasakule ja paremale metallist ukseleToimib koos elektril\u00f6\u00f6kidega: ES1, S, XS, XSHD.\" \/>\n<meta name=\"robots\" content=\"index, follow, max-snippet:-1, max-image-preview:large, max-video-preview:-1\" \/>\n<link rel=\"canonical\" href=\"https:\/\/fonolukk.eu\/et\/tooted\/elektrivastuse-plaat-ok-p5\/\" \/>\n<meta property=\"og:locale\" content=\"et_EE\" \/>\n<meta property=\"og:type\" content=\"article\" \/>\n<meta property=\"og:title\" content=\"Elektrivastuse plaat OK-P5\" \/>\n<meta property=\"og:description\" content=\"Materjal: tsingitud teras Kasutamine: vasak- ja parempoolsete metalluste jaoks T\u00f6\u00f6tab elektril\u00f6\u00f6giga: ES1, S, XS, SHD, XSHD. M\u00f5\u00f5dud: 250 x 25 x 3 mm\" \/>\n<meta property=\"og:url\" content=\"https:\/\/fonolukk.eu\/et\/tooted\/elektrivastuse-plaat-ok-p5\/\" \/>\n<meta property=\"og:site_name\" content=\"Fonolukk\" \/>\n<meta property=\"article:publisher\" content=\"https:\/\/www.facebook.com\/fonolukk\" \/>\n<meta property=\"article:modified_time\" content=\"2023-05-08T19:20:28+00:00\" \/>\n<meta property=\"og:image\" content=\"https:\/\/fonolukk.eu\/wp-content\/uploads\/2022\/11\/14819.jpg\" \/>\n\t<meta property=\"og:image:width\" content=\"1316\" \/>\n\t<meta property=\"og:image:height\" content=\"760\" \/>\n\t<meta property=\"og:image:type\" content=\"image\/jpeg\" \/>\n<meta name=\"twitter:card\" content=\"summary_large_image\" \/>\n<meta name=\"twitter:label1\" content=\"Hind\" \/>\n\t<meta name=\"twitter:data1\" content=\"&euro;3.00 koos KM\" \/>\n\t<meta name=\"twitter:label2\" content=\"Availability\" \/>\n\t<meta name=\"twitter:data2\" content=\"Laos\" \/>\n<script type=\"application\/ld+json\" class=\"yoast-schema-graph\">{\"@context\":\"https:\\\/\\\/schema.org\",\"@graph\":[{\"@type\":\"WebPage\",\"@id\":\"https:\\\/\\\/fonolukk.eu\\\/et\\\/tooted\\\/elektrivastuse-plaat-ok-p5\\\/\",\"url\":\"https:\\\/\\\/fonolukk.eu\\\/et\\\/tooted\\\/elektrivastuse-plaat-ok-p5\\\/\",\"name\":\"Elektrivastuse plaat OK-P5 - Fonolukk\",\"isPartOf\":{\"@id\":\"https:\\\/\\\/fonolukk.eu\\\/et\\\/#website\"},\"primaryImageOfPage\":{\"@id\":\"https:\\\/\\\/fonolukk.eu\\\/et\\\/tooted\\\/elektrivastuse-plaat-ok-p5\\\/#primaryimage\"},\"image\":{\"@id\":\"https:\\\/\\\/fonolukk.eu\\\/et\\\/tooted\\\/elektrivastuse-plaat-ok-p5\\\/#primaryimage\"},\"thumbnailUrl\":\"https:\\\/\\\/fonolukk.eu\\\/wp-content\\\/uploads\\\/2022\\\/11\\\/14819.jpg\",\"datePublished\":\"2022-11-01T20:45:48+00:00\",\"dateModified\":\"2023-05-08T19:20:28+00:00\",\"description\":\"Elektrivastuse plaat OK-P5 - Materjal: tsingitud teras Kasutamine: vasakule ja paremale metallist ukseleToimib koos elektril\u00f6\u00f6kidega: ES1, S, XS, XSHD.\",\"breadcrumb\":{\"@id\":\"https:\\\/\\\/fonolukk.eu\\\/et\\\/tooted\\\/elektrivastuse-plaat-ok-p5\\\/#breadcrumb\"},\"inLanguage\":\"et\",\"potentialAction\":[{\"@type\":\"ReadAction\",\"target\":[\"https:\\\/\\\/fonolukk.eu\\\/et\\\/tooted\\\/elektrivastuse-plaat-ok-p5\\\/\"]}]},{\"@type\":\"ImageObject\",\"inLanguage\":\"et\",\"@id\":\"https:\\\/\\\/fonolukk.eu\\\/et\\\/tooted\\\/elektrivastuse-plaat-ok-p5\\\/#primaryimage\",\"url\":\"https:\\\/\\\/fonolukk.eu\\\/wp-content\\\/uploads\\\/2022\\\/11\\\/14819.jpg\",\"contentUrl\":\"https:\\\/\\\/fonolukk.eu\\\/wp-content\\\/uploads\\\/2022\\\/11\\\/14819.jpg\",\"width\":1316,\"height\":760},{\"@type\":\"BreadcrumbList\",\"@id\":\"https:\\\/\\\/fonolukk.eu\\\/et\\\/tooted\\\/elektrivastuse-plaat-ok-p5\\\/#breadcrumb\",\"itemListElement\":[{\"@type\":\"ListItem\",\"position\":1,\"name\":\"Esileht\",\"item\":\"https:\\\/\\\/fonolukk.eu\\\/et\\\/koduleht\\\/\"},{\"@type\":\"ListItem\",\"position\":2,\"name\":\"Tooted\",\"item\":\"https:\\\/\\\/fonolukk.eu\\\/et\\\/shop-2\\\/\"},{\"@type\":\"ListItem\",\"position\":3,\"name\":\"Elektrivasturaud\",\"item\":\"https:\\\/\\\/fonolukk.eu\\\/et\\\/product-category\\\/elektrivasturaud\\\/\"},{\"@type\":\"ListItem\",\"position\":4,\"name\":\"Elektrivastuse plaat OK-P5\"}]},{\"@type\":\"WebSite\",\"@id\":\"https:\\\/\\\/fonolukk.eu\\\/et\\\/#website\",\"url\":\"https:\\\/\\\/fonolukk.eu\\\/et\\\/\",\"name\":\"Fonolukk eu\",\"description\":\"Smart Security Systems\",\"publisher\":{\"@id\":\"https:\\\/\\\/fonolukk.eu\\\/et\\\/#organization\"},\"potentialAction\":[{\"@type\":\"SearchAction\",\"target\":{\"@type\":\"EntryPoint\",\"urlTemplate\":\"https:\\\/\\\/fonolukk.eu\\\/et\\\/?s={search_term_string}\"},\"query-input\":{\"@type\":\"PropertyValueSpecification\",\"valueRequired\":true,\"valueName\":\"search_term_string\"}}],\"inLanguage\":\"et\"},{\"@type\":\"Organization\",\"@id\":\"https:\\\/\\\/fonolukk.eu\\\/et\\\/#organization\",\"name\":\"Smart Security OU\",\"url\":\"https:\\\/\\\/fonolukk.eu\\\/et\\\/\",\"logo\":{\"@type\":\"ImageObject\",\"inLanguage\":\"et\",\"@id\":\"https:\\\/\\\/fonolukk.eu\\\/et\\\/#\\\/schema\\\/logo\\\/image\\\/\",\"url\":\"https:\\\/\\\/fonolukk.eu\\\/wp-content\\\/uploads\\\/2023\\\/09\\\/fonolukk.png\",\"contentUrl\":\"https:\\\/\\\/fonolukk.eu\\\/wp-content\\\/uploads\\\/2023\\\/09\\\/fonolukk.png\",\"width\":277,\"height\":274,\"caption\":\"Smart Security OU\"},\"image\":{\"@id\":\"https:\\\/\\\/fonolukk.eu\\\/et\\\/#\\\/schema\\\/logo\\\/image\\\/\"},\"sameAs\":[\"https:\\\/\\\/www.facebook.com\\\/fonolukk\",\"https:\\\/\\\/www.instagram.com\\\/fonolukk\\\/?hl=ru\"],\"publishingPrinciples\":\"https:\\\/\\\/fonolukk.eu\\\/terms-and-conditions\\\/\",\"ownershipFundingInfo\":\"https:\\\/\\\/fonolukk.eu\\\/about-us\\\/\"}]}<\/script>\n<meta property=\"product:price:amount\" content=\"3.00\" \/>\n<meta property=\"product:price:currency\" content=\"EUR\" \/>\n<meta property=\"og:availability\" content=\"instock\" \/>\n<meta property=\"product:availability\" content=\"instock\" \/>\n<meta property=\"product:retailer_item_id\" content=\"ok-p5\" \/>\n<meta property=\"product:condition\" content=\"new\" \/>\n<!-- \/ Yoast SEO Premium plugin. -->","yoast_head_json":{"title":"Elektrivastuse plaat OK-P5 - Fonolukk","description":"Elektrivastuse plaat OK-P5 - Materjal: tsingitud teras Kasutamine: vasakule ja paremale metallist ukseleToimib koos elektril\u00f6\u00f6kidega: ES1, S, XS, XSHD.","robots":{"index":"index","follow":"follow","max-snippet":"max-snippet:-1","max-image-preview":"max-image-preview:large","max-video-preview":"max-video-preview:-1"},"canonical":"https:\/\/fonolukk.eu\/et\/tooted\/elektrivastuse-plaat-ok-p5\/","og_locale":"et_EE","og_type":"article","og_title":"Elektrivastuse plaat OK-P5","og_description":"Materjal: tsingitud teras Kasutamine: vasak- ja parempoolsete metalluste jaoks T\u00f6\u00f6tab elektril\u00f6\u00f6giga: ES1, S, XS, SHD, XSHD. M\u00f5\u00f5dud: 250 x 25 x 3 mm","og_url":"https:\/\/fonolukk.eu\/et\/tooted\/elektrivastuse-plaat-ok-p5\/","og_site_name":"Fonolukk","article_publisher":"https:\/\/www.facebook.com\/fonolukk","article_modified_time":"2023-05-08T19:20:28+00:00","og_image":[{"width":1316,"height":760,"url":"https:\/\/fonolukk.eu\/wp-content\/uploads\/2022\/11\/14819.jpg","type":"image\/jpeg"}],"twitter_card":"summary_large_image","twitter_misc":{"Hind":"&euro;3.00 koos KM","Availability":"Laos"},"schema":{"@context":"https:\/\/schema.org","@graph":[{"@type":"WebPage","@id":"https:\/\/fonolukk.eu\/et\/tooted\/elektrivastuse-plaat-ok-p5\/","url":"https:\/\/fonolukk.eu\/et\/tooted\/elektrivastuse-plaat-ok-p5\/","name":"Elektrivastuse plaat OK-P5 - Fonolukk","isPartOf":{"@id":"https:\/\/fonolukk.eu\/et\/#website"},"primaryImageOfPage":{"@id":"https:\/\/fonolukk.eu\/et\/tooted\/elektrivastuse-plaat-ok-p5\/#primaryimage"},"image":{"@id":"https:\/\/fonolukk.eu\/et\/tooted\/elektrivastuse-plaat-ok-p5\/#primaryimage"},"thumbnailUrl":"https:\/\/fonolukk.eu\/wp-content\/uploads\/2022\/11\/14819.jpg","datePublished":"2022-11-01T20:45:48+00:00","dateModified":"2023-05-08T19:20:28+00:00","description":"Elektrivastuse plaat OK-P5 - Materjal: tsingitud teras Kasutamine: vasakule ja paremale metallist ukseleToimib koos elektril\u00f6\u00f6kidega: ES1, S, XS, XSHD.","breadcrumb":{"@id":"https:\/\/fonolukk.eu\/et\/tooted\/elektrivastuse-plaat-ok-p5\/#breadcrumb"},"inLanguage":"et","potentialAction":[{"@type":"ReadAction","target":["https:\/\/fonolukk.eu\/et\/tooted\/elektrivastuse-plaat-ok-p5\/"]}]},{"@type":"ImageObject","inLanguage":"et","@id":"https:\/\/fonolukk.eu\/et\/tooted\/elektrivastuse-plaat-ok-p5\/#primaryimage","url":"https:\/\/fonolukk.eu\/wp-content\/uploads\/2022\/11\/14819.jpg","contentUrl":"https:\/\/fonolukk.eu\/wp-content\/uploads\/2022\/11\/14819.jpg","width":1316,"height":760},{"@type":"BreadcrumbList","@id":"https:\/\/fonolukk.eu\/et\/tooted\/elektrivastuse-plaat-ok-p5\/#breadcrumb","itemListElement":[{"@type":"ListItem","position":1,"name":"Esileht","item":"https:\/\/fonolukk.eu\/et\/koduleht\/"},{"@type":"ListItem","position":2,"name":"Tooted","item":"https:\/\/fonolukk.eu\/et\/shop-2\/"},{"@type":"ListItem","position":3,"name":"Elektrivasturaud","item":"https:\/\/fonolukk.eu\/et\/product-category\/elektrivasturaud\/"},{"@type":"ListItem","position":4,"name":"Elektrivastuse plaat OK-P5"}]},{"@type":"WebSite","@id":"https:\/\/fonolukk.eu\/et\/#website","url":"https:\/\/fonolukk.eu\/et\/","name":"Fonolukk eu","description":"Smart Security Systems","publisher":{"@id":"https:\/\/fonolukk.eu\/et\/#organization"},"potentialAction":[{"@type":"SearchAction","target":{"@type":"EntryPoint","urlTemplate":"https:\/\/fonolukk.eu\/et\/?s={search_term_string}"},"query-input":{"@type":"PropertyValueSpecification","valueRequired":true,"valueName":"search_term_string"}}],"inLanguage":"et"},{"@type":"Organization","@id":"https:\/\/fonolukk.eu\/et\/#organization","name":"Smart Security OU","url":"https:\/\/fonolukk.eu\/et\/","logo":{"@type":"ImageObject","inLanguage":"et","@id":"https:\/\/fonolukk.eu\/et\/#\/schema\/logo\/image\/","url":"https:\/\/fonolukk.eu\/wp-content\/uploads\/2023\/09\/fonolukk.png","contentUrl":"https:\/\/fonolukk.eu\/wp-content\/uploads\/2023\/09\/fonolukk.png","width":277,"height":274,"caption":"Smart Security OU"},"image":{"@id":"https:\/\/fonolukk.eu\/et\/#\/schema\/logo\/image\/"},"sameAs":["https:\/\/www.facebook.com\/fonolukk","https:\/\/www.instagram.com\/fonolukk\/?hl=ru"],"publishingPrinciples":"https:\/\/fonolukk.eu\/terms-and-conditions\/","ownershipFundingInfo":"https:\/\/fonolukk.eu\/about-us\/"}]},"product_price_amount":"3.00","product_price_currency":"EUR","og_availability":"instock","product_availability":"instock","product_retailer_item_id":"ok-p5","product_condition":"new"},"_links":{"self":[{"href":"https:\/\/fonolukk.eu\/et\/wp-json\/wp\/v2\/product\/13896","targetHints":{"allow":["GET"]}}],"collection":[{"href":"https:\/\/fonolukk.eu\/et\/wp-json\/wp\/v2\/product"}],"about":[{"href":"https:\/\/fonolukk.eu\/et\/wp-json\/wp\/v2\/types\/product"}],"version-history":[{"count":0,"href":"https:\/\/fonolukk.eu\/et\/wp-json\/wp\/v2\/product\/13896\/revisions"}],"wp:featuredmedia":[{"embeddable":true,"href":"https:\/\/fonolukk.eu\/et\/wp-json\/wp\/v2\/media\/13902"}],"wp:attachment":[{"href":"https:\/\/fonolukk.eu\/et\/wp-json\/wp\/v2\/media?parent=13896"}],"wp:term":[{"taxonomy":"product_brand","embeddable":true,"href":"https:\/\/fonolukk.eu\/et\/wp-json\/wp\/v2\/product_brand?post=13896"},{"taxonomy":"product_cat","embeddable":true,"href":"https:\/\/fonolukk.eu\/et\/wp-json\/wp\/v2\/product_cat?post=13896"},{"taxonomy":"product_tag","embeddable":true,"href":"https:\/\/fonolukk.eu\/et\/wp-json\/wp\/v2\/product_tag?post=13896"}],"curies":[{"name":"wp","href":"https:\/\/api.w.org\/{rel}","templated":true}]}}