{"id":13936,"date":"2022-11-23T21:29:25","date_gmt":"2022-11-23T19:29:26","guid":{"rendered":"https:\/\/fonolukk.eu\/?post_type=product&#038;p=13936"},"modified":"2022-11-23T21:41:20","modified_gmt":"2022-11-23T19:41:20","slug":"dorcas-s-22","status":"publish","type":"product","link":"https:\/\/fonolukk.eu\/et\/tooted\/dorcas-s-22\/","title":{"rendered":"DORCAS &#8220;S 22&#8221;"},"content":{"rendered":"<div id=\"tab-description\" class=\"tab-content\">\n<p>V\u00e4rv: hall<br \/>\nMuud v\u00e4rvid tellimisel: Ei<br \/>\n\u00dcmardatud nurgad: Ei<br \/>\nSuurus mm: 160 * 25 * 3<\/p>\n<p>Kahepoolne kinnitusplaat elektromehaanilise riivi jaoks,<\/p>\n<p>l\u00fchike versioon 25 x 160 x 3 mm, t\u00e4isnurgad neljast k\u00fcljest, saadaval v\u00e4rvitud versioonina. Vaikev\u00e4rvid on hall ja ooker (m\u00e4\u00e4rdunudkollane), v\u00f5imalikud on ka muud v\u00e4rvid.<\/p>\n<p>See kinnitusplaat sobib k\u00f5igi standardsete riivide jaoks.<\/p>\n<\/div>\n<div id=\"tab-askquestion\" class=\"tab-content\">\n<div id=\"askquestion\">\n<div class=\"tabs_content\">\n<div class=\"descr active\">\n<div class='w3eden'><!-- WPDM Link Template: Default Template -->\n\n<div class=\"link-template-default card mb-2\">\n    <div class=\"card-body\">\n        <div class=\"media\">\n            <div class=\"mr-3 img-48\"><img decoding=\"async\" class=\"wpdm_icon\" alt=\"Icon\"   src=\"https:\/\/fonolukk.eu\/wp-content\/plugins\/download-manager\/assets\/file-type-icons\/pdf.svg\" \/><\/div>\n            <div class=\"media-body\">\n                <h3 class=\"package-title\"><a href='https:\/\/fonolukk.eu\/download\/dorcas-s22\/'>Dorcas S22<\/a><\/h3>\n                <div class=\"text-muted text-small\"><i class=\"fas fa-copy\"><\/i> 1 file(s) <i class=\"fas fa-hdd ml-3\"><\/i> 40.70 KB<\/div>\n            <\/div>\n            <div class=\"ml-3\">\n                <a class='wpdm-download-link download-on-click btn btn-primary ' rel='nofollow' href='#' data-downloadurl=\"https:\/\/fonolukk.eu\/download\/dorcas-s22\/?wpdmdl=13941&refresh=69dad2e9989cf1775948521\">Lae<\/a>\n            <\/div>\n        <\/div>\n    <\/div>\n<\/div>\n\n<\/div>\n<\/div>\n<\/div>\n<\/div>\n<\/div>\n","protected":false},"excerpt":{"rendered":"<p>V\u00e4rv: hall Muud v\u00e4rvid tellimisel: Ei \u00dcmardatud nurgad: Ei Suurus mm: 160 * 25 * 3 Kahepoolne kinnitusplaat elektromehaanilise riivi<\/p>\n","protected":false},"featured_media":13939,"template":"","meta":[],"product_brand":[],"product_cat":[1065,1063],"product_tag":[],"class_list":{"0":"post-13936","1":"product","2":"type-product","3":"status-publish","4":"has-post-thumbnail","6":"product_cat-elektrilise-vasturaua-plaadid","7":"product_cat-elektrivasturaud","8":"pa_brand-dorcas-et","10":"first","11":"instock","12":"taxable","13":"shipping-taxable","14":"purchasable","15":"product-type-simple"},"yoast_head":"<!-- This site is optimized with the Yoast SEO Premium plugin v27.3 (Yoast SEO v27.3) - https:\/\/yoast.com\/product\/yoast-seo-premium-wordpress\/ -->\n<title>DORCAS &quot;S 22&quot; - Fonolukk<\/title>\n<meta name=\"description\" content=\"DORCAS &quot;S 22&quot; - Fonolukk\" \/>\n<meta name=\"robots\" content=\"index, follow, max-snippet:-1, max-image-preview:large, max-video-preview:-1\" \/>\n<link rel=\"canonical\" href=\"https:\/\/fonolukk.eu\/et\/tooted\/dorcas-s-22\/\" \/>\n<meta property=\"og:locale\" content=\"et_EE\" \/>\n<meta property=\"og:type\" content=\"article\" \/>\n<meta property=\"og:title\" content=\"DORCAS &quot;S 22&quot;\" \/>\n<meta property=\"og:description\" content=\"V\u00e4rv: hall Muud v\u00e4rvid tellimisel: Ei \u00dcmardatud nurgad: Ei Suurus mm: 160 * 25 * 3 Kahepoolne kinnitusplaat elektromehaanilise riivi jaoks, l\u00fchike\" \/>\n<meta property=\"og:url\" content=\"https:\/\/fonolukk.eu\/et\/tooted\/dorcas-s-22\/\" \/>\n<meta property=\"og:site_name\" content=\"Fonolukk\" \/>\n<meta property=\"article:publisher\" content=\"https:\/\/www.facebook.com\/fonolukk\" \/>\n<meta property=\"article:modified_time\" content=\"2022-11-23T19:41:20+00:00\" \/>\n<meta property=\"og:image\" content=\"https:\/\/fonolukk.eu\/wp-content\/uploads\/2022\/11\/s_panel_krepezhnaya_liczevaya_dorcas.jpeg\" \/>\n\t<meta property=\"og:image:width\" content=\"400\" \/>\n\t<meta property=\"og:image:height\" content=\"400\" \/>\n\t<meta property=\"og:image:type\" content=\"image\/jpeg\" \/>\n<meta name=\"twitter:card\" content=\"summary_large_image\" \/>\n<meta name=\"twitter:label1\" content=\"Hind\" \/>\n\t<meta name=\"twitter:data1\" content=\"&euro;2.49 koos KM\" \/>\n\t<meta name=\"twitter:label2\" content=\"Availability\" \/>\n\t<meta name=\"twitter:data2\" content=\"Laos\" \/>\n<script type=\"application\/ld+json\" class=\"yoast-schema-graph\">{\"@context\":\"https:\\\/\\\/schema.org\",\"@graph\":[{\"@type\":\"WebPage\",\"@id\":\"https:\\\/\\\/fonolukk.eu\\\/et\\\/tooted\\\/dorcas-s-22\\\/\",\"url\":\"https:\\\/\\\/fonolukk.eu\\\/et\\\/tooted\\\/dorcas-s-22\\\/\",\"name\":\"DORCAS \\\"S 22\\\" - Fonolukk\",\"isPartOf\":{\"@id\":\"https:\\\/\\\/fonolukk.eu\\\/et\\\/#website\"},\"primaryImageOfPage\":{\"@id\":\"https:\\\/\\\/fonolukk.eu\\\/et\\\/tooted\\\/dorcas-s-22\\\/#primaryimage\"},\"image\":{\"@id\":\"https:\\\/\\\/fonolukk.eu\\\/et\\\/tooted\\\/dorcas-s-22\\\/#primaryimage\"},\"thumbnailUrl\":\"https:\\\/\\\/fonolukk.eu\\\/wp-content\\\/uploads\\\/2022\\\/11\\\/s_panel_krepezhnaya_liczevaya_dorcas.jpeg\",\"datePublished\":\"2022-11-23T19:29:26+00:00\",\"dateModified\":\"2022-11-23T19:41:20+00:00\",\"description\":\"DORCAS \\\"S 22\\\" - Fonolukk\",\"breadcrumb\":{\"@id\":\"https:\\\/\\\/fonolukk.eu\\\/et\\\/tooted\\\/dorcas-s-22\\\/#breadcrumb\"},\"inLanguage\":\"et\",\"potentialAction\":[{\"@type\":\"ReadAction\",\"target\":[\"https:\\\/\\\/fonolukk.eu\\\/et\\\/tooted\\\/dorcas-s-22\\\/\"]}]},{\"@type\":\"ImageObject\",\"inLanguage\":\"et\",\"@id\":\"https:\\\/\\\/fonolukk.eu\\\/et\\\/tooted\\\/dorcas-s-22\\\/#primaryimage\",\"url\":\"https:\\\/\\\/fonolukk.eu\\\/wp-content\\\/uploads\\\/2022\\\/11\\\/s_panel_krepezhnaya_liczevaya_dorcas.jpeg\",\"contentUrl\":\"https:\\\/\\\/fonolukk.eu\\\/wp-content\\\/uploads\\\/2022\\\/11\\\/s_panel_krepezhnaya_liczevaya_dorcas.jpeg\",\"width\":400,\"height\":400,\"caption\":\"dorcas fonolukk\"},{\"@type\":\"BreadcrumbList\",\"@id\":\"https:\\\/\\\/fonolukk.eu\\\/et\\\/tooted\\\/dorcas-s-22\\\/#breadcrumb\",\"itemListElement\":[{\"@type\":\"ListItem\",\"position\":1,\"name\":\"Esileht\",\"item\":\"https:\\\/\\\/fonolukk.eu\\\/et\\\/koduleht\\\/\"},{\"@type\":\"ListItem\",\"position\":2,\"name\":\"Tooted\",\"item\":\"https:\\\/\\\/fonolukk.eu\\\/et\\\/shop-2\\\/\"},{\"@type\":\"ListItem\",\"position\":3,\"name\":\"Elektrivasturaud\",\"item\":\"https:\\\/\\\/fonolukk.eu\\\/et\\\/product-category\\\/elektrivasturaud\\\/\"},{\"@type\":\"ListItem\",\"position\":4,\"name\":\"DORCAS &#8220;S 22&#8221;\"}]},{\"@type\":\"WebSite\",\"@id\":\"https:\\\/\\\/fonolukk.eu\\\/et\\\/#website\",\"url\":\"https:\\\/\\\/fonolukk.eu\\\/et\\\/\",\"name\":\"Fonolukk eu\",\"description\":\"Smart Security Systems\",\"publisher\":{\"@id\":\"https:\\\/\\\/fonolukk.eu\\\/et\\\/#organization\"},\"potentialAction\":[{\"@type\":\"SearchAction\",\"target\":{\"@type\":\"EntryPoint\",\"urlTemplate\":\"https:\\\/\\\/fonolukk.eu\\\/et\\\/?s={search_term_string}\"},\"query-input\":{\"@type\":\"PropertyValueSpecification\",\"valueRequired\":true,\"valueName\":\"search_term_string\"}}],\"inLanguage\":\"et\"},{\"@type\":\"Organization\",\"@id\":\"https:\\\/\\\/fonolukk.eu\\\/et\\\/#organization\",\"name\":\"Smart Security OU\",\"url\":\"https:\\\/\\\/fonolukk.eu\\\/et\\\/\",\"logo\":{\"@type\":\"ImageObject\",\"inLanguage\":\"et\",\"@id\":\"https:\\\/\\\/fonolukk.eu\\\/et\\\/#\\\/schema\\\/logo\\\/image\\\/\",\"url\":\"https:\\\/\\\/fonolukk.eu\\\/wp-content\\\/uploads\\\/2023\\\/09\\\/fonolukk.png\",\"contentUrl\":\"https:\\\/\\\/fonolukk.eu\\\/wp-content\\\/uploads\\\/2023\\\/09\\\/fonolukk.png\",\"width\":277,\"height\":274,\"caption\":\"Smart Security OU\"},\"image\":{\"@id\":\"https:\\\/\\\/fonolukk.eu\\\/et\\\/#\\\/schema\\\/logo\\\/image\\\/\"},\"sameAs\":[\"https:\\\/\\\/www.facebook.com\\\/fonolukk\",\"https:\\\/\\\/www.instagram.com\\\/fonolukk\\\/?hl=ru\"],\"publishingPrinciples\":\"https:\\\/\\\/fonolukk.eu\\\/terms-and-conditions\\\/\",\"ownershipFundingInfo\":\"https:\\\/\\\/fonolukk.eu\\\/about-us\\\/\"}]}<\/script>\n<meta property=\"product:brand\" content=\"Dorcas\" \/>\n<meta property=\"product:price:amount\" content=\"2.49\" \/>\n<meta property=\"product:price:currency\" content=\"EUR\" \/>\n<meta property=\"og:availability\" content=\"instock\" \/>\n<meta property=\"product:availability\" content=\"instock\" \/>\n<meta property=\"product:retailer_item_id\" content=\"DORCAS-S22\" \/>\n<meta property=\"product:condition\" content=\"new\" \/>\n<!-- \/ Yoast SEO Premium plugin. -->","yoast_head_json":{"title":"DORCAS \"S 22\" - Fonolukk","description":"DORCAS \"S 22\" - Fonolukk","robots":{"index":"index","follow":"follow","max-snippet":"max-snippet:-1","max-image-preview":"max-image-preview:large","max-video-preview":"max-video-preview:-1"},"canonical":"https:\/\/fonolukk.eu\/et\/tooted\/dorcas-s-22\/","og_locale":"et_EE","og_type":"article","og_title":"DORCAS \"S 22\"","og_description":"V\u00e4rv: hall Muud v\u00e4rvid tellimisel: Ei \u00dcmardatud nurgad: Ei Suurus mm: 160 * 25 * 3 Kahepoolne kinnitusplaat elektromehaanilise riivi jaoks, l\u00fchike","og_url":"https:\/\/fonolukk.eu\/et\/tooted\/dorcas-s-22\/","og_site_name":"Fonolukk","article_publisher":"https:\/\/www.facebook.com\/fonolukk","article_modified_time":"2022-11-23T19:41:20+00:00","og_image":[{"width":400,"height":400,"url":"https:\/\/fonolukk.eu\/wp-content\/uploads\/2022\/11\/s_panel_krepezhnaya_liczevaya_dorcas.jpeg","type":"image\/jpeg"}],"twitter_card":"summary_large_image","twitter_misc":{"Hind":"&euro;2.49 koos KM","Availability":"Laos"},"schema":{"@context":"https:\/\/schema.org","@graph":[{"@type":"WebPage","@id":"https:\/\/fonolukk.eu\/et\/tooted\/dorcas-s-22\/","url":"https:\/\/fonolukk.eu\/et\/tooted\/dorcas-s-22\/","name":"DORCAS \"S 22\" - Fonolukk","isPartOf":{"@id":"https:\/\/fonolukk.eu\/et\/#website"},"primaryImageOfPage":{"@id":"https:\/\/fonolukk.eu\/et\/tooted\/dorcas-s-22\/#primaryimage"},"image":{"@id":"https:\/\/fonolukk.eu\/et\/tooted\/dorcas-s-22\/#primaryimage"},"thumbnailUrl":"https:\/\/fonolukk.eu\/wp-content\/uploads\/2022\/11\/s_panel_krepezhnaya_liczevaya_dorcas.jpeg","datePublished":"2022-11-23T19:29:26+00:00","dateModified":"2022-11-23T19:41:20+00:00","description":"DORCAS \"S 22\" - Fonolukk","breadcrumb":{"@id":"https:\/\/fonolukk.eu\/et\/tooted\/dorcas-s-22\/#breadcrumb"},"inLanguage":"et","potentialAction":[{"@type":"ReadAction","target":["https:\/\/fonolukk.eu\/et\/tooted\/dorcas-s-22\/"]}]},{"@type":"ImageObject","inLanguage":"et","@id":"https:\/\/fonolukk.eu\/et\/tooted\/dorcas-s-22\/#primaryimage","url":"https:\/\/fonolukk.eu\/wp-content\/uploads\/2022\/11\/s_panel_krepezhnaya_liczevaya_dorcas.jpeg","contentUrl":"https:\/\/fonolukk.eu\/wp-content\/uploads\/2022\/11\/s_panel_krepezhnaya_liczevaya_dorcas.jpeg","width":400,"height":400,"caption":"dorcas fonolukk"},{"@type":"BreadcrumbList","@id":"https:\/\/fonolukk.eu\/et\/tooted\/dorcas-s-22\/#breadcrumb","itemListElement":[{"@type":"ListItem","position":1,"name":"Esileht","item":"https:\/\/fonolukk.eu\/et\/koduleht\/"},{"@type":"ListItem","position":2,"name":"Tooted","item":"https:\/\/fonolukk.eu\/et\/shop-2\/"},{"@type":"ListItem","position":3,"name":"Elektrivasturaud","item":"https:\/\/fonolukk.eu\/et\/product-category\/elektrivasturaud\/"},{"@type":"ListItem","position":4,"name":"DORCAS &#8220;S 22&#8221;"}]},{"@type":"WebSite","@id":"https:\/\/fonolukk.eu\/et\/#website","url":"https:\/\/fonolukk.eu\/et\/","name":"Fonolukk eu","description":"Smart Security Systems","publisher":{"@id":"https:\/\/fonolukk.eu\/et\/#organization"},"potentialAction":[{"@type":"SearchAction","target":{"@type":"EntryPoint","urlTemplate":"https:\/\/fonolukk.eu\/et\/?s={search_term_string}"},"query-input":{"@type":"PropertyValueSpecification","valueRequired":true,"valueName":"search_term_string"}}],"inLanguage":"et"},{"@type":"Organization","@id":"https:\/\/fonolukk.eu\/et\/#organization","name":"Smart Security OU","url":"https:\/\/fonolukk.eu\/et\/","logo":{"@type":"ImageObject","inLanguage":"et","@id":"https:\/\/fonolukk.eu\/et\/#\/schema\/logo\/image\/","url":"https:\/\/fonolukk.eu\/wp-content\/uploads\/2023\/09\/fonolukk.png","contentUrl":"https:\/\/fonolukk.eu\/wp-content\/uploads\/2023\/09\/fonolukk.png","width":277,"height":274,"caption":"Smart Security OU"},"image":{"@id":"https:\/\/fonolukk.eu\/et\/#\/schema\/logo\/image\/"},"sameAs":["https:\/\/www.facebook.com\/fonolukk","https:\/\/www.instagram.com\/fonolukk\/?hl=ru"],"publishingPrinciples":"https:\/\/fonolukk.eu\/terms-and-conditions\/","ownershipFundingInfo":"https:\/\/fonolukk.eu\/about-us\/"}]},"product_brand":"Dorcas","product_price_amount":"2.49","product_price_currency":"EUR","og_availability":"instock","product_availability":"instock","product_retailer_item_id":"DORCAS-S22","product_condition":"new"},"_links":{"self":[{"href":"https:\/\/fonolukk.eu\/et\/wp-json\/wp\/v2\/product\/13936","targetHints":{"allow":["GET"]}}],"collection":[{"href":"https:\/\/fonolukk.eu\/et\/wp-json\/wp\/v2\/product"}],"about":[{"href":"https:\/\/fonolukk.eu\/et\/wp-json\/wp\/v2\/types\/product"}],"version-history":[{"count":0,"href":"https:\/\/fonolukk.eu\/et\/wp-json\/wp\/v2\/product\/13936\/revisions"}],"wp:featuredmedia":[{"embeddable":true,"href":"https:\/\/fonolukk.eu\/et\/wp-json\/wp\/v2\/media\/13939"}],"wp:attachment":[{"href":"https:\/\/fonolukk.eu\/et\/wp-json\/wp\/v2\/media?parent=13936"}],"wp:term":[{"taxonomy":"product_brand","embeddable":true,"href":"https:\/\/fonolukk.eu\/et\/wp-json\/wp\/v2\/product_brand?post=13936"},{"taxonomy":"product_cat","embeddable":true,"href":"https:\/\/fonolukk.eu\/et\/wp-json\/wp\/v2\/product_cat?post=13936"},{"taxonomy":"product_tag","embeddable":true,"href":"https:\/\/fonolukk.eu\/et\/wp-json\/wp\/v2\/product_tag?post=13936"}],"curies":[{"name":"wp","href":"https:\/\/api.w.org\/{rel}","templated":true}]}}