{"id":14005,"date":"2022-12-29T21:22:32","date_gmt":"2022-12-29T19:22:32","guid":{"rendered":"https:\/\/fonolukk.eu\/?post_type=product&#038;p=14005"},"modified":"2023-04-11T12:51:04","modified_gmt":"2023-04-11T09:51:04","slug":"fonolukkude-puhastaja","status":"publish","type":"product","link":"https:\/\/fonolukk.eu\/et\/tooted\/fonolukkude-puhastaja\/","title":{"rendered":"Fonolukkude puhastaja"},"content":{"rendered":"","protected":false},"excerpt":{"rendered":"<p>Meie toode on m\u00f5eldud sisek\u00f5nesid kiiresti ja t\u00f5husalt puhastama tolmust, mustusest, s\u00f5rmej\u00e4lgedest ja muudest saasteainetest. Toode on ohutu kasutamiseks erinevatel pindadel, sealhulgas metallist, plastist ja klaasist intercomidel.<\/p>\n<p>Lahus kuivab kiiresti ja ei j\u00e4ta triipe ega j\u00e4lgi. Seda on lihtne ja lihtne kasutada sisetelefoni puhastamiseks, ilma et see n\u00f5uaks eriteadmisi v\u00f5i -oskusi.<\/p>\n<p>Meie kliendid saavad intercomide puhastamiseks usaldusv\u00e4\u00e4rse ja kvaliteetse toote, mis aitab s\u00e4ilitada intercomide v\u00e4limuse ja funktsionaalsuse pikaks ajaks.<\/p>\n<p>Tellige meie intercomide puhastuslahus kohe ja tagage intercomide mugav ja turvaline kasutamine teile ja teie klientidele!<\/p>\n","protected":false},"featured_media":14011,"template":"","meta":[],"product_brand":[],"product_cat":[1187],"product_tag":[],"class_list":{"0":"post-14005","1":"product","2":"type-product","3":"status-publish","4":"has-post-thumbnail","6":"product_cat-hooldus","7":"pa_brand-fonolukk-et","9":"first","10":"instock","11":"taxable","12":"shipping-taxable","13":"purchasable","14":"product-type-simple"},"yoast_head":"<!-- This site is optimized with the Yoast SEO Premium plugin v27.3 (Yoast SEO v27.3) - https:\/\/yoast.com\/product\/yoast-seo-premium-wordpress\/ -->\n<title>Fonolukkude puhastaja - Fonolukk<\/title>\n<meta name=\"description\" content=\"Fonolukkude puhastaja - Fonolukk\" \/>\n<meta name=\"robots\" content=\"index, follow, max-snippet:-1, max-image-preview:large, max-video-preview:-1\" \/>\n<link rel=\"canonical\" href=\"https:\/\/fonolukk.eu\/et\/tooted\/fonolukkude-puhastaja\/\" \/>\n<meta property=\"og:locale\" content=\"et_EE\" \/>\n<meta property=\"og:type\" content=\"article\" \/>\n<meta property=\"og:title\" content=\"Fonolukkude puhastaja\" \/>\n<meta property=\"og:description\" content=\"Meie toode on m\u00f5eldud sisek\u00f5nesid kiiresti ja t\u00f5husalt puhastama tolmust, mustusest, s\u00f5rmej\u00e4lgedest ja muudest saasteainetest. Toode on ohutu kasutamiseks erinevatel pindadel, sealhulgas metallist, plastist ja klaasist intercomidel.  Lahus kuivab kiiresti ja ei j\u00e4ta triipe ega j\u00e4lgi. Seda on lihtne ja lihtne kasutada sisetelefoni puhastamiseks, ilma et see n\u00f5uaks eriteadmisi v\u00f5i -oskusi.  Meie kliendid saavad intercomide puhastamiseks usaldusv\u00e4\u00e4rse ja kvaliteetse toote, mis aitab s\u00e4ilitada intercomide v\u00e4limuse ja funktsionaalsuse pikaks ajaks.  Tellige meie intercomide puhastuslahus kohe ja tagage intercomide mugav ja turvaline kasutamine teile ja teie klientidele!\" \/>\n<meta property=\"og:url\" content=\"https:\/\/fonolukk.eu\/et\/tooted\/fonolukkude-puhastaja\/\" \/>\n<meta property=\"og:site_name\" content=\"Fonolukk\" \/>\n<meta property=\"article:publisher\" content=\"https:\/\/www.facebook.com\/fonolukk\" \/>\n<meta property=\"article:modified_time\" content=\"2023-04-11T09:51:04+00:00\" \/>\n<meta property=\"og:image\" content=\"https:\/\/fonolukk.eu\/wp-content\/uploads\/2022\/12\/321411477_1604749923293082_43568262330679873_n.jpg\" \/>\n\t<meta property=\"og:image:width\" content=\"1600\" \/>\n\t<meta property=\"og:image:height\" content=\"1241\" \/>\n\t<meta property=\"og:image:type\" content=\"image\/jpeg\" \/>\n<meta name=\"twitter:card\" content=\"summary_large_image\" \/>\n<meta name=\"twitter:label1\" content=\"Hind\" \/>\n\t<meta name=\"twitter:data1\" content=\"&euro;6.58 koos KM\" \/>\n\t<meta name=\"twitter:label2\" content=\"Availability\" \/>\n\t<meta name=\"twitter:data2\" content=\"Laos\" \/>\n<script type=\"application\/ld+json\" class=\"yoast-schema-graph\">{\"@context\":\"https:\\\/\\\/schema.org\",\"@graph\":[{\"@type\":\"WebPage\",\"@id\":\"https:\\\/\\\/fonolukk.eu\\\/et\\\/tooted\\\/fonolukkude-puhastaja\\\/\",\"url\":\"https:\\\/\\\/fonolukk.eu\\\/et\\\/tooted\\\/fonolukkude-puhastaja\\\/\",\"name\":\"Fonolukkude puhastaja - Fonolukk\",\"isPartOf\":{\"@id\":\"https:\\\/\\\/fonolukk.eu\\\/et\\\/#website\"},\"primaryImageOfPage\":{\"@id\":\"https:\\\/\\\/fonolukk.eu\\\/et\\\/tooted\\\/fonolukkude-puhastaja\\\/#primaryimage\"},\"image\":{\"@id\":\"https:\\\/\\\/fonolukk.eu\\\/et\\\/tooted\\\/fonolukkude-puhastaja\\\/#primaryimage\"},\"thumbnailUrl\":\"https:\\\/\\\/fonolukk.eu\\\/wp-content\\\/uploads\\\/2022\\\/12\\\/321411477_1604749923293082_43568262330679873_n.jpg\",\"datePublished\":\"2022-12-29T19:22:32+00:00\",\"dateModified\":\"2023-04-11T09:51:04+00:00\",\"description\":\"Fonolukkude puhastaja - Fonolukk\",\"breadcrumb\":{\"@id\":\"https:\\\/\\\/fonolukk.eu\\\/et\\\/tooted\\\/fonolukkude-puhastaja\\\/#breadcrumb\"},\"inLanguage\":\"et\",\"potentialAction\":[{\"@type\":\"ReadAction\",\"target\":[\"https:\\\/\\\/fonolukk.eu\\\/et\\\/tooted\\\/fonolukkude-puhastaja\\\/\"]}]},{\"@type\":\"ImageObject\",\"inLanguage\":\"et\",\"@id\":\"https:\\\/\\\/fonolukk.eu\\\/et\\\/tooted\\\/fonolukkude-puhastaja\\\/#primaryimage\",\"url\":\"https:\\\/\\\/fonolukk.eu\\\/wp-content\\\/uploads\\\/2022\\\/12\\\/321411477_1604749923293082_43568262330679873_n.jpg\",\"contentUrl\":\"https:\\\/\\\/fonolukk.eu\\\/wp-content\\\/uploads\\\/2022\\\/12\\\/321411477_1604749923293082_43568262330679873_n.jpg\",\"width\":1600,\"height\":1241,\"caption\":\"maintenance\"},{\"@type\":\"BreadcrumbList\",\"@id\":\"https:\\\/\\\/fonolukk.eu\\\/et\\\/tooted\\\/fonolukkude-puhastaja\\\/#breadcrumb\",\"itemListElement\":[{\"@type\":\"ListItem\",\"position\":1,\"name\":\"Esileht\",\"item\":\"https:\\\/\\\/fonolukk.eu\\\/et\\\/koduleht\\\/\"},{\"@type\":\"ListItem\",\"position\":2,\"name\":\"Tooted\",\"item\":\"https:\\\/\\\/fonolukk.eu\\\/et\\\/shop-2\\\/\"},{\"@type\":\"ListItem\",\"position\":3,\"name\":\"Hooldus\",\"item\":\"https:\\\/\\\/fonolukk.eu\\\/et\\\/product-category\\\/hooldus\\\/\"},{\"@type\":\"ListItem\",\"position\":4,\"name\":\"Fonolukkude puhastaja\"}]},{\"@type\":\"WebSite\",\"@id\":\"https:\\\/\\\/fonolukk.eu\\\/et\\\/#website\",\"url\":\"https:\\\/\\\/fonolukk.eu\\\/et\\\/\",\"name\":\"Fonolukk eu\",\"description\":\"Smart Security Systems\",\"publisher\":{\"@id\":\"https:\\\/\\\/fonolukk.eu\\\/et\\\/#organization\"},\"potentialAction\":[{\"@type\":\"SearchAction\",\"target\":{\"@type\":\"EntryPoint\",\"urlTemplate\":\"https:\\\/\\\/fonolukk.eu\\\/et\\\/?s={search_term_string}\"},\"query-input\":{\"@type\":\"PropertyValueSpecification\",\"valueRequired\":true,\"valueName\":\"search_term_string\"}}],\"inLanguage\":\"et\"},{\"@type\":\"Organization\",\"@id\":\"https:\\\/\\\/fonolukk.eu\\\/et\\\/#organization\",\"name\":\"Smart Security OU\",\"url\":\"https:\\\/\\\/fonolukk.eu\\\/et\\\/\",\"logo\":{\"@type\":\"ImageObject\",\"inLanguage\":\"et\",\"@id\":\"https:\\\/\\\/fonolukk.eu\\\/et\\\/#\\\/schema\\\/logo\\\/image\\\/\",\"url\":\"https:\\\/\\\/fonolukk.eu\\\/wp-content\\\/uploads\\\/2023\\\/09\\\/fonolukk.png\",\"contentUrl\":\"https:\\\/\\\/fonolukk.eu\\\/wp-content\\\/uploads\\\/2023\\\/09\\\/fonolukk.png\",\"width\":277,\"height\":274,\"caption\":\"Smart Security OU\"},\"image\":{\"@id\":\"https:\\\/\\\/fonolukk.eu\\\/et\\\/#\\\/schema\\\/logo\\\/image\\\/\"},\"sameAs\":[\"https:\\\/\\\/www.facebook.com\\\/fonolukk\",\"https:\\\/\\\/www.instagram.com\\\/fonolukk\\\/?hl=ru\"],\"publishingPrinciples\":\"https:\\\/\\\/fonolukk.eu\\\/terms-and-conditions\\\/\",\"ownershipFundingInfo\":\"https:\\\/\\\/fonolukk.eu\\\/about-us\\\/\"}]}<\/script>\n<meta property=\"product:brand\" content=\"Fonolukk\" \/>\n<meta property=\"product:price:amount\" content=\"6.58\" \/>\n<meta property=\"product:price:currency\" content=\"EUR\" \/>\n<meta property=\"og:availability\" content=\"instock\" \/>\n<meta property=\"product:availability\" content=\"instock\" \/>\n<meta property=\"product:retailer_item_id\" content=\"GRACE-OIL\" \/>\n<meta property=\"product:condition\" content=\"new\" \/>\n<!-- \/ Yoast SEO Premium plugin. -->","yoast_head_json":{"title":"Fonolukkude puhastaja - Fonolukk","description":"Fonolukkude puhastaja - Fonolukk","robots":{"index":"index","follow":"follow","max-snippet":"max-snippet:-1","max-image-preview":"max-image-preview:large","max-video-preview":"max-video-preview:-1"},"canonical":"https:\/\/fonolukk.eu\/et\/tooted\/fonolukkude-puhastaja\/","og_locale":"et_EE","og_type":"article","og_title":"Fonolukkude puhastaja","og_description":"Meie toode on m\u00f5eldud sisek\u00f5nesid kiiresti ja t\u00f5husalt puhastama tolmust, mustusest, s\u00f5rmej\u00e4lgedest ja muudest saasteainetest. Toode on ohutu kasutamiseks erinevatel pindadel, sealhulgas metallist, plastist ja klaasist intercomidel.  Lahus kuivab kiiresti ja ei j\u00e4ta triipe ega j\u00e4lgi. Seda on lihtne ja lihtne kasutada sisetelefoni puhastamiseks, ilma et see n\u00f5uaks eriteadmisi v\u00f5i -oskusi.  Meie kliendid saavad intercomide puhastamiseks usaldusv\u00e4\u00e4rse ja kvaliteetse toote, mis aitab s\u00e4ilitada intercomide v\u00e4limuse ja funktsionaalsuse pikaks ajaks.  Tellige meie intercomide puhastuslahus kohe ja tagage intercomide mugav ja turvaline kasutamine teile ja teie klientidele!","og_url":"https:\/\/fonolukk.eu\/et\/tooted\/fonolukkude-puhastaja\/","og_site_name":"Fonolukk","article_publisher":"https:\/\/www.facebook.com\/fonolukk","article_modified_time":"2023-04-11T09:51:04+00:00","og_image":[{"width":1600,"height":1241,"url":"https:\/\/fonolukk.eu\/wp-content\/uploads\/2022\/12\/321411477_1604749923293082_43568262330679873_n.jpg","type":"image\/jpeg"}],"twitter_card":"summary_large_image","twitter_misc":{"Hind":"&euro;6.58 koos KM","Availability":"Laos"},"schema":{"@context":"https:\/\/schema.org","@graph":[{"@type":"WebPage","@id":"https:\/\/fonolukk.eu\/et\/tooted\/fonolukkude-puhastaja\/","url":"https:\/\/fonolukk.eu\/et\/tooted\/fonolukkude-puhastaja\/","name":"Fonolukkude puhastaja - Fonolukk","isPartOf":{"@id":"https:\/\/fonolukk.eu\/et\/#website"},"primaryImageOfPage":{"@id":"https:\/\/fonolukk.eu\/et\/tooted\/fonolukkude-puhastaja\/#primaryimage"},"image":{"@id":"https:\/\/fonolukk.eu\/et\/tooted\/fonolukkude-puhastaja\/#primaryimage"},"thumbnailUrl":"https:\/\/fonolukk.eu\/wp-content\/uploads\/2022\/12\/321411477_1604749923293082_43568262330679873_n.jpg","datePublished":"2022-12-29T19:22:32+00:00","dateModified":"2023-04-11T09:51:04+00:00","description":"Fonolukkude puhastaja - Fonolukk","breadcrumb":{"@id":"https:\/\/fonolukk.eu\/et\/tooted\/fonolukkude-puhastaja\/#breadcrumb"},"inLanguage":"et","potentialAction":[{"@type":"ReadAction","target":["https:\/\/fonolukk.eu\/et\/tooted\/fonolukkude-puhastaja\/"]}]},{"@type":"ImageObject","inLanguage":"et","@id":"https:\/\/fonolukk.eu\/et\/tooted\/fonolukkude-puhastaja\/#primaryimage","url":"https:\/\/fonolukk.eu\/wp-content\/uploads\/2022\/12\/321411477_1604749923293082_43568262330679873_n.jpg","contentUrl":"https:\/\/fonolukk.eu\/wp-content\/uploads\/2022\/12\/321411477_1604749923293082_43568262330679873_n.jpg","width":1600,"height":1241,"caption":"maintenance"},{"@type":"BreadcrumbList","@id":"https:\/\/fonolukk.eu\/et\/tooted\/fonolukkude-puhastaja\/#breadcrumb","itemListElement":[{"@type":"ListItem","position":1,"name":"Esileht","item":"https:\/\/fonolukk.eu\/et\/koduleht\/"},{"@type":"ListItem","position":2,"name":"Tooted","item":"https:\/\/fonolukk.eu\/et\/shop-2\/"},{"@type":"ListItem","position":3,"name":"Hooldus","item":"https:\/\/fonolukk.eu\/et\/product-category\/hooldus\/"},{"@type":"ListItem","position":4,"name":"Fonolukkude puhastaja"}]},{"@type":"WebSite","@id":"https:\/\/fonolukk.eu\/et\/#website","url":"https:\/\/fonolukk.eu\/et\/","name":"Fonolukk eu","description":"Smart Security Systems","publisher":{"@id":"https:\/\/fonolukk.eu\/et\/#organization"},"potentialAction":[{"@type":"SearchAction","target":{"@type":"EntryPoint","urlTemplate":"https:\/\/fonolukk.eu\/et\/?s={search_term_string}"},"query-input":{"@type":"PropertyValueSpecification","valueRequired":true,"valueName":"search_term_string"}}],"inLanguage":"et"},{"@type":"Organization","@id":"https:\/\/fonolukk.eu\/et\/#organization","name":"Smart Security OU","url":"https:\/\/fonolukk.eu\/et\/","logo":{"@type":"ImageObject","inLanguage":"et","@id":"https:\/\/fonolukk.eu\/et\/#\/schema\/logo\/image\/","url":"https:\/\/fonolukk.eu\/wp-content\/uploads\/2023\/09\/fonolukk.png","contentUrl":"https:\/\/fonolukk.eu\/wp-content\/uploads\/2023\/09\/fonolukk.png","width":277,"height":274,"caption":"Smart Security OU"},"image":{"@id":"https:\/\/fonolukk.eu\/et\/#\/schema\/logo\/image\/"},"sameAs":["https:\/\/www.facebook.com\/fonolukk","https:\/\/www.instagram.com\/fonolukk\/?hl=ru"],"publishingPrinciples":"https:\/\/fonolukk.eu\/terms-and-conditions\/","ownershipFundingInfo":"https:\/\/fonolukk.eu\/about-us\/"}]},"product_brand":"Fonolukk","product_price_amount":"6.58","product_price_currency":"EUR","og_availability":"instock","product_availability":"instock","product_retailer_item_id":"GRACE-OIL","product_condition":"new"},"_links":{"self":[{"href":"https:\/\/fonolukk.eu\/et\/wp-json\/wp\/v2\/product\/14005","targetHints":{"allow":["GET"]}}],"collection":[{"href":"https:\/\/fonolukk.eu\/et\/wp-json\/wp\/v2\/product"}],"about":[{"href":"https:\/\/fonolukk.eu\/et\/wp-json\/wp\/v2\/types\/product"}],"version-history":[{"count":1,"href":"https:\/\/fonolukk.eu\/et\/wp-json\/wp\/v2\/product\/14005\/revisions"}],"predecessor-version":[{"id":14573,"href":"https:\/\/fonolukk.eu\/et\/wp-json\/wp\/v2\/product\/14005\/revisions\/14573"}],"wp:featuredmedia":[{"embeddable":true,"href":"https:\/\/fonolukk.eu\/et\/wp-json\/wp\/v2\/media\/14011"}],"wp:attachment":[{"href":"https:\/\/fonolukk.eu\/et\/wp-json\/wp\/v2\/media?parent=14005"}],"wp:term":[{"taxonomy":"product_brand","embeddable":true,"href":"https:\/\/fonolukk.eu\/et\/wp-json\/wp\/v2\/product_brand?post=14005"},{"taxonomy":"product_cat","embeddable":true,"href":"https:\/\/fonolukk.eu\/et\/wp-json\/wp\/v2\/product_cat?post=14005"},{"taxonomy":"product_tag","embeddable":true,"href":"https:\/\/fonolukk.eu\/et\/wp-json\/wp\/v2\/product_tag?post=14005"}],"curies":[{"name":"wp","href":"https:\/\/api.w.org\/{rel}","templated":true}]}}