{"id":14058,"date":"2023-01-29T21:16:39","date_gmt":"2023-01-29T19:16:39","guid":{"rendered":"https:\/\/fonolukk.eu\/?post_type=product&#038;p=14058"},"modified":"2023-05-02T20:57:11","modified_gmt":"2023-05-02T17:57:11","slug":"comelit-visto-wifi","status":"publish","type":"product","link":"https:\/\/fonolukk.eu\/et\/tooted\/comelit-visto-wifi\/","title":{"rendered":"Comelit Visto WIFI"},"content":{"rendered":"<h1>Comelit Visto WIFI<\/h1>\n<p><strong><span class=\"\">Kvaliteetne video eraldusv\u00f5ime<\/span><\/strong><\/p>\n<p>HD-v\u00e4rvikaamerast saate kvaliteetselt vaadata mis toimub v\u00e4ljas.<\/p>\n<p><strong><span class=\"fullwidth\">Liikumistuvastus<\/span><\/strong><\/p>\n<p>Kui uksekell tuvastab liikumise, saate nutitelefonis hoiatuse.<\/p>\n<p><strong><span class=\"fullwidth\">\u00d6ine n\u00e4gemine<\/span><\/strong><\/p>\n<p>IR LED-id tuvastavad v\u00e4hese valguse tingimused ja reguleerivad automaatselt videot parema \u00f6ise n\u00e4gemise tagamiseks.<\/p>\n<p><strong><span class=\"fullwidth\">Vahetatav esikate<\/span><\/strong><\/p>\n<p>Saate oma Visto uksekella kohandada teie sissep\u00e4\u00e4suga k\u00f5ige sobivamat v\u00e4rvi kattega.<\/p>\n<p><strong><span class=\"fullwidth\">Otse\u00fchendus teie koduv\u00f5rguga<\/span><\/strong><\/p>\n<p>S\u00f5ltuvalt valitud mudelist saate \u00fchendada uksekella koduruuteriga kas Etherneti kaabli v\u00f5i WiFi kaudu.<\/p>\n<p><strong><span class=\"fullwidth\">Maksimaalne t\u00f6\u00f6kindlus ja kvaliteet<\/span><\/strong><\/p>\n<p>Uksekell on veekindel (IP54 reitinguga), talub \u00e4\u00e4rmuslikke temperatuure (-25\u00ba kuni +55\u00ba) ja testitud \u00fcle 125 000 vajutuse.<\/p>\n<div class='w3eden'><!-- WPDM Link Template: Default Template -->\n\n<div class=\"link-template-default card mb-2\">\n    <div class=\"card-body\">\n        <div class=\"media\">\n            <div class=\"mr-3 img-48\"><img decoding=\"async\" class=\"wpdm_icon\" alt=\"Icon\"   src=\"https:\/\/fonolukk.eu\/wp-content\/plugins\/download-manager\/assets\/file-type-icons\/pdf.svg\" \/><\/div>\n            <div class=\"media-body\">\n                <h3 class=\"package-title\"><a href='https:\/\/fonolukk.eu\/download\/comelit\/'>Comelit<\/a><\/h3>\n                <div class=\"text-muted text-small\"><i class=\"fas fa-copy\"><\/i> 1 file(s) <i class=\"fas fa-hdd ml-3\"><\/i> 22.98 MB<\/div>\n            <\/div>\n            <div class=\"ml-3\">\n                <a class='wpdm-download-link download-on-click btn btn-primary ' rel='nofollow' href='#' data-downloadurl=\"https:\/\/fonolukk.eu\/download\/comelit\/?wpdmdl=14066&refresh=69e06de42ce171776315876\">Lae<\/a>\n            <\/div>\n        <\/div>\n    <\/div>\n<\/div>\n\n<\/div>\n","protected":false},"excerpt":{"rendered":"<p><span>Revolutsiooniline juhtmevaba uksekell Visto v\u00f5imaldab teil lihtsalt oma nutitelefonist oma k\u00fclastajaid n\u00e4ha, kuulda ja nendega r\u00e4\u00e4kida.\u00a0<\/span><span class=\"goog-text-highlight\">Puhkusel v\u00f5i t\u00f6\u00f6l, kodus v\u00f5i eemal, kus iganes sa ka poleks.<\/span><\/p>\n","protected":false},"featured_media":14064,"template":"","meta":[],"product_brand":[],"product_cat":[950,606,915],"product_tag":[1253,1258],"class_list":{"0":"post-14058","1":"product","2":"type-product","3":"status-publish","4":"has-post-thumbnail","6":"product_cat-valispaneel","7":"product_cat-fonolukud","8":"product_cat-comelit-et-2","9":"product_tag-intercom-et","10":"product_tag-comelit-et","11":"pa_brand-comelit-et","13":"first","14":"instock","15":"taxable","16":"shipping-taxable","17":"product-type-simple"},"yoast_head":"<!-- This site is optimized with the Yoast SEO Premium plugin v27.3 (Yoast SEO v27.3) - https:\/\/yoast.com\/product\/yoast-seo-premium-wordpress\/ -->\n<title>Comelit Visto WIFI - Fonolukk<\/title>\n<meta name=\"description\" content=\"Revolutsiooniline juhtmevaba uksekell Visto v\u00f5imaldab teil lihtsalt oma nutitelefonist oma k\u00fclastajaid n\u00e4ha, kuulda ja nendega r\u00e4\u00e4kida.\" \/>\n<meta name=\"robots\" content=\"index, follow, max-snippet:-1, max-image-preview:large, max-video-preview:-1\" \/>\n<link rel=\"canonical\" href=\"https:\/\/fonolukk.eu\/et\/tooted\/comelit-visto-wifi\/\" \/>\n<meta property=\"og:locale\" content=\"et_EE\" \/>\n<meta property=\"og:type\" content=\"article\" \/>\n<meta property=\"og:title\" content=\"Comelit Visto WIFI\" \/>\n<meta property=\"og:description\" content=\"Revolutsiooniline juhtmevaba uksekell Visto v\u00f5imaldab teil lihtsalt oma nutitelefonist oma k\u00fclastajaid n\u00e4ha, kuulda ja nendega r\u00e4\u00e4kida.\u00a0Puhkusel v\u00f5i t\u00f6\u00f6l, kodus v\u00f5i eemal, kus iganes sa ka poleks.\" \/>\n<meta property=\"og:url\" content=\"https:\/\/fonolukk.eu\/et\/tooted\/comelit-visto-wifi\/\" \/>\n<meta property=\"og:site_name\" content=\"Fonolukk\" \/>\n<meta property=\"article:publisher\" content=\"https:\/\/www.facebook.com\/fonolukk\" \/>\n<meta property=\"article:modified_time\" content=\"2023-05-02T17:57:11+00:00\" \/>\n<meta property=\"og:image\" content=\"https:\/\/fonolukk.eu\/wp-content\/uploads\/2023\/01\/visto-wifi-1.png\" \/>\n\t<meta property=\"og:image:width\" content=\"502\" \/>\n\t<meta property=\"og:image:height\" content=\"512\" \/>\n\t<meta property=\"og:image:type\" content=\"image\/png\" \/>\n<meta name=\"twitter:card\" content=\"summary_large_image\" \/>\n<meta name=\"twitter:label1\" content=\"Hind\" \/>\n\t<meta name=\"twitter:data1\" content=\"\" \/>\n\t<meta name=\"twitter:label2\" content=\"Availability\" \/>\n\t<meta name=\"twitter:data2\" content=\"Laos\" \/>\n<script type=\"application\/ld+json\" class=\"yoast-schema-graph\">{\"@context\":\"https:\\\/\\\/schema.org\",\"@graph\":[{\"@type\":\"WebPage\",\"@id\":\"https:\\\/\\\/fonolukk.eu\\\/et\\\/tooted\\\/comelit-visto-wifi\\\/\",\"url\":\"https:\\\/\\\/fonolukk.eu\\\/et\\\/tooted\\\/comelit-visto-wifi\\\/\",\"name\":\"Comelit Visto WIFI - Fonolukk\",\"isPartOf\":{\"@id\":\"https:\\\/\\\/fonolukk.eu\\\/et\\\/#website\"},\"primaryImageOfPage\":{\"@id\":\"https:\\\/\\\/fonolukk.eu\\\/et\\\/tooted\\\/comelit-visto-wifi\\\/#primaryimage\"},\"image\":{\"@id\":\"https:\\\/\\\/fonolukk.eu\\\/et\\\/tooted\\\/comelit-visto-wifi\\\/#primaryimage\"},\"thumbnailUrl\":\"https:\\\/\\\/fonolukk.eu\\\/wp-content\\\/uploads\\\/2023\\\/01\\\/visto-wifi-1.png\",\"datePublished\":\"2023-01-29T19:16:39+00:00\",\"dateModified\":\"2023-05-02T17:57:11+00:00\",\"description\":\"Revolutsiooniline juhtmevaba uksekell Visto v\u00f5imaldab teil lihtsalt oma nutitelefonist oma k\u00fclastajaid n\u00e4ha, kuulda ja nendega r\u00e4\u00e4kida.\",\"breadcrumb\":{\"@id\":\"https:\\\/\\\/fonolukk.eu\\\/et\\\/tooted\\\/comelit-visto-wifi\\\/#breadcrumb\"},\"inLanguage\":\"et\",\"potentialAction\":[{\"@type\":\"ReadAction\",\"target\":[\"https:\\\/\\\/fonolukk.eu\\\/et\\\/tooted\\\/comelit-visto-wifi\\\/\"]}]},{\"@type\":\"ImageObject\",\"inLanguage\":\"et\",\"@id\":\"https:\\\/\\\/fonolukk.eu\\\/et\\\/tooted\\\/comelit-visto-wifi\\\/#primaryimage\",\"url\":\"https:\\\/\\\/fonolukk.eu\\\/wp-content\\\/uploads\\\/2023\\\/01\\\/visto-wifi-1.png\",\"contentUrl\":\"https:\\\/\\\/fonolukk.eu\\\/wp-content\\\/uploads\\\/2023\\\/01\\\/visto-wifi-1.png\",\"width\":502,\"height\":512,\"caption\":\"Visto-Wifi-1\"},{\"@type\":\"BreadcrumbList\",\"@id\":\"https:\\\/\\\/fonolukk.eu\\\/et\\\/tooted\\\/comelit-visto-wifi\\\/#breadcrumb\",\"itemListElement\":[{\"@type\":\"ListItem\",\"position\":1,\"name\":\"Esileht\",\"item\":\"https:\\\/\\\/fonolukk.eu\\\/et\\\/koduleht\\\/\"},{\"@type\":\"ListItem\",\"position\":2,\"name\":\"Tooted\",\"item\":\"https:\\\/\\\/fonolukk.eu\\\/et\\\/shop-2\\\/\"},{\"@type\":\"ListItem\",\"position\":3,\"name\":\"Fonolukud\",\"item\":\"https:\\\/\\\/fonolukk.eu\\\/et\\\/product-category\\\/fonolukud\\\/\"},{\"@type\":\"ListItem\",\"position\":4,\"name\":\"Comelit Visto WIFI\"}]},{\"@type\":\"WebSite\",\"@id\":\"https:\\\/\\\/fonolukk.eu\\\/et\\\/#website\",\"url\":\"https:\\\/\\\/fonolukk.eu\\\/et\\\/\",\"name\":\"Fonolukk eu\",\"description\":\"Smart Security Systems\",\"publisher\":{\"@id\":\"https:\\\/\\\/fonolukk.eu\\\/et\\\/#organization\"},\"potentialAction\":[{\"@type\":\"SearchAction\",\"target\":{\"@type\":\"EntryPoint\",\"urlTemplate\":\"https:\\\/\\\/fonolukk.eu\\\/et\\\/?s={search_term_string}\"},\"query-input\":{\"@type\":\"PropertyValueSpecification\",\"valueRequired\":true,\"valueName\":\"search_term_string\"}}],\"inLanguage\":\"et\"},{\"@type\":\"Organization\",\"@id\":\"https:\\\/\\\/fonolukk.eu\\\/et\\\/#organization\",\"name\":\"Smart Security OU\",\"url\":\"https:\\\/\\\/fonolukk.eu\\\/et\\\/\",\"logo\":{\"@type\":\"ImageObject\",\"inLanguage\":\"et\",\"@id\":\"https:\\\/\\\/fonolukk.eu\\\/et\\\/#\\\/schema\\\/logo\\\/image\\\/\",\"url\":\"https:\\\/\\\/fonolukk.eu\\\/wp-content\\\/uploads\\\/2023\\\/09\\\/fonolukk.png\",\"contentUrl\":\"https:\\\/\\\/fonolukk.eu\\\/wp-content\\\/uploads\\\/2023\\\/09\\\/fonolukk.png\",\"width\":277,\"height\":274,\"caption\":\"Smart Security OU\"},\"image\":{\"@id\":\"https:\\\/\\\/fonolukk.eu\\\/et\\\/#\\\/schema\\\/logo\\\/image\\\/\"},\"sameAs\":[\"https:\\\/\\\/www.facebook.com\\\/fonolukk\",\"https:\\\/\\\/www.instagram.com\\\/fonolukk\\\/?hl=ru\"],\"publishingPrinciples\":\"https:\\\/\\\/fonolukk.eu\\\/terms-and-conditions\\\/\",\"ownershipFundingInfo\":\"https:\\\/\\\/fonolukk.eu\\\/about-us\\\/\"}]}<\/script>\n<meta property=\"product:brand\" content=\"Comelit\" \/>\n<meta property=\"product:price:amount\" content=\"0.00\" \/>\n<meta property=\"product:price:currency\" content=\"EUR\" \/>\n<meta property=\"og:availability\" content=\"instock\" \/>\n<meta property=\"product:availability\" content=\"instock\" \/>\n<meta property=\"product:retailer_item_id\" content=\"KITVISTO\/C\" \/>\n<meta property=\"product:condition\" content=\"new\" \/>\n<!-- \/ Yoast SEO Premium plugin. -->","yoast_head_json":{"title":"Comelit Visto WIFI - Fonolukk","description":"Revolutsiooniline juhtmevaba uksekell Visto v\u00f5imaldab teil lihtsalt oma nutitelefonist oma k\u00fclastajaid n\u00e4ha, kuulda ja nendega r\u00e4\u00e4kida.","robots":{"index":"index","follow":"follow","max-snippet":"max-snippet:-1","max-image-preview":"max-image-preview:large","max-video-preview":"max-video-preview:-1"},"canonical":"https:\/\/fonolukk.eu\/et\/tooted\/comelit-visto-wifi\/","og_locale":"et_EE","og_type":"article","og_title":"Comelit Visto WIFI","og_description":"Revolutsiooniline juhtmevaba uksekell Visto v\u00f5imaldab teil lihtsalt oma nutitelefonist oma k\u00fclastajaid n\u00e4ha, kuulda ja nendega r\u00e4\u00e4kida.\u00a0Puhkusel v\u00f5i t\u00f6\u00f6l, kodus v\u00f5i eemal, kus iganes sa ka poleks.","og_url":"https:\/\/fonolukk.eu\/et\/tooted\/comelit-visto-wifi\/","og_site_name":"Fonolukk","article_publisher":"https:\/\/www.facebook.com\/fonolukk","article_modified_time":"2023-05-02T17:57:11+00:00","og_image":[{"width":502,"height":512,"url":"https:\/\/fonolukk.eu\/wp-content\/uploads\/2023\/01\/visto-wifi-1.png","type":"image\/png"}],"twitter_card":"summary_large_image","twitter_misc":{"Hind":"","Availability":"Laos"},"schema":{"@context":"https:\/\/schema.org","@graph":[{"@type":"WebPage","@id":"https:\/\/fonolukk.eu\/et\/tooted\/comelit-visto-wifi\/","url":"https:\/\/fonolukk.eu\/et\/tooted\/comelit-visto-wifi\/","name":"Comelit Visto WIFI - Fonolukk","isPartOf":{"@id":"https:\/\/fonolukk.eu\/et\/#website"},"primaryImageOfPage":{"@id":"https:\/\/fonolukk.eu\/et\/tooted\/comelit-visto-wifi\/#primaryimage"},"image":{"@id":"https:\/\/fonolukk.eu\/et\/tooted\/comelit-visto-wifi\/#primaryimage"},"thumbnailUrl":"https:\/\/fonolukk.eu\/wp-content\/uploads\/2023\/01\/visto-wifi-1.png","datePublished":"2023-01-29T19:16:39+00:00","dateModified":"2023-05-02T17:57:11+00:00","description":"Revolutsiooniline juhtmevaba uksekell Visto v\u00f5imaldab teil lihtsalt oma nutitelefonist oma k\u00fclastajaid n\u00e4ha, kuulda ja nendega r\u00e4\u00e4kida.","breadcrumb":{"@id":"https:\/\/fonolukk.eu\/et\/tooted\/comelit-visto-wifi\/#breadcrumb"},"inLanguage":"et","potentialAction":[{"@type":"ReadAction","target":["https:\/\/fonolukk.eu\/et\/tooted\/comelit-visto-wifi\/"]}]},{"@type":"ImageObject","inLanguage":"et","@id":"https:\/\/fonolukk.eu\/et\/tooted\/comelit-visto-wifi\/#primaryimage","url":"https:\/\/fonolukk.eu\/wp-content\/uploads\/2023\/01\/visto-wifi-1.png","contentUrl":"https:\/\/fonolukk.eu\/wp-content\/uploads\/2023\/01\/visto-wifi-1.png","width":502,"height":512,"caption":"Visto-Wifi-1"},{"@type":"BreadcrumbList","@id":"https:\/\/fonolukk.eu\/et\/tooted\/comelit-visto-wifi\/#breadcrumb","itemListElement":[{"@type":"ListItem","position":1,"name":"Esileht","item":"https:\/\/fonolukk.eu\/et\/koduleht\/"},{"@type":"ListItem","position":2,"name":"Tooted","item":"https:\/\/fonolukk.eu\/et\/shop-2\/"},{"@type":"ListItem","position":3,"name":"Fonolukud","item":"https:\/\/fonolukk.eu\/et\/product-category\/fonolukud\/"},{"@type":"ListItem","position":4,"name":"Comelit Visto WIFI"}]},{"@type":"WebSite","@id":"https:\/\/fonolukk.eu\/et\/#website","url":"https:\/\/fonolukk.eu\/et\/","name":"Fonolukk eu","description":"Smart Security Systems","publisher":{"@id":"https:\/\/fonolukk.eu\/et\/#organization"},"potentialAction":[{"@type":"SearchAction","target":{"@type":"EntryPoint","urlTemplate":"https:\/\/fonolukk.eu\/et\/?s={search_term_string}"},"query-input":{"@type":"PropertyValueSpecification","valueRequired":true,"valueName":"search_term_string"}}],"inLanguage":"et"},{"@type":"Organization","@id":"https:\/\/fonolukk.eu\/et\/#organization","name":"Smart Security OU","url":"https:\/\/fonolukk.eu\/et\/","logo":{"@type":"ImageObject","inLanguage":"et","@id":"https:\/\/fonolukk.eu\/et\/#\/schema\/logo\/image\/","url":"https:\/\/fonolukk.eu\/wp-content\/uploads\/2023\/09\/fonolukk.png","contentUrl":"https:\/\/fonolukk.eu\/wp-content\/uploads\/2023\/09\/fonolukk.png","width":277,"height":274,"caption":"Smart Security OU"},"image":{"@id":"https:\/\/fonolukk.eu\/et\/#\/schema\/logo\/image\/"},"sameAs":["https:\/\/www.facebook.com\/fonolukk","https:\/\/www.instagram.com\/fonolukk\/?hl=ru"],"publishingPrinciples":"https:\/\/fonolukk.eu\/terms-and-conditions\/","ownershipFundingInfo":"https:\/\/fonolukk.eu\/about-us\/"}]},"product_brand":"Comelit","product_price_amount":"0.00","product_price_currency":"EUR","og_availability":"instock","product_availability":"instock","product_retailer_item_id":"KITVISTO\/C","product_condition":"new"},"_links":{"self":[{"href":"https:\/\/fonolukk.eu\/et\/wp-json\/wp\/v2\/product\/14058","targetHints":{"allow":["GET"]}}],"collection":[{"href":"https:\/\/fonolukk.eu\/et\/wp-json\/wp\/v2\/product"}],"about":[{"href":"https:\/\/fonolukk.eu\/et\/wp-json\/wp\/v2\/types\/product"}],"version-history":[{"count":0,"href":"https:\/\/fonolukk.eu\/et\/wp-json\/wp\/v2\/product\/14058\/revisions"}],"wp:featuredmedia":[{"embeddable":true,"href":"https:\/\/fonolukk.eu\/et\/wp-json\/wp\/v2\/media\/14064"}],"wp:attachment":[{"href":"https:\/\/fonolukk.eu\/et\/wp-json\/wp\/v2\/media?parent=14058"}],"wp:term":[{"taxonomy":"product_brand","embeddable":true,"href":"https:\/\/fonolukk.eu\/et\/wp-json\/wp\/v2\/product_brand?post=14058"},{"taxonomy":"product_cat","embeddable":true,"href":"https:\/\/fonolukk.eu\/et\/wp-json\/wp\/v2\/product_cat?post=14058"},{"taxonomy":"product_tag","embeddable":true,"href":"https:\/\/fonolukk.eu\/et\/wp-json\/wp\/v2\/product_tag?post=14058"}],"curies":[{"name":"wp","href":"https:\/\/api.w.org\/{rel}","templated":true}]}}