{"id":14084,"date":"2023-01-30T16:03:48","date_gmt":"2023-01-30T14:03:49","guid":{"rendered":"https:\/\/fonolukk.eu\/?post_type=product&#038;p=14084"},"modified":"2023-05-02T20:32:13","modified_gmt":"2023-05-02T17:32:13","slug":"ps108fb-moodul-8-valjundkanalile","status":"publish","type":"product","link":"https:\/\/fonolukk.eu\/et\/tooted\/ps108fb-moodul-8-valjundkanalile\/","title":{"rendered":"PS108FB Moodul 8 v\u00e4ljundkanalile"},"content":{"rendered":"<h1>PS108FB Moodul 8 v\u00e4ljundkanalile<\/h1>\n<p>8 v\u00e4ljundkanalit 12 V (DC) \u00fcksikute kaitsmetega<br \/>\nIga v\u00e4ljundkanali oleku indikaator<\/p>\n<p>V\u00e4ljundkanalid: 8 kanalit, iga\u00fcks 1A<br \/>\nMonitori relee 220 V: Ei<br \/>\nAku j\u00e4lgimise relee: Ei<br \/>\nT\u00f6\u00f6niiskuse vahemik: 20% \u201380%<br \/>\nM\u00f5\u00f5dud: 65 x 98 x 20 mm<\/p>\n","protected":false},"excerpt":{"rendered":"<p>PS108FB Moodul 8 v\u00e4ljundkanalile 8 v\u00e4ljundkanalit 12 V (DC) \u00fcksikute kaitsmetega Iga v\u00e4ljundkanali oleku indikaator V\u00e4ljundkanalid: 8 kanalit, iga\u00fcks 1A<\/p>\n","protected":false},"featured_media":14087,"template":"","meta":[],"product_brand":[],"product_cat":[1131],"product_tag":[],"class_list":{"0":"post-14084","1":"product","2":"type-product","3":"status-publish","4":"has-post-thumbnail","6":"product_cat-toiteallikas","8":"first","9":"instock","10":"taxable","11":"shipping-taxable","12":"purchasable","13":"product-type-simple"},"yoast_head":"<!-- This site is optimized with the Yoast SEO Premium plugin v27.3 (Yoast SEO v27.3) - https:\/\/yoast.com\/product\/yoast-seo-premium-wordpress\/ -->\n<title>PS108FB Moodul 8 v\u00e4ljundkanalile - Fonolukk<\/title>\n<meta name=\"description\" content=\"8 v\u00e4ljundkanalit 12 V (DC) \u00fcksikute kaitsmetega. Iga v\u00e4ljundkanali oleku indikaator\" \/>\n<meta name=\"robots\" content=\"index, follow, max-snippet:-1, max-image-preview:large, max-video-preview:-1\" \/>\n<link rel=\"canonical\" href=\"https:\/\/fonolukk.eu\/et\/tooted\/ps108fb-moodul-8-valjundkanalile\/\" \/>\n<meta property=\"og:locale\" content=\"et_EE\" \/>\n<meta property=\"og:type\" content=\"article\" \/>\n<meta property=\"og:title\" content=\"PS108FB Moodul 8 v\u00e4ljundkanalile\" \/>\n<meta property=\"og:description\" content=\"PS108FB Moodul 8 v\u00e4ljundkanalile 8 v\u00e4ljundkanalit 12 V (DC) \u00fcksikute kaitsmetega Iga v\u00e4ljundkanali oleku indikaator V\u00e4ljundkanalid: 8 kanalit, iga\u00fcks 1A\" \/>\n<meta property=\"og:url\" content=\"https:\/\/fonolukk.eu\/et\/tooted\/ps108fb-moodul-8-valjundkanalile\/\" \/>\n<meta property=\"og:site_name\" content=\"Fonolukk\" \/>\n<meta property=\"article:publisher\" content=\"https:\/\/www.facebook.com\/fonolukk\" \/>\n<meta property=\"article:modified_time\" content=\"2023-05-02T17:32:13+00:00\" \/>\n<meta property=\"og:image\" content=\"https:\/\/fonolukk.eu\/wp-content\/uploads\/2023\/01\/ps108fb-domofony-600x600_0.jpeg\" \/>\n\t<meta property=\"og:image:width\" content=\"600\" \/>\n\t<meta property=\"og:image:height\" content=\"600\" \/>\n\t<meta property=\"og:image:type\" content=\"image\/jpeg\" \/>\n<meta name=\"twitter:card\" content=\"summary_large_image\" \/>\n<meta name=\"twitter:label1\" content=\"Hind\" \/>\n\t<meta name=\"twitter:data1\" content=\"&euro;3.75 koos KM\" \/>\n\t<meta name=\"twitter:label2\" content=\"Availability\" \/>\n\t<meta name=\"twitter:data2\" content=\"Laos\" \/>\n<script type=\"application\/ld+json\" class=\"yoast-schema-graph\">{\"@context\":\"https:\\\/\\\/schema.org\",\"@graph\":[{\"@type\":\"WebPage\",\"@id\":\"https:\\\/\\\/fonolukk.eu\\\/et\\\/tooted\\\/ps108fb-moodul-8-valjundkanalile\\\/\",\"url\":\"https:\\\/\\\/fonolukk.eu\\\/et\\\/tooted\\\/ps108fb-moodul-8-valjundkanalile\\\/\",\"name\":\"PS108FB Moodul 8 v\u00e4ljundkanalile - Fonolukk\",\"isPartOf\":{\"@id\":\"https:\\\/\\\/fonolukk.eu\\\/et\\\/#website\"},\"primaryImageOfPage\":{\"@id\":\"https:\\\/\\\/fonolukk.eu\\\/et\\\/tooted\\\/ps108fb-moodul-8-valjundkanalile\\\/#primaryimage\"},\"image\":{\"@id\":\"https:\\\/\\\/fonolukk.eu\\\/et\\\/tooted\\\/ps108fb-moodul-8-valjundkanalile\\\/#primaryimage\"},\"thumbnailUrl\":\"https:\\\/\\\/fonolukk.eu\\\/wp-content\\\/uploads\\\/2023\\\/01\\\/ps108fb-domofony-600x600_0.jpeg\",\"datePublished\":\"2023-01-30T14:03:49+00:00\",\"dateModified\":\"2023-05-02T17:32:13+00:00\",\"description\":\"8 v\u00e4ljundkanalit 12 V (DC) \u00fcksikute kaitsmetega. Iga v\u00e4ljundkanali oleku indikaator\",\"breadcrumb\":{\"@id\":\"https:\\\/\\\/fonolukk.eu\\\/et\\\/tooted\\\/ps108fb-moodul-8-valjundkanalile\\\/#breadcrumb\"},\"inLanguage\":\"et\",\"potentialAction\":[{\"@type\":\"ReadAction\",\"target\":[\"https:\\\/\\\/fonolukk.eu\\\/et\\\/tooted\\\/ps108fb-moodul-8-valjundkanalile\\\/\"]}]},{\"@type\":\"ImageObject\",\"inLanguage\":\"et\",\"@id\":\"https:\\\/\\\/fonolukk.eu\\\/et\\\/tooted\\\/ps108fb-moodul-8-valjundkanalile\\\/#primaryimage\",\"url\":\"https:\\\/\\\/fonolukk.eu\\\/wp-content\\\/uploads\\\/2023\\\/01\\\/ps108fb-domofony-600x600_0.jpeg\",\"contentUrl\":\"https:\\\/\\\/fonolukk.eu\\\/wp-content\\\/uploads\\\/2023\\\/01\\\/ps108fb-domofony-600x600_0.jpeg\",\"width\":600,\"height\":600,\"caption\":\"PS108FB Module for 8 output channels\"},{\"@type\":\"BreadcrumbList\",\"@id\":\"https:\\\/\\\/fonolukk.eu\\\/et\\\/tooted\\\/ps108fb-moodul-8-valjundkanalile\\\/#breadcrumb\",\"itemListElement\":[{\"@type\":\"ListItem\",\"position\":1,\"name\":\"Esileht\",\"item\":\"https:\\\/\\\/fonolukk.eu\\\/et\\\/koduleht\\\/\"},{\"@type\":\"ListItem\",\"position\":2,\"name\":\"Tooted\",\"item\":\"https:\\\/\\\/fonolukk.eu\\\/et\\\/shop-2\\\/\"},{\"@type\":\"ListItem\",\"position\":3,\"name\":\"Toiteallikas\",\"item\":\"https:\\\/\\\/fonolukk.eu\\\/et\\\/product-category\\\/toiteallikas\\\/\"},{\"@type\":\"ListItem\",\"position\":4,\"name\":\"PS108FB Moodul 8 v\u00e4ljundkanalile\"}]},{\"@type\":\"WebSite\",\"@id\":\"https:\\\/\\\/fonolukk.eu\\\/et\\\/#website\",\"url\":\"https:\\\/\\\/fonolukk.eu\\\/et\\\/\",\"name\":\"Fonolukk eu\",\"description\":\"Smart Security Systems\",\"publisher\":{\"@id\":\"https:\\\/\\\/fonolukk.eu\\\/et\\\/#organization\"},\"potentialAction\":[{\"@type\":\"SearchAction\",\"target\":{\"@type\":\"EntryPoint\",\"urlTemplate\":\"https:\\\/\\\/fonolukk.eu\\\/et\\\/?s={search_term_string}\"},\"query-input\":{\"@type\":\"PropertyValueSpecification\",\"valueRequired\":true,\"valueName\":\"search_term_string\"}}],\"inLanguage\":\"et\"},{\"@type\":\"Organization\",\"@id\":\"https:\\\/\\\/fonolukk.eu\\\/et\\\/#organization\",\"name\":\"Smart Security OU\",\"url\":\"https:\\\/\\\/fonolukk.eu\\\/et\\\/\",\"logo\":{\"@type\":\"ImageObject\",\"inLanguage\":\"et\",\"@id\":\"https:\\\/\\\/fonolukk.eu\\\/et\\\/#\\\/schema\\\/logo\\\/image\\\/\",\"url\":\"https:\\\/\\\/fonolukk.eu\\\/wp-content\\\/uploads\\\/2023\\\/09\\\/fonolukk.png\",\"contentUrl\":\"https:\\\/\\\/fonolukk.eu\\\/wp-content\\\/uploads\\\/2023\\\/09\\\/fonolukk.png\",\"width\":277,\"height\":274,\"caption\":\"Smart Security OU\"},\"image\":{\"@id\":\"https:\\\/\\\/fonolukk.eu\\\/et\\\/#\\\/schema\\\/logo\\\/image\\\/\"},\"sameAs\":[\"https:\\\/\\\/www.facebook.com\\\/fonolukk\",\"https:\\\/\\\/www.instagram.com\\\/fonolukk\\\/?hl=ru\"],\"publishingPrinciples\":\"https:\\\/\\\/fonolukk.eu\\\/terms-and-conditions\\\/\",\"ownershipFundingInfo\":\"https:\\\/\\\/fonolukk.eu\\\/about-us\\\/\"}]}<\/script>\n<meta property=\"product:price:amount\" content=\"3.75\" \/>\n<meta property=\"product:price:currency\" content=\"EUR\" \/>\n<meta property=\"og:availability\" content=\"instock\" \/>\n<meta property=\"product:availability\" content=\"instock\" \/>\n<meta property=\"product:retailer_item_id\" content=\"PS108FB\" \/>\n<meta property=\"product:condition\" content=\"new\" \/>\n<!-- \/ Yoast SEO Premium plugin. -->","yoast_head_json":{"title":"PS108FB Moodul 8 v\u00e4ljundkanalile - Fonolukk","description":"8 v\u00e4ljundkanalit 12 V (DC) \u00fcksikute kaitsmetega. Iga v\u00e4ljundkanali oleku indikaator","robots":{"index":"index","follow":"follow","max-snippet":"max-snippet:-1","max-image-preview":"max-image-preview:large","max-video-preview":"max-video-preview:-1"},"canonical":"https:\/\/fonolukk.eu\/et\/tooted\/ps108fb-moodul-8-valjundkanalile\/","og_locale":"et_EE","og_type":"article","og_title":"PS108FB Moodul 8 v\u00e4ljundkanalile","og_description":"PS108FB Moodul 8 v\u00e4ljundkanalile 8 v\u00e4ljundkanalit 12 V (DC) \u00fcksikute kaitsmetega Iga v\u00e4ljundkanali oleku indikaator V\u00e4ljundkanalid: 8 kanalit, iga\u00fcks 1A","og_url":"https:\/\/fonolukk.eu\/et\/tooted\/ps108fb-moodul-8-valjundkanalile\/","og_site_name":"Fonolukk","article_publisher":"https:\/\/www.facebook.com\/fonolukk","article_modified_time":"2023-05-02T17:32:13+00:00","og_image":[{"width":600,"height":600,"url":"https:\/\/fonolukk.eu\/wp-content\/uploads\/2023\/01\/ps108fb-domofony-600x600_0.jpeg","type":"image\/jpeg"}],"twitter_card":"summary_large_image","twitter_misc":{"Hind":"&euro;3.75 koos KM","Availability":"Laos"},"schema":{"@context":"https:\/\/schema.org","@graph":[{"@type":"WebPage","@id":"https:\/\/fonolukk.eu\/et\/tooted\/ps108fb-moodul-8-valjundkanalile\/","url":"https:\/\/fonolukk.eu\/et\/tooted\/ps108fb-moodul-8-valjundkanalile\/","name":"PS108FB Moodul 8 v\u00e4ljundkanalile - Fonolukk","isPartOf":{"@id":"https:\/\/fonolukk.eu\/et\/#website"},"primaryImageOfPage":{"@id":"https:\/\/fonolukk.eu\/et\/tooted\/ps108fb-moodul-8-valjundkanalile\/#primaryimage"},"image":{"@id":"https:\/\/fonolukk.eu\/et\/tooted\/ps108fb-moodul-8-valjundkanalile\/#primaryimage"},"thumbnailUrl":"https:\/\/fonolukk.eu\/wp-content\/uploads\/2023\/01\/ps108fb-domofony-600x600_0.jpeg","datePublished":"2023-01-30T14:03:49+00:00","dateModified":"2023-05-02T17:32:13+00:00","description":"8 v\u00e4ljundkanalit 12 V (DC) \u00fcksikute kaitsmetega. Iga v\u00e4ljundkanali oleku indikaator","breadcrumb":{"@id":"https:\/\/fonolukk.eu\/et\/tooted\/ps108fb-moodul-8-valjundkanalile\/#breadcrumb"},"inLanguage":"et","potentialAction":[{"@type":"ReadAction","target":["https:\/\/fonolukk.eu\/et\/tooted\/ps108fb-moodul-8-valjundkanalile\/"]}]},{"@type":"ImageObject","inLanguage":"et","@id":"https:\/\/fonolukk.eu\/et\/tooted\/ps108fb-moodul-8-valjundkanalile\/#primaryimage","url":"https:\/\/fonolukk.eu\/wp-content\/uploads\/2023\/01\/ps108fb-domofony-600x600_0.jpeg","contentUrl":"https:\/\/fonolukk.eu\/wp-content\/uploads\/2023\/01\/ps108fb-domofony-600x600_0.jpeg","width":600,"height":600,"caption":"PS108FB Module for 8 output channels"},{"@type":"BreadcrumbList","@id":"https:\/\/fonolukk.eu\/et\/tooted\/ps108fb-moodul-8-valjundkanalile\/#breadcrumb","itemListElement":[{"@type":"ListItem","position":1,"name":"Esileht","item":"https:\/\/fonolukk.eu\/et\/koduleht\/"},{"@type":"ListItem","position":2,"name":"Tooted","item":"https:\/\/fonolukk.eu\/et\/shop-2\/"},{"@type":"ListItem","position":3,"name":"Toiteallikas","item":"https:\/\/fonolukk.eu\/et\/product-category\/toiteallikas\/"},{"@type":"ListItem","position":4,"name":"PS108FB Moodul 8 v\u00e4ljundkanalile"}]},{"@type":"WebSite","@id":"https:\/\/fonolukk.eu\/et\/#website","url":"https:\/\/fonolukk.eu\/et\/","name":"Fonolukk eu","description":"Smart Security Systems","publisher":{"@id":"https:\/\/fonolukk.eu\/et\/#organization"},"potentialAction":[{"@type":"SearchAction","target":{"@type":"EntryPoint","urlTemplate":"https:\/\/fonolukk.eu\/et\/?s={search_term_string}"},"query-input":{"@type":"PropertyValueSpecification","valueRequired":true,"valueName":"search_term_string"}}],"inLanguage":"et"},{"@type":"Organization","@id":"https:\/\/fonolukk.eu\/et\/#organization","name":"Smart Security OU","url":"https:\/\/fonolukk.eu\/et\/","logo":{"@type":"ImageObject","inLanguage":"et","@id":"https:\/\/fonolukk.eu\/et\/#\/schema\/logo\/image\/","url":"https:\/\/fonolukk.eu\/wp-content\/uploads\/2023\/09\/fonolukk.png","contentUrl":"https:\/\/fonolukk.eu\/wp-content\/uploads\/2023\/09\/fonolukk.png","width":277,"height":274,"caption":"Smart Security OU"},"image":{"@id":"https:\/\/fonolukk.eu\/et\/#\/schema\/logo\/image\/"},"sameAs":["https:\/\/www.facebook.com\/fonolukk","https:\/\/www.instagram.com\/fonolukk\/?hl=ru"],"publishingPrinciples":"https:\/\/fonolukk.eu\/terms-and-conditions\/","ownershipFundingInfo":"https:\/\/fonolukk.eu\/about-us\/"}]},"product_price_amount":"3.75","product_price_currency":"EUR","og_availability":"instock","product_availability":"instock","product_retailer_item_id":"PS108FB","product_condition":"new"},"_links":{"self":[{"href":"https:\/\/fonolukk.eu\/et\/wp-json\/wp\/v2\/product\/14084","targetHints":{"allow":["GET"]}}],"collection":[{"href":"https:\/\/fonolukk.eu\/et\/wp-json\/wp\/v2\/product"}],"about":[{"href":"https:\/\/fonolukk.eu\/et\/wp-json\/wp\/v2\/types\/product"}],"version-history":[{"count":0,"href":"https:\/\/fonolukk.eu\/et\/wp-json\/wp\/v2\/product\/14084\/revisions"}],"wp:featuredmedia":[{"embeddable":true,"href":"https:\/\/fonolukk.eu\/et\/wp-json\/wp\/v2\/media\/14087"}],"wp:attachment":[{"href":"https:\/\/fonolukk.eu\/et\/wp-json\/wp\/v2\/media?parent=14084"}],"wp:term":[{"taxonomy":"product_brand","embeddable":true,"href":"https:\/\/fonolukk.eu\/et\/wp-json\/wp\/v2\/product_brand?post=14084"},{"taxonomy":"product_cat","embeddable":true,"href":"https:\/\/fonolukk.eu\/et\/wp-json\/wp\/v2\/product_cat?post=14084"},{"taxonomy":"product_tag","embeddable":true,"href":"https:\/\/fonolukk.eu\/et\/wp-json\/wp\/v2\/product_tag?post=14084"}],"curies":[{"name":"wp","href":"https:\/\/api.w.org\/{rel}","templated":true}]}}