{"id":14120,"date":"2023-02-08T21:47:57","date_gmt":"2023-02-08T19:47:57","guid":{"rendered":"https:\/\/fonolukk.eu\/?post_type=product&#038;p=14120"},"modified":"2023-05-02T20:09:08","modified_gmt":"2023-05-02T17:09:08","slug":"abk-805-led","status":"publish","type":"product","link":"https:\/\/fonolukk.eu\/et\/tooted\/abk-805-led\/","title":{"rendered":"ABK-805 LED"},"content":{"rendered":"<p>ABK-805 LED-vandaalikindel alumiiniumist taustavalgustusega v\u00e4ljumisnupp on nii NC\/NO, mis v\u00f5imaldab seda kasutada mitmesugustes juurdep\u00e4\u00e4sukontrolli juhtmestikes. ABK-805 LED on kompaktse ja elegantse korpuse disainiga ning pinnapealse paigaldusega. Ja ringikujulise taustavalgustusega nupu olemasolu, v\u00f5imaldab seda kasutada ka halvasti valgustatud ruumides Toote vastupidavust on kinnitanud pool miljonit katsesurvet.<\/p>\n","protected":false},"excerpt":{"rendered":"<p>Selle mudeli erip\u00e4raks v\u00f5rreldes ABK-805 mudeliga on LED-taustvalgustus, mis asub nupu \u00fcmber. ABK-805 LED &#8211; v\u00e4ljumisnupp on m\u00f5eldud kasutamiseks koos video- ja audiosideside, kontrollerite, elektrilukkude ja ukseavajatega. Mudelil on klambriline paigaldust\u00fc\u00fcp, mis v\u00f5imaldab nuppu h\u00f5lpsasti paigaldada. Nuppu ABK-805 saab \u00fchendada normaalselt avatud (NO) t\u00fc\u00fcpi lukuga. Seade on valmistatud roostevabast terasest ning s\u00e4ilitab oma v\u00e4limuse ja toimivuse erinevates temperatuurides. V\u00e4ljap\u00e4\u00e4sunupp sobib juurdep\u00e4\u00e4sukontrollis\u00fcsteemidesse ja seda saab kasutada kontorites, pankades ja elamutes.<\/p>\n","protected":false},"featured_media":13178,"template":"","meta":[],"product_brand":[],"product_cat":[852],"product_tag":[1236,1237],"class_list":{"0":"post-14120","1":"product","2":"type-product","3":"status-publish","4":"has-post-thumbnail","6":"product_cat-ukseavamisnupud","7":"product_tag-abk-805-led-et","8":"product_tag-valjumisnupp","10":"first","11":"instock","12":"taxable","13":"shipping-taxable","14":"purchasable","15":"product-type-simple"},"yoast_head":"<!-- This site is optimized with the Yoast SEO Premium plugin v27.3 (Yoast SEO v27.3) - https:\/\/yoast.com\/product\/yoast-seo-premium-wordpress\/ -->\n<title>ABK-805 LED - Fonolukk<\/title>\n<meta name=\"description\" content=\"ABK-805 LED - ABK-805 LED vandaalikindel alumiiniumist taustavalgustusega v\u00e4ljumisnupp on nii NC\/NO, mis v\u00f5imaldab seda kasutada mitmesugustes juurdep\u00e4\u00e4sukontrolli juhtmestikes.\" \/>\n<meta name=\"robots\" content=\"index, follow, max-snippet:-1, max-image-preview:large, max-video-preview:-1\" \/>\n<link rel=\"canonical\" href=\"https:\/\/fonolukk.eu\/et\/tooted\/abk-805-led\/\" \/>\n<meta property=\"og:locale\" content=\"et_EE\" \/>\n<meta property=\"og:type\" content=\"article\" \/>\n<meta property=\"og:title\" content=\"ABK-805 LED\" \/>\n<meta property=\"og:description\" content=\"Selle mudeli erip\u00e4raks v\u00f5rreldes ABK-805 mudeliga on LED-taustvalgustus, mis asub nupu \u00fcmber. ABK-805 LED - v\u00e4ljumisnupp on m\u00f5eldud kasutamiseks koos video- ja audiosideside, kontrollerite, elektrilukkude ja ukseavajatega. Mudelil on klambriline paigaldust\u00fc\u00fcp, mis v\u00f5imaldab nuppu h\u00f5lpsasti paigaldada. Nuppu ABK-805 saab \u00fchendada normaalselt avatud (NO) t\u00fc\u00fcpi lukuga. Seade on valmistatud roostevabast terasest ning s\u00e4ilitab oma v\u00e4limuse ja toimivuse erinevates temperatuurides. V\u00e4ljap\u00e4\u00e4sunupp sobib juurdep\u00e4\u00e4sukontrollis\u00fcsteemidesse ja seda saab kasutada kontorites, pankades ja elamutes.\" \/>\n<meta property=\"og:url\" content=\"https:\/\/fonolukk.eu\/et\/tooted\/abk-805-led\/\" \/>\n<meta property=\"og:site_name\" content=\"Fonolukk\" \/>\n<meta property=\"article:publisher\" content=\"https:\/\/www.facebook.com\/fonolukk\" \/>\n<meta property=\"article:modified_time\" content=\"2023-05-02T17:09:08+00:00\" \/>\n<meta property=\"og:image\" content=\"https:\/\/fonolukk.eu\/wp-content\/uploads\/2020\/04\/69b916a6_3c77_11e7_8272_7cd30a148dd3_effbbbc5_3d49_11e7_8272_7cd30a148dd3.jpg\" \/>\n\t<meta property=\"og:image:width\" content=\"1300\" \/>\n\t<meta property=\"og:image:height\" content=\"759\" \/>\n\t<meta property=\"og:image:type\" content=\"image\/jpeg\" \/>\n<meta name=\"twitter:card\" content=\"summary_large_image\" \/>\n<meta name=\"twitter:label1\" content=\"Hind\" \/>\n\t<meta name=\"twitter:data1\" content=\"&euro;12.50 koos KM\" \/>\n\t<meta name=\"twitter:label2\" content=\"Availability\" \/>\n\t<meta name=\"twitter:data2\" content=\"Laos\" \/>\n<script type=\"application\/ld+json\" class=\"yoast-schema-graph\">{\"@context\":\"https:\\\/\\\/schema.org\",\"@graph\":[{\"@type\":\"WebPage\",\"@id\":\"https:\\\/\\\/fonolukk.eu\\\/et\\\/tooted\\\/abk-805-led\\\/\",\"url\":\"https:\\\/\\\/fonolukk.eu\\\/et\\\/tooted\\\/abk-805-led\\\/\",\"name\":\"ABK-805 LED - Fonolukk\",\"isPartOf\":{\"@id\":\"https:\\\/\\\/fonolukk.eu\\\/et\\\/#website\"},\"primaryImageOfPage\":{\"@id\":\"https:\\\/\\\/fonolukk.eu\\\/et\\\/tooted\\\/abk-805-led\\\/#primaryimage\"},\"image\":{\"@id\":\"https:\\\/\\\/fonolukk.eu\\\/et\\\/tooted\\\/abk-805-led\\\/#primaryimage\"},\"thumbnailUrl\":\"https:\\\/\\\/fonolukk.eu\\\/wp-content\\\/uploads\\\/2020\\\/04\\\/69b916a6_3c77_11e7_8272_7cd30a148dd3_effbbbc5_3d49_11e7_8272_7cd30a148dd3.jpg\",\"datePublished\":\"2023-02-08T19:47:57+00:00\",\"dateModified\":\"2023-05-02T17:09:08+00:00\",\"description\":\"ABK-805 LED - ABK-805 LED vandaalikindel alumiiniumist taustavalgustusega v\u00e4ljumisnupp on nii NC\\\/NO, mis v\u00f5imaldab seda kasutada mitmesugustes juurdep\u00e4\u00e4sukontrolli juhtmestikes.\",\"breadcrumb\":{\"@id\":\"https:\\\/\\\/fonolukk.eu\\\/et\\\/tooted\\\/abk-805-led\\\/#breadcrumb\"},\"inLanguage\":\"et\",\"potentialAction\":[{\"@type\":\"ReadAction\",\"target\":[\"https:\\\/\\\/fonolukk.eu\\\/et\\\/tooted\\\/abk-805-led\\\/\"]}]},{\"@type\":\"ImageObject\",\"inLanguage\":\"et\",\"@id\":\"https:\\\/\\\/fonolukk.eu\\\/et\\\/tooted\\\/abk-805-led\\\/#primaryimage\",\"url\":\"https:\\\/\\\/fonolukk.eu\\\/wp-content\\\/uploads\\\/2020\\\/04\\\/69b916a6_3c77_11e7_8272_7cd30a148dd3_effbbbc5_3d49_11e7_8272_7cd30a148dd3.jpg\",\"contentUrl\":\"https:\\\/\\\/fonolukk.eu\\\/wp-content\\\/uploads\\\/2020\\\/04\\\/69b916a6_3c77_11e7_8272_7cd30a148dd3_effbbbc5_3d49_11e7_8272_7cd30a148dd3.jpg\",\"width\":1300,\"height\":759,\"caption\":\"ABK-805\"},{\"@type\":\"BreadcrumbList\",\"@id\":\"https:\\\/\\\/fonolukk.eu\\\/et\\\/tooted\\\/abk-805-led\\\/#breadcrumb\",\"itemListElement\":[{\"@type\":\"ListItem\",\"position\":1,\"name\":\"Esileht\",\"item\":\"https:\\\/\\\/fonolukk.eu\\\/et\\\/koduleht\\\/\"},{\"@type\":\"ListItem\",\"position\":2,\"name\":\"Tooted\",\"item\":\"https:\\\/\\\/fonolukk.eu\\\/et\\\/shop-2\\\/\"},{\"@type\":\"ListItem\",\"position\":3,\"name\":\"Ukseavamisnupud\",\"item\":\"https:\\\/\\\/fonolukk.eu\\\/et\\\/product-category\\\/ukseavamisnupud\\\/\"},{\"@type\":\"ListItem\",\"position\":4,\"name\":\"ABK-805 LED\"}]},{\"@type\":\"WebSite\",\"@id\":\"https:\\\/\\\/fonolukk.eu\\\/et\\\/#website\",\"url\":\"https:\\\/\\\/fonolukk.eu\\\/et\\\/\",\"name\":\"Fonolukk eu\",\"description\":\"Smart Security Systems\",\"publisher\":{\"@id\":\"https:\\\/\\\/fonolukk.eu\\\/et\\\/#organization\"},\"potentialAction\":[{\"@type\":\"SearchAction\",\"target\":{\"@type\":\"EntryPoint\",\"urlTemplate\":\"https:\\\/\\\/fonolukk.eu\\\/et\\\/?s={search_term_string}\"},\"query-input\":{\"@type\":\"PropertyValueSpecification\",\"valueRequired\":true,\"valueName\":\"search_term_string\"}}],\"inLanguage\":\"et\"},{\"@type\":\"Organization\",\"@id\":\"https:\\\/\\\/fonolukk.eu\\\/et\\\/#organization\",\"name\":\"Smart Security OU\",\"url\":\"https:\\\/\\\/fonolukk.eu\\\/et\\\/\",\"logo\":{\"@type\":\"ImageObject\",\"inLanguage\":\"et\",\"@id\":\"https:\\\/\\\/fonolukk.eu\\\/et\\\/#\\\/schema\\\/logo\\\/image\\\/\",\"url\":\"https:\\\/\\\/fonolukk.eu\\\/wp-content\\\/uploads\\\/2023\\\/09\\\/fonolukk.png\",\"contentUrl\":\"https:\\\/\\\/fonolukk.eu\\\/wp-content\\\/uploads\\\/2023\\\/09\\\/fonolukk.png\",\"width\":277,\"height\":274,\"caption\":\"Smart Security OU\"},\"image\":{\"@id\":\"https:\\\/\\\/fonolukk.eu\\\/et\\\/#\\\/schema\\\/logo\\\/image\\\/\"},\"sameAs\":[\"https:\\\/\\\/www.facebook.com\\\/fonolukk\",\"https:\\\/\\\/www.instagram.com\\\/fonolukk\\\/?hl=ru\"],\"publishingPrinciples\":\"https:\\\/\\\/fonolukk.eu\\\/terms-and-conditions\\\/\",\"ownershipFundingInfo\":\"https:\\\/\\\/fonolukk.eu\\\/about-us\\\/\"}]}<\/script>\n<meta property=\"product:price:amount\" content=\"12.50\" \/>\n<meta property=\"product:price:currency\" content=\"EUR\" \/>\n<meta property=\"og:availability\" content=\"instock\" \/>\n<meta property=\"product:availability\" content=\"instock\" \/>\n<meta property=\"product:retailer_item_id\" content=\"ABK-805-LED\" \/>\n<meta property=\"product:condition\" content=\"new\" \/>\n<!-- \/ Yoast SEO Premium plugin. -->","yoast_head_json":{"title":"ABK-805 LED - Fonolukk","description":"ABK-805 LED - ABK-805 LED vandaalikindel alumiiniumist taustavalgustusega v\u00e4ljumisnupp on nii NC\/NO, mis v\u00f5imaldab seda kasutada mitmesugustes juurdep\u00e4\u00e4sukontrolli juhtmestikes.","robots":{"index":"index","follow":"follow","max-snippet":"max-snippet:-1","max-image-preview":"max-image-preview:large","max-video-preview":"max-video-preview:-1"},"canonical":"https:\/\/fonolukk.eu\/et\/tooted\/abk-805-led\/","og_locale":"et_EE","og_type":"article","og_title":"ABK-805 LED","og_description":"Selle mudeli erip\u00e4raks v\u00f5rreldes ABK-805 mudeliga on LED-taustvalgustus, mis asub nupu \u00fcmber. ABK-805 LED - v\u00e4ljumisnupp on m\u00f5eldud kasutamiseks koos video- ja audiosideside, kontrollerite, elektrilukkude ja ukseavajatega. Mudelil on klambriline paigaldust\u00fc\u00fcp, mis v\u00f5imaldab nuppu h\u00f5lpsasti paigaldada. Nuppu ABK-805 saab \u00fchendada normaalselt avatud (NO) t\u00fc\u00fcpi lukuga. Seade on valmistatud roostevabast terasest ning s\u00e4ilitab oma v\u00e4limuse ja toimivuse erinevates temperatuurides. V\u00e4ljap\u00e4\u00e4sunupp sobib juurdep\u00e4\u00e4sukontrollis\u00fcsteemidesse ja seda saab kasutada kontorites, pankades ja elamutes.","og_url":"https:\/\/fonolukk.eu\/et\/tooted\/abk-805-led\/","og_site_name":"Fonolukk","article_publisher":"https:\/\/www.facebook.com\/fonolukk","article_modified_time":"2023-05-02T17:09:08+00:00","og_image":[{"width":1300,"height":759,"url":"https:\/\/fonolukk.eu\/wp-content\/uploads\/2020\/04\/69b916a6_3c77_11e7_8272_7cd30a148dd3_effbbbc5_3d49_11e7_8272_7cd30a148dd3.jpg","type":"image\/jpeg"}],"twitter_card":"summary_large_image","twitter_misc":{"Hind":"&euro;12.50 koos KM","Availability":"Laos"},"schema":{"@context":"https:\/\/schema.org","@graph":[{"@type":"WebPage","@id":"https:\/\/fonolukk.eu\/et\/tooted\/abk-805-led\/","url":"https:\/\/fonolukk.eu\/et\/tooted\/abk-805-led\/","name":"ABK-805 LED - Fonolukk","isPartOf":{"@id":"https:\/\/fonolukk.eu\/et\/#website"},"primaryImageOfPage":{"@id":"https:\/\/fonolukk.eu\/et\/tooted\/abk-805-led\/#primaryimage"},"image":{"@id":"https:\/\/fonolukk.eu\/et\/tooted\/abk-805-led\/#primaryimage"},"thumbnailUrl":"https:\/\/fonolukk.eu\/wp-content\/uploads\/2020\/04\/69b916a6_3c77_11e7_8272_7cd30a148dd3_effbbbc5_3d49_11e7_8272_7cd30a148dd3.jpg","datePublished":"2023-02-08T19:47:57+00:00","dateModified":"2023-05-02T17:09:08+00:00","description":"ABK-805 LED - ABK-805 LED vandaalikindel alumiiniumist taustavalgustusega v\u00e4ljumisnupp on nii NC\/NO, mis v\u00f5imaldab seda kasutada mitmesugustes juurdep\u00e4\u00e4sukontrolli juhtmestikes.","breadcrumb":{"@id":"https:\/\/fonolukk.eu\/et\/tooted\/abk-805-led\/#breadcrumb"},"inLanguage":"et","potentialAction":[{"@type":"ReadAction","target":["https:\/\/fonolukk.eu\/et\/tooted\/abk-805-led\/"]}]},{"@type":"ImageObject","inLanguage":"et","@id":"https:\/\/fonolukk.eu\/et\/tooted\/abk-805-led\/#primaryimage","url":"https:\/\/fonolukk.eu\/wp-content\/uploads\/2020\/04\/69b916a6_3c77_11e7_8272_7cd30a148dd3_effbbbc5_3d49_11e7_8272_7cd30a148dd3.jpg","contentUrl":"https:\/\/fonolukk.eu\/wp-content\/uploads\/2020\/04\/69b916a6_3c77_11e7_8272_7cd30a148dd3_effbbbc5_3d49_11e7_8272_7cd30a148dd3.jpg","width":1300,"height":759,"caption":"ABK-805"},{"@type":"BreadcrumbList","@id":"https:\/\/fonolukk.eu\/et\/tooted\/abk-805-led\/#breadcrumb","itemListElement":[{"@type":"ListItem","position":1,"name":"Esileht","item":"https:\/\/fonolukk.eu\/et\/koduleht\/"},{"@type":"ListItem","position":2,"name":"Tooted","item":"https:\/\/fonolukk.eu\/et\/shop-2\/"},{"@type":"ListItem","position":3,"name":"Ukseavamisnupud","item":"https:\/\/fonolukk.eu\/et\/product-category\/ukseavamisnupud\/"},{"@type":"ListItem","position":4,"name":"ABK-805 LED"}]},{"@type":"WebSite","@id":"https:\/\/fonolukk.eu\/et\/#website","url":"https:\/\/fonolukk.eu\/et\/","name":"Fonolukk eu","description":"Smart Security Systems","publisher":{"@id":"https:\/\/fonolukk.eu\/et\/#organization"},"potentialAction":[{"@type":"SearchAction","target":{"@type":"EntryPoint","urlTemplate":"https:\/\/fonolukk.eu\/et\/?s={search_term_string}"},"query-input":{"@type":"PropertyValueSpecification","valueRequired":true,"valueName":"search_term_string"}}],"inLanguage":"et"},{"@type":"Organization","@id":"https:\/\/fonolukk.eu\/et\/#organization","name":"Smart Security OU","url":"https:\/\/fonolukk.eu\/et\/","logo":{"@type":"ImageObject","inLanguage":"et","@id":"https:\/\/fonolukk.eu\/et\/#\/schema\/logo\/image\/","url":"https:\/\/fonolukk.eu\/wp-content\/uploads\/2023\/09\/fonolukk.png","contentUrl":"https:\/\/fonolukk.eu\/wp-content\/uploads\/2023\/09\/fonolukk.png","width":277,"height":274,"caption":"Smart Security OU"},"image":{"@id":"https:\/\/fonolukk.eu\/et\/#\/schema\/logo\/image\/"},"sameAs":["https:\/\/www.facebook.com\/fonolukk","https:\/\/www.instagram.com\/fonolukk\/?hl=ru"],"publishingPrinciples":"https:\/\/fonolukk.eu\/terms-and-conditions\/","ownershipFundingInfo":"https:\/\/fonolukk.eu\/about-us\/"}]},"product_price_amount":"12.50","product_price_currency":"EUR","og_availability":"instock","product_availability":"instock","product_retailer_item_id":"ABK-805-LED","product_condition":"new"},"_links":{"self":[{"href":"https:\/\/fonolukk.eu\/et\/wp-json\/wp\/v2\/product\/14120","targetHints":{"allow":["GET"]}}],"collection":[{"href":"https:\/\/fonolukk.eu\/et\/wp-json\/wp\/v2\/product"}],"about":[{"href":"https:\/\/fonolukk.eu\/et\/wp-json\/wp\/v2\/types\/product"}],"version-history":[{"count":0,"href":"https:\/\/fonolukk.eu\/et\/wp-json\/wp\/v2\/product\/14120\/revisions"}],"wp:featuredmedia":[{"embeddable":true,"href":"https:\/\/fonolukk.eu\/et\/wp-json\/wp\/v2\/media\/13178"}],"wp:attachment":[{"href":"https:\/\/fonolukk.eu\/et\/wp-json\/wp\/v2\/media?parent=14120"}],"wp:term":[{"taxonomy":"product_brand","embeddable":true,"href":"https:\/\/fonolukk.eu\/et\/wp-json\/wp\/v2\/product_brand?post=14120"},{"taxonomy":"product_cat","embeddable":true,"href":"https:\/\/fonolukk.eu\/et\/wp-json\/wp\/v2\/product_cat?post=14120"},{"taxonomy":"product_tag","embeddable":true,"href":"https:\/\/fonolukk.eu\/et\/wp-json\/wp\/v2\/product_tag?post=14120"}],"curies":[{"name":"wp","href":"https:\/\/api.w.org\/{rel}","templated":true}]}}