{"id":14125,"date":"2023-02-10T19:42:51","date_gmt":"2023-02-10T17:42:51","guid":{"rendered":"https:\/\/fonolukk.eu\/?post_type=product&#038;p=14125"},"modified":"2024-07-26T14:52:11","modified_gmt":"2024-07-26T11:52:11","slug":"valistingimus-elektromagnetlukk-ym-280w","status":"publish","type":"product","link":"https:\/\/fonolukk.eu\/et\/tooted\/valistingimus-elektromagnetlukk-ym-280w\/","title":{"rendered":"V\u00e4listingimus elektromagnetlukk YM-280W"},"content":{"rendered":"<h2>Kirjeldus<\/h2>\n<div>\n<ul>\n<li>v\u00e4litingimustes kasutamiseks.<\/li>\n<li>S\u00e4ilitab 300 kg t\u00f5mbej\u00f5u<\/li>\n<li>Roostevabast terasest korpus<\/li>\n<li>Vastupidav niiskusele<\/li>\n<\/ul>\n<table border=\"0\" cellspacing=\"1\" cellpadding=\"4\">\n<tbody>\n<tr>\n<td bgcolor=\"#ffffff\">V\u00f5imsus<\/td>\n<td bgcolor=\"#ffffff\">12 V DC \u2013 0,480A;<\/td>\n<\/tr>\n<tr>\n<td bgcolor=\"#ffffff\">Hoidej\u00f5ud (kg)<\/td>\n<td bgcolor=\"#ffffff\">300<\/td>\n<\/tr>\n<tr>\n<td bgcolor=\"#ffffff\">Luku suurus<\/td>\n<td bgcolor=\"#ffffff\">222 x 42 x 26 (mm)<\/td>\n<\/tr>\n<tr>\n<td bgcolor=\"#ffffff\">T\u00f6\u00f6temperatuur<\/td>\n<td bgcolor=\"#ffffff\">-20\u00b0C ~ +55\u00b0C<\/td>\n<\/tr>\n<\/tbody>\n<\/table>\n<\/div>\n<p><span class=\"toote_info_label\">Vajalik kinnitusplaat\u00a0 L v\u00f5i Z vaata\u00a0 allpool<\/span><\/p>\n","protected":false},"excerpt":{"rendered":"<p>Kirjeldus v\u00e4litingimustes kasutamiseks. S\u00e4ilitab 300 kg t\u00f5mbej\u00f5u Roostevabast terasest korpus Vastupidav niiskusele V\u00f5imsus 12 V DC \u2013 0,480A; Hoidej\u00f5ud (kg)<\/p>\n","protected":false},"featured_media":14130,"template":"","meta":[],"product_brand":[],"product_cat":[881,880],"product_tag":[1228,1229,1230],"class_list":{"0":"post-14125","1":"product","2":"type-product","3":"status-publish","4":"has-post-thumbnail","6":"product_cat-magnetlukud","7":"product_cat-elektrilukud","8":"product_tag-elektromagnetiline-lukk","9":"product_tag-ym-280w-et","10":"product_tag-magnetiline-sulgemine","12":"first","13":"instock","14":"taxable","15":"shipping-taxable","16":"purchasable","17":"product-type-simple"},"yoast_head":"<!-- This site is optimized with the Yoast SEO Premium plugin v27.3 (Yoast SEO v27.3) - https:\/\/yoast.com\/product\/yoast-seo-premium-wordpress\/ -->\n<title>V\u00e4listingimus elektromagnetlukk YM-280W - Fonolukk<\/title>\n<meta name=\"description\" content=\"V\u00e4listingimus elektromagnetlukk YM-280W - V\u00e4litingimustes kasutamiseks. Vastupidav 300 kg t\u00f5mbej\u00f5ule. Roostevabast terasest korpus. Niiskuskindel.\" \/>\n<meta name=\"robots\" content=\"index, follow, max-snippet:-1, max-image-preview:large, max-video-preview:-1\" \/>\n<link rel=\"canonical\" href=\"https:\/\/fonolukk.eu\/et\/tooted\/valistingimus-elektromagnetlukk-ym-280w\/\" \/>\n<meta property=\"og:locale\" content=\"et_EE\" \/>\n<meta property=\"og:type\" content=\"article\" \/>\n<meta property=\"og:title\" content=\"V\u00e4listingimus elektromagnetlukk YM-280W\" \/>\n<meta property=\"og:description\" content=\"Kirjeldus v\u00e4litingimustes kasutamiseks. S\u00e4ilitab 300 kg t\u00f5mbej\u00f5u Roostevabast terasest korpus Vastupidav niiskusele V\u00f5imsus 12 V DC \u2013 0,480A; Hoidej\u00f5ud\" \/>\n<meta property=\"og:url\" content=\"https:\/\/fonolukk.eu\/et\/tooted\/valistingimus-elektromagnetlukk-ym-280w\/\" \/>\n<meta property=\"og:site_name\" content=\"Fonolukk\" \/>\n<meta property=\"article:publisher\" content=\"https:\/\/www.facebook.com\/fonolukk\" \/>\n<meta property=\"article:modified_time\" content=\"2024-07-26T11:52:11+00:00\" \/>\n<meta property=\"og:image\" content=\"https:\/\/fonolukk.eu\/wp-content\/uploads\/2023\/02\/ym-280w_fonolukk-e1676051248630.jpeg\" \/>\n\t<meta property=\"og:image:width\" content=\"562\" \/>\n\t<meta property=\"og:image:height\" content=\"375\" \/>\n\t<meta property=\"og:image:type\" content=\"image\/jpeg\" \/>\n<meta name=\"twitter:card\" content=\"summary_large_image\" \/>\n<meta name=\"twitter:label1\" content=\"Hind\" \/>\n\t<meta name=\"twitter:data1\" content=\"&euro;65.83 koos KM\" \/>\n\t<meta name=\"twitter:label2\" content=\"Availability\" \/>\n\t<meta name=\"twitter:data2\" content=\"Laos\" \/>\n<script type=\"application\/ld+json\" class=\"yoast-schema-graph\">{\"@context\":\"https:\\\/\\\/schema.org\",\"@graph\":[{\"@type\":\"WebPage\",\"@id\":\"https:\\\/\\\/fonolukk.eu\\\/et\\\/tooted\\\/valistingimus-elektromagnetlukk-ym-280w\\\/\",\"url\":\"https:\\\/\\\/fonolukk.eu\\\/et\\\/tooted\\\/valistingimus-elektromagnetlukk-ym-280w\\\/\",\"name\":\"V\u00e4listingimus elektromagnetlukk YM-280W - Fonolukk\",\"isPartOf\":{\"@id\":\"https:\\\/\\\/fonolukk.eu\\\/et\\\/#website\"},\"primaryImageOfPage\":{\"@id\":\"https:\\\/\\\/fonolukk.eu\\\/et\\\/tooted\\\/valistingimus-elektromagnetlukk-ym-280w\\\/#primaryimage\"},\"image\":{\"@id\":\"https:\\\/\\\/fonolukk.eu\\\/et\\\/tooted\\\/valistingimus-elektromagnetlukk-ym-280w\\\/#primaryimage\"},\"thumbnailUrl\":\"https:\\\/\\\/fonolukk.eu\\\/wp-content\\\/uploads\\\/2023\\\/02\\\/ym-280w_fonolukk-e1676051248630.jpeg\",\"datePublished\":\"2023-02-10T17:42:51+00:00\",\"dateModified\":\"2024-07-26T11:52:11+00:00\",\"description\":\"V\u00e4listingimus elektromagnetlukk YM-280W - V\u00e4litingimustes kasutamiseks. Vastupidav 300 kg t\u00f5mbej\u00f5ule. Roostevabast terasest korpus. Niiskuskindel.\",\"breadcrumb\":{\"@id\":\"https:\\\/\\\/fonolukk.eu\\\/et\\\/tooted\\\/valistingimus-elektromagnetlukk-ym-280w\\\/#breadcrumb\"},\"inLanguage\":\"et\",\"potentialAction\":[{\"@type\":\"ReadAction\",\"target\":[\"https:\\\/\\\/fonolukk.eu\\\/et\\\/tooted\\\/valistingimus-elektromagnetlukk-ym-280w\\\/\"]}]},{\"@type\":\"ImageObject\",\"inLanguage\":\"et\",\"@id\":\"https:\\\/\\\/fonolukk.eu\\\/et\\\/tooted\\\/valistingimus-elektromagnetlukk-ym-280w\\\/#primaryimage\",\"url\":\"https:\\\/\\\/fonolukk.eu\\\/wp-content\\\/uploads\\\/2023\\\/02\\\/ym-280w_fonolukk-e1676051248630.jpeg\",\"contentUrl\":\"https:\\\/\\\/fonolukk.eu\\\/wp-content\\\/uploads\\\/2023\\\/02\\\/ym-280w_fonolukk-e1676051248630.jpeg\",\"width\":497,\"height\":317,\"caption\":\"External condition electromagnetic lock YM-280W\"},{\"@type\":\"BreadcrumbList\",\"@id\":\"https:\\\/\\\/fonolukk.eu\\\/et\\\/tooted\\\/valistingimus-elektromagnetlukk-ym-280w\\\/#breadcrumb\",\"itemListElement\":[{\"@type\":\"ListItem\",\"position\":1,\"name\":\"Esileht\",\"item\":\"https:\\\/\\\/fonolukk.eu\\\/et\\\/koduleht\\\/\"},{\"@type\":\"ListItem\",\"position\":2,\"name\":\"Tooted\",\"item\":\"https:\\\/\\\/fonolukk.eu\\\/et\\\/shop-2\\\/\"},{\"@type\":\"ListItem\",\"position\":3,\"name\":\"Elektrilukud\",\"item\":\"https:\\\/\\\/fonolukk.eu\\\/et\\\/product-category\\\/elektrilukud\\\/\"},{\"@type\":\"ListItem\",\"position\":4,\"name\":\"Magnetlukud\",\"item\":\"https:\\\/\\\/fonolukk.eu\\\/et\\\/product-category\\\/elektrilukud\\\/magnetlukud\\\/\"},{\"@type\":\"ListItem\",\"position\":5,\"name\":\"V\u00e4listingimus elektromagnetlukk YM-280W\"}]},{\"@type\":\"WebSite\",\"@id\":\"https:\\\/\\\/fonolukk.eu\\\/et\\\/#website\",\"url\":\"https:\\\/\\\/fonolukk.eu\\\/et\\\/\",\"name\":\"Fonolukk eu\",\"description\":\"Smart Security Systems\",\"publisher\":{\"@id\":\"https:\\\/\\\/fonolukk.eu\\\/et\\\/#organization\"},\"potentialAction\":[{\"@type\":\"SearchAction\",\"target\":{\"@type\":\"EntryPoint\",\"urlTemplate\":\"https:\\\/\\\/fonolukk.eu\\\/et\\\/?s={search_term_string}\"},\"query-input\":{\"@type\":\"PropertyValueSpecification\",\"valueRequired\":true,\"valueName\":\"search_term_string\"}}],\"inLanguage\":\"et\"},{\"@type\":\"Organization\",\"@id\":\"https:\\\/\\\/fonolukk.eu\\\/et\\\/#organization\",\"name\":\"Smart Security OU\",\"url\":\"https:\\\/\\\/fonolukk.eu\\\/et\\\/\",\"logo\":{\"@type\":\"ImageObject\",\"inLanguage\":\"et\",\"@id\":\"https:\\\/\\\/fonolukk.eu\\\/et\\\/#\\\/schema\\\/logo\\\/image\\\/\",\"url\":\"https:\\\/\\\/fonolukk.eu\\\/wp-content\\\/uploads\\\/2023\\\/09\\\/fonolukk.png\",\"contentUrl\":\"https:\\\/\\\/fonolukk.eu\\\/wp-content\\\/uploads\\\/2023\\\/09\\\/fonolukk.png\",\"width\":277,\"height\":274,\"caption\":\"Smart Security OU\"},\"image\":{\"@id\":\"https:\\\/\\\/fonolukk.eu\\\/et\\\/#\\\/schema\\\/logo\\\/image\\\/\"},\"sameAs\":[\"https:\\\/\\\/www.facebook.com\\\/fonolukk\",\"https:\\\/\\\/www.instagram.com\\\/fonolukk\\\/?hl=ru\"],\"publishingPrinciples\":\"https:\\\/\\\/fonolukk.eu\\\/terms-and-conditions\\\/\",\"ownershipFundingInfo\":\"https:\\\/\\\/fonolukk.eu\\\/about-us\\\/\"}]}<\/script>\n<meta property=\"product:price:amount\" content=\"65.83\" \/>\n<meta property=\"product:price:currency\" content=\"EUR\" \/>\n<meta property=\"og:availability\" content=\"instock\" \/>\n<meta property=\"product:availability\" content=\"instock\" \/>\n<meta property=\"product:retailer_item_id\" content=\"YM-280W\" \/>\n<meta property=\"product:condition\" content=\"new\" \/>\n<!-- \/ Yoast SEO Premium plugin. -->","yoast_head_json":{"title":"V\u00e4listingimus elektromagnetlukk YM-280W - Fonolukk","description":"V\u00e4listingimus elektromagnetlukk YM-280W - V\u00e4litingimustes kasutamiseks. Vastupidav 300 kg t\u00f5mbej\u00f5ule. Roostevabast terasest korpus. Niiskuskindel.","robots":{"index":"index","follow":"follow","max-snippet":"max-snippet:-1","max-image-preview":"max-image-preview:large","max-video-preview":"max-video-preview:-1"},"canonical":"https:\/\/fonolukk.eu\/et\/tooted\/valistingimus-elektromagnetlukk-ym-280w\/","og_locale":"et_EE","og_type":"article","og_title":"V\u00e4listingimus elektromagnetlukk YM-280W","og_description":"Kirjeldus v\u00e4litingimustes kasutamiseks. S\u00e4ilitab 300 kg t\u00f5mbej\u00f5u Roostevabast terasest korpus Vastupidav niiskusele V\u00f5imsus 12 V DC \u2013 0,480A; Hoidej\u00f5ud","og_url":"https:\/\/fonolukk.eu\/et\/tooted\/valistingimus-elektromagnetlukk-ym-280w\/","og_site_name":"Fonolukk","article_publisher":"https:\/\/www.facebook.com\/fonolukk","article_modified_time":"2024-07-26T11:52:11+00:00","og_image":[{"width":562,"height":375,"url":"https:\/\/fonolukk.eu\/wp-content\/uploads\/2023\/02\/ym-280w_fonolukk-e1676051248630.jpeg","type":"image\/jpeg"}],"twitter_card":"summary_large_image","twitter_misc":{"Hind":"&euro;65.83 koos KM","Availability":"Laos"},"schema":{"@context":"https:\/\/schema.org","@graph":[{"@type":"WebPage","@id":"https:\/\/fonolukk.eu\/et\/tooted\/valistingimus-elektromagnetlukk-ym-280w\/","url":"https:\/\/fonolukk.eu\/et\/tooted\/valistingimus-elektromagnetlukk-ym-280w\/","name":"V\u00e4listingimus elektromagnetlukk YM-280W - Fonolukk","isPartOf":{"@id":"https:\/\/fonolukk.eu\/et\/#website"},"primaryImageOfPage":{"@id":"https:\/\/fonolukk.eu\/et\/tooted\/valistingimus-elektromagnetlukk-ym-280w\/#primaryimage"},"image":{"@id":"https:\/\/fonolukk.eu\/et\/tooted\/valistingimus-elektromagnetlukk-ym-280w\/#primaryimage"},"thumbnailUrl":"https:\/\/fonolukk.eu\/wp-content\/uploads\/2023\/02\/ym-280w_fonolukk-e1676051248630.jpeg","datePublished":"2023-02-10T17:42:51+00:00","dateModified":"2024-07-26T11:52:11+00:00","description":"V\u00e4listingimus elektromagnetlukk YM-280W - V\u00e4litingimustes kasutamiseks. Vastupidav 300 kg t\u00f5mbej\u00f5ule. Roostevabast terasest korpus. Niiskuskindel.","breadcrumb":{"@id":"https:\/\/fonolukk.eu\/et\/tooted\/valistingimus-elektromagnetlukk-ym-280w\/#breadcrumb"},"inLanguage":"et","potentialAction":[{"@type":"ReadAction","target":["https:\/\/fonolukk.eu\/et\/tooted\/valistingimus-elektromagnetlukk-ym-280w\/"]}]},{"@type":"ImageObject","inLanguage":"et","@id":"https:\/\/fonolukk.eu\/et\/tooted\/valistingimus-elektromagnetlukk-ym-280w\/#primaryimage","url":"https:\/\/fonolukk.eu\/wp-content\/uploads\/2023\/02\/ym-280w_fonolukk-e1676051248630.jpeg","contentUrl":"https:\/\/fonolukk.eu\/wp-content\/uploads\/2023\/02\/ym-280w_fonolukk-e1676051248630.jpeg","width":497,"height":317,"caption":"External condition electromagnetic lock YM-280W"},{"@type":"BreadcrumbList","@id":"https:\/\/fonolukk.eu\/et\/tooted\/valistingimus-elektromagnetlukk-ym-280w\/#breadcrumb","itemListElement":[{"@type":"ListItem","position":1,"name":"Esileht","item":"https:\/\/fonolukk.eu\/et\/koduleht\/"},{"@type":"ListItem","position":2,"name":"Tooted","item":"https:\/\/fonolukk.eu\/et\/shop-2\/"},{"@type":"ListItem","position":3,"name":"Elektrilukud","item":"https:\/\/fonolukk.eu\/et\/product-category\/elektrilukud\/"},{"@type":"ListItem","position":4,"name":"Magnetlukud","item":"https:\/\/fonolukk.eu\/et\/product-category\/elektrilukud\/magnetlukud\/"},{"@type":"ListItem","position":5,"name":"V\u00e4listingimus elektromagnetlukk YM-280W"}]},{"@type":"WebSite","@id":"https:\/\/fonolukk.eu\/et\/#website","url":"https:\/\/fonolukk.eu\/et\/","name":"Fonolukk eu","description":"Smart Security Systems","publisher":{"@id":"https:\/\/fonolukk.eu\/et\/#organization"},"potentialAction":[{"@type":"SearchAction","target":{"@type":"EntryPoint","urlTemplate":"https:\/\/fonolukk.eu\/et\/?s={search_term_string}"},"query-input":{"@type":"PropertyValueSpecification","valueRequired":true,"valueName":"search_term_string"}}],"inLanguage":"et"},{"@type":"Organization","@id":"https:\/\/fonolukk.eu\/et\/#organization","name":"Smart Security OU","url":"https:\/\/fonolukk.eu\/et\/","logo":{"@type":"ImageObject","inLanguage":"et","@id":"https:\/\/fonolukk.eu\/et\/#\/schema\/logo\/image\/","url":"https:\/\/fonolukk.eu\/wp-content\/uploads\/2023\/09\/fonolukk.png","contentUrl":"https:\/\/fonolukk.eu\/wp-content\/uploads\/2023\/09\/fonolukk.png","width":277,"height":274,"caption":"Smart Security OU"},"image":{"@id":"https:\/\/fonolukk.eu\/et\/#\/schema\/logo\/image\/"},"sameAs":["https:\/\/www.facebook.com\/fonolukk","https:\/\/www.instagram.com\/fonolukk\/?hl=ru"],"publishingPrinciples":"https:\/\/fonolukk.eu\/terms-and-conditions\/","ownershipFundingInfo":"https:\/\/fonolukk.eu\/about-us\/"}]},"product_price_amount":"65.83","product_price_currency":"EUR","og_availability":"instock","product_availability":"instock","product_retailer_item_id":"YM-280W","product_condition":"new"},"_links":{"self":[{"href":"https:\/\/fonolukk.eu\/et\/wp-json\/wp\/v2\/product\/14125","targetHints":{"allow":["GET"]}}],"collection":[{"href":"https:\/\/fonolukk.eu\/et\/wp-json\/wp\/v2\/product"}],"about":[{"href":"https:\/\/fonolukk.eu\/et\/wp-json\/wp\/v2\/types\/product"}],"version-history":[{"count":0,"href":"https:\/\/fonolukk.eu\/et\/wp-json\/wp\/v2\/product\/14125\/revisions"}],"wp:featuredmedia":[{"embeddable":true,"href":"https:\/\/fonolukk.eu\/et\/wp-json\/wp\/v2\/media\/14130"}],"wp:attachment":[{"href":"https:\/\/fonolukk.eu\/et\/wp-json\/wp\/v2\/media?parent=14125"}],"wp:term":[{"taxonomy":"product_brand","embeddable":true,"href":"https:\/\/fonolukk.eu\/et\/wp-json\/wp\/v2\/product_brand?post=14125"},{"taxonomy":"product_cat","embeddable":true,"href":"https:\/\/fonolukk.eu\/et\/wp-json\/wp\/v2\/product_cat?post=14125"},{"taxonomy":"product_tag","embeddable":true,"href":"https:\/\/fonolukk.eu\/et\/wp-json\/wp\/v2\/product_tag?post=14125"}],"curies":[{"name":"wp","href":"https:\/\/api.w.org\/{rel}","templated":true}]}}