{"id":15292,"date":"2023-07-04T09:16:40","date_gmt":"2023-07-04T06:16:41","guid":{"rendered":"https:\/\/fonolukk.eu\/?post_type=product&#038;p=15292"},"modified":"2025-05-10T13:04:46","modified_gmt":"2025-05-10T10:04:46","slug":"eltis-valjumise-nupp-b21","status":"publish","type":"product","link":"https:\/\/fonolukk.eu\/et\/tooted\/eltis-valjumise-nupp-b21\/","title":{"rendered":"Eltis v\u00e4ljumise nupp B21"},"content":{"rendered":"<table style=\"width: 100%;\">\n<tbody>\n<tr>\n<th>Parameeter<\/th>\n<th>T\u00e4hendus<\/th>\n<\/tr>\n<tr>\n<td>Nupu t\u00fc\u00fcp<\/td>\n<td>Mehaaniline, tavaliselt avatud<\/td>\n<\/tr>\n<tr>\n<td>Taustvalgus<\/td>\n<td>Valgusdiood<\/td>\n<\/tr>\n<tr>\n<td>L\u00fclitatud pinge, mitte rohkem kui:<\/td>\n<td>25 V<\/td>\n<\/tr>\n<tr>\n<td>L\u00fclitusvool, mitte rohkem kui:<\/td>\n<td>0.1 \u0410<\/td>\n<\/tr>\n<tr>\n<td>Alalisvoolu toitepinge:<\/td>\n<td>16 &#8211; 21 V alalisvool, 13-18 V AC<\/td>\n<\/tr>\n<tr>\n<td>Raam:<\/td>\n<td>Metallist<\/td>\n<\/tr>\n<tr>\n<td>Paigalduse t\u00fc\u00fcp:<\/td>\n<td>Saateleht<\/td>\n<\/tr>\n<\/tbody>\n<\/table>\n","protected":false},"excerpt":{"rendered":"<p>V\u00e4ljumisnupp Eltis B-21 kasutatakse ACSis &#8211; nupuna luku avamiseks, kui see on \u00fchendatud fonolukku v\u00f5i kontrolleriga. Tavaliselt avatud, kui seda vajutatakse, l\u00fclitab see elektromagnetluku juhtimissignaalid \u00fcmber. Nupp on valmistatud vandaalikindlast metallkorpusest ja k\u00f5rgendatud vastupidavusega pulberemailv\u00e4rviga.<\/p>\n","protected":false},"featured_media":15298,"template":"","meta":[],"product_brand":[],"product_cat":[852],"product_tag":[1237,1334,1335],"class_list":{"0":"post-15292","1":"product","2":"type-product","3":"status-publish","4":"has-post-thumbnail","6":"product_cat-ukseavamisnupud","7":"product_tag-valjumisnupp","8":"product_tag-eltis-et","9":"product_tag-b21-et","10":"pa_brand-eltis-et","12":"first","13":"outofstock","14":"taxable","15":"shipping-taxable","16":"purchasable","17":"product-type-simple"},"yoast_head":"<!-- This site is optimized with the Yoast SEO Premium plugin v27.3 (Yoast SEO v27.3) - https:\/\/yoast.com\/product\/yoast-seo-premium-wordpress\/ -->\n<title>Eltis v\u00e4ljumise nupp B21 - Fonolukk<\/title>\n<meta name=\"description\" content=\"Eltis v\u00e4ljumise nupp B21 -% V\u00e4ljumisnupp Eltis B-21 kasutatakse ACSis - nupuna luku avamiseks, kui see on \u00fchendatud fonolukku v\u00f5i kontrolleriga.\" \/>\n<meta name=\"robots\" content=\"index, follow, max-snippet:-1, max-image-preview:large, max-video-preview:-1\" \/>\n<link rel=\"canonical\" href=\"https:\/\/fonolukk.eu\/et\/tooted\/eltis-valjumise-nupp-b21\/\" \/>\n<meta property=\"og:locale\" content=\"et_EE\" \/>\n<meta property=\"og:type\" content=\"article\" \/>\n<meta property=\"og:title\" content=\"Eltis v\u00e4ljumise nupp B21\" \/>\n<meta property=\"og:description\" content=\"V\u00e4ljumisnupp Eltis B-21 kasutatakse ACSis - nupuna luku avamiseks, kui see on \u00fchendatud fonolukku v\u00f5i kontrolleriga. Tavaliselt avatud, kui seda vajutatakse, l\u00fclitab see elektromagnetluku juhtimissignaalid \u00fcmber. Nupp on valmistatud vandaalikindlast metallkorpusest ja k\u00f5rgendatud vastupidavusega pulberemailv\u00e4rviga.\" \/>\n<meta property=\"og:url\" content=\"https:\/\/fonolukk.eu\/et\/tooted\/eltis-valjumise-nupp-b21\/\" \/>\n<meta property=\"og:site_name\" content=\"Fonolukk\" \/>\n<meta property=\"article:publisher\" content=\"https:\/\/www.facebook.com\/fonolukk\" \/>\n<meta property=\"article:modified_time\" content=\"2025-05-10T10:04:46+00:00\" \/>\n<meta property=\"og:image\" content=\"https:\/\/fonolukk.eu\/wp-content\/uploads\/2023\/07\/eltis-exit-button-b21.png\" \/>\n\t<meta property=\"og:image:width\" content=\"722\" \/>\n\t<meta property=\"og:image:height\" content=\"700\" \/>\n\t<meta property=\"og:image:type\" content=\"image\/png\" \/>\n<meta name=\"twitter:card\" content=\"summary_large_image\" \/>\n<meta name=\"twitter:label1\" content=\"Hind\" \/>\n\t<meta name=\"twitter:data1\" content=\"&euro;24.17 koos KM\" \/>\n\t<meta name=\"twitter:label2\" content=\"Availability\" \/>\n\t<meta name=\"twitter:data2\" content=\"Laost otsas\" \/>\n<script type=\"application\/ld+json\" class=\"yoast-schema-graph\">{\"@context\":\"https:\\\/\\\/schema.org\",\"@graph\":[{\"@type\":\"WebPage\",\"@id\":\"https:\\\/\\\/fonolukk.eu\\\/et\\\/tooted\\\/eltis-valjumise-nupp-b21\\\/\",\"url\":\"https:\\\/\\\/fonolukk.eu\\\/et\\\/tooted\\\/eltis-valjumise-nupp-b21\\\/\",\"name\":\"Eltis v\u00e4ljumise nupp B21 - Fonolukk\",\"isPartOf\":{\"@id\":\"https:\\\/\\\/fonolukk.eu\\\/et\\\/#website\"},\"primaryImageOfPage\":{\"@id\":\"https:\\\/\\\/fonolukk.eu\\\/et\\\/tooted\\\/eltis-valjumise-nupp-b21\\\/#primaryimage\"},\"image\":{\"@id\":\"https:\\\/\\\/fonolukk.eu\\\/et\\\/tooted\\\/eltis-valjumise-nupp-b21\\\/#primaryimage\"},\"thumbnailUrl\":\"https:\\\/\\\/fonolukk.eu\\\/wp-content\\\/uploads\\\/2023\\\/07\\\/eltis-exit-button-b21.png\",\"datePublished\":\"2023-07-04T06:16:41+00:00\",\"dateModified\":\"2025-05-10T10:04:46+00:00\",\"description\":\"Eltis v\u00e4ljumise nupp B21 -% V\u00e4ljumisnupp Eltis B-21 kasutatakse ACSis - nupuna luku avamiseks, kui see on \u00fchendatud fonolukku v\u00f5i kontrolleriga.\",\"breadcrumb\":{\"@id\":\"https:\\\/\\\/fonolukk.eu\\\/et\\\/tooted\\\/eltis-valjumise-nupp-b21\\\/#breadcrumb\"},\"inLanguage\":\"et\",\"potentialAction\":[{\"@type\":\"ReadAction\",\"target\":[\"https:\\\/\\\/fonolukk.eu\\\/et\\\/tooted\\\/eltis-valjumise-nupp-b21\\\/\"]}]},{\"@type\":\"ImageObject\",\"inLanguage\":\"et\",\"@id\":\"https:\\\/\\\/fonolukk.eu\\\/et\\\/tooted\\\/eltis-valjumise-nupp-b21\\\/#primaryimage\",\"url\":\"https:\\\/\\\/fonolukk.eu\\\/wp-content\\\/uploads\\\/2023\\\/07\\\/eltis-exit-button-b21.png\",\"contentUrl\":\"https:\\\/\\\/fonolukk.eu\\\/wp-content\\\/uploads\\\/2023\\\/07\\\/eltis-exit-button-b21.png\",\"width\":722,\"height\":700,\"caption\":\"Eltis b21\"},{\"@type\":\"BreadcrumbList\",\"@id\":\"https:\\\/\\\/fonolukk.eu\\\/et\\\/tooted\\\/eltis-valjumise-nupp-b21\\\/#breadcrumb\",\"itemListElement\":[{\"@type\":\"ListItem\",\"position\":1,\"name\":\"Esileht\",\"item\":\"https:\\\/\\\/fonolukk.eu\\\/et\\\/koduleht\\\/\"},{\"@type\":\"ListItem\",\"position\":2,\"name\":\"Tooted\",\"item\":\"https:\\\/\\\/fonolukk.eu\\\/et\\\/shop-2\\\/\"},{\"@type\":\"ListItem\",\"position\":3,\"name\":\"Ukseavamisnupud\",\"item\":\"https:\\\/\\\/fonolukk.eu\\\/et\\\/product-category\\\/ukseavamisnupud\\\/\"},{\"@type\":\"ListItem\",\"position\":4,\"name\":\"Eltis v\u00e4ljumise nupp B21\"}]},{\"@type\":\"WebSite\",\"@id\":\"https:\\\/\\\/fonolukk.eu\\\/et\\\/#website\",\"url\":\"https:\\\/\\\/fonolukk.eu\\\/et\\\/\",\"name\":\"Fonolukk eu\",\"description\":\"Smart Security Systems\",\"publisher\":{\"@id\":\"https:\\\/\\\/fonolukk.eu\\\/et\\\/#organization\"},\"potentialAction\":[{\"@type\":\"SearchAction\",\"target\":{\"@type\":\"EntryPoint\",\"urlTemplate\":\"https:\\\/\\\/fonolukk.eu\\\/et\\\/?s={search_term_string}\"},\"query-input\":{\"@type\":\"PropertyValueSpecification\",\"valueRequired\":true,\"valueName\":\"search_term_string\"}}],\"inLanguage\":\"et\"},{\"@type\":\"Organization\",\"@id\":\"https:\\\/\\\/fonolukk.eu\\\/et\\\/#organization\",\"name\":\"Smart Security OU\",\"url\":\"https:\\\/\\\/fonolukk.eu\\\/et\\\/\",\"logo\":{\"@type\":\"ImageObject\",\"inLanguage\":\"et\",\"@id\":\"https:\\\/\\\/fonolukk.eu\\\/et\\\/#\\\/schema\\\/logo\\\/image\\\/\",\"url\":\"https:\\\/\\\/fonolukk.eu\\\/wp-content\\\/uploads\\\/2023\\\/09\\\/fonolukk.png\",\"contentUrl\":\"https:\\\/\\\/fonolukk.eu\\\/wp-content\\\/uploads\\\/2023\\\/09\\\/fonolukk.png\",\"width\":277,\"height\":274,\"caption\":\"Smart Security OU\"},\"image\":{\"@id\":\"https:\\\/\\\/fonolukk.eu\\\/et\\\/#\\\/schema\\\/logo\\\/image\\\/\"},\"sameAs\":[\"https:\\\/\\\/www.facebook.com\\\/fonolukk\",\"https:\\\/\\\/www.instagram.com\\\/fonolukk\\\/?hl=ru\"],\"publishingPrinciples\":\"https:\\\/\\\/fonolukk.eu\\\/terms-and-conditions\\\/\",\"ownershipFundingInfo\":\"https:\\\/\\\/fonolukk.eu\\\/about-us\\\/\"}]}<\/script>\n<meta property=\"product:brand\" content=\"Eltis\" \/>\n<meta property=\"product:price:amount\" content=\"24.17\" \/>\n<meta property=\"product:price:currency\" content=\"EUR\" \/>\n<meta property=\"og:availability\" content=\"out of stock\" \/>\n<meta property=\"product:availability\" content=\"out of stock\" \/>\n<meta property=\"product:retailer_item_id\" content=\"Eltis-b21\" \/>\n<meta property=\"product:condition\" content=\"new\" \/>\n<!-- \/ Yoast SEO Premium plugin. -->","yoast_head_json":{"title":"Eltis v\u00e4ljumise nupp B21 - Fonolukk","description":"Eltis v\u00e4ljumise nupp B21 -% V\u00e4ljumisnupp Eltis B-21 kasutatakse ACSis - nupuna luku avamiseks, kui see on \u00fchendatud fonolukku v\u00f5i kontrolleriga.","robots":{"index":"index","follow":"follow","max-snippet":"max-snippet:-1","max-image-preview":"max-image-preview:large","max-video-preview":"max-video-preview:-1"},"canonical":"https:\/\/fonolukk.eu\/et\/tooted\/eltis-valjumise-nupp-b21\/","og_locale":"et_EE","og_type":"article","og_title":"Eltis v\u00e4ljumise nupp B21","og_description":"V\u00e4ljumisnupp Eltis B-21 kasutatakse ACSis - nupuna luku avamiseks, kui see on \u00fchendatud fonolukku v\u00f5i kontrolleriga. Tavaliselt avatud, kui seda vajutatakse, l\u00fclitab see elektromagnetluku juhtimissignaalid \u00fcmber. Nupp on valmistatud vandaalikindlast metallkorpusest ja k\u00f5rgendatud vastupidavusega pulberemailv\u00e4rviga.","og_url":"https:\/\/fonolukk.eu\/et\/tooted\/eltis-valjumise-nupp-b21\/","og_site_name":"Fonolukk","article_publisher":"https:\/\/www.facebook.com\/fonolukk","article_modified_time":"2025-05-10T10:04:46+00:00","og_image":[{"width":722,"height":700,"url":"https:\/\/fonolukk.eu\/wp-content\/uploads\/2023\/07\/eltis-exit-button-b21.png","type":"image\/png"}],"twitter_card":"summary_large_image","twitter_misc":{"Hind":"&euro;24.17 koos KM","Availability":"Laost otsas"},"schema":{"@context":"https:\/\/schema.org","@graph":[{"@type":"WebPage","@id":"https:\/\/fonolukk.eu\/et\/tooted\/eltis-valjumise-nupp-b21\/","url":"https:\/\/fonolukk.eu\/et\/tooted\/eltis-valjumise-nupp-b21\/","name":"Eltis v\u00e4ljumise nupp B21 - Fonolukk","isPartOf":{"@id":"https:\/\/fonolukk.eu\/et\/#website"},"primaryImageOfPage":{"@id":"https:\/\/fonolukk.eu\/et\/tooted\/eltis-valjumise-nupp-b21\/#primaryimage"},"image":{"@id":"https:\/\/fonolukk.eu\/et\/tooted\/eltis-valjumise-nupp-b21\/#primaryimage"},"thumbnailUrl":"https:\/\/fonolukk.eu\/wp-content\/uploads\/2023\/07\/eltis-exit-button-b21.png","datePublished":"2023-07-04T06:16:41+00:00","dateModified":"2025-05-10T10:04:46+00:00","description":"Eltis v\u00e4ljumise nupp B21 -% V\u00e4ljumisnupp Eltis B-21 kasutatakse ACSis - nupuna luku avamiseks, kui see on \u00fchendatud fonolukku v\u00f5i kontrolleriga.","breadcrumb":{"@id":"https:\/\/fonolukk.eu\/et\/tooted\/eltis-valjumise-nupp-b21\/#breadcrumb"},"inLanguage":"et","potentialAction":[{"@type":"ReadAction","target":["https:\/\/fonolukk.eu\/et\/tooted\/eltis-valjumise-nupp-b21\/"]}]},{"@type":"ImageObject","inLanguage":"et","@id":"https:\/\/fonolukk.eu\/et\/tooted\/eltis-valjumise-nupp-b21\/#primaryimage","url":"https:\/\/fonolukk.eu\/wp-content\/uploads\/2023\/07\/eltis-exit-button-b21.png","contentUrl":"https:\/\/fonolukk.eu\/wp-content\/uploads\/2023\/07\/eltis-exit-button-b21.png","width":722,"height":700,"caption":"Eltis b21"},{"@type":"BreadcrumbList","@id":"https:\/\/fonolukk.eu\/et\/tooted\/eltis-valjumise-nupp-b21\/#breadcrumb","itemListElement":[{"@type":"ListItem","position":1,"name":"Esileht","item":"https:\/\/fonolukk.eu\/et\/koduleht\/"},{"@type":"ListItem","position":2,"name":"Tooted","item":"https:\/\/fonolukk.eu\/et\/shop-2\/"},{"@type":"ListItem","position":3,"name":"Ukseavamisnupud","item":"https:\/\/fonolukk.eu\/et\/product-category\/ukseavamisnupud\/"},{"@type":"ListItem","position":4,"name":"Eltis v\u00e4ljumise nupp B21"}]},{"@type":"WebSite","@id":"https:\/\/fonolukk.eu\/et\/#website","url":"https:\/\/fonolukk.eu\/et\/","name":"Fonolukk eu","description":"Smart Security Systems","publisher":{"@id":"https:\/\/fonolukk.eu\/et\/#organization"},"potentialAction":[{"@type":"SearchAction","target":{"@type":"EntryPoint","urlTemplate":"https:\/\/fonolukk.eu\/et\/?s={search_term_string}"},"query-input":{"@type":"PropertyValueSpecification","valueRequired":true,"valueName":"search_term_string"}}],"inLanguage":"et"},{"@type":"Organization","@id":"https:\/\/fonolukk.eu\/et\/#organization","name":"Smart Security OU","url":"https:\/\/fonolukk.eu\/et\/","logo":{"@type":"ImageObject","inLanguage":"et","@id":"https:\/\/fonolukk.eu\/et\/#\/schema\/logo\/image\/","url":"https:\/\/fonolukk.eu\/wp-content\/uploads\/2023\/09\/fonolukk.png","contentUrl":"https:\/\/fonolukk.eu\/wp-content\/uploads\/2023\/09\/fonolukk.png","width":277,"height":274,"caption":"Smart Security OU"},"image":{"@id":"https:\/\/fonolukk.eu\/et\/#\/schema\/logo\/image\/"},"sameAs":["https:\/\/www.facebook.com\/fonolukk","https:\/\/www.instagram.com\/fonolukk\/?hl=ru"],"publishingPrinciples":"https:\/\/fonolukk.eu\/terms-and-conditions\/","ownershipFundingInfo":"https:\/\/fonolukk.eu\/about-us\/"}]},"product_brand":"Eltis","product_price_amount":"24.17","product_price_currency":"EUR","og_availability":"out of stock","product_availability":"out of stock","product_retailer_item_id":"Eltis-b21","product_condition":"new"},"_links":{"self":[{"href":"https:\/\/fonolukk.eu\/et\/wp-json\/wp\/v2\/product\/15292","targetHints":{"allow":["GET"]}}],"collection":[{"href":"https:\/\/fonolukk.eu\/et\/wp-json\/wp\/v2\/product"}],"about":[{"href":"https:\/\/fonolukk.eu\/et\/wp-json\/wp\/v2\/types\/product"}],"version-history":[{"count":1,"href":"https:\/\/fonolukk.eu\/et\/wp-json\/wp\/v2\/product\/15292\/revisions"}],"predecessor-version":[{"id":20584,"href":"https:\/\/fonolukk.eu\/et\/wp-json\/wp\/v2\/product\/15292\/revisions\/20584"}],"wp:featuredmedia":[{"embeddable":true,"href":"https:\/\/fonolukk.eu\/et\/wp-json\/wp\/v2\/media\/15298"}],"wp:attachment":[{"href":"https:\/\/fonolukk.eu\/et\/wp-json\/wp\/v2\/media?parent=15292"}],"wp:term":[{"taxonomy":"product_brand","embeddable":true,"href":"https:\/\/fonolukk.eu\/et\/wp-json\/wp\/v2\/product_brand?post=15292"},{"taxonomy":"product_cat","embeddable":true,"href":"https:\/\/fonolukk.eu\/et\/wp-json\/wp\/v2\/product_cat?post=15292"},{"taxonomy":"product_tag","embeddable":true,"href":"https:\/\/fonolukk.eu\/et\/wp-json\/wp\/v2\/product_tag?post=15292"}],"curies":[{"name":"wp","href":"https:\/\/api.w.org\/{rel}","templated":true}]}}