{"id":15394,"date":"2023-07-05T13:11:06","date_gmt":"2023-07-05T10:11:06","guid":{"rendered":"https:\/\/fonolukk.eu\/?post_type=product&#038;p=15394"},"modified":"2023-07-05T14:06:54","modified_gmt":"2023-07-05T11:06:54","slug":"basip-at-07l-must","status":"publish","type":"product","link":"https:\/\/fonolukk.eu\/et\/tooted\/basip-at-07l-must\/","title":{"rendered":"BasIP AT-07L Must"},"content":{"rendered":"<h3>Paigaldamise lihtsus<\/h3>\n<p>Pinnapealne paigaldus on v\u00f5imalik 2 variandis: pistikupesaga v\u00f5i ilma (kas kandiline, ristk\u00fclikukujuline v\u00f5i \u00fcmmargune). Esimesel juhul &#8211; see on standardne viis monitori \u00fchendamiseks pesa kaudu, teisel juhul &#8211; auku seinas ei ole vaja, kaabel jookseb m\u00f6\u00f6da seina ja \u00fchendub monitoriga k\u00fcljel.<\/p>\n<h3>Liftik\u00f5ne<\/h3>\n<p>Elanike mugavuse huvides on monitori p\u00f5hiekraanil oleval navigeerimispaneelil nupp lifti kutsumiseks, t\u00e4nu millele saab lifti kutsuda otse korrusele.<\/p>\n<h3>K\u00f5rglahutusega ekraan<\/h3>\n<p>Videotelefoni AT-07L ekraani iseloomustab suur t\u00e4psus ja erksad, k\u00fcllastunud v\u00e4rvid. Selged pildid koos kristallselge digitaalse heliga r\u00f5\u00f5mustavad kasutajaid pikka aega.<\/p>\n<h3>IPS-ekraan<\/h3>\n<p>T\u00e4nu IPS-tehnoloogia kasutamisele on monitoril olev pilt n\u00e4htav isegi lapsele, kes vaatab seda mitte t\u00e4isnurga all. Ka k\u00fclgvaade r\u00f5\u00f5mustab silmi terava pildiga. Monitor on disainitud parema kontrastsuse ja oluliselt v\u00e4hendatud energiatarbimisega.<\/p>\n<h3>Paigaldamine<\/h3>\n<p>AT-07L monitori teeb ainulaadseks see, et selle komplektis on paigaldusklamber, mis v\u00f5imaldab paigaldada monitori vee peale. \u00dcmberpinnaline paigaldus tagab originaalse v\u00e4limuse ja sobib ideaalselt teie korterisse v\u00f5i maakodusse.<\/p>\n<hr \/>\n<p><strong>8-tuumaline protsessor.<\/strong><br \/>\nAT-07L monitori s\u00fcdames on kaks neljatuumalist protsessorit, mis tagavad kiire ja paindliku multitegutsemise.<\/p>\n<p><strong>Toetab k\u00f5rglahutusega videot<\/strong><br \/>\nAT-07L monitor toetab standardresolutsioonist k\u00f5rgema resolutsiooni ja kvaliteediga videot.<\/p>\n<p><strong>Android 6.0<\/strong><br \/>\nAndroid 6.0 operatsioonis\u00fcsteemi abil on monitoril kiire j\u00f5udlus ja multit\u00f6\u00f6tlus ning lihtne ja intuitiivne kasutamine.<\/p>\n<p><strong>Laadige alla MP3 helinad<\/strong><br \/>\nSee monitor v\u00f5imaldab teil laadida oma MP3 helinate helinaid ja teeb k\u00fclaliste saabumise alati meeldivaks.<\/p>\n","protected":false},"excerpt":{"rendered":"<p>Siseruumides kasutatav 7-tolline IP-videosideside, millel on IPS-ekraan, 1024&#215;600 eraldusv\u00f5ime, v\u00f5imalus \u00fchendada h\u00e4ireandureid ja helistamisnupu \u00fchendus.<\/p>\n<p>Siseruumide videosideside t\u00f6\u00f6tab Android 6.0 operatsioonis\u00fcsteemiga. See on saadaval 4 v\u00e4rvivariandis: valge ja must ning sellel on kaks paigaldusv\u00f5imalust: seinale \u00fclesseadmine ja paigaldamine spetsiaalse kronsteiniga.<\/p>\n[wpdm_package id='15405']\n[wpdm_package id='15407']\n","protected":false},"featured_media":15397,"template":"","meta":[],"product_brand":[],"product_cat":[606,1306],"product_tag":[1384,1274,1383],"class_list":{"0":"post-15394","1":"product","2":"type-product","3":"status-publish","4":"has-post-thumbnail","6":"product_cat-fonolukud","7":"product_cat-outlet-et","8":"product_tag-at-07l-et","9":"product_tag-video-uksetelefon","10":"product_tag-basip-et","12":"first","13":"instock","14":"sale","15":"taxable","16":"shipping-taxable","17":"purchasable","18":"product-type-simple"},"yoast_head":"<!-- This site is optimized with the Yoast SEO Premium plugin v27.3 (Yoast SEO v27.3) - https:\/\/yoast.com\/product\/yoast-seo-premium-wordpress\/ -->\n<title>BasIP AT-07L Must - Fonolukk<\/title>\n<meta name=\"description\" content=\"BasIP AT-07L Must - V\u00f5tmehoidja-t\u00fchi kontaktivabade v\u00f5tmehoidjate \/ kaartide kopeerimiseks 125 kHz standardsed EM-Marin, HID ProxII jne.\" \/>\n<meta name=\"robots\" content=\"index, follow, max-snippet:-1, max-image-preview:large, max-video-preview:-1\" \/>\n<link rel=\"canonical\" href=\"https:\/\/fonolukk.eu\/et\/tooted\/basip-at-07l-must\/\" \/>\n<meta property=\"og:locale\" content=\"et_EE\" \/>\n<meta property=\"og:type\" content=\"article\" \/>\n<meta property=\"og:title\" content=\"BasIP AT-07L Must\" \/>\n<meta property=\"og:description\" content=\"Siseruumides kasutatav 7-tolline IP-videosideside, millel on IPS-ekraan, 1024x600 eraldusv\u00f5ime, v\u00f5imalus \u00fchendada h\u00e4ireandureid ja helistamisnupu \u00fchendus.  Siseruumide videosideside t\u00f6\u00f6tab Android 6.0 operatsioonis\u00fcsteemiga. See on saadaval 4 v\u00e4rvivariandis: valge ja must ning sellel on kaks paigaldusv\u00f5imalust: seinale \u00fclesseadmine ja paigaldamine spetsiaalse kronsteiniga.\" \/>\n<meta property=\"og:url\" content=\"https:\/\/fonolukk.eu\/et\/tooted\/basip-at-07l-must\/\" \/>\n<meta property=\"og:site_name\" content=\"Fonolukk\" \/>\n<meta property=\"article:publisher\" content=\"https:\/\/www.facebook.com\/fonolukk\" \/>\n<meta property=\"article:modified_time\" content=\"2023-07-05T11:06:54+00:00\" \/>\n<meta property=\"og:image\" content=\"https:\/\/fonolukk.eu\/wp-content\/uploads\/2023\/07\/at-07l-black-fonolukk-eesti.png\" \/>\n\t<meta property=\"og:image:width\" content=\"1600\" \/>\n\t<meta property=\"og:image:height\" content=\"1081\" \/>\n\t<meta property=\"og:image:type\" content=\"image\/png\" \/>\n<meta name=\"twitter:card\" content=\"summary_large_image\" \/>\n<meta name=\"twitter:label1\" content=\"Hind\" \/>\n\t<meta name=\"twitter:data1\" content=\"&euro;291.67 koos KM\" \/>\n\t<meta name=\"twitter:label2\" content=\"Availability\" \/>\n\t<meta name=\"twitter:data2\" content=\"Laos\" \/>\n<script type=\"application\/ld+json\" class=\"yoast-schema-graph\">{\"@context\":\"https:\\\/\\\/schema.org\",\"@graph\":[{\"@type\":\"WebPage\",\"@id\":\"https:\\\/\\\/fonolukk.eu\\\/et\\\/tooted\\\/basip-at-07l-must\\\/\",\"url\":\"https:\\\/\\\/fonolukk.eu\\\/et\\\/tooted\\\/basip-at-07l-must\\\/\",\"name\":\"BasIP AT-07L Must - Fonolukk\",\"isPartOf\":{\"@id\":\"https:\\\/\\\/fonolukk.eu\\\/et\\\/#website\"},\"primaryImageOfPage\":{\"@id\":\"https:\\\/\\\/fonolukk.eu\\\/et\\\/tooted\\\/basip-at-07l-must\\\/#primaryimage\"},\"image\":{\"@id\":\"https:\\\/\\\/fonolukk.eu\\\/et\\\/tooted\\\/basip-at-07l-must\\\/#primaryimage\"},\"thumbnailUrl\":\"https:\\\/\\\/fonolukk.eu\\\/wp-content\\\/uploads\\\/2023\\\/07\\\/at-07l-black-fonolukk-eesti.png\",\"datePublished\":\"2023-07-05T10:11:06+00:00\",\"dateModified\":\"2023-07-05T11:06:54+00:00\",\"description\":\"BasIP AT-07L Must - V\u00f5tmehoidja-t\u00fchi kontaktivabade v\u00f5tmehoidjate \\\/ kaartide kopeerimiseks 125 kHz standardsed EM-Marin, HID ProxII jne.\",\"breadcrumb\":{\"@id\":\"https:\\\/\\\/fonolukk.eu\\\/et\\\/tooted\\\/basip-at-07l-must\\\/#breadcrumb\"},\"inLanguage\":\"et\",\"potentialAction\":[{\"@type\":\"ReadAction\",\"target\":[\"https:\\\/\\\/fonolukk.eu\\\/et\\\/tooted\\\/basip-at-07l-must\\\/\"]}]},{\"@type\":\"ImageObject\",\"inLanguage\":\"et\",\"@id\":\"https:\\\/\\\/fonolukk.eu\\\/et\\\/tooted\\\/basip-at-07l-must\\\/#primaryimage\",\"url\":\"https:\\\/\\\/fonolukk.eu\\\/wp-content\\\/uploads\\\/2023\\\/07\\\/at-07l-black-fonolukk-eesti.png\",\"contentUrl\":\"https:\\\/\\\/fonolukk.eu\\\/wp-content\\\/uploads\\\/2023\\\/07\\\/at-07l-black-fonolukk-eesti.png\",\"width\":1600,\"height\":1081,\"caption\":\"BasIP AT-07L\"},{\"@type\":\"BreadcrumbList\",\"@id\":\"https:\\\/\\\/fonolukk.eu\\\/et\\\/tooted\\\/basip-at-07l-must\\\/#breadcrumb\",\"itemListElement\":[{\"@type\":\"ListItem\",\"position\":1,\"name\":\"Esileht\",\"item\":\"https:\\\/\\\/fonolukk.eu\\\/et\\\/koduleht\\\/\"},{\"@type\":\"ListItem\",\"position\":2,\"name\":\"Tooted\",\"item\":\"https:\\\/\\\/fonolukk.eu\\\/et\\\/shop-2\\\/\"},{\"@type\":\"ListItem\",\"position\":3,\"name\":\"Outlet\",\"item\":\"https:\\\/\\\/fonolukk.eu\\\/et\\\/product-category\\\/outlet-et\\\/\"},{\"@type\":\"ListItem\",\"position\":4,\"name\":\"BasIP AT-07L Must\"}]},{\"@type\":\"WebSite\",\"@id\":\"https:\\\/\\\/fonolukk.eu\\\/et\\\/#website\",\"url\":\"https:\\\/\\\/fonolukk.eu\\\/et\\\/\",\"name\":\"Fonolukk eu\",\"description\":\"Smart Security Systems\",\"publisher\":{\"@id\":\"https:\\\/\\\/fonolukk.eu\\\/et\\\/#organization\"},\"potentialAction\":[{\"@type\":\"SearchAction\",\"target\":{\"@type\":\"EntryPoint\",\"urlTemplate\":\"https:\\\/\\\/fonolukk.eu\\\/et\\\/?s={search_term_string}\"},\"query-input\":{\"@type\":\"PropertyValueSpecification\",\"valueRequired\":true,\"valueName\":\"search_term_string\"}}],\"inLanguage\":\"et\"},{\"@type\":\"Organization\",\"@id\":\"https:\\\/\\\/fonolukk.eu\\\/et\\\/#organization\",\"name\":\"Smart Security OU\",\"url\":\"https:\\\/\\\/fonolukk.eu\\\/et\\\/\",\"logo\":{\"@type\":\"ImageObject\",\"inLanguage\":\"et\",\"@id\":\"https:\\\/\\\/fonolukk.eu\\\/et\\\/#\\\/schema\\\/logo\\\/image\\\/\",\"url\":\"https:\\\/\\\/fonolukk.eu\\\/wp-content\\\/uploads\\\/2023\\\/09\\\/fonolukk.png\",\"contentUrl\":\"https:\\\/\\\/fonolukk.eu\\\/wp-content\\\/uploads\\\/2023\\\/09\\\/fonolukk.png\",\"width\":277,\"height\":274,\"caption\":\"Smart Security OU\"},\"image\":{\"@id\":\"https:\\\/\\\/fonolukk.eu\\\/et\\\/#\\\/schema\\\/logo\\\/image\\\/\"},\"sameAs\":[\"https:\\\/\\\/www.facebook.com\\\/fonolukk\",\"https:\\\/\\\/www.instagram.com\\\/fonolukk\\\/?hl=ru\"],\"publishingPrinciples\":\"https:\\\/\\\/fonolukk.eu\\\/terms-and-conditions\\\/\",\"ownershipFundingInfo\":\"https:\\\/\\\/fonolukk.eu\\\/about-us\\\/\"}]}<\/script>\n<meta property=\"product:price:amount\" content=\"291.67\" \/>\n<meta property=\"product:price:currency\" content=\"EUR\" \/>\n<meta property=\"og:availability\" content=\"instock\" \/>\n<meta property=\"product:availability\" content=\"instock\" \/>\n<meta property=\"product:retailer_item_id\" content=\"marine-rfid-1\" \/>\n<meta property=\"product:condition\" content=\"new\" \/>\n<!-- \/ Yoast SEO Premium plugin. -->","yoast_head_json":{"title":"BasIP AT-07L Must - Fonolukk","description":"BasIP AT-07L Must - V\u00f5tmehoidja-t\u00fchi kontaktivabade v\u00f5tmehoidjate \/ kaartide kopeerimiseks 125 kHz standardsed EM-Marin, HID ProxII jne.","robots":{"index":"index","follow":"follow","max-snippet":"max-snippet:-1","max-image-preview":"max-image-preview:large","max-video-preview":"max-video-preview:-1"},"canonical":"https:\/\/fonolukk.eu\/et\/tooted\/basip-at-07l-must\/","og_locale":"et_EE","og_type":"article","og_title":"BasIP AT-07L Must","og_description":"Siseruumides kasutatav 7-tolline IP-videosideside, millel on IPS-ekraan, 1024x600 eraldusv\u00f5ime, v\u00f5imalus \u00fchendada h\u00e4ireandureid ja helistamisnupu \u00fchendus.  Siseruumide videosideside t\u00f6\u00f6tab Android 6.0 operatsioonis\u00fcsteemiga. See on saadaval 4 v\u00e4rvivariandis: valge ja must ning sellel on kaks paigaldusv\u00f5imalust: seinale \u00fclesseadmine ja paigaldamine spetsiaalse kronsteiniga.","og_url":"https:\/\/fonolukk.eu\/et\/tooted\/basip-at-07l-must\/","og_site_name":"Fonolukk","article_publisher":"https:\/\/www.facebook.com\/fonolukk","article_modified_time":"2023-07-05T11:06:54+00:00","og_image":[{"width":1600,"height":1081,"url":"https:\/\/fonolukk.eu\/wp-content\/uploads\/2023\/07\/at-07l-black-fonolukk-eesti.png","type":"image\/png"}],"twitter_card":"summary_large_image","twitter_misc":{"Hind":"&euro;291.67 koos KM","Availability":"Laos"},"schema":{"@context":"https:\/\/schema.org","@graph":[{"@type":"WebPage","@id":"https:\/\/fonolukk.eu\/et\/tooted\/basip-at-07l-must\/","url":"https:\/\/fonolukk.eu\/et\/tooted\/basip-at-07l-must\/","name":"BasIP AT-07L Must - Fonolukk","isPartOf":{"@id":"https:\/\/fonolukk.eu\/et\/#website"},"primaryImageOfPage":{"@id":"https:\/\/fonolukk.eu\/et\/tooted\/basip-at-07l-must\/#primaryimage"},"image":{"@id":"https:\/\/fonolukk.eu\/et\/tooted\/basip-at-07l-must\/#primaryimage"},"thumbnailUrl":"https:\/\/fonolukk.eu\/wp-content\/uploads\/2023\/07\/at-07l-black-fonolukk-eesti.png","datePublished":"2023-07-05T10:11:06+00:00","dateModified":"2023-07-05T11:06:54+00:00","description":"BasIP AT-07L Must - V\u00f5tmehoidja-t\u00fchi kontaktivabade v\u00f5tmehoidjate \/ kaartide kopeerimiseks 125 kHz standardsed EM-Marin, HID ProxII jne.","breadcrumb":{"@id":"https:\/\/fonolukk.eu\/et\/tooted\/basip-at-07l-must\/#breadcrumb"},"inLanguage":"et","potentialAction":[{"@type":"ReadAction","target":["https:\/\/fonolukk.eu\/et\/tooted\/basip-at-07l-must\/"]}]},{"@type":"ImageObject","inLanguage":"et","@id":"https:\/\/fonolukk.eu\/et\/tooted\/basip-at-07l-must\/#primaryimage","url":"https:\/\/fonolukk.eu\/wp-content\/uploads\/2023\/07\/at-07l-black-fonolukk-eesti.png","contentUrl":"https:\/\/fonolukk.eu\/wp-content\/uploads\/2023\/07\/at-07l-black-fonolukk-eesti.png","width":1600,"height":1081,"caption":"BasIP AT-07L"},{"@type":"BreadcrumbList","@id":"https:\/\/fonolukk.eu\/et\/tooted\/basip-at-07l-must\/#breadcrumb","itemListElement":[{"@type":"ListItem","position":1,"name":"Esileht","item":"https:\/\/fonolukk.eu\/et\/koduleht\/"},{"@type":"ListItem","position":2,"name":"Tooted","item":"https:\/\/fonolukk.eu\/et\/shop-2\/"},{"@type":"ListItem","position":3,"name":"Outlet","item":"https:\/\/fonolukk.eu\/et\/product-category\/outlet-et\/"},{"@type":"ListItem","position":4,"name":"BasIP AT-07L Must"}]},{"@type":"WebSite","@id":"https:\/\/fonolukk.eu\/et\/#website","url":"https:\/\/fonolukk.eu\/et\/","name":"Fonolukk eu","description":"Smart Security Systems","publisher":{"@id":"https:\/\/fonolukk.eu\/et\/#organization"},"potentialAction":[{"@type":"SearchAction","target":{"@type":"EntryPoint","urlTemplate":"https:\/\/fonolukk.eu\/et\/?s={search_term_string}"},"query-input":{"@type":"PropertyValueSpecification","valueRequired":true,"valueName":"search_term_string"}}],"inLanguage":"et"},{"@type":"Organization","@id":"https:\/\/fonolukk.eu\/et\/#organization","name":"Smart Security OU","url":"https:\/\/fonolukk.eu\/et\/","logo":{"@type":"ImageObject","inLanguage":"et","@id":"https:\/\/fonolukk.eu\/et\/#\/schema\/logo\/image\/","url":"https:\/\/fonolukk.eu\/wp-content\/uploads\/2023\/09\/fonolukk.png","contentUrl":"https:\/\/fonolukk.eu\/wp-content\/uploads\/2023\/09\/fonolukk.png","width":277,"height":274,"caption":"Smart Security OU"},"image":{"@id":"https:\/\/fonolukk.eu\/et\/#\/schema\/logo\/image\/"},"sameAs":["https:\/\/www.facebook.com\/fonolukk","https:\/\/www.instagram.com\/fonolukk\/?hl=ru"],"publishingPrinciples":"https:\/\/fonolukk.eu\/terms-and-conditions\/","ownershipFundingInfo":"https:\/\/fonolukk.eu\/about-us\/"}]},"product_price_amount":"291.67","product_price_currency":"EUR","og_availability":"instock","product_availability":"instock","product_retailer_item_id":"marine-rfid-1","product_condition":"new"},"_links":{"self":[{"href":"https:\/\/fonolukk.eu\/et\/wp-json\/wp\/v2\/product\/15394","targetHints":{"allow":["GET"]}}],"collection":[{"href":"https:\/\/fonolukk.eu\/et\/wp-json\/wp\/v2\/product"}],"about":[{"href":"https:\/\/fonolukk.eu\/et\/wp-json\/wp\/v2\/types\/product"}],"version-history":[{"count":0,"href":"https:\/\/fonolukk.eu\/et\/wp-json\/wp\/v2\/product\/15394\/revisions"}],"wp:featuredmedia":[{"embeddable":true,"href":"https:\/\/fonolukk.eu\/et\/wp-json\/wp\/v2\/media\/15397"}],"wp:attachment":[{"href":"https:\/\/fonolukk.eu\/et\/wp-json\/wp\/v2\/media?parent=15394"}],"wp:term":[{"taxonomy":"product_brand","embeddable":true,"href":"https:\/\/fonolukk.eu\/et\/wp-json\/wp\/v2\/product_brand?post=15394"},{"taxonomy":"product_cat","embeddable":true,"href":"https:\/\/fonolukk.eu\/et\/wp-json\/wp\/v2\/product_cat?post=15394"},{"taxonomy":"product_tag","embeddable":true,"href":"https:\/\/fonolukk.eu\/et\/wp-json\/wp\/v2\/product_tag?post=15394"}],"curies":[{"name":"wp","href":"https:\/\/api.w.org\/{rel}","templated":true}]}}