{"id":15448,"date":"2023-07-10T09:09:16","date_gmt":"2023-07-10T06:09:17","guid":{"rendered":"https:\/\/fonolukk.eu\/?post_type=product&#038;p=15448"},"modified":"2023-07-10T09:55:49","modified_gmt":"2023-07-10T06:55:49","slug":"basip-aq-07ll-must","status":"publish","type":"product","link":"https:\/\/fonolukk.eu\/et\/tooted\/basip-aq-07ll-must\/","title":{"rendered":"BasIP AQ-07LL Must"},"content":{"rendered":"<h3>V\u00e4lisvaade fonoluku s\u00fcsteemi BAS-IP AQ-07LL kohta<\/h3>\n<p>Fonoluku korpus on valmistatud kvaliteetsest plastikust, millel on metallist kroomitud sisseehitus fonoluku kontuuril, mis on esitatud 2 v\u00e4rvilahenduses &#8211; valge ja must. AQ-07LL saab paigaldada \u00fclevalpool, kasutades komplektset klambrit. Monitori juhtimine toimub puuteekraaniga ekraanil v\u00f5i t\u00e4iendavate puutetundlike klahvidega kiireks juurdep\u00e4\u00e4suks &#8211; valvek\u00f5ne, k\u00f5nede vastuv\u00f5tmine, salvestatud piltide vaatamine, luku avamine ja \u00fchendatud seadmete k\u00e4sitsi vaatamine. Valjuh\u00e4\u00e4ldi ja mikrofon on eraldatud korpuse eri osades, et tagada selge heli ja v\u00e4ltida m\u00fcra m\u00f5ju vestluse ajal.<\/p>\n<p><strong>Ekraan<\/strong><br \/>\n7-tolline TFT LCD, mahtuvuslik puuteekraan<\/p>\n<p><strong>Ekraani eraldusv\u00f5ime<\/strong><br \/>\n800\u00d7480<\/p>\n<p><strong>M\u00e4lufunktsioon<\/strong><br \/>\nFotode salvestamine sisem\u00e4llu (64 fotot)<\/p>\n<p><strong>Liides<\/strong><br \/>\nMitmekeelne graafiline ja WEB-liides<\/p>\n<p><strong>Sisseehitatud kaamera<\/strong><br \/>\nPuudub<\/p>\n<p><strong>Toide<\/strong><br \/>\nPoE, +12 V (+10% -4%)<\/p>\n<p><strong>Tarbitavus<\/strong><br \/>\n6 W, 2,5 W ootere\u017eiimil<\/p>\n<p><strong>Paigaldamise t\u00fc\u00fcp<\/strong><br \/>\nSeinale paigaldatav<\/p>\n<p><strong>Korpus<\/strong><br \/>\nPlastik + metall<\/p>\n<p><strong>V\u00e4rvi variatsioonid<\/strong><br \/>\nValge, must<\/p>\n<p><strong>M\u00f5\u00f5tmed<\/strong><br \/>\n235\u00d7145\u00d718 mm<\/p>\n","protected":false},"excerpt":{"rendered":"<p>Siseruumides kasutatav 7-tolline IP-videosideside puutetundliku TFT-v\u00e4rviekraaniga ja resolutsiooniga 800&#215;480.<\/p>\n<p>Sideside saab toiteallikaks 12 V v\u00f5i PoE ning klassikaline must-valge v\u00e4rv sobib mis tahes interj\u00f6\u00f6ri stiiliga.<\/p>\n[wpdm_package id='15454']\n","protected":false},"featured_media":15451,"template":"","meta":[],"product_brand":[],"product_cat":[606,1306],"product_tag":[1274,1383,1389],"class_list":{"0":"post-15448","1":"product","2":"type-product","3":"status-publish","4":"has-post-thumbnail","6":"product_cat-fonolukud","7":"product_cat-outlet-et","8":"product_tag-video-uksetelefon","9":"product_tag-basip-et","10":"product_tag-at-07ll-et","11":"pa_brand-bas-ip-et","13":"first","14":"instock","15":"sale","16":"taxable","17":"shipping-taxable","18":"purchasable","19":"product-type-simple"},"yoast_head":"<!-- This site is optimized with the Yoast SEO Premium plugin v27.3 (Yoast SEO v27.3) - https:\/\/yoast.com\/product\/yoast-seo-premium-wordpress\/ -->\n<title>BasIP AQ-07LL Must - Fonolukk<\/title>\n<meta name=\"description\" content=\"BasIP AQ-07LL Must - V\u00f5tmehoidja-t\u00fchi kontaktivabade v\u00f5tmehoidjate \/ kaartide kopeerimiseks 125 kHz standardsed EM-Marin, HID ProxII jne.\" \/>\n<meta name=\"robots\" content=\"index, follow, max-snippet:-1, max-image-preview:large, max-video-preview:-1\" \/>\n<link rel=\"canonical\" href=\"https:\/\/fonolukk.eu\/et\/tooted\/basip-aq-07ll-must\/\" \/>\n<meta property=\"og:locale\" content=\"et_EE\" \/>\n<meta property=\"og:type\" content=\"article\" \/>\n<meta property=\"og:title\" content=\"BasIP AQ-07LL Must\" \/>\n<meta property=\"og:description\" content=\"Siseruumides kasutatav 7-tolline IP-videosideside puutetundliku TFT-v\u00e4rviekraaniga ja resolutsiooniga 800x480.  Sideside saab toiteallikaks 12 V v\u00f5i PoE ning klassikaline must-valge v\u00e4rv sobib mis tahes interj\u00f6\u00f6ri stiiliga.\" \/>\n<meta property=\"og:url\" content=\"https:\/\/fonolukk.eu\/et\/tooted\/basip-aq-07ll-must\/\" \/>\n<meta property=\"og:site_name\" content=\"Fonolukk\" \/>\n<meta property=\"article:publisher\" content=\"https:\/\/www.facebook.com\/fonolukk\" \/>\n<meta property=\"article:modified_time\" content=\"2023-07-10T06:55:49+00:00\" \/>\n<meta property=\"og:image\" content=\"https:\/\/fonolukk.eu\/wp-content\/uploads\/2023\/07\/aq-07_black.png\" \/>\n\t<meta property=\"og:image:width\" content=\"1200\" \/>\n\t<meta property=\"og:image:height\" content=\"857\" \/>\n\t<meta property=\"og:image:type\" content=\"image\/png\" \/>\n<meta name=\"twitter:card\" content=\"summary_large_image\" \/>\n<meta name=\"twitter:label1\" content=\"Hind\" \/>\n\t<meta name=\"twitter:data1\" content=\"&euro;125.00 koos KM\" \/>\n\t<meta name=\"twitter:label2\" content=\"Availability\" \/>\n\t<meta name=\"twitter:data2\" content=\"Laos\" \/>\n<script type=\"application\/ld+json\" class=\"yoast-schema-graph\">{\"@context\":\"https:\\\/\\\/schema.org\",\"@graph\":[{\"@type\":\"WebPage\",\"@id\":\"https:\\\/\\\/fonolukk.eu\\\/et\\\/tooted\\\/basip-aq-07ll-must\\\/\",\"url\":\"https:\\\/\\\/fonolukk.eu\\\/et\\\/tooted\\\/basip-aq-07ll-must\\\/\",\"name\":\"BasIP AQ-07LL Must - Fonolukk\",\"isPartOf\":{\"@id\":\"https:\\\/\\\/fonolukk.eu\\\/et\\\/#website\"},\"primaryImageOfPage\":{\"@id\":\"https:\\\/\\\/fonolukk.eu\\\/et\\\/tooted\\\/basip-aq-07ll-must\\\/#primaryimage\"},\"image\":{\"@id\":\"https:\\\/\\\/fonolukk.eu\\\/et\\\/tooted\\\/basip-aq-07ll-must\\\/#primaryimage\"},\"thumbnailUrl\":\"https:\\\/\\\/fonolukk.eu\\\/wp-content\\\/uploads\\\/2023\\\/07\\\/aq-07_black.png\",\"datePublished\":\"2023-07-10T06:09:17+00:00\",\"dateModified\":\"2023-07-10T06:55:49+00:00\",\"description\":\"BasIP AQ-07LL Must - V\u00f5tmehoidja-t\u00fchi kontaktivabade v\u00f5tmehoidjate \\\/ kaartide kopeerimiseks 125 kHz standardsed EM-Marin, HID ProxII jne.\",\"breadcrumb\":{\"@id\":\"https:\\\/\\\/fonolukk.eu\\\/et\\\/tooted\\\/basip-aq-07ll-must\\\/#breadcrumb\"},\"inLanguage\":\"et\",\"potentialAction\":[{\"@type\":\"ReadAction\",\"target\":[\"https:\\\/\\\/fonolukk.eu\\\/et\\\/tooted\\\/basip-aq-07ll-must\\\/\"]}]},{\"@type\":\"ImageObject\",\"inLanguage\":\"et\",\"@id\":\"https:\\\/\\\/fonolukk.eu\\\/et\\\/tooted\\\/basip-aq-07ll-must\\\/#primaryimage\",\"url\":\"https:\\\/\\\/fonolukk.eu\\\/wp-content\\\/uploads\\\/2023\\\/07\\\/aq-07_black.png\",\"contentUrl\":\"https:\\\/\\\/fonolukk.eu\\\/wp-content\\\/uploads\\\/2023\\\/07\\\/aq-07_black.png\",\"width\":1200,\"height\":857,\"caption\":\"aq-07ll\"},{\"@type\":\"BreadcrumbList\",\"@id\":\"https:\\\/\\\/fonolukk.eu\\\/et\\\/tooted\\\/basip-aq-07ll-must\\\/#breadcrumb\",\"itemListElement\":[{\"@type\":\"ListItem\",\"position\":1,\"name\":\"Esileht\",\"item\":\"https:\\\/\\\/fonolukk.eu\\\/et\\\/koduleht\\\/\"},{\"@type\":\"ListItem\",\"position\":2,\"name\":\"Tooted\",\"item\":\"https:\\\/\\\/fonolukk.eu\\\/et\\\/shop-2\\\/\"},{\"@type\":\"ListItem\",\"position\":3,\"name\":\"Outlet\",\"item\":\"https:\\\/\\\/fonolukk.eu\\\/et\\\/product-category\\\/outlet-et\\\/\"},{\"@type\":\"ListItem\",\"position\":4,\"name\":\"BasIP AQ-07LL Must\"}]},{\"@type\":\"WebSite\",\"@id\":\"https:\\\/\\\/fonolukk.eu\\\/et\\\/#website\",\"url\":\"https:\\\/\\\/fonolukk.eu\\\/et\\\/\",\"name\":\"Fonolukk eu\",\"description\":\"Smart Security Systems\",\"publisher\":{\"@id\":\"https:\\\/\\\/fonolukk.eu\\\/et\\\/#organization\"},\"potentialAction\":[{\"@type\":\"SearchAction\",\"target\":{\"@type\":\"EntryPoint\",\"urlTemplate\":\"https:\\\/\\\/fonolukk.eu\\\/et\\\/?s={search_term_string}\"},\"query-input\":{\"@type\":\"PropertyValueSpecification\",\"valueRequired\":true,\"valueName\":\"search_term_string\"}}],\"inLanguage\":\"et\"},{\"@type\":\"Organization\",\"@id\":\"https:\\\/\\\/fonolukk.eu\\\/et\\\/#organization\",\"name\":\"Smart Security OU\",\"url\":\"https:\\\/\\\/fonolukk.eu\\\/et\\\/\",\"logo\":{\"@type\":\"ImageObject\",\"inLanguage\":\"et\",\"@id\":\"https:\\\/\\\/fonolukk.eu\\\/et\\\/#\\\/schema\\\/logo\\\/image\\\/\",\"url\":\"https:\\\/\\\/fonolukk.eu\\\/wp-content\\\/uploads\\\/2023\\\/09\\\/fonolukk.png\",\"contentUrl\":\"https:\\\/\\\/fonolukk.eu\\\/wp-content\\\/uploads\\\/2023\\\/09\\\/fonolukk.png\",\"width\":277,\"height\":274,\"caption\":\"Smart Security OU\"},\"image\":{\"@id\":\"https:\\\/\\\/fonolukk.eu\\\/et\\\/#\\\/schema\\\/logo\\\/image\\\/\"},\"sameAs\":[\"https:\\\/\\\/www.facebook.com\\\/fonolukk\",\"https:\\\/\\\/www.instagram.com\\\/fonolukk\\\/?hl=ru\"],\"publishingPrinciples\":\"https:\\\/\\\/fonolukk.eu\\\/terms-and-conditions\\\/\",\"ownershipFundingInfo\":\"https:\\\/\\\/fonolukk.eu\\\/about-us\\\/\"}]}<\/script>\n<meta property=\"product:brand\" content=\"Bas IP\" \/>\n<meta property=\"product:price:amount\" content=\"125.00\" \/>\n<meta property=\"product:price:currency\" content=\"EUR\" \/>\n<meta property=\"og:availability\" content=\"instock\" \/>\n<meta property=\"product:availability\" content=\"instock\" \/>\n<meta property=\"product:retailer_item_id\" content=\"aq-o7ll\" \/>\n<meta property=\"product:condition\" content=\"new\" \/>\n<!-- \/ Yoast SEO Premium plugin. -->","yoast_head_json":{"title":"BasIP AQ-07LL Must - Fonolukk","description":"BasIP AQ-07LL Must - V\u00f5tmehoidja-t\u00fchi kontaktivabade v\u00f5tmehoidjate \/ kaartide kopeerimiseks 125 kHz standardsed EM-Marin, HID ProxII jne.","robots":{"index":"index","follow":"follow","max-snippet":"max-snippet:-1","max-image-preview":"max-image-preview:large","max-video-preview":"max-video-preview:-1"},"canonical":"https:\/\/fonolukk.eu\/et\/tooted\/basip-aq-07ll-must\/","og_locale":"et_EE","og_type":"article","og_title":"BasIP AQ-07LL Must","og_description":"Siseruumides kasutatav 7-tolline IP-videosideside puutetundliku TFT-v\u00e4rviekraaniga ja resolutsiooniga 800x480.  Sideside saab toiteallikaks 12 V v\u00f5i PoE ning klassikaline must-valge v\u00e4rv sobib mis tahes interj\u00f6\u00f6ri stiiliga.","og_url":"https:\/\/fonolukk.eu\/et\/tooted\/basip-aq-07ll-must\/","og_site_name":"Fonolukk","article_publisher":"https:\/\/www.facebook.com\/fonolukk","article_modified_time":"2023-07-10T06:55:49+00:00","og_image":[{"width":1200,"height":857,"url":"https:\/\/fonolukk.eu\/wp-content\/uploads\/2023\/07\/aq-07_black.png","type":"image\/png"}],"twitter_card":"summary_large_image","twitter_misc":{"Hind":"&euro;125.00 koos KM","Availability":"Laos"},"schema":{"@context":"https:\/\/schema.org","@graph":[{"@type":"WebPage","@id":"https:\/\/fonolukk.eu\/et\/tooted\/basip-aq-07ll-must\/","url":"https:\/\/fonolukk.eu\/et\/tooted\/basip-aq-07ll-must\/","name":"BasIP AQ-07LL Must - Fonolukk","isPartOf":{"@id":"https:\/\/fonolukk.eu\/et\/#website"},"primaryImageOfPage":{"@id":"https:\/\/fonolukk.eu\/et\/tooted\/basip-aq-07ll-must\/#primaryimage"},"image":{"@id":"https:\/\/fonolukk.eu\/et\/tooted\/basip-aq-07ll-must\/#primaryimage"},"thumbnailUrl":"https:\/\/fonolukk.eu\/wp-content\/uploads\/2023\/07\/aq-07_black.png","datePublished":"2023-07-10T06:09:17+00:00","dateModified":"2023-07-10T06:55:49+00:00","description":"BasIP AQ-07LL Must - V\u00f5tmehoidja-t\u00fchi kontaktivabade v\u00f5tmehoidjate \/ kaartide kopeerimiseks 125 kHz standardsed EM-Marin, HID ProxII jne.","breadcrumb":{"@id":"https:\/\/fonolukk.eu\/et\/tooted\/basip-aq-07ll-must\/#breadcrumb"},"inLanguage":"et","potentialAction":[{"@type":"ReadAction","target":["https:\/\/fonolukk.eu\/et\/tooted\/basip-aq-07ll-must\/"]}]},{"@type":"ImageObject","inLanguage":"et","@id":"https:\/\/fonolukk.eu\/et\/tooted\/basip-aq-07ll-must\/#primaryimage","url":"https:\/\/fonolukk.eu\/wp-content\/uploads\/2023\/07\/aq-07_black.png","contentUrl":"https:\/\/fonolukk.eu\/wp-content\/uploads\/2023\/07\/aq-07_black.png","width":1200,"height":857,"caption":"aq-07ll"},{"@type":"BreadcrumbList","@id":"https:\/\/fonolukk.eu\/et\/tooted\/basip-aq-07ll-must\/#breadcrumb","itemListElement":[{"@type":"ListItem","position":1,"name":"Esileht","item":"https:\/\/fonolukk.eu\/et\/koduleht\/"},{"@type":"ListItem","position":2,"name":"Tooted","item":"https:\/\/fonolukk.eu\/et\/shop-2\/"},{"@type":"ListItem","position":3,"name":"Outlet","item":"https:\/\/fonolukk.eu\/et\/product-category\/outlet-et\/"},{"@type":"ListItem","position":4,"name":"BasIP AQ-07LL Must"}]},{"@type":"WebSite","@id":"https:\/\/fonolukk.eu\/et\/#website","url":"https:\/\/fonolukk.eu\/et\/","name":"Fonolukk eu","description":"Smart Security Systems","publisher":{"@id":"https:\/\/fonolukk.eu\/et\/#organization"},"potentialAction":[{"@type":"SearchAction","target":{"@type":"EntryPoint","urlTemplate":"https:\/\/fonolukk.eu\/et\/?s={search_term_string}"},"query-input":{"@type":"PropertyValueSpecification","valueRequired":true,"valueName":"search_term_string"}}],"inLanguage":"et"},{"@type":"Organization","@id":"https:\/\/fonolukk.eu\/et\/#organization","name":"Smart Security OU","url":"https:\/\/fonolukk.eu\/et\/","logo":{"@type":"ImageObject","inLanguage":"et","@id":"https:\/\/fonolukk.eu\/et\/#\/schema\/logo\/image\/","url":"https:\/\/fonolukk.eu\/wp-content\/uploads\/2023\/09\/fonolukk.png","contentUrl":"https:\/\/fonolukk.eu\/wp-content\/uploads\/2023\/09\/fonolukk.png","width":277,"height":274,"caption":"Smart Security OU"},"image":{"@id":"https:\/\/fonolukk.eu\/et\/#\/schema\/logo\/image\/"},"sameAs":["https:\/\/www.facebook.com\/fonolukk","https:\/\/www.instagram.com\/fonolukk\/?hl=ru"],"publishingPrinciples":"https:\/\/fonolukk.eu\/terms-and-conditions\/","ownershipFundingInfo":"https:\/\/fonolukk.eu\/about-us\/"}]},"product_brand":"Bas IP","product_price_amount":"125.00","product_price_currency":"EUR","og_availability":"instock","product_availability":"instock","product_retailer_item_id":"aq-o7ll","product_condition":"new"},"_links":{"self":[{"href":"https:\/\/fonolukk.eu\/et\/wp-json\/wp\/v2\/product\/15448","targetHints":{"allow":["GET"]}}],"collection":[{"href":"https:\/\/fonolukk.eu\/et\/wp-json\/wp\/v2\/product"}],"about":[{"href":"https:\/\/fonolukk.eu\/et\/wp-json\/wp\/v2\/types\/product"}],"version-history":[{"count":0,"href":"https:\/\/fonolukk.eu\/et\/wp-json\/wp\/v2\/product\/15448\/revisions"}],"wp:featuredmedia":[{"embeddable":true,"href":"https:\/\/fonolukk.eu\/et\/wp-json\/wp\/v2\/media\/15451"}],"wp:attachment":[{"href":"https:\/\/fonolukk.eu\/et\/wp-json\/wp\/v2\/media?parent=15448"}],"wp:term":[{"taxonomy":"product_brand","embeddable":true,"href":"https:\/\/fonolukk.eu\/et\/wp-json\/wp\/v2\/product_brand?post=15448"},{"taxonomy":"product_cat","embeddable":true,"href":"https:\/\/fonolukk.eu\/et\/wp-json\/wp\/v2\/product_cat?post=15448"},{"taxonomy":"product_tag","embeddable":true,"href":"https:\/\/fonolukk.eu\/et\/wp-json\/wp\/v2\/product_tag?post=15448"}],"curies":[{"name":"wp","href":"https:\/\/api.w.org\/{rel}","templated":true}]}}