{"id":15500,"date":"2023-07-13T13:31:24","date_gmt":"2023-07-13T10:31:24","guid":{"rendered":"https:\/\/fonolukk.eu\/?post_type=product&#038;p=15500"},"modified":"2023-07-13T13:40:56","modified_gmt":"2023-07-13T10:40:56","slug":"kam-3-kaamera-moodul-2","status":"publish","type":"product","link":"https:\/\/fonolukk.eu\/et\/tooted\/kam-3-kaamera-moodul-2\/","title":{"rendered":"KAM-3 kaamera moodul"},"content":{"rendered":"<p>KAM-3P moodulid on m\u00f5eldud digitaalsetes videos\u00fcsteemides CD-2502 ja CD-3100 kasutatavatele v\u00e4lipaneelidele. Vaikimisi on paneelid valmistatud heliversioonina, kuid need on kohandatud nii, et kaameramoodul oleks paigaldatud ja kasutamiseks videoversioonis. Moodul koosneb v\u00e4rvikaamerast ja impedantstrafoga PCB-plaadist, mis on kinnitatud metallalusele. Kam-3P moodulid v\u00f5imaldavad reguleerida kaamera asendit. Moodulid on m\u00f5eldud erinevat t\u00fc\u00fcpi v\u00e4lipaneelide jaoks ja need erinevad paneelil kinnitamise meetodi poolest. .<\/p>\n<ul>\n<li><b>KAM-3P<\/b>\u00a0moodul v\u00e4lispaneelidele, mis on valmistatud pulbrilise kattega tsingitud lehest.<\/li>\n<\/ul>\n","protected":false},"excerpt":{"rendered":"<p>KAM-3P moodulid on m\u00f5eldud digitaalsetes videos\u00fcsteemides CD-2502 ja CD-3100 kasutatavatele v\u00e4lipaneelidele. Vaikimisi on paneelid valmistatud heliversioonina, kuid need on kohandatud<\/p>\n","protected":false},"featured_media":15611,"template":"","meta":[],"product_brand":[],"product_cat":[957,908,1407],"product_tag":[],"class_list":{"0":"post-15500","1":"product","2":"type-product","3":"status-publish","4":"has-post-thumbnail","6":"product_cat-toiteblokid-aksessuaarid-et-3","7":"product_cat-rainmann-laskomex-et-2","8":"product_cat-videokaamerad","9":"pa_brand-laskomex-et","11":"first","12":"instock","13":"taxable","14":"shipping-taxable","15":"product-type-simple"},"yoast_head":"<!-- This site is optimized with the Yoast SEO Premium plugin v27.3 (Yoast SEO v27.3) - https:\/\/yoast.com\/product\/yoast-seo-premium-wordpress\/ -->\n<title>KAM-3 kaamera moodul - Fonolukk<\/title>\n<meta name=\"description\" content=\"KAM-3 kaamera moodul - KAM-3P moodulid on m\u00f5eldud digitaalsetes videos\u00fcsteemides CD-2502 ja CD-3100 kasutatavatele v\u00e4lipaneelidele.\" \/>\n<meta name=\"robots\" content=\"index, follow, max-snippet:-1, max-image-preview:large, max-video-preview:-1\" \/>\n<link rel=\"canonical\" href=\"https:\/\/fonolukk.eu\/et\/tooted\/kam-3-kaamera-moodul-2\/\" \/>\n<meta property=\"og:locale\" content=\"et_EE\" \/>\n<meta property=\"og:type\" content=\"article\" \/>\n<meta property=\"og:title\" content=\"KAM-3 kaamera moodul\" \/>\n<meta property=\"og:description\" content=\"KAM-3P moodulid on m\u00f5eldud digitaalsetes videos\u00fcsteemides CD-2502 ja CD-3100 kasutatavatele v\u00e4lipaneelidele. Vaikimisi on paneelid valmistatud\" \/>\n<meta property=\"og:url\" content=\"https:\/\/fonolukk.eu\/et\/tooted\/kam-3-kaamera-moodul-2\/\" \/>\n<meta property=\"og:site_name\" content=\"Fonolukk\" \/>\n<meta property=\"article:publisher\" content=\"https:\/\/www.facebook.com\/fonolukk\" \/>\n<meta property=\"article:modified_time\" content=\"2023-07-13T10:40:56+00:00\" \/>\n<meta property=\"og:image\" content=\"https:\/\/fonolukk.eu\/wp-content\/uploads\/2021\/04\/tinywow_kam3_1.jpg_29181448.jpg\" \/>\n\t<meta property=\"og:image:width\" content=\"1100\" \/>\n\t<meta property=\"og:image:height\" content=\"810\" \/>\n\t<meta property=\"og:image:type\" content=\"image\/jpeg\" \/>\n<meta name=\"twitter:card\" content=\"summary_large_image\" \/>\n<meta name=\"twitter:label1\" content=\"Hind\" \/>\n\t<meta name=\"twitter:data1\" content=\"\" \/>\n\t<meta name=\"twitter:label2\" content=\"Availability\" \/>\n\t<meta name=\"twitter:data2\" content=\"Laos\" \/>\n<script type=\"application\/ld+json\" class=\"yoast-schema-graph\">{\"@context\":\"https:\\\/\\\/schema.org\",\"@graph\":[{\"@type\":\"WebPage\",\"@id\":\"https:\\\/\\\/fonolukk.eu\\\/et\\\/tooted\\\/kam-3-kaamera-moodul-2\\\/\",\"url\":\"https:\\\/\\\/fonolukk.eu\\\/et\\\/tooted\\\/kam-3-kaamera-moodul-2\\\/\",\"name\":\"KAM-3 kaamera moodul - Fonolukk\",\"isPartOf\":{\"@id\":\"https:\\\/\\\/fonolukk.eu\\\/et\\\/#website\"},\"primaryImageOfPage\":{\"@id\":\"https:\\\/\\\/fonolukk.eu\\\/et\\\/tooted\\\/kam-3-kaamera-moodul-2\\\/#primaryimage\"},\"image\":{\"@id\":\"https:\\\/\\\/fonolukk.eu\\\/et\\\/tooted\\\/kam-3-kaamera-moodul-2\\\/#primaryimage\"},\"thumbnailUrl\":\"https:\\\/\\\/fonolukk.eu\\\/wp-content\\\/uploads\\\/2021\\\/04\\\/tinywow_kam3_1.jpg_29181448.jpg\",\"datePublished\":\"2023-07-13T10:31:24+00:00\",\"dateModified\":\"2023-07-13T10:40:56+00:00\",\"description\":\"KAM-3 kaamera moodul - KAM-3P moodulid on m\u00f5eldud digitaalsetes videos\u00fcsteemides CD-2502 ja CD-3100 kasutatavatele v\u00e4lipaneelidele.\",\"breadcrumb\":{\"@id\":\"https:\\\/\\\/fonolukk.eu\\\/et\\\/tooted\\\/kam-3-kaamera-moodul-2\\\/#breadcrumb\"},\"inLanguage\":\"et\",\"potentialAction\":[{\"@type\":\"ReadAction\",\"target\":[\"https:\\\/\\\/fonolukk.eu\\\/et\\\/tooted\\\/kam-3-kaamera-moodul-2\\\/\"]}]},{\"@type\":\"ImageObject\",\"inLanguage\":\"et\",\"@id\":\"https:\\\/\\\/fonolukk.eu\\\/et\\\/tooted\\\/kam-3-kaamera-moodul-2\\\/#primaryimage\",\"url\":\"https:\\\/\\\/fonolukk.eu\\\/wp-content\\\/uploads\\\/2021\\\/04\\\/tinywow_kam3_1.jpg_29181448.jpg\",\"contentUrl\":\"https:\\\/\\\/fonolukk.eu\\\/wp-content\\\/uploads\\\/2021\\\/04\\\/tinywow_kam3_1.jpg_29181448.jpg\",\"width\":1100,\"height\":810,\"caption\":\"KAM-3P camera module\"},{\"@type\":\"BreadcrumbList\",\"@id\":\"https:\\\/\\\/fonolukk.eu\\\/et\\\/tooted\\\/kam-3-kaamera-moodul-2\\\/#breadcrumb\",\"itemListElement\":[{\"@type\":\"ListItem\",\"position\":1,\"name\":\"Esileht\",\"item\":\"https:\\\/\\\/fonolukk.eu\\\/et\\\/koduleht\\\/\"},{\"@type\":\"ListItem\",\"position\":2,\"name\":\"Tooted\",\"item\":\"https:\\\/\\\/fonolukk.eu\\\/et\\\/shop-2\\\/\"},{\"@type\":\"ListItem\",\"position\":3,\"name\":\"Fonolukud\",\"item\":\"https:\\\/\\\/fonolukk.eu\\\/et\\\/product-category\\\/fonolukud\\\/\"},{\"@type\":\"ListItem\",\"position\":4,\"name\":\"Rainmann (Laskomex)\",\"item\":\"https:\\\/\\\/fonolukk.eu\\\/et\\\/product-category\\\/fonolukud\\\/rainmann-laskomex-et-2\\\/\"},{\"@type\":\"ListItem\",\"position\":5,\"name\":\"Toiteblokid, aksessuaarid\",\"item\":\"https:\\\/\\\/fonolukk.eu\\\/et\\\/product-category\\\/fonolukud\\\/rainmann-laskomex-et-2\\\/toiteblokid-aksessuaarid-et-3\\\/\"},{\"@type\":\"ListItem\",\"position\":6,\"name\":\"Videokaamerad\",\"item\":\"https:\\\/\\\/fonolukk.eu\\\/et\\\/product-category\\\/fonolukud\\\/rainmann-laskomex-et-2\\\/toiteblokid-aksessuaarid-et-3\\\/videokaamerad\\\/\"},{\"@type\":\"ListItem\",\"position\":7,\"name\":\"KAM-3 kaamera moodul\"}]},{\"@type\":\"WebSite\",\"@id\":\"https:\\\/\\\/fonolukk.eu\\\/et\\\/#website\",\"url\":\"https:\\\/\\\/fonolukk.eu\\\/et\\\/\",\"name\":\"Fonolukk eu\",\"description\":\"Smart Security Systems\",\"publisher\":{\"@id\":\"https:\\\/\\\/fonolukk.eu\\\/et\\\/#organization\"},\"potentialAction\":[{\"@type\":\"SearchAction\",\"target\":{\"@type\":\"EntryPoint\",\"urlTemplate\":\"https:\\\/\\\/fonolukk.eu\\\/et\\\/?s={search_term_string}\"},\"query-input\":{\"@type\":\"PropertyValueSpecification\",\"valueRequired\":true,\"valueName\":\"search_term_string\"}}],\"inLanguage\":\"et\"},{\"@type\":\"Organization\",\"@id\":\"https:\\\/\\\/fonolukk.eu\\\/et\\\/#organization\",\"name\":\"Smart Security OU\",\"url\":\"https:\\\/\\\/fonolukk.eu\\\/et\\\/\",\"logo\":{\"@type\":\"ImageObject\",\"inLanguage\":\"et\",\"@id\":\"https:\\\/\\\/fonolukk.eu\\\/et\\\/#\\\/schema\\\/logo\\\/image\\\/\",\"url\":\"https:\\\/\\\/fonolukk.eu\\\/wp-content\\\/uploads\\\/2023\\\/09\\\/fonolukk.png\",\"contentUrl\":\"https:\\\/\\\/fonolukk.eu\\\/wp-content\\\/uploads\\\/2023\\\/09\\\/fonolukk.png\",\"width\":277,\"height\":274,\"caption\":\"Smart Security OU\"},\"image\":{\"@id\":\"https:\\\/\\\/fonolukk.eu\\\/et\\\/#\\\/schema\\\/logo\\\/image\\\/\"},\"sameAs\":[\"https:\\\/\\\/www.facebook.com\\\/fonolukk\",\"https:\\\/\\\/www.instagram.com\\\/fonolukk\\\/?hl=ru\"],\"publishingPrinciples\":\"https:\\\/\\\/fonolukk.eu\\\/terms-and-conditions\\\/\",\"ownershipFundingInfo\":\"https:\\\/\\\/fonolukk.eu\\\/about-us\\\/\"}]}<\/script>\n<meta property=\"product:brand\" content=\"Laskomex\" \/>\n<meta property=\"product:price:amount\" content=\"0.00\" \/>\n<meta property=\"product:price:currency\" content=\"EUR\" \/>\n<meta property=\"og:availability\" content=\"instock\" \/>\n<meta property=\"product:availability\" content=\"instock\" \/>\n<meta property=\"product:retailer_item_id\" content=\"KAM-3p\" \/>\n<meta property=\"product:condition\" content=\"new\" \/>\n<!-- \/ Yoast SEO Premium plugin. -->","yoast_head_json":{"title":"KAM-3 kaamera moodul - Fonolukk","description":"KAM-3 kaamera moodul - KAM-3P moodulid on m\u00f5eldud digitaalsetes videos\u00fcsteemides CD-2502 ja CD-3100 kasutatavatele v\u00e4lipaneelidele.","robots":{"index":"index","follow":"follow","max-snippet":"max-snippet:-1","max-image-preview":"max-image-preview:large","max-video-preview":"max-video-preview:-1"},"canonical":"https:\/\/fonolukk.eu\/et\/tooted\/kam-3-kaamera-moodul-2\/","og_locale":"et_EE","og_type":"article","og_title":"KAM-3 kaamera moodul","og_description":"KAM-3P moodulid on m\u00f5eldud digitaalsetes videos\u00fcsteemides CD-2502 ja CD-3100 kasutatavatele v\u00e4lipaneelidele. Vaikimisi on paneelid valmistatud","og_url":"https:\/\/fonolukk.eu\/et\/tooted\/kam-3-kaamera-moodul-2\/","og_site_name":"Fonolukk","article_publisher":"https:\/\/www.facebook.com\/fonolukk","article_modified_time":"2023-07-13T10:40:56+00:00","og_image":[{"width":1100,"height":810,"url":"https:\/\/fonolukk.eu\/wp-content\/uploads\/2021\/04\/tinywow_kam3_1.jpg_29181448.jpg","type":"image\/jpeg"}],"twitter_card":"summary_large_image","twitter_misc":{"Hind":"","Availability":"Laos"},"schema":{"@context":"https:\/\/schema.org","@graph":[{"@type":"WebPage","@id":"https:\/\/fonolukk.eu\/et\/tooted\/kam-3-kaamera-moodul-2\/","url":"https:\/\/fonolukk.eu\/et\/tooted\/kam-3-kaamera-moodul-2\/","name":"KAM-3 kaamera moodul - Fonolukk","isPartOf":{"@id":"https:\/\/fonolukk.eu\/et\/#website"},"primaryImageOfPage":{"@id":"https:\/\/fonolukk.eu\/et\/tooted\/kam-3-kaamera-moodul-2\/#primaryimage"},"image":{"@id":"https:\/\/fonolukk.eu\/et\/tooted\/kam-3-kaamera-moodul-2\/#primaryimage"},"thumbnailUrl":"https:\/\/fonolukk.eu\/wp-content\/uploads\/2021\/04\/tinywow_kam3_1.jpg_29181448.jpg","datePublished":"2023-07-13T10:31:24+00:00","dateModified":"2023-07-13T10:40:56+00:00","description":"KAM-3 kaamera moodul - KAM-3P moodulid on m\u00f5eldud digitaalsetes videos\u00fcsteemides CD-2502 ja CD-3100 kasutatavatele v\u00e4lipaneelidele.","breadcrumb":{"@id":"https:\/\/fonolukk.eu\/et\/tooted\/kam-3-kaamera-moodul-2\/#breadcrumb"},"inLanguage":"et","potentialAction":[{"@type":"ReadAction","target":["https:\/\/fonolukk.eu\/et\/tooted\/kam-3-kaamera-moodul-2\/"]}]},{"@type":"ImageObject","inLanguage":"et","@id":"https:\/\/fonolukk.eu\/et\/tooted\/kam-3-kaamera-moodul-2\/#primaryimage","url":"https:\/\/fonolukk.eu\/wp-content\/uploads\/2021\/04\/tinywow_kam3_1.jpg_29181448.jpg","contentUrl":"https:\/\/fonolukk.eu\/wp-content\/uploads\/2021\/04\/tinywow_kam3_1.jpg_29181448.jpg","width":1100,"height":810,"caption":"KAM-3P camera module"},{"@type":"BreadcrumbList","@id":"https:\/\/fonolukk.eu\/et\/tooted\/kam-3-kaamera-moodul-2\/#breadcrumb","itemListElement":[{"@type":"ListItem","position":1,"name":"Esileht","item":"https:\/\/fonolukk.eu\/et\/koduleht\/"},{"@type":"ListItem","position":2,"name":"Tooted","item":"https:\/\/fonolukk.eu\/et\/shop-2\/"},{"@type":"ListItem","position":3,"name":"Fonolukud","item":"https:\/\/fonolukk.eu\/et\/product-category\/fonolukud\/"},{"@type":"ListItem","position":4,"name":"Rainmann (Laskomex)","item":"https:\/\/fonolukk.eu\/et\/product-category\/fonolukud\/rainmann-laskomex-et-2\/"},{"@type":"ListItem","position":5,"name":"Toiteblokid, aksessuaarid","item":"https:\/\/fonolukk.eu\/et\/product-category\/fonolukud\/rainmann-laskomex-et-2\/toiteblokid-aksessuaarid-et-3\/"},{"@type":"ListItem","position":6,"name":"Videokaamerad","item":"https:\/\/fonolukk.eu\/et\/product-category\/fonolukud\/rainmann-laskomex-et-2\/toiteblokid-aksessuaarid-et-3\/videokaamerad\/"},{"@type":"ListItem","position":7,"name":"KAM-3 kaamera moodul"}]},{"@type":"WebSite","@id":"https:\/\/fonolukk.eu\/et\/#website","url":"https:\/\/fonolukk.eu\/et\/","name":"Fonolukk eu","description":"Smart Security Systems","publisher":{"@id":"https:\/\/fonolukk.eu\/et\/#organization"},"potentialAction":[{"@type":"SearchAction","target":{"@type":"EntryPoint","urlTemplate":"https:\/\/fonolukk.eu\/et\/?s={search_term_string}"},"query-input":{"@type":"PropertyValueSpecification","valueRequired":true,"valueName":"search_term_string"}}],"inLanguage":"et"},{"@type":"Organization","@id":"https:\/\/fonolukk.eu\/et\/#organization","name":"Smart Security OU","url":"https:\/\/fonolukk.eu\/et\/","logo":{"@type":"ImageObject","inLanguage":"et","@id":"https:\/\/fonolukk.eu\/et\/#\/schema\/logo\/image\/","url":"https:\/\/fonolukk.eu\/wp-content\/uploads\/2023\/09\/fonolukk.png","contentUrl":"https:\/\/fonolukk.eu\/wp-content\/uploads\/2023\/09\/fonolukk.png","width":277,"height":274,"caption":"Smart Security OU"},"image":{"@id":"https:\/\/fonolukk.eu\/et\/#\/schema\/logo\/image\/"},"sameAs":["https:\/\/www.facebook.com\/fonolukk","https:\/\/www.instagram.com\/fonolukk\/?hl=ru"],"publishingPrinciples":"https:\/\/fonolukk.eu\/terms-and-conditions\/","ownershipFundingInfo":"https:\/\/fonolukk.eu\/about-us\/"}]},"product_brand":"Laskomex","product_price_amount":"0.00","product_price_currency":"EUR","og_availability":"instock","product_availability":"instock","product_retailer_item_id":"KAM-3p","product_condition":"new"},"_links":{"self":[{"href":"https:\/\/fonolukk.eu\/et\/wp-json\/wp\/v2\/product\/15500","targetHints":{"allow":["GET"]}}],"collection":[{"href":"https:\/\/fonolukk.eu\/et\/wp-json\/wp\/v2\/product"}],"about":[{"href":"https:\/\/fonolukk.eu\/et\/wp-json\/wp\/v2\/types\/product"}],"version-history":[{"count":0,"href":"https:\/\/fonolukk.eu\/et\/wp-json\/wp\/v2\/product\/15500\/revisions"}],"wp:featuredmedia":[{"embeddable":true,"href":"https:\/\/fonolukk.eu\/et\/wp-json\/wp\/v2\/media\/15611"}],"wp:attachment":[{"href":"https:\/\/fonolukk.eu\/et\/wp-json\/wp\/v2\/media?parent=15500"}],"wp:term":[{"taxonomy":"product_brand","embeddable":true,"href":"https:\/\/fonolukk.eu\/et\/wp-json\/wp\/v2\/product_brand?post=15500"},{"taxonomy":"product_cat","embeddable":true,"href":"https:\/\/fonolukk.eu\/et\/wp-json\/wp\/v2\/product_cat?post=15500"},{"taxonomy":"product_tag","embeddable":true,"href":"https:\/\/fonolukk.eu\/et\/wp-json\/wp\/v2\/product_tag?post=15500"}],"curies":[{"name":"wp","href":"https:\/\/api.w.org\/{rel}","templated":true}]}}