{"id":15540,"date":"2023-07-14T13:07:06","date_gmt":"2023-07-14T10:07:06","guid":{"rendered":"https:\/\/fonolukk.eu\/?post_type=product&#038;p=15540"},"modified":"2023-07-14T13:11:30","modified_gmt":"2023-07-14T10:11:30","slug":"fonolukk-rainmann-laskomex-3103tp-koos-ibutton-lugejaga-must","status":"publish","type":"product","link":"https:\/\/fonolukk.eu\/et\/tooted\/fonolukk-rainmann-laskomex-3103tp-koos-ibutton-lugejaga-must\/","title":{"rendered":"Fonolukk Rainmann (Laskomex) 3103TP koos iBUTTON lugejaga Must"},"content":{"rendered":"<h1 class=\"heading-title\">Fonolukk Rainmann (Laskomex) 3103TP koos iBUTTON lugejaga<\/h1>\n<p>CP-2503TP sisseehitatud valjuh\u00e4\u00e4ldi sissep\u00e4\u00e4supaneel &#8211; valgustatud klaviatuur ilma mehaaniliste kontaktideta, k\u00f5rge vandaalikindlusega, kaitse ilmastiku eest, igale abonendile oma individuaalne kood, ukse avamine kontakt-elektrooniliste v\u00f5tmete abil TM1990A-F5 (&#8220;kiibid&#8221;). Elektrooniline seade EC-2503R &#8211; v\u00f5imalus \u00fchendada kuni 254 abonenti, v\u00f5imalus mitme sisendiga s\u00fcsteemi korraldamiseks, universaalse ukse avanemise v\u00e4ljap\u00e4\u00e4su juhtimine, helitugevuse ja helinide reguleerimine, elektrooniline programmeerimine.<\/p>\n<p>Kirjeldus: mitme korteri digitaalne audioside<br \/>\n<strong>Funktsioonid<\/strong>:<br \/>\nkvaliteetne heliside, individuaalsed koodid, kaugjuhitav avamine helitorudest ja iButtoni kontakt-elektroonilistest v\u00f5tmetest<br \/>\n<strong>Toiteallikas<\/strong>:<br \/>\nalates EC-2502 12V \/ 250mA<br \/>\n<strong>M\u00f5\u00f5dud, mm<\/strong>:<br \/>\n210x180x34 (laius-k\u00f5rgus-s\u00fcgavus)<br \/>\n<strong>Paigalduse t\u00fc\u00fcp: <\/strong><br \/>\npinnale paigaldatav v\u00f5i s\u00fcvistatav<br \/>\n<strong>Tehtud<\/strong>:<br \/>\nmetallist<br \/>\nMust v\u00e4rv<br \/>\n<strong>T\u00f6\u00f6temperatuuri vahemik<\/strong>:<br \/>\n-25 \u00b0 C + 55 \u00b0 C<\/p>\n","protected":false},"excerpt":{"rendered":"<p>Fonolukk Rainmann (Laskomex) 3103TP koos iBUTTON lugejaga CP-2503TP sisseehitatud valjuh\u00e4\u00e4ldi sissep\u00e4\u00e4supaneel &#8211; valgustatud klaviatuur ilma mehaaniliste kontaktideta, k\u00f5rge vandaalikindlusega, kaitse<\/p>\n","protected":false},"featured_media":15562,"template":"","meta":[],"product_brand":[],"product_cat":[956,908],"product_tag":[],"class_list":{"0":"post-15540","1":"product","2":"type-product","3":"status-publish","4":"has-post-thumbnail","6":"product_cat-valispaneel-et-2","7":"product_cat-rainmann-laskomex-et-2","8":"pa_brand-laskomex-et","10":"first","11":"instock","12":"taxable","13":"shipping-taxable","14":"product-type-simple"},"yoast_head":"<!-- This site is optimized with the Yoast SEO Premium plugin v27.3 (Yoast SEO v27.3) - https:\/\/yoast.com\/product\/yoast-seo-premium-wordpress\/ -->\n<title>Fonolukk Rainmann (Laskomex) 3103TP koos iBUTTON lugejaga Must - Fonolukk<\/title>\n<meta name=\"description\" content=\"Fonolukk Rainmann (Laskomex) 3103TP koos iBUTTON lugejaga Must - CP-2503TP sisseehitatud valjuh\u00e4\u00e4ldi sissep\u00e4\u00e4supaneel - valgustatud klaviatuur ilma mehaaniliste kontaktideta\" \/>\n<meta name=\"robots\" content=\"index, follow, max-snippet:-1, max-image-preview:large, max-video-preview:-1\" \/>\n<link rel=\"canonical\" href=\"https:\/\/fonolukk.eu\/et\/tooted\/fonolukk-rainmann-laskomex-3103tp-koos-ibutton-lugejaga-must\/\" \/>\n<meta property=\"og:locale\" content=\"et_EE\" \/>\n<meta property=\"og:type\" content=\"article\" \/>\n<meta property=\"og:title\" content=\"Fonolukk Rainmann (Laskomex) 3103TP koos iBUTTON lugejaga Must\" \/>\n<meta property=\"og:description\" content=\"Fonolukk Rainmann (Laskomex) 3103TP koos iBUTTON lugejaga CP-2503TP sisseehitatud valjuh\u00e4\u00e4ldi sissep\u00e4\u00e4supaneel - valgustatud klaviatuur ilma mehaaniliste\" \/>\n<meta property=\"og:url\" content=\"https:\/\/fonolukk.eu\/et\/tooted\/fonolukk-rainmann-laskomex-3103tp-koos-ibutton-lugejaga-must\/\" \/>\n<meta property=\"og:site_name\" content=\"Fonolukk\" \/>\n<meta property=\"article:publisher\" content=\"https:\/\/www.facebook.com\/fonolukk\" \/>\n<meta property=\"article:modified_time\" content=\"2023-07-14T10:11:30+00:00\" \/>\n<meta property=\"og:image\" content=\"https:\/\/fonolukk.eu\/wp-content\/uploads\/2023\/07\/laskomex-3103tp.png\" \/>\n\t<meta property=\"og:image:width\" content=\"1418\" \/>\n\t<meta property=\"og:image:height\" content=\"1128\" \/>\n\t<meta property=\"og:image:type\" content=\"image\/png\" \/>\n<meta name=\"twitter:card\" content=\"summary_large_image\" \/>\n<meta name=\"twitter:label1\" content=\"Hind\" \/>\n\t<meta name=\"twitter:data1\" content=\"\" \/>\n\t<meta name=\"twitter:label2\" content=\"Availability\" \/>\n\t<meta name=\"twitter:data2\" content=\"Laos\" \/>\n<script type=\"application\/ld+json\" class=\"yoast-schema-graph\">{\"@context\":\"https:\\\/\\\/schema.org\",\"@graph\":[{\"@type\":\"WebPage\",\"@id\":\"https:\\\/\\\/fonolukk.eu\\\/et\\\/tooted\\\/fonolukk-rainmann-laskomex-3103tp-koos-ibutton-lugejaga-must\\\/\",\"url\":\"https:\\\/\\\/fonolukk.eu\\\/et\\\/tooted\\\/fonolukk-rainmann-laskomex-3103tp-koos-ibutton-lugejaga-must\\\/\",\"name\":\"Fonolukk Rainmann (Laskomex) 3103TP koos iBUTTON lugejaga Must - Fonolukk\",\"isPartOf\":{\"@id\":\"https:\\\/\\\/fonolukk.eu\\\/et\\\/#website\"},\"primaryImageOfPage\":{\"@id\":\"https:\\\/\\\/fonolukk.eu\\\/et\\\/tooted\\\/fonolukk-rainmann-laskomex-3103tp-koos-ibutton-lugejaga-must\\\/#primaryimage\"},\"image\":{\"@id\":\"https:\\\/\\\/fonolukk.eu\\\/et\\\/tooted\\\/fonolukk-rainmann-laskomex-3103tp-koos-ibutton-lugejaga-must\\\/#primaryimage\"},\"thumbnailUrl\":\"https:\\\/\\\/fonolukk.eu\\\/wp-content\\\/uploads\\\/2023\\\/07\\\/laskomex-3103tp.png\",\"datePublished\":\"2023-07-14T10:07:06+00:00\",\"dateModified\":\"2023-07-14T10:11:30+00:00\",\"description\":\"Fonolukk Rainmann (Laskomex) 3103TP koos iBUTTON lugejaga Must - CP-2503TP sisseehitatud valjuh\u00e4\u00e4ldi sissep\u00e4\u00e4supaneel - valgustatud klaviatuur ilma mehaaniliste kontaktideta\",\"breadcrumb\":{\"@id\":\"https:\\\/\\\/fonolukk.eu\\\/et\\\/tooted\\\/fonolukk-rainmann-laskomex-3103tp-koos-ibutton-lugejaga-must\\\/#breadcrumb\"},\"inLanguage\":\"et\",\"potentialAction\":[{\"@type\":\"ReadAction\",\"target\":[\"https:\\\/\\\/fonolukk.eu\\\/et\\\/tooted\\\/fonolukk-rainmann-laskomex-3103tp-koos-ibutton-lugejaga-must\\\/\"]}]},{\"@type\":\"ImageObject\",\"inLanguage\":\"et\",\"@id\":\"https:\\\/\\\/fonolukk.eu\\\/et\\\/tooted\\\/fonolukk-rainmann-laskomex-3103tp-koos-ibutton-lugejaga-must\\\/#primaryimage\",\"url\":\"https:\\\/\\\/fonolukk.eu\\\/wp-content\\\/uploads\\\/2023\\\/07\\\/laskomex-3103tp.png\",\"contentUrl\":\"https:\\\/\\\/fonolukk.eu\\\/wp-content\\\/uploads\\\/2023\\\/07\\\/laskomex-3103tp.png\",\"width\":1418,\"height\":1128},{\"@type\":\"BreadcrumbList\",\"@id\":\"https:\\\/\\\/fonolukk.eu\\\/et\\\/tooted\\\/fonolukk-rainmann-laskomex-3103tp-koos-ibutton-lugejaga-must\\\/#breadcrumb\",\"itemListElement\":[{\"@type\":\"ListItem\",\"position\":1,\"name\":\"Esileht\",\"item\":\"https:\\\/\\\/fonolukk.eu\\\/et\\\/koduleht\\\/\"},{\"@type\":\"ListItem\",\"position\":2,\"name\":\"Tooted\",\"item\":\"https:\\\/\\\/fonolukk.eu\\\/et\\\/shop-2\\\/\"},{\"@type\":\"ListItem\",\"position\":3,\"name\":\"Fonolukud\",\"item\":\"https:\\\/\\\/fonolukk.eu\\\/et\\\/product-category\\\/fonolukud\\\/\"},{\"@type\":\"ListItem\",\"position\":4,\"name\":\"Rainmann (Laskomex)\",\"item\":\"https:\\\/\\\/fonolukk.eu\\\/et\\\/product-category\\\/fonolukud\\\/rainmann-laskomex-et-2\\\/\"},{\"@type\":\"ListItem\",\"position\":5,\"name\":\"Fonoluku paneel\",\"item\":\"https:\\\/\\\/fonolukk.eu\\\/et\\\/product-category\\\/fonolukud\\\/rainmann-laskomex-et-2\\\/valispaneel-et-2\\\/\"},{\"@type\":\"ListItem\",\"position\":6,\"name\":\"Fonolukk Rainmann (Laskomex) 3103TP koos iBUTTON lugejaga Must\"}]},{\"@type\":\"WebSite\",\"@id\":\"https:\\\/\\\/fonolukk.eu\\\/et\\\/#website\",\"url\":\"https:\\\/\\\/fonolukk.eu\\\/et\\\/\",\"name\":\"Fonolukk eu\",\"description\":\"Smart Security Systems\",\"publisher\":{\"@id\":\"https:\\\/\\\/fonolukk.eu\\\/et\\\/#organization\"},\"potentialAction\":[{\"@type\":\"SearchAction\",\"target\":{\"@type\":\"EntryPoint\",\"urlTemplate\":\"https:\\\/\\\/fonolukk.eu\\\/et\\\/?s={search_term_string}\"},\"query-input\":{\"@type\":\"PropertyValueSpecification\",\"valueRequired\":true,\"valueName\":\"search_term_string\"}}],\"inLanguage\":\"et\"},{\"@type\":\"Organization\",\"@id\":\"https:\\\/\\\/fonolukk.eu\\\/et\\\/#organization\",\"name\":\"Smart Security OU\",\"url\":\"https:\\\/\\\/fonolukk.eu\\\/et\\\/\",\"logo\":{\"@type\":\"ImageObject\",\"inLanguage\":\"et\",\"@id\":\"https:\\\/\\\/fonolukk.eu\\\/et\\\/#\\\/schema\\\/logo\\\/image\\\/\",\"url\":\"https:\\\/\\\/fonolukk.eu\\\/wp-content\\\/uploads\\\/2023\\\/09\\\/fonolukk.png\",\"contentUrl\":\"https:\\\/\\\/fonolukk.eu\\\/wp-content\\\/uploads\\\/2023\\\/09\\\/fonolukk.png\",\"width\":277,\"height\":274,\"caption\":\"Smart Security OU\"},\"image\":{\"@id\":\"https:\\\/\\\/fonolukk.eu\\\/et\\\/#\\\/schema\\\/logo\\\/image\\\/\"},\"sameAs\":[\"https:\\\/\\\/www.facebook.com\\\/fonolukk\",\"https:\\\/\\\/www.instagram.com\\\/fonolukk\\\/?hl=ru\"],\"publishingPrinciples\":\"https:\\\/\\\/fonolukk.eu\\\/terms-and-conditions\\\/\",\"ownershipFundingInfo\":\"https:\\\/\\\/fonolukk.eu\\\/about-us\\\/\"}]}<\/script>\n<meta property=\"product:brand\" content=\"Laskomex\" \/>\n<meta property=\"product:price:amount\" content=\"0.00\" \/>\n<meta property=\"product:price:currency\" content=\"EUR\" \/>\n<meta property=\"og:availability\" content=\"instock\" \/>\n<meta property=\"product:availability\" content=\"instock\" \/>\n<meta property=\"product:retailer_item_id\" content=\"Laskomex3103TP-black\" \/>\n<meta property=\"product:condition\" content=\"new\" \/>\n<!-- \/ Yoast SEO Premium plugin. -->","yoast_head_json":{"title":"Fonolukk Rainmann (Laskomex) 3103TP koos iBUTTON lugejaga Must - Fonolukk","description":"Fonolukk Rainmann (Laskomex) 3103TP koos iBUTTON lugejaga Must - CP-2503TP sisseehitatud valjuh\u00e4\u00e4ldi sissep\u00e4\u00e4supaneel - valgustatud klaviatuur ilma mehaaniliste kontaktideta","robots":{"index":"index","follow":"follow","max-snippet":"max-snippet:-1","max-image-preview":"max-image-preview:large","max-video-preview":"max-video-preview:-1"},"canonical":"https:\/\/fonolukk.eu\/et\/tooted\/fonolukk-rainmann-laskomex-3103tp-koos-ibutton-lugejaga-must\/","og_locale":"et_EE","og_type":"article","og_title":"Fonolukk Rainmann (Laskomex) 3103TP koos iBUTTON lugejaga Must","og_description":"Fonolukk Rainmann (Laskomex) 3103TP koos iBUTTON lugejaga CP-2503TP sisseehitatud valjuh\u00e4\u00e4ldi sissep\u00e4\u00e4supaneel - valgustatud klaviatuur ilma mehaaniliste","og_url":"https:\/\/fonolukk.eu\/et\/tooted\/fonolukk-rainmann-laskomex-3103tp-koos-ibutton-lugejaga-must\/","og_site_name":"Fonolukk","article_publisher":"https:\/\/www.facebook.com\/fonolukk","article_modified_time":"2023-07-14T10:11:30+00:00","og_image":[{"width":1418,"height":1128,"url":"https:\/\/fonolukk.eu\/wp-content\/uploads\/2023\/07\/laskomex-3103tp.png","type":"image\/png"}],"twitter_card":"summary_large_image","twitter_misc":{"Hind":"","Availability":"Laos"},"schema":{"@context":"https:\/\/schema.org","@graph":[{"@type":"WebPage","@id":"https:\/\/fonolukk.eu\/et\/tooted\/fonolukk-rainmann-laskomex-3103tp-koos-ibutton-lugejaga-must\/","url":"https:\/\/fonolukk.eu\/et\/tooted\/fonolukk-rainmann-laskomex-3103tp-koos-ibutton-lugejaga-must\/","name":"Fonolukk Rainmann (Laskomex) 3103TP koos iBUTTON lugejaga Must - Fonolukk","isPartOf":{"@id":"https:\/\/fonolukk.eu\/et\/#website"},"primaryImageOfPage":{"@id":"https:\/\/fonolukk.eu\/et\/tooted\/fonolukk-rainmann-laskomex-3103tp-koos-ibutton-lugejaga-must\/#primaryimage"},"image":{"@id":"https:\/\/fonolukk.eu\/et\/tooted\/fonolukk-rainmann-laskomex-3103tp-koos-ibutton-lugejaga-must\/#primaryimage"},"thumbnailUrl":"https:\/\/fonolukk.eu\/wp-content\/uploads\/2023\/07\/laskomex-3103tp.png","datePublished":"2023-07-14T10:07:06+00:00","dateModified":"2023-07-14T10:11:30+00:00","description":"Fonolukk Rainmann (Laskomex) 3103TP koos iBUTTON lugejaga Must - CP-2503TP sisseehitatud valjuh\u00e4\u00e4ldi sissep\u00e4\u00e4supaneel - valgustatud klaviatuur ilma mehaaniliste kontaktideta","breadcrumb":{"@id":"https:\/\/fonolukk.eu\/et\/tooted\/fonolukk-rainmann-laskomex-3103tp-koos-ibutton-lugejaga-must\/#breadcrumb"},"inLanguage":"et","potentialAction":[{"@type":"ReadAction","target":["https:\/\/fonolukk.eu\/et\/tooted\/fonolukk-rainmann-laskomex-3103tp-koos-ibutton-lugejaga-must\/"]}]},{"@type":"ImageObject","inLanguage":"et","@id":"https:\/\/fonolukk.eu\/et\/tooted\/fonolukk-rainmann-laskomex-3103tp-koos-ibutton-lugejaga-must\/#primaryimage","url":"https:\/\/fonolukk.eu\/wp-content\/uploads\/2023\/07\/laskomex-3103tp.png","contentUrl":"https:\/\/fonolukk.eu\/wp-content\/uploads\/2023\/07\/laskomex-3103tp.png","width":1418,"height":1128},{"@type":"BreadcrumbList","@id":"https:\/\/fonolukk.eu\/et\/tooted\/fonolukk-rainmann-laskomex-3103tp-koos-ibutton-lugejaga-must\/#breadcrumb","itemListElement":[{"@type":"ListItem","position":1,"name":"Esileht","item":"https:\/\/fonolukk.eu\/et\/koduleht\/"},{"@type":"ListItem","position":2,"name":"Tooted","item":"https:\/\/fonolukk.eu\/et\/shop-2\/"},{"@type":"ListItem","position":3,"name":"Fonolukud","item":"https:\/\/fonolukk.eu\/et\/product-category\/fonolukud\/"},{"@type":"ListItem","position":4,"name":"Rainmann (Laskomex)","item":"https:\/\/fonolukk.eu\/et\/product-category\/fonolukud\/rainmann-laskomex-et-2\/"},{"@type":"ListItem","position":5,"name":"Fonoluku paneel","item":"https:\/\/fonolukk.eu\/et\/product-category\/fonolukud\/rainmann-laskomex-et-2\/valispaneel-et-2\/"},{"@type":"ListItem","position":6,"name":"Fonolukk Rainmann (Laskomex) 3103TP koos iBUTTON lugejaga Must"}]},{"@type":"WebSite","@id":"https:\/\/fonolukk.eu\/et\/#website","url":"https:\/\/fonolukk.eu\/et\/","name":"Fonolukk eu","description":"Smart Security Systems","publisher":{"@id":"https:\/\/fonolukk.eu\/et\/#organization"},"potentialAction":[{"@type":"SearchAction","target":{"@type":"EntryPoint","urlTemplate":"https:\/\/fonolukk.eu\/et\/?s={search_term_string}"},"query-input":{"@type":"PropertyValueSpecification","valueRequired":true,"valueName":"search_term_string"}}],"inLanguage":"et"},{"@type":"Organization","@id":"https:\/\/fonolukk.eu\/et\/#organization","name":"Smart Security OU","url":"https:\/\/fonolukk.eu\/et\/","logo":{"@type":"ImageObject","inLanguage":"et","@id":"https:\/\/fonolukk.eu\/et\/#\/schema\/logo\/image\/","url":"https:\/\/fonolukk.eu\/wp-content\/uploads\/2023\/09\/fonolukk.png","contentUrl":"https:\/\/fonolukk.eu\/wp-content\/uploads\/2023\/09\/fonolukk.png","width":277,"height":274,"caption":"Smart Security OU"},"image":{"@id":"https:\/\/fonolukk.eu\/et\/#\/schema\/logo\/image\/"},"sameAs":["https:\/\/www.facebook.com\/fonolukk","https:\/\/www.instagram.com\/fonolukk\/?hl=ru"],"publishingPrinciples":"https:\/\/fonolukk.eu\/terms-and-conditions\/","ownershipFundingInfo":"https:\/\/fonolukk.eu\/about-us\/"}]},"product_brand":"Laskomex","product_price_amount":"0.00","product_price_currency":"EUR","og_availability":"instock","product_availability":"instock","product_retailer_item_id":"Laskomex3103TP-black","product_condition":"new"},"_links":{"self":[{"href":"https:\/\/fonolukk.eu\/et\/wp-json\/wp\/v2\/product\/15540","targetHints":{"allow":["GET"]}}],"collection":[{"href":"https:\/\/fonolukk.eu\/et\/wp-json\/wp\/v2\/product"}],"about":[{"href":"https:\/\/fonolukk.eu\/et\/wp-json\/wp\/v2\/types\/product"}],"version-history":[{"count":0,"href":"https:\/\/fonolukk.eu\/et\/wp-json\/wp\/v2\/product\/15540\/revisions"}],"wp:featuredmedia":[{"embeddable":true,"href":"https:\/\/fonolukk.eu\/et\/wp-json\/wp\/v2\/media\/15562"}],"wp:attachment":[{"href":"https:\/\/fonolukk.eu\/et\/wp-json\/wp\/v2\/media?parent=15540"}],"wp:term":[{"taxonomy":"product_brand","embeddable":true,"href":"https:\/\/fonolukk.eu\/et\/wp-json\/wp\/v2\/product_brand?post=15540"},{"taxonomy":"product_cat","embeddable":true,"href":"https:\/\/fonolukk.eu\/et\/wp-json\/wp\/v2\/product_cat?post=15540"},{"taxonomy":"product_tag","embeddable":true,"href":"https:\/\/fonolukk.eu\/et\/wp-json\/wp\/v2\/product_tag?post=15540"}],"curies":[{"name":"wp","href":"https:\/\/api.w.org\/{rel}","templated":true}]}}