{"id":15676,"date":"2023-07-20T10:02:21","date_gmt":"2023-07-20T07:02:22","guid":{"rendered":"https:\/\/fonolukk.eu\/?post_type=product&#038;p=15676"},"modified":"2024-10-17T15:14:40","modified_gmt":"2024-10-17T12:14:40","slug":"laskomex-ly-8-1-uksekellata","status":"publish","type":"product","link":"https:\/\/fonolukk.eu\/et\/tooted\/laskomex-ly-8-1-uksekellata\/","title":{"rendered":"Laskomex LY-8M BI uksekellata"},"content":{"rendered":"<h3>Laskomex LY-8M BI uksetelefon koos uksekellafunktsiooniga<\/h3>\n<p>Telefonisideside on laia alusega, nii et seda saab kasutada vanemate mudelite asendajana, kartmata, et nende paigaldamisest j\u00e4\u00e4vad n\u00e4htavad j\u00e4ljed. Seda nuppu valgustab LED, mis n\u00e4itab k\u00f5ne toimumist. J\u00e4rgmine nupp v\u00f5imaldab juhtida t\u00e4iendavat seadet, n\u00e4iteks sissep\u00e4\u00e4suv\u00e4rava ajamit v\u00f5i trepikoja valgustust. Teise lisaseadme juhtimiseks on v\u00f5imalik paigaldada nupumoodul.<\/p>\n","protected":false},"excerpt":{"rendered":"<p>Laskomex LY-8M BI uksetelefon koos uksekellafunktsiooniga Telefonisideside on laia alusega, nii et seda saab kasutada vanemate mudelite asendajana, kartmata, et<\/p>\n","protected":false},"featured_media":12178,"template":"","meta":[],"product_brand":[],"product_cat":[385,816,958,908],"product_tag":[],"class_list":{"0":"post-15676","1":"product","2":"type-product","3":"status-publish","4":"has-post-thumbnail","6":"product_cat-intercom-torud","7":"product_cat-laskomex-rainmann","8":"product_cat-intercomi-torud-et-2","9":"product_cat-rainmann-laskomex-et-2","10":"pa_brand-laskomex-et","12":"first","13":"instock","14":"taxable","15":"shipping-taxable","16":"purchasable","17":"product-type-simple"},"yoast_head":"<!-- This site is optimized with the Yoast SEO Premium plugin v27.3 (Yoast SEO v27.3) - https:\/\/yoast.com\/product\/yoast-seo-premium-wordpress\/ -->\n<title>Laskomex LY-8M BI uksekellata - Fonolukk<\/title>\n<meta name=\"description\" content=\"Laskomex LY-8M BI uksekellata - Telefonisideside on laia alusega, nii et seda saab kasutada vanemate mudelite asendajana, kartmata.\" \/>\n<meta name=\"robots\" content=\"index, follow, max-snippet:-1, max-image-preview:large, max-video-preview:-1\" \/>\n<link rel=\"canonical\" href=\"https:\/\/fonolukk.eu\/et\/tooted\/laskomex-ly-8-1-uksekellata\/\" \/>\n<meta property=\"og:locale\" content=\"et_EE\" \/>\n<meta property=\"og:type\" content=\"article\" \/>\n<meta property=\"og:title\" content=\"Laskomex LY-8M BI uksekellata Laskomex LY-8M BI\" \/>\n<meta property=\"og:description\" content=\"Laskomex LY-8M BI uksetelefon koos uksekellafunktsiooniga Telefonisideside on laia alusega, nii et seda saab kasutada vanemate mudelite asendajana,\" \/>\n<meta property=\"og:url\" content=\"https:\/\/fonolukk.eu\/et\/tooted\/laskomex-ly-8-1-uksekellata\/\" \/>\n<meta property=\"og:site_name\" content=\"Fonolukk\" \/>\n<meta property=\"article:publisher\" content=\"https:\/\/www.facebook.com\/fonolukk\" \/>\n<meta property=\"article:modified_time\" content=\"2024-10-17T12:14:40+00:00\" \/>\n<meta property=\"og:image\" content=\"https:\/\/fonolukk.eu\/wp-content\/uploads\/2021\/08\/ly-8.jpeg\" \/>\n\t<meta property=\"og:image:width\" content=\"458\" \/>\n\t<meta property=\"og:image:height\" content=\"458\" \/>\n\t<meta property=\"og:image:type\" content=\"image\/jpeg\" \/>\n<meta name=\"twitter:card\" content=\"summary_large_image\" \/>\n<meta name=\"twitter:title\" content=\"Laskomex LY-8M BI uksekellata\" \/>\n<meta name=\"twitter:label1\" content=\"Hind\" \/>\n\t<meta name=\"twitter:data1\" content=\"&euro;28.69 koos KM\" \/>\n\t<meta name=\"twitter:label2\" content=\"Availability\" \/>\n\t<meta name=\"twitter:data2\" content=\"Laos\" \/>\n<script type=\"application\/ld+json\" class=\"yoast-schema-graph\">{\"@context\":\"https:\\\/\\\/schema.org\",\"@graph\":[{\"@type\":\"WebPage\",\"@id\":\"https:\\\/\\\/fonolukk.eu\\\/et\\\/tooted\\\/laskomex-ly-8-1-uksekellata\\\/\",\"url\":\"https:\\\/\\\/fonolukk.eu\\\/et\\\/tooted\\\/laskomex-ly-8-1-uksekellata\\\/\",\"name\":\"Laskomex LY-8M BI uksekellata - Fonolukk\",\"isPartOf\":{\"@id\":\"https:\\\/\\\/fonolukk.eu\\\/et\\\/#website\"},\"primaryImageOfPage\":{\"@id\":\"https:\\\/\\\/fonolukk.eu\\\/et\\\/tooted\\\/laskomex-ly-8-1-uksekellata\\\/#primaryimage\"},\"image\":{\"@id\":\"https:\\\/\\\/fonolukk.eu\\\/et\\\/tooted\\\/laskomex-ly-8-1-uksekellata\\\/#primaryimage\"},\"thumbnailUrl\":\"https:\\\/\\\/fonolukk.eu\\\/wp-content\\\/uploads\\\/2021\\\/08\\\/ly-8.jpeg\",\"datePublished\":\"2023-07-20T07:02:22+00:00\",\"dateModified\":\"2024-10-17T12:14:40+00:00\",\"description\":\"Laskomex LY-8M BI uksekellata - Telefonisideside on laia alusega, nii et seda saab kasutada vanemate mudelite asendajana, kartmata.\",\"breadcrumb\":{\"@id\":\"https:\\\/\\\/fonolukk.eu\\\/et\\\/tooted\\\/laskomex-ly-8-1-uksekellata\\\/#breadcrumb\"},\"inLanguage\":\"et\",\"potentialAction\":[{\"@type\":\"ReadAction\",\"target\":[\"https:\\\/\\\/fonolukk.eu\\\/et\\\/tooted\\\/laskomex-ly-8-1-uksekellata\\\/\"]}]},{\"@type\":\"ImageObject\",\"inLanguage\":\"et\",\"@id\":\"https:\\\/\\\/fonolukk.eu\\\/et\\\/tooted\\\/laskomex-ly-8-1-uksekellata\\\/#primaryimage\",\"url\":\"https:\\\/\\\/fonolukk.eu\\\/wp-content\\\/uploads\\\/2021\\\/08\\\/ly-8.jpeg\",\"contentUrl\":\"https:\\\/\\\/fonolukk.eu\\\/wp-content\\\/uploads\\\/2021\\\/08\\\/ly-8.jpeg\",\"width\":458,\"height\":458,\"caption\":\"Fonolukk ly-8\"},{\"@type\":\"BreadcrumbList\",\"@id\":\"https:\\\/\\\/fonolukk.eu\\\/et\\\/tooted\\\/laskomex-ly-8-1-uksekellata\\\/#breadcrumb\",\"itemListElement\":[{\"@type\":\"ListItem\",\"position\":1,\"name\":\"Esileht\",\"item\":\"https:\\\/\\\/fonolukk.eu\\\/et\\\/koduleht\\\/\"},{\"@type\":\"ListItem\",\"position\":2,\"name\":\"Tooted\",\"item\":\"https:\\\/\\\/fonolukk.eu\\\/et\\\/shop-2\\\/\"},{\"@type\":\"ListItem\",\"position\":3,\"name\":\"Uksetelefonid\",\"item\":\"https:\\\/\\\/fonolukk.eu\\\/et\\\/product-category\\\/intercom-torud\\\/\"},{\"@type\":\"ListItem\",\"position\":4,\"name\":\"Laskomex LY-8M BI uksekellata\"}]},{\"@type\":\"WebSite\",\"@id\":\"https:\\\/\\\/fonolukk.eu\\\/et\\\/#website\",\"url\":\"https:\\\/\\\/fonolukk.eu\\\/et\\\/\",\"name\":\"Fonolukk eu\",\"description\":\"Smart Security Systems\",\"publisher\":{\"@id\":\"https:\\\/\\\/fonolukk.eu\\\/et\\\/#organization\"},\"potentialAction\":[{\"@type\":\"SearchAction\",\"target\":{\"@type\":\"EntryPoint\",\"urlTemplate\":\"https:\\\/\\\/fonolukk.eu\\\/et\\\/?s={search_term_string}\"},\"query-input\":{\"@type\":\"PropertyValueSpecification\",\"valueRequired\":true,\"valueName\":\"search_term_string\"}}],\"inLanguage\":\"et\"},{\"@type\":\"Organization\",\"@id\":\"https:\\\/\\\/fonolukk.eu\\\/et\\\/#organization\",\"name\":\"Smart Security OU\",\"url\":\"https:\\\/\\\/fonolukk.eu\\\/et\\\/\",\"logo\":{\"@type\":\"ImageObject\",\"inLanguage\":\"et\",\"@id\":\"https:\\\/\\\/fonolukk.eu\\\/et\\\/#\\\/schema\\\/logo\\\/image\\\/\",\"url\":\"https:\\\/\\\/fonolukk.eu\\\/wp-content\\\/uploads\\\/2023\\\/09\\\/fonolukk.png\",\"contentUrl\":\"https:\\\/\\\/fonolukk.eu\\\/wp-content\\\/uploads\\\/2023\\\/09\\\/fonolukk.png\",\"width\":277,\"height\":274,\"caption\":\"Smart Security OU\"},\"image\":{\"@id\":\"https:\\\/\\\/fonolukk.eu\\\/et\\\/#\\\/schema\\\/logo\\\/image\\\/\"},\"sameAs\":[\"https:\\\/\\\/www.facebook.com\\\/fonolukk\",\"https:\\\/\\\/www.instagram.com\\\/fonolukk\\\/?hl=ru\"],\"publishingPrinciples\":\"https:\\\/\\\/fonolukk.eu\\\/terms-and-conditions\\\/\",\"ownershipFundingInfo\":\"https:\\\/\\\/fonolukk.eu\\\/about-us\\\/\"}]}<\/script>\n<meta property=\"product:brand\" content=\"Laskomex\" \/>\n<meta property=\"product:price:amount\" content=\"28.69\" \/>\n<meta property=\"product:price:currency\" content=\"EUR\" \/>\n<meta property=\"og:availability\" content=\"instock\" \/>\n<meta property=\"product:availability\" content=\"instock\" \/>\n<meta property=\"product:retailer_item_id\" content=\"LY-8-doorbell\" \/>\n<meta property=\"product:condition\" content=\"new\" \/>\n<!-- \/ Yoast SEO Premium plugin. -->","yoast_head_json":{"title":"Laskomex LY-8M BI uksekellata - Fonolukk","description":"Laskomex LY-8M BI uksekellata - Telefonisideside on laia alusega, nii et seda saab kasutada vanemate mudelite asendajana, kartmata.","robots":{"index":"index","follow":"follow","max-snippet":"max-snippet:-1","max-image-preview":"max-image-preview:large","max-video-preview":"max-video-preview:-1"},"canonical":"https:\/\/fonolukk.eu\/et\/tooted\/laskomex-ly-8-1-uksekellata\/","og_locale":"et_EE","og_type":"article","og_title":"Laskomex LY-8M BI uksekellata Laskomex LY-8M BI","og_description":"Laskomex LY-8M BI uksetelefon koos uksekellafunktsiooniga Telefonisideside on laia alusega, nii et seda saab kasutada vanemate mudelite asendajana,","og_url":"https:\/\/fonolukk.eu\/et\/tooted\/laskomex-ly-8-1-uksekellata\/","og_site_name":"Fonolukk","article_publisher":"https:\/\/www.facebook.com\/fonolukk","article_modified_time":"2024-10-17T12:14:40+00:00","og_image":[{"width":458,"height":458,"url":"https:\/\/fonolukk.eu\/wp-content\/uploads\/2021\/08\/ly-8.jpeg","type":"image\/jpeg"}],"twitter_card":"summary_large_image","twitter_title":"Laskomex LY-8M BI uksekellata","twitter_misc":{"Hind":"&euro;28.69 koos KM","Availability":"Laos"},"schema":{"@context":"https:\/\/schema.org","@graph":[{"@type":"WebPage","@id":"https:\/\/fonolukk.eu\/et\/tooted\/laskomex-ly-8-1-uksekellata\/","url":"https:\/\/fonolukk.eu\/et\/tooted\/laskomex-ly-8-1-uksekellata\/","name":"Laskomex LY-8M BI uksekellata - Fonolukk","isPartOf":{"@id":"https:\/\/fonolukk.eu\/et\/#website"},"primaryImageOfPage":{"@id":"https:\/\/fonolukk.eu\/et\/tooted\/laskomex-ly-8-1-uksekellata\/#primaryimage"},"image":{"@id":"https:\/\/fonolukk.eu\/et\/tooted\/laskomex-ly-8-1-uksekellata\/#primaryimage"},"thumbnailUrl":"https:\/\/fonolukk.eu\/wp-content\/uploads\/2021\/08\/ly-8.jpeg","datePublished":"2023-07-20T07:02:22+00:00","dateModified":"2024-10-17T12:14:40+00:00","description":"Laskomex LY-8M BI uksekellata - Telefonisideside on laia alusega, nii et seda saab kasutada vanemate mudelite asendajana, kartmata.","breadcrumb":{"@id":"https:\/\/fonolukk.eu\/et\/tooted\/laskomex-ly-8-1-uksekellata\/#breadcrumb"},"inLanguage":"et","potentialAction":[{"@type":"ReadAction","target":["https:\/\/fonolukk.eu\/et\/tooted\/laskomex-ly-8-1-uksekellata\/"]}]},{"@type":"ImageObject","inLanguage":"et","@id":"https:\/\/fonolukk.eu\/et\/tooted\/laskomex-ly-8-1-uksekellata\/#primaryimage","url":"https:\/\/fonolukk.eu\/wp-content\/uploads\/2021\/08\/ly-8.jpeg","contentUrl":"https:\/\/fonolukk.eu\/wp-content\/uploads\/2021\/08\/ly-8.jpeg","width":458,"height":458,"caption":"Fonolukk ly-8"},{"@type":"BreadcrumbList","@id":"https:\/\/fonolukk.eu\/et\/tooted\/laskomex-ly-8-1-uksekellata\/#breadcrumb","itemListElement":[{"@type":"ListItem","position":1,"name":"Esileht","item":"https:\/\/fonolukk.eu\/et\/koduleht\/"},{"@type":"ListItem","position":2,"name":"Tooted","item":"https:\/\/fonolukk.eu\/et\/shop-2\/"},{"@type":"ListItem","position":3,"name":"Uksetelefonid","item":"https:\/\/fonolukk.eu\/et\/product-category\/intercom-torud\/"},{"@type":"ListItem","position":4,"name":"Laskomex LY-8M BI uksekellata"}]},{"@type":"WebSite","@id":"https:\/\/fonolukk.eu\/et\/#website","url":"https:\/\/fonolukk.eu\/et\/","name":"Fonolukk eu","description":"Smart Security Systems","publisher":{"@id":"https:\/\/fonolukk.eu\/et\/#organization"},"potentialAction":[{"@type":"SearchAction","target":{"@type":"EntryPoint","urlTemplate":"https:\/\/fonolukk.eu\/et\/?s={search_term_string}"},"query-input":{"@type":"PropertyValueSpecification","valueRequired":true,"valueName":"search_term_string"}}],"inLanguage":"et"},{"@type":"Organization","@id":"https:\/\/fonolukk.eu\/et\/#organization","name":"Smart Security OU","url":"https:\/\/fonolukk.eu\/et\/","logo":{"@type":"ImageObject","inLanguage":"et","@id":"https:\/\/fonolukk.eu\/et\/#\/schema\/logo\/image\/","url":"https:\/\/fonolukk.eu\/wp-content\/uploads\/2023\/09\/fonolukk.png","contentUrl":"https:\/\/fonolukk.eu\/wp-content\/uploads\/2023\/09\/fonolukk.png","width":277,"height":274,"caption":"Smart Security OU"},"image":{"@id":"https:\/\/fonolukk.eu\/et\/#\/schema\/logo\/image\/"},"sameAs":["https:\/\/www.facebook.com\/fonolukk","https:\/\/www.instagram.com\/fonolukk\/?hl=ru"],"publishingPrinciples":"https:\/\/fonolukk.eu\/terms-and-conditions\/","ownershipFundingInfo":"https:\/\/fonolukk.eu\/about-us\/"}]},"product_brand":"Laskomex","product_price_amount":"28.69","product_price_currency":"EUR","og_availability":"instock","product_availability":"instock","product_retailer_item_id":"LY-8-doorbell","product_condition":"new"},"_links":{"self":[{"href":"https:\/\/fonolukk.eu\/et\/wp-json\/wp\/v2\/product\/15676","targetHints":{"allow":["GET"]}}],"collection":[{"href":"https:\/\/fonolukk.eu\/et\/wp-json\/wp\/v2\/product"}],"about":[{"href":"https:\/\/fonolukk.eu\/et\/wp-json\/wp\/v2\/types\/product"}],"version-history":[{"count":0,"href":"https:\/\/fonolukk.eu\/et\/wp-json\/wp\/v2\/product\/15676\/revisions"}],"wp:featuredmedia":[{"embeddable":true,"href":"https:\/\/fonolukk.eu\/et\/wp-json\/wp\/v2\/media\/12178"}],"wp:attachment":[{"href":"https:\/\/fonolukk.eu\/et\/wp-json\/wp\/v2\/media?parent=15676"}],"wp:term":[{"taxonomy":"product_brand","embeddable":true,"href":"https:\/\/fonolukk.eu\/et\/wp-json\/wp\/v2\/product_brand?post=15676"},{"taxonomy":"product_cat","embeddable":true,"href":"https:\/\/fonolukk.eu\/et\/wp-json\/wp\/v2\/product_cat?post=15676"},{"taxonomy":"product_tag","embeddable":true,"href":"https:\/\/fonolukk.eu\/et\/wp-json\/wp\/v2\/product_tag?post=15676"}],"curies":[{"name":"wp","href":"https:\/\/api.w.org\/{rel}","templated":true}]}}