{"id":15731,"date":"2023-07-21T14:00:39","date_gmt":"2023-07-21T11:00:39","guid":{"rendered":"https:\/\/fonolukk.eu\/?post_type=product&#038;p=15731"},"modified":"2023-07-21T14:19:37","modified_gmt":"2023-07-21T11:19:37","slug":"videx-videokit","status":"publish","type":"product","link":"https:\/\/fonolukk.eu\/et\/tooted\/videx-videokit\/","title":{"rendered":"Videx Videokit"},"content":{"rendered":"<h1>Videx Videokit IPVK\/629<\/h1>\n<p>\u00fchesuunaline v\u00f5i kahesuunaline IP-videokomplekt 3,5-tollise puutetundliku ekraaniga 6200 seeria videofoniga<\/p>\n<p><strong>\u00dchendus<\/strong><br \/>\nIP<\/p>\n<p><strong>S\u00fcsteem<\/strong><br \/>\nVideokomplekt<\/p>\n<p><strong>Tootesarjad<\/strong><br \/>\n4000 seeria v\u00e4litingimustes | 6200 seeria siseruumides<\/p>\n<p><strong>Tootet\u00fc\u00fcp<\/strong><br \/>\nKomplekt<\/p>\n<p><strong>Peamine omadus<\/strong><br \/>\nH\u00f5lmatud | Interkommunikatsioon | Modulaarne paigaldus | Privaatsus | RJ-45 pistik | Pinnapealne paigaldus | Puuteekraan | Videom\u00e4lu | Laia nurgaga kaamera<\/p>\n<p><strong>Rakendus Toode<\/strong><br \/>\nEramu<\/p>\n<div class='w3eden'><!-- WPDM Link Template: Default Template -->\n\n<div class=\"link-template-default card mb-2\">\n    <div class=\"card-body\">\n        <div class=\"media\">\n            <div class=\"mr-3 img-48\"><img decoding=\"async\" class=\"wpdm_icon\" alt=\"Icon\"   src=\"https:\/\/fonolukk.eu\/wp-content\/plugins\/download-manager\/assets\/file-type-icons\/pdf.svg\" \/><\/div>\n            <div class=\"media-body\">\n                <h3 class=\"package-title\"><a href='https:\/\/fonolukk.eu\/download\/videx-videokit-ipvk-6296\/'>Videx Videokit IPVK\/6296<\/a><\/h3>\n                <div class=\"text-muted text-small\"><i class=\"fas fa-copy\"><\/i> 1 file(s) <i class=\"fas fa-hdd ml-3\"><\/i> 889.89 KB<\/div>\n            <\/div>\n            <div class=\"ml-3\">\n                <a class='wpdm-download-link download-on-click btn btn-primary ' rel='nofollow' href='#' data-downloadurl=\"https:\/\/fonolukk.eu\/download\/videx-videokit-ipvk-6296\/?wpdmdl=15733&refresh=69e23613eec1b1776432659\">Lae<\/a>\n            <\/div>\n        <\/div>\n    <\/div>\n<\/div>\n\n<\/div>\n","protected":false},"excerpt":{"rendered":"<p>Tutvustatakse uut IPure fonoluku-toodete valikut, mis on m\u00f5eldud kohtv\u00f5rgu (LAN) kaudu toimuvaks suhtlemiseks. Pilveteenuste abil saab Interneti-\u00fchendust kasutada ka tahvelarvutite v\u00f5i nutitelefonide abil, millel t\u00f6\u00f6tab Videx CloudNected App. S\u00fcsteem on saadaval ka komplektina, mis sisaldab sissep\u00e4\u00e4supaneeli, videofoni ja toiteallikat.<\/p>\n","protected":false},"featured_media":15736,"template":"","meta":[],"product_brand":[],"product_cat":[1426,891,1306],"product_tag":[1427,1434],"class_list":{"0":"post-15731","1":"product","2":"type-product","3":"status-publish","4":"has-post-thumbnail","6":"product_cat-videx-et-3","7":"product_cat-fonoluku-komplekt","8":"product_cat-outlet-et","9":"product_tag-videx-et","10":"product_tag-videokit-et","11":"pa_brand-videx-et","13":"first","14":"instock","15":"sale","16":"taxable","17":"shipping-taxable","18":"purchasable","19":"product-type-simple"},"yoast_head":"<!-- This site is optimized with the Yoast SEO Premium plugin v27.3 (Yoast SEO v27.3) - https:\/\/yoast.com\/product\/yoast-seo-premium-wordpress\/ -->\n<title>Videx Videokit - Fonolukk<\/title>\n<meta name=\"description\" content=\"Pilveteenuste abil saab Interneti-\u00fchendust kasutada ka tahvelarvutite v\u00f5i nutitelefonide abil, millel t\u00f6\u00f6tab Videx CloudNected App.\" \/>\n<meta name=\"robots\" content=\"index, follow, max-snippet:-1, max-image-preview:large, max-video-preview:-1\" \/>\n<link rel=\"canonical\" href=\"https:\/\/fonolukk.eu\/et\/tooted\/videx-videokit\/\" \/>\n<meta property=\"og:locale\" content=\"et_EE\" \/>\n<meta property=\"og:type\" content=\"article\" \/>\n<meta property=\"og:title\" content=\"Videx Videokit Electric strikes XS\" \/>\n<meta property=\"og:description\" content=\"Tutvustatakse uut IPure fonoluku-toodete valikut, mis on m\u00f5eldud kohtv\u00f5rgu (LAN) kaudu toimuvaks suhtlemiseks. Pilveteenuste abil saab Interneti-\u00fchendust kasutada ka tahvelarvutite v\u00f5i nutitelefonide abil, millel t\u00f6\u00f6tab Videx CloudNected App. S\u00fcsteem on saadaval ka komplektina, mis sisaldab sissep\u00e4\u00e4supaneeli, videofoni ja toiteallikat.\" \/>\n<meta property=\"og:url\" content=\"https:\/\/fonolukk.eu\/et\/tooted\/videx-videokit\/\" \/>\n<meta property=\"og:site_name\" content=\"Fonolukk\" \/>\n<meta property=\"article:publisher\" content=\"https:\/\/www.facebook.com\/fonolukk\" \/>\n<meta property=\"article:modified_time\" content=\"2023-07-21T11:19:37+00:00\" \/>\n<meta property=\"og:image\" content=\"https:\/\/fonolukk.eu\/wp-content\/uploads\/2023\/07\/replicate-prediction-coqv3yzbgycqdnw66qdzo45lfi.png\" \/>\n\t<meta property=\"og:image:width\" content=\"1600\" \/>\n\t<meta property=\"og:image:height\" content=\"1600\" \/>\n\t<meta property=\"og:image:type\" content=\"image\/png\" \/>\n<meta name=\"twitter:card\" content=\"summary_large_image\" \/>\n<meta name=\"twitter:title\" content=\"Videx Videokit\" \/>\n<meta name=\"twitter:label1\" content=\"Hind\" \/>\n\t<meta name=\"twitter:data1\" content=\"&euro;200.00 koos KM\" \/>\n\t<meta name=\"twitter:label2\" content=\"Availability\" \/>\n\t<meta name=\"twitter:data2\" content=\"Laos\" \/>\n<script type=\"application\/ld+json\" class=\"yoast-schema-graph\">{\"@context\":\"https:\\\/\\\/schema.org\",\"@graph\":[{\"@type\":\"WebPage\",\"@id\":\"https:\\\/\\\/fonolukk.eu\\\/et\\\/tooted\\\/videx-videokit\\\/\",\"url\":\"https:\\\/\\\/fonolukk.eu\\\/et\\\/tooted\\\/videx-videokit\\\/\",\"name\":\"Videx Videokit - Fonolukk\",\"isPartOf\":{\"@id\":\"https:\\\/\\\/fonolukk.eu\\\/et\\\/#website\"},\"primaryImageOfPage\":{\"@id\":\"https:\\\/\\\/fonolukk.eu\\\/et\\\/tooted\\\/videx-videokit\\\/#primaryimage\"},\"image\":{\"@id\":\"https:\\\/\\\/fonolukk.eu\\\/et\\\/tooted\\\/videx-videokit\\\/#primaryimage\"},\"thumbnailUrl\":\"https:\\\/\\\/fonolukk.eu\\\/wp-content\\\/uploads\\\/2023\\\/07\\\/replicate-prediction-coqv3yzbgycqdnw66qdzo45lfi.png\",\"datePublished\":\"2023-07-21T11:00:39+00:00\",\"dateModified\":\"2023-07-21T11:19:37+00:00\",\"description\":\"Pilveteenuste abil saab Interneti-\u00fchendust kasutada ka tahvelarvutite v\u00f5i nutitelefonide abil, millel t\u00f6\u00f6tab Videx CloudNected App.\",\"breadcrumb\":{\"@id\":\"https:\\\/\\\/fonolukk.eu\\\/et\\\/tooted\\\/videx-videokit\\\/#breadcrumb\"},\"inLanguage\":\"et\",\"potentialAction\":[{\"@type\":\"ReadAction\",\"target\":[\"https:\\\/\\\/fonolukk.eu\\\/et\\\/tooted\\\/videx-videokit\\\/\"]}]},{\"@type\":\"ImageObject\",\"inLanguage\":\"et\",\"@id\":\"https:\\\/\\\/fonolukk.eu\\\/et\\\/tooted\\\/videx-videokit\\\/#primaryimage\",\"url\":\"https:\\\/\\\/fonolukk.eu\\\/wp-content\\\/uploads\\\/2023\\\/07\\\/replicate-prediction-coqv3yzbgycqdnw66qdzo45lfi.png\",\"contentUrl\":\"https:\\\/\\\/fonolukk.eu\\\/wp-content\\\/uploads\\\/2023\\\/07\\\/replicate-prediction-coqv3yzbgycqdnw66qdzo45lfi.png\",\"width\":1600,\"height\":1600,\"caption\":\"ipvk\\\/6296\"},{\"@type\":\"BreadcrumbList\",\"@id\":\"https:\\\/\\\/fonolukk.eu\\\/et\\\/tooted\\\/videx-videokit\\\/#breadcrumb\",\"itemListElement\":[{\"@type\":\"ListItem\",\"position\":1,\"name\":\"Esileht\",\"item\":\"https:\\\/\\\/fonolukk.eu\\\/et\\\/koduleht\\\/\"},{\"@type\":\"ListItem\",\"position\":2,\"name\":\"Tooted\",\"item\":\"https:\\\/\\\/fonolukk.eu\\\/et\\\/shop-2\\\/\"},{\"@type\":\"ListItem\",\"position\":3,\"name\":\"Outlet\",\"item\":\"https:\\\/\\\/fonolukk.eu\\\/et\\\/product-category\\\/outlet-et\\\/\"},{\"@type\":\"ListItem\",\"position\":4,\"name\":\"Videx Videokit\"}]},{\"@type\":\"WebSite\",\"@id\":\"https:\\\/\\\/fonolukk.eu\\\/et\\\/#website\",\"url\":\"https:\\\/\\\/fonolukk.eu\\\/et\\\/\",\"name\":\"Fonolukk eu\",\"description\":\"Smart Security Systems\",\"publisher\":{\"@id\":\"https:\\\/\\\/fonolukk.eu\\\/et\\\/#organization\"},\"potentialAction\":[{\"@type\":\"SearchAction\",\"target\":{\"@type\":\"EntryPoint\",\"urlTemplate\":\"https:\\\/\\\/fonolukk.eu\\\/et\\\/?s={search_term_string}\"},\"query-input\":{\"@type\":\"PropertyValueSpecification\",\"valueRequired\":true,\"valueName\":\"search_term_string\"}}],\"inLanguage\":\"et\"},{\"@type\":\"Organization\",\"@id\":\"https:\\\/\\\/fonolukk.eu\\\/et\\\/#organization\",\"name\":\"Smart Security OU\",\"url\":\"https:\\\/\\\/fonolukk.eu\\\/et\\\/\",\"logo\":{\"@type\":\"ImageObject\",\"inLanguage\":\"et\",\"@id\":\"https:\\\/\\\/fonolukk.eu\\\/et\\\/#\\\/schema\\\/logo\\\/image\\\/\",\"url\":\"https:\\\/\\\/fonolukk.eu\\\/wp-content\\\/uploads\\\/2023\\\/09\\\/fonolukk.png\",\"contentUrl\":\"https:\\\/\\\/fonolukk.eu\\\/wp-content\\\/uploads\\\/2023\\\/09\\\/fonolukk.png\",\"width\":277,\"height\":274,\"caption\":\"Smart Security OU\"},\"image\":{\"@id\":\"https:\\\/\\\/fonolukk.eu\\\/et\\\/#\\\/schema\\\/logo\\\/image\\\/\"},\"sameAs\":[\"https:\\\/\\\/www.facebook.com\\\/fonolukk\",\"https:\\\/\\\/www.instagram.com\\\/fonolukk\\\/?hl=ru\"],\"publishingPrinciples\":\"https:\\\/\\\/fonolukk.eu\\\/terms-and-conditions\\\/\",\"ownershipFundingInfo\":\"https:\\\/\\\/fonolukk.eu\\\/about-us\\\/\"}]}<\/script>\n<meta property=\"product:brand\" content=\"Videx\" \/>\n<meta property=\"product:price:amount\" content=\"200.00\" \/>\n<meta property=\"product:price:currency\" content=\"EUR\" \/>\n<meta property=\"og:availability\" content=\"instock\" \/>\n<meta property=\"product:availability\" content=\"instock\" \/>\n<meta property=\"product:retailer_item_id\" content=\"IPVK\/6296\" \/>\n<meta property=\"product:condition\" content=\"new\" \/>\n<!-- \/ Yoast SEO Premium plugin. -->","yoast_head_json":{"title":"Videx Videokit - Fonolukk","description":"Pilveteenuste abil saab Interneti-\u00fchendust kasutada ka tahvelarvutite v\u00f5i nutitelefonide abil, millel t\u00f6\u00f6tab Videx CloudNected App.","robots":{"index":"index","follow":"follow","max-snippet":"max-snippet:-1","max-image-preview":"max-image-preview:large","max-video-preview":"max-video-preview:-1"},"canonical":"https:\/\/fonolukk.eu\/et\/tooted\/videx-videokit\/","og_locale":"et_EE","og_type":"article","og_title":"Videx Videokit Electric strikes XS","og_description":"Tutvustatakse uut IPure fonoluku-toodete valikut, mis on m\u00f5eldud kohtv\u00f5rgu (LAN) kaudu toimuvaks suhtlemiseks. Pilveteenuste abil saab Interneti-\u00fchendust kasutada ka tahvelarvutite v\u00f5i nutitelefonide abil, millel t\u00f6\u00f6tab Videx CloudNected App. S\u00fcsteem on saadaval ka komplektina, mis sisaldab sissep\u00e4\u00e4supaneeli, videofoni ja toiteallikat.","og_url":"https:\/\/fonolukk.eu\/et\/tooted\/videx-videokit\/","og_site_name":"Fonolukk","article_publisher":"https:\/\/www.facebook.com\/fonolukk","article_modified_time":"2023-07-21T11:19:37+00:00","og_image":[{"width":1600,"height":1600,"url":"https:\/\/fonolukk.eu\/wp-content\/uploads\/2023\/07\/replicate-prediction-coqv3yzbgycqdnw66qdzo45lfi.png","type":"image\/png"}],"twitter_card":"summary_large_image","twitter_title":"Videx Videokit","twitter_misc":{"Hind":"&euro;200.00 koos KM","Availability":"Laos"},"schema":{"@context":"https:\/\/schema.org","@graph":[{"@type":"WebPage","@id":"https:\/\/fonolukk.eu\/et\/tooted\/videx-videokit\/","url":"https:\/\/fonolukk.eu\/et\/tooted\/videx-videokit\/","name":"Videx Videokit - Fonolukk","isPartOf":{"@id":"https:\/\/fonolukk.eu\/et\/#website"},"primaryImageOfPage":{"@id":"https:\/\/fonolukk.eu\/et\/tooted\/videx-videokit\/#primaryimage"},"image":{"@id":"https:\/\/fonolukk.eu\/et\/tooted\/videx-videokit\/#primaryimage"},"thumbnailUrl":"https:\/\/fonolukk.eu\/wp-content\/uploads\/2023\/07\/replicate-prediction-coqv3yzbgycqdnw66qdzo45lfi.png","datePublished":"2023-07-21T11:00:39+00:00","dateModified":"2023-07-21T11:19:37+00:00","description":"Pilveteenuste abil saab Interneti-\u00fchendust kasutada ka tahvelarvutite v\u00f5i nutitelefonide abil, millel t\u00f6\u00f6tab Videx CloudNected App.","breadcrumb":{"@id":"https:\/\/fonolukk.eu\/et\/tooted\/videx-videokit\/#breadcrumb"},"inLanguage":"et","potentialAction":[{"@type":"ReadAction","target":["https:\/\/fonolukk.eu\/et\/tooted\/videx-videokit\/"]}]},{"@type":"ImageObject","inLanguage":"et","@id":"https:\/\/fonolukk.eu\/et\/tooted\/videx-videokit\/#primaryimage","url":"https:\/\/fonolukk.eu\/wp-content\/uploads\/2023\/07\/replicate-prediction-coqv3yzbgycqdnw66qdzo45lfi.png","contentUrl":"https:\/\/fonolukk.eu\/wp-content\/uploads\/2023\/07\/replicate-prediction-coqv3yzbgycqdnw66qdzo45lfi.png","width":1600,"height":1600,"caption":"ipvk\/6296"},{"@type":"BreadcrumbList","@id":"https:\/\/fonolukk.eu\/et\/tooted\/videx-videokit\/#breadcrumb","itemListElement":[{"@type":"ListItem","position":1,"name":"Esileht","item":"https:\/\/fonolukk.eu\/et\/koduleht\/"},{"@type":"ListItem","position":2,"name":"Tooted","item":"https:\/\/fonolukk.eu\/et\/shop-2\/"},{"@type":"ListItem","position":3,"name":"Outlet","item":"https:\/\/fonolukk.eu\/et\/product-category\/outlet-et\/"},{"@type":"ListItem","position":4,"name":"Videx Videokit"}]},{"@type":"WebSite","@id":"https:\/\/fonolukk.eu\/et\/#website","url":"https:\/\/fonolukk.eu\/et\/","name":"Fonolukk eu","description":"Smart Security Systems","publisher":{"@id":"https:\/\/fonolukk.eu\/et\/#organization"},"potentialAction":[{"@type":"SearchAction","target":{"@type":"EntryPoint","urlTemplate":"https:\/\/fonolukk.eu\/et\/?s={search_term_string}"},"query-input":{"@type":"PropertyValueSpecification","valueRequired":true,"valueName":"search_term_string"}}],"inLanguage":"et"},{"@type":"Organization","@id":"https:\/\/fonolukk.eu\/et\/#organization","name":"Smart Security OU","url":"https:\/\/fonolukk.eu\/et\/","logo":{"@type":"ImageObject","inLanguage":"et","@id":"https:\/\/fonolukk.eu\/et\/#\/schema\/logo\/image\/","url":"https:\/\/fonolukk.eu\/wp-content\/uploads\/2023\/09\/fonolukk.png","contentUrl":"https:\/\/fonolukk.eu\/wp-content\/uploads\/2023\/09\/fonolukk.png","width":277,"height":274,"caption":"Smart Security OU"},"image":{"@id":"https:\/\/fonolukk.eu\/et\/#\/schema\/logo\/image\/"},"sameAs":["https:\/\/www.facebook.com\/fonolukk","https:\/\/www.instagram.com\/fonolukk\/?hl=ru"],"publishingPrinciples":"https:\/\/fonolukk.eu\/terms-and-conditions\/","ownershipFundingInfo":"https:\/\/fonolukk.eu\/about-us\/"}]},"product_brand":"Videx","product_price_amount":"200.00","product_price_currency":"EUR","og_availability":"instock","product_availability":"instock","product_retailer_item_id":"IPVK\/6296","product_condition":"new"},"_links":{"self":[{"href":"https:\/\/fonolukk.eu\/et\/wp-json\/wp\/v2\/product\/15731","targetHints":{"allow":["GET"]}}],"collection":[{"href":"https:\/\/fonolukk.eu\/et\/wp-json\/wp\/v2\/product"}],"about":[{"href":"https:\/\/fonolukk.eu\/et\/wp-json\/wp\/v2\/types\/product"}],"version-history":[{"count":0,"href":"https:\/\/fonolukk.eu\/et\/wp-json\/wp\/v2\/product\/15731\/revisions"}],"wp:featuredmedia":[{"embeddable":true,"href":"https:\/\/fonolukk.eu\/et\/wp-json\/wp\/v2\/media\/15736"}],"wp:attachment":[{"href":"https:\/\/fonolukk.eu\/et\/wp-json\/wp\/v2\/media?parent=15731"}],"wp:term":[{"taxonomy":"product_brand","embeddable":true,"href":"https:\/\/fonolukk.eu\/et\/wp-json\/wp\/v2\/product_brand?post=15731"},{"taxonomy":"product_cat","embeddable":true,"href":"https:\/\/fonolukk.eu\/et\/wp-json\/wp\/v2\/product_cat?post=15731"},{"taxonomy":"product_tag","embeddable":true,"href":"https:\/\/fonolukk.eu\/et\/wp-json\/wp\/v2\/product_tag?post=15731"}],"curies":[{"name":"wp","href":"https:\/\/api.w.org\/{rel}","templated":true}]}}