{"id":15774,"date":"2023-07-25T13:07:29","date_gmt":"2023-07-25T10:07:30","guid":{"rendered":"https:\/\/fonolukk.eu\/?post_type=product&#038;p=15774"},"modified":"2023-07-25T13:27:47","modified_gmt":"2023-07-25T10:27:47","slug":"basip-uksejaam-av-08fb","status":"publish","type":"product","link":"https:\/\/fonolukk.eu\/et\/tooted\/basip-uksejaam-av-08fb\/","title":{"rendered":"BasIP uksejaam AV-08FB"},"content":{"rendered":"<h1>BasIP uksejaam AV-08FB<\/h1>\n<p>Paneel toetab automaatset n\u00e4otuvastuse funktsiooni, mis v\u00f5imaldab ukse avada inimesel, kellel ei ole kaasas v\u00f5tmehoidjat v\u00f5i identifikaatorit.<\/p>\n<p><strong>K\u00fclaliste juurdep\u00e4\u00e4s<\/strong><br \/>\nV\u00f5imalus p\u00e4\u00e4seda ruumidesse QR-koodi v\u00f5i korteri\/maja omanike poolt eelnevalt genereeritud lingi abil.<\/p>\n<p><strong>UKEY<\/strong><br \/>\nPaneel toetab UKEY mobiilset juurdep\u00e4\u00e4su, mis v\u00f5imaldab avada ukse oma nutitelefoni abil. Samal ajal saate kasutada ka tavalisi v\u00f5tmehoidjaid v\u00f5i juurdep\u00e4\u00e4sukaarte.<\/p>\n<p><strong>Avatud API<\/strong><br \/>\nAPI on vajalik paneeli kiireks ja lihtsaks integreerimiseks kolmandate osapoolte s\u00fcsteemidesse (ACS jne).<\/p>\n<p><strong>Integratsioon videovalves\u00fcsteemiga<\/strong><br \/>\nPaneel v\u00f5ib edastada videot RTSP- v\u00f5i Onfiv-protokolli kaudu NVR-i, tegutsedes \u00fche turvakaamerana teie s\u00fcsteemis.<\/p>\n","protected":false},"excerpt":{"rendered":"<p>BAS-IP AV-08FB on stiilne ja ainulaadne \u00fche kasutajaga v\u00e4litingimustes kasutatav paneel n\u00e4otuvastusega.<br \/>\nPaneel on varustatud 2-megapikslise kaamera ja piesoelektrilise helistamisnupuga.<\/p>\n","protected":false},"featured_media":15777,"template":"","meta":[],"product_brand":[],"product_cat":[1306],"product_tag":[1383],"class_list":{"0":"post-15774","1":"product","2":"type-product","3":"status-publish","4":"has-post-thumbnail","6":"product_cat-outlet-et","7":"product_tag-basip-et","8":"pa_brand-bas-ip-et","10":"first","11":"outofstock","12":"sale","13":"taxable","14":"shipping-taxable","15":"purchasable","16":"product-type-simple"},"yoast_head":"<!-- This site is optimized with the Yoast SEO Premium plugin v27.3 (Yoast SEO v27.3) - https:\/\/yoast.com\/product\/yoast-seo-premium-wordpress\/ -->\n<title>BasIP uksejaam AV-08FB - Fonolukk<\/title>\n<meta name=\"description\" content=\"BasIP uksejaam AV-08FB - BAS-IP AV-08FB on stiilne ja ainulaadne n\u00e4otuvastusega \u00fche kasutajaga v\u00e4litingimustes kasutatav paneel.\" \/>\n<meta name=\"robots\" content=\"index, follow, max-snippet:-1, max-image-preview:large, max-video-preview:-1\" \/>\n<link rel=\"canonical\" href=\"https:\/\/fonolukk.eu\/et\/tooted\/basip-uksejaam-av-08fb\/\" \/>\n<meta property=\"og:locale\" content=\"et_EE\" \/>\n<meta property=\"og:type\" content=\"article\" \/>\n<meta property=\"og:title\" content=\"BasIP uksejaam AV-08FB Electric strikes XS\" \/>\n<meta property=\"og:description\" content=\"BAS-IP AV-08FB on stiilne ja ainulaadne \u00fche kasutajaga v\u00e4litingimustes kasutatav paneel n\u00e4otuvastusega. Paneel on varustatud 2-megapikslise kaamera ja piesoelektrilise helistamisnupuga.\" \/>\n<meta property=\"og:url\" content=\"https:\/\/fonolukk.eu\/et\/tooted\/basip-uksejaam-av-08fb\/\" \/>\n<meta property=\"og:site_name\" content=\"Fonolukk\" \/>\n<meta property=\"article:publisher\" content=\"https:\/\/www.facebook.com\/fonolukk\" \/>\n<meta property=\"article:modified_time\" content=\"2023-07-25T10:27:47+00:00\" \/>\n<meta property=\"og:image\" content=\"https:\/\/fonolukk.eu\/wp-content\/uploads\/2023\/07\/basip-av-08fbl.webp\" \/>\n\t<meta property=\"og:image:width\" content=\"710\" \/>\n\t<meta property=\"og:image:height\" content=\"578\" \/>\n\t<meta property=\"og:image:type\" content=\"image\/webp\" \/>\n<meta name=\"twitter:card\" content=\"summary_large_image\" \/>\n<meta name=\"twitter:title\" content=\"BasIP uksejaam AV-08FB\" \/>\n<meta name=\"twitter:label1\" content=\"Hind\" \/>\n\t<meta name=\"twitter:data1\" content=\"&euro;316.67 koos KM\" \/>\n\t<meta name=\"twitter:label2\" content=\"Availability\" \/>\n\t<meta name=\"twitter:data2\" content=\"Laost otsas\" \/>\n<script type=\"application\/ld+json\" class=\"yoast-schema-graph\">{\"@context\":\"https:\\\/\\\/schema.org\",\"@graph\":[{\"@type\":\"WebPage\",\"@id\":\"https:\\\/\\\/fonolukk.eu\\\/et\\\/tooted\\\/basip-uksejaam-av-08fb\\\/\",\"url\":\"https:\\\/\\\/fonolukk.eu\\\/et\\\/tooted\\\/basip-uksejaam-av-08fb\\\/\",\"name\":\"BasIP uksejaam AV-08FB - Fonolukk\",\"isPartOf\":{\"@id\":\"https:\\\/\\\/fonolukk.eu\\\/et\\\/#website\"},\"primaryImageOfPage\":{\"@id\":\"https:\\\/\\\/fonolukk.eu\\\/et\\\/tooted\\\/basip-uksejaam-av-08fb\\\/#primaryimage\"},\"image\":{\"@id\":\"https:\\\/\\\/fonolukk.eu\\\/et\\\/tooted\\\/basip-uksejaam-av-08fb\\\/#primaryimage\"},\"thumbnailUrl\":\"https:\\\/\\\/fonolukk.eu\\\/wp-content\\\/uploads\\\/2023\\\/07\\\/basip-av-08fbl.webp\",\"datePublished\":\"2023-07-25T10:07:30+00:00\",\"dateModified\":\"2023-07-25T10:27:47+00:00\",\"description\":\"BasIP uksejaam AV-08FB - BAS-IP AV-08FB on stiilne ja ainulaadne n\u00e4otuvastusega \u00fche kasutajaga v\u00e4litingimustes kasutatav paneel.\",\"breadcrumb\":{\"@id\":\"https:\\\/\\\/fonolukk.eu\\\/et\\\/tooted\\\/basip-uksejaam-av-08fb\\\/#breadcrumb\"},\"inLanguage\":\"et\",\"potentialAction\":[{\"@type\":\"ReadAction\",\"target\":[\"https:\\\/\\\/fonolukk.eu\\\/et\\\/tooted\\\/basip-uksejaam-av-08fb\\\/\"]}]},{\"@type\":\"ImageObject\",\"inLanguage\":\"et\",\"@id\":\"https:\\\/\\\/fonolukk.eu\\\/et\\\/tooted\\\/basip-uksejaam-av-08fb\\\/#primaryimage\",\"url\":\"https:\\\/\\\/fonolukk.eu\\\/wp-content\\\/uploads\\\/2023\\\/07\\\/basip-av-08fbl.webp\",\"contentUrl\":\"https:\\\/\\\/fonolukk.eu\\\/wp-content\\\/uploads\\\/2023\\\/07\\\/basip-av-08fbl.webp\",\"width\":710,\"height\":578,\"caption\":\"basIP av-o8fb\"},{\"@type\":\"BreadcrumbList\",\"@id\":\"https:\\\/\\\/fonolukk.eu\\\/et\\\/tooted\\\/basip-uksejaam-av-08fb\\\/#breadcrumb\",\"itemListElement\":[{\"@type\":\"ListItem\",\"position\":1,\"name\":\"Esileht\",\"item\":\"https:\\\/\\\/fonolukk.eu\\\/et\\\/koduleht\\\/\"},{\"@type\":\"ListItem\",\"position\":2,\"name\":\"Tooted\",\"item\":\"https:\\\/\\\/fonolukk.eu\\\/et\\\/shop-2\\\/\"},{\"@type\":\"ListItem\",\"position\":3,\"name\":\"Outlet\",\"item\":\"https:\\\/\\\/fonolukk.eu\\\/et\\\/product-category\\\/outlet-et\\\/\"},{\"@type\":\"ListItem\",\"position\":4,\"name\":\"BasIP uksejaam AV-08FB\"}]},{\"@type\":\"WebSite\",\"@id\":\"https:\\\/\\\/fonolukk.eu\\\/et\\\/#website\",\"url\":\"https:\\\/\\\/fonolukk.eu\\\/et\\\/\",\"name\":\"Fonolukk eu\",\"description\":\"Smart Security Systems\",\"publisher\":{\"@id\":\"https:\\\/\\\/fonolukk.eu\\\/et\\\/#organization\"},\"potentialAction\":[{\"@type\":\"SearchAction\",\"target\":{\"@type\":\"EntryPoint\",\"urlTemplate\":\"https:\\\/\\\/fonolukk.eu\\\/et\\\/?s={search_term_string}\"},\"query-input\":{\"@type\":\"PropertyValueSpecification\",\"valueRequired\":true,\"valueName\":\"search_term_string\"}}],\"inLanguage\":\"et\"},{\"@type\":\"Organization\",\"@id\":\"https:\\\/\\\/fonolukk.eu\\\/et\\\/#organization\",\"name\":\"Smart Security OU\",\"url\":\"https:\\\/\\\/fonolukk.eu\\\/et\\\/\",\"logo\":{\"@type\":\"ImageObject\",\"inLanguage\":\"et\",\"@id\":\"https:\\\/\\\/fonolukk.eu\\\/et\\\/#\\\/schema\\\/logo\\\/image\\\/\",\"url\":\"https:\\\/\\\/fonolukk.eu\\\/wp-content\\\/uploads\\\/2023\\\/09\\\/fonolukk.png\",\"contentUrl\":\"https:\\\/\\\/fonolukk.eu\\\/wp-content\\\/uploads\\\/2023\\\/09\\\/fonolukk.png\",\"width\":277,\"height\":274,\"caption\":\"Smart Security OU\"},\"image\":{\"@id\":\"https:\\\/\\\/fonolukk.eu\\\/et\\\/#\\\/schema\\\/logo\\\/image\\\/\"},\"sameAs\":[\"https:\\\/\\\/www.facebook.com\\\/fonolukk\",\"https:\\\/\\\/www.instagram.com\\\/fonolukk\\\/?hl=ru\"],\"publishingPrinciples\":\"https:\\\/\\\/fonolukk.eu\\\/terms-and-conditions\\\/\",\"ownershipFundingInfo\":\"https:\\\/\\\/fonolukk.eu\\\/about-us\\\/\"}]}<\/script>\n<meta property=\"product:brand\" content=\"Bas IP\" \/>\n<meta property=\"product:price:amount\" content=\"316.67\" \/>\n<meta property=\"product:price:currency\" content=\"EUR\" \/>\n<meta property=\"og:availability\" content=\"out of stock\" \/>\n<meta property=\"product:availability\" content=\"out of stock\" \/>\n<meta property=\"product:retailer_item_id\" content=\"AV-08FB\" \/>\n<meta property=\"product:condition\" content=\"new\" \/>\n<!-- \/ Yoast SEO Premium plugin. -->","yoast_head_json":{"title":"BasIP uksejaam AV-08FB - Fonolukk","description":"BasIP uksejaam AV-08FB - BAS-IP AV-08FB on stiilne ja ainulaadne n\u00e4otuvastusega \u00fche kasutajaga v\u00e4litingimustes kasutatav paneel.","robots":{"index":"index","follow":"follow","max-snippet":"max-snippet:-1","max-image-preview":"max-image-preview:large","max-video-preview":"max-video-preview:-1"},"canonical":"https:\/\/fonolukk.eu\/et\/tooted\/basip-uksejaam-av-08fb\/","og_locale":"et_EE","og_type":"article","og_title":"BasIP uksejaam AV-08FB Electric strikes XS","og_description":"BAS-IP AV-08FB on stiilne ja ainulaadne \u00fche kasutajaga v\u00e4litingimustes kasutatav paneel n\u00e4otuvastusega. Paneel on varustatud 2-megapikslise kaamera ja piesoelektrilise helistamisnupuga.","og_url":"https:\/\/fonolukk.eu\/et\/tooted\/basip-uksejaam-av-08fb\/","og_site_name":"Fonolukk","article_publisher":"https:\/\/www.facebook.com\/fonolukk","article_modified_time":"2023-07-25T10:27:47+00:00","og_image":[{"width":710,"height":578,"url":"https:\/\/fonolukk.eu\/wp-content\/uploads\/2023\/07\/basip-av-08fbl.webp","type":"image\/webp"}],"twitter_card":"summary_large_image","twitter_title":"BasIP uksejaam AV-08FB","twitter_misc":{"Hind":"&euro;316.67 koos KM","Availability":"Laost otsas"},"schema":{"@context":"https:\/\/schema.org","@graph":[{"@type":"WebPage","@id":"https:\/\/fonolukk.eu\/et\/tooted\/basip-uksejaam-av-08fb\/","url":"https:\/\/fonolukk.eu\/et\/tooted\/basip-uksejaam-av-08fb\/","name":"BasIP uksejaam AV-08FB - Fonolukk","isPartOf":{"@id":"https:\/\/fonolukk.eu\/et\/#website"},"primaryImageOfPage":{"@id":"https:\/\/fonolukk.eu\/et\/tooted\/basip-uksejaam-av-08fb\/#primaryimage"},"image":{"@id":"https:\/\/fonolukk.eu\/et\/tooted\/basip-uksejaam-av-08fb\/#primaryimage"},"thumbnailUrl":"https:\/\/fonolukk.eu\/wp-content\/uploads\/2023\/07\/basip-av-08fbl.webp","datePublished":"2023-07-25T10:07:30+00:00","dateModified":"2023-07-25T10:27:47+00:00","description":"BasIP uksejaam AV-08FB - BAS-IP AV-08FB on stiilne ja ainulaadne n\u00e4otuvastusega \u00fche kasutajaga v\u00e4litingimustes kasutatav paneel.","breadcrumb":{"@id":"https:\/\/fonolukk.eu\/et\/tooted\/basip-uksejaam-av-08fb\/#breadcrumb"},"inLanguage":"et","potentialAction":[{"@type":"ReadAction","target":["https:\/\/fonolukk.eu\/et\/tooted\/basip-uksejaam-av-08fb\/"]}]},{"@type":"ImageObject","inLanguage":"et","@id":"https:\/\/fonolukk.eu\/et\/tooted\/basip-uksejaam-av-08fb\/#primaryimage","url":"https:\/\/fonolukk.eu\/wp-content\/uploads\/2023\/07\/basip-av-08fbl.webp","contentUrl":"https:\/\/fonolukk.eu\/wp-content\/uploads\/2023\/07\/basip-av-08fbl.webp","width":710,"height":578,"caption":"basIP av-o8fb"},{"@type":"BreadcrumbList","@id":"https:\/\/fonolukk.eu\/et\/tooted\/basip-uksejaam-av-08fb\/#breadcrumb","itemListElement":[{"@type":"ListItem","position":1,"name":"Esileht","item":"https:\/\/fonolukk.eu\/et\/koduleht\/"},{"@type":"ListItem","position":2,"name":"Tooted","item":"https:\/\/fonolukk.eu\/et\/shop-2\/"},{"@type":"ListItem","position":3,"name":"Outlet","item":"https:\/\/fonolukk.eu\/et\/product-category\/outlet-et\/"},{"@type":"ListItem","position":4,"name":"BasIP uksejaam AV-08FB"}]},{"@type":"WebSite","@id":"https:\/\/fonolukk.eu\/et\/#website","url":"https:\/\/fonolukk.eu\/et\/","name":"Fonolukk eu","description":"Smart Security Systems","publisher":{"@id":"https:\/\/fonolukk.eu\/et\/#organization"},"potentialAction":[{"@type":"SearchAction","target":{"@type":"EntryPoint","urlTemplate":"https:\/\/fonolukk.eu\/et\/?s={search_term_string}"},"query-input":{"@type":"PropertyValueSpecification","valueRequired":true,"valueName":"search_term_string"}}],"inLanguage":"et"},{"@type":"Organization","@id":"https:\/\/fonolukk.eu\/et\/#organization","name":"Smart Security OU","url":"https:\/\/fonolukk.eu\/et\/","logo":{"@type":"ImageObject","inLanguage":"et","@id":"https:\/\/fonolukk.eu\/et\/#\/schema\/logo\/image\/","url":"https:\/\/fonolukk.eu\/wp-content\/uploads\/2023\/09\/fonolukk.png","contentUrl":"https:\/\/fonolukk.eu\/wp-content\/uploads\/2023\/09\/fonolukk.png","width":277,"height":274,"caption":"Smart Security OU"},"image":{"@id":"https:\/\/fonolukk.eu\/et\/#\/schema\/logo\/image\/"},"sameAs":["https:\/\/www.facebook.com\/fonolukk","https:\/\/www.instagram.com\/fonolukk\/?hl=ru"],"publishingPrinciples":"https:\/\/fonolukk.eu\/terms-and-conditions\/","ownershipFundingInfo":"https:\/\/fonolukk.eu\/about-us\/"}]},"product_brand":"Bas IP","product_price_amount":"316.67","product_price_currency":"EUR","og_availability":"out of stock","product_availability":"out of stock","product_retailer_item_id":"AV-08FB","product_condition":"new"},"_links":{"self":[{"href":"https:\/\/fonolukk.eu\/et\/wp-json\/wp\/v2\/product\/15774","targetHints":{"allow":["GET"]}}],"collection":[{"href":"https:\/\/fonolukk.eu\/et\/wp-json\/wp\/v2\/product"}],"about":[{"href":"https:\/\/fonolukk.eu\/et\/wp-json\/wp\/v2\/types\/product"}],"version-history":[{"count":0,"href":"https:\/\/fonolukk.eu\/et\/wp-json\/wp\/v2\/product\/15774\/revisions"}],"wp:featuredmedia":[{"embeddable":true,"href":"https:\/\/fonolukk.eu\/et\/wp-json\/wp\/v2\/media\/15777"}],"wp:attachment":[{"href":"https:\/\/fonolukk.eu\/et\/wp-json\/wp\/v2\/media?parent=15774"}],"wp:term":[{"taxonomy":"product_brand","embeddable":true,"href":"https:\/\/fonolukk.eu\/et\/wp-json\/wp\/v2\/product_brand?post=15774"},{"taxonomy":"product_cat","embeddable":true,"href":"https:\/\/fonolukk.eu\/et\/wp-json\/wp\/v2\/product_cat?post=15774"},{"taxonomy":"product_tag","embeddable":true,"href":"https:\/\/fonolukk.eu\/et\/wp-json\/wp\/v2\/product_tag?post=15774"}],"curies":[{"name":"wp","href":"https:\/\/api.w.org\/{rel}","templated":true}]}}