{"id":15803,"date":"2023-07-25T15:29:13","date_gmt":"2023-07-25T12:29:14","guid":{"rendered":"https:\/\/fonolukk.eu\/?post_type=product&#038;p=15803"},"modified":"2023-07-25T15:34:07","modified_gmt":"2023-07-25T12:34:07","slug":"yd-604-tulekahju-valjapaasu-ukselukk","status":"publish","type":"product","link":"https:\/\/fonolukk.eu\/et\/tooted\/yd-604-tulekahju-valjapaasu-ukselukk\/","title":{"rendered":"YD-604 Tulekahju v\u00e4ljap\u00e4\u00e4su ukselukk"},"content":{"rendered":"<table border=\"0\">\n<tbody>\n<tr>\n<td colspan=\"2\"><strong>Kirjeldus<br \/>\n<\/strong><\/td>\n<\/tr>\n<tr>\n<td><strong>M\u00f5\u00f5tmed<\/strong><\/td>\n<td>100*70*40 (mm)<\/td>\n<\/tr>\n<tr>\n<td><b>Pinge<\/b><\/td>\n<td>12VDC\/24VDC<\/td>\n<\/tr>\n<tr>\n<td><b>Toiteallikas<\/b><\/td>\n<td>12V\/80mA 24V\/40mA<\/td>\n<\/tr>\n<tr>\n<td><strong>Hoiab<\/strong><\/td>\n<td>50 kg (100 naela)<\/td>\n<\/tr>\n<tr>\n<td><b>Kaitse rooste eest<\/b><\/td>\n<td>Temperatuurikindel v\u00e4rv ja pealekandmiskindel tsink<\/td>\n<\/tr>\n<tr>\n<td><b>T\u00f6\u00f6temperatuur<\/b><\/td>\n<td>(\u00b0C Min\/Max) -10\u00b0C &#8211; +55\u00b0C<\/td>\n<\/tr>\n<tr>\n<td><b>Niiskus<\/b><\/td>\n<td>0-95%<\/td>\n<\/tr>\n<tr>\n<td><strong>Kaal<\/strong><\/td>\n<td>0,88 kg<\/td>\n<\/tr>\n<\/tbody>\n<\/table>\n<p><b>FUNKTSIOONID:<\/b><\/p>\n<ul>\n<li>Selektiivpinge (12VDC v\u00f5i 24VDC)<\/li>\n<li>H\u00e4daseiskamise\/testimisnupp<\/li>\n<li>Seinale paigaldamise juhised<\/li>\n<li>\u00d6konoomne energiatarbimise re\u017eiim<\/li>\n<li>Turvamehhanism<\/li>\n<li>Vaikne re\u017eiim<\/li>\n<\/ul>\n","protected":false},"excerpt":{"rendered":"<p>Kirjeldus M\u00f5\u00f5tmed 100*70*40 (mm) Pinge 12VDC\/24VDC Toiteallikas 12V\/80mA 24V\/40mA Hoiab 50 kg (100 naela) Kaitse rooste eest Temperatuurikindel v\u00e4rv ja<\/p>\n","protected":false},"featured_media":15806,"template":"","meta":[],"product_brand":[],"product_cat":[1460,1306],"product_tag":[1464,1465],"class_list":{"0":"post-15803","1":"product","2":"type-product","3":"status-publish","4":"has-post-thumbnail","6":"product_cat-tuletokkeuksed","7":"product_cat-outlet-et","8":"product_tag-ukseluk","9":"product_tag-tulekahju-valjapaas","11":"first","12":"instock","13":"sale","14":"taxable","15":"shipping-taxable","16":"purchasable","17":"product-type-simple"},"yoast_head":"<!-- This site is optimized with the Yoast SEO Premium plugin v27.3 (Yoast SEO v27.3) - https:\/\/yoast.com\/product\/yoast-seo-premium-wordpress\/ -->\n<title>YD-604 Tulekahju v\u00e4ljap\u00e4\u00e4su ukselukk - Fonolukk<\/title>\n<meta name=\"description\" content=\"YD-604 Tulekahju v\u00e4ljap\u00e4\u00e4su ukselukk - Selektiivpinge (12VDC v\u00f5i 24VDC) H\u00e4daseiskamise\/testimisnupp Seinale paigaldamise juhised\" \/>\n<meta name=\"robots\" content=\"index, follow, max-snippet:-1, max-image-preview:large, max-video-preview:-1\" \/>\n<link rel=\"canonical\" href=\"https:\/\/fonolukk.eu\/et\/tooted\/yd-604-tulekahju-valjapaasu-ukselukk\/\" \/>\n<meta property=\"og:locale\" content=\"et_EE\" \/>\n<meta property=\"og:type\" content=\"article\" \/>\n<meta property=\"og:title\" content=\"YD-604 Tulekahju v\u00e4ljap\u00e4\u00e4su ukselukk Electric strikes XS\" \/>\n<meta property=\"og:description\" content=\"Kirjeldus M\u00f5\u00f5tmed 100*70*40 (mm) Pinge 12VDC\/24VDC Toiteallikas 12V\/80mA 24V\/40mA Hoiab 50 kg (100 naela) Kaitse rooste eest Temperatuurikindel v\u00e4rv ja\" \/>\n<meta property=\"og:url\" content=\"https:\/\/fonolukk.eu\/et\/tooted\/yd-604-tulekahju-valjapaasu-ukselukk\/\" \/>\n<meta property=\"og:site_name\" content=\"Fonolukk\" \/>\n<meta property=\"article:publisher\" content=\"https:\/\/www.facebook.com\/fonolukk\" \/>\n<meta property=\"article:modified_time\" content=\"2023-07-25T12:34:07+00:00\" \/>\n<meta property=\"og:image\" content=\"https:\/\/fonolukk.eu\/wp-content\/uploads\/2023\/07\/yd-604-door-lock-for-fire-exit.jpg\" \/>\n\t<meta property=\"og:image:width\" content=\"1000\" \/>\n\t<meta property=\"og:image:height\" content=\"1000\" \/>\n\t<meta property=\"og:image:type\" content=\"image\/jpeg\" \/>\n<meta name=\"twitter:card\" content=\"summary_large_image\" \/>\n<meta name=\"twitter:title\" content=\"YD-604 Tulekahju v\u00e4ljap\u00e4\u00e4su ukselukk\" \/>\n<meta name=\"twitter:label1\" content=\"Hind\" \/>\n\t<meta name=\"twitter:data1\" content=\"&euro;26.67 koos KM\" \/>\n\t<meta name=\"twitter:label2\" content=\"Availability\" \/>\n\t<meta name=\"twitter:data2\" content=\"Laos\" \/>\n<script type=\"application\/ld+json\" class=\"yoast-schema-graph\">{\"@context\":\"https:\\\/\\\/schema.org\",\"@graph\":[{\"@type\":\"WebPage\",\"@id\":\"https:\\\/\\\/fonolukk.eu\\\/et\\\/tooted\\\/yd-604-tulekahju-valjapaasu-ukselukk\\\/\",\"url\":\"https:\\\/\\\/fonolukk.eu\\\/et\\\/tooted\\\/yd-604-tulekahju-valjapaasu-ukselukk\\\/\",\"name\":\"YD-604 Tulekahju v\u00e4ljap\u00e4\u00e4su ukselukk - Fonolukk\",\"isPartOf\":{\"@id\":\"https:\\\/\\\/fonolukk.eu\\\/et\\\/#website\"},\"primaryImageOfPage\":{\"@id\":\"https:\\\/\\\/fonolukk.eu\\\/et\\\/tooted\\\/yd-604-tulekahju-valjapaasu-ukselukk\\\/#primaryimage\"},\"image\":{\"@id\":\"https:\\\/\\\/fonolukk.eu\\\/et\\\/tooted\\\/yd-604-tulekahju-valjapaasu-ukselukk\\\/#primaryimage\"},\"thumbnailUrl\":\"https:\\\/\\\/fonolukk.eu\\\/wp-content\\\/uploads\\\/2023\\\/07\\\/yd-604-door-lock-for-fire-exit.jpg\",\"datePublished\":\"2023-07-25T12:29:14+00:00\",\"dateModified\":\"2023-07-25T12:34:07+00:00\",\"description\":\"YD-604 Tulekahju v\u00e4ljap\u00e4\u00e4su ukselukk - Selektiivpinge (12VDC v\u00f5i 24VDC) H\u00e4daseiskamise\\\/testimisnupp Seinale paigaldamise juhised\",\"breadcrumb\":{\"@id\":\"https:\\\/\\\/fonolukk.eu\\\/et\\\/tooted\\\/yd-604-tulekahju-valjapaasu-ukselukk\\\/#breadcrumb\"},\"inLanguage\":\"et\",\"potentialAction\":[{\"@type\":\"ReadAction\",\"target\":[\"https:\\\/\\\/fonolukk.eu\\\/et\\\/tooted\\\/yd-604-tulekahju-valjapaasu-ukselukk\\\/\"]}]},{\"@type\":\"ImageObject\",\"inLanguage\":\"et\",\"@id\":\"https:\\\/\\\/fonolukk.eu\\\/et\\\/tooted\\\/yd-604-tulekahju-valjapaasu-ukselukk\\\/#primaryimage\",\"url\":\"https:\\\/\\\/fonolukk.eu\\\/wp-content\\\/uploads\\\/2023\\\/07\\\/yd-604-door-lock-for-fire-exit.jpg\",\"contentUrl\":\"https:\\\/\\\/fonolukk.eu\\\/wp-content\\\/uploads\\\/2023\\\/07\\\/yd-604-door-lock-for-fire-exit.jpg\",\"width\":1000,\"height\":1000,\"caption\":\"yd-604\"},{\"@type\":\"BreadcrumbList\",\"@id\":\"https:\\\/\\\/fonolukk.eu\\\/et\\\/tooted\\\/yd-604-tulekahju-valjapaasu-ukselukk\\\/#breadcrumb\",\"itemListElement\":[{\"@type\":\"ListItem\",\"position\":1,\"name\":\"Esileht\",\"item\":\"https:\\\/\\\/fonolukk.eu\\\/et\\\/koduleht\\\/\"},{\"@type\":\"ListItem\",\"position\":2,\"name\":\"Tooted\",\"item\":\"https:\\\/\\\/fonolukk.eu\\\/et\\\/shop-2\\\/\"},{\"@type\":\"ListItem\",\"position\":3,\"name\":\"Outlet\",\"item\":\"https:\\\/\\\/fonolukk.eu\\\/et\\\/product-category\\\/outlet-et\\\/\"},{\"@type\":\"ListItem\",\"position\":4,\"name\":\"YD-604 Tulekahju v\u00e4ljap\u00e4\u00e4su ukselukk\"}]},{\"@type\":\"WebSite\",\"@id\":\"https:\\\/\\\/fonolukk.eu\\\/et\\\/#website\",\"url\":\"https:\\\/\\\/fonolukk.eu\\\/et\\\/\",\"name\":\"Fonolukk eu\",\"description\":\"Smart Security Systems\",\"publisher\":{\"@id\":\"https:\\\/\\\/fonolukk.eu\\\/et\\\/#organization\"},\"potentialAction\":[{\"@type\":\"SearchAction\",\"target\":{\"@type\":\"EntryPoint\",\"urlTemplate\":\"https:\\\/\\\/fonolukk.eu\\\/et\\\/?s={search_term_string}\"},\"query-input\":{\"@type\":\"PropertyValueSpecification\",\"valueRequired\":true,\"valueName\":\"search_term_string\"}}],\"inLanguage\":\"et\"},{\"@type\":\"Organization\",\"@id\":\"https:\\\/\\\/fonolukk.eu\\\/et\\\/#organization\",\"name\":\"Smart Security OU\",\"url\":\"https:\\\/\\\/fonolukk.eu\\\/et\\\/\",\"logo\":{\"@type\":\"ImageObject\",\"inLanguage\":\"et\",\"@id\":\"https:\\\/\\\/fonolukk.eu\\\/et\\\/#\\\/schema\\\/logo\\\/image\\\/\",\"url\":\"https:\\\/\\\/fonolukk.eu\\\/wp-content\\\/uploads\\\/2023\\\/09\\\/fonolukk.png\",\"contentUrl\":\"https:\\\/\\\/fonolukk.eu\\\/wp-content\\\/uploads\\\/2023\\\/09\\\/fonolukk.png\",\"width\":277,\"height\":274,\"caption\":\"Smart Security OU\"},\"image\":{\"@id\":\"https:\\\/\\\/fonolukk.eu\\\/et\\\/#\\\/schema\\\/logo\\\/image\\\/\"},\"sameAs\":[\"https:\\\/\\\/www.facebook.com\\\/fonolukk\",\"https:\\\/\\\/www.instagram.com\\\/fonolukk\\\/?hl=ru\"],\"publishingPrinciples\":\"https:\\\/\\\/fonolukk.eu\\\/terms-and-conditions\\\/\",\"ownershipFundingInfo\":\"https:\\\/\\\/fonolukk.eu\\\/about-us\\\/\"}]}<\/script>\n<meta property=\"product:price:amount\" content=\"26.67\" \/>\n<meta property=\"product:price:currency\" content=\"EUR\" \/>\n<meta property=\"og:availability\" content=\"instock\" \/>\n<meta property=\"product:availability\" content=\"instock\" \/>\n<meta property=\"product:retailer_item_id\" content=\"YD-604\" \/>\n<meta property=\"product:condition\" content=\"new\" \/>\n<!-- \/ Yoast SEO Premium plugin. -->","yoast_head_json":{"title":"YD-604 Tulekahju v\u00e4ljap\u00e4\u00e4su ukselukk - Fonolukk","description":"YD-604 Tulekahju v\u00e4ljap\u00e4\u00e4su ukselukk - Selektiivpinge (12VDC v\u00f5i 24VDC) H\u00e4daseiskamise\/testimisnupp Seinale paigaldamise juhised","robots":{"index":"index","follow":"follow","max-snippet":"max-snippet:-1","max-image-preview":"max-image-preview:large","max-video-preview":"max-video-preview:-1"},"canonical":"https:\/\/fonolukk.eu\/et\/tooted\/yd-604-tulekahju-valjapaasu-ukselukk\/","og_locale":"et_EE","og_type":"article","og_title":"YD-604 Tulekahju v\u00e4ljap\u00e4\u00e4su ukselukk Electric strikes XS","og_description":"Kirjeldus M\u00f5\u00f5tmed 100*70*40 (mm) Pinge 12VDC\/24VDC Toiteallikas 12V\/80mA 24V\/40mA Hoiab 50 kg (100 naela) Kaitse rooste eest Temperatuurikindel v\u00e4rv ja","og_url":"https:\/\/fonolukk.eu\/et\/tooted\/yd-604-tulekahju-valjapaasu-ukselukk\/","og_site_name":"Fonolukk","article_publisher":"https:\/\/www.facebook.com\/fonolukk","article_modified_time":"2023-07-25T12:34:07+00:00","og_image":[{"width":1000,"height":1000,"url":"https:\/\/fonolukk.eu\/wp-content\/uploads\/2023\/07\/yd-604-door-lock-for-fire-exit.jpg","type":"image\/jpeg"}],"twitter_card":"summary_large_image","twitter_title":"YD-604 Tulekahju v\u00e4ljap\u00e4\u00e4su ukselukk","twitter_misc":{"Hind":"&euro;26.67 koos KM","Availability":"Laos"},"schema":{"@context":"https:\/\/schema.org","@graph":[{"@type":"WebPage","@id":"https:\/\/fonolukk.eu\/et\/tooted\/yd-604-tulekahju-valjapaasu-ukselukk\/","url":"https:\/\/fonolukk.eu\/et\/tooted\/yd-604-tulekahju-valjapaasu-ukselukk\/","name":"YD-604 Tulekahju v\u00e4ljap\u00e4\u00e4su ukselukk - Fonolukk","isPartOf":{"@id":"https:\/\/fonolukk.eu\/et\/#website"},"primaryImageOfPage":{"@id":"https:\/\/fonolukk.eu\/et\/tooted\/yd-604-tulekahju-valjapaasu-ukselukk\/#primaryimage"},"image":{"@id":"https:\/\/fonolukk.eu\/et\/tooted\/yd-604-tulekahju-valjapaasu-ukselukk\/#primaryimage"},"thumbnailUrl":"https:\/\/fonolukk.eu\/wp-content\/uploads\/2023\/07\/yd-604-door-lock-for-fire-exit.jpg","datePublished":"2023-07-25T12:29:14+00:00","dateModified":"2023-07-25T12:34:07+00:00","description":"YD-604 Tulekahju v\u00e4ljap\u00e4\u00e4su ukselukk - Selektiivpinge (12VDC v\u00f5i 24VDC) H\u00e4daseiskamise\/testimisnupp Seinale paigaldamise juhised","breadcrumb":{"@id":"https:\/\/fonolukk.eu\/et\/tooted\/yd-604-tulekahju-valjapaasu-ukselukk\/#breadcrumb"},"inLanguage":"et","potentialAction":[{"@type":"ReadAction","target":["https:\/\/fonolukk.eu\/et\/tooted\/yd-604-tulekahju-valjapaasu-ukselukk\/"]}]},{"@type":"ImageObject","inLanguage":"et","@id":"https:\/\/fonolukk.eu\/et\/tooted\/yd-604-tulekahju-valjapaasu-ukselukk\/#primaryimage","url":"https:\/\/fonolukk.eu\/wp-content\/uploads\/2023\/07\/yd-604-door-lock-for-fire-exit.jpg","contentUrl":"https:\/\/fonolukk.eu\/wp-content\/uploads\/2023\/07\/yd-604-door-lock-for-fire-exit.jpg","width":1000,"height":1000,"caption":"yd-604"},{"@type":"BreadcrumbList","@id":"https:\/\/fonolukk.eu\/et\/tooted\/yd-604-tulekahju-valjapaasu-ukselukk\/#breadcrumb","itemListElement":[{"@type":"ListItem","position":1,"name":"Esileht","item":"https:\/\/fonolukk.eu\/et\/koduleht\/"},{"@type":"ListItem","position":2,"name":"Tooted","item":"https:\/\/fonolukk.eu\/et\/shop-2\/"},{"@type":"ListItem","position":3,"name":"Outlet","item":"https:\/\/fonolukk.eu\/et\/product-category\/outlet-et\/"},{"@type":"ListItem","position":4,"name":"YD-604 Tulekahju v\u00e4ljap\u00e4\u00e4su ukselukk"}]},{"@type":"WebSite","@id":"https:\/\/fonolukk.eu\/et\/#website","url":"https:\/\/fonolukk.eu\/et\/","name":"Fonolukk eu","description":"Smart Security Systems","publisher":{"@id":"https:\/\/fonolukk.eu\/et\/#organization"},"potentialAction":[{"@type":"SearchAction","target":{"@type":"EntryPoint","urlTemplate":"https:\/\/fonolukk.eu\/et\/?s={search_term_string}"},"query-input":{"@type":"PropertyValueSpecification","valueRequired":true,"valueName":"search_term_string"}}],"inLanguage":"et"},{"@type":"Organization","@id":"https:\/\/fonolukk.eu\/et\/#organization","name":"Smart Security OU","url":"https:\/\/fonolukk.eu\/et\/","logo":{"@type":"ImageObject","inLanguage":"et","@id":"https:\/\/fonolukk.eu\/et\/#\/schema\/logo\/image\/","url":"https:\/\/fonolukk.eu\/wp-content\/uploads\/2023\/09\/fonolukk.png","contentUrl":"https:\/\/fonolukk.eu\/wp-content\/uploads\/2023\/09\/fonolukk.png","width":277,"height":274,"caption":"Smart Security OU"},"image":{"@id":"https:\/\/fonolukk.eu\/et\/#\/schema\/logo\/image\/"},"sameAs":["https:\/\/www.facebook.com\/fonolukk","https:\/\/www.instagram.com\/fonolukk\/?hl=ru"],"publishingPrinciples":"https:\/\/fonolukk.eu\/terms-and-conditions\/","ownershipFundingInfo":"https:\/\/fonolukk.eu\/about-us\/"}]},"product_price_amount":"26.67","product_price_currency":"EUR","og_availability":"instock","product_availability":"instock","product_retailer_item_id":"YD-604","product_condition":"new"},"_links":{"self":[{"href":"https:\/\/fonolukk.eu\/et\/wp-json\/wp\/v2\/product\/15803","targetHints":{"allow":["GET"]}}],"collection":[{"href":"https:\/\/fonolukk.eu\/et\/wp-json\/wp\/v2\/product"}],"about":[{"href":"https:\/\/fonolukk.eu\/et\/wp-json\/wp\/v2\/types\/product"}],"version-history":[{"count":0,"href":"https:\/\/fonolukk.eu\/et\/wp-json\/wp\/v2\/product\/15803\/revisions"}],"wp:featuredmedia":[{"embeddable":true,"href":"https:\/\/fonolukk.eu\/et\/wp-json\/wp\/v2\/media\/15806"}],"wp:attachment":[{"href":"https:\/\/fonolukk.eu\/et\/wp-json\/wp\/v2\/media?parent=15803"}],"wp:term":[{"taxonomy":"product_brand","embeddable":true,"href":"https:\/\/fonolukk.eu\/et\/wp-json\/wp\/v2\/product_brand?post=15803"},{"taxonomy":"product_cat","embeddable":true,"href":"https:\/\/fonolukk.eu\/et\/wp-json\/wp\/v2\/product_cat?post=15803"},{"taxonomy":"product_tag","embeddable":true,"href":"https:\/\/fonolukk.eu\/et\/wp-json\/wp\/v2\/product_tag?post=15803"}],"curies":[{"name":"wp","href":"https:\/\/api.w.org\/{rel}","templated":true}]}}