{"id":15939,"date":"2023-08-04T10:38:03","date_gmt":"2023-08-04T07:38:03","guid":{"rendered":"https:\/\/fonolukk.eu\/?post_type=product&#038;p=15939"},"modified":"2023-08-04T10:47:08","modified_gmt":"2023-08-04T07:47:08","slug":"dorcas-62nd412","status":"publish","type":"product","link":"https:\/\/fonolukk.eu\/et\/tooted\/dorcas-62nd412\/","title":{"rendered":"DORCAS 62ND412"},"content":{"rendered":"<div class=\"field field-name-field-tip2 field-type-list-boolean field-label-inline clearfix\">\n<div class=\"field-label\"><strong>Seadmete t\u00fc\u00fcp<\/strong>\u00a0: Tavaline \u2013 suletud<\/div>\n<\/div>\n<div class=\"field field-name-field-opc1 field-type-list-boolean field-label-inline clearfix\">\n<div class=\"field-label\"><strong><span class=\"\">Valikud;\u00a0<\/span>Keele reguleerimine (F)<\/strong>\u00a0: Ei<\/div>\n<\/div>\n<div class=\"field field-name-field-opc2 field-type-list-boolean field-label-inline clearfix\">\n<div class=\"field-label\"><strong><span class=\"\">Valikud;\u00a0<\/span>Mehaaniline vabastus (D)<\/strong>\u00a0: Jah<\/div>\n<\/div>\n<div class=\"field field-name-field-opc3 field-type-list-boolean field-label-inline clearfix\">\n<div class=\"field-label\"><strong>Valikud;\u00a0Puurimine (A)<\/strong>\u00a0: Ei<\/div>\n<\/div>\n<div class=\"field field-name-field-opc4 field-type-list-boolean field-label-inline clearfix\">\n<div class=\"field-label\"><strong>Valikud;\u00a0Poldi asendiandur (305)<\/strong>\u00a0: Jah<\/div>\n<\/div>\n<div class=\"field field-name-field-opc5 field-type-list-boolean field-label-inline clearfix\">\n<div class=\"field-label\"><strong>Valikud;\u00a0Tugevdatud toitem\u00e4his (412)<\/strong>\u00a0: Jah<\/div>\n<\/div>\n<div class=\"field field-name-field-opc9 field-type-list-text field-label-inline clearfix\">\n<div class=\"field-label\"><strong>Vooluvool<\/strong>\u00a0: 12VAC\/12VDC<\/div>\n<\/div>\n<div class=\"field field-name-field-opc24 field-type-number-decimal field-label-inline clearfix\">\n<div class=\"field-label\"><strong>Paksus mm<\/strong>\u00a0: 21.50<\/div>\n<\/div>\n<div class=\"field field-name-field-opc22 field-type-number-decimal field-label-inline clearfix\">\n<div class=\"field-label\"><strong><span class=\"VIpgJd-yAWNEb-VIpgJd-fmcmS-sn54Q\">K\u00f5rgus mm<\/span><\/strong><span class=\"VIpgJd-yAWNEb-VIpgJd-fmcmS-sn54Q\">\u00a0: 100,00<\/span><\/div>\n<\/div>\n<div class=\"field field-name-field-opc23 field-type-number-decimal field-label-inline clearfix\">\n<div class=\"field-label\"><strong>S\u00fcgavus\/laius mm<\/strong>\u00a0: 37.00<\/div>\n<\/div>\n<div class=\"field field-name-field-opc8 field-type-list-text field-label-inline clearfix\">\n<div class=\"field-label\"><strong>Ts\u00fckli laadimiskatse tehases<\/strong>\u00a0: 300 000<\/div>\n<\/div>\n<div class=\"field field-name-field-opc10 field-type-list-text field-label-inline clearfix\">\n<div class=\"field-label\"><strong>T\u00f6\u00f6temperatuuri vahemik<\/strong>\u00a0: -15 \u00b0C kuni +40 \u00b0C<\/div>\n<\/div>\n<div class=\"field field-name-field-opc12 field-type-list-text field-label-inline clearfix\">\n<div class=\"field-label\"><strong>Paigaldusasend<\/strong>\u00a0: vasak v\u00f5i parem<\/div>\n<\/div>\n<div class=\"field field-name-field-opc17 field-type-list-text field-label-inline clearfix\">\n<div class=\"field-label\"><strong>Paigaldamine<\/strong>\u00a0: mortise<\/div>\n<\/div>\n<div class=\"field field-name-field-opc6 field-type-list-boolean field-label-inline clearfix\">\n<div class=\"field-label\"><strong>Raam<\/strong>\u00a0: as\u00fcmmeetriline<\/div>\n<\/div>\n<div class=\"field field-name-field-opc11 field-type-list-text field-label-inline clearfix\">\n<div class=\"field-label\"><strong>T\u00f5mbetugevus<\/strong>\u00a0: 400 kg<\/div>\n<\/div>\n","protected":false},"excerpt":{"rendered":"<p><span class=\"VIpgJd-yAWNEb-VIpgJd-fmcmS-sn54Q\"><span>See sari on ainulaadne, m\u00f5eldud kasutamiseks v\u00e4litingimustes ja k\u00f5rge \u00f5huniiskusega ruumides.\u00a0<\/span><\/span><span class=\"\"><span>Riivimudelil on v\u00e4listingimuste jaoks spetsiaalne disain: katte ja korpuse vahel on kummitihend, tihendatud deflektor juhttihvtiga.\u00a0<\/span><\/span><strong><span><span class=\"VIpgJd-yAWNEb-VIpgJd-fmcmS-sn54Q\">Neid on vasak- v\u00f5i parempoolne (eesliite Din Right\u00a0<\/span><\/span><\/strong><span><span class=\"VIpgJd-yAWNEb-VIpgJd-fmcmS-sn54Q\">\u00a0v\u00f5i\u00a0\u00a0<\/span><\/span><strong><span><span class=\"VIpgJd-yAWNEb-VIpgJd-fmcmS-sn54Q\">\u00a0Din Left\u00a0<\/span><\/span><\/strong><span><span class=\"VIpgJd-yAWNEb-VIpgJd-fmcmS-sn54Q\"> t\u00e4histuses<\/span><span class=\"VIpgJd-yAWNEb-VIpgJd-fmcmS-sn54Q\">).\u00a0<\/span>Kaasas pika raamiga <\/span><strong><span>G62<\/span><\/strong><span>\u00a0.<\/span><\/p>\n","protected":false},"featured_media":15936,"template":"","meta":[],"product_brand":[],"product_cat":[1306],"product_tag":[1265,1482],"class_list":{"0":"post-15939","1":"product","2":"type-product","3":"status-publish","4":"has-post-thumbnail","6":"product_cat-outlet-et","7":"product_tag-dorcas-et","8":"product_tag-62nd412-et","10":"first","11":"instock","12":"sale","13":"taxable","14":"shipping-taxable","15":"purchasable","16":"product-type-simple"},"yoast_head":"<!-- This site is optimized with the Yoast SEO Premium plugin v27.3 (Yoast SEO v27.3) - https:\/\/yoast.com\/product\/yoast-seo-premium-wordpress\/ -->\n<title>DORCAS 62ND412 - Fonolukk<\/title>\n<meta name=\"description\" content=\"DORCAS 62ND412 | The latch model has a special design for outdoor conditions: a rubber seal between the cover and the body and a sealed baffle.\" \/>\n<meta name=\"robots\" content=\"index, follow, max-snippet:-1, max-image-preview:large, max-video-preview:-1\" \/>\n<link rel=\"canonical\" href=\"https:\/\/fonolukk.eu\/et\/tooted\/dorcas-62nd412\/\" \/>\n<meta property=\"og:locale\" content=\"et_EE\" \/>\n<meta property=\"og:type\" content=\"article\" \/>\n<meta property=\"og:title\" content=\"DORCAS 62ND412\" \/>\n<meta property=\"og:description\" content=\"See sari on ainulaadne, m\u00f5eldud kasutamiseks v\u00e4litingimustes ja k\u00f5rge \u00f5huniiskusega ruumides.\u00a0Riivimudelil on v\u00e4listingimuste jaoks spetsiaalne disain: katte ja korpuse vahel on kummitihend, tihendatud deflektor juhttihvtiga.\u00a0Neid on vasak- v\u00f5i parempoolne (eesliite Din Right\u00a0\u00a0v\u00f5i\u00a0\u00a0\u00a0Din Left\u00a0 t\u00e4histuses).\u00a0Kaasas pika raamiga G62\u00a0.\" \/>\n<meta property=\"og:url\" content=\"https:\/\/fonolukk.eu\/et\/tooted\/dorcas-62nd412\/\" \/>\n<meta property=\"og:site_name\" content=\"Fonolukk\" \/>\n<meta property=\"article:publisher\" content=\"https:\/\/www.facebook.com\/fonolukk\" \/>\n<meta property=\"article:modified_time\" content=\"2023-08-04T07:47:08+00:00\" \/>\n<meta property=\"og:image\" content=\"https:\/\/fonolukk.eu\/wp-content\/uploads\/2023\/08\/dorcas-62n512.webp\" \/>\n\t<meta property=\"og:image:width\" content=\"800\" \/>\n\t<meta property=\"og:image:height\" content=\"904\" \/>\n\t<meta property=\"og:image:type\" content=\"image\/webp\" \/>\n<meta name=\"twitter:card\" content=\"summary_large_image\" \/>\n<meta name=\"twitter:label1\" content=\"Hind\" \/>\n\t<meta name=\"twitter:data1\" content=\"&euro;62.50 koos KM\" \/>\n\t<meta name=\"twitter:label2\" content=\"Availability\" \/>\n\t<meta name=\"twitter:data2\" content=\"Laos\" \/>\n<script type=\"application\/ld+json\" class=\"yoast-schema-graph\">{\"@context\":\"https:\\\/\\\/schema.org\",\"@graph\":[{\"@type\":\"WebPage\",\"@id\":\"https:\\\/\\\/fonolukk.eu\\\/et\\\/tooted\\\/dorcas-62nd412\\\/\",\"url\":\"https:\\\/\\\/fonolukk.eu\\\/et\\\/tooted\\\/dorcas-62nd412\\\/\",\"name\":\"DORCAS 62ND412 - Fonolukk\",\"isPartOf\":{\"@id\":\"https:\\\/\\\/fonolukk.eu\\\/et\\\/#website\"},\"primaryImageOfPage\":{\"@id\":\"https:\\\/\\\/fonolukk.eu\\\/et\\\/tooted\\\/dorcas-62nd412\\\/#primaryimage\"},\"image\":{\"@id\":\"https:\\\/\\\/fonolukk.eu\\\/et\\\/tooted\\\/dorcas-62nd412\\\/#primaryimage\"},\"thumbnailUrl\":\"https:\\\/\\\/fonolukk.eu\\\/wp-content\\\/uploads\\\/2023\\\/08\\\/dorcas-62n512.webp\",\"datePublished\":\"2023-08-04T07:38:03+00:00\",\"dateModified\":\"2023-08-04T07:47:08+00:00\",\"description\":\"DORCAS 62ND412 | The latch model has a special design for outdoor conditions: a rubber seal between the cover and the body and a sealed baffle.\",\"breadcrumb\":{\"@id\":\"https:\\\/\\\/fonolukk.eu\\\/et\\\/tooted\\\/dorcas-62nd412\\\/#breadcrumb\"},\"inLanguage\":\"et\",\"potentialAction\":[{\"@type\":\"ReadAction\",\"target\":[\"https:\\\/\\\/fonolukk.eu\\\/et\\\/tooted\\\/dorcas-62nd412\\\/\"]}]},{\"@type\":\"ImageObject\",\"inLanguage\":\"et\",\"@id\":\"https:\\\/\\\/fonolukk.eu\\\/et\\\/tooted\\\/dorcas-62nd412\\\/#primaryimage\",\"url\":\"https:\\\/\\\/fonolukk.eu\\\/wp-content\\\/uploads\\\/2023\\\/08\\\/dorcas-62n512.webp\",\"contentUrl\":\"https:\\\/\\\/fonolukk.eu\\\/wp-content\\\/uploads\\\/2023\\\/08\\\/dorcas-62n512.webp\",\"width\":800,\"height\":904,\"caption\":\"DORCAS 62n512\"},{\"@type\":\"BreadcrumbList\",\"@id\":\"https:\\\/\\\/fonolukk.eu\\\/et\\\/tooted\\\/dorcas-62nd412\\\/#breadcrumb\",\"itemListElement\":[{\"@type\":\"ListItem\",\"position\":1,\"name\":\"Esileht\",\"item\":\"https:\\\/\\\/fonolukk.eu\\\/et\\\/koduleht\\\/\"},{\"@type\":\"ListItem\",\"position\":2,\"name\":\"Tooted\",\"item\":\"https:\\\/\\\/fonolukk.eu\\\/et\\\/shop-2\\\/\"},{\"@type\":\"ListItem\",\"position\":3,\"name\":\"Outlet\",\"item\":\"https:\\\/\\\/fonolukk.eu\\\/et\\\/product-category\\\/outlet-et\\\/\"},{\"@type\":\"ListItem\",\"position\":4,\"name\":\"DORCAS 62ND412\"}]},{\"@type\":\"WebSite\",\"@id\":\"https:\\\/\\\/fonolukk.eu\\\/et\\\/#website\",\"url\":\"https:\\\/\\\/fonolukk.eu\\\/et\\\/\",\"name\":\"Fonolukk eu\",\"description\":\"Smart Security Systems\",\"publisher\":{\"@id\":\"https:\\\/\\\/fonolukk.eu\\\/et\\\/#organization\"},\"potentialAction\":[{\"@type\":\"SearchAction\",\"target\":{\"@type\":\"EntryPoint\",\"urlTemplate\":\"https:\\\/\\\/fonolukk.eu\\\/et\\\/?s={search_term_string}\"},\"query-input\":{\"@type\":\"PropertyValueSpecification\",\"valueRequired\":true,\"valueName\":\"search_term_string\"}}],\"inLanguage\":\"et\"},{\"@type\":\"Organization\",\"@id\":\"https:\\\/\\\/fonolukk.eu\\\/et\\\/#organization\",\"name\":\"Smart Security OU\",\"url\":\"https:\\\/\\\/fonolukk.eu\\\/et\\\/\",\"logo\":{\"@type\":\"ImageObject\",\"inLanguage\":\"et\",\"@id\":\"https:\\\/\\\/fonolukk.eu\\\/et\\\/#\\\/schema\\\/logo\\\/image\\\/\",\"url\":\"https:\\\/\\\/fonolukk.eu\\\/wp-content\\\/uploads\\\/2023\\\/09\\\/fonolukk.png\",\"contentUrl\":\"https:\\\/\\\/fonolukk.eu\\\/wp-content\\\/uploads\\\/2023\\\/09\\\/fonolukk.png\",\"width\":277,\"height\":274,\"caption\":\"Smart Security OU\"},\"image\":{\"@id\":\"https:\\\/\\\/fonolukk.eu\\\/et\\\/#\\\/schema\\\/logo\\\/image\\\/\"},\"sameAs\":[\"https:\\\/\\\/www.facebook.com\\\/fonolukk\",\"https:\\\/\\\/www.instagram.com\\\/fonolukk\\\/?hl=ru\"],\"publishingPrinciples\":\"https:\\\/\\\/fonolukk.eu\\\/terms-and-conditions\\\/\",\"ownershipFundingInfo\":\"https:\\\/\\\/fonolukk.eu\\\/about-us\\\/\"}]}<\/script>\n<meta property=\"product:price:amount\" content=\"62.50\" \/>\n<meta property=\"product:price:currency\" content=\"EUR\" \/>\n<meta property=\"og:availability\" content=\"instock\" \/>\n<meta property=\"product:availability\" content=\"instock\" \/>\n<meta property=\"product:retailer_item_id\" content=\"Dorcas-62ND412\" \/>\n<meta property=\"product:condition\" content=\"new\" \/>\n<!-- \/ Yoast SEO Premium plugin. -->","yoast_head_json":{"title":"DORCAS 62ND412 - Fonolukk","description":"DORCAS 62ND412 | The latch model has a special design for outdoor conditions: a rubber seal between the cover and the body and a sealed baffle.","robots":{"index":"index","follow":"follow","max-snippet":"max-snippet:-1","max-image-preview":"max-image-preview:large","max-video-preview":"max-video-preview:-1"},"canonical":"https:\/\/fonolukk.eu\/et\/tooted\/dorcas-62nd412\/","og_locale":"et_EE","og_type":"article","og_title":"DORCAS 62ND412","og_description":"See sari on ainulaadne, m\u00f5eldud kasutamiseks v\u00e4litingimustes ja k\u00f5rge \u00f5huniiskusega ruumides.\u00a0Riivimudelil on v\u00e4listingimuste jaoks spetsiaalne disain: katte ja korpuse vahel on kummitihend, tihendatud deflektor juhttihvtiga.\u00a0Neid on vasak- v\u00f5i parempoolne (eesliite Din Right\u00a0\u00a0v\u00f5i\u00a0\u00a0\u00a0Din Left\u00a0 t\u00e4histuses).\u00a0Kaasas pika raamiga G62\u00a0.","og_url":"https:\/\/fonolukk.eu\/et\/tooted\/dorcas-62nd412\/","og_site_name":"Fonolukk","article_publisher":"https:\/\/www.facebook.com\/fonolukk","article_modified_time":"2023-08-04T07:47:08+00:00","og_image":[{"width":800,"height":904,"url":"https:\/\/fonolukk.eu\/wp-content\/uploads\/2023\/08\/dorcas-62n512.webp","type":"image\/webp"}],"twitter_card":"summary_large_image","twitter_misc":{"Hind":"&euro;62.50 koos KM","Availability":"Laos"},"schema":{"@context":"https:\/\/schema.org","@graph":[{"@type":"WebPage","@id":"https:\/\/fonolukk.eu\/et\/tooted\/dorcas-62nd412\/","url":"https:\/\/fonolukk.eu\/et\/tooted\/dorcas-62nd412\/","name":"DORCAS 62ND412 - Fonolukk","isPartOf":{"@id":"https:\/\/fonolukk.eu\/et\/#website"},"primaryImageOfPage":{"@id":"https:\/\/fonolukk.eu\/et\/tooted\/dorcas-62nd412\/#primaryimage"},"image":{"@id":"https:\/\/fonolukk.eu\/et\/tooted\/dorcas-62nd412\/#primaryimage"},"thumbnailUrl":"https:\/\/fonolukk.eu\/wp-content\/uploads\/2023\/08\/dorcas-62n512.webp","datePublished":"2023-08-04T07:38:03+00:00","dateModified":"2023-08-04T07:47:08+00:00","description":"DORCAS 62ND412 | The latch model has a special design for outdoor conditions: a rubber seal between the cover and the body and a sealed baffle.","breadcrumb":{"@id":"https:\/\/fonolukk.eu\/et\/tooted\/dorcas-62nd412\/#breadcrumb"},"inLanguage":"et","potentialAction":[{"@type":"ReadAction","target":["https:\/\/fonolukk.eu\/et\/tooted\/dorcas-62nd412\/"]}]},{"@type":"ImageObject","inLanguage":"et","@id":"https:\/\/fonolukk.eu\/et\/tooted\/dorcas-62nd412\/#primaryimage","url":"https:\/\/fonolukk.eu\/wp-content\/uploads\/2023\/08\/dorcas-62n512.webp","contentUrl":"https:\/\/fonolukk.eu\/wp-content\/uploads\/2023\/08\/dorcas-62n512.webp","width":800,"height":904,"caption":"DORCAS 62n512"},{"@type":"BreadcrumbList","@id":"https:\/\/fonolukk.eu\/et\/tooted\/dorcas-62nd412\/#breadcrumb","itemListElement":[{"@type":"ListItem","position":1,"name":"Esileht","item":"https:\/\/fonolukk.eu\/et\/koduleht\/"},{"@type":"ListItem","position":2,"name":"Tooted","item":"https:\/\/fonolukk.eu\/et\/shop-2\/"},{"@type":"ListItem","position":3,"name":"Outlet","item":"https:\/\/fonolukk.eu\/et\/product-category\/outlet-et\/"},{"@type":"ListItem","position":4,"name":"DORCAS 62ND412"}]},{"@type":"WebSite","@id":"https:\/\/fonolukk.eu\/et\/#website","url":"https:\/\/fonolukk.eu\/et\/","name":"Fonolukk eu","description":"Smart Security Systems","publisher":{"@id":"https:\/\/fonolukk.eu\/et\/#organization"},"potentialAction":[{"@type":"SearchAction","target":{"@type":"EntryPoint","urlTemplate":"https:\/\/fonolukk.eu\/et\/?s={search_term_string}"},"query-input":{"@type":"PropertyValueSpecification","valueRequired":true,"valueName":"search_term_string"}}],"inLanguage":"et"},{"@type":"Organization","@id":"https:\/\/fonolukk.eu\/et\/#organization","name":"Smart Security OU","url":"https:\/\/fonolukk.eu\/et\/","logo":{"@type":"ImageObject","inLanguage":"et","@id":"https:\/\/fonolukk.eu\/et\/#\/schema\/logo\/image\/","url":"https:\/\/fonolukk.eu\/wp-content\/uploads\/2023\/09\/fonolukk.png","contentUrl":"https:\/\/fonolukk.eu\/wp-content\/uploads\/2023\/09\/fonolukk.png","width":277,"height":274,"caption":"Smart Security OU"},"image":{"@id":"https:\/\/fonolukk.eu\/et\/#\/schema\/logo\/image\/"},"sameAs":["https:\/\/www.facebook.com\/fonolukk","https:\/\/www.instagram.com\/fonolukk\/?hl=ru"],"publishingPrinciples":"https:\/\/fonolukk.eu\/terms-and-conditions\/","ownershipFundingInfo":"https:\/\/fonolukk.eu\/about-us\/"}]},"product_price_amount":"62.50","product_price_currency":"EUR","og_availability":"instock","product_availability":"instock","product_retailer_item_id":"Dorcas-62ND412","product_condition":"new"},"_links":{"self":[{"href":"https:\/\/fonolukk.eu\/et\/wp-json\/wp\/v2\/product\/15939","targetHints":{"allow":["GET"]}}],"collection":[{"href":"https:\/\/fonolukk.eu\/et\/wp-json\/wp\/v2\/product"}],"about":[{"href":"https:\/\/fonolukk.eu\/et\/wp-json\/wp\/v2\/types\/product"}],"version-history":[{"count":0,"href":"https:\/\/fonolukk.eu\/et\/wp-json\/wp\/v2\/product\/15939\/revisions"}],"wp:featuredmedia":[{"embeddable":true,"href":"https:\/\/fonolukk.eu\/et\/wp-json\/wp\/v2\/media\/15936"}],"wp:attachment":[{"href":"https:\/\/fonolukk.eu\/et\/wp-json\/wp\/v2\/media?parent=15939"}],"wp:term":[{"taxonomy":"product_brand","embeddable":true,"href":"https:\/\/fonolukk.eu\/et\/wp-json\/wp\/v2\/product_brand?post=15939"},{"taxonomy":"product_cat","embeddable":true,"href":"https:\/\/fonolukk.eu\/et\/wp-json\/wp\/v2\/product_cat?post=15939"},{"taxonomy":"product_tag","embeddable":true,"href":"https:\/\/fonolukk.eu\/et\/wp-json\/wp\/v2\/product_tag?post=15939"}],"curies":[{"name":"wp","href":"https:\/\/api.w.org\/{rel}","templated":true}]}}