{"id":15959,"date":"2023-08-04T12:15:14","date_gmt":"2023-08-04T09:15:15","guid":{"rendered":"https:\/\/fonolukk.eu\/?post_type=product&#038;p=15959"},"modified":"2023-08-04T12:31:05","modified_gmt":"2023-08-04T09:31:05","slug":"hartte-shd12r","status":"publish","type":"product","link":"https:\/\/fonolukk.eu\/et\/tooted\/hartte-shd12r\/","title":{"rendered":"Hartte SHD12R"},"content":{"rendered":"<table width=\"100%\" cellspacing=\"0\" cellpadding=\"5\">\n<tbody>\n<tr class=\"tr3\">\n<td width=\"50%\"><span>Pinge:<\/span><\/td>\n<td><span>12V DC<\/span><\/td>\n<\/tr>\n<tr>\n<td width=\"50%\"><span>K\u00e4pa reguleerimine<\/span><\/td>\n<td><span>4 mm<\/span><\/td>\n<\/tr>\n<tr class=\"tr3\">\n<td width=\"50%\"><span>Voolutarve: 12V DC<\/span><\/td>\n<td><span>200mA<\/span><\/td>\n<\/tr>\n<tr>\n<td width=\"50%\"><span>Vastupidavus:<\/span><\/td>\n<td><span>63 oomi<\/span><\/td>\n<\/tr>\n<tr class=\"tr3\">\n<td width=\"50%\"><span>T\u00f6\u00f6tamine:<\/span><br \/>\n<span>pidevaks t\u00f6\u00f6ks<\/span><\/td>\n<td><span>Tavaliselt avatud (NO) p\u00f6\u00f6ratav<\/span><br \/>\n<span>10-14V DC juures<\/span><\/td>\n<\/tr>\n<tr>\n<td width=\"50%\"><span>Vastupidavus:<\/span><\/td>\n<td><span>3500N<\/span><\/td>\n<\/tr>\n<tr class=\"tr3\">\n<td width=\"50%\"><span>K\u00f5rgus:<\/span><\/td>\n<td><span>75 mm<\/span><\/td>\n<\/tr>\n<tr>\n<td width=\"50%\"><span>Laius:<\/span><\/td>\n<td><span>20,5 mm<\/span><\/td>\n<\/tr>\n<tr class=\"tr3\">\n<td width=\"50%\"><span>S\u00fcgavus:<\/span><\/td>\n<td><span>28,5 mm<\/span><\/td>\n<\/tr>\n<tr>\n<td width=\"50%\"><span>Vastupidavus \u2013 avamists\u00fcklid:<\/span><\/td>\n<td>200,000<\/td>\n<\/tr>\n<tr class=\"tr3\">\n<td width=\"50%\"><span>S\u00fcmbol:<\/span><\/td>\n<td><span>SHD12R<\/span><\/td>\n<\/tr>\n<tr>\n<td width=\"50%\"><span>Funktsioonid:<\/span><\/td>\n<td><span>EI60 klassifikatsiooniga tulekindlatele ustele &#8211; monteerimine lisariivi luku k\u00fclge<\/span><\/td>\n<\/tr>\n<\/tbody>\n<\/table>\n","protected":false},"excerpt":{"rendered":"<p><span>Elektrilistel tulet\u00f5kkeuksel SHD on sertifikaat, mis lubab neid kasutada igat t\u00fc\u00fcpi suitsu- ja tulet\u00f5kkeustes, mille tulep\u00fcsivus on EI60 vastavalt m\u00e4\u00e4rusele CPR 305\/2011 ja elektriliste uksel\u00f6\u00f6kide harmoneeritud standardile 14846. HARTTE SHD12R NO 12<\/span><\/p>\n<p><span><span class=\"VIpgJd-yAWNEb-VIpgJd-fmcmS-sn54Q\">VDC p\u00f6\u00f6ratav tulet\u00f5kkeuks m\u00f5\u00f5tudega: k\u00f5rgus 75 mm, laius 20,5 mm, s\u00fcgavus 28,5 mm EI60 klassifikatsiooniga tulet\u00f5kkeustele &#8211; lukuga monteerimiseks &#8211; lisariiv.<\/span><\/span><\/p>\n","protected":false},"featured_media":15956,"template":"","meta":[],"product_brand":[],"product_cat":[1306],"product_tag":[1490,1494],"class_list":{"0":"post-15959","1":"product","2":"type-product","3":"status-publish","4":"has-post-thumbnail","6":"product_cat-outlet-et","7":"product_tag-hartte-et","8":"product_tag-shd12r-et","10":"first","11":"instock","12":"sale","13":"taxable","14":"shipping-taxable","15":"purchasable","16":"product-type-simple"},"yoast_head":"<!-- This site is optimized with the Yoast SEO Premium plugin v27.3 (Yoast SEO v27.3) - https:\/\/yoast.com\/product\/yoast-seo-premium-wordpress\/ -->\n<title>Hartte SHD12R - Fonolukk<\/title>\n<meta name=\"description\" content=\"Hartte SHD12R | SHD electric fire door strikes have a certificate authorizing them to be used in all types of smoke and fire doors.\" \/>\n<meta name=\"robots\" content=\"index, follow, max-snippet:-1, max-image-preview:large, max-video-preview:-1\" \/>\n<link rel=\"canonical\" href=\"https:\/\/fonolukk.eu\/et\/tooted\/hartte-shd12r\/\" \/>\n<meta property=\"og:locale\" content=\"et_EE\" \/>\n<meta property=\"og:type\" content=\"article\" \/>\n<meta property=\"og:title\" content=\"Hartte SHD12R\" \/>\n<meta property=\"og:description\" content=\"Elektrilistel tulet\u00f5kkeuksel SHD on sertifikaat, mis lubab neid kasutada igat t\u00fc\u00fcpi suitsu- ja tulet\u00f5kkeustes, mille tulep\u00fcsivus on EI60 vastavalt m\u00e4\u00e4rusele CPR 305\/2011 ja elektriliste uksel\u00f6\u00f6kide harmoneeritud standardile 14846. HARTTE SHD12R NO 12  VDC p\u00f6\u00f6ratav tulet\u00f5kkeuks m\u00f5\u00f5tudega: k\u00f5rgus 75 mm, laius 20,5 mm, s\u00fcgavus 28,5 mm EI60 klassifikatsiooniga tulet\u00f5kkeustele - lukuga monteerimiseks - lisariiv.\" \/>\n<meta property=\"og:url\" content=\"https:\/\/fonolukk.eu\/et\/tooted\/hartte-shd12r\/\" \/>\n<meta property=\"og:site_name\" content=\"Fonolukk\" \/>\n<meta property=\"article:publisher\" content=\"https:\/\/www.facebook.com\/fonolukk\" \/>\n<meta property=\"article:modified_time\" content=\"2023-08-04T09:31:05+00:00\" \/>\n<meta property=\"og:image\" content=\"https:\/\/fonolukk.eu\/wp-content\/uploads\/2023\/08\/hartte-sh12r.jpg\" \/>\n\t<meta property=\"og:image:width\" content=\"1299\" \/>\n\t<meta property=\"og:image:height\" content=\"928\" \/>\n\t<meta property=\"og:image:type\" content=\"image\/jpeg\" \/>\n<meta name=\"twitter:card\" content=\"summary_large_image\" \/>\n<meta name=\"twitter:label1\" content=\"Hind\" \/>\n\t<meta name=\"twitter:data1\" content=\"&euro;141.67 koos KM\" \/>\n\t<meta name=\"twitter:label2\" content=\"Availability\" \/>\n\t<meta name=\"twitter:data2\" content=\"Laos\" \/>\n<script type=\"application\/ld+json\" class=\"yoast-schema-graph\">{\"@context\":\"https:\\\/\\\/schema.org\",\"@graph\":[{\"@type\":\"WebPage\",\"@id\":\"https:\\\/\\\/fonolukk.eu\\\/et\\\/tooted\\\/hartte-shd12r\\\/\",\"url\":\"https:\\\/\\\/fonolukk.eu\\\/et\\\/tooted\\\/hartte-shd12r\\\/\",\"name\":\"Hartte SHD12R - Fonolukk\",\"isPartOf\":{\"@id\":\"https:\\\/\\\/fonolukk.eu\\\/et\\\/#website\"},\"primaryImageOfPage\":{\"@id\":\"https:\\\/\\\/fonolukk.eu\\\/et\\\/tooted\\\/hartte-shd12r\\\/#primaryimage\"},\"image\":{\"@id\":\"https:\\\/\\\/fonolukk.eu\\\/et\\\/tooted\\\/hartte-shd12r\\\/#primaryimage\"},\"thumbnailUrl\":\"https:\\\/\\\/fonolukk.eu\\\/wp-content\\\/uploads\\\/2023\\\/08\\\/hartte-sh12r.jpg\",\"datePublished\":\"2023-08-04T09:15:15+00:00\",\"dateModified\":\"2023-08-04T09:31:05+00:00\",\"description\":\"Hartte SHD12R | SHD electric fire door strikes have a certificate authorizing them to be used in all types of smoke and fire doors.\",\"breadcrumb\":{\"@id\":\"https:\\\/\\\/fonolukk.eu\\\/et\\\/tooted\\\/hartte-shd12r\\\/#breadcrumb\"},\"inLanguage\":\"et\",\"potentialAction\":[{\"@type\":\"ReadAction\",\"target\":[\"https:\\\/\\\/fonolukk.eu\\\/et\\\/tooted\\\/hartte-shd12r\\\/\"]}]},{\"@type\":\"ImageObject\",\"inLanguage\":\"et\",\"@id\":\"https:\\\/\\\/fonolukk.eu\\\/et\\\/tooted\\\/hartte-shd12r\\\/#primaryimage\",\"url\":\"https:\\\/\\\/fonolukk.eu\\\/wp-content\\\/uploads\\\/2023\\\/08\\\/hartte-sh12r.jpg\",\"contentUrl\":\"https:\\\/\\\/fonolukk.eu\\\/wp-content\\\/uploads\\\/2023\\\/08\\\/hartte-sh12r.jpg\",\"width\":1299,\"height\":928,\"caption\":\"SH12R HARTTE\"},{\"@type\":\"BreadcrumbList\",\"@id\":\"https:\\\/\\\/fonolukk.eu\\\/et\\\/tooted\\\/hartte-shd12r\\\/#breadcrumb\",\"itemListElement\":[{\"@type\":\"ListItem\",\"position\":1,\"name\":\"Esileht\",\"item\":\"https:\\\/\\\/fonolukk.eu\\\/et\\\/koduleht\\\/\"},{\"@type\":\"ListItem\",\"position\":2,\"name\":\"Tooted\",\"item\":\"https:\\\/\\\/fonolukk.eu\\\/et\\\/shop-2\\\/\"},{\"@type\":\"ListItem\",\"position\":3,\"name\":\"Outlet\",\"item\":\"https:\\\/\\\/fonolukk.eu\\\/et\\\/product-category\\\/outlet-et\\\/\"},{\"@type\":\"ListItem\",\"position\":4,\"name\":\"Hartte SHD12R\"}]},{\"@type\":\"WebSite\",\"@id\":\"https:\\\/\\\/fonolukk.eu\\\/et\\\/#website\",\"url\":\"https:\\\/\\\/fonolukk.eu\\\/et\\\/\",\"name\":\"Fonolukk eu\",\"description\":\"Smart Security Systems\",\"publisher\":{\"@id\":\"https:\\\/\\\/fonolukk.eu\\\/et\\\/#organization\"},\"potentialAction\":[{\"@type\":\"SearchAction\",\"target\":{\"@type\":\"EntryPoint\",\"urlTemplate\":\"https:\\\/\\\/fonolukk.eu\\\/et\\\/?s={search_term_string}\"},\"query-input\":{\"@type\":\"PropertyValueSpecification\",\"valueRequired\":true,\"valueName\":\"search_term_string\"}}],\"inLanguage\":\"et\"},{\"@type\":\"Organization\",\"@id\":\"https:\\\/\\\/fonolukk.eu\\\/et\\\/#organization\",\"name\":\"Smart Security OU\",\"url\":\"https:\\\/\\\/fonolukk.eu\\\/et\\\/\",\"logo\":{\"@type\":\"ImageObject\",\"inLanguage\":\"et\",\"@id\":\"https:\\\/\\\/fonolukk.eu\\\/et\\\/#\\\/schema\\\/logo\\\/image\\\/\",\"url\":\"https:\\\/\\\/fonolukk.eu\\\/wp-content\\\/uploads\\\/2023\\\/09\\\/fonolukk.png\",\"contentUrl\":\"https:\\\/\\\/fonolukk.eu\\\/wp-content\\\/uploads\\\/2023\\\/09\\\/fonolukk.png\",\"width\":277,\"height\":274,\"caption\":\"Smart Security OU\"},\"image\":{\"@id\":\"https:\\\/\\\/fonolukk.eu\\\/et\\\/#\\\/schema\\\/logo\\\/image\\\/\"},\"sameAs\":[\"https:\\\/\\\/www.facebook.com\\\/fonolukk\",\"https:\\\/\\\/www.instagram.com\\\/fonolukk\\\/?hl=ru\"],\"publishingPrinciples\":\"https:\\\/\\\/fonolukk.eu\\\/terms-and-conditions\\\/\",\"ownershipFundingInfo\":\"https:\\\/\\\/fonolukk.eu\\\/about-us\\\/\"}]}<\/script>\n<meta property=\"product:price:amount\" content=\"141.67\" \/>\n<meta property=\"product:price:currency\" content=\"EUR\" \/>\n<meta property=\"og:availability\" content=\"instock\" \/>\n<meta property=\"product:availability\" content=\"instock\" \/>\n<meta property=\"product:retailer_item_id\" content=\"Hartte SHD12R\" \/>\n<meta property=\"product:condition\" content=\"new\" \/>\n<!-- \/ Yoast SEO Premium plugin. -->","yoast_head_json":{"title":"Hartte SHD12R - Fonolukk","description":"Hartte SHD12R | SHD electric fire door strikes have a certificate authorizing them to be used in all types of smoke and fire doors.","robots":{"index":"index","follow":"follow","max-snippet":"max-snippet:-1","max-image-preview":"max-image-preview:large","max-video-preview":"max-video-preview:-1"},"canonical":"https:\/\/fonolukk.eu\/et\/tooted\/hartte-shd12r\/","og_locale":"et_EE","og_type":"article","og_title":"Hartte SHD12R","og_description":"Elektrilistel tulet\u00f5kkeuksel SHD on sertifikaat, mis lubab neid kasutada igat t\u00fc\u00fcpi suitsu- ja tulet\u00f5kkeustes, mille tulep\u00fcsivus on EI60 vastavalt m\u00e4\u00e4rusele CPR 305\/2011 ja elektriliste uksel\u00f6\u00f6kide harmoneeritud standardile 14846. HARTTE SHD12R NO 12  VDC p\u00f6\u00f6ratav tulet\u00f5kkeuks m\u00f5\u00f5tudega: k\u00f5rgus 75 mm, laius 20,5 mm, s\u00fcgavus 28,5 mm EI60 klassifikatsiooniga tulet\u00f5kkeustele - lukuga monteerimiseks - lisariiv.","og_url":"https:\/\/fonolukk.eu\/et\/tooted\/hartte-shd12r\/","og_site_name":"Fonolukk","article_publisher":"https:\/\/www.facebook.com\/fonolukk","article_modified_time":"2023-08-04T09:31:05+00:00","og_image":[{"width":1299,"height":928,"url":"https:\/\/fonolukk.eu\/wp-content\/uploads\/2023\/08\/hartte-sh12r.jpg","type":"image\/jpeg"}],"twitter_card":"summary_large_image","twitter_misc":{"Hind":"&euro;141.67 koos KM","Availability":"Laos"},"schema":{"@context":"https:\/\/schema.org","@graph":[{"@type":"WebPage","@id":"https:\/\/fonolukk.eu\/et\/tooted\/hartte-shd12r\/","url":"https:\/\/fonolukk.eu\/et\/tooted\/hartte-shd12r\/","name":"Hartte SHD12R - Fonolukk","isPartOf":{"@id":"https:\/\/fonolukk.eu\/et\/#website"},"primaryImageOfPage":{"@id":"https:\/\/fonolukk.eu\/et\/tooted\/hartte-shd12r\/#primaryimage"},"image":{"@id":"https:\/\/fonolukk.eu\/et\/tooted\/hartte-shd12r\/#primaryimage"},"thumbnailUrl":"https:\/\/fonolukk.eu\/wp-content\/uploads\/2023\/08\/hartte-sh12r.jpg","datePublished":"2023-08-04T09:15:15+00:00","dateModified":"2023-08-04T09:31:05+00:00","description":"Hartte SHD12R | SHD electric fire door strikes have a certificate authorizing them to be used in all types of smoke and fire doors.","breadcrumb":{"@id":"https:\/\/fonolukk.eu\/et\/tooted\/hartte-shd12r\/#breadcrumb"},"inLanguage":"et","potentialAction":[{"@type":"ReadAction","target":["https:\/\/fonolukk.eu\/et\/tooted\/hartte-shd12r\/"]}]},{"@type":"ImageObject","inLanguage":"et","@id":"https:\/\/fonolukk.eu\/et\/tooted\/hartte-shd12r\/#primaryimage","url":"https:\/\/fonolukk.eu\/wp-content\/uploads\/2023\/08\/hartte-sh12r.jpg","contentUrl":"https:\/\/fonolukk.eu\/wp-content\/uploads\/2023\/08\/hartte-sh12r.jpg","width":1299,"height":928,"caption":"SH12R HARTTE"},{"@type":"BreadcrumbList","@id":"https:\/\/fonolukk.eu\/et\/tooted\/hartte-shd12r\/#breadcrumb","itemListElement":[{"@type":"ListItem","position":1,"name":"Esileht","item":"https:\/\/fonolukk.eu\/et\/koduleht\/"},{"@type":"ListItem","position":2,"name":"Tooted","item":"https:\/\/fonolukk.eu\/et\/shop-2\/"},{"@type":"ListItem","position":3,"name":"Outlet","item":"https:\/\/fonolukk.eu\/et\/product-category\/outlet-et\/"},{"@type":"ListItem","position":4,"name":"Hartte SHD12R"}]},{"@type":"WebSite","@id":"https:\/\/fonolukk.eu\/et\/#website","url":"https:\/\/fonolukk.eu\/et\/","name":"Fonolukk eu","description":"Smart Security Systems","publisher":{"@id":"https:\/\/fonolukk.eu\/et\/#organization"},"potentialAction":[{"@type":"SearchAction","target":{"@type":"EntryPoint","urlTemplate":"https:\/\/fonolukk.eu\/et\/?s={search_term_string}"},"query-input":{"@type":"PropertyValueSpecification","valueRequired":true,"valueName":"search_term_string"}}],"inLanguage":"et"},{"@type":"Organization","@id":"https:\/\/fonolukk.eu\/et\/#organization","name":"Smart Security OU","url":"https:\/\/fonolukk.eu\/et\/","logo":{"@type":"ImageObject","inLanguage":"et","@id":"https:\/\/fonolukk.eu\/et\/#\/schema\/logo\/image\/","url":"https:\/\/fonolukk.eu\/wp-content\/uploads\/2023\/09\/fonolukk.png","contentUrl":"https:\/\/fonolukk.eu\/wp-content\/uploads\/2023\/09\/fonolukk.png","width":277,"height":274,"caption":"Smart Security OU"},"image":{"@id":"https:\/\/fonolukk.eu\/et\/#\/schema\/logo\/image\/"},"sameAs":["https:\/\/www.facebook.com\/fonolukk","https:\/\/www.instagram.com\/fonolukk\/?hl=ru"],"publishingPrinciples":"https:\/\/fonolukk.eu\/terms-and-conditions\/","ownershipFundingInfo":"https:\/\/fonolukk.eu\/about-us\/"}]},"product_price_amount":"141.67","product_price_currency":"EUR","og_availability":"instock","product_availability":"instock","product_retailer_item_id":"Hartte SHD12R","product_condition":"new"},"_links":{"self":[{"href":"https:\/\/fonolukk.eu\/et\/wp-json\/wp\/v2\/product\/15959","targetHints":{"allow":["GET"]}}],"collection":[{"href":"https:\/\/fonolukk.eu\/et\/wp-json\/wp\/v2\/product"}],"about":[{"href":"https:\/\/fonolukk.eu\/et\/wp-json\/wp\/v2\/types\/product"}],"version-history":[{"count":0,"href":"https:\/\/fonolukk.eu\/et\/wp-json\/wp\/v2\/product\/15959\/revisions"}],"wp:featuredmedia":[{"embeddable":true,"href":"https:\/\/fonolukk.eu\/et\/wp-json\/wp\/v2\/media\/15956"}],"wp:attachment":[{"href":"https:\/\/fonolukk.eu\/et\/wp-json\/wp\/v2\/media?parent=15959"}],"wp:term":[{"taxonomy":"product_brand","embeddable":true,"href":"https:\/\/fonolukk.eu\/et\/wp-json\/wp\/v2\/product_brand?post=15959"},{"taxonomy":"product_cat","embeddable":true,"href":"https:\/\/fonolukk.eu\/et\/wp-json\/wp\/v2\/product_cat?post=15959"},{"taxonomy":"product_tag","embeddable":true,"href":"https:\/\/fonolukk.eu\/et\/wp-json\/wp\/v2\/product_tag?post=15959"}],"curies":[{"name":"wp","href":"https:\/\/api.w.org\/{rel}","templated":true}]}}