{"id":15971,"date":"2023-08-04T13:19:59","date_gmt":"2023-08-04T10:19:59","guid":{"rendered":"https:\/\/fonolukk.eu\/?post_type=product&#038;p=15971"},"modified":"2023-08-04T14:30:48","modified_gmt":"2023-08-04T11:30:48","slug":"promix-sm306-hobe","status":"publish","type":"product","link":"https:\/\/fonolukk.eu\/et\/tooted\/promix-sm306-hobe\/","title":{"rendered":"Promix-SM306 H\u00f5be"},"content":{"rendered":"<div id=\"tabs-obj_description\">\n<h2><span>Kirjeldus<\/span><\/h2>\n<p><span>\u201cPromix-SM306\u201d on lukkude seeria \u201cSheriff-6\u201d uus nimi.<\/span><\/p>\n<p><span>Lukk on paigaldatud suvalisse kohta ukse tagasil\u00f6\u00f6giservale, kinnituspolt on paigaldatud ukse sisse.<\/span><\/p>\n<p><span>l<\/span><img decoding=\"async\" class=\"\" src=\"https:\/\/promix-center.com\/img\/image\/dscf4815_1.jpg\" alt=\"\" width=\"695\" height=\"883\" \/>\u00a0<img decoding=\"async\" class=\"\" src=\"https:\/\/promix-center.com\/img\/image\/dscf4816_1.jpg\" alt=\"\" width=\"682\" height=\"886\" \/><\/p>\n<p><span>Kui uks on suletud, siseneb kinnituspolt lukku ja lukustatakse konksu abil.<\/span><\/p>\n<p><span>Mehaanilise avamise v\u00f5imalus on ette n\u00e4htud luku avarii avamiseks.<\/span><\/p>\n<p><span><span class=\"\">Konstruktsioon v\u00f5imaldab surveluku reguleerimist horisontaaltasandil.<\/span><\/span><\/p>\n<p><span>Luku saab paigaldada t\u00e4nava ustele tingimusel, et suurema osa talveperioodist rakendatakse lukule toitepinge.<\/span><\/p>\n<table border=\"0\" cellspacing=\"1\" cellpadding=\"1\">\n<tbody>\n<tr>\n<td><img decoding=\"async\" src=\"https:\/\/promix-center.com\/files\/433\/primer-podklyucheniya-zam_400_142.png\" alt=\"krunt-podklyucheniya-zam_400_142\" \/><\/p>\n<p><span>Lukusta \u00fchenduse valikud<\/span><\/p>\n<p><span>(toitepinget saab lukule rakendada l\u00fcliti, intercom, kontroller jne)<\/span><\/td>\n<td><img decoding=\"async\" src=\"https:\/\/promix-center.com\/files\/433\/shema_vklyucheniya_sh1layt_2_400_197.png\" alt=\"shema_vklyucheniya_sh1layt_2_400_197\" \/><\/td>\n<\/tr>\n<\/tbody>\n<\/table>\n<p><span>Luku mudeli t\u00e4his:<\/span><\/p>\n<p><span>Promix-SM306.XY v\u00e4rv, kus:<\/span><\/p>\n<div>\n<div>\n<table>\n<tbody>\n<tr>\n<td><span>X &#8211; lukustuse versioon:<\/span><\/td>\n<td><span>0 &#8211; tavaliselt avatud,<\/span><br \/>\n<span>1 &#8211; tavaliselt suletud;<\/span><\/td>\n<\/tr>\n<tr>\n<td><span>Y &#8211; nimipinge:<\/span><\/td>\n<td><span>0 &#8211; 12 V<\/span><\/td>\n<\/tr>\n<tr>\n<td><span>v\u00e4rv &#8211; keha v\u00e4rv:<\/span><\/td>\n<td><span>valge,<\/span><br \/>\n<span>pruun,<\/span><br \/>\n<span>h\u00f5be.<\/span><\/td>\n<\/tr>\n<\/tbody>\n<\/table>\n<p><span lang=\"EN-US\"><span>Tellimiseks saadaval olevate lukkude muudatused on toodud tabelis (vt \u00fclaltoodud v\u00e4rve):<\/span><\/span><\/p>\n<\/div>\n<\/div>\n<table border=\"1\" cellspacing=\"1\" cellpadding=\"1\">\n<tbody>\n<tr>\n<th><span>Luku mudel<\/span><\/th>\n<th><span>Kirjeldus<\/span><\/th>\n<\/tr>\n<tr>\n<td><span>Promix-SM306.00<\/span><\/td>\n<td><span>Tavaliselt avatud (avaneb toitepinge eemaldamisel),<\/span><br \/>\n<span>toitepinge 12V<\/span><\/td>\n<\/tr>\n<tr>\n<td><span>Promix-SM306.10<\/span><\/td>\n<td><span>Tavaliselt suletud (avaneb toitepinge rakendamisel),<\/span><br \/>\n<span>toitepinge 12V<\/span><\/td>\n<\/tr>\n<\/tbody>\n<\/table>\n<h2><span lang=\"EN-US\"><span>Funktsioonid<\/span><\/span><\/h2>\n<ul>\n<li class=\"ancset__active\"><span>Luku kitsas kompaktne korpus;<\/span><\/li>\n<li><span>\u00c4\u00e4rmiselt lihtne paigaldus;<\/span><\/li>\n<li><span>Surmapoldi liistu v\u00f5i velje kinnitamise v\u00f5imalus;<\/span><\/li>\n<li><span>Lukk on paigaldatud ukselingi piirkonda &#8211; t\u00f6\u00f6 ajal ei j\u00e4\u00e4 uks viltu;<\/span><\/li>\n<li><span>Tukkpoldil ja lukumehhanismi osadel on korrosioonivastane kate (C6, H9);<\/span><\/li>\n<li><span>Ei vaja hooldust ja m\u00e4\u00e4rimist kogu t\u00f6\u00f6perioodi v\u00e4ltel.<\/span><\/li>\n<\/ul>\n<h2><span lang=\"EN-US\"><span>Paki sisu<\/span><\/span><\/h2>\n<table border=\"0\" cellspacing=\"1\" cellpadding=\"1\">\n<tbody>\n<tr>\n<td>\n<ul>\n<li class=\"ancset__active\"><span>Elektromehaaniline lukk &#8211; 1 arvuti.<\/span><\/li>\n<li><span>Kokkupandud kinnituspolt &#8211; 1 arvuti.<\/span><\/li>\n<li><span>Puitkruvi 3,5\u044530 luku kinnitamiseks &#8211; 4 arvutit.<\/span><\/li>\n<\/ul>\n<\/td>\n<td>\n<ul>\n<li class=\"ancset__active\"><span>Deadbolt kinnituskomplekt &#8211; 2 arvutit.<\/span><\/li>\n<li><span>Kasutusjuhend &#8211; 1 arvuti.<\/span><\/li>\n<li><span>M\u00e4rgistamise mall &#8211; 1 tk.<\/span><\/li>\n<\/ul>\n<\/td>\n<\/tr>\n<\/tbody>\n<\/table>\n<\/div>\n<div id=\"tabs-tech_char\">\n<h2><span>Tehnilised omadused<\/span><\/h2>\n<ul>\n<li class=\"ancset__active\"><span>Hoidmisj\u00f5ud: v\u00e4hemalt 300 kg<\/span><\/li>\n<li><span>Alalisvoolu toitepinge: 10-14V<\/span><\/li>\n<li><span>Sisendvool (12 V juures): 100 \u043c\u0410<\/span><\/li>\n<li><span>Kaal: 0,3 kg<\/span><\/li>\n<li><span>Kaabli pikkus: 0,3 m<\/span><\/li>\n<\/ul>\n<\/div>\n","protected":false},"excerpt":{"rendered":"<ul>\n<li>\n<div class=\"catalogbox__param__announce\">\n<p><span>Kavandatud kasutamiseks ajamiseadmena sissep\u00e4\u00e4sukontrollis\u00fcsteemi (ACS) osana kontorite ja haldusruumide uste lukustamiseks, mille ukseraami laius on \u00fcle 25 mm.<\/span><\/p>\n<\/div>\n<\/li>\n<\/ul>\n<p><span>[wpdm_package id = '11570']<\/span><\/p>\n","protected":false},"featured_media":15974,"template":"","meta":[],"product_brand":[],"product_cat":[1306],"product_tag":[1498,1499],"class_list":{"0":"post-15971","1":"product","2":"type-product","3":"status-publish","4":"has-post-thumbnail","6":"product_cat-outlet-et","7":"product_tag-promix-et","8":"product_tag-sm306-et","9":"pa_brand-promix-et","11":"first","12":"instock","13":"taxable","14":"shipping-taxable","15":"purchasable","16":"product-type-simple"},"yoast_head":"<!-- This site is optimized with the Yoast SEO Premium plugin v27.3 (Yoast SEO v27.3) - https:\/\/yoast.com\/product\/yoast-seo-premium-wordpress\/ -->\n<title>Promix-SM306 H\u00f5be - Fonolukk<\/title>\n<meta name=\"description\" content=\"Promix-SM306 H\u00f5be - An electromagnetic lock is a body with an electromagnet and a counter metal plate\" \/>\n<meta name=\"robots\" content=\"index, follow, max-snippet:-1, max-image-preview:large, max-video-preview:-1\" \/>\n<link rel=\"canonical\" href=\"https:\/\/fonolukk.eu\/et\/tooted\/promix-sm306-hobe\/\" \/>\n<meta property=\"og:locale\" content=\"et_EE\" \/>\n<meta property=\"og:type\" content=\"article\" \/>\n<meta property=\"og:title\" content=\"Promix-SM306 H\u00f5be Promix-SM305\" \/>\n<meta property=\"og:description\" content=\"Kavandatud kasutamiseks ajamiseadmena sissep\u00e4\u00e4sukontrollis\u00fcsteemi (ACS) osana kontorite ja haldusruumide uste lukustamiseks, mille ukseraami laius on \u00fcle 25 mm.\" \/>\n<meta property=\"og:url\" content=\"https:\/\/fonolukk.eu\/et\/tooted\/promix-sm306-hobe\/\" \/>\n<meta property=\"og:site_name\" content=\"Fonolukk\" \/>\n<meta property=\"article:publisher\" content=\"https:\/\/www.facebook.com\/fonolukk\" \/>\n<meta property=\"article:modified_time\" content=\"2023-08-04T11:30:48+00:00\" \/>\n<meta property=\"og:image\" content=\"https:\/\/fonolukk.eu\/wp-content\/uploads\/2023\/08\/promix-sm306.00-silver.jpg\" \/>\n\t<meta property=\"og:image:width\" content=\"941\" \/>\n\t<meta property=\"og:image:height\" content=\"900\" \/>\n\t<meta property=\"og:image:type\" content=\"image\/jpeg\" \/>\n<meta name=\"twitter:card\" content=\"summary_large_image\" \/>\n<meta name=\"twitter:title\" content=\"Promix-SM306 H\u00f5be\" \/>\n<meta name=\"twitter:label1\" content=\"Hind\" \/>\n\t<meta name=\"twitter:data1\" content=\"&euro;40.83 koos KM\" \/>\n\t<meta name=\"twitter:label2\" content=\"Availability\" \/>\n\t<meta name=\"twitter:data2\" content=\"Laos\" \/>\n<script type=\"application\/ld+json\" class=\"yoast-schema-graph\">{\"@context\":\"https:\\\/\\\/schema.org\",\"@graph\":[{\"@type\":\"WebPage\",\"@id\":\"https:\\\/\\\/fonolukk.eu\\\/et\\\/tooted\\\/promix-sm306-hobe\\\/\",\"url\":\"https:\\\/\\\/fonolukk.eu\\\/et\\\/tooted\\\/promix-sm306-hobe\\\/\",\"name\":\"Promix-SM306 H\u00f5be - Fonolukk\",\"isPartOf\":{\"@id\":\"https:\\\/\\\/fonolukk.eu\\\/et\\\/#website\"},\"primaryImageOfPage\":{\"@id\":\"https:\\\/\\\/fonolukk.eu\\\/et\\\/tooted\\\/promix-sm306-hobe\\\/#primaryimage\"},\"image\":{\"@id\":\"https:\\\/\\\/fonolukk.eu\\\/et\\\/tooted\\\/promix-sm306-hobe\\\/#primaryimage\"},\"thumbnailUrl\":\"https:\\\/\\\/fonolukk.eu\\\/wp-content\\\/uploads\\\/2023\\\/08\\\/promix-sm306.00-silver.jpg\",\"datePublished\":\"2023-08-04T10:19:59+00:00\",\"dateModified\":\"2023-08-04T11:30:48+00:00\",\"description\":\"Promix-SM306 H\u00f5be - An electromagnetic lock is a body with an electromagnet and a counter metal plate\",\"breadcrumb\":{\"@id\":\"https:\\\/\\\/fonolukk.eu\\\/et\\\/tooted\\\/promix-sm306-hobe\\\/#breadcrumb\"},\"inLanguage\":\"et\",\"potentialAction\":[{\"@type\":\"ReadAction\",\"target\":[\"https:\\\/\\\/fonolukk.eu\\\/et\\\/tooted\\\/promix-sm306-hobe\\\/\"]}]},{\"@type\":\"ImageObject\",\"inLanguage\":\"et\",\"@id\":\"https:\\\/\\\/fonolukk.eu\\\/et\\\/tooted\\\/promix-sm306-hobe\\\/#primaryimage\",\"url\":\"https:\\\/\\\/fonolukk.eu\\\/wp-content\\\/uploads\\\/2023\\\/08\\\/promix-sm306.00-silver.jpg\",\"contentUrl\":\"https:\\\/\\\/fonolukk.eu\\\/wp-content\\\/uploads\\\/2023\\\/08\\\/promix-sm306.00-silver.jpg\",\"width\":941,\"height\":900,\"caption\":\"promix sm306\"},{\"@type\":\"BreadcrumbList\",\"@id\":\"https:\\\/\\\/fonolukk.eu\\\/et\\\/tooted\\\/promix-sm306-hobe\\\/#breadcrumb\",\"itemListElement\":[{\"@type\":\"ListItem\",\"position\":1,\"name\":\"Esileht\",\"item\":\"https:\\\/\\\/fonolukk.eu\\\/et\\\/koduleht\\\/\"},{\"@type\":\"ListItem\",\"position\":2,\"name\":\"Tooted\",\"item\":\"https:\\\/\\\/fonolukk.eu\\\/et\\\/shop-2\\\/\"},{\"@type\":\"ListItem\",\"position\":3,\"name\":\"Outlet\",\"item\":\"https:\\\/\\\/fonolukk.eu\\\/et\\\/product-category\\\/outlet-et\\\/\"},{\"@type\":\"ListItem\",\"position\":4,\"name\":\"Promix-SM306 H\u00f5be\"}]},{\"@type\":\"WebSite\",\"@id\":\"https:\\\/\\\/fonolukk.eu\\\/et\\\/#website\",\"url\":\"https:\\\/\\\/fonolukk.eu\\\/et\\\/\",\"name\":\"Fonolukk eu\",\"description\":\"Smart Security Systems\",\"publisher\":{\"@id\":\"https:\\\/\\\/fonolukk.eu\\\/et\\\/#organization\"},\"potentialAction\":[{\"@type\":\"SearchAction\",\"target\":{\"@type\":\"EntryPoint\",\"urlTemplate\":\"https:\\\/\\\/fonolukk.eu\\\/et\\\/?s={search_term_string}\"},\"query-input\":{\"@type\":\"PropertyValueSpecification\",\"valueRequired\":true,\"valueName\":\"search_term_string\"}}],\"inLanguage\":\"et\"},{\"@type\":\"Organization\",\"@id\":\"https:\\\/\\\/fonolukk.eu\\\/et\\\/#organization\",\"name\":\"Smart Security OU\",\"url\":\"https:\\\/\\\/fonolukk.eu\\\/et\\\/\",\"logo\":{\"@type\":\"ImageObject\",\"inLanguage\":\"et\",\"@id\":\"https:\\\/\\\/fonolukk.eu\\\/et\\\/#\\\/schema\\\/logo\\\/image\\\/\",\"url\":\"https:\\\/\\\/fonolukk.eu\\\/wp-content\\\/uploads\\\/2023\\\/09\\\/fonolukk.png\",\"contentUrl\":\"https:\\\/\\\/fonolukk.eu\\\/wp-content\\\/uploads\\\/2023\\\/09\\\/fonolukk.png\",\"width\":277,\"height\":274,\"caption\":\"Smart Security OU\"},\"image\":{\"@id\":\"https:\\\/\\\/fonolukk.eu\\\/et\\\/#\\\/schema\\\/logo\\\/image\\\/\"},\"sameAs\":[\"https:\\\/\\\/www.facebook.com\\\/fonolukk\",\"https:\\\/\\\/www.instagram.com\\\/fonolukk\\\/?hl=ru\"],\"publishingPrinciples\":\"https:\\\/\\\/fonolukk.eu\\\/terms-and-conditions\\\/\",\"ownershipFundingInfo\":\"https:\\\/\\\/fonolukk.eu\\\/about-us\\\/\"}]}<\/script>\n<meta property=\"product:brand\" content=\"Promix\" \/>\n<meta property=\"product:price:amount\" content=\"40.83\" \/>\n<meta property=\"product:price:currency\" content=\"EUR\" \/>\n<meta property=\"og:availability\" content=\"instock\" \/>\n<meta property=\"product:availability\" content=\"instock\" \/>\n<meta property=\"product:retailer_item_id\" content=\"SM306-silver\" \/>\n<meta property=\"product:condition\" content=\"new\" \/>\n<!-- \/ Yoast SEO Premium plugin. -->","yoast_head_json":{"title":"Promix-SM306 H\u00f5be - Fonolukk","description":"Promix-SM306 H\u00f5be - An electromagnetic lock is a body with an electromagnet and a counter metal plate","robots":{"index":"index","follow":"follow","max-snippet":"max-snippet:-1","max-image-preview":"max-image-preview:large","max-video-preview":"max-video-preview:-1"},"canonical":"https:\/\/fonolukk.eu\/et\/tooted\/promix-sm306-hobe\/","og_locale":"et_EE","og_type":"article","og_title":"Promix-SM306 H\u00f5be Promix-SM305","og_description":"Kavandatud kasutamiseks ajamiseadmena sissep\u00e4\u00e4sukontrollis\u00fcsteemi (ACS) osana kontorite ja haldusruumide uste lukustamiseks, mille ukseraami laius on \u00fcle 25 mm.","og_url":"https:\/\/fonolukk.eu\/et\/tooted\/promix-sm306-hobe\/","og_site_name":"Fonolukk","article_publisher":"https:\/\/www.facebook.com\/fonolukk","article_modified_time":"2023-08-04T11:30:48+00:00","og_image":[{"width":941,"height":900,"url":"https:\/\/fonolukk.eu\/wp-content\/uploads\/2023\/08\/promix-sm306.00-silver.jpg","type":"image\/jpeg"}],"twitter_card":"summary_large_image","twitter_title":"Promix-SM306 H\u00f5be","twitter_misc":{"Hind":"&euro;40.83 koos KM","Availability":"Laos"},"schema":{"@context":"https:\/\/schema.org","@graph":[{"@type":"WebPage","@id":"https:\/\/fonolukk.eu\/et\/tooted\/promix-sm306-hobe\/","url":"https:\/\/fonolukk.eu\/et\/tooted\/promix-sm306-hobe\/","name":"Promix-SM306 H\u00f5be - Fonolukk","isPartOf":{"@id":"https:\/\/fonolukk.eu\/et\/#website"},"primaryImageOfPage":{"@id":"https:\/\/fonolukk.eu\/et\/tooted\/promix-sm306-hobe\/#primaryimage"},"image":{"@id":"https:\/\/fonolukk.eu\/et\/tooted\/promix-sm306-hobe\/#primaryimage"},"thumbnailUrl":"https:\/\/fonolukk.eu\/wp-content\/uploads\/2023\/08\/promix-sm306.00-silver.jpg","datePublished":"2023-08-04T10:19:59+00:00","dateModified":"2023-08-04T11:30:48+00:00","description":"Promix-SM306 H\u00f5be - An electromagnetic lock is a body with an electromagnet and a counter metal plate","breadcrumb":{"@id":"https:\/\/fonolukk.eu\/et\/tooted\/promix-sm306-hobe\/#breadcrumb"},"inLanguage":"et","potentialAction":[{"@type":"ReadAction","target":["https:\/\/fonolukk.eu\/et\/tooted\/promix-sm306-hobe\/"]}]},{"@type":"ImageObject","inLanguage":"et","@id":"https:\/\/fonolukk.eu\/et\/tooted\/promix-sm306-hobe\/#primaryimage","url":"https:\/\/fonolukk.eu\/wp-content\/uploads\/2023\/08\/promix-sm306.00-silver.jpg","contentUrl":"https:\/\/fonolukk.eu\/wp-content\/uploads\/2023\/08\/promix-sm306.00-silver.jpg","width":941,"height":900,"caption":"promix sm306"},{"@type":"BreadcrumbList","@id":"https:\/\/fonolukk.eu\/et\/tooted\/promix-sm306-hobe\/#breadcrumb","itemListElement":[{"@type":"ListItem","position":1,"name":"Esileht","item":"https:\/\/fonolukk.eu\/et\/koduleht\/"},{"@type":"ListItem","position":2,"name":"Tooted","item":"https:\/\/fonolukk.eu\/et\/shop-2\/"},{"@type":"ListItem","position":3,"name":"Outlet","item":"https:\/\/fonolukk.eu\/et\/product-category\/outlet-et\/"},{"@type":"ListItem","position":4,"name":"Promix-SM306 H\u00f5be"}]},{"@type":"WebSite","@id":"https:\/\/fonolukk.eu\/et\/#website","url":"https:\/\/fonolukk.eu\/et\/","name":"Fonolukk eu","description":"Smart Security Systems","publisher":{"@id":"https:\/\/fonolukk.eu\/et\/#organization"},"potentialAction":[{"@type":"SearchAction","target":{"@type":"EntryPoint","urlTemplate":"https:\/\/fonolukk.eu\/et\/?s={search_term_string}"},"query-input":{"@type":"PropertyValueSpecification","valueRequired":true,"valueName":"search_term_string"}}],"inLanguage":"et"},{"@type":"Organization","@id":"https:\/\/fonolukk.eu\/et\/#organization","name":"Smart Security OU","url":"https:\/\/fonolukk.eu\/et\/","logo":{"@type":"ImageObject","inLanguage":"et","@id":"https:\/\/fonolukk.eu\/et\/#\/schema\/logo\/image\/","url":"https:\/\/fonolukk.eu\/wp-content\/uploads\/2023\/09\/fonolukk.png","contentUrl":"https:\/\/fonolukk.eu\/wp-content\/uploads\/2023\/09\/fonolukk.png","width":277,"height":274,"caption":"Smart Security OU"},"image":{"@id":"https:\/\/fonolukk.eu\/et\/#\/schema\/logo\/image\/"},"sameAs":["https:\/\/www.facebook.com\/fonolukk","https:\/\/www.instagram.com\/fonolukk\/?hl=ru"],"publishingPrinciples":"https:\/\/fonolukk.eu\/terms-and-conditions\/","ownershipFundingInfo":"https:\/\/fonolukk.eu\/about-us\/"}]},"product_brand":"Promix","product_price_amount":"40.83","product_price_currency":"EUR","og_availability":"instock","product_availability":"instock","product_retailer_item_id":"SM306-silver","product_condition":"new"},"_links":{"self":[{"href":"https:\/\/fonolukk.eu\/et\/wp-json\/wp\/v2\/product\/15971","targetHints":{"allow":["GET"]}}],"collection":[{"href":"https:\/\/fonolukk.eu\/et\/wp-json\/wp\/v2\/product"}],"about":[{"href":"https:\/\/fonolukk.eu\/et\/wp-json\/wp\/v2\/types\/product"}],"version-history":[{"count":0,"href":"https:\/\/fonolukk.eu\/et\/wp-json\/wp\/v2\/product\/15971\/revisions"}],"wp:featuredmedia":[{"embeddable":true,"href":"https:\/\/fonolukk.eu\/et\/wp-json\/wp\/v2\/media\/15974"}],"wp:attachment":[{"href":"https:\/\/fonolukk.eu\/et\/wp-json\/wp\/v2\/media?parent=15971"}],"wp:term":[{"taxonomy":"product_brand","embeddable":true,"href":"https:\/\/fonolukk.eu\/et\/wp-json\/wp\/v2\/product_brand?post=15971"},{"taxonomy":"product_cat","embeddable":true,"href":"https:\/\/fonolukk.eu\/et\/wp-json\/wp\/v2\/product_cat?post=15971"},{"taxonomy":"product_tag","embeddable":true,"href":"https:\/\/fonolukk.eu\/et\/wp-json\/wp\/v2\/product_tag?post=15971"}],"curies":[{"name":"wp","href":"https:\/\/api.w.org\/{rel}","templated":true}]}}