{"id":15977,"date":"2023-08-04T14:35:55","date_gmt":"2023-08-04T11:35:56","guid":{"rendered":"https:\/\/fonolukk.eu\/?post_type=product&#038;p=15977"},"modified":"2023-08-04T15:24:45","modified_gmt":"2023-08-04T12:24:45","slug":"hartte-cbl-m","status":"publish","type":"product","link":"https:\/\/fonolukk.eu\/et\/tooted\/hartte-cbl-m\/","title":{"rendered":"Hartte CBL.M"},"content":{"rendered":"<table class=\"table table-striped\" cellspacing=\"0\" cellpadding=\"0\">\n<tbody>\n<tr>\n<th colspan=\"3\" scope=\"row\"><span>T\u00f6\u00f6 t\u00fc\u00fcp<\/span><\/th>\n<td colspan=\"2\"><span>NC v\u00f5i NO<\/span><\/td>\n<td><span>NC v\u00f5i NO<\/span><\/td>\n<\/tr>\n<tr>\n<th colspan=\"3\" scope=\"row\"><span>Pinge (V)<\/span><\/th>\n<td colspan=\"2\"><span>12\/24V DC<\/span><\/td>\n<td><span>12\/24V DC<\/span><\/td>\n<\/tr>\n<tr>\n<th colspan=\"3\" scope=\"row\"><span>Voolutarve AC (mA)<\/span><\/th>\n<td colspan=\"2\">187<\/td>\n<td>200\/100<\/td>\n<\/tr>\n<tr>\n<th colspan=\"3\" scope=\"row\"><span>M\u00f5\u00f5dud: s\u00fcgavus x laius x k\u00f5rgus (mm)<\/span><\/th>\n<td colspan=\"2\"><span><span class=\"\">29x30x73<\/span><\/span><\/td>\n<td><span>32x30x94<\/span><\/td>\n<\/tr>\n<tr>\n<th colspan=\"3\" scope=\"row\"><span>M\u00f5\u00f5dud &#8211; polt (mm)<\/span><\/th>\n<td colspan=\"2\"><span>40x19x35<\/span><\/td>\n<td><span>40x19x35<\/span><\/td>\n<\/tr>\n<tr>\n<th colspan=\"3\" scope=\"row\"><span>Luku j\u00e4lgimine<\/span><\/th>\n<td colspan=\"2\"><span>EI<\/span><\/td>\n<td><span>nii<\/span><\/td>\n<\/tr>\n<tr>\n<th colspan=\"3\" scope=\"row\"><span>Kaal (kg)<\/span><\/th>\n<td colspan=\"2\">0.16<\/td>\n<td><span>0.16<\/span><\/td>\n<\/tr>\n<\/tbody>\n<\/table>\n","protected":false},"excerpt":{"rendered":"<p><span>K\u00f5ige mitmek\u00fclgsem kappide elektriluku mudel, mis olenevalt seadistustest v\u00f5ib t\u00f6\u00f6tada NC- v\u00f5i NO-re\u017eiimis ja toiteallikana 12V v\u00f5i 24V.\u00a0<\/span><span>Elektrilukud CBL on m\u00f5eldud koost\u00f6\u00f6ks nii tiib- kui l\u00fckandustega.\u00a0<\/span><span>Soovitatav HPL-st, puidust ja metallist valmistatud m\u00f6\u00f6bel, sahtlid ja kapid.\u00a0<\/span><span>Kasutatakse sahtlite, serverikappide, basseinikappide ja t\u00f6\u00f6tajate riietusruumide puhul.\u00a0<\/span><span>Saadaval lisavarustusena koos ukse oleku j\u00e4lgimisega.<\/span><\/p>\n","protected":false},"featured_media":15980,"template":"","meta":[],"product_brand":[],"product_cat":[1306],"product_tag":[1490],"class_list":{"0":"post-15977","1":"product","2":"type-product","3":"status-publish","4":"has-post-thumbnail","6":"product_cat-outlet-et","7":"product_tag-hartte-et","9":"first","10":"instock","11":"sale","12":"taxable","13":"shipping-taxable","14":"purchasable","15":"product-type-simple"},"yoast_head":"<!-- This site is optimized with the Yoast SEO Premium plugin v27.3 (Yoast SEO v27.3) - https:\/\/yoast.com\/product\/yoast-seo-premium-wordpress\/ -->\n<title>Hartte CBL.M - Fonolukk<\/title>\n<meta name=\"description\" content=\"Hartte CBL.M - K\u00f5ige mitmek\u00fclgsem kappide elektriluku mudel, mis olenevalt seadistustest v\u00f5ib t\u00f6\u00f6tada NC- v\u00f5i NO-re\u017eiimis ja toiteallikana 12V v\u00f5i 24V.\" \/>\n<meta name=\"robots\" content=\"index, follow, max-snippet:-1, max-image-preview:large, max-video-preview:-1\" \/>\n<link rel=\"canonical\" href=\"https:\/\/fonolukk.eu\/et\/tooted\/hartte-cbl-m\/\" \/>\n<meta property=\"og:locale\" content=\"et_EE\" \/>\n<meta property=\"og:type\" content=\"article\" \/>\n<meta property=\"og:title\" content=\"Hartte CBL.M Promix-SM305\" \/>\n<meta property=\"og:description\" content=\"K\u00f5ige mitmek\u00fclgsem kappide elektriluku mudel, mis olenevalt seadistustest v\u00f5ib t\u00f6\u00f6tada NC- v\u00f5i NO-re\u017eiimis ja toiteallikana 12V v\u00f5i 24V.\u00a0Elektrilukud CBL on m\u00f5eldud koost\u00f6\u00f6ks nii tiib- kui l\u00fckandustega.\u00a0Soovitatav HPL-st, puidust ja metallist valmistatud m\u00f6\u00f6bel, sahtlid ja kapid.\u00a0Kasutatakse sahtlite, serverikappide, basseinikappide ja t\u00f6\u00f6tajate riietusruumide puhul.\u00a0Saadaval lisavarustusena koos ukse oleku j\u00e4lgimisega.\" \/>\n<meta property=\"og:url\" content=\"https:\/\/fonolukk.eu\/et\/tooted\/hartte-cbl-m\/\" \/>\n<meta property=\"og:site_name\" content=\"Fonolukk\" \/>\n<meta property=\"article:publisher\" content=\"https:\/\/www.facebook.com\/fonolukk\" \/>\n<meta property=\"article:modified_time\" content=\"2023-08-04T12:24:45+00:00\" \/>\n<meta property=\"og:image\" content=\"https:\/\/fonolukk.eu\/wp-content\/uploads\/2023\/08\/hartte-cbl-m.jpg\" \/>\n\t<meta property=\"og:image:width\" content=\"1600\" \/>\n\t<meta property=\"og:image:height\" content=\"1230\" \/>\n\t<meta property=\"og:image:type\" content=\"image\/jpeg\" \/>\n<meta name=\"twitter:card\" content=\"summary_large_image\" \/>\n<meta name=\"twitter:title\" content=\"Hartte CBL.M\" \/>\n<meta name=\"twitter:label1\" content=\"Hind\" \/>\n\t<meta name=\"twitter:data1\" content=\"&euro;70.83 koos KM\" \/>\n\t<meta name=\"twitter:label2\" content=\"Availability\" \/>\n\t<meta name=\"twitter:data2\" content=\"Laos\" \/>\n<script type=\"application\/ld+json\" class=\"yoast-schema-graph\">{\"@context\":\"https:\\\/\\\/schema.org\",\"@graph\":[{\"@type\":\"WebPage\",\"@id\":\"https:\\\/\\\/fonolukk.eu\\\/et\\\/tooted\\\/hartte-cbl-m\\\/\",\"url\":\"https:\\\/\\\/fonolukk.eu\\\/et\\\/tooted\\\/hartte-cbl-m\\\/\",\"name\":\"Hartte CBL.M - Fonolukk\",\"isPartOf\":{\"@id\":\"https:\\\/\\\/fonolukk.eu\\\/et\\\/#website\"},\"primaryImageOfPage\":{\"@id\":\"https:\\\/\\\/fonolukk.eu\\\/et\\\/tooted\\\/hartte-cbl-m\\\/#primaryimage\"},\"image\":{\"@id\":\"https:\\\/\\\/fonolukk.eu\\\/et\\\/tooted\\\/hartte-cbl-m\\\/#primaryimage\"},\"thumbnailUrl\":\"https:\\\/\\\/fonolukk.eu\\\/wp-content\\\/uploads\\\/2023\\\/08\\\/hartte-cbl-m.jpg\",\"datePublished\":\"2023-08-04T11:35:56+00:00\",\"dateModified\":\"2023-08-04T12:24:45+00:00\",\"description\":\"Hartte CBL.M - K\u00f5ige mitmek\u00fclgsem kappide elektriluku mudel, mis olenevalt seadistustest v\u00f5ib t\u00f6\u00f6tada NC- v\u00f5i NO-re\u017eiimis ja toiteallikana 12V v\u00f5i 24V.\",\"breadcrumb\":{\"@id\":\"https:\\\/\\\/fonolukk.eu\\\/et\\\/tooted\\\/hartte-cbl-m\\\/#breadcrumb\"},\"inLanguage\":\"et\",\"potentialAction\":[{\"@type\":\"ReadAction\",\"target\":[\"https:\\\/\\\/fonolukk.eu\\\/et\\\/tooted\\\/hartte-cbl-m\\\/\"]}]},{\"@type\":\"ImageObject\",\"inLanguage\":\"et\",\"@id\":\"https:\\\/\\\/fonolukk.eu\\\/et\\\/tooted\\\/hartte-cbl-m\\\/#primaryimage\",\"url\":\"https:\\\/\\\/fonolukk.eu\\\/wp-content\\\/uploads\\\/2023\\\/08\\\/hartte-cbl-m.jpg\",\"contentUrl\":\"https:\\\/\\\/fonolukk.eu\\\/wp-content\\\/uploads\\\/2023\\\/08\\\/hartte-cbl-m.jpg\",\"width\":1600,\"height\":1230},{\"@type\":\"BreadcrumbList\",\"@id\":\"https:\\\/\\\/fonolukk.eu\\\/et\\\/tooted\\\/hartte-cbl-m\\\/#breadcrumb\",\"itemListElement\":[{\"@type\":\"ListItem\",\"position\":1,\"name\":\"Esileht\",\"item\":\"https:\\\/\\\/fonolukk.eu\\\/et\\\/koduleht\\\/\"},{\"@type\":\"ListItem\",\"position\":2,\"name\":\"Tooted\",\"item\":\"https:\\\/\\\/fonolukk.eu\\\/et\\\/shop-2\\\/\"},{\"@type\":\"ListItem\",\"position\":3,\"name\":\"Outlet\",\"item\":\"https:\\\/\\\/fonolukk.eu\\\/et\\\/product-category\\\/outlet-et\\\/\"},{\"@type\":\"ListItem\",\"position\":4,\"name\":\"Hartte CBL.M\"}]},{\"@type\":\"WebSite\",\"@id\":\"https:\\\/\\\/fonolukk.eu\\\/et\\\/#website\",\"url\":\"https:\\\/\\\/fonolukk.eu\\\/et\\\/\",\"name\":\"Fonolukk eu\",\"description\":\"Smart Security Systems\",\"publisher\":{\"@id\":\"https:\\\/\\\/fonolukk.eu\\\/et\\\/#organization\"},\"potentialAction\":[{\"@type\":\"SearchAction\",\"target\":{\"@type\":\"EntryPoint\",\"urlTemplate\":\"https:\\\/\\\/fonolukk.eu\\\/et\\\/?s={search_term_string}\"},\"query-input\":{\"@type\":\"PropertyValueSpecification\",\"valueRequired\":true,\"valueName\":\"search_term_string\"}}],\"inLanguage\":\"et\"},{\"@type\":\"Organization\",\"@id\":\"https:\\\/\\\/fonolukk.eu\\\/et\\\/#organization\",\"name\":\"Smart Security OU\",\"url\":\"https:\\\/\\\/fonolukk.eu\\\/et\\\/\",\"logo\":{\"@type\":\"ImageObject\",\"inLanguage\":\"et\",\"@id\":\"https:\\\/\\\/fonolukk.eu\\\/et\\\/#\\\/schema\\\/logo\\\/image\\\/\",\"url\":\"https:\\\/\\\/fonolukk.eu\\\/wp-content\\\/uploads\\\/2023\\\/09\\\/fonolukk.png\",\"contentUrl\":\"https:\\\/\\\/fonolukk.eu\\\/wp-content\\\/uploads\\\/2023\\\/09\\\/fonolukk.png\",\"width\":277,\"height\":274,\"caption\":\"Smart Security OU\"},\"image\":{\"@id\":\"https:\\\/\\\/fonolukk.eu\\\/et\\\/#\\\/schema\\\/logo\\\/image\\\/\"},\"sameAs\":[\"https:\\\/\\\/www.facebook.com\\\/fonolukk\",\"https:\\\/\\\/www.instagram.com\\\/fonolukk\\\/?hl=ru\"],\"publishingPrinciples\":\"https:\\\/\\\/fonolukk.eu\\\/terms-and-conditions\\\/\",\"ownershipFundingInfo\":\"https:\\\/\\\/fonolukk.eu\\\/about-us\\\/\"}]}<\/script>\n<meta property=\"product:price:amount\" content=\"70.83\" \/>\n<meta property=\"product:price:currency\" content=\"EUR\" \/>\n<meta property=\"og:availability\" content=\"instock\" \/>\n<meta property=\"product:availability\" content=\"instock\" \/>\n<meta property=\"product:retailer_item_id\" content=\"SM306-silver-1\" \/>\n<meta property=\"product:condition\" content=\"new\" \/>\n<!-- \/ Yoast SEO Premium plugin. -->","yoast_head_json":{"title":"Hartte CBL.M - Fonolukk","description":"Hartte CBL.M - K\u00f5ige mitmek\u00fclgsem kappide elektriluku mudel, mis olenevalt seadistustest v\u00f5ib t\u00f6\u00f6tada NC- v\u00f5i NO-re\u017eiimis ja toiteallikana 12V v\u00f5i 24V.","robots":{"index":"index","follow":"follow","max-snippet":"max-snippet:-1","max-image-preview":"max-image-preview:large","max-video-preview":"max-video-preview:-1"},"canonical":"https:\/\/fonolukk.eu\/et\/tooted\/hartte-cbl-m\/","og_locale":"et_EE","og_type":"article","og_title":"Hartte CBL.M Promix-SM305","og_description":"K\u00f5ige mitmek\u00fclgsem kappide elektriluku mudel, mis olenevalt seadistustest v\u00f5ib t\u00f6\u00f6tada NC- v\u00f5i NO-re\u017eiimis ja toiteallikana 12V v\u00f5i 24V.\u00a0Elektrilukud CBL on m\u00f5eldud koost\u00f6\u00f6ks nii tiib- kui l\u00fckandustega.\u00a0Soovitatav HPL-st, puidust ja metallist valmistatud m\u00f6\u00f6bel, sahtlid ja kapid.\u00a0Kasutatakse sahtlite, serverikappide, basseinikappide ja t\u00f6\u00f6tajate riietusruumide puhul.\u00a0Saadaval lisavarustusena koos ukse oleku j\u00e4lgimisega.","og_url":"https:\/\/fonolukk.eu\/et\/tooted\/hartte-cbl-m\/","og_site_name":"Fonolukk","article_publisher":"https:\/\/www.facebook.com\/fonolukk","article_modified_time":"2023-08-04T12:24:45+00:00","og_image":[{"width":1600,"height":1230,"url":"https:\/\/fonolukk.eu\/wp-content\/uploads\/2023\/08\/hartte-cbl-m.jpg","type":"image\/jpeg"}],"twitter_card":"summary_large_image","twitter_title":"Hartte CBL.M","twitter_misc":{"Hind":"&euro;70.83 koos KM","Availability":"Laos"},"schema":{"@context":"https:\/\/schema.org","@graph":[{"@type":"WebPage","@id":"https:\/\/fonolukk.eu\/et\/tooted\/hartte-cbl-m\/","url":"https:\/\/fonolukk.eu\/et\/tooted\/hartte-cbl-m\/","name":"Hartte CBL.M - Fonolukk","isPartOf":{"@id":"https:\/\/fonolukk.eu\/et\/#website"},"primaryImageOfPage":{"@id":"https:\/\/fonolukk.eu\/et\/tooted\/hartte-cbl-m\/#primaryimage"},"image":{"@id":"https:\/\/fonolukk.eu\/et\/tooted\/hartte-cbl-m\/#primaryimage"},"thumbnailUrl":"https:\/\/fonolukk.eu\/wp-content\/uploads\/2023\/08\/hartte-cbl-m.jpg","datePublished":"2023-08-04T11:35:56+00:00","dateModified":"2023-08-04T12:24:45+00:00","description":"Hartte CBL.M - K\u00f5ige mitmek\u00fclgsem kappide elektriluku mudel, mis olenevalt seadistustest v\u00f5ib t\u00f6\u00f6tada NC- v\u00f5i NO-re\u017eiimis ja toiteallikana 12V v\u00f5i 24V.","breadcrumb":{"@id":"https:\/\/fonolukk.eu\/et\/tooted\/hartte-cbl-m\/#breadcrumb"},"inLanguage":"et","potentialAction":[{"@type":"ReadAction","target":["https:\/\/fonolukk.eu\/et\/tooted\/hartte-cbl-m\/"]}]},{"@type":"ImageObject","inLanguage":"et","@id":"https:\/\/fonolukk.eu\/et\/tooted\/hartte-cbl-m\/#primaryimage","url":"https:\/\/fonolukk.eu\/wp-content\/uploads\/2023\/08\/hartte-cbl-m.jpg","contentUrl":"https:\/\/fonolukk.eu\/wp-content\/uploads\/2023\/08\/hartte-cbl-m.jpg","width":1600,"height":1230},{"@type":"BreadcrumbList","@id":"https:\/\/fonolukk.eu\/et\/tooted\/hartte-cbl-m\/#breadcrumb","itemListElement":[{"@type":"ListItem","position":1,"name":"Esileht","item":"https:\/\/fonolukk.eu\/et\/koduleht\/"},{"@type":"ListItem","position":2,"name":"Tooted","item":"https:\/\/fonolukk.eu\/et\/shop-2\/"},{"@type":"ListItem","position":3,"name":"Outlet","item":"https:\/\/fonolukk.eu\/et\/product-category\/outlet-et\/"},{"@type":"ListItem","position":4,"name":"Hartte CBL.M"}]},{"@type":"WebSite","@id":"https:\/\/fonolukk.eu\/et\/#website","url":"https:\/\/fonolukk.eu\/et\/","name":"Fonolukk eu","description":"Smart Security Systems","publisher":{"@id":"https:\/\/fonolukk.eu\/et\/#organization"},"potentialAction":[{"@type":"SearchAction","target":{"@type":"EntryPoint","urlTemplate":"https:\/\/fonolukk.eu\/et\/?s={search_term_string}"},"query-input":{"@type":"PropertyValueSpecification","valueRequired":true,"valueName":"search_term_string"}}],"inLanguage":"et"},{"@type":"Organization","@id":"https:\/\/fonolukk.eu\/et\/#organization","name":"Smart Security OU","url":"https:\/\/fonolukk.eu\/et\/","logo":{"@type":"ImageObject","inLanguage":"et","@id":"https:\/\/fonolukk.eu\/et\/#\/schema\/logo\/image\/","url":"https:\/\/fonolukk.eu\/wp-content\/uploads\/2023\/09\/fonolukk.png","contentUrl":"https:\/\/fonolukk.eu\/wp-content\/uploads\/2023\/09\/fonolukk.png","width":277,"height":274,"caption":"Smart Security OU"},"image":{"@id":"https:\/\/fonolukk.eu\/et\/#\/schema\/logo\/image\/"},"sameAs":["https:\/\/www.facebook.com\/fonolukk","https:\/\/www.instagram.com\/fonolukk\/?hl=ru"],"publishingPrinciples":"https:\/\/fonolukk.eu\/terms-and-conditions\/","ownershipFundingInfo":"https:\/\/fonolukk.eu\/about-us\/"}]},"product_price_amount":"70.83","product_price_currency":"EUR","og_availability":"instock","product_availability":"instock","product_retailer_item_id":"SM306-silver-1","product_condition":"new"},"_links":{"self":[{"href":"https:\/\/fonolukk.eu\/et\/wp-json\/wp\/v2\/product\/15977","targetHints":{"allow":["GET"]}}],"collection":[{"href":"https:\/\/fonolukk.eu\/et\/wp-json\/wp\/v2\/product"}],"about":[{"href":"https:\/\/fonolukk.eu\/et\/wp-json\/wp\/v2\/types\/product"}],"version-history":[{"count":0,"href":"https:\/\/fonolukk.eu\/et\/wp-json\/wp\/v2\/product\/15977\/revisions"}],"wp:featuredmedia":[{"embeddable":true,"href":"https:\/\/fonolukk.eu\/et\/wp-json\/wp\/v2\/media\/15980"}],"wp:attachment":[{"href":"https:\/\/fonolukk.eu\/et\/wp-json\/wp\/v2\/media?parent=15977"}],"wp:term":[{"taxonomy":"product_brand","embeddable":true,"href":"https:\/\/fonolukk.eu\/et\/wp-json\/wp\/v2\/product_brand?post=15977"},{"taxonomy":"product_cat","embeddable":true,"href":"https:\/\/fonolukk.eu\/et\/wp-json\/wp\/v2\/product_cat?post=15977"},{"taxonomy":"product_tag","embeddable":true,"href":"https:\/\/fonolukk.eu\/et\/wp-json\/wp\/v2\/product_tag?post=15977"}],"curies":[{"name":"wp","href":"https:\/\/api.w.org\/{rel}","templated":true}]}}