{"id":15983,"date":"2023-08-04T15:36:26","date_gmt":"2023-08-04T12:36:26","guid":{"rendered":"https:\/\/fonolukk.eu\/?post_type=product&#038;p=15983"},"modified":"2023-08-04T16:11:36","modified_gmt":"2023-08-04T13:11:36","slug":"wifi-garage-door-control-kit","status":"publish","type":"product","link":"https:\/\/fonolukk.eu\/et\/tooted\/wifi-garage-door-control-kit\/","title":{"rendered":"WiFi Garage Door Control Kit"},"content":{"rendered":"<div class=\"col-md-4 col-sm-5 col-xs-12 pull-left clear\">\n<p class=\"bold\"><strong><span>Sisendpinge<\/span><\/strong><span>\u00a0: AC100-250V<\/span><\/p>\n<\/div>\n<div class=\"col-md-4 col-sm-5 col-xs-12 pull-left clear\">\n<p class=\"bold\"><strong><span>Maksimaalne vool<\/span><\/strong><span>\u00a0: 10A<\/span><\/p>\n<\/div>\n<div class=\"col-md-4 col-sm-5 col-xs-12 pull-left clear\">\n<p class=\"bold\"><strong><span>Maksimaalne v\u00f5imsus<\/span><\/strong><span>\u00a0: 2200W<\/span><\/p>\n<\/div>\n<div class=\"col-md-4 col-sm-5 col-xs-12 pull-left clear\">\n<p class=\"bold\"><strong><span>Kaugjuhtimispult<\/span><\/strong><span>\u00a0: Jah, kasutades rakendust Tellur Smart<\/span><\/p>\n<\/div>\n<div class=\"col-md-4 col-sm-5 col-xs-12 pull-left clear\">\n<p class=\"bold\"><strong><span>Funktsioonid<\/span><\/strong><span>\u00a0: garaa\u017eiv\u00e4rava avamine\/sulgemine, taimer, ajakava<\/span><\/p>\n<\/div>\n<div class=\"col-md-4 col-sm-5 col-xs-12 pull-left clear\">\n<p class=\"bold\"><strong><span>Juhtmeta sagedus<\/span><\/strong><span>\u00a0: 2,4 GHz<\/span><\/p>\n<\/div>\n<div class=\"col-md-4 col-sm-5 col-xs-12 pull-left clear\">\n<p class=\"bold\"><strong><span>WiFi standard<\/span><\/strong><span>\u00a0: IEEE 802.11b\/g\/n<\/span><\/p>\n<\/div>\n<div class=\"col-md-4 col-sm-5 col-xs-12 pull-left clear\">\n<p class=\"bold\"><strong><span>Turvalisus<\/span><\/strong><span>\u00a0: WPA-PSK\/ WPA2-PSK \/WPA\/WPA2\/WEP\/WPS2\/WAPI<\/span><\/p>\n<\/div>\n<div class=\"col-md-4 col-sm-5 col-xs-12 pull-left clear\">\n<p class=\"bold\"><strong><span>Kr\u00fcptimise t\u00fc\u00fcp<\/span><\/strong><span>\u00a0: WEP\/TKIP\/AES<\/span><\/p>\n<\/div>\n<div class=\"col-md-4 col-sm-5 col-xs-12 pull-left clear\">\n<p class=\"bold\"><strong><span>\u00dchilduvus<\/span><\/strong><span>\u00a0: seadmed operatsioonis\u00fcsteemiga Android 4.1 \/ iOS 8 v\u00f5i uuema versiooniga<\/span><\/p>\n<\/div>\n<div class=\"col-md-4 col-sm-5 col-xs-12 pull-left clear\">\n<p class=\"bold\"><strong><span>V\u00e4rvus<\/span><\/strong><span>\u00a0: Valge<\/span><\/p>\n<\/div>\n<div class=\"col-md-4 col-sm-5 col-xs-12 pull-left clear\">\n<p class=\"bold\"><strong><span>M\u00f5\u00f5dud<\/span><\/strong><span>\u00a0: 88 x 40 x 23 mm<\/span><\/p>\n<\/div>\n<div class=\"col-md-4 col-sm-5 col-xs-12 pull-left clear\">\n<p class=\"bold\"><strong><span>Kaal<\/span><\/strong><span>\u00a0: 250gr: Pakend sisaldab<\/span><\/p>\n<\/div>\n<p><span><div class='w3eden'><!-- WPDM Link Template: Default Template -->\n\n<div class=\"link-template-default card mb-2\">\n    <div class=\"card-body\">\n        <div class=\"media\">\n            <div class=\"mr-3 img-48\"><img decoding=\"async\" class=\"wpdm_icon\" alt=\"Icon\"   src=\"https:\/\/fonolukk.eu\/wp-content\/plugins\/download-manager\/assets\/file-type-icons\/pdf.svg\" \/><\/div>\n            <div class=\"media-body\">\n                <h3 class=\"package-title\"><a href='https:\/\/fonolukk.eu\/download\/smart-garage-controller\/'>smart-garage-controller<\/a><\/h3>\n                <div class=\"text-muted text-small\"><i class=\"fas fa-copy\"><\/i> 1 file(s) <i class=\"fas fa-hdd ml-3\"><\/i> 21.93 MB<\/div>\n            <\/div>\n            <div class=\"ml-3\">\n                <a class='wpdm-download-link download-on-click btn btn-primary ' rel='nofollow' href='#' data-downloadurl=\"https:\/\/fonolukk.eu\/download\/smart-garage-controller\/?wpdmdl=15992&refresh=69d6fdb68e39b1775697334\">Lae<\/a>\n            <\/div>\n        <\/div>\n    <\/div>\n<\/div>\n\n<\/div><\/span><\/p>\n","protected":false},"excerpt":{"rendered":"<p><span>See v\u00f5imaldab teil avada ja sulgeda, seada taimer v\u00f5i ajastada oma garaa\u017eiust, kasutades ainult nutitelefoni.<\/span><br \/>\n<span>Lisaks saate seda kaugjuhtida ja lisada selle nutikatesse stsenaariumidesse Tellur Smart rakenduse kaudu.<\/span><br \/>\n<span>Hoidke oma maja turvaliselt \u2013 WiFi Garage Door Control Kit saadab teie telefoni t\u00f5uketeateid v\u00f5i tuletab teile meelde ukse sulgemist.<\/span><br \/>\n<span><span class=\"VIpgJd-yAWNEb-VIpgJd-fmcmS-sn54Q\">J\u00e4lgige ukse olekut ja j\u00e4lgige rakenduse Tellur Smart avamise\/sulgemise toiminguid.<\/span><\/span><br \/>\n<span>Samuti saate t\u00e4nu mitme kasutaja juurdep\u00e4\u00e4sufunktsioonile anda juurdep\u00e4\u00e4su pereliikmetele v\u00f5i s\u00f5pradele.<\/span><\/p>\n<p><span>\u00dchendage WiFi garaa\u017eiukse juhtimiskomplekt Amazoni Alexa v\u00f5i Google Assistantiga ja juhtige oma garaa\u017eiust h\u00e4\u00e4lekalt.<\/span><\/p>\n","protected":false},"featured_media":15990,"template":"","meta":[],"product_brand":[],"product_cat":[1306],"product_tag":[1503],"class_list":{"0":"post-15983","1":"product","2":"type-product","3":"status-publish","4":"has-post-thumbnail","6":"product_cat-outlet-et","7":"product_tag-garage-door-control-et","9":"first","10":"instock","11":"sale","12":"taxable","13":"shipping-taxable","14":"purchasable","15":"product-type-simple"},"yoast_head":"<!-- This site is optimized with the Yoast SEO Premium plugin v27.3 (Yoast SEO v27.3) - https:\/\/yoast.com\/product\/yoast-seo-premium-wordpress\/ -->\n<title>WiFi Garage Door Control Kit - Fonolukk<\/title>\n<meta name=\"description\" content=\"WiFi Garage Door Control Kit - K\u00f5ige mitmek\u00fclgsem kappide elektriluku mudel, mis olenevalt seadistustest v\u00f5ib t\u00f6\u00f6tada NC- v\u00f5i NO-re\u017eiimis ja toiteallikana 12V v\u00f5i 24V.\" \/>\n<meta name=\"robots\" content=\"index, follow, max-snippet:-1, max-image-preview:large, max-video-preview:-1\" \/>\n<link rel=\"canonical\" href=\"https:\/\/fonolukk.eu\/et\/tooted\/wifi-garage-door-control-kit\/\" \/>\n<meta property=\"og:locale\" content=\"et_EE\" \/>\n<meta property=\"og:type\" content=\"article\" \/>\n<meta property=\"og:title\" content=\"WiFi Garage Door Control Kit Promix-SM305\" \/>\n<meta property=\"og:description\" content=\"See v\u00f5imaldab teil avada ja sulgeda, seada taimer v\u00f5i ajastada oma garaa\u017eiust, kasutades ainult nutitelefoni. Lisaks saate seda kaugjuhtida ja lisada selle nutikatesse stsenaariumidesse Tellur Smart rakenduse kaudu. Hoidke oma maja turvaliselt \u2013 WiFi Garage Door Control Kit saadab teie telefoni t\u00f5uketeateid v\u00f5i tuletab teile meelde ukse sulgemist. J\u00e4lgige ukse olekut ja j\u00e4lgige rakenduse Tellur Smart avamise\/sulgemise toiminguid. Samuti saate t\u00e4nu mitme kasutaja juurdep\u00e4\u00e4sufunktsioonile anda juurdep\u00e4\u00e4su pereliikmetele v\u00f5i s\u00f5pradele.  \u00dchendage WiFi garaa\u017eiukse juhtimiskomplekt Amazoni Alexa v\u00f5i Google Assistantiga ja juhtige oma garaa\u017eiust h\u00e4\u00e4lekalt.\" \/>\n<meta property=\"og:url\" content=\"https:\/\/fonolukk.eu\/et\/tooted\/wifi-garage-door-control-kit\/\" \/>\n<meta property=\"og:site_name\" content=\"Fonolukk\" \/>\n<meta property=\"article:publisher\" content=\"https:\/\/www.facebook.com\/fonolukk\" \/>\n<meta property=\"article:modified_time\" content=\"2023-08-04T13:11:36+00:00\" \/>\n<meta property=\"og:image\" content=\"https:\/\/fonolukk.eu\/wp-content\/uploads\/2023\/08\/garaj-tellur2-fonolukk.png\" \/>\n\t<meta property=\"og:image:width\" content=\"1500\" \/>\n\t<meta property=\"og:image:height\" content=\"1500\" \/>\n\t<meta property=\"og:image:type\" content=\"image\/png\" \/>\n<meta name=\"twitter:card\" content=\"summary_large_image\" \/>\n<meta name=\"twitter:title\" content=\"WiFi Garage Door Control Kit\" \/>\n<meta name=\"twitter:label1\" content=\"Hind\" \/>\n\t<meta name=\"twitter:data1\" content=\"&euro;54.17 koos KM\" \/>\n\t<meta name=\"twitter:label2\" content=\"Availability\" \/>\n\t<meta name=\"twitter:data2\" content=\"Laos\" \/>\n<script type=\"application\/ld+json\" class=\"yoast-schema-graph\">{\"@context\":\"https:\\\/\\\/schema.org\",\"@graph\":[{\"@type\":\"WebPage\",\"@id\":\"https:\\\/\\\/fonolukk.eu\\\/et\\\/tooted\\\/wifi-garage-door-control-kit\\\/\",\"url\":\"https:\\\/\\\/fonolukk.eu\\\/et\\\/tooted\\\/wifi-garage-door-control-kit\\\/\",\"name\":\"WiFi Garage Door Control Kit - Fonolukk\",\"isPartOf\":{\"@id\":\"https:\\\/\\\/fonolukk.eu\\\/et\\\/#website\"},\"primaryImageOfPage\":{\"@id\":\"https:\\\/\\\/fonolukk.eu\\\/et\\\/tooted\\\/wifi-garage-door-control-kit\\\/#primaryimage\"},\"image\":{\"@id\":\"https:\\\/\\\/fonolukk.eu\\\/et\\\/tooted\\\/wifi-garage-door-control-kit\\\/#primaryimage\"},\"thumbnailUrl\":\"https:\\\/\\\/fonolukk.eu\\\/wp-content\\\/uploads\\\/2023\\\/08\\\/garaj-tellur2-fonolukk.png\",\"datePublished\":\"2023-08-04T12:36:26+00:00\",\"dateModified\":\"2023-08-04T13:11:36+00:00\",\"description\":\"WiFi Garage Door Control Kit - K\u00f5ige mitmek\u00fclgsem kappide elektriluku mudel, mis olenevalt seadistustest v\u00f5ib t\u00f6\u00f6tada NC- v\u00f5i NO-re\u017eiimis ja toiteallikana 12V v\u00f5i 24V.\",\"breadcrumb\":{\"@id\":\"https:\\\/\\\/fonolukk.eu\\\/et\\\/tooted\\\/wifi-garage-door-control-kit\\\/#breadcrumb\"},\"inLanguage\":\"et\",\"potentialAction\":[{\"@type\":\"ReadAction\",\"target\":[\"https:\\\/\\\/fonolukk.eu\\\/et\\\/tooted\\\/wifi-garage-door-control-kit\\\/\"]}]},{\"@type\":\"ImageObject\",\"inLanguage\":\"et\",\"@id\":\"https:\\\/\\\/fonolukk.eu\\\/et\\\/tooted\\\/wifi-garage-door-control-kit\\\/#primaryimage\",\"url\":\"https:\\\/\\\/fonolukk.eu\\\/wp-content\\\/uploads\\\/2023\\\/08\\\/garaj-tellur2-fonolukk.png\",\"contentUrl\":\"https:\\\/\\\/fonolukk.eu\\\/wp-content\\\/uploads\\\/2023\\\/08\\\/garaj-tellur2-fonolukk.png\",\"width\":1500,\"height\":1500,\"caption\":\"smart garage controller\"},{\"@type\":\"BreadcrumbList\",\"@id\":\"https:\\\/\\\/fonolukk.eu\\\/et\\\/tooted\\\/wifi-garage-door-control-kit\\\/#breadcrumb\",\"itemListElement\":[{\"@type\":\"ListItem\",\"position\":1,\"name\":\"Esileht\",\"item\":\"https:\\\/\\\/fonolukk.eu\\\/et\\\/koduleht\\\/\"},{\"@type\":\"ListItem\",\"position\":2,\"name\":\"Tooted\",\"item\":\"https:\\\/\\\/fonolukk.eu\\\/et\\\/shop-2\\\/\"},{\"@type\":\"ListItem\",\"position\":3,\"name\":\"Outlet\",\"item\":\"https:\\\/\\\/fonolukk.eu\\\/et\\\/product-category\\\/outlet-et\\\/\"},{\"@type\":\"ListItem\",\"position\":4,\"name\":\"WiFi Garage Door Control Kit\"}]},{\"@type\":\"WebSite\",\"@id\":\"https:\\\/\\\/fonolukk.eu\\\/et\\\/#website\",\"url\":\"https:\\\/\\\/fonolukk.eu\\\/et\\\/\",\"name\":\"Fonolukk eu\",\"description\":\"Smart Security Systems\",\"publisher\":{\"@id\":\"https:\\\/\\\/fonolukk.eu\\\/et\\\/#organization\"},\"potentialAction\":[{\"@type\":\"SearchAction\",\"target\":{\"@type\":\"EntryPoint\",\"urlTemplate\":\"https:\\\/\\\/fonolukk.eu\\\/et\\\/?s={search_term_string}\"},\"query-input\":{\"@type\":\"PropertyValueSpecification\",\"valueRequired\":true,\"valueName\":\"search_term_string\"}}],\"inLanguage\":\"et\"},{\"@type\":\"Organization\",\"@id\":\"https:\\\/\\\/fonolukk.eu\\\/et\\\/#organization\",\"name\":\"Smart Security OU\",\"url\":\"https:\\\/\\\/fonolukk.eu\\\/et\\\/\",\"logo\":{\"@type\":\"ImageObject\",\"inLanguage\":\"et\",\"@id\":\"https:\\\/\\\/fonolukk.eu\\\/et\\\/#\\\/schema\\\/logo\\\/image\\\/\",\"url\":\"https:\\\/\\\/fonolukk.eu\\\/wp-content\\\/uploads\\\/2023\\\/09\\\/fonolukk.png\",\"contentUrl\":\"https:\\\/\\\/fonolukk.eu\\\/wp-content\\\/uploads\\\/2023\\\/09\\\/fonolukk.png\",\"width\":277,\"height\":274,\"caption\":\"Smart Security OU\"},\"image\":{\"@id\":\"https:\\\/\\\/fonolukk.eu\\\/et\\\/#\\\/schema\\\/logo\\\/image\\\/\"},\"sameAs\":[\"https:\\\/\\\/www.facebook.com\\\/fonolukk\",\"https:\\\/\\\/www.instagram.com\\\/fonolukk\\\/?hl=ru\"],\"publishingPrinciples\":\"https:\\\/\\\/fonolukk.eu\\\/terms-and-conditions\\\/\",\"ownershipFundingInfo\":\"https:\\\/\\\/fonolukk.eu\\\/about-us\\\/\"}]}<\/script>\n<meta property=\"product:price:amount\" content=\"54.17\" \/>\n<meta property=\"product:price:currency\" content=\"EUR\" \/>\n<meta property=\"og:availability\" content=\"instock\" \/>\n<meta property=\"product:availability\" content=\"instock\" \/>\n<meta property=\"product:retailer_item_id\" content=\"5949120002509\" \/>\n<meta property=\"product:condition\" content=\"new\" \/>\n<!-- \/ Yoast SEO Premium plugin. -->","yoast_head_json":{"title":"WiFi Garage Door Control Kit - Fonolukk","description":"WiFi Garage Door Control Kit - K\u00f5ige mitmek\u00fclgsem kappide elektriluku mudel, mis olenevalt seadistustest v\u00f5ib t\u00f6\u00f6tada NC- v\u00f5i NO-re\u017eiimis ja toiteallikana 12V v\u00f5i 24V.","robots":{"index":"index","follow":"follow","max-snippet":"max-snippet:-1","max-image-preview":"max-image-preview:large","max-video-preview":"max-video-preview:-1"},"canonical":"https:\/\/fonolukk.eu\/et\/tooted\/wifi-garage-door-control-kit\/","og_locale":"et_EE","og_type":"article","og_title":"WiFi Garage Door Control Kit Promix-SM305","og_description":"See v\u00f5imaldab teil avada ja sulgeda, seada taimer v\u00f5i ajastada oma garaa\u017eiust, kasutades ainult nutitelefoni. Lisaks saate seda kaugjuhtida ja lisada selle nutikatesse stsenaariumidesse Tellur Smart rakenduse kaudu. Hoidke oma maja turvaliselt \u2013 WiFi Garage Door Control Kit saadab teie telefoni t\u00f5uketeateid v\u00f5i tuletab teile meelde ukse sulgemist. J\u00e4lgige ukse olekut ja j\u00e4lgige rakenduse Tellur Smart avamise\/sulgemise toiminguid. Samuti saate t\u00e4nu mitme kasutaja juurdep\u00e4\u00e4sufunktsioonile anda juurdep\u00e4\u00e4su pereliikmetele v\u00f5i s\u00f5pradele.  \u00dchendage WiFi garaa\u017eiukse juhtimiskomplekt Amazoni Alexa v\u00f5i Google Assistantiga ja juhtige oma garaa\u017eiust h\u00e4\u00e4lekalt.","og_url":"https:\/\/fonolukk.eu\/et\/tooted\/wifi-garage-door-control-kit\/","og_site_name":"Fonolukk","article_publisher":"https:\/\/www.facebook.com\/fonolukk","article_modified_time":"2023-08-04T13:11:36+00:00","og_image":[{"width":1500,"height":1500,"url":"https:\/\/fonolukk.eu\/wp-content\/uploads\/2023\/08\/garaj-tellur2-fonolukk.png","type":"image\/png"}],"twitter_card":"summary_large_image","twitter_title":"WiFi Garage Door Control Kit","twitter_misc":{"Hind":"&euro;54.17 koos KM","Availability":"Laos"},"schema":{"@context":"https:\/\/schema.org","@graph":[{"@type":"WebPage","@id":"https:\/\/fonolukk.eu\/et\/tooted\/wifi-garage-door-control-kit\/","url":"https:\/\/fonolukk.eu\/et\/tooted\/wifi-garage-door-control-kit\/","name":"WiFi Garage Door Control Kit - Fonolukk","isPartOf":{"@id":"https:\/\/fonolukk.eu\/et\/#website"},"primaryImageOfPage":{"@id":"https:\/\/fonolukk.eu\/et\/tooted\/wifi-garage-door-control-kit\/#primaryimage"},"image":{"@id":"https:\/\/fonolukk.eu\/et\/tooted\/wifi-garage-door-control-kit\/#primaryimage"},"thumbnailUrl":"https:\/\/fonolukk.eu\/wp-content\/uploads\/2023\/08\/garaj-tellur2-fonolukk.png","datePublished":"2023-08-04T12:36:26+00:00","dateModified":"2023-08-04T13:11:36+00:00","description":"WiFi Garage Door Control Kit - K\u00f5ige mitmek\u00fclgsem kappide elektriluku mudel, mis olenevalt seadistustest v\u00f5ib t\u00f6\u00f6tada NC- v\u00f5i NO-re\u017eiimis ja toiteallikana 12V v\u00f5i 24V.","breadcrumb":{"@id":"https:\/\/fonolukk.eu\/et\/tooted\/wifi-garage-door-control-kit\/#breadcrumb"},"inLanguage":"et","potentialAction":[{"@type":"ReadAction","target":["https:\/\/fonolukk.eu\/et\/tooted\/wifi-garage-door-control-kit\/"]}]},{"@type":"ImageObject","inLanguage":"et","@id":"https:\/\/fonolukk.eu\/et\/tooted\/wifi-garage-door-control-kit\/#primaryimage","url":"https:\/\/fonolukk.eu\/wp-content\/uploads\/2023\/08\/garaj-tellur2-fonolukk.png","contentUrl":"https:\/\/fonolukk.eu\/wp-content\/uploads\/2023\/08\/garaj-tellur2-fonolukk.png","width":1500,"height":1500,"caption":"smart garage controller"},{"@type":"BreadcrumbList","@id":"https:\/\/fonolukk.eu\/et\/tooted\/wifi-garage-door-control-kit\/#breadcrumb","itemListElement":[{"@type":"ListItem","position":1,"name":"Esileht","item":"https:\/\/fonolukk.eu\/et\/koduleht\/"},{"@type":"ListItem","position":2,"name":"Tooted","item":"https:\/\/fonolukk.eu\/et\/shop-2\/"},{"@type":"ListItem","position":3,"name":"Outlet","item":"https:\/\/fonolukk.eu\/et\/product-category\/outlet-et\/"},{"@type":"ListItem","position":4,"name":"WiFi Garage Door Control Kit"}]},{"@type":"WebSite","@id":"https:\/\/fonolukk.eu\/et\/#website","url":"https:\/\/fonolukk.eu\/et\/","name":"Fonolukk eu","description":"Smart Security Systems","publisher":{"@id":"https:\/\/fonolukk.eu\/et\/#organization"},"potentialAction":[{"@type":"SearchAction","target":{"@type":"EntryPoint","urlTemplate":"https:\/\/fonolukk.eu\/et\/?s={search_term_string}"},"query-input":{"@type":"PropertyValueSpecification","valueRequired":true,"valueName":"search_term_string"}}],"inLanguage":"et"},{"@type":"Organization","@id":"https:\/\/fonolukk.eu\/et\/#organization","name":"Smart Security OU","url":"https:\/\/fonolukk.eu\/et\/","logo":{"@type":"ImageObject","inLanguage":"et","@id":"https:\/\/fonolukk.eu\/et\/#\/schema\/logo\/image\/","url":"https:\/\/fonolukk.eu\/wp-content\/uploads\/2023\/09\/fonolukk.png","contentUrl":"https:\/\/fonolukk.eu\/wp-content\/uploads\/2023\/09\/fonolukk.png","width":277,"height":274,"caption":"Smart Security OU"},"image":{"@id":"https:\/\/fonolukk.eu\/et\/#\/schema\/logo\/image\/"},"sameAs":["https:\/\/www.facebook.com\/fonolukk","https:\/\/www.instagram.com\/fonolukk\/?hl=ru"],"publishingPrinciples":"https:\/\/fonolukk.eu\/terms-and-conditions\/","ownershipFundingInfo":"https:\/\/fonolukk.eu\/about-us\/"}]},"product_price_amount":"54.17","product_price_currency":"EUR","og_availability":"instock","product_availability":"instock","product_retailer_item_id":"5949120002509","product_condition":"new"},"_links":{"self":[{"href":"https:\/\/fonolukk.eu\/et\/wp-json\/wp\/v2\/product\/15983","targetHints":{"allow":["GET"]}}],"collection":[{"href":"https:\/\/fonolukk.eu\/et\/wp-json\/wp\/v2\/product"}],"about":[{"href":"https:\/\/fonolukk.eu\/et\/wp-json\/wp\/v2\/types\/product"}],"version-history":[{"count":0,"href":"https:\/\/fonolukk.eu\/et\/wp-json\/wp\/v2\/product\/15983\/revisions"}],"wp:featuredmedia":[{"embeddable":true,"href":"https:\/\/fonolukk.eu\/et\/wp-json\/wp\/v2\/media\/15990"}],"wp:attachment":[{"href":"https:\/\/fonolukk.eu\/et\/wp-json\/wp\/v2\/media?parent=15983"}],"wp:term":[{"taxonomy":"product_brand","embeddable":true,"href":"https:\/\/fonolukk.eu\/et\/wp-json\/wp\/v2\/product_brand?post=15983"},{"taxonomy":"product_cat","embeddable":true,"href":"https:\/\/fonolukk.eu\/et\/wp-json\/wp\/v2\/product_cat?post=15983"},{"taxonomy":"product_tag","embeddable":true,"href":"https:\/\/fonolukk.eu\/et\/wp-json\/wp\/v2\/product_tag?post=15983"}],"curies":[{"name":"wp","href":"https:\/\/api.w.org\/{rel}","templated":true}]}}