{"id":16010,"date":"2023-08-08T10:14:57","date_gmt":"2023-08-08T07:14:57","guid":{"rendered":"https:\/\/fonolukk.eu\/?post_type=product&#038;p=16010"},"modified":"2023-08-08T10:48:04","modified_gmt":"2023-08-08T07:48:04","slug":"alhua-5-port-unmanaged-desktop-gigabit-switch-dh-pfs3005-5gt-l","status":"publish","type":"product","link":"https:\/\/fonolukk.eu\/et\/tooted\/alhua-5-port-unmanaged-desktop-gigabit-switch-dh-pfs3005-5gt-l\/","title":{"rendered":"Alhua 5-Port Unmanaged Desktop Gigabit Switch DH-PFS3005-5GT-L"},"content":{"rendered":"<p><strong><span>S\u00fcsteemi \u00fclevaade<\/span><\/strong><span>\u00a0Seade on 2. kihi kaubanduslik l\u00fcliti.\u00a0Sellel on suure j\u00f5udlusega l\u00fclitusmootor ja suur puhverm\u00e4lu, mis tagab sujuva videovoo edastamise.\u00a0<span class=\"\">Plastikust ja ventilaatorita disainiga seade pakub klientidele kuluefektiivsemat v\u00f5imalust.\u00a0<\/span>Seade on haldamata l\u00fcliti, seega ei pea seda veebiliidese kaudu konfigureerima, mis lihtsustab installimist.<\/span><\/p>\n<p><strong><span><span class=\"\">Disain<\/span><\/span><\/strong><span><span class=\"\">\u00a0Kestma ehitatud l\u00fcliti arhitektuur muudab selle \u00fclimalt t\u00f6\u00f6kindlaks ja t\u00f6\u00f6tab pidevalt suure t\u00f5hususega.<\/span><\/span><\/p>\n<p><strong><span>Plug and Play<\/span><\/strong><span>\u00a0probleemivaba, see ei n\u00f5ua konfigureerimist.\u00a0Kasutage seda lihtsalt p\u00e4rast sissel\u00fclitamist.<\/span><\/p>\n<p><strong><span>Optimeeritud j\u00f5udlus<\/span><\/strong><span>\u00a0\u00a0K\u00f5ik pordid v\u00f5ivad viivitamata edastada vooge suurel kiirusel.<\/span><\/p>\n<p><strong><span><span class=\"\">Lihtne paigaldamine<\/span><\/span><\/strong><span><span class=\"\">\u00a0\u00a0Toetatud on nii laua- kui ka seinakinnitus, mis muudab selle sobivaks paljude erinevate stsenaariumide jaoks.<\/span><\/span><\/p>\n","protected":false},"excerpt":{"rendered":"<p><strong><span>5-pordiline haldamata gigabitine l\u00fcliti<\/span><\/strong><\/p>\n<ul>\n<li><span>Toetab viit 10\/100\/1000 Mbps adaptiivset porti.<\/span><\/li>\n<li><span>V\u00e4ike ja kerge, seda on lihtne kaasas kanda ja sellesse on integreeritud mitu kiipi.<\/span><\/li>\n<li><span>Lihtne kasutada.<\/span><\/li>\n<\/ul>\n","protected":false},"featured_media":16019,"template":"","meta":[],"product_brand":[],"product_cat":[1306],"product_tag":[1513,1514],"class_list":{"0":"post-16010","1":"product","2":"type-product","3":"status-publish","4":"has-post-thumbnail","6":"product_cat-outlet-et","7":"product_tag-alhua-et","8":"product_tag-5-port-et","10":"first","11":"instock","12":"sale","13":"taxable","14":"shipping-taxable","15":"purchasable","16":"product-type-simple"},"yoast_head":"<!-- This site is optimized with the Yoast SEO Premium plugin v27.3 (Yoast SEO v27.3) - https:\/\/yoast.com\/product\/yoast-seo-premium-wordpress\/ -->\n<title>Alhua 5-Port Unmanaged Desktop Gigabit Switch DH-PFS3005-5GT-L - Fonolukk<\/title>\n<meta name=\"description\" content=\"The Device is a layer-2 commercial switch. It has a high-performance switching engine and a large buffer memory to ensure smooth video stream transmission.\" \/>\n<meta name=\"robots\" content=\"index, follow, max-snippet:-1, max-image-preview:large, max-video-preview:-1\" \/>\n<link rel=\"canonical\" href=\"https:\/\/fonolukk.eu\/et\/tooted\/alhua-5-port-unmanaged-desktop-gigabit-switch-dh-pfs3005-5gt-l\/\" \/>\n<meta property=\"og:locale\" content=\"et_EE\" \/>\n<meta property=\"og:type\" content=\"article\" \/>\n<meta property=\"og:title\" content=\"Alhua 5-Port Unmanaged Desktop Gigabit Switch DH-PFS3005-5GT-L Promix-SM305\" \/>\n<meta property=\"og:description\" content=\"5-pordiline haldamata gigabitine l\u00fcliti   Toetab viit 10\/100\/1000 Mbps adaptiivset porti.  V\u00e4ike ja kerge, seda on lihtne kaasas kanda ja sellesse on integreeritud mitu kiipi.  Lihtne kasutada.\" \/>\n<meta property=\"og:url\" content=\"https:\/\/fonolukk.eu\/et\/tooted\/alhua-5-port-unmanaged-desktop-gigabit-switch-dh-pfs3005-5gt-l\/\" \/>\n<meta property=\"og:site_name\" content=\"Fonolukk\" \/>\n<meta property=\"article:publisher\" content=\"https:\/\/www.facebook.com\/fonolukk\" \/>\n<meta property=\"article:modified_time\" content=\"2023-08-08T07:48:04+00:00\" \/>\n<meta property=\"og:image\" content=\"https:\/\/fonolukk.eu\/wp-content\/uploads\/2023\/08\/dahua-5-port-gigabit-unmanaged-switch.png\" \/>\n\t<meta property=\"og:image:width\" content=\"838\" \/>\n\t<meta property=\"og:image:height\" content=\"650\" \/>\n\t<meta property=\"og:image:type\" content=\"image\/png\" \/>\n<meta name=\"twitter:card\" content=\"summary_large_image\" \/>\n<meta name=\"twitter:title\" content=\"Alhua 5-Port Unmanaged Desktop Gigabit Switch DH-PFS3005-5GT-L\" \/>\n<meta name=\"twitter:label1\" content=\"Hind\" \/>\n\t<meta name=\"twitter:data1\" content=\"&euro;12.50 koos KM\" \/>\n\t<meta name=\"twitter:label2\" content=\"Availability\" \/>\n\t<meta name=\"twitter:data2\" content=\"Laos\" \/>\n<script type=\"application\/ld+json\" class=\"yoast-schema-graph\">{\"@context\":\"https:\\\/\\\/schema.org\",\"@graph\":[{\"@type\":\"WebPage\",\"@id\":\"https:\\\/\\\/fonolukk.eu\\\/et\\\/tooted\\\/alhua-5-port-unmanaged-desktop-gigabit-switch-dh-pfs3005-5gt-l\\\/\",\"url\":\"https:\\\/\\\/fonolukk.eu\\\/et\\\/tooted\\\/alhua-5-port-unmanaged-desktop-gigabit-switch-dh-pfs3005-5gt-l\\\/\",\"name\":\"Alhua 5-Port Unmanaged Desktop Gigabit Switch DH-PFS3005-5GT-L - Fonolukk\",\"isPartOf\":{\"@id\":\"https:\\\/\\\/fonolukk.eu\\\/et\\\/#website\"},\"primaryImageOfPage\":{\"@id\":\"https:\\\/\\\/fonolukk.eu\\\/et\\\/tooted\\\/alhua-5-port-unmanaged-desktop-gigabit-switch-dh-pfs3005-5gt-l\\\/#primaryimage\"},\"image\":{\"@id\":\"https:\\\/\\\/fonolukk.eu\\\/et\\\/tooted\\\/alhua-5-port-unmanaged-desktop-gigabit-switch-dh-pfs3005-5gt-l\\\/#primaryimage\"},\"thumbnailUrl\":\"https:\\\/\\\/fonolukk.eu\\\/wp-content\\\/uploads\\\/2023\\\/08\\\/dahua-5-port-gigabit-unmanaged-switch.png\",\"datePublished\":\"2023-08-08T07:14:57+00:00\",\"dateModified\":\"2023-08-08T07:48:04+00:00\",\"description\":\"The Device is a layer-2 commercial switch. It has a high-performance switching engine and a large buffer memory to ensure smooth video stream transmission.\",\"breadcrumb\":{\"@id\":\"https:\\\/\\\/fonolukk.eu\\\/et\\\/tooted\\\/alhua-5-port-unmanaged-desktop-gigabit-switch-dh-pfs3005-5gt-l\\\/#breadcrumb\"},\"inLanguage\":\"et\",\"potentialAction\":[{\"@type\":\"ReadAction\",\"target\":[\"https:\\\/\\\/fonolukk.eu\\\/et\\\/tooted\\\/alhua-5-port-unmanaged-desktop-gigabit-switch-dh-pfs3005-5gt-l\\\/\"]}]},{\"@type\":\"ImageObject\",\"inLanguage\":\"et\",\"@id\":\"https:\\\/\\\/fonolukk.eu\\\/et\\\/tooted\\\/alhua-5-port-unmanaged-desktop-gigabit-switch-dh-pfs3005-5gt-l\\\/#primaryimage\",\"url\":\"https:\\\/\\\/fonolukk.eu\\\/wp-content\\\/uploads\\\/2023\\\/08\\\/dahua-5-port-gigabit-unmanaged-switch.png\",\"contentUrl\":\"https:\\\/\\\/fonolukk.eu\\\/wp-content\\\/uploads\\\/2023\\\/08\\\/dahua-5-port-gigabit-unmanaged-switch.png\",\"width\":838,\"height\":650,\"caption\":\"DH-PFS3005-5GT-L\"},{\"@type\":\"BreadcrumbList\",\"@id\":\"https:\\\/\\\/fonolukk.eu\\\/et\\\/tooted\\\/alhua-5-port-unmanaged-desktop-gigabit-switch-dh-pfs3005-5gt-l\\\/#breadcrumb\",\"itemListElement\":[{\"@type\":\"ListItem\",\"position\":1,\"name\":\"Esileht\",\"item\":\"https:\\\/\\\/fonolukk.eu\\\/et\\\/koduleht\\\/\"},{\"@type\":\"ListItem\",\"position\":2,\"name\":\"Tooted\",\"item\":\"https:\\\/\\\/fonolukk.eu\\\/et\\\/shop-2\\\/\"},{\"@type\":\"ListItem\",\"position\":3,\"name\":\"Outlet\",\"item\":\"https:\\\/\\\/fonolukk.eu\\\/et\\\/product-category\\\/outlet-et\\\/\"},{\"@type\":\"ListItem\",\"position\":4,\"name\":\"Alhua 5-Port Unmanaged Desktop Gigabit Switch DH-PFS3005-5GT-L\"}]},{\"@type\":\"WebSite\",\"@id\":\"https:\\\/\\\/fonolukk.eu\\\/et\\\/#website\",\"url\":\"https:\\\/\\\/fonolukk.eu\\\/et\\\/\",\"name\":\"Fonolukk eu\",\"description\":\"Smart Security Systems\",\"publisher\":{\"@id\":\"https:\\\/\\\/fonolukk.eu\\\/et\\\/#organization\"},\"potentialAction\":[{\"@type\":\"SearchAction\",\"target\":{\"@type\":\"EntryPoint\",\"urlTemplate\":\"https:\\\/\\\/fonolukk.eu\\\/et\\\/?s={search_term_string}\"},\"query-input\":{\"@type\":\"PropertyValueSpecification\",\"valueRequired\":true,\"valueName\":\"search_term_string\"}}],\"inLanguage\":\"et\"},{\"@type\":\"Organization\",\"@id\":\"https:\\\/\\\/fonolukk.eu\\\/et\\\/#organization\",\"name\":\"Smart Security OU\",\"url\":\"https:\\\/\\\/fonolukk.eu\\\/et\\\/\",\"logo\":{\"@type\":\"ImageObject\",\"inLanguage\":\"et\",\"@id\":\"https:\\\/\\\/fonolukk.eu\\\/et\\\/#\\\/schema\\\/logo\\\/image\\\/\",\"url\":\"https:\\\/\\\/fonolukk.eu\\\/wp-content\\\/uploads\\\/2023\\\/09\\\/fonolukk.png\",\"contentUrl\":\"https:\\\/\\\/fonolukk.eu\\\/wp-content\\\/uploads\\\/2023\\\/09\\\/fonolukk.png\",\"width\":277,\"height\":274,\"caption\":\"Smart Security OU\"},\"image\":{\"@id\":\"https:\\\/\\\/fonolukk.eu\\\/et\\\/#\\\/schema\\\/logo\\\/image\\\/\"},\"sameAs\":[\"https:\\\/\\\/www.facebook.com\\\/fonolukk\",\"https:\\\/\\\/www.instagram.com\\\/fonolukk\\\/?hl=ru\"],\"publishingPrinciples\":\"https:\\\/\\\/fonolukk.eu\\\/terms-and-conditions\\\/\",\"ownershipFundingInfo\":\"https:\\\/\\\/fonolukk.eu\\\/about-us\\\/\"}]}<\/script>\n<meta property=\"product:price:amount\" content=\"12.50\" \/>\n<meta property=\"product:price:currency\" content=\"EUR\" \/>\n<meta property=\"og:availability\" content=\"instock\" \/>\n<meta property=\"product:availability\" content=\"instock\" \/>\n<meta property=\"product:retailer_item_id\" content=\"DH-PFS3005-5GT-L\" \/>\n<meta property=\"product:condition\" content=\"new\" \/>\n<!-- \/ Yoast SEO Premium plugin. -->","yoast_head_json":{"title":"Alhua 5-Port Unmanaged Desktop Gigabit Switch DH-PFS3005-5GT-L - Fonolukk","description":"The Device is a layer-2 commercial switch. It has a high-performance switching engine and a large buffer memory to ensure smooth video stream transmission.","robots":{"index":"index","follow":"follow","max-snippet":"max-snippet:-1","max-image-preview":"max-image-preview:large","max-video-preview":"max-video-preview:-1"},"canonical":"https:\/\/fonolukk.eu\/et\/tooted\/alhua-5-port-unmanaged-desktop-gigabit-switch-dh-pfs3005-5gt-l\/","og_locale":"et_EE","og_type":"article","og_title":"Alhua 5-Port Unmanaged Desktop Gigabit Switch DH-PFS3005-5GT-L Promix-SM305","og_description":"5-pordiline haldamata gigabitine l\u00fcliti   Toetab viit 10\/100\/1000 Mbps adaptiivset porti.  V\u00e4ike ja kerge, seda on lihtne kaasas kanda ja sellesse on integreeritud mitu kiipi.  Lihtne kasutada.","og_url":"https:\/\/fonolukk.eu\/et\/tooted\/alhua-5-port-unmanaged-desktop-gigabit-switch-dh-pfs3005-5gt-l\/","og_site_name":"Fonolukk","article_publisher":"https:\/\/www.facebook.com\/fonolukk","article_modified_time":"2023-08-08T07:48:04+00:00","og_image":[{"width":838,"height":650,"url":"https:\/\/fonolukk.eu\/wp-content\/uploads\/2023\/08\/dahua-5-port-gigabit-unmanaged-switch.png","type":"image\/png"}],"twitter_card":"summary_large_image","twitter_title":"Alhua 5-Port Unmanaged Desktop Gigabit Switch DH-PFS3005-5GT-L","twitter_misc":{"Hind":"&euro;12.50 koos KM","Availability":"Laos"},"schema":{"@context":"https:\/\/schema.org","@graph":[{"@type":"WebPage","@id":"https:\/\/fonolukk.eu\/et\/tooted\/alhua-5-port-unmanaged-desktop-gigabit-switch-dh-pfs3005-5gt-l\/","url":"https:\/\/fonolukk.eu\/et\/tooted\/alhua-5-port-unmanaged-desktop-gigabit-switch-dh-pfs3005-5gt-l\/","name":"Alhua 5-Port Unmanaged Desktop Gigabit Switch DH-PFS3005-5GT-L - Fonolukk","isPartOf":{"@id":"https:\/\/fonolukk.eu\/et\/#website"},"primaryImageOfPage":{"@id":"https:\/\/fonolukk.eu\/et\/tooted\/alhua-5-port-unmanaged-desktop-gigabit-switch-dh-pfs3005-5gt-l\/#primaryimage"},"image":{"@id":"https:\/\/fonolukk.eu\/et\/tooted\/alhua-5-port-unmanaged-desktop-gigabit-switch-dh-pfs3005-5gt-l\/#primaryimage"},"thumbnailUrl":"https:\/\/fonolukk.eu\/wp-content\/uploads\/2023\/08\/dahua-5-port-gigabit-unmanaged-switch.png","datePublished":"2023-08-08T07:14:57+00:00","dateModified":"2023-08-08T07:48:04+00:00","description":"The Device is a layer-2 commercial switch. It has a high-performance switching engine and a large buffer memory to ensure smooth video stream transmission.","breadcrumb":{"@id":"https:\/\/fonolukk.eu\/et\/tooted\/alhua-5-port-unmanaged-desktop-gigabit-switch-dh-pfs3005-5gt-l\/#breadcrumb"},"inLanguage":"et","potentialAction":[{"@type":"ReadAction","target":["https:\/\/fonolukk.eu\/et\/tooted\/alhua-5-port-unmanaged-desktop-gigabit-switch-dh-pfs3005-5gt-l\/"]}]},{"@type":"ImageObject","inLanguage":"et","@id":"https:\/\/fonolukk.eu\/et\/tooted\/alhua-5-port-unmanaged-desktop-gigabit-switch-dh-pfs3005-5gt-l\/#primaryimage","url":"https:\/\/fonolukk.eu\/wp-content\/uploads\/2023\/08\/dahua-5-port-gigabit-unmanaged-switch.png","contentUrl":"https:\/\/fonolukk.eu\/wp-content\/uploads\/2023\/08\/dahua-5-port-gigabit-unmanaged-switch.png","width":838,"height":650,"caption":"DH-PFS3005-5GT-L"},{"@type":"BreadcrumbList","@id":"https:\/\/fonolukk.eu\/et\/tooted\/alhua-5-port-unmanaged-desktop-gigabit-switch-dh-pfs3005-5gt-l\/#breadcrumb","itemListElement":[{"@type":"ListItem","position":1,"name":"Esileht","item":"https:\/\/fonolukk.eu\/et\/koduleht\/"},{"@type":"ListItem","position":2,"name":"Tooted","item":"https:\/\/fonolukk.eu\/et\/shop-2\/"},{"@type":"ListItem","position":3,"name":"Outlet","item":"https:\/\/fonolukk.eu\/et\/product-category\/outlet-et\/"},{"@type":"ListItem","position":4,"name":"Alhua 5-Port Unmanaged Desktop Gigabit Switch DH-PFS3005-5GT-L"}]},{"@type":"WebSite","@id":"https:\/\/fonolukk.eu\/et\/#website","url":"https:\/\/fonolukk.eu\/et\/","name":"Fonolukk eu","description":"Smart Security Systems","publisher":{"@id":"https:\/\/fonolukk.eu\/et\/#organization"},"potentialAction":[{"@type":"SearchAction","target":{"@type":"EntryPoint","urlTemplate":"https:\/\/fonolukk.eu\/et\/?s={search_term_string}"},"query-input":{"@type":"PropertyValueSpecification","valueRequired":true,"valueName":"search_term_string"}}],"inLanguage":"et"},{"@type":"Organization","@id":"https:\/\/fonolukk.eu\/et\/#organization","name":"Smart Security OU","url":"https:\/\/fonolukk.eu\/et\/","logo":{"@type":"ImageObject","inLanguage":"et","@id":"https:\/\/fonolukk.eu\/et\/#\/schema\/logo\/image\/","url":"https:\/\/fonolukk.eu\/wp-content\/uploads\/2023\/09\/fonolukk.png","contentUrl":"https:\/\/fonolukk.eu\/wp-content\/uploads\/2023\/09\/fonolukk.png","width":277,"height":274,"caption":"Smart Security OU"},"image":{"@id":"https:\/\/fonolukk.eu\/et\/#\/schema\/logo\/image\/"},"sameAs":["https:\/\/www.facebook.com\/fonolukk","https:\/\/www.instagram.com\/fonolukk\/?hl=ru"],"publishingPrinciples":"https:\/\/fonolukk.eu\/terms-and-conditions\/","ownershipFundingInfo":"https:\/\/fonolukk.eu\/about-us\/"}]},"product_price_amount":"12.50","product_price_currency":"EUR","og_availability":"instock","product_availability":"instock","product_retailer_item_id":"DH-PFS3005-5GT-L","product_condition":"new"},"_links":{"self":[{"href":"https:\/\/fonolukk.eu\/et\/wp-json\/wp\/v2\/product\/16010","targetHints":{"allow":["GET"]}}],"collection":[{"href":"https:\/\/fonolukk.eu\/et\/wp-json\/wp\/v2\/product"}],"about":[{"href":"https:\/\/fonolukk.eu\/et\/wp-json\/wp\/v2\/types\/product"}],"version-history":[{"count":0,"href":"https:\/\/fonolukk.eu\/et\/wp-json\/wp\/v2\/product\/16010\/revisions"}],"wp:featuredmedia":[{"embeddable":true,"href":"https:\/\/fonolukk.eu\/et\/wp-json\/wp\/v2\/media\/16019"}],"wp:attachment":[{"href":"https:\/\/fonolukk.eu\/et\/wp-json\/wp\/v2\/media?parent=16010"}],"wp:term":[{"taxonomy":"product_brand","embeddable":true,"href":"https:\/\/fonolukk.eu\/et\/wp-json\/wp\/v2\/product_brand?post=16010"},{"taxonomy":"product_cat","embeddable":true,"href":"https:\/\/fonolukk.eu\/et\/wp-json\/wp\/v2\/product_cat?post=16010"},{"taxonomy":"product_tag","embeddable":true,"href":"https:\/\/fonolukk.eu\/et\/wp-json\/wp\/v2\/product_tag?post=16010"}],"curies":[{"name":"wp","href":"https:\/\/api.w.org\/{rel}","templated":true}]}}