{"id":16084,"date":"2023-08-10T11:05:38","date_gmt":"2023-08-10T08:05:38","guid":{"rendered":"https:\/\/fonolukk.eu\/?post_type=product&#038;p=16084"},"modified":"2023-08-10T11:32:05","modified_gmt":"2023-08-10T08:32:05","slug":"switch-tp-link","status":"publish","type":"product","link":"https:\/\/fonolukk.eu\/et\/tooted\/switch-tp-link\/","title":{"rendered":"Switch TP-Link"},"content":{"rendered":"<h3 class=\"specification__heading\">Liidesed<\/h3>\n<ul>\n<li class=\"specification__row\"><strong><span class=\"specification__title\">LAN (RJ45): <\/span><\/strong><span class=\"specification__value\">10\/100<\/span><\/li>\n<li class=\"specification__row\"><strong><span class=\"specification__title\">LAN (v\u00f5rguliides, RJ45): <\/span><\/strong><span class=\"specification__value\">5 tk<\/span><\/li>\n<\/ul>\n<h3 class=\"specification__heading\">\u00dcldised parameetrid<\/h3>\n<ul>\n<li class=\"specification__row\"><strong><span class=\"specification__title\">Tootja: <\/span><\/strong><span class=\"specification__value\">TP-Link<\/span><\/li>\n<li class=\"specification__row\"><strong><span class=\"specification__title\">V\u00f5rguseadme t\u00fc\u00fcp: <\/span><\/strong><span class=\"specification__value\">switch (kommutaator)<\/span><\/li>\n<li class=\"specification__row\"><strong><span class=\"specification__title\">V\u00e4rv: <\/span><\/strong><span class=\"specification__value\">valge<\/span><\/li>\n<\/ul>\n","protected":false},"excerpt":{"rendered":"<p>TL-SF1005D 5-pordiline 10\/100 Mbps switch tagab lihtsa v\u00f5imaluse oma juhtmega v\u00f5rgu laiendamiseks. K\u00f5ik 5 porti toetavad auto-MDI\/MDIX-i, seega kasutatava kaabli p\u00e4rast Sina muretsema ei pea. TL-SF1005D on ideaalne valik laiendamaks juhtmega v\u00f5rku ning kindlustab, et v\u00f5rgu kiirused on alati kiired ja t\u00f6\u00f6kindlad. Innovaatiline energias\u00e4\u00e4stmise tehnoloogia v\u00e4hendab tarbivust kuni 68%!<\/p>\n","protected":false},"featured_media":16096,"template":"","meta":[],"product_brand":[],"product_cat":[1306],"product_tag":[1521,1514],"class_list":{"0":"post-16084","1":"product","2":"type-product","3":"status-publish","4":"has-post-thumbnail","6":"product_cat-outlet-et","7":"product_tag-dahua-et","8":"product_tag-5-port-et","10":"first","11":"instock","12":"sale","13":"taxable","14":"shipping-taxable","15":"purchasable","16":"product-type-simple"},"yoast_head":"<!-- This site is optimized with the Yoast SEO Premium plugin v27.3 (Yoast SEO v27.3) - https:\/\/yoast.com\/product\/yoast-seo-premium-wordpress\/ -->\n<title>Switch TP-Link - Fonolukk<\/title>\n<meta name=\"description\" content=\"TL-SF1005D 5-pordiline 10\/100 Mbps switch tagab lihtsa v\u00f5imaluse oma juhtmega v\u00f5rgu laiendamiseks.\" \/>\n<meta name=\"robots\" content=\"index, follow, max-snippet:-1, max-image-preview:large, max-video-preview:-1\" \/>\n<link rel=\"canonical\" href=\"https:\/\/fonolukk.eu\/et\/tooted\/switch-tp-link\/\" \/>\n<meta property=\"og:locale\" content=\"et_EE\" \/>\n<meta property=\"og:type\" content=\"article\" \/>\n<meta property=\"og:title\" content=\"Switch TP-Link TL-SF1005D 5-pordiline\" \/>\n<meta property=\"og:description\" content=\"TL-SF1005D 5-pordiline 10\/100 Mbps switch tagab lihtsa v\u00f5imaluse oma juhtmega v\u00f5rgu laiendamiseks. K\u00f5ik 5 porti toetavad auto-MDI\/MDIX-i, seega kasutatava kaabli p\u00e4rast Sina muretsema ei pea. TL-SF1005D on ideaalne valik laiendamaks juhtmega v\u00f5rku ning kindlustab, et v\u00f5rgu kiirused on alati kiired ja t\u00f6\u00f6kindlad. Innovaatiline energias\u00e4\u00e4stmise tehnoloogia v\u00e4hendab tarbivust kuni 68%!\" \/>\n<meta property=\"og:url\" content=\"https:\/\/fonolukk.eu\/et\/tooted\/switch-tp-link\/\" \/>\n<meta property=\"og:site_name\" content=\"Fonolukk\" \/>\n<meta property=\"article:publisher\" content=\"https:\/\/www.facebook.com\/fonolukk\" \/>\n<meta property=\"article:modified_time\" content=\"2023-08-10T08:32:05+00:00\" \/>\n<meta property=\"og:image\" content=\"https:\/\/fonolukk.eu\/wp-content\/uploads\/2023\/08\/tl-sf1005d-fonolukk.png\" \/>\n\t<meta property=\"og:image:width\" content=\"1250\" \/>\n\t<meta property=\"og:image:height\" content=\"863\" \/>\n\t<meta property=\"og:image:type\" content=\"image\/png\" \/>\n<meta name=\"twitter:card\" content=\"summary_large_image\" \/>\n<meta name=\"twitter:title\" content=\"Switch TP-Link\" \/>\n<meta name=\"twitter:label1\" content=\"Hind\" \/>\n\t<meta name=\"twitter:data1\" content=\"&euro;7.50 koos KM\" \/>\n\t<meta name=\"twitter:label2\" content=\"Availability\" \/>\n\t<meta name=\"twitter:data2\" content=\"Laos\" \/>\n<script type=\"application\/ld+json\" class=\"yoast-schema-graph\">{\"@context\":\"https:\\\/\\\/schema.org\",\"@graph\":[{\"@type\":\"WebPage\",\"@id\":\"https:\\\/\\\/fonolukk.eu\\\/et\\\/tooted\\\/switch-tp-link\\\/\",\"url\":\"https:\\\/\\\/fonolukk.eu\\\/et\\\/tooted\\\/switch-tp-link\\\/\",\"name\":\"Switch TP-Link - Fonolukk\",\"isPartOf\":{\"@id\":\"https:\\\/\\\/fonolukk.eu\\\/et\\\/#website\"},\"primaryImageOfPage\":{\"@id\":\"https:\\\/\\\/fonolukk.eu\\\/et\\\/tooted\\\/switch-tp-link\\\/#primaryimage\"},\"image\":{\"@id\":\"https:\\\/\\\/fonolukk.eu\\\/et\\\/tooted\\\/switch-tp-link\\\/#primaryimage\"},\"thumbnailUrl\":\"https:\\\/\\\/fonolukk.eu\\\/wp-content\\\/uploads\\\/2023\\\/08\\\/tl-sf1005d-fonolukk.png\",\"datePublished\":\"2023-08-10T08:05:38+00:00\",\"dateModified\":\"2023-08-10T08:32:05+00:00\",\"description\":\"TL-SF1005D 5-pordiline 10\\\/100 Mbps switch tagab lihtsa v\u00f5imaluse oma juhtmega v\u00f5rgu laiendamiseks.\",\"breadcrumb\":{\"@id\":\"https:\\\/\\\/fonolukk.eu\\\/et\\\/tooted\\\/switch-tp-link\\\/#breadcrumb\"},\"inLanguage\":\"et\",\"potentialAction\":[{\"@type\":\"ReadAction\",\"target\":[\"https:\\\/\\\/fonolukk.eu\\\/et\\\/tooted\\\/switch-tp-link\\\/\"]}]},{\"@type\":\"ImageObject\",\"inLanguage\":\"et\",\"@id\":\"https:\\\/\\\/fonolukk.eu\\\/et\\\/tooted\\\/switch-tp-link\\\/#primaryimage\",\"url\":\"https:\\\/\\\/fonolukk.eu\\\/wp-content\\\/uploads\\\/2023\\\/08\\\/tl-sf1005d-fonolukk.png\",\"contentUrl\":\"https:\\\/\\\/fonolukk.eu\\\/wp-content\\\/uploads\\\/2023\\\/08\\\/tl-sf1005d-fonolukk.png\",\"width\":1250,\"height\":863,\"caption\":\"Tl-SF1005D\"},{\"@type\":\"BreadcrumbList\",\"@id\":\"https:\\\/\\\/fonolukk.eu\\\/et\\\/tooted\\\/switch-tp-link\\\/#breadcrumb\",\"itemListElement\":[{\"@type\":\"ListItem\",\"position\":1,\"name\":\"Esileht\",\"item\":\"https:\\\/\\\/fonolukk.eu\\\/et\\\/koduleht\\\/\"},{\"@type\":\"ListItem\",\"position\":2,\"name\":\"Tooted\",\"item\":\"https:\\\/\\\/fonolukk.eu\\\/et\\\/shop-2\\\/\"},{\"@type\":\"ListItem\",\"position\":3,\"name\":\"Outlet\",\"item\":\"https:\\\/\\\/fonolukk.eu\\\/et\\\/product-category\\\/outlet-et\\\/\"},{\"@type\":\"ListItem\",\"position\":4,\"name\":\"Switch TP-Link\"}]},{\"@type\":\"WebSite\",\"@id\":\"https:\\\/\\\/fonolukk.eu\\\/et\\\/#website\",\"url\":\"https:\\\/\\\/fonolukk.eu\\\/et\\\/\",\"name\":\"Fonolukk eu\",\"description\":\"Smart Security Systems\",\"publisher\":{\"@id\":\"https:\\\/\\\/fonolukk.eu\\\/et\\\/#organization\"},\"potentialAction\":[{\"@type\":\"SearchAction\",\"target\":{\"@type\":\"EntryPoint\",\"urlTemplate\":\"https:\\\/\\\/fonolukk.eu\\\/et\\\/?s={search_term_string}\"},\"query-input\":{\"@type\":\"PropertyValueSpecification\",\"valueRequired\":true,\"valueName\":\"search_term_string\"}}],\"inLanguage\":\"et\"},{\"@type\":\"Organization\",\"@id\":\"https:\\\/\\\/fonolukk.eu\\\/et\\\/#organization\",\"name\":\"Smart Security OU\",\"url\":\"https:\\\/\\\/fonolukk.eu\\\/et\\\/\",\"logo\":{\"@type\":\"ImageObject\",\"inLanguage\":\"et\",\"@id\":\"https:\\\/\\\/fonolukk.eu\\\/et\\\/#\\\/schema\\\/logo\\\/image\\\/\",\"url\":\"https:\\\/\\\/fonolukk.eu\\\/wp-content\\\/uploads\\\/2023\\\/09\\\/fonolukk.png\",\"contentUrl\":\"https:\\\/\\\/fonolukk.eu\\\/wp-content\\\/uploads\\\/2023\\\/09\\\/fonolukk.png\",\"width\":277,\"height\":274,\"caption\":\"Smart Security OU\"},\"image\":{\"@id\":\"https:\\\/\\\/fonolukk.eu\\\/et\\\/#\\\/schema\\\/logo\\\/image\\\/\"},\"sameAs\":[\"https:\\\/\\\/www.facebook.com\\\/fonolukk\",\"https:\\\/\\\/www.instagram.com\\\/fonolukk\\\/?hl=ru\"],\"publishingPrinciples\":\"https:\\\/\\\/fonolukk.eu\\\/terms-and-conditions\\\/\",\"ownershipFundingInfo\":\"https:\\\/\\\/fonolukk.eu\\\/about-us\\\/\"}]}<\/script>\n<meta property=\"product:price:amount\" content=\"7.50\" \/>\n<meta property=\"product:price:currency\" content=\"EUR\" \/>\n<meta property=\"og:availability\" content=\"instock\" \/>\n<meta property=\"product:availability\" content=\"instock\" \/>\n<meta property=\"product:retailer_item_id\" content=\"TL-SF1005D\" \/>\n<meta property=\"product:condition\" content=\"new\" \/>\n<!-- \/ Yoast SEO Premium plugin. -->","yoast_head_json":{"title":"Switch TP-Link - Fonolukk","description":"TL-SF1005D 5-pordiline 10\/100 Mbps switch tagab lihtsa v\u00f5imaluse oma juhtmega v\u00f5rgu laiendamiseks.","robots":{"index":"index","follow":"follow","max-snippet":"max-snippet:-1","max-image-preview":"max-image-preview:large","max-video-preview":"max-video-preview:-1"},"canonical":"https:\/\/fonolukk.eu\/et\/tooted\/switch-tp-link\/","og_locale":"et_EE","og_type":"article","og_title":"Switch TP-Link TL-SF1005D 5-pordiline","og_description":"TL-SF1005D 5-pordiline 10\/100 Mbps switch tagab lihtsa v\u00f5imaluse oma juhtmega v\u00f5rgu laiendamiseks. K\u00f5ik 5 porti toetavad auto-MDI\/MDIX-i, seega kasutatava kaabli p\u00e4rast Sina muretsema ei pea. TL-SF1005D on ideaalne valik laiendamaks juhtmega v\u00f5rku ning kindlustab, et v\u00f5rgu kiirused on alati kiired ja t\u00f6\u00f6kindlad. Innovaatiline energias\u00e4\u00e4stmise tehnoloogia v\u00e4hendab tarbivust kuni 68%!","og_url":"https:\/\/fonolukk.eu\/et\/tooted\/switch-tp-link\/","og_site_name":"Fonolukk","article_publisher":"https:\/\/www.facebook.com\/fonolukk","article_modified_time":"2023-08-10T08:32:05+00:00","og_image":[{"width":1250,"height":863,"url":"https:\/\/fonolukk.eu\/wp-content\/uploads\/2023\/08\/tl-sf1005d-fonolukk.png","type":"image\/png"}],"twitter_card":"summary_large_image","twitter_title":"Switch TP-Link","twitter_misc":{"Hind":"&euro;7.50 koos KM","Availability":"Laos"},"schema":{"@context":"https:\/\/schema.org","@graph":[{"@type":"WebPage","@id":"https:\/\/fonolukk.eu\/et\/tooted\/switch-tp-link\/","url":"https:\/\/fonolukk.eu\/et\/tooted\/switch-tp-link\/","name":"Switch TP-Link - Fonolukk","isPartOf":{"@id":"https:\/\/fonolukk.eu\/et\/#website"},"primaryImageOfPage":{"@id":"https:\/\/fonolukk.eu\/et\/tooted\/switch-tp-link\/#primaryimage"},"image":{"@id":"https:\/\/fonolukk.eu\/et\/tooted\/switch-tp-link\/#primaryimage"},"thumbnailUrl":"https:\/\/fonolukk.eu\/wp-content\/uploads\/2023\/08\/tl-sf1005d-fonolukk.png","datePublished":"2023-08-10T08:05:38+00:00","dateModified":"2023-08-10T08:32:05+00:00","description":"TL-SF1005D 5-pordiline 10\/100 Mbps switch tagab lihtsa v\u00f5imaluse oma juhtmega v\u00f5rgu laiendamiseks.","breadcrumb":{"@id":"https:\/\/fonolukk.eu\/et\/tooted\/switch-tp-link\/#breadcrumb"},"inLanguage":"et","potentialAction":[{"@type":"ReadAction","target":["https:\/\/fonolukk.eu\/et\/tooted\/switch-tp-link\/"]}]},{"@type":"ImageObject","inLanguage":"et","@id":"https:\/\/fonolukk.eu\/et\/tooted\/switch-tp-link\/#primaryimage","url":"https:\/\/fonolukk.eu\/wp-content\/uploads\/2023\/08\/tl-sf1005d-fonolukk.png","contentUrl":"https:\/\/fonolukk.eu\/wp-content\/uploads\/2023\/08\/tl-sf1005d-fonolukk.png","width":1250,"height":863,"caption":"Tl-SF1005D"},{"@type":"BreadcrumbList","@id":"https:\/\/fonolukk.eu\/et\/tooted\/switch-tp-link\/#breadcrumb","itemListElement":[{"@type":"ListItem","position":1,"name":"Esileht","item":"https:\/\/fonolukk.eu\/et\/koduleht\/"},{"@type":"ListItem","position":2,"name":"Tooted","item":"https:\/\/fonolukk.eu\/et\/shop-2\/"},{"@type":"ListItem","position":3,"name":"Outlet","item":"https:\/\/fonolukk.eu\/et\/product-category\/outlet-et\/"},{"@type":"ListItem","position":4,"name":"Switch TP-Link"}]},{"@type":"WebSite","@id":"https:\/\/fonolukk.eu\/et\/#website","url":"https:\/\/fonolukk.eu\/et\/","name":"Fonolukk eu","description":"Smart Security Systems","publisher":{"@id":"https:\/\/fonolukk.eu\/et\/#organization"},"potentialAction":[{"@type":"SearchAction","target":{"@type":"EntryPoint","urlTemplate":"https:\/\/fonolukk.eu\/et\/?s={search_term_string}"},"query-input":{"@type":"PropertyValueSpecification","valueRequired":true,"valueName":"search_term_string"}}],"inLanguage":"et"},{"@type":"Organization","@id":"https:\/\/fonolukk.eu\/et\/#organization","name":"Smart Security OU","url":"https:\/\/fonolukk.eu\/et\/","logo":{"@type":"ImageObject","inLanguage":"et","@id":"https:\/\/fonolukk.eu\/et\/#\/schema\/logo\/image\/","url":"https:\/\/fonolukk.eu\/wp-content\/uploads\/2023\/09\/fonolukk.png","contentUrl":"https:\/\/fonolukk.eu\/wp-content\/uploads\/2023\/09\/fonolukk.png","width":277,"height":274,"caption":"Smart Security OU"},"image":{"@id":"https:\/\/fonolukk.eu\/et\/#\/schema\/logo\/image\/"},"sameAs":["https:\/\/www.facebook.com\/fonolukk","https:\/\/www.instagram.com\/fonolukk\/?hl=ru"],"publishingPrinciples":"https:\/\/fonolukk.eu\/terms-and-conditions\/","ownershipFundingInfo":"https:\/\/fonolukk.eu\/about-us\/"}]},"product_price_amount":"7.50","product_price_currency":"EUR","og_availability":"instock","product_availability":"instock","product_retailer_item_id":"TL-SF1005D","product_condition":"new"},"_links":{"self":[{"href":"https:\/\/fonolukk.eu\/et\/wp-json\/wp\/v2\/product\/16084","targetHints":{"allow":["GET"]}}],"collection":[{"href":"https:\/\/fonolukk.eu\/et\/wp-json\/wp\/v2\/product"}],"about":[{"href":"https:\/\/fonolukk.eu\/et\/wp-json\/wp\/v2\/types\/product"}],"version-history":[{"count":0,"href":"https:\/\/fonolukk.eu\/et\/wp-json\/wp\/v2\/product\/16084\/revisions"}],"wp:featuredmedia":[{"embeddable":true,"href":"https:\/\/fonolukk.eu\/et\/wp-json\/wp\/v2\/media\/16096"}],"wp:attachment":[{"href":"https:\/\/fonolukk.eu\/et\/wp-json\/wp\/v2\/media?parent=16084"}],"wp:term":[{"taxonomy":"product_brand","embeddable":true,"href":"https:\/\/fonolukk.eu\/et\/wp-json\/wp\/v2\/product_brand?post=16084"},{"taxonomy":"product_cat","embeddable":true,"href":"https:\/\/fonolukk.eu\/et\/wp-json\/wp\/v2\/product_cat?post=16084"},{"taxonomy":"product_tag","embeddable":true,"href":"https:\/\/fonolukk.eu\/et\/wp-json\/wp\/v2\/product_tag?post=16084"}],"curies":[{"name":"wp","href":"https:\/\/api.w.org\/{rel}","templated":true}]}}