{"id":16122,"date":"2023-08-10T16:24:02","date_gmt":"2023-08-10T13:24:03","guid":{"rendered":"https:\/\/fonolukk.eu\/?post_type=product&#038;p=16122"},"modified":"2023-08-10T16:47:50","modified_gmt":"2023-08-10T13:47:50","slug":"z-2-usb","status":"publish","type":"product","link":"https:\/\/fonolukk.eu\/et\/tooted\/z-2-usb\/","title":{"rendered":"Z-2 USB"},"content":{"rendered":"<p><span class=\"VIpgJd-yAWNEb-VIpgJd-fmcmS-sn54Q\">Z-2 USB on laua mitmeformaadiline USB-\u00fchendusega lugeja, mis v\u00f5imaldab lugeda EM Marine 125KHz, Temic T5577 ja Mifare 13,56MHz v\u00f5tmete ID-d. <\/span>Z-2 USB laua lugeja saab kirjutada ka Temici ja Mifare Ultralight klahvidele.<\/p>\n<p>See v\u00f5imaldab edukalt rakendada Z-2 USB lauaarvuti lugejat allahindlus- ja makses\u00fcsteemidele, rendijaamadele, l\u00e4bip\u00e4\u00e4sus\u00fcsteemidele, tuvastamisele, isikup\u00e4rastamisele ja muudele RFID-tehnoloogiat kasutavatele projektidele.<\/p>\n<table class=\"uk-table uk-table-hover uk-table-striped uk-table-condensed\">\n<tbody>\n<tr class=\"index-0 element-a3728163-6621-42d9-877a-4b0bda4f8ccb element-select first\">\n<td class=\"element-label\">Eesm\u00e4rk<\/td>\n<td>Lugeja<\/td>\n<\/tr>\n<tr class=\"index-4 element-727c8192-e68d-4abb-8032-76127f7faaed element-select\">\n<td class=\"element-label\">\u00dchenduse t\u00fc\u00fcp<\/td>\n<td>USB<\/td>\n<\/tr>\n<tr class=\"index-8 element-962b4d0e-35a9-4119-9ac8-5487d94f7790 element-select\">\n<td class=\"element-label\">Funktsioonid<\/td>\n<td>Lugema kirjutama<\/td>\n<\/tr>\n<tr class=\"index-12 element-c51c14c4-f366-4d20-b6c6-813eb647efa8 element-select\">\n<td class=\"element-label\">T\u00f6\u00f6sagedus<\/td>\n<td>125 KHz, 13,56 MHz<\/td>\n<\/tr>\n<tr class=\"index-16 element-21905181-d3ce-4537-a9a0-d98b81d00af4 element-select\">\n<td class=\"element-label\">V\u00f5tmet\u00fc\u00fcbid<\/td>\n<td>RFID (l\u00e4hedus)<\/td>\n<\/tr>\n<tr class=\"index-20 element-95e6176c-ee4b-4bc5-a670-9a6e62c528d3 element-select\">\n<td class=\"element-label\">Lugeja standard (loe)<\/td>\n<td>EM Marine, Temic, HID ProxCard II, Mifare Plus, Mifare Ultralight<\/td>\n<\/tr>\n<tr class=\"index-24 element-62b2ebae-f0e4-4810-9919-e271bbb161ef element-select last\">\n<td class=\"element-label\">Lugeja standard (kirjutamine)<\/td>\n<td>Temic, Mifare Ultralight<\/td>\n<\/tr>\n<\/tbody>\n<\/table>\n<table class=\"uk-table uk-table-hover uk-table-striped uk-table-condensed\">\n<tbody>\n<tr class=\"index-0 element-16627de6-80eb-40b1-9f2a-164c289de297 element-text first\">\n<td class=\"element-label\">USB \u00fchendus<\/td>\n<td>B-t\u00fc\u00fcpi USB (USB 2.0)<\/td>\n<\/tr>\n<tr class=\"index-4 element-4fdda3c2-af8b-4312-a602-71be2aff4592 element-text\">\n<td class=\"element-label\">RFID lugemis-\/kirjutusulatus (cm)<\/td>\n<td>4\u20138<\/td>\n<\/tr>\n<tr class=\"index-17 element-201b8ccc-cfa1-4bd5-ae0f-248b428295db element-text\">\n<td class=\"element-label\">Lugeja ja arvuti maksimaalne kaugus (m)<\/td>\n<td>1.8<\/td>\n<\/tr>\n<tr class=\"index-21 element-769f7f58-3733-4612-9b62-f799a993a99b element-text\">\n<td class=\"element-label\">Pinge<\/td>\n<td>5 V DC (USB)<\/td>\n<\/tr>\n<tr class=\"index-25 element-54407ec3-36cd-40d0-a4b7-4d393d5eeca7 element-select\">\n<td class=\"element-label\">Bleeper<\/td>\n<td>Sumiseja<\/td>\n<\/tr>\n<tr class=\"index-29 element-7941f479-1875-4a2f-aa13-03675f2b1417 element-select\">\n<td class=\"element-label\">Visuaalne n\u00e4it<\/td>\n<td>1 x 2-v\u00e4rviline LED<\/td>\n<\/tr>\n<tr class=\"index-33 element-3511e212-1f3e-4433-b8b6-eb67becac129 element-text\">\n<td class=\"element-label\">T\u00f6\u00f6temperatuur (\u00b0C)<\/td>\n<td>+5&#8230;+40<\/td>\n<\/tr>\n<tr class=\"index-37 element-2b04a08a-9c2a-492f-b01d-abd8210b7a6f element-select\">\n<td class=\"element-label\">Korpuse materjal<\/td>\n<td>ABS pol\u00fcmeer<\/td>\n<\/tr>\n<tr class=\"index-41 element-9f22205f-b559-4e17-9c07-858c51cca014 element-text last\">\n<td class=\"element-label\">M\u00f5\u00f5dud (mm)<\/td>\n<td>110x80x24<\/td>\n<\/tr>\n<\/tbody>\n<\/table>\n<div class='w3eden'><!-- WPDM Link Template: Default Template -->\n\n<div class=\"link-template-default card mb-2\">\n    <div class=\"card-body\">\n        <div class=\"media\">\n            <div class=\"mr-3 img-48\"><img decoding=\"async\" class=\"wpdm_icon\" alt=\"Icon\"   src=\"https:\/\/fonolukk.eu\/wp-content\/plugins\/download-manager\/assets\/file-type-icons\/pdf.svg\" \/><\/div>\n            <div class=\"media-body\">\n                <h3 class=\"package-title\"><a href='https:\/\/fonolukk.eu\/download\/z-2-usb\/'>Z-2 USB<\/a><\/h3>\n                <div class=\"text-muted text-small\"><i class=\"fas fa-copy\"><\/i> 1 file(s) <i class=\"fas fa-hdd ml-3\"><\/i> 2.19 MB<\/div>\n            <\/div>\n            <div class=\"ml-3\">\n                <a class='wpdm-download-link download-on-click btn btn-primary ' rel='nofollow' href='#' data-downloadurl=\"https:\/\/fonolukk.eu\/download\/z-2-usb\/?wpdmdl=16128&refresh=69e7b21c8b6161776792092\">Lae<\/a>\n            <\/div>\n        <\/div>\n    <\/div>\n<\/div>\n\n<\/div>\n","protected":false},"excerpt":{"rendered":"<p><span>Z-2 USB-lugejal on t\u00e4iendav tasuta SDK-lugerite komplekt, mis v\u00f5imaldab teil h\u00f5lpsasti oma rakendusi arendada.\u00a0<\/span><span class=\"VIpgJd-yAWNEb-VIpgJd-fmcmS-sn54Q\">Tasuta tarkvara PlaceCard ja CopyCard v\u00e4hendab hoolduskulusid ja suurendab juurdep\u00e4\u00e4sukontrollis\u00fcsteemide hoolduse mugavust.<\/span><\/p>\n","protected":false},"featured_media":18299,"template":"","meta":[],"product_brand":[],"product_cat":[1533,867,866],"product_tag":[],"class_list":{"0":"post-16122","1":"product","2":"type-product","3":"status-publish","4":"has-post-thumbnail","6":"product_cat-laua-lugeja","7":"product_cat-lugeja","8":"product_cat-labipaasususteem","10":"first","11":"instock","12":"taxable","13":"shipping-taxable","14":"product-type-simple"},"yoast_head":"<!-- This site is optimized with the Yoast SEO Premium plugin v27.3 (Yoast SEO v27.3) - https:\/\/yoast.com\/product\/yoast-seo-premium-wordpress\/ -->\n<title>Z-2 USB - Fonolukk<\/title>\n<meta name=\"description\" content=\"Z-2 USB-lugejal on t\u00e4iendav tasuta SDK-lugerite komplekt, mis v\u00f5imaldab teil h\u00f5lpsasti oma rakendusi arendada.\" \/>\n<meta name=\"robots\" content=\"index, follow, max-snippet:-1, max-image-preview:large, max-video-preview:-1\" \/>\n<link rel=\"canonical\" href=\"https:\/\/fonolukk.eu\/et\/tooted\/z-2-usb\/\" \/>\n<meta property=\"og:locale\" content=\"et_EE\" \/>\n<meta property=\"og:type\" content=\"article\" \/>\n<meta property=\"og:title\" content=\"Z-2 USB\" \/>\n<meta property=\"og:description\" content=\"Z-2 USB-lugejal on t\u00e4iendav tasuta SDK-lugerite komplekt, mis v\u00f5imaldab teil h\u00f5lpsasti oma rakendusi arendada.\u00a0Tasuta tarkvara PlaceCard ja CopyCard v\u00e4hendab hoolduskulusid ja suurendab juurdep\u00e4\u00e4sukontrollis\u00fcsteemide hoolduse mugavust.\" \/>\n<meta property=\"og:url\" content=\"https:\/\/fonolukk.eu\/et\/tooted\/z-2-usb\/\" \/>\n<meta property=\"og:site_name\" content=\"Fonolukk\" \/>\n<meta property=\"article:publisher\" content=\"https:\/\/www.facebook.com\/fonolukk\" \/>\n<meta property=\"article:modified_time\" content=\"2023-08-10T13:47:50+00:00\" \/>\n<meta property=\"og:image\" content=\"https:\/\/fonolukk.eu\/wp-content\/uploads\/2023\/08\/z-2-fonolukk.jpeg\" \/>\n\t<meta property=\"og:image:width\" content=\"600\" \/>\n\t<meta property=\"og:image:height\" content=\"600\" \/>\n\t<meta property=\"og:image:type\" content=\"image\/jpeg\" \/>\n<meta name=\"twitter:card\" content=\"summary_large_image\" \/>\n<meta name=\"twitter:label1\" content=\"Hind\" \/>\n\t<meta name=\"twitter:data1\" content=\"\" \/>\n\t<meta name=\"twitter:label2\" content=\"Availability\" \/>\n\t<meta name=\"twitter:data2\" content=\"Laos\" \/>\n<script type=\"application\/ld+json\" class=\"yoast-schema-graph\">{\"@context\":\"https:\\\/\\\/schema.org\",\"@graph\":[{\"@type\":\"WebPage\",\"@id\":\"https:\\\/\\\/fonolukk.eu\\\/et\\\/tooted\\\/z-2-usb\\\/\",\"url\":\"https:\\\/\\\/fonolukk.eu\\\/et\\\/tooted\\\/z-2-usb\\\/\",\"name\":\"Z-2 USB - Fonolukk\",\"isPartOf\":{\"@id\":\"https:\\\/\\\/fonolukk.eu\\\/et\\\/#website\"},\"primaryImageOfPage\":{\"@id\":\"https:\\\/\\\/fonolukk.eu\\\/et\\\/tooted\\\/z-2-usb\\\/#primaryimage\"},\"image\":{\"@id\":\"https:\\\/\\\/fonolukk.eu\\\/et\\\/tooted\\\/z-2-usb\\\/#primaryimage\"},\"thumbnailUrl\":\"https:\\\/\\\/fonolukk.eu\\\/wp-content\\\/uploads\\\/2023\\\/08\\\/z-2-usb.jpeg\",\"datePublished\":\"2023-08-10T13:24:03+00:00\",\"dateModified\":\"2023-08-10T13:47:50+00:00\",\"description\":\"Z-2 USB-lugejal on t\u00e4iendav tasuta SDK-lugerite komplekt, mis v\u00f5imaldab teil h\u00f5lpsasti oma rakendusi arendada.\",\"breadcrumb\":{\"@id\":\"https:\\\/\\\/fonolukk.eu\\\/et\\\/tooted\\\/z-2-usb\\\/#breadcrumb\"},\"inLanguage\":\"et\",\"potentialAction\":[{\"@type\":\"ReadAction\",\"target\":[\"https:\\\/\\\/fonolukk.eu\\\/et\\\/tooted\\\/z-2-usb\\\/\"]}]},{\"@type\":\"ImageObject\",\"inLanguage\":\"et\",\"@id\":\"https:\\\/\\\/fonolukk.eu\\\/et\\\/tooted\\\/z-2-usb\\\/#primaryimage\",\"url\":\"https:\\\/\\\/fonolukk.eu\\\/wp-content\\\/uploads\\\/2023\\\/08\\\/z-2-usb.jpeg\",\"contentUrl\":\"https:\\\/\\\/fonolukk.eu\\\/wp-content\\\/uploads\\\/2023\\\/08\\\/z-2-usb.jpeg\",\"width\":600,\"height\":600,\"caption\":\"z-2\"},{\"@type\":\"BreadcrumbList\",\"@id\":\"https:\\\/\\\/fonolukk.eu\\\/et\\\/tooted\\\/z-2-usb\\\/#breadcrumb\",\"itemListElement\":[{\"@type\":\"ListItem\",\"position\":1,\"name\":\"Esileht\",\"item\":\"https:\\\/\\\/fonolukk.eu\\\/et\\\/koduleht\\\/\"},{\"@type\":\"ListItem\",\"position\":2,\"name\":\"Tooted\",\"item\":\"https:\\\/\\\/fonolukk.eu\\\/et\\\/shop-2\\\/\"},{\"@type\":\"ListItem\",\"position\":3,\"name\":\"L\u00e4bip\u00e4\u00e4sus\u00fcsteem\",\"item\":\"https:\\\/\\\/fonolukk.eu\\\/et\\\/product-category\\\/labipaasususteem\\\/\"},{\"@type\":\"ListItem\",\"position\":4,\"name\":\"Z-2 USB\"}]},{\"@type\":\"WebSite\",\"@id\":\"https:\\\/\\\/fonolukk.eu\\\/et\\\/#website\",\"url\":\"https:\\\/\\\/fonolukk.eu\\\/et\\\/\",\"name\":\"Fonolukk eu\",\"description\":\"Smart Security Systems\",\"publisher\":{\"@id\":\"https:\\\/\\\/fonolukk.eu\\\/et\\\/#organization\"},\"potentialAction\":[{\"@type\":\"SearchAction\",\"target\":{\"@type\":\"EntryPoint\",\"urlTemplate\":\"https:\\\/\\\/fonolukk.eu\\\/et\\\/?s={search_term_string}\"},\"query-input\":{\"@type\":\"PropertyValueSpecification\",\"valueRequired\":true,\"valueName\":\"search_term_string\"}}],\"inLanguage\":\"et\"},{\"@type\":\"Organization\",\"@id\":\"https:\\\/\\\/fonolukk.eu\\\/et\\\/#organization\",\"name\":\"Smart Security OU\",\"url\":\"https:\\\/\\\/fonolukk.eu\\\/et\\\/\",\"logo\":{\"@type\":\"ImageObject\",\"inLanguage\":\"et\",\"@id\":\"https:\\\/\\\/fonolukk.eu\\\/et\\\/#\\\/schema\\\/logo\\\/image\\\/\",\"url\":\"https:\\\/\\\/fonolukk.eu\\\/wp-content\\\/uploads\\\/2023\\\/09\\\/fonolukk.png\",\"contentUrl\":\"https:\\\/\\\/fonolukk.eu\\\/wp-content\\\/uploads\\\/2023\\\/09\\\/fonolukk.png\",\"width\":277,\"height\":274,\"caption\":\"Smart Security OU\"},\"image\":{\"@id\":\"https:\\\/\\\/fonolukk.eu\\\/et\\\/#\\\/schema\\\/logo\\\/image\\\/\"},\"sameAs\":[\"https:\\\/\\\/www.facebook.com\\\/fonolukk\",\"https:\\\/\\\/www.instagram.com\\\/fonolukk\\\/?hl=ru\"],\"publishingPrinciples\":\"https:\\\/\\\/fonolukk.eu\\\/terms-and-conditions\\\/\",\"ownershipFundingInfo\":\"https:\\\/\\\/fonolukk.eu\\\/about-us\\\/\"}]}<\/script>\n<meta property=\"product:price:amount\" content=\"0.00\" \/>\n<meta property=\"product:price:currency\" content=\"EUR\" \/>\n<meta property=\"og:availability\" content=\"instock\" \/>\n<meta property=\"product:availability\" content=\"instock\" \/>\n<meta property=\"product:retailer_item_id\" content=\"Z-2 USB\" \/>\n<meta property=\"product:condition\" content=\"new\" \/>\n<!-- \/ Yoast SEO Premium plugin. -->","yoast_head_json":{"title":"Z-2 USB - Fonolukk","description":"Z-2 USB-lugejal on t\u00e4iendav tasuta SDK-lugerite komplekt, mis v\u00f5imaldab teil h\u00f5lpsasti oma rakendusi arendada.","robots":{"index":"index","follow":"follow","max-snippet":"max-snippet:-1","max-image-preview":"max-image-preview:large","max-video-preview":"max-video-preview:-1"},"canonical":"https:\/\/fonolukk.eu\/et\/tooted\/z-2-usb\/","og_locale":"et_EE","og_type":"article","og_title":"Z-2 USB","og_description":"Z-2 USB-lugejal on t\u00e4iendav tasuta SDK-lugerite komplekt, mis v\u00f5imaldab teil h\u00f5lpsasti oma rakendusi arendada.\u00a0Tasuta tarkvara PlaceCard ja CopyCard v\u00e4hendab hoolduskulusid ja suurendab juurdep\u00e4\u00e4sukontrollis\u00fcsteemide hoolduse mugavust.","og_url":"https:\/\/fonolukk.eu\/et\/tooted\/z-2-usb\/","og_site_name":"Fonolukk","article_publisher":"https:\/\/www.facebook.com\/fonolukk","article_modified_time":"2023-08-10T13:47:50+00:00","og_image":[{"width":600,"height":600,"url":"https:\/\/fonolukk.eu\/wp-content\/uploads\/2023\/08\/z-2-fonolukk.jpeg","type":"image\/jpeg"}],"twitter_card":"summary_large_image","twitter_misc":{"Hind":"","Availability":"Laos"},"schema":{"@context":"https:\/\/schema.org","@graph":[{"@type":"WebPage","@id":"https:\/\/fonolukk.eu\/et\/tooted\/z-2-usb\/","url":"https:\/\/fonolukk.eu\/et\/tooted\/z-2-usb\/","name":"Z-2 USB - Fonolukk","isPartOf":{"@id":"https:\/\/fonolukk.eu\/et\/#website"},"primaryImageOfPage":{"@id":"https:\/\/fonolukk.eu\/et\/tooted\/z-2-usb\/#primaryimage"},"image":{"@id":"https:\/\/fonolukk.eu\/et\/tooted\/z-2-usb\/#primaryimage"},"thumbnailUrl":"https:\/\/fonolukk.eu\/wp-content\/uploads\/2023\/08\/z-2-usb.jpeg","datePublished":"2023-08-10T13:24:03+00:00","dateModified":"2023-08-10T13:47:50+00:00","description":"Z-2 USB-lugejal on t\u00e4iendav tasuta SDK-lugerite komplekt, mis v\u00f5imaldab teil h\u00f5lpsasti oma rakendusi arendada.","breadcrumb":{"@id":"https:\/\/fonolukk.eu\/et\/tooted\/z-2-usb\/#breadcrumb"},"inLanguage":"et","potentialAction":[{"@type":"ReadAction","target":["https:\/\/fonolukk.eu\/et\/tooted\/z-2-usb\/"]}]},{"@type":"ImageObject","inLanguage":"et","@id":"https:\/\/fonolukk.eu\/et\/tooted\/z-2-usb\/#primaryimage","url":"https:\/\/fonolukk.eu\/wp-content\/uploads\/2023\/08\/z-2-usb.jpeg","contentUrl":"https:\/\/fonolukk.eu\/wp-content\/uploads\/2023\/08\/z-2-usb.jpeg","width":600,"height":600,"caption":"z-2"},{"@type":"BreadcrumbList","@id":"https:\/\/fonolukk.eu\/et\/tooted\/z-2-usb\/#breadcrumb","itemListElement":[{"@type":"ListItem","position":1,"name":"Esileht","item":"https:\/\/fonolukk.eu\/et\/koduleht\/"},{"@type":"ListItem","position":2,"name":"Tooted","item":"https:\/\/fonolukk.eu\/et\/shop-2\/"},{"@type":"ListItem","position":3,"name":"L\u00e4bip\u00e4\u00e4sus\u00fcsteem","item":"https:\/\/fonolukk.eu\/et\/product-category\/labipaasususteem\/"},{"@type":"ListItem","position":4,"name":"Z-2 USB"}]},{"@type":"WebSite","@id":"https:\/\/fonolukk.eu\/et\/#website","url":"https:\/\/fonolukk.eu\/et\/","name":"Fonolukk eu","description":"Smart Security Systems","publisher":{"@id":"https:\/\/fonolukk.eu\/et\/#organization"},"potentialAction":[{"@type":"SearchAction","target":{"@type":"EntryPoint","urlTemplate":"https:\/\/fonolukk.eu\/et\/?s={search_term_string}"},"query-input":{"@type":"PropertyValueSpecification","valueRequired":true,"valueName":"search_term_string"}}],"inLanguage":"et"},{"@type":"Organization","@id":"https:\/\/fonolukk.eu\/et\/#organization","name":"Smart Security OU","url":"https:\/\/fonolukk.eu\/et\/","logo":{"@type":"ImageObject","inLanguage":"et","@id":"https:\/\/fonolukk.eu\/et\/#\/schema\/logo\/image\/","url":"https:\/\/fonolukk.eu\/wp-content\/uploads\/2023\/09\/fonolukk.png","contentUrl":"https:\/\/fonolukk.eu\/wp-content\/uploads\/2023\/09\/fonolukk.png","width":277,"height":274,"caption":"Smart Security OU"},"image":{"@id":"https:\/\/fonolukk.eu\/et\/#\/schema\/logo\/image\/"},"sameAs":["https:\/\/www.facebook.com\/fonolukk","https:\/\/www.instagram.com\/fonolukk\/?hl=ru"],"publishingPrinciples":"https:\/\/fonolukk.eu\/terms-and-conditions\/","ownershipFundingInfo":"https:\/\/fonolukk.eu\/about-us\/"}]},"product_price_amount":"0.00","product_price_currency":"EUR","og_availability":"instock","product_availability":"instock","product_retailer_item_id":"Z-2 USB","product_condition":"new"},"_links":{"self":[{"href":"https:\/\/fonolukk.eu\/et\/wp-json\/wp\/v2\/product\/16122","targetHints":{"allow":["GET"]}}],"collection":[{"href":"https:\/\/fonolukk.eu\/et\/wp-json\/wp\/v2\/product"}],"about":[{"href":"https:\/\/fonolukk.eu\/et\/wp-json\/wp\/v2\/types\/product"}],"version-history":[{"count":0,"href":"https:\/\/fonolukk.eu\/et\/wp-json\/wp\/v2\/product\/16122\/revisions"}],"wp:featuredmedia":[{"embeddable":true,"href":"https:\/\/fonolukk.eu\/et\/wp-json\/wp\/v2\/media\/18299"}],"wp:attachment":[{"href":"https:\/\/fonolukk.eu\/et\/wp-json\/wp\/v2\/media?parent=16122"}],"wp:term":[{"taxonomy":"product_brand","embeddable":true,"href":"https:\/\/fonolukk.eu\/et\/wp-json\/wp\/v2\/product_brand?post=16122"},{"taxonomy":"product_cat","embeddable":true,"href":"https:\/\/fonolukk.eu\/et\/wp-json\/wp\/v2\/product_cat?post=16122"},{"taxonomy":"product_tag","embeddable":true,"href":"https:\/\/fonolukk.eu\/et\/wp-json\/wp\/v2\/product_tag?post=16122"}],"curies":[{"name":"wp","href":"https:\/\/api.w.org\/{rel}","templated":true}]}}