{"id":16148,"date":"2023-08-16T12:06:38","date_gmt":"2023-08-16T09:06:38","guid":{"rendered":"https:\/\/fonolukk.eu\/?post_type=product&#038;p=16148"},"modified":"2023-08-16T14:00:52","modified_gmt":"2023-08-16T11:00:52","slug":"abloy-8904-kasutatud","status":"publish","type":"product","link":"https:\/\/fonolukk.eu\/et\/tooted\/abloy-8904-kasutatud\/","title":{"rendered":"ABLOY 8904 (Kasutatud)"},"content":{"rendered":"<p>&#8211; \u00d6ine lukustus;\u00a0polt ulatub v\u00e4lja 20 mm ja polt on fikseeritud.\u00a0K\u00e4epide ei ava lukku.<br \/>\n&#8211; p\u00e4evane lukustus;\u00a0polt ulatub 14 mm ja k\u00e4epide avab luku.\u00a0\u00dcmberl\u00fclitamist \u00f6\u00f6lt p\u00e4evale saab valida elektriliselt ja mehaaniliselt.<br \/>\n&#8211; Polt t\u00f5mbub avanemisimpulsi vastu t\u00e4ielikult korpuse sisse, v\u00f5imaldades ust avada l\u00fckates v\u00f5i t\u00f5mmates.<\/p>\n<p><strong>ABLOY 8904 TEHNILISED ANDMED<\/strong><\/p>\n<ul>\n<li>T\u00f6\u00f6pinge 24 VDC.\u00a0\u00b1 15%<\/li>\n<li>Maksimaalne vool 0,3 A<\/li>\n<li>Reguleeritav viivitus 1&#8230;20 sek.<\/li>\n<li>Temperatuur -20\u00b0C&#8230;+60\u00b0C<\/li>\n<li>20 mm pearaamatu v\u00e4ljalaskeava (8904)<\/li>\n<li>14 mm (8910)<\/li>\n<li>Kaugus esiribast silindri keskkohani on 50 mm<\/li>\n<li>Esilatt 32 mm<\/li>\n<li>Varras 8 mm<\/li>\n<li>Silindrid ovaalsed Skandinaavia t\u00fc\u00fcpi v\u00f5i Soome t\u00fc\u00fcpi<\/li>\n<li>Lukustusvarras 4692 \/ 4693<\/li>\n<li>Kaabel EA212 (8904) (ei sisalda)<\/li>\n<li>EA210 \/ EA211 (8910)<\/li>\n<\/ul>\n","protected":false},"excerpt":{"rendered":"<p><span class=\"VIpgJd-yAWNEb-VIpgJd-fmcmS-sn54Q\">ABLOY 8904 sobib kaugjuhitavate sissep\u00e4\u00e4sude ja kontori siseuste jaoks.\u00a0<\/span><span>See sobib h\u00e4sti siseruumides kasutamiseks koos l\u00e4bip\u00e4\u00e4sus\u00fcsteemidega ja \u00fchildub ukseautomaatikaga.<\/span><\/p>\n","protected":false},"featured_media":16156,"template":"","meta":[],"product_brand":[],"product_cat":[1306],"product_tag":[1542],"class_list":{"0":"post-16148","1":"product","2":"type-product","3":"status-publish","4":"has-post-thumbnail","6":"product_cat-outlet-et","7":"product_tag-abloy-8904-et","9":"first","10":"instock","11":"taxable","12":"shipping-taxable","13":"purchasable","14":"product-type-simple"},"yoast_head":"<!-- This site is optimized with the Yoast SEO Premium plugin v27.3 (Yoast SEO v27.3) - https:\/\/yoast.com\/product\/yoast-seo-premium-wordpress\/ -->\n<title>ABLOY 8904 (Kasutatud) - Fonolukk<\/title>\n<meta name=\"description\" content=\"ABLOY 8904 sobib kaugjuhitavate sissep\u00e4\u00e4sude ja kontori siseuste jaoks.\u00a0See sobib h\u00e4sti siseruumides kasutamiseks koos l\u00e4bip\u00e4\u00e4sus\u00fcsteemidega.\" \/>\n<meta name=\"robots\" content=\"index, follow, max-snippet:-1, max-image-preview:large, max-video-preview:-1\" \/>\n<link rel=\"canonical\" href=\"https:\/\/fonolukk.eu\/et\/tooted\/abloy-8904-kasutatud\/\" \/>\n<meta property=\"og:locale\" content=\"et_EE\" \/>\n<meta property=\"og:type\" content=\"article\" \/>\n<meta property=\"og:title\" content=\"ABLOY 8904 (Kasutatud)\" \/>\n<meta property=\"og:description\" content=\"ABLOY 8904 sobib kaugjuhitavate sissep\u00e4\u00e4sude ja kontori siseuste jaoks.\u00a0See sobib h\u00e4sti siseruumides kasutamiseks koos l\u00e4bip\u00e4\u00e4sus\u00fcsteemidega ja \u00fchildub ukseautomaatikaga.\" \/>\n<meta property=\"og:url\" content=\"https:\/\/fonolukk.eu\/et\/tooted\/abloy-8904-kasutatud\/\" \/>\n<meta property=\"og:site_name\" content=\"Fonolukk\" \/>\n<meta property=\"article:publisher\" content=\"https:\/\/www.facebook.com\/fonolukk\" \/>\n<meta property=\"article:modified_time\" content=\"2023-08-16T11:00:52+00:00\" \/>\n<meta property=\"og:image\" content=\"https:\/\/fonolukk.eu\/wp-content\/uploads\/2023\/08\/abloy_8904-f-1-fonolukk.png\" \/>\n\t<meta property=\"og:image:width\" content=\"1202\" \/>\n\t<meta property=\"og:image:height\" content=\"1204\" \/>\n\t<meta property=\"og:image:type\" content=\"image\/png\" \/>\n<meta name=\"twitter:card\" content=\"summary_large_image\" \/>\n<meta name=\"twitter:label1\" content=\"Hind\" \/>\n\t<meta name=\"twitter:data1\" content=\"&euro;0.00 koos KM\" \/>\n\t<meta name=\"twitter:label2\" content=\"Availability\" \/>\n\t<meta name=\"twitter:data2\" content=\"Laos\" \/>\n<script type=\"application\/ld+json\" class=\"yoast-schema-graph\">{\"@context\":\"https:\\\/\\\/schema.org\",\"@graph\":[{\"@type\":\"WebPage\",\"@id\":\"https:\\\/\\\/fonolukk.eu\\\/et\\\/tooted\\\/abloy-8904-kasutatud\\\/\",\"url\":\"https:\\\/\\\/fonolukk.eu\\\/et\\\/tooted\\\/abloy-8904-kasutatud\\\/\",\"name\":\"ABLOY 8904 (Kasutatud) - Fonolukk\",\"isPartOf\":{\"@id\":\"https:\\\/\\\/fonolukk.eu\\\/et\\\/#website\"},\"primaryImageOfPage\":{\"@id\":\"https:\\\/\\\/fonolukk.eu\\\/et\\\/tooted\\\/abloy-8904-kasutatud\\\/#primaryimage\"},\"image\":{\"@id\":\"https:\\\/\\\/fonolukk.eu\\\/et\\\/tooted\\\/abloy-8904-kasutatud\\\/#primaryimage\"},\"thumbnailUrl\":\"https:\\\/\\\/fonolukk.eu\\\/wp-content\\\/uploads\\\/2023\\\/08\\\/abloy_8904-f-1-fonolukk.png\",\"datePublished\":\"2023-08-16T09:06:38+00:00\",\"dateModified\":\"2023-08-16T11:00:52+00:00\",\"description\":\"ABLOY 8904 sobib kaugjuhitavate sissep\u00e4\u00e4sude ja kontori siseuste jaoks.\u00a0See sobib h\u00e4sti siseruumides kasutamiseks koos l\u00e4bip\u00e4\u00e4sus\u00fcsteemidega.\",\"breadcrumb\":{\"@id\":\"https:\\\/\\\/fonolukk.eu\\\/et\\\/tooted\\\/abloy-8904-kasutatud\\\/#breadcrumb\"},\"inLanguage\":\"et\",\"potentialAction\":[{\"@type\":\"ReadAction\",\"target\":[\"https:\\\/\\\/fonolukk.eu\\\/et\\\/tooted\\\/abloy-8904-kasutatud\\\/\"]}]},{\"@type\":\"ImageObject\",\"inLanguage\":\"et\",\"@id\":\"https:\\\/\\\/fonolukk.eu\\\/et\\\/tooted\\\/abloy-8904-kasutatud\\\/#primaryimage\",\"url\":\"https:\\\/\\\/fonolukk.eu\\\/wp-content\\\/uploads\\\/2023\\\/08\\\/abloy_8904-f-1-fonolukk.png\",\"contentUrl\":\"https:\\\/\\\/fonolukk.eu\\\/wp-content\\\/uploads\\\/2023\\\/08\\\/abloy_8904-f-1-fonolukk.png\",\"width\":1202,\"height\":1204,\"caption\":\"ABLOY 8904\"},{\"@type\":\"BreadcrumbList\",\"@id\":\"https:\\\/\\\/fonolukk.eu\\\/et\\\/tooted\\\/abloy-8904-kasutatud\\\/#breadcrumb\",\"itemListElement\":[{\"@type\":\"ListItem\",\"position\":1,\"name\":\"Esileht\",\"item\":\"https:\\\/\\\/fonolukk.eu\\\/et\\\/koduleht\\\/\"},{\"@type\":\"ListItem\",\"position\":2,\"name\":\"Tooted\",\"item\":\"https:\\\/\\\/fonolukk.eu\\\/et\\\/shop-2\\\/\"},{\"@type\":\"ListItem\",\"position\":3,\"name\":\"Outlet\",\"item\":\"https:\\\/\\\/fonolukk.eu\\\/et\\\/product-category\\\/outlet-et\\\/\"},{\"@type\":\"ListItem\",\"position\":4,\"name\":\"ABLOY 8904 (Kasutatud)\"}]},{\"@type\":\"WebSite\",\"@id\":\"https:\\\/\\\/fonolukk.eu\\\/et\\\/#website\",\"url\":\"https:\\\/\\\/fonolukk.eu\\\/et\\\/\",\"name\":\"Fonolukk eu\",\"description\":\"Smart Security Systems\",\"publisher\":{\"@id\":\"https:\\\/\\\/fonolukk.eu\\\/et\\\/#organization\"},\"potentialAction\":[{\"@type\":\"SearchAction\",\"target\":{\"@type\":\"EntryPoint\",\"urlTemplate\":\"https:\\\/\\\/fonolukk.eu\\\/et\\\/?s={search_term_string}\"},\"query-input\":{\"@type\":\"PropertyValueSpecification\",\"valueRequired\":true,\"valueName\":\"search_term_string\"}}],\"inLanguage\":\"et\"},{\"@type\":\"Organization\",\"@id\":\"https:\\\/\\\/fonolukk.eu\\\/et\\\/#organization\",\"name\":\"Smart Security OU\",\"url\":\"https:\\\/\\\/fonolukk.eu\\\/et\\\/\",\"logo\":{\"@type\":\"ImageObject\",\"inLanguage\":\"et\",\"@id\":\"https:\\\/\\\/fonolukk.eu\\\/et\\\/#\\\/schema\\\/logo\\\/image\\\/\",\"url\":\"https:\\\/\\\/fonolukk.eu\\\/wp-content\\\/uploads\\\/2023\\\/09\\\/fonolukk.png\",\"contentUrl\":\"https:\\\/\\\/fonolukk.eu\\\/wp-content\\\/uploads\\\/2023\\\/09\\\/fonolukk.png\",\"width\":277,\"height\":274,\"caption\":\"Smart Security OU\"},\"image\":{\"@id\":\"https:\\\/\\\/fonolukk.eu\\\/et\\\/#\\\/schema\\\/logo\\\/image\\\/\"},\"sameAs\":[\"https:\\\/\\\/www.facebook.com\\\/fonolukk\",\"https:\\\/\\\/www.instagram.com\\\/fonolukk\\\/?hl=ru\"],\"publishingPrinciples\":\"https:\\\/\\\/fonolukk.eu\\\/terms-and-conditions\\\/\",\"ownershipFundingInfo\":\"https:\\\/\\\/fonolukk.eu\\\/about-us\\\/\"}]}<\/script>\n<meta property=\"product:price:amount\" content=\"0.00\" \/>\n<meta property=\"product:price:currency\" content=\"EUR\" \/>\n<meta property=\"og:availability\" content=\"instock\" \/>\n<meta property=\"product:availability\" content=\"instock\" \/>\n<meta property=\"product:retailer_item_id\" content=\"8904\" \/>\n<meta property=\"product:condition\" content=\"new\" \/>\n<!-- \/ Yoast SEO Premium plugin. -->","yoast_head_json":{"title":"ABLOY 8904 (Kasutatud) - Fonolukk","description":"ABLOY 8904 sobib kaugjuhitavate sissep\u00e4\u00e4sude ja kontori siseuste jaoks.\u00a0See sobib h\u00e4sti siseruumides kasutamiseks koos l\u00e4bip\u00e4\u00e4sus\u00fcsteemidega.","robots":{"index":"index","follow":"follow","max-snippet":"max-snippet:-1","max-image-preview":"max-image-preview:large","max-video-preview":"max-video-preview:-1"},"canonical":"https:\/\/fonolukk.eu\/et\/tooted\/abloy-8904-kasutatud\/","og_locale":"et_EE","og_type":"article","og_title":"ABLOY 8904 (Kasutatud)","og_description":"ABLOY 8904 sobib kaugjuhitavate sissep\u00e4\u00e4sude ja kontori siseuste jaoks.\u00a0See sobib h\u00e4sti siseruumides kasutamiseks koos l\u00e4bip\u00e4\u00e4sus\u00fcsteemidega ja \u00fchildub ukseautomaatikaga.","og_url":"https:\/\/fonolukk.eu\/et\/tooted\/abloy-8904-kasutatud\/","og_site_name":"Fonolukk","article_publisher":"https:\/\/www.facebook.com\/fonolukk","article_modified_time":"2023-08-16T11:00:52+00:00","og_image":[{"width":1202,"height":1204,"url":"https:\/\/fonolukk.eu\/wp-content\/uploads\/2023\/08\/abloy_8904-f-1-fonolukk.png","type":"image\/png"}],"twitter_card":"summary_large_image","twitter_misc":{"Hind":"&euro;0.00 koos KM","Availability":"Laos"},"schema":{"@context":"https:\/\/schema.org","@graph":[{"@type":"WebPage","@id":"https:\/\/fonolukk.eu\/et\/tooted\/abloy-8904-kasutatud\/","url":"https:\/\/fonolukk.eu\/et\/tooted\/abloy-8904-kasutatud\/","name":"ABLOY 8904 (Kasutatud) - Fonolukk","isPartOf":{"@id":"https:\/\/fonolukk.eu\/et\/#website"},"primaryImageOfPage":{"@id":"https:\/\/fonolukk.eu\/et\/tooted\/abloy-8904-kasutatud\/#primaryimage"},"image":{"@id":"https:\/\/fonolukk.eu\/et\/tooted\/abloy-8904-kasutatud\/#primaryimage"},"thumbnailUrl":"https:\/\/fonolukk.eu\/wp-content\/uploads\/2023\/08\/abloy_8904-f-1-fonolukk.png","datePublished":"2023-08-16T09:06:38+00:00","dateModified":"2023-08-16T11:00:52+00:00","description":"ABLOY 8904 sobib kaugjuhitavate sissep\u00e4\u00e4sude ja kontori siseuste jaoks.\u00a0See sobib h\u00e4sti siseruumides kasutamiseks koos l\u00e4bip\u00e4\u00e4sus\u00fcsteemidega.","breadcrumb":{"@id":"https:\/\/fonolukk.eu\/et\/tooted\/abloy-8904-kasutatud\/#breadcrumb"},"inLanguage":"et","potentialAction":[{"@type":"ReadAction","target":["https:\/\/fonolukk.eu\/et\/tooted\/abloy-8904-kasutatud\/"]}]},{"@type":"ImageObject","inLanguage":"et","@id":"https:\/\/fonolukk.eu\/et\/tooted\/abloy-8904-kasutatud\/#primaryimage","url":"https:\/\/fonolukk.eu\/wp-content\/uploads\/2023\/08\/abloy_8904-f-1-fonolukk.png","contentUrl":"https:\/\/fonolukk.eu\/wp-content\/uploads\/2023\/08\/abloy_8904-f-1-fonolukk.png","width":1202,"height":1204,"caption":"ABLOY 8904"},{"@type":"BreadcrumbList","@id":"https:\/\/fonolukk.eu\/et\/tooted\/abloy-8904-kasutatud\/#breadcrumb","itemListElement":[{"@type":"ListItem","position":1,"name":"Esileht","item":"https:\/\/fonolukk.eu\/et\/koduleht\/"},{"@type":"ListItem","position":2,"name":"Tooted","item":"https:\/\/fonolukk.eu\/et\/shop-2\/"},{"@type":"ListItem","position":3,"name":"Outlet","item":"https:\/\/fonolukk.eu\/et\/product-category\/outlet-et\/"},{"@type":"ListItem","position":4,"name":"ABLOY 8904 (Kasutatud)"}]},{"@type":"WebSite","@id":"https:\/\/fonolukk.eu\/et\/#website","url":"https:\/\/fonolukk.eu\/et\/","name":"Fonolukk eu","description":"Smart Security Systems","publisher":{"@id":"https:\/\/fonolukk.eu\/et\/#organization"},"potentialAction":[{"@type":"SearchAction","target":{"@type":"EntryPoint","urlTemplate":"https:\/\/fonolukk.eu\/et\/?s={search_term_string}"},"query-input":{"@type":"PropertyValueSpecification","valueRequired":true,"valueName":"search_term_string"}}],"inLanguage":"et"},{"@type":"Organization","@id":"https:\/\/fonolukk.eu\/et\/#organization","name":"Smart Security OU","url":"https:\/\/fonolukk.eu\/et\/","logo":{"@type":"ImageObject","inLanguage":"et","@id":"https:\/\/fonolukk.eu\/et\/#\/schema\/logo\/image\/","url":"https:\/\/fonolukk.eu\/wp-content\/uploads\/2023\/09\/fonolukk.png","contentUrl":"https:\/\/fonolukk.eu\/wp-content\/uploads\/2023\/09\/fonolukk.png","width":277,"height":274,"caption":"Smart Security OU"},"image":{"@id":"https:\/\/fonolukk.eu\/et\/#\/schema\/logo\/image\/"},"sameAs":["https:\/\/www.facebook.com\/fonolukk","https:\/\/www.instagram.com\/fonolukk\/?hl=ru"],"publishingPrinciples":"https:\/\/fonolukk.eu\/terms-and-conditions\/","ownershipFundingInfo":"https:\/\/fonolukk.eu\/about-us\/"}]},"product_price_amount":"0.00","product_price_currency":"EUR","og_availability":"instock","product_availability":"instock","product_retailer_item_id":"8904","product_condition":"new"},"_links":{"self":[{"href":"https:\/\/fonolukk.eu\/et\/wp-json\/wp\/v2\/product\/16148","targetHints":{"allow":["GET"]}}],"collection":[{"href":"https:\/\/fonolukk.eu\/et\/wp-json\/wp\/v2\/product"}],"about":[{"href":"https:\/\/fonolukk.eu\/et\/wp-json\/wp\/v2\/types\/product"}],"version-history":[{"count":0,"href":"https:\/\/fonolukk.eu\/et\/wp-json\/wp\/v2\/product\/16148\/revisions"}],"wp:featuredmedia":[{"embeddable":true,"href":"https:\/\/fonolukk.eu\/et\/wp-json\/wp\/v2\/media\/16156"}],"wp:attachment":[{"href":"https:\/\/fonolukk.eu\/et\/wp-json\/wp\/v2\/media?parent=16148"}],"wp:term":[{"taxonomy":"product_brand","embeddable":true,"href":"https:\/\/fonolukk.eu\/et\/wp-json\/wp\/v2\/product_brand?post=16148"},{"taxonomy":"product_cat","embeddable":true,"href":"https:\/\/fonolukk.eu\/et\/wp-json\/wp\/v2\/product_cat?post=16148"},{"taxonomy":"product_tag","embeddable":true,"href":"https:\/\/fonolukk.eu\/et\/wp-json\/wp\/v2\/product_tag?post=16148"}],"curies":[{"name":"wp","href":"https:\/\/api.w.org\/{rel}","templated":true}]}}