{"id":16163,"date":"2023-08-16T12:27:19","date_gmt":"2023-08-16T09:27:19","guid":{"rendered":"https:\/\/fonolukk.eu\/?post_type=product&#038;p=16163"},"modified":"2023-08-16T13:57:27","modified_gmt":"2023-08-16T10:57:27","slug":"abloy-8329-kasutatud","status":"publish","type":"product","link":"https:\/\/fonolukk.eu\/et\/tooted\/abloy-8329-kasutatud\/","title":{"rendered":"ABLOY 8329 (Kasutatud)"},"content":{"rendered":"<h2>ABLOY 8329 funktsionaalsus:<\/h2>\n<ul>\n<li>\u00d6\u00f6re\u017eiim: polt v\u00e4ljub kuni 14 mm ja on fikseeritud.<\/li>\n<li>P\u00e4evare\u017eiim: Polt on 14 mm juures, kuid pole fikseeritud, k\u00e4epide avab luku.<\/li>\n<li>Sulgpolt t\u00f5mbub avanemisimpulsi eest korpuse sisse.<\/li>\n<li>Rigel t\u00f5mmatakse mootori poolt sisse ja v\u00e4ljub vedru j\u00f5ust.<\/li>\n<li>8329 sobib kaugjuhitavate v\u00e4ravate ja kaubanduskeskuste, elamute jms v\u00e4lisuste lukustamiseks.<\/li>\n<li>Lukk sobib h\u00e4sti kasutamiseks l\u00e4bip\u00e4\u00e4sus\u00fcsteemidega ja \u00fchildub ukseautomaatikaga.<\/li>\n<li>EL807: luku versioon 8329 tulet\u00f5kkeuste jaoks<\/li>\n<li>Avamisimpulss ei t\u00f5mbu luku korpusesse luku korpuse sisse, kuid pulss vabastab lukustuspoldi p\u00e4rast m\u00e4\u00e4ratud viivitusaega k\u00e4epidemest avamiseks.<\/li>\n<li><span class=\"\">Kui avanemisimpulss puudub, on ABLOY 8329 lukk \u00f6\u00f6re\u017eiimil.<\/span><\/li>\n<\/ul>\n<h3>ABLOY 8329 TEHNILINE SPETSIFIKATSIOON<\/h3>\n<ul>\n<li>T\u00f6\u00f6pinge 24 VDC.\u00a0\u00b1 15%<\/li>\n<li>Maksimaalne vool 0,3 A<\/li>\n<li>Reguleeritav viivitus 1&#8230;20 sek.<\/li>\n<li>Temperatuur -20\u00b0C&#8230;+60\u00b0C<\/li>\n<li>Ahtripeegli v\u00e4ljap\u00e4\u00e4s 14 mm<\/li>\n<li>Kaugus esiriba pinnast silindri keskkohani on 30 mm<\/li>\n<li>Silinder 30 mm<\/li>\n<li>Esiliist 32 mm<\/li>\n<li>Varras 8 mm<\/li>\n<li>Ovaalsed skandinaavia t\u00fc\u00fcpi silindrid v\u00f5i soome t\u00fc\u00fcpi<\/li>\n<li>Lukustusvarras 4613 \/ 4614<\/li>\n<li>Kaabel EA212 (ei sisalda)<\/li>\n<li>\u00dchenduskaabel EL650\/EL651 &gt; 8329 EA204<\/li>\n<\/ul>\n","protected":false},"excerpt":{"rendered":"<p>ABLOY 8329 funktsionaalsus: \u00d6\u00f6re\u017eiim: polt v\u00e4ljub kuni 14 mm ja on fikseeritud. P\u00e4evare\u017eiim: Polt on 14 mm juures, kuid pole<\/p>\n","protected":false},"featured_media":16171,"template":"","meta":[],"product_brand":[],"product_cat":[1306],"product_tag":[1536],"class_list":{"0":"post-16163","1":"product","2":"type-product","3":"status-publish","4":"has-post-thumbnail","6":"product_cat-outlet-et","7":"product_tag-abloy-8329-et","9":"first","10":"outofstock","11":"taxable","12":"shipping-taxable","13":"product-type-simple"},"yoast_head":"<!-- This site is optimized with the Yoast SEO Premium plugin v27.3 (Yoast SEO v27.3) - https:\/\/yoast.com\/product\/yoast-seo-premium-wordpress\/ -->\n<title>ABLOY 8329 (Kasutatud) - Fonolukk<\/title>\n<meta name=\"description\" content=\"ABLOY 8329 Lukk sobib h\u00e4sti kasutamiseks l\u00e4bip\u00e4\u00e4sus\u00fcsteemidega ja \u00fchildub ukseautomaatikaga.\" \/>\n<meta name=\"robots\" content=\"index, follow, max-snippet:-1, max-image-preview:large, max-video-preview:-1\" \/>\n<link rel=\"canonical\" href=\"https:\/\/fonolukk.eu\/et\/tooted\/abloy-8329-kasutatud\/\" \/>\n<meta property=\"og:locale\" content=\"et_EE\" \/>\n<meta property=\"og:type\" content=\"article\" \/>\n<meta property=\"og:title\" content=\"ABLOY 8329 (Kasutatud)\" \/>\n<meta property=\"og:description\" content=\"ABLOY 8329 funktsionaalsus: \u00d6\u00f6re\u017eiim: polt v\u00e4ljub kuni 14 mm ja on fikseeritud. P\u00e4evare\u017eiim: Polt on 14 mm juures, kuid pole fikseeritud, k\u00e4epide avab\" \/>\n<meta property=\"og:url\" content=\"https:\/\/fonolukk.eu\/et\/tooted\/abloy-8329-kasutatud\/\" \/>\n<meta property=\"og:site_name\" content=\"Fonolukk\" \/>\n<meta property=\"article:publisher\" content=\"https:\/\/www.facebook.com\/fonolukk\" \/>\n<meta property=\"article:modified_time\" content=\"2023-08-16T10:57:27+00:00\" \/>\n<meta property=\"og:image\" content=\"https:\/\/fonolukk.eu\/wp-content\/uploads\/2023\/08\/abloy_8329-1-fonolukk.png\" \/>\n\t<meta property=\"og:image:width\" content=\"1600\" \/>\n\t<meta property=\"og:image:height\" content=\"1547\" \/>\n\t<meta property=\"og:image:type\" content=\"image\/png\" \/>\n<meta name=\"twitter:card\" content=\"summary_large_image\" \/>\n<meta name=\"twitter:label1\" content=\"Hind\" \/>\n\t<meta name=\"twitter:data1\" content=\"\" \/>\n\t<meta name=\"twitter:label2\" content=\"Availability\" \/>\n\t<meta name=\"twitter:data2\" content=\"Laost otsas\" \/>\n<script type=\"application\/ld+json\" class=\"yoast-schema-graph\">{\"@context\":\"https:\\\/\\\/schema.org\",\"@graph\":[{\"@type\":\"WebPage\",\"@id\":\"https:\\\/\\\/fonolukk.eu\\\/et\\\/tooted\\\/abloy-8329-kasutatud\\\/\",\"url\":\"https:\\\/\\\/fonolukk.eu\\\/et\\\/tooted\\\/abloy-8329-kasutatud\\\/\",\"name\":\"ABLOY 8329 (Kasutatud) - Fonolukk\",\"isPartOf\":{\"@id\":\"https:\\\/\\\/fonolukk.eu\\\/et\\\/#website\"},\"primaryImageOfPage\":{\"@id\":\"https:\\\/\\\/fonolukk.eu\\\/et\\\/tooted\\\/abloy-8329-kasutatud\\\/#primaryimage\"},\"image\":{\"@id\":\"https:\\\/\\\/fonolukk.eu\\\/et\\\/tooted\\\/abloy-8329-kasutatud\\\/#primaryimage\"},\"thumbnailUrl\":\"https:\\\/\\\/fonolukk.eu\\\/wp-content\\\/uploads\\\/2023\\\/08\\\/abloy_8329-1-fonolukk.png\",\"datePublished\":\"2023-08-16T09:27:19+00:00\",\"dateModified\":\"2023-08-16T10:57:27+00:00\",\"description\":\"ABLOY 8329 Lukk sobib h\u00e4sti kasutamiseks l\u00e4bip\u00e4\u00e4sus\u00fcsteemidega ja \u00fchildub ukseautomaatikaga.\",\"breadcrumb\":{\"@id\":\"https:\\\/\\\/fonolukk.eu\\\/et\\\/tooted\\\/abloy-8329-kasutatud\\\/#breadcrumb\"},\"inLanguage\":\"et\",\"potentialAction\":[{\"@type\":\"ReadAction\",\"target\":[\"https:\\\/\\\/fonolukk.eu\\\/et\\\/tooted\\\/abloy-8329-kasutatud\\\/\"]}]},{\"@type\":\"ImageObject\",\"inLanguage\":\"et\",\"@id\":\"https:\\\/\\\/fonolukk.eu\\\/et\\\/tooted\\\/abloy-8329-kasutatud\\\/#primaryimage\",\"url\":\"https:\\\/\\\/fonolukk.eu\\\/wp-content\\\/uploads\\\/2023\\\/08\\\/abloy_8329-1-fonolukk.png\",\"contentUrl\":\"https:\\\/\\\/fonolukk.eu\\\/wp-content\\\/uploads\\\/2023\\\/08\\\/abloy_8329-1-fonolukk.png\",\"width\":1600,\"height\":1547,\"caption\":\"ABLOY 8329\"},{\"@type\":\"BreadcrumbList\",\"@id\":\"https:\\\/\\\/fonolukk.eu\\\/et\\\/tooted\\\/abloy-8329-kasutatud\\\/#breadcrumb\",\"itemListElement\":[{\"@type\":\"ListItem\",\"position\":1,\"name\":\"Esileht\",\"item\":\"https:\\\/\\\/fonolukk.eu\\\/et\\\/koduleht\\\/\"},{\"@type\":\"ListItem\",\"position\":2,\"name\":\"Tooted\",\"item\":\"https:\\\/\\\/fonolukk.eu\\\/et\\\/shop-2\\\/\"},{\"@type\":\"ListItem\",\"position\":3,\"name\":\"Outlet\",\"item\":\"https:\\\/\\\/fonolukk.eu\\\/et\\\/product-category\\\/outlet-et\\\/\"},{\"@type\":\"ListItem\",\"position\":4,\"name\":\"ABLOY 8329 (Kasutatud)\"}]},{\"@type\":\"WebSite\",\"@id\":\"https:\\\/\\\/fonolukk.eu\\\/et\\\/#website\",\"url\":\"https:\\\/\\\/fonolukk.eu\\\/et\\\/\",\"name\":\"Fonolukk eu\",\"description\":\"Smart Security Systems\",\"publisher\":{\"@id\":\"https:\\\/\\\/fonolukk.eu\\\/et\\\/#organization\"},\"potentialAction\":[{\"@type\":\"SearchAction\",\"target\":{\"@type\":\"EntryPoint\",\"urlTemplate\":\"https:\\\/\\\/fonolukk.eu\\\/et\\\/?s={search_term_string}\"},\"query-input\":{\"@type\":\"PropertyValueSpecification\",\"valueRequired\":true,\"valueName\":\"search_term_string\"}}],\"inLanguage\":\"et\"},{\"@type\":\"Organization\",\"@id\":\"https:\\\/\\\/fonolukk.eu\\\/et\\\/#organization\",\"name\":\"Smart Security OU\",\"url\":\"https:\\\/\\\/fonolukk.eu\\\/et\\\/\",\"logo\":{\"@type\":\"ImageObject\",\"inLanguage\":\"et\",\"@id\":\"https:\\\/\\\/fonolukk.eu\\\/et\\\/#\\\/schema\\\/logo\\\/image\\\/\",\"url\":\"https:\\\/\\\/fonolukk.eu\\\/wp-content\\\/uploads\\\/2023\\\/09\\\/fonolukk.png\",\"contentUrl\":\"https:\\\/\\\/fonolukk.eu\\\/wp-content\\\/uploads\\\/2023\\\/09\\\/fonolukk.png\",\"width\":277,\"height\":274,\"caption\":\"Smart Security OU\"},\"image\":{\"@id\":\"https:\\\/\\\/fonolukk.eu\\\/et\\\/#\\\/schema\\\/logo\\\/image\\\/\"},\"sameAs\":[\"https:\\\/\\\/www.facebook.com\\\/fonolukk\",\"https:\\\/\\\/www.instagram.com\\\/fonolukk\\\/?hl=ru\"],\"publishingPrinciples\":\"https:\\\/\\\/fonolukk.eu\\\/terms-and-conditions\\\/\",\"ownershipFundingInfo\":\"https:\\\/\\\/fonolukk.eu\\\/about-us\\\/\"}]}<\/script>\n<meta property=\"product:price:amount\" content=\"0.00\" \/>\n<meta property=\"product:price:currency\" content=\"EUR\" \/>\n<meta property=\"og:availability\" content=\"out of stock\" \/>\n<meta property=\"product:availability\" content=\"out of stock\" \/>\n<meta property=\"product:retailer_item_id\" content=\"8329\" \/>\n<meta property=\"product:condition\" content=\"new\" \/>\n<!-- \/ Yoast SEO Premium plugin. -->","yoast_head_json":{"title":"ABLOY 8329 (Kasutatud) - Fonolukk","description":"ABLOY 8329 Lukk sobib h\u00e4sti kasutamiseks l\u00e4bip\u00e4\u00e4sus\u00fcsteemidega ja \u00fchildub ukseautomaatikaga.","robots":{"index":"index","follow":"follow","max-snippet":"max-snippet:-1","max-image-preview":"max-image-preview:large","max-video-preview":"max-video-preview:-1"},"canonical":"https:\/\/fonolukk.eu\/et\/tooted\/abloy-8329-kasutatud\/","og_locale":"et_EE","og_type":"article","og_title":"ABLOY 8329 (Kasutatud)","og_description":"ABLOY 8329 funktsionaalsus: \u00d6\u00f6re\u017eiim: polt v\u00e4ljub kuni 14 mm ja on fikseeritud. P\u00e4evare\u017eiim: Polt on 14 mm juures, kuid pole fikseeritud, k\u00e4epide avab","og_url":"https:\/\/fonolukk.eu\/et\/tooted\/abloy-8329-kasutatud\/","og_site_name":"Fonolukk","article_publisher":"https:\/\/www.facebook.com\/fonolukk","article_modified_time":"2023-08-16T10:57:27+00:00","og_image":[{"width":1600,"height":1547,"url":"https:\/\/fonolukk.eu\/wp-content\/uploads\/2023\/08\/abloy_8329-1-fonolukk.png","type":"image\/png"}],"twitter_card":"summary_large_image","twitter_misc":{"Hind":"","Availability":"Laost otsas"},"schema":{"@context":"https:\/\/schema.org","@graph":[{"@type":"WebPage","@id":"https:\/\/fonolukk.eu\/et\/tooted\/abloy-8329-kasutatud\/","url":"https:\/\/fonolukk.eu\/et\/tooted\/abloy-8329-kasutatud\/","name":"ABLOY 8329 (Kasutatud) - Fonolukk","isPartOf":{"@id":"https:\/\/fonolukk.eu\/et\/#website"},"primaryImageOfPage":{"@id":"https:\/\/fonolukk.eu\/et\/tooted\/abloy-8329-kasutatud\/#primaryimage"},"image":{"@id":"https:\/\/fonolukk.eu\/et\/tooted\/abloy-8329-kasutatud\/#primaryimage"},"thumbnailUrl":"https:\/\/fonolukk.eu\/wp-content\/uploads\/2023\/08\/abloy_8329-1-fonolukk.png","datePublished":"2023-08-16T09:27:19+00:00","dateModified":"2023-08-16T10:57:27+00:00","description":"ABLOY 8329 Lukk sobib h\u00e4sti kasutamiseks l\u00e4bip\u00e4\u00e4sus\u00fcsteemidega ja \u00fchildub ukseautomaatikaga.","breadcrumb":{"@id":"https:\/\/fonolukk.eu\/et\/tooted\/abloy-8329-kasutatud\/#breadcrumb"},"inLanguage":"et","potentialAction":[{"@type":"ReadAction","target":["https:\/\/fonolukk.eu\/et\/tooted\/abloy-8329-kasutatud\/"]}]},{"@type":"ImageObject","inLanguage":"et","@id":"https:\/\/fonolukk.eu\/et\/tooted\/abloy-8329-kasutatud\/#primaryimage","url":"https:\/\/fonolukk.eu\/wp-content\/uploads\/2023\/08\/abloy_8329-1-fonolukk.png","contentUrl":"https:\/\/fonolukk.eu\/wp-content\/uploads\/2023\/08\/abloy_8329-1-fonolukk.png","width":1600,"height":1547,"caption":"ABLOY 8329"},{"@type":"BreadcrumbList","@id":"https:\/\/fonolukk.eu\/et\/tooted\/abloy-8329-kasutatud\/#breadcrumb","itemListElement":[{"@type":"ListItem","position":1,"name":"Esileht","item":"https:\/\/fonolukk.eu\/et\/koduleht\/"},{"@type":"ListItem","position":2,"name":"Tooted","item":"https:\/\/fonolukk.eu\/et\/shop-2\/"},{"@type":"ListItem","position":3,"name":"Outlet","item":"https:\/\/fonolukk.eu\/et\/product-category\/outlet-et\/"},{"@type":"ListItem","position":4,"name":"ABLOY 8329 (Kasutatud)"}]},{"@type":"WebSite","@id":"https:\/\/fonolukk.eu\/et\/#website","url":"https:\/\/fonolukk.eu\/et\/","name":"Fonolukk eu","description":"Smart Security Systems","publisher":{"@id":"https:\/\/fonolukk.eu\/et\/#organization"},"potentialAction":[{"@type":"SearchAction","target":{"@type":"EntryPoint","urlTemplate":"https:\/\/fonolukk.eu\/et\/?s={search_term_string}"},"query-input":{"@type":"PropertyValueSpecification","valueRequired":true,"valueName":"search_term_string"}}],"inLanguage":"et"},{"@type":"Organization","@id":"https:\/\/fonolukk.eu\/et\/#organization","name":"Smart Security OU","url":"https:\/\/fonolukk.eu\/et\/","logo":{"@type":"ImageObject","inLanguage":"et","@id":"https:\/\/fonolukk.eu\/et\/#\/schema\/logo\/image\/","url":"https:\/\/fonolukk.eu\/wp-content\/uploads\/2023\/09\/fonolukk.png","contentUrl":"https:\/\/fonolukk.eu\/wp-content\/uploads\/2023\/09\/fonolukk.png","width":277,"height":274,"caption":"Smart Security OU"},"image":{"@id":"https:\/\/fonolukk.eu\/et\/#\/schema\/logo\/image\/"},"sameAs":["https:\/\/www.facebook.com\/fonolukk","https:\/\/www.instagram.com\/fonolukk\/?hl=ru"],"publishingPrinciples":"https:\/\/fonolukk.eu\/terms-and-conditions\/","ownershipFundingInfo":"https:\/\/fonolukk.eu\/about-us\/"}]},"product_price_amount":"0.00","product_price_currency":"EUR","og_availability":"out of stock","product_availability":"out of stock","product_retailer_item_id":"8329","product_condition":"new"},"_links":{"self":[{"href":"https:\/\/fonolukk.eu\/et\/wp-json\/wp\/v2\/product\/16163","targetHints":{"allow":["GET"]}}],"collection":[{"href":"https:\/\/fonolukk.eu\/et\/wp-json\/wp\/v2\/product"}],"about":[{"href":"https:\/\/fonolukk.eu\/et\/wp-json\/wp\/v2\/types\/product"}],"version-history":[{"count":0,"href":"https:\/\/fonolukk.eu\/et\/wp-json\/wp\/v2\/product\/16163\/revisions"}],"wp:featuredmedia":[{"embeddable":true,"href":"https:\/\/fonolukk.eu\/et\/wp-json\/wp\/v2\/media\/16171"}],"wp:attachment":[{"href":"https:\/\/fonolukk.eu\/et\/wp-json\/wp\/v2\/media?parent=16163"}],"wp:term":[{"taxonomy":"product_brand","embeddable":true,"href":"https:\/\/fonolukk.eu\/et\/wp-json\/wp\/v2\/product_brand?post=16163"},{"taxonomy":"product_cat","embeddable":true,"href":"https:\/\/fonolukk.eu\/et\/wp-json\/wp\/v2\/product_cat?post=16163"},{"taxonomy":"product_tag","embeddable":true,"href":"https:\/\/fonolukk.eu\/et\/wp-json\/wp\/v2\/product_tag?post=16163"}],"curies":[{"name":"wp","href":"https:\/\/api.w.org\/{rel}","templated":true}]}}