{"id":16178,"date":"2023-08-16T12:47:47","date_gmt":"2023-08-16T09:47:48","guid":{"rendered":"https:\/\/fonolukk.eu\/?post_type=product&#038;p=16178"},"modified":"2023-08-16T13:05:54","modified_gmt":"2023-08-16T10:05:54","slug":"abloy-el650-kasutatud","status":"publish","type":"product","link":"https:\/\/fonolukk.eu\/et\/tooted\/abloy-el650-kasutatud\/","title":{"rendered":"ABLOY EL650 (Kasutatud)"},"content":{"rendered":"<h2>ABLOY EL650 funktsionaalsus:<\/h2>\n<ul>\n<li>Lukul on integreeritud uksekontakt, mis takistab poldi v\u00e4ljap\u00e4\u00e4su kuni ukse sulgemiseni.<\/li>\n<li>ABLOY EL650 lukk on mikroprotsessoriga juhitav, mis t\u00f5stab turvalisuse taset.<\/li>\n<li>ABLOY EL650 saab seadistada t\u00f6\u00f6tama:<\/li>\n<li>\u00dcks: suletud ja avatud asendi re\u017eiimid.<\/li>\n<li>Koos EL412 v\u00f5i 8329 lukkudega: k\u00f5rge turvalisuse, suletud ja avatud asendi re\u017eiimid.<\/li>\n<li>ABLOY EL650 kasutatakse t\u00e4iendava k\u00f5rge turvalukuna.\u00a0T\u00fc\u00fcpilised rakendused<\/li>\n<li>T\u00f6\u00f6stushoonete, kaubanduskeskuste, b\u00fcroohoonete jne v\u00e4ravad ja v\u00e4lisuksed.<\/li>\n<li>Ideaalne lahendus l\u00fckanduste elektriliseks lukustamiseks.<\/li>\n<li>\u00dchildub ukseautomaatikaga.<\/li>\n<\/ul>\n<h3>ABLOY EL650 TEHNILINE SPETSIFIKATSIOON<\/h3>\n<ul>\n<li>T\u00f6\u00f6pinge 24 VDC.\u00a0\u00b1 15%<\/li>\n<li>Maksimaalne vool 0,8 A<\/li>\n<li>Temperatuur -20\u00b0C&#8230;+60\u00b0C<\/li>\n<li>Programmeeritav viivitus 1&#8230;255 sek.<\/li>\n<li>Pearaamatu v\u00e4ljalaskeava 22 mm<\/li>\n<li>Kaugus esiriba pinnast silindri keskkohani 25, 35 mm<\/li>\n<li>Esiliist 25 mm (standard)<br \/>\n32 mm (varuosa)<\/li>\n<li>Silinder EL650: Skandinaavia ovaalne t\u00fc\u00fcp<br \/>\nEL651: Soome t\u00fc\u00fcp (CY065)<\/li>\n<li>Kaabel EA300 (ei sisalda)<br \/>\nLame latt ja eraldi magnet (varuosa)<\/li>\n<li>\u00dchenduskaabel<br \/>\nEL650&gt; EL412 EA203<br \/>\nEL650 &gt; 8329 EA204<\/li>\n<\/ul>\n","protected":false},"excerpt":{"rendered":"<p>ABLOY EL650 funktsionaalsus: Lukul on integreeritud uksekontakt, mis takistab poldi v\u00e4ljap\u00e4\u00e4su kuni ukse sulgemiseni. ABLOY EL650 lukk on mikroprotsessoriga juhitav,<\/p>\n","protected":false},"featured_media":16189,"template":"","meta":[],"product_brand":[],"product_cat":[1306],"product_tag":[1539],"class_list":{"0":"post-16178","1":"product","2":"type-product","3":"status-publish","4":"has-post-thumbnail","6":"product_cat-outlet-et","7":"product_tag-abloy-el650-et","9":"first","10":"instock","11":"taxable","12":"shipping-taxable","13":"product-type-simple"},"yoast_head":"<!-- This site is optimized with the Yoast SEO Premium plugin v27.3 (Yoast SEO v27.3) - https:\/\/yoast.com\/product\/yoast-seo-premium-wordpress\/ -->\n<title>ABLOY EL650 (Kasutatud) - Fonolukk<\/title>\n<meta name=\"description\" content=\"ABLOY EL650 (Kasutatud) - Fonolukk\" \/>\n<meta name=\"robots\" content=\"index, follow, max-snippet:-1, max-image-preview:large, max-video-preview:-1\" \/>\n<link rel=\"canonical\" href=\"https:\/\/fonolukk.eu\/et\/tooted\/abloy-el650-kasutatud\/\" \/>\n<meta property=\"og:locale\" content=\"et_EE\" \/>\n<meta property=\"og:type\" content=\"article\" \/>\n<meta property=\"og:title\" content=\"ABLOY EL650 (Kasutatud)\" \/>\n<meta property=\"og:description\" content=\"ABLOY EL650 funktsionaalsus: Lukul on integreeritud uksekontakt, mis takistab poldi v\u00e4ljap\u00e4\u00e4su kuni ukse sulgemiseni. ABLOY EL650 lukk on\" \/>\n<meta property=\"og:url\" content=\"https:\/\/fonolukk.eu\/et\/tooted\/abloy-el650-kasutatud\/\" \/>\n<meta property=\"og:site_name\" content=\"Fonolukk\" \/>\n<meta property=\"article:publisher\" content=\"https:\/\/www.facebook.com\/fonolukk\" \/>\n<meta property=\"article:modified_time\" content=\"2023-08-16T10:05:54+00:00\" \/>\n<meta property=\"og:image\" content=\"https:\/\/fonolukk.eu\/wp-content\/uploads\/2023\/08\/abloy_el650.png\" \/>\n\t<meta property=\"og:image:width\" content=\"1440\" \/>\n\t<meta property=\"og:image:height\" content=\"1600\" \/>\n\t<meta property=\"og:image:type\" content=\"image\/png\" \/>\n<meta name=\"twitter:card\" content=\"summary_large_image\" \/>\n<meta name=\"twitter:label1\" content=\"Hind\" \/>\n\t<meta name=\"twitter:data1\" content=\"\" \/>\n\t<meta name=\"twitter:label2\" content=\"Availability\" \/>\n\t<meta name=\"twitter:data2\" content=\"Laos\" \/>\n<script type=\"application\/ld+json\" class=\"yoast-schema-graph\">{\"@context\":\"https:\\\/\\\/schema.org\",\"@graph\":[{\"@type\":\"WebPage\",\"@id\":\"https:\\\/\\\/fonolukk.eu\\\/et\\\/tooted\\\/abloy-el650-kasutatud\\\/\",\"url\":\"https:\\\/\\\/fonolukk.eu\\\/et\\\/tooted\\\/abloy-el650-kasutatud\\\/\",\"name\":\"ABLOY EL650 (Kasutatud) - Fonolukk\",\"isPartOf\":{\"@id\":\"https:\\\/\\\/fonolukk.eu\\\/et\\\/#website\"},\"primaryImageOfPage\":{\"@id\":\"https:\\\/\\\/fonolukk.eu\\\/et\\\/tooted\\\/abloy-el650-kasutatud\\\/#primaryimage\"},\"image\":{\"@id\":\"https:\\\/\\\/fonolukk.eu\\\/et\\\/tooted\\\/abloy-el650-kasutatud\\\/#primaryimage\"},\"thumbnailUrl\":\"https:\\\/\\\/fonolukk.eu\\\/wp-content\\\/uploads\\\/2023\\\/08\\\/abloy_el650.png\",\"datePublished\":\"2023-08-16T09:47:48+00:00\",\"dateModified\":\"2023-08-16T10:05:54+00:00\",\"description\":\"ABLOY EL650 (Kasutatud) - Fonolukk\",\"breadcrumb\":{\"@id\":\"https:\\\/\\\/fonolukk.eu\\\/et\\\/tooted\\\/abloy-el650-kasutatud\\\/#breadcrumb\"},\"inLanguage\":\"et\",\"potentialAction\":[{\"@type\":\"ReadAction\",\"target\":[\"https:\\\/\\\/fonolukk.eu\\\/et\\\/tooted\\\/abloy-el650-kasutatud\\\/\"]}]},{\"@type\":\"ImageObject\",\"inLanguage\":\"et\",\"@id\":\"https:\\\/\\\/fonolukk.eu\\\/et\\\/tooted\\\/abloy-el650-kasutatud\\\/#primaryimage\",\"url\":\"https:\\\/\\\/fonolukk.eu\\\/wp-content\\\/uploads\\\/2023\\\/08\\\/abloy_el650.png\",\"contentUrl\":\"https:\\\/\\\/fonolukk.eu\\\/wp-content\\\/uploads\\\/2023\\\/08\\\/abloy_el650.png\",\"width\":1440,\"height\":1600,\"caption\":\"abloy el650\"},{\"@type\":\"BreadcrumbList\",\"@id\":\"https:\\\/\\\/fonolukk.eu\\\/et\\\/tooted\\\/abloy-el650-kasutatud\\\/#breadcrumb\",\"itemListElement\":[{\"@type\":\"ListItem\",\"position\":1,\"name\":\"Esileht\",\"item\":\"https:\\\/\\\/fonolukk.eu\\\/et\\\/koduleht\\\/\"},{\"@type\":\"ListItem\",\"position\":2,\"name\":\"Tooted\",\"item\":\"https:\\\/\\\/fonolukk.eu\\\/et\\\/shop-2\\\/\"},{\"@type\":\"ListItem\",\"position\":3,\"name\":\"Outlet\",\"item\":\"https:\\\/\\\/fonolukk.eu\\\/et\\\/product-category\\\/outlet-et\\\/\"},{\"@type\":\"ListItem\",\"position\":4,\"name\":\"ABLOY EL650 (Kasutatud)\"}]},{\"@type\":\"WebSite\",\"@id\":\"https:\\\/\\\/fonolukk.eu\\\/et\\\/#website\",\"url\":\"https:\\\/\\\/fonolukk.eu\\\/et\\\/\",\"name\":\"Fonolukk eu\",\"description\":\"Smart Security Systems\",\"publisher\":{\"@id\":\"https:\\\/\\\/fonolukk.eu\\\/et\\\/#organization\"},\"potentialAction\":[{\"@type\":\"SearchAction\",\"target\":{\"@type\":\"EntryPoint\",\"urlTemplate\":\"https:\\\/\\\/fonolukk.eu\\\/et\\\/?s={search_term_string}\"},\"query-input\":{\"@type\":\"PropertyValueSpecification\",\"valueRequired\":true,\"valueName\":\"search_term_string\"}}],\"inLanguage\":\"et\"},{\"@type\":\"Organization\",\"@id\":\"https:\\\/\\\/fonolukk.eu\\\/et\\\/#organization\",\"name\":\"Smart Security OU\",\"url\":\"https:\\\/\\\/fonolukk.eu\\\/et\\\/\",\"logo\":{\"@type\":\"ImageObject\",\"inLanguage\":\"et\",\"@id\":\"https:\\\/\\\/fonolukk.eu\\\/et\\\/#\\\/schema\\\/logo\\\/image\\\/\",\"url\":\"https:\\\/\\\/fonolukk.eu\\\/wp-content\\\/uploads\\\/2023\\\/09\\\/fonolukk.png\",\"contentUrl\":\"https:\\\/\\\/fonolukk.eu\\\/wp-content\\\/uploads\\\/2023\\\/09\\\/fonolukk.png\",\"width\":277,\"height\":274,\"caption\":\"Smart Security OU\"},\"image\":{\"@id\":\"https:\\\/\\\/fonolukk.eu\\\/et\\\/#\\\/schema\\\/logo\\\/image\\\/\"},\"sameAs\":[\"https:\\\/\\\/www.facebook.com\\\/fonolukk\",\"https:\\\/\\\/www.instagram.com\\\/fonolukk\\\/?hl=ru\"],\"publishingPrinciples\":\"https:\\\/\\\/fonolukk.eu\\\/terms-and-conditions\\\/\",\"ownershipFundingInfo\":\"https:\\\/\\\/fonolukk.eu\\\/about-us\\\/\"}]}<\/script>\n<meta property=\"product:price:amount\" content=\"0.00\" \/>\n<meta property=\"product:price:currency\" content=\"EUR\" \/>\n<meta property=\"og:availability\" content=\"instock\" \/>\n<meta property=\"product:availability\" content=\"instock\" \/>\n<meta property=\"product:retailer_item_id\" content=\"EL650\" \/>\n<meta property=\"product:condition\" content=\"new\" \/>\n<!-- \/ Yoast SEO Premium plugin. -->","yoast_head_json":{"title":"ABLOY EL650 (Kasutatud) - Fonolukk","description":"ABLOY EL650 (Kasutatud) - Fonolukk","robots":{"index":"index","follow":"follow","max-snippet":"max-snippet:-1","max-image-preview":"max-image-preview:large","max-video-preview":"max-video-preview:-1"},"canonical":"https:\/\/fonolukk.eu\/et\/tooted\/abloy-el650-kasutatud\/","og_locale":"et_EE","og_type":"article","og_title":"ABLOY EL650 (Kasutatud)","og_description":"ABLOY EL650 funktsionaalsus: Lukul on integreeritud uksekontakt, mis takistab poldi v\u00e4ljap\u00e4\u00e4su kuni ukse sulgemiseni. ABLOY EL650 lukk on","og_url":"https:\/\/fonolukk.eu\/et\/tooted\/abloy-el650-kasutatud\/","og_site_name":"Fonolukk","article_publisher":"https:\/\/www.facebook.com\/fonolukk","article_modified_time":"2023-08-16T10:05:54+00:00","og_image":[{"width":1440,"height":1600,"url":"https:\/\/fonolukk.eu\/wp-content\/uploads\/2023\/08\/abloy_el650.png","type":"image\/png"}],"twitter_card":"summary_large_image","twitter_misc":{"Hind":"","Availability":"Laos"},"schema":{"@context":"https:\/\/schema.org","@graph":[{"@type":"WebPage","@id":"https:\/\/fonolukk.eu\/et\/tooted\/abloy-el650-kasutatud\/","url":"https:\/\/fonolukk.eu\/et\/tooted\/abloy-el650-kasutatud\/","name":"ABLOY EL650 (Kasutatud) - Fonolukk","isPartOf":{"@id":"https:\/\/fonolukk.eu\/et\/#website"},"primaryImageOfPage":{"@id":"https:\/\/fonolukk.eu\/et\/tooted\/abloy-el650-kasutatud\/#primaryimage"},"image":{"@id":"https:\/\/fonolukk.eu\/et\/tooted\/abloy-el650-kasutatud\/#primaryimage"},"thumbnailUrl":"https:\/\/fonolukk.eu\/wp-content\/uploads\/2023\/08\/abloy_el650.png","datePublished":"2023-08-16T09:47:48+00:00","dateModified":"2023-08-16T10:05:54+00:00","description":"ABLOY EL650 (Kasutatud) - Fonolukk","breadcrumb":{"@id":"https:\/\/fonolukk.eu\/et\/tooted\/abloy-el650-kasutatud\/#breadcrumb"},"inLanguage":"et","potentialAction":[{"@type":"ReadAction","target":["https:\/\/fonolukk.eu\/et\/tooted\/abloy-el650-kasutatud\/"]}]},{"@type":"ImageObject","inLanguage":"et","@id":"https:\/\/fonolukk.eu\/et\/tooted\/abloy-el650-kasutatud\/#primaryimage","url":"https:\/\/fonolukk.eu\/wp-content\/uploads\/2023\/08\/abloy_el650.png","contentUrl":"https:\/\/fonolukk.eu\/wp-content\/uploads\/2023\/08\/abloy_el650.png","width":1440,"height":1600,"caption":"abloy el650"},{"@type":"BreadcrumbList","@id":"https:\/\/fonolukk.eu\/et\/tooted\/abloy-el650-kasutatud\/#breadcrumb","itemListElement":[{"@type":"ListItem","position":1,"name":"Esileht","item":"https:\/\/fonolukk.eu\/et\/koduleht\/"},{"@type":"ListItem","position":2,"name":"Tooted","item":"https:\/\/fonolukk.eu\/et\/shop-2\/"},{"@type":"ListItem","position":3,"name":"Outlet","item":"https:\/\/fonolukk.eu\/et\/product-category\/outlet-et\/"},{"@type":"ListItem","position":4,"name":"ABLOY EL650 (Kasutatud)"}]},{"@type":"WebSite","@id":"https:\/\/fonolukk.eu\/et\/#website","url":"https:\/\/fonolukk.eu\/et\/","name":"Fonolukk eu","description":"Smart Security Systems","publisher":{"@id":"https:\/\/fonolukk.eu\/et\/#organization"},"potentialAction":[{"@type":"SearchAction","target":{"@type":"EntryPoint","urlTemplate":"https:\/\/fonolukk.eu\/et\/?s={search_term_string}"},"query-input":{"@type":"PropertyValueSpecification","valueRequired":true,"valueName":"search_term_string"}}],"inLanguage":"et"},{"@type":"Organization","@id":"https:\/\/fonolukk.eu\/et\/#organization","name":"Smart Security OU","url":"https:\/\/fonolukk.eu\/et\/","logo":{"@type":"ImageObject","inLanguage":"et","@id":"https:\/\/fonolukk.eu\/et\/#\/schema\/logo\/image\/","url":"https:\/\/fonolukk.eu\/wp-content\/uploads\/2023\/09\/fonolukk.png","contentUrl":"https:\/\/fonolukk.eu\/wp-content\/uploads\/2023\/09\/fonolukk.png","width":277,"height":274,"caption":"Smart Security OU"},"image":{"@id":"https:\/\/fonolukk.eu\/et\/#\/schema\/logo\/image\/"},"sameAs":["https:\/\/www.facebook.com\/fonolukk","https:\/\/www.instagram.com\/fonolukk\/?hl=ru"],"publishingPrinciples":"https:\/\/fonolukk.eu\/terms-and-conditions\/","ownershipFundingInfo":"https:\/\/fonolukk.eu\/about-us\/"}]},"product_price_amount":"0.00","product_price_currency":"EUR","og_availability":"instock","product_availability":"instock","product_retailer_item_id":"EL650","product_condition":"new"},"_links":{"self":[{"href":"https:\/\/fonolukk.eu\/et\/wp-json\/wp\/v2\/product\/16178","targetHints":{"allow":["GET"]}}],"collection":[{"href":"https:\/\/fonolukk.eu\/et\/wp-json\/wp\/v2\/product"}],"about":[{"href":"https:\/\/fonolukk.eu\/et\/wp-json\/wp\/v2\/types\/product"}],"version-history":[{"count":0,"href":"https:\/\/fonolukk.eu\/et\/wp-json\/wp\/v2\/product\/16178\/revisions"}],"wp:featuredmedia":[{"embeddable":true,"href":"https:\/\/fonolukk.eu\/et\/wp-json\/wp\/v2\/media\/16189"}],"wp:attachment":[{"href":"https:\/\/fonolukk.eu\/et\/wp-json\/wp\/v2\/media?parent=16178"}],"wp:term":[{"taxonomy":"product_brand","embeddable":true,"href":"https:\/\/fonolukk.eu\/et\/wp-json\/wp\/v2\/product_brand?post=16178"},{"taxonomy":"product_cat","embeddable":true,"href":"https:\/\/fonolukk.eu\/et\/wp-json\/wp\/v2\/product_cat?post=16178"},{"taxonomy":"product_tag","embeddable":true,"href":"https:\/\/fonolukk.eu\/et\/wp-json\/wp\/v2\/product_tag?post=16178"}],"curies":[{"name":"wp","href":"https:\/\/api.w.org\/{rel}","templated":true}]}}