{"id":16725,"date":"2024-02-29T20:01:42","date_gmt":"2024-02-29T18:01:42","guid":{"rendered":"https:\/\/fonolukk.eu\/?post_type=product&#038;p=16725"},"modified":"2025-11-03T13:05:56","modified_gmt":"2025-11-03T11:05:56","slug":"urmet-1140-1-4-juhtmeline-susteem","status":"publish","type":"product","link":"https:\/\/fonolukk.eu\/et\/tooted\/urmet-1140-1-4-juhtmeline-susteem\/","title":{"rendered":"Urmet 1140\/1, 4-juhtmeline s\u00fcsteem"},"content":{"rendered":"<h1>Urmet 1140\/1, 4-juhtmeline s\u00fcsteem<\/h1>\n<p>Sobib ainult Urmet Domus s\u00fcsteemidele 4+n. Telefonis kasutuses 5 kaablisoont.<br \/>\nOmadused:<\/p>\n<ul>\n<li>Juhtmete lihtne \u00fchendus \u2013 kruviklemmidele;\u00a0ei vaja jootmist<\/li>\n<li>Ukse vabastusnupp<\/li>\n<li>T\u00e4iendav nupp mis tahes funktsiooni t\u00e4itmiseks<\/li>\n<li>Kolmeastmelise helitugevuse juhtimismoodulit on v\u00f5imalik juurde eraldi<\/li>\n<li>M\u00f5\u00f5tmed: 225x80x40 mm<\/li>\n<li>Korpus: l\u00e4ikiv valge<\/li>\n<\/ul>\n<p>&nbsp;<\/p>\n","protected":false},"excerpt":{"rendered":"<p>1140\/1 telefon on t\u00e4nap\u00e4evane analoog s\u00fcsteemi telefon. V\u00f5imalik eraldi lisada helina tugevuse regulaator.<\/p>\n","protected":false},"featured_media":14080,"template":"","meta":[],"product_brand":[],"product_cat":[385,820],"product_tag":[1251,1252,1253],"class_list":{"0":"post-16725","1":"product","2":"type-product","3":"status-publish","4":"has-post-thumbnail","6":"product_cat-intercom-torud","7":"product_cat-urmet-et","8":"product_tag-urmet-et","9":"product_tag-intercom-torud","10":"product_tag-intercom-et","11":"pa_brand-urmet-et","13":"first","14":"instock","15":"taxable","16":"shipping-taxable","17":"purchasable","18":"product-type-simple"},"yoast_head":"<!-- This site is optimized with the Yoast SEO Premium plugin v27.3 (Yoast SEO v27.3) - https:\/\/yoast.com\/product\/yoast-seo-premium-wordpress\/ -->\n<title>Urmet 1140\/1, 4-juhtmeline s\u00fcsteem - Fonolukk<\/title>\n<meta name=\"description\" content=\"Revolutsiooniline juhtmevaba uksekell Visto v\u00f5imaldab teil lihtsalt oma nutitelefonist oma k\u00fclastajaid n\u00e4ha, kuulda ja nendega r\u00e4\u00e4kida.\" \/>\n<meta name=\"robots\" content=\"index, follow, max-snippet:-1, max-image-preview:large, max-video-preview:-1\" \/>\n<link rel=\"canonical\" href=\"https:\/\/fonolukk.eu\/et\/tooted\/urmet-1140-1-4-juhtmeline-susteem\/\" \/>\n<meta property=\"og:locale\" content=\"et_EE\" \/>\n<meta property=\"og:type\" content=\"article\" \/>\n<meta property=\"og:title\" content=\"Urmet 1140\/1, 4-juhtmeline s\u00fcsteem\" \/>\n<meta property=\"og:description\" content=\"1140\/1 telefon on t\u00e4nap\u00e4evane analoog s\u00fcsteemi telefon. V\u00f5imalik eraldi lisada helina tugevuse regulaator.\" \/>\n<meta property=\"og:url\" content=\"https:\/\/fonolukk.eu\/et\/tooted\/urmet-1140-1-4-juhtmeline-susteem\/\" \/>\n<meta property=\"og:site_name\" content=\"Fonolukk\" \/>\n<meta property=\"article:publisher\" content=\"https:\/\/www.facebook.com\/fonolukk\" \/>\n<meta property=\"article:modified_time\" content=\"2025-11-03T11:05:56+00:00\" \/>\n<meta property=\"og:image\" content=\"https:\/\/fonolukk.eu\/wp-content\/uploads\/2023\/01\/signo-11401-.jpg\" \/>\n\t<meta property=\"og:image:width\" content=\"1132\" \/>\n\t<meta property=\"og:image:height\" content=\"1096\" \/>\n\t<meta property=\"og:image:type\" content=\"image\/jpeg\" \/>\n<meta name=\"twitter:card\" content=\"summary_large_image\" \/>\n<meta name=\"twitter:label1\" content=\"Hind\" \/>\n\t<meta name=\"twitter:data1\" content=\"&euro;23.79 koos KM\" \/>\n\t<meta name=\"twitter:label2\" content=\"Availability\" \/>\n\t<meta name=\"twitter:data2\" content=\"Laos\" \/>\n<script type=\"application\/ld+json\" class=\"yoast-schema-graph\">{\"@context\":\"https:\\\/\\\/schema.org\",\"@graph\":[{\"@type\":\"WebPage\",\"@id\":\"https:\\\/\\\/fonolukk.eu\\\/et\\\/tooted\\\/urmet-1140-1-4-juhtmeline-susteem\\\/\",\"url\":\"https:\\\/\\\/fonolukk.eu\\\/et\\\/tooted\\\/urmet-1140-1-4-juhtmeline-susteem\\\/\",\"name\":\"Urmet 1140\\\/1, 4-juhtmeline s\u00fcsteem - Fonolukk\",\"isPartOf\":{\"@id\":\"https:\\\/\\\/fonolukk.eu\\\/et\\\/#website\"},\"primaryImageOfPage\":{\"@id\":\"https:\\\/\\\/fonolukk.eu\\\/et\\\/tooted\\\/urmet-1140-1-4-juhtmeline-susteem\\\/#primaryimage\"},\"image\":{\"@id\":\"https:\\\/\\\/fonolukk.eu\\\/et\\\/tooted\\\/urmet-1140-1-4-juhtmeline-susteem\\\/#primaryimage\"},\"thumbnailUrl\":\"https:\\\/\\\/fonolukk.eu\\\/wp-content\\\/uploads\\\/2023\\\/01\\\/signo-11401-.jpg\",\"datePublished\":\"2024-02-29T18:01:42+00:00\",\"dateModified\":\"2025-11-03T11:05:56+00:00\",\"description\":\"Revolutsiooniline juhtmevaba uksekell Visto v\u00f5imaldab teil lihtsalt oma nutitelefonist oma k\u00fclastajaid n\u00e4ha, kuulda ja nendega r\u00e4\u00e4kida.\",\"breadcrumb\":{\"@id\":\"https:\\\/\\\/fonolukk.eu\\\/et\\\/tooted\\\/urmet-1140-1-4-juhtmeline-susteem\\\/#breadcrumb\"},\"inLanguage\":\"et\",\"potentialAction\":[{\"@type\":\"ReadAction\",\"target\":[\"https:\\\/\\\/fonolukk.eu\\\/et\\\/tooted\\\/urmet-1140-1-4-juhtmeline-susteem\\\/\"]}]},{\"@type\":\"ImageObject\",\"inLanguage\":\"et\",\"@id\":\"https:\\\/\\\/fonolukk.eu\\\/et\\\/tooted\\\/urmet-1140-1-4-juhtmeline-susteem\\\/#primaryimage\",\"url\":\"https:\\\/\\\/fonolukk.eu\\\/wp-content\\\/uploads\\\/2023\\\/01\\\/signo-11401-.jpg\",\"contentUrl\":\"https:\\\/\\\/fonolukk.eu\\\/wp-content\\\/uploads\\\/2023\\\/01\\\/signo-11401-.jpg\",\"width\":1132,\"height\":1096,\"caption\":\"urmet\"},{\"@type\":\"BreadcrumbList\",\"@id\":\"https:\\\/\\\/fonolukk.eu\\\/et\\\/tooted\\\/urmet-1140-1-4-juhtmeline-susteem\\\/#breadcrumb\",\"itemListElement\":[{\"@type\":\"ListItem\",\"position\":1,\"name\":\"Esileht\",\"item\":\"https:\\\/\\\/fonolukk.eu\\\/et\\\/koduleht\\\/\"},{\"@type\":\"ListItem\",\"position\":2,\"name\":\"Tooted\",\"item\":\"https:\\\/\\\/fonolukk.eu\\\/et\\\/shop-2\\\/\"},{\"@type\":\"ListItem\",\"position\":3,\"name\":\"Uksetelefonid\",\"item\":\"https:\\\/\\\/fonolukk.eu\\\/et\\\/product-category\\\/intercom-torud\\\/\"},{\"@type\":\"ListItem\",\"position\":4,\"name\":\"Urmet 1140\\\/1, 4-juhtmeline s\u00fcsteem\"}]},{\"@type\":\"WebSite\",\"@id\":\"https:\\\/\\\/fonolukk.eu\\\/et\\\/#website\",\"url\":\"https:\\\/\\\/fonolukk.eu\\\/et\\\/\",\"name\":\"Fonolukk eu\",\"description\":\"Smart Security Systems\",\"publisher\":{\"@id\":\"https:\\\/\\\/fonolukk.eu\\\/et\\\/#organization\"},\"potentialAction\":[{\"@type\":\"SearchAction\",\"target\":{\"@type\":\"EntryPoint\",\"urlTemplate\":\"https:\\\/\\\/fonolukk.eu\\\/et\\\/?s={search_term_string}\"},\"query-input\":{\"@type\":\"PropertyValueSpecification\",\"valueRequired\":true,\"valueName\":\"search_term_string\"}}],\"inLanguage\":\"et\"},{\"@type\":\"Organization\",\"@id\":\"https:\\\/\\\/fonolukk.eu\\\/et\\\/#organization\",\"name\":\"Smart Security OU\",\"url\":\"https:\\\/\\\/fonolukk.eu\\\/et\\\/\",\"logo\":{\"@type\":\"ImageObject\",\"inLanguage\":\"et\",\"@id\":\"https:\\\/\\\/fonolukk.eu\\\/et\\\/#\\\/schema\\\/logo\\\/image\\\/\",\"url\":\"https:\\\/\\\/fonolukk.eu\\\/wp-content\\\/uploads\\\/2023\\\/09\\\/fonolukk.png\",\"contentUrl\":\"https:\\\/\\\/fonolukk.eu\\\/wp-content\\\/uploads\\\/2023\\\/09\\\/fonolukk.png\",\"width\":277,\"height\":274,\"caption\":\"Smart Security OU\"},\"image\":{\"@id\":\"https:\\\/\\\/fonolukk.eu\\\/et\\\/#\\\/schema\\\/logo\\\/image\\\/\"},\"sameAs\":[\"https:\\\/\\\/www.facebook.com\\\/fonolukk\",\"https:\\\/\\\/www.instagram.com\\\/fonolukk\\\/?hl=ru\"],\"publishingPrinciples\":\"https:\\\/\\\/fonolukk.eu\\\/terms-and-conditions\\\/\",\"ownershipFundingInfo\":\"https:\\\/\\\/fonolukk.eu\\\/about-us\\\/\"}]}<\/script>\n<meta property=\"product:brand\" content=\"Urmet\" \/>\n<meta property=\"product:price:amount\" content=\"23.79\" \/>\n<meta property=\"product:price:currency\" content=\"EUR\" \/>\n<meta property=\"og:availability\" content=\"instock\" \/>\n<meta property=\"product:availability\" content=\"instock\" \/>\n<meta property=\"product:retailer_item_id\" content=\"1140\/1\" \/>\n<meta property=\"product:condition\" content=\"new\" \/>\n<!-- \/ Yoast SEO Premium plugin. -->","yoast_head_json":{"title":"Urmet 1140\/1, 4-juhtmeline s\u00fcsteem - Fonolukk","description":"Revolutsiooniline juhtmevaba uksekell Visto v\u00f5imaldab teil lihtsalt oma nutitelefonist oma k\u00fclastajaid n\u00e4ha, kuulda ja nendega r\u00e4\u00e4kida.","robots":{"index":"index","follow":"follow","max-snippet":"max-snippet:-1","max-image-preview":"max-image-preview:large","max-video-preview":"max-video-preview:-1"},"canonical":"https:\/\/fonolukk.eu\/et\/tooted\/urmet-1140-1-4-juhtmeline-susteem\/","og_locale":"et_EE","og_type":"article","og_title":"Urmet 1140\/1, 4-juhtmeline s\u00fcsteem","og_description":"1140\/1 telefon on t\u00e4nap\u00e4evane analoog s\u00fcsteemi telefon. V\u00f5imalik eraldi lisada helina tugevuse regulaator.","og_url":"https:\/\/fonolukk.eu\/et\/tooted\/urmet-1140-1-4-juhtmeline-susteem\/","og_site_name":"Fonolukk","article_publisher":"https:\/\/www.facebook.com\/fonolukk","article_modified_time":"2025-11-03T11:05:56+00:00","og_image":[{"width":1132,"height":1096,"url":"https:\/\/fonolukk.eu\/wp-content\/uploads\/2023\/01\/signo-11401-.jpg","type":"image\/jpeg"}],"twitter_card":"summary_large_image","twitter_misc":{"Hind":"&euro;23.79 koos KM","Availability":"Laos"},"schema":{"@context":"https:\/\/schema.org","@graph":[{"@type":"WebPage","@id":"https:\/\/fonolukk.eu\/et\/tooted\/urmet-1140-1-4-juhtmeline-susteem\/","url":"https:\/\/fonolukk.eu\/et\/tooted\/urmet-1140-1-4-juhtmeline-susteem\/","name":"Urmet 1140\/1, 4-juhtmeline s\u00fcsteem - Fonolukk","isPartOf":{"@id":"https:\/\/fonolukk.eu\/et\/#website"},"primaryImageOfPage":{"@id":"https:\/\/fonolukk.eu\/et\/tooted\/urmet-1140-1-4-juhtmeline-susteem\/#primaryimage"},"image":{"@id":"https:\/\/fonolukk.eu\/et\/tooted\/urmet-1140-1-4-juhtmeline-susteem\/#primaryimage"},"thumbnailUrl":"https:\/\/fonolukk.eu\/wp-content\/uploads\/2023\/01\/signo-11401-.jpg","datePublished":"2024-02-29T18:01:42+00:00","dateModified":"2025-11-03T11:05:56+00:00","description":"Revolutsiooniline juhtmevaba uksekell Visto v\u00f5imaldab teil lihtsalt oma nutitelefonist oma k\u00fclastajaid n\u00e4ha, kuulda ja nendega r\u00e4\u00e4kida.","breadcrumb":{"@id":"https:\/\/fonolukk.eu\/et\/tooted\/urmet-1140-1-4-juhtmeline-susteem\/#breadcrumb"},"inLanguage":"et","potentialAction":[{"@type":"ReadAction","target":["https:\/\/fonolukk.eu\/et\/tooted\/urmet-1140-1-4-juhtmeline-susteem\/"]}]},{"@type":"ImageObject","inLanguage":"et","@id":"https:\/\/fonolukk.eu\/et\/tooted\/urmet-1140-1-4-juhtmeline-susteem\/#primaryimage","url":"https:\/\/fonolukk.eu\/wp-content\/uploads\/2023\/01\/signo-11401-.jpg","contentUrl":"https:\/\/fonolukk.eu\/wp-content\/uploads\/2023\/01\/signo-11401-.jpg","width":1132,"height":1096,"caption":"urmet"},{"@type":"BreadcrumbList","@id":"https:\/\/fonolukk.eu\/et\/tooted\/urmet-1140-1-4-juhtmeline-susteem\/#breadcrumb","itemListElement":[{"@type":"ListItem","position":1,"name":"Esileht","item":"https:\/\/fonolukk.eu\/et\/koduleht\/"},{"@type":"ListItem","position":2,"name":"Tooted","item":"https:\/\/fonolukk.eu\/et\/shop-2\/"},{"@type":"ListItem","position":3,"name":"Uksetelefonid","item":"https:\/\/fonolukk.eu\/et\/product-category\/intercom-torud\/"},{"@type":"ListItem","position":4,"name":"Urmet 1140\/1, 4-juhtmeline s\u00fcsteem"}]},{"@type":"WebSite","@id":"https:\/\/fonolukk.eu\/et\/#website","url":"https:\/\/fonolukk.eu\/et\/","name":"Fonolukk eu","description":"Smart Security Systems","publisher":{"@id":"https:\/\/fonolukk.eu\/et\/#organization"},"potentialAction":[{"@type":"SearchAction","target":{"@type":"EntryPoint","urlTemplate":"https:\/\/fonolukk.eu\/et\/?s={search_term_string}"},"query-input":{"@type":"PropertyValueSpecification","valueRequired":true,"valueName":"search_term_string"}}],"inLanguage":"et"},{"@type":"Organization","@id":"https:\/\/fonolukk.eu\/et\/#organization","name":"Smart Security OU","url":"https:\/\/fonolukk.eu\/et\/","logo":{"@type":"ImageObject","inLanguage":"et","@id":"https:\/\/fonolukk.eu\/et\/#\/schema\/logo\/image\/","url":"https:\/\/fonolukk.eu\/wp-content\/uploads\/2023\/09\/fonolukk.png","contentUrl":"https:\/\/fonolukk.eu\/wp-content\/uploads\/2023\/09\/fonolukk.png","width":277,"height":274,"caption":"Smart Security OU"},"image":{"@id":"https:\/\/fonolukk.eu\/et\/#\/schema\/logo\/image\/"},"sameAs":["https:\/\/www.facebook.com\/fonolukk","https:\/\/www.instagram.com\/fonolukk\/?hl=ru"],"publishingPrinciples":"https:\/\/fonolukk.eu\/terms-and-conditions\/","ownershipFundingInfo":"https:\/\/fonolukk.eu\/about-us\/"}]},"product_brand":"Urmet","product_price_amount":"23.79","product_price_currency":"EUR","og_availability":"instock","product_availability":"instock","product_retailer_item_id":"1140\/1","product_condition":"new"},"_links":{"self":[{"href":"https:\/\/fonolukk.eu\/et\/wp-json\/wp\/v2\/product\/16725","targetHints":{"allow":["GET"]}}],"collection":[{"href":"https:\/\/fonolukk.eu\/et\/wp-json\/wp\/v2\/product"}],"about":[{"href":"https:\/\/fonolukk.eu\/et\/wp-json\/wp\/v2\/types\/product"}],"version-history":[{"count":1,"href":"https:\/\/fonolukk.eu\/et\/wp-json\/wp\/v2\/product\/16725\/revisions"}],"predecessor-version":[{"id":19488,"href":"https:\/\/fonolukk.eu\/et\/wp-json\/wp\/v2\/product\/16725\/revisions\/19488"}],"wp:featuredmedia":[{"embeddable":true,"href":"https:\/\/fonolukk.eu\/et\/wp-json\/wp\/v2\/media\/14080"}],"wp:attachment":[{"href":"https:\/\/fonolukk.eu\/et\/wp-json\/wp\/v2\/media?parent=16725"}],"wp:term":[{"taxonomy":"product_brand","embeddable":true,"href":"https:\/\/fonolukk.eu\/et\/wp-json\/wp\/v2\/product_brand?post=16725"},{"taxonomy":"product_cat","embeddable":true,"href":"https:\/\/fonolukk.eu\/et\/wp-json\/wp\/v2\/product_cat?post=16725"},{"taxonomy":"product_tag","embeddable":true,"href":"https:\/\/fonolukk.eu\/et\/wp-json\/wp\/v2\/product_tag?post=16725"}],"curies":[{"name":"wp","href":"https:\/\/api.w.org\/{rel}","templated":true}]}}