{"id":16821,"date":"2024-05-15T18:37:33","date_gmt":"2024-05-15T15:37:33","guid":{"rendered":"https:\/\/fonolukk.eu\/?post_type=product&#038;p=16821"},"modified":"2025-01-09T11:55:52","modified_gmt":"2025-01-09T09:55:52","slug":"pinge-dc12v-aja-viivituse-juhtimismoodul-0-30-sekundit-reguleeritav","status":"publish","type":"product","link":"https:\/\/fonolukk.eu\/et\/tooted\/pinge-dc12v-aja-viivituse-juhtimismoodul-0-30-sekundit-reguleeritav\/","title":{"rendered":"Pinge DC12V aja viivituse juhtimismoodul 0-30 sekundit Reguleeritav"},"content":{"rendered":"<h4><span class=\"\">Funktsioonid:<\/span><\/h4>\n<ul>\n<li>Viivituse juhtimismoodulit kasutatakse juurdep\u00e4\u00e4sukontrollis\u00fcsteemile viivitusfunktsiooni pakkumiseks<\/li>\n<li>M\u00f5\u00f5dud: 55 P x 40,2 L x 19,1 K (mm) \/ 2,17 P x 1,58 L x 0,75 K (tolli)<\/li>\n<li>Pinge: DC12V<\/li>\n<li>Voolutugevus: 40mA<\/li>\n<li>Aeg: 0-30 sekundit reguleeritav<\/li>\n<li>T\u00f6\u00f6temperatuur: -20 \u2103 ~ +70 \u2103<\/li>\n<li>Kaal: 0,03 kg<\/li>\n<\/ul>\n","protected":false},"excerpt":{"rendered":"<ul>\n<li><span class=\"a-list-item\">M\u00f5\u00f5dud: 55 P x 40,2 L x 19,1 K (mm)<\/span><\/li>\n<li><span class=\"a-list-item\">Pinge: DC12V<\/span><\/li>\n<li><span class=\"a-list-item\">Voolutugevus: 40mA<\/span><\/li>\n<li><span class=\"a-list-item\">Aeg: 0-30 sekundit reguleeritav<\/span><\/li>\n<li><span class=\"a-list-item\">T\u00f6\u00f6temperatuur: -20 \u2103 ~ +70 \u2103<\/span><\/li>\n<\/ul>\n","protected":false},"featured_media":16830,"template":"","meta":[],"product_brand":[],"product_cat":[852],"product_tag":[],"class_list":{"0":"post-16821","1":"product","2":"type-product","3":"status-publish","4":"has-post-thumbnail","6":"product_cat-ukseavamisnupud","8":"first","9":"instock","10":"taxable","11":"shipping-taxable","12":"purchasable","13":"product-type-simple"},"yoast_head":"<!-- This site is optimized with the Yoast SEO Premium plugin v27.3 (Yoast SEO v27.3) - https:\/\/yoast.com\/product\/yoast-seo-premium-wordpress\/ -->\n<title>Pinge DC12V aja viivituse juhtimismoodul 0-30 sekundit Reguleeritav - Fonolukk<\/title>\n<meta name=\"description\" content=\"Pinge DC12V viivituse juhtimismoodul \/ viivituse juhtimismoodulit kasutatakse juurdep\u00e4\u00e4su kontrolls\u00fcsteemile viivituse funktsiooni pakkumiseks.\" \/>\n<meta name=\"robots\" content=\"index, follow, max-snippet:-1, max-image-preview:large, max-video-preview:-1\" \/>\n<link rel=\"canonical\" href=\"https:\/\/fonolukk.eu\/et\/tooted\/pinge-dc12v-aja-viivituse-juhtimismoodul-0-30-sekundit-reguleeritav\/\" \/>\n<meta property=\"og:locale\" content=\"et_EE\" \/>\n<meta property=\"og:type\" content=\"article\" \/>\n<meta property=\"og:title\" content=\"Pinge DC12V aja viivituse juhtimismoodul 0-30 sekundit Reguleeritav\" \/>\n<meta property=\"og:description\" content=\"M\u00f5\u00f5dud: 55 P x 40,2 L x 19,1 K (mm)  Pinge: DC12V  Voolutugevus: 40mA  Aeg: 0-30 sekundit reguleeritav  T\u00f6\u00f6temperatuur: -20 \u2103 ~ +70 \u2103\" \/>\n<meta property=\"og:url\" content=\"https:\/\/fonolukk.eu\/et\/tooted\/pinge-dc12v-aja-viivituse-juhtimismoodul-0-30-sekundit-reguleeritav\/\" \/>\n<meta property=\"og:site_name\" content=\"Fonolukk\" \/>\n<meta property=\"article:publisher\" content=\"https:\/\/www.facebook.com\/fonolukk\" \/>\n<meta property=\"article:modified_time\" content=\"2025-01-09T09:55:52+00:00\" \/>\n<meta property=\"og:image\" content=\"https:\/\/fonolukk.eu\/wp-content\/uploads\/2024\/05\/ut-pcb-505-2.jpg\" \/>\n\t<meta property=\"og:image:width\" content=\"1000\" \/>\n\t<meta property=\"og:image:height\" content=\"1177\" \/>\n\t<meta property=\"og:image:type\" content=\"image\/jpeg\" \/>\n<meta name=\"twitter:card\" content=\"summary_large_image\" \/>\n<meta name=\"twitter:label1\" content=\"Hind\" \/>\n\t<meta name=\"twitter:data1\" content=\"&euro;15.57 koos KM\" \/>\n\t<meta name=\"twitter:label2\" content=\"Availability\" \/>\n\t<meta name=\"twitter:data2\" content=\"Laos\" \/>\n<script type=\"application\/ld+json\" class=\"yoast-schema-graph\">{\"@context\":\"https:\\\/\\\/schema.org\",\"@graph\":[{\"@type\":\"WebPage\",\"@id\":\"https:\\\/\\\/fonolukk.eu\\\/et\\\/tooted\\\/pinge-dc12v-aja-viivituse-juhtimismoodul-0-30-sekundit-reguleeritav\\\/\",\"url\":\"https:\\\/\\\/fonolukk.eu\\\/et\\\/tooted\\\/pinge-dc12v-aja-viivituse-juhtimismoodul-0-30-sekundit-reguleeritav\\\/\",\"name\":\"Pinge DC12V aja viivituse juhtimismoodul 0-30 sekundit Reguleeritav - Fonolukk\",\"isPartOf\":{\"@id\":\"https:\\\/\\\/fonolukk.eu\\\/et\\\/#website\"},\"primaryImageOfPage\":{\"@id\":\"https:\\\/\\\/fonolukk.eu\\\/et\\\/tooted\\\/pinge-dc12v-aja-viivituse-juhtimismoodul-0-30-sekundit-reguleeritav\\\/#primaryimage\"},\"image\":{\"@id\":\"https:\\\/\\\/fonolukk.eu\\\/et\\\/tooted\\\/pinge-dc12v-aja-viivituse-juhtimismoodul-0-30-sekundit-reguleeritav\\\/#primaryimage\"},\"thumbnailUrl\":\"https:\\\/\\\/fonolukk.eu\\\/wp-content\\\/uploads\\\/2024\\\/05\\\/ut-pcb-505-2.jpg\",\"datePublished\":\"2024-05-15T15:37:33+00:00\",\"dateModified\":\"2025-01-09T09:55:52+00:00\",\"description\":\"Pinge DC12V viivituse juhtimismoodul \\\/ viivituse juhtimismoodulit kasutatakse juurdep\u00e4\u00e4su kontrolls\u00fcsteemile viivituse funktsiooni pakkumiseks.\",\"breadcrumb\":{\"@id\":\"https:\\\/\\\/fonolukk.eu\\\/et\\\/tooted\\\/pinge-dc12v-aja-viivituse-juhtimismoodul-0-30-sekundit-reguleeritav\\\/#breadcrumb\"},\"inLanguage\":\"et\",\"potentialAction\":[{\"@type\":\"ReadAction\",\"target\":[\"https:\\\/\\\/fonolukk.eu\\\/et\\\/tooted\\\/pinge-dc12v-aja-viivituse-juhtimismoodul-0-30-sekundit-reguleeritav\\\/\"]}]},{\"@type\":\"ImageObject\",\"inLanguage\":\"et\",\"@id\":\"https:\\\/\\\/fonolukk.eu\\\/et\\\/tooted\\\/pinge-dc12v-aja-viivituse-juhtimismoodul-0-30-sekundit-reguleeritav\\\/#primaryimage\",\"url\":\"https:\\\/\\\/fonolukk.eu\\\/wp-content\\\/uploads\\\/2024\\\/05\\\/ut-pcb-505-2.jpg\",\"contentUrl\":\"https:\\\/\\\/fonolukk.eu\\\/wp-content\\\/uploads\\\/2024\\\/05\\\/ut-pcb-505-2.jpg\",\"width\":1000,\"height\":1177,\"caption\":\"Voltage DC12V\"},{\"@type\":\"BreadcrumbList\",\"@id\":\"https:\\\/\\\/fonolukk.eu\\\/et\\\/tooted\\\/pinge-dc12v-aja-viivituse-juhtimismoodul-0-30-sekundit-reguleeritav\\\/#breadcrumb\",\"itemListElement\":[{\"@type\":\"ListItem\",\"position\":1,\"name\":\"Esileht\",\"item\":\"https:\\\/\\\/fonolukk.eu\\\/et\\\/koduleht\\\/\"},{\"@type\":\"ListItem\",\"position\":2,\"name\":\"Tooted\",\"item\":\"https:\\\/\\\/fonolukk.eu\\\/et\\\/shop-2\\\/\"},{\"@type\":\"ListItem\",\"position\":3,\"name\":\"Ukseavamisnupud\",\"item\":\"https:\\\/\\\/fonolukk.eu\\\/et\\\/product-category\\\/ukseavamisnupud\\\/\"},{\"@type\":\"ListItem\",\"position\":4,\"name\":\"Pinge DC12V aja viivituse juhtimismoodul 0-30 sekundit Reguleeritav\"}]},{\"@type\":\"WebSite\",\"@id\":\"https:\\\/\\\/fonolukk.eu\\\/et\\\/#website\",\"url\":\"https:\\\/\\\/fonolukk.eu\\\/et\\\/\",\"name\":\"Fonolukk eu\",\"description\":\"Smart Security Systems\",\"publisher\":{\"@id\":\"https:\\\/\\\/fonolukk.eu\\\/et\\\/#organization\"},\"potentialAction\":[{\"@type\":\"SearchAction\",\"target\":{\"@type\":\"EntryPoint\",\"urlTemplate\":\"https:\\\/\\\/fonolukk.eu\\\/et\\\/?s={search_term_string}\"},\"query-input\":{\"@type\":\"PropertyValueSpecification\",\"valueRequired\":true,\"valueName\":\"search_term_string\"}}],\"inLanguage\":\"et\"},{\"@type\":\"Organization\",\"@id\":\"https:\\\/\\\/fonolukk.eu\\\/et\\\/#organization\",\"name\":\"Smart Security OU\",\"url\":\"https:\\\/\\\/fonolukk.eu\\\/et\\\/\",\"logo\":{\"@type\":\"ImageObject\",\"inLanguage\":\"et\",\"@id\":\"https:\\\/\\\/fonolukk.eu\\\/et\\\/#\\\/schema\\\/logo\\\/image\\\/\",\"url\":\"https:\\\/\\\/fonolukk.eu\\\/wp-content\\\/uploads\\\/2023\\\/09\\\/fonolukk.png\",\"contentUrl\":\"https:\\\/\\\/fonolukk.eu\\\/wp-content\\\/uploads\\\/2023\\\/09\\\/fonolukk.png\",\"width\":277,\"height\":274,\"caption\":\"Smart Security OU\"},\"image\":{\"@id\":\"https:\\\/\\\/fonolukk.eu\\\/et\\\/#\\\/schema\\\/logo\\\/image\\\/\"},\"sameAs\":[\"https:\\\/\\\/www.facebook.com\\\/fonolukk\",\"https:\\\/\\\/www.instagram.com\\\/fonolukk\\\/?hl=ru\"],\"publishingPrinciples\":\"https:\\\/\\\/fonolukk.eu\\\/terms-and-conditions\\\/\",\"ownershipFundingInfo\":\"https:\\\/\\\/fonolukk.eu\\\/about-us\\\/\"}]}<\/script>\n<meta property=\"product:price:amount\" content=\"15.57\" \/>\n<meta property=\"product:price:currency\" content=\"EUR\" \/>\n<meta property=\"og:availability\" content=\"instock\" \/>\n<meta property=\"product:availability\" content=\"instock\" \/>\n<meta property=\"product:retailer_item_id\" content=\"DC12V\" \/>\n<meta property=\"product:condition\" content=\"new\" \/>\n<!-- \/ Yoast SEO Premium plugin. -->","yoast_head_json":{"title":"Pinge DC12V aja viivituse juhtimismoodul 0-30 sekundit Reguleeritav - Fonolukk","description":"Pinge DC12V viivituse juhtimismoodul \/ viivituse juhtimismoodulit kasutatakse juurdep\u00e4\u00e4su kontrolls\u00fcsteemile viivituse funktsiooni pakkumiseks.","robots":{"index":"index","follow":"follow","max-snippet":"max-snippet:-1","max-image-preview":"max-image-preview:large","max-video-preview":"max-video-preview:-1"},"canonical":"https:\/\/fonolukk.eu\/et\/tooted\/pinge-dc12v-aja-viivituse-juhtimismoodul-0-30-sekundit-reguleeritav\/","og_locale":"et_EE","og_type":"article","og_title":"Pinge DC12V aja viivituse juhtimismoodul 0-30 sekundit Reguleeritav","og_description":"M\u00f5\u00f5dud: 55 P x 40,2 L x 19,1 K (mm)  Pinge: DC12V  Voolutugevus: 40mA  Aeg: 0-30 sekundit reguleeritav  T\u00f6\u00f6temperatuur: -20 \u2103 ~ +70 \u2103","og_url":"https:\/\/fonolukk.eu\/et\/tooted\/pinge-dc12v-aja-viivituse-juhtimismoodul-0-30-sekundit-reguleeritav\/","og_site_name":"Fonolukk","article_publisher":"https:\/\/www.facebook.com\/fonolukk","article_modified_time":"2025-01-09T09:55:52+00:00","og_image":[{"width":1000,"height":1177,"url":"https:\/\/fonolukk.eu\/wp-content\/uploads\/2024\/05\/ut-pcb-505-2.jpg","type":"image\/jpeg"}],"twitter_card":"summary_large_image","twitter_misc":{"Hind":"&euro;15.57 koos KM","Availability":"Laos"},"schema":{"@context":"https:\/\/schema.org","@graph":[{"@type":"WebPage","@id":"https:\/\/fonolukk.eu\/et\/tooted\/pinge-dc12v-aja-viivituse-juhtimismoodul-0-30-sekundit-reguleeritav\/","url":"https:\/\/fonolukk.eu\/et\/tooted\/pinge-dc12v-aja-viivituse-juhtimismoodul-0-30-sekundit-reguleeritav\/","name":"Pinge DC12V aja viivituse juhtimismoodul 0-30 sekundit Reguleeritav - Fonolukk","isPartOf":{"@id":"https:\/\/fonolukk.eu\/et\/#website"},"primaryImageOfPage":{"@id":"https:\/\/fonolukk.eu\/et\/tooted\/pinge-dc12v-aja-viivituse-juhtimismoodul-0-30-sekundit-reguleeritav\/#primaryimage"},"image":{"@id":"https:\/\/fonolukk.eu\/et\/tooted\/pinge-dc12v-aja-viivituse-juhtimismoodul-0-30-sekundit-reguleeritav\/#primaryimage"},"thumbnailUrl":"https:\/\/fonolukk.eu\/wp-content\/uploads\/2024\/05\/ut-pcb-505-2.jpg","datePublished":"2024-05-15T15:37:33+00:00","dateModified":"2025-01-09T09:55:52+00:00","description":"Pinge DC12V viivituse juhtimismoodul \/ viivituse juhtimismoodulit kasutatakse juurdep\u00e4\u00e4su kontrolls\u00fcsteemile viivituse funktsiooni pakkumiseks.","breadcrumb":{"@id":"https:\/\/fonolukk.eu\/et\/tooted\/pinge-dc12v-aja-viivituse-juhtimismoodul-0-30-sekundit-reguleeritav\/#breadcrumb"},"inLanguage":"et","potentialAction":[{"@type":"ReadAction","target":["https:\/\/fonolukk.eu\/et\/tooted\/pinge-dc12v-aja-viivituse-juhtimismoodul-0-30-sekundit-reguleeritav\/"]}]},{"@type":"ImageObject","inLanguage":"et","@id":"https:\/\/fonolukk.eu\/et\/tooted\/pinge-dc12v-aja-viivituse-juhtimismoodul-0-30-sekundit-reguleeritav\/#primaryimage","url":"https:\/\/fonolukk.eu\/wp-content\/uploads\/2024\/05\/ut-pcb-505-2.jpg","contentUrl":"https:\/\/fonolukk.eu\/wp-content\/uploads\/2024\/05\/ut-pcb-505-2.jpg","width":1000,"height":1177,"caption":"Voltage DC12V"},{"@type":"BreadcrumbList","@id":"https:\/\/fonolukk.eu\/et\/tooted\/pinge-dc12v-aja-viivituse-juhtimismoodul-0-30-sekundit-reguleeritav\/#breadcrumb","itemListElement":[{"@type":"ListItem","position":1,"name":"Esileht","item":"https:\/\/fonolukk.eu\/et\/koduleht\/"},{"@type":"ListItem","position":2,"name":"Tooted","item":"https:\/\/fonolukk.eu\/et\/shop-2\/"},{"@type":"ListItem","position":3,"name":"Ukseavamisnupud","item":"https:\/\/fonolukk.eu\/et\/product-category\/ukseavamisnupud\/"},{"@type":"ListItem","position":4,"name":"Pinge DC12V aja viivituse juhtimismoodul 0-30 sekundit Reguleeritav"}]},{"@type":"WebSite","@id":"https:\/\/fonolukk.eu\/et\/#website","url":"https:\/\/fonolukk.eu\/et\/","name":"Fonolukk eu","description":"Smart Security Systems","publisher":{"@id":"https:\/\/fonolukk.eu\/et\/#organization"},"potentialAction":[{"@type":"SearchAction","target":{"@type":"EntryPoint","urlTemplate":"https:\/\/fonolukk.eu\/et\/?s={search_term_string}"},"query-input":{"@type":"PropertyValueSpecification","valueRequired":true,"valueName":"search_term_string"}}],"inLanguage":"et"},{"@type":"Organization","@id":"https:\/\/fonolukk.eu\/et\/#organization","name":"Smart Security OU","url":"https:\/\/fonolukk.eu\/et\/","logo":{"@type":"ImageObject","inLanguage":"et","@id":"https:\/\/fonolukk.eu\/et\/#\/schema\/logo\/image\/","url":"https:\/\/fonolukk.eu\/wp-content\/uploads\/2023\/09\/fonolukk.png","contentUrl":"https:\/\/fonolukk.eu\/wp-content\/uploads\/2023\/09\/fonolukk.png","width":277,"height":274,"caption":"Smart Security OU"},"image":{"@id":"https:\/\/fonolukk.eu\/et\/#\/schema\/logo\/image\/"},"sameAs":["https:\/\/www.facebook.com\/fonolukk","https:\/\/www.instagram.com\/fonolukk\/?hl=ru"],"publishingPrinciples":"https:\/\/fonolukk.eu\/terms-and-conditions\/","ownershipFundingInfo":"https:\/\/fonolukk.eu\/about-us\/"}]},"product_price_amount":"15.57","product_price_currency":"EUR","og_availability":"instock","product_availability":"instock","product_retailer_item_id":"DC12V","product_condition":"new"},"_links":{"self":[{"href":"https:\/\/fonolukk.eu\/et\/wp-json\/wp\/v2\/product\/16821","targetHints":{"allow":["GET"]}}],"collection":[{"href":"https:\/\/fonolukk.eu\/et\/wp-json\/wp\/v2\/product"}],"about":[{"href":"https:\/\/fonolukk.eu\/et\/wp-json\/wp\/v2\/types\/product"}],"version-history":[{"count":1,"href":"https:\/\/fonolukk.eu\/et\/wp-json\/wp\/v2\/product\/16821\/revisions"}],"predecessor-version":[{"id":19490,"href":"https:\/\/fonolukk.eu\/et\/wp-json\/wp\/v2\/product\/16821\/revisions\/19490"}],"wp:featuredmedia":[{"embeddable":true,"href":"https:\/\/fonolukk.eu\/et\/wp-json\/wp\/v2\/media\/16830"}],"wp:attachment":[{"href":"https:\/\/fonolukk.eu\/et\/wp-json\/wp\/v2\/media?parent=16821"}],"wp:term":[{"taxonomy":"product_brand","embeddable":true,"href":"https:\/\/fonolukk.eu\/et\/wp-json\/wp\/v2\/product_brand?post=16821"},{"taxonomy":"product_cat","embeddable":true,"href":"https:\/\/fonolukk.eu\/et\/wp-json\/wp\/v2\/product_cat?post=16821"},{"taxonomy":"product_tag","embeddable":true,"href":"https:\/\/fonolukk.eu\/et\/wp-json\/wp\/v2\/product_tag?post=16821"}],"curies":[{"name":"wp","href":"https:\/\/api.w.org\/{rel}","templated":true}]}}