{"id":16842,"date":"2024-05-15T19:42:07","date_gmt":"2024-05-15T16:42:07","guid":{"rendered":"https:\/\/fonolukk.eu\/?post_type=product&#038;p=16842"},"modified":"2025-01-09T11:59:09","modified_gmt":"2025-01-09T09:59:09","slug":"mc-70a","status":"publish","type":"product","link":"https:\/\/fonolukk.eu\/et\/tooted\/mc-70a\/","title":{"rendered":"MC 70A"},"content":{"rendered":"","protected":false},"excerpt":{"rendered":"<p class=\"p1\"><span class=\"\">LED veekindel IP68 ukse v\u00e4ljap\u00e4\u00e4su nupp alusega (MC 70A)<\/span><\/p>\n<p class=\"p1\">M\u00f5\u00f5dud: 114L x 70W x 17H(mm)<br \/>\nStandard Instruction Acrylic LED, h\u00f5bedane. 12V\/GND\/NO\/\/COM 12-24V DC -10\uff5e+55\u2103<br \/>\nParameetrid: IP68, koos alusega. Punane: ootere\u017eiim Roheline: kasutamine<\/p>\n","protected":false},"featured_media":16845,"template":"","meta":[],"product_brand":[],"product_cat":[852],"product_tag":[],"class_list":{"0":"post-16842","1":"product","2":"type-product","3":"status-publish","4":"has-post-thumbnail","6":"product_cat-ukseavamisnupud","8":"first","9":"instock","10":"taxable","11":"shipping-taxable","12":"purchasable","13":"product-type-simple"},"yoast_head":"<!-- This site is optimized with the Yoast SEO Premium plugin v27.3 (Yoast SEO v27.3) - https:\/\/yoast.com\/product\/yoast-seo-premium-wordpress\/ -->\n<title>MC 70A - Fonolukk<\/title>\n<meta name=\"description\" content=\"Pinge DC12V viivituse juhtimismoodul \/ viivituse juhtimismoodulit kasutatakse juurdep\u00e4\u00e4su kontrolls\u00fcsteemile viivituse funktsiooni pakkumiseks.\" \/>\n<meta name=\"robots\" content=\"index, follow, max-snippet:-1, max-image-preview:large, max-video-preview:-1\" \/>\n<link rel=\"canonical\" href=\"https:\/\/fonolukk.eu\/et\/tooted\/mc-70a\/\" \/>\n<meta property=\"og:locale\" content=\"et_EE\" \/>\n<meta property=\"og:type\" content=\"article\" \/>\n<meta property=\"og:title\" content=\"MC 70A\" \/>\n<meta property=\"og:description\" content=\"LED veekindel IP68 ukse v\u00e4ljap\u00e4\u00e4su nupp alusega (MC 70A) M\u00f5\u00f5dud: 114L x 70W x 17H(mm) Standard Instruction Acrylic LED, h\u00f5bedane. 12V\/GND\/NO\/\/COM 12-24V DC -10\uff5e+55\u2103 Parameetrid: IP68, koos alusega. Punane: ootere\u017eiim Roheline: kasutamine\" \/>\n<meta property=\"og:url\" content=\"https:\/\/fonolukk.eu\/et\/tooted\/mc-70a\/\" \/>\n<meta property=\"og:site_name\" content=\"Fonolukk\" \/>\n<meta property=\"article:publisher\" content=\"https:\/\/www.facebook.com\/fonolukk\" \/>\n<meta property=\"article:modified_time\" content=\"2025-01-09T09:59:09+00:00\" \/>\n<meta property=\"og:image\" content=\"https:\/\/fonolukk.eu\/wp-content\/uploads\/2024\/05\/2024-05-15-19.48.46.jpg\" \/>\n\t<meta property=\"og:image:width\" content=\"600\" \/>\n\t<meta property=\"og:image:height\" content=\"600\" \/>\n\t<meta property=\"og:image:type\" content=\"image\/jpeg\" \/>\n<meta name=\"twitter:card\" content=\"summary_large_image\" \/>\n<meta name=\"twitter:label1\" content=\"Hind\" \/>\n\t<meta name=\"twitter:data1\" content=\"&euro;20.49 koos KM\" \/>\n\t<meta name=\"twitter:label2\" content=\"Availability\" \/>\n\t<meta name=\"twitter:data2\" content=\"Laos\" \/>\n<script type=\"application\/ld+json\" class=\"yoast-schema-graph\">{\"@context\":\"https:\\\/\\\/schema.org\",\"@graph\":[{\"@type\":\"WebPage\",\"@id\":\"https:\\\/\\\/fonolukk.eu\\\/et\\\/tooted\\\/mc-70a\\\/\",\"url\":\"https:\\\/\\\/fonolukk.eu\\\/et\\\/tooted\\\/mc-70a\\\/\",\"name\":\"MC 70A - Fonolukk\",\"isPartOf\":{\"@id\":\"https:\\\/\\\/fonolukk.eu\\\/et\\\/#website\"},\"primaryImageOfPage\":{\"@id\":\"https:\\\/\\\/fonolukk.eu\\\/et\\\/tooted\\\/mc-70a\\\/#primaryimage\"},\"image\":{\"@id\":\"https:\\\/\\\/fonolukk.eu\\\/et\\\/tooted\\\/mc-70a\\\/#primaryimage\"},\"thumbnailUrl\":\"https:\\\/\\\/fonolukk.eu\\\/wp-content\\\/uploads\\\/2024\\\/05\\\/2024-05-15-19.48.46.jpg\",\"datePublished\":\"2024-05-15T16:42:07+00:00\",\"dateModified\":\"2025-01-09T09:59:09+00:00\",\"description\":\"Pinge DC12V viivituse juhtimismoodul \\\/ viivituse juhtimismoodulit kasutatakse juurdep\u00e4\u00e4su kontrolls\u00fcsteemile viivituse funktsiooni pakkumiseks.\",\"breadcrumb\":{\"@id\":\"https:\\\/\\\/fonolukk.eu\\\/et\\\/tooted\\\/mc-70a\\\/#breadcrumb\"},\"inLanguage\":\"et\",\"potentialAction\":[{\"@type\":\"ReadAction\",\"target\":[\"https:\\\/\\\/fonolukk.eu\\\/et\\\/tooted\\\/mc-70a\\\/\"]}]},{\"@type\":\"ImageObject\",\"inLanguage\":\"et\",\"@id\":\"https:\\\/\\\/fonolukk.eu\\\/et\\\/tooted\\\/mc-70a\\\/#primaryimage\",\"url\":\"https:\\\/\\\/fonolukk.eu\\\/wp-content\\\/uploads\\\/2024\\\/05\\\/2024-05-15-19.48.46.jpg\",\"contentUrl\":\"https:\\\/\\\/fonolukk.eu\\\/wp-content\\\/uploads\\\/2024\\\/05\\\/2024-05-15-19.48.46.jpg\",\"width\":600,\"height\":600,\"caption\":\"MC 70A\"},{\"@type\":\"BreadcrumbList\",\"@id\":\"https:\\\/\\\/fonolukk.eu\\\/et\\\/tooted\\\/mc-70a\\\/#breadcrumb\",\"itemListElement\":[{\"@type\":\"ListItem\",\"position\":1,\"name\":\"Esileht\",\"item\":\"https:\\\/\\\/fonolukk.eu\\\/et\\\/koduleht\\\/\"},{\"@type\":\"ListItem\",\"position\":2,\"name\":\"Tooted\",\"item\":\"https:\\\/\\\/fonolukk.eu\\\/et\\\/shop-2\\\/\"},{\"@type\":\"ListItem\",\"position\":3,\"name\":\"Ukseavamisnupud\",\"item\":\"https:\\\/\\\/fonolukk.eu\\\/et\\\/product-category\\\/ukseavamisnupud\\\/\"},{\"@type\":\"ListItem\",\"position\":4,\"name\":\"MC 70A\"}]},{\"@type\":\"WebSite\",\"@id\":\"https:\\\/\\\/fonolukk.eu\\\/et\\\/#website\",\"url\":\"https:\\\/\\\/fonolukk.eu\\\/et\\\/\",\"name\":\"Fonolukk eu\",\"description\":\"Smart Security Systems\",\"publisher\":{\"@id\":\"https:\\\/\\\/fonolukk.eu\\\/et\\\/#organization\"},\"potentialAction\":[{\"@type\":\"SearchAction\",\"target\":{\"@type\":\"EntryPoint\",\"urlTemplate\":\"https:\\\/\\\/fonolukk.eu\\\/et\\\/?s={search_term_string}\"},\"query-input\":{\"@type\":\"PropertyValueSpecification\",\"valueRequired\":true,\"valueName\":\"search_term_string\"}}],\"inLanguage\":\"et\"},{\"@type\":\"Organization\",\"@id\":\"https:\\\/\\\/fonolukk.eu\\\/et\\\/#organization\",\"name\":\"Smart Security OU\",\"url\":\"https:\\\/\\\/fonolukk.eu\\\/et\\\/\",\"logo\":{\"@type\":\"ImageObject\",\"inLanguage\":\"et\",\"@id\":\"https:\\\/\\\/fonolukk.eu\\\/et\\\/#\\\/schema\\\/logo\\\/image\\\/\",\"url\":\"https:\\\/\\\/fonolukk.eu\\\/wp-content\\\/uploads\\\/2023\\\/09\\\/fonolukk.png\",\"contentUrl\":\"https:\\\/\\\/fonolukk.eu\\\/wp-content\\\/uploads\\\/2023\\\/09\\\/fonolukk.png\",\"width\":277,\"height\":274,\"caption\":\"Smart Security OU\"},\"image\":{\"@id\":\"https:\\\/\\\/fonolukk.eu\\\/et\\\/#\\\/schema\\\/logo\\\/image\\\/\"},\"sameAs\":[\"https:\\\/\\\/www.facebook.com\\\/fonolukk\",\"https:\\\/\\\/www.instagram.com\\\/fonolukk\\\/?hl=ru\"],\"publishingPrinciples\":\"https:\\\/\\\/fonolukk.eu\\\/terms-and-conditions\\\/\",\"ownershipFundingInfo\":\"https:\\\/\\\/fonolukk.eu\\\/about-us\\\/\"}]}<\/script>\n<meta property=\"product:price:amount\" content=\"20.49\" \/>\n<meta property=\"product:price:currency\" content=\"EUR\" \/>\n<meta property=\"og:availability\" content=\"instock\" \/>\n<meta property=\"product:availability\" content=\"instock\" \/>\n<meta property=\"product:retailer_item_id\" content=\"MC 70A\" \/>\n<meta property=\"product:condition\" content=\"new\" \/>\n<!-- \/ Yoast SEO Premium plugin. -->","yoast_head_json":{"title":"MC 70A - Fonolukk","description":"Pinge DC12V viivituse juhtimismoodul \/ viivituse juhtimismoodulit kasutatakse juurdep\u00e4\u00e4su kontrolls\u00fcsteemile viivituse funktsiooni pakkumiseks.","robots":{"index":"index","follow":"follow","max-snippet":"max-snippet:-1","max-image-preview":"max-image-preview:large","max-video-preview":"max-video-preview:-1"},"canonical":"https:\/\/fonolukk.eu\/et\/tooted\/mc-70a\/","og_locale":"et_EE","og_type":"article","og_title":"MC 70A","og_description":"LED veekindel IP68 ukse v\u00e4ljap\u00e4\u00e4su nupp alusega (MC 70A) M\u00f5\u00f5dud: 114L x 70W x 17H(mm) Standard Instruction Acrylic LED, h\u00f5bedane. 12V\/GND\/NO\/\/COM 12-24V DC -10\uff5e+55\u2103 Parameetrid: IP68, koos alusega. Punane: ootere\u017eiim Roheline: kasutamine","og_url":"https:\/\/fonolukk.eu\/et\/tooted\/mc-70a\/","og_site_name":"Fonolukk","article_publisher":"https:\/\/www.facebook.com\/fonolukk","article_modified_time":"2025-01-09T09:59:09+00:00","og_image":[{"width":600,"height":600,"url":"https:\/\/fonolukk.eu\/wp-content\/uploads\/2024\/05\/2024-05-15-19.48.46.jpg","type":"image\/jpeg"}],"twitter_card":"summary_large_image","twitter_misc":{"Hind":"&euro;20.49 koos KM","Availability":"Laos"},"schema":{"@context":"https:\/\/schema.org","@graph":[{"@type":"WebPage","@id":"https:\/\/fonolukk.eu\/et\/tooted\/mc-70a\/","url":"https:\/\/fonolukk.eu\/et\/tooted\/mc-70a\/","name":"MC 70A - Fonolukk","isPartOf":{"@id":"https:\/\/fonolukk.eu\/et\/#website"},"primaryImageOfPage":{"@id":"https:\/\/fonolukk.eu\/et\/tooted\/mc-70a\/#primaryimage"},"image":{"@id":"https:\/\/fonolukk.eu\/et\/tooted\/mc-70a\/#primaryimage"},"thumbnailUrl":"https:\/\/fonolukk.eu\/wp-content\/uploads\/2024\/05\/2024-05-15-19.48.46.jpg","datePublished":"2024-05-15T16:42:07+00:00","dateModified":"2025-01-09T09:59:09+00:00","description":"Pinge DC12V viivituse juhtimismoodul \/ viivituse juhtimismoodulit kasutatakse juurdep\u00e4\u00e4su kontrolls\u00fcsteemile viivituse funktsiooni pakkumiseks.","breadcrumb":{"@id":"https:\/\/fonolukk.eu\/et\/tooted\/mc-70a\/#breadcrumb"},"inLanguage":"et","potentialAction":[{"@type":"ReadAction","target":["https:\/\/fonolukk.eu\/et\/tooted\/mc-70a\/"]}]},{"@type":"ImageObject","inLanguage":"et","@id":"https:\/\/fonolukk.eu\/et\/tooted\/mc-70a\/#primaryimage","url":"https:\/\/fonolukk.eu\/wp-content\/uploads\/2024\/05\/2024-05-15-19.48.46.jpg","contentUrl":"https:\/\/fonolukk.eu\/wp-content\/uploads\/2024\/05\/2024-05-15-19.48.46.jpg","width":600,"height":600,"caption":"MC 70A"},{"@type":"BreadcrumbList","@id":"https:\/\/fonolukk.eu\/et\/tooted\/mc-70a\/#breadcrumb","itemListElement":[{"@type":"ListItem","position":1,"name":"Esileht","item":"https:\/\/fonolukk.eu\/et\/koduleht\/"},{"@type":"ListItem","position":2,"name":"Tooted","item":"https:\/\/fonolukk.eu\/et\/shop-2\/"},{"@type":"ListItem","position":3,"name":"Ukseavamisnupud","item":"https:\/\/fonolukk.eu\/et\/product-category\/ukseavamisnupud\/"},{"@type":"ListItem","position":4,"name":"MC 70A"}]},{"@type":"WebSite","@id":"https:\/\/fonolukk.eu\/et\/#website","url":"https:\/\/fonolukk.eu\/et\/","name":"Fonolukk eu","description":"Smart Security Systems","publisher":{"@id":"https:\/\/fonolukk.eu\/et\/#organization"},"potentialAction":[{"@type":"SearchAction","target":{"@type":"EntryPoint","urlTemplate":"https:\/\/fonolukk.eu\/et\/?s={search_term_string}"},"query-input":{"@type":"PropertyValueSpecification","valueRequired":true,"valueName":"search_term_string"}}],"inLanguage":"et"},{"@type":"Organization","@id":"https:\/\/fonolukk.eu\/et\/#organization","name":"Smart Security OU","url":"https:\/\/fonolukk.eu\/et\/","logo":{"@type":"ImageObject","inLanguage":"et","@id":"https:\/\/fonolukk.eu\/et\/#\/schema\/logo\/image\/","url":"https:\/\/fonolukk.eu\/wp-content\/uploads\/2023\/09\/fonolukk.png","contentUrl":"https:\/\/fonolukk.eu\/wp-content\/uploads\/2023\/09\/fonolukk.png","width":277,"height":274,"caption":"Smart Security OU"},"image":{"@id":"https:\/\/fonolukk.eu\/et\/#\/schema\/logo\/image\/"},"sameAs":["https:\/\/www.facebook.com\/fonolukk","https:\/\/www.instagram.com\/fonolukk\/?hl=ru"],"publishingPrinciples":"https:\/\/fonolukk.eu\/terms-and-conditions\/","ownershipFundingInfo":"https:\/\/fonolukk.eu\/about-us\/"}]},"product_price_amount":"20.49","product_price_currency":"EUR","og_availability":"instock","product_availability":"instock","product_retailer_item_id":"MC 70A","product_condition":"new"},"_links":{"self":[{"href":"https:\/\/fonolukk.eu\/et\/wp-json\/wp\/v2\/product\/16842","targetHints":{"allow":["GET"]}}],"collection":[{"href":"https:\/\/fonolukk.eu\/et\/wp-json\/wp\/v2\/product"}],"about":[{"href":"https:\/\/fonolukk.eu\/et\/wp-json\/wp\/v2\/types\/product"}],"version-history":[{"count":1,"href":"https:\/\/fonolukk.eu\/et\/wp-json\/wp\/v2\/product\/16842\/revisions"}],"predecessor-version":[{"id":19495,"href":"https:\/\/fonolukk.eu\/et\/wp-json\/wp\/v2\/product\/16842\/revisions\/19495"}],"wp:featuredmedia":[{"embeddable":true,"href":"https:\/\/fonolukk.eu\/et\/wp-json\/wp\/v2\/media\/16845"}],"wp:attachment":[{"href":"https:\/\/fonolukk.eu\/et\/wp-json\/wp\/v2\/media?parent=16842"}],"wp:term":[{"taxonomy":"product_brand","embeddable":true,"href":"https:\/\/fonolukk.eu\/et\/wp-json\/wp\/v2\/product_brand?post=16842"},{"taxonomy":"product_cat","embeddable":true,"href":"https:\/\/fonolukk.eu\/et\/wp-json\/wp\/v2\/product_cat?post=16842"},{"taxonomy":"product_tag","embeddable":true,"href":"https:\/\/fonolukk.eu\/et\/wp-json\/wp\/v2\/product_tag?post=16842"}],"curies":[{"name":"wp","href":"https:\/\/api.w.org\/{rel}","templated":true}]}}