{"id":16849,"date":"2024-05-15T20:25:58","date_gmt":"2024-05-15T17:25:58","guid":{"rendered":"https:\/\/fonolukk.eu\/?post_type=product&#038;p=16849"},"modified":"2025-01-09T11:59:58","modified_gmt":"2025-01-09T09:59:58","slug":"ms-19v","status":"publish","type":"product","link":"https:\/\/fonolukk.eu\/et\/tooted\/ms-19v\/","title":{"rendered":"\u041c\u0421 19\u0412"},"content":{"rendered":"<h4>Funktsioonid:<\/h4>\n<ul>\n<li><span class=\"a-list-item\">Disain ilma mehaanilise poldita.<\/span><\/li>\n<li><span class=\"a-list-item\">Roostevabast terasest esiplaat.<\/span><\/li>\n<li><span class=\"a-list-item\">Mahub standardsesse \u00fche r\u00fchmaga kasti, suur \u00fcmmargune roheline nupp.<\/span><\/li>\n<li><span class=\"a-list-item\">Kahe kontakti v\u00e4ljund, sobib igat t\u00fc\u00fcpi lukkudele.<\/span><\/li>\n<li>Elegantse stiiliga alumiiniumpaneel.<\/li>\n<li>500 000 ts\u00fckli testid<\/li>\n<\/ul>\n<h4><b>Spetsifikatsioon:<\/b><\/h4>\n<ul>\n<li>M\u00f5\u00f5dud: 114L x 70L x 30,8H(mm)<\/li>\n<li>Standardstruktuur: roostevaba teras<\/li>\n<li>Voolutugevus: 3A@36VDC<\/li>\n<li>V\u00e4ljundkontakt: NO\/NC\/COM<\/li>\n<li>T\u00f6\u00f6temperatuur: -20 \u2103 &#8211; ~ +50 \u2103<\/li>\n<li>T\u00f6\u00f6niiskus: 0-95% suhteline \u00f5huniiskus<\/li>\n<li>Paneeli materjal: 304 roostevabast terasest paneel traadi t\u00f5mbamisega<\/li>\n<li>L\u00fcliti materjal: plastik<\/li>\n<li>7-tollised AWG 22 juhtmega juhtmed<\/li>\n<li>Kaal: 240g<\/li>\n<\/ul>\n<h4><b>Pakett:<\/b><\/h4>\n<ul>\n<li>1 x v\u00e4ljumisnupp<\/li>\n<li>1 x ingliskeelne kasutusjuhend<\/li>\n<\/ul>\n","protected":false},"excerpt":{"rendered":"<div class=\"woocommerce-product-details__short-description\">\n<ul>\n<li><span class=\"a-list-item\">Disain ilma mehaanilise poldita.<\/span><\/li>\n<li><span class=\"a-list-item\">Roostevabast terasest esiplaat.<\/span><\/li>\n<li><span class=\"a-list-item\">Mahub standardsesse \u00fche r\u00fchmaga kasti, suur \u00fcmmargune roheline nupp.<\/span><\/li>\n<li><span class=\"a-list-item\">Kahe kontakti v\u00e4ljund, sobib igat t\u00fc\u00fcpi lukkudele.<\/span><\/li>\n<\/ul>\n<\/div>\n","protected":false},"featured_media":16858,"template":"","meta":[],"product_brand":[],"product_cat":[852],"product_tag":[],"class_list":{"0":"post-16849","1":"product","2":"type-product","3":"status-publish","4":"has-post-thumbnail","6":"product_cat-ukseavamisnupud","8":"first","9":"instock","10":"taxable","11":"shipping-taxable","12":"product-type-simple"},"yoast_head":"<!-- This site is optimized with the Yoast SEO Premium plugin v27.3 (Yoast SEO v27.3) - https:\/\/yoast.com\/product\/yoast-seo-premium-wordpress\/ -->\n<title>\u041c\u0421 19\u0412 - Fonolukk<\/title>\n<meta name=\"description\" content=\"Pinge DC12V viivituse juhtimismoodul \/ viivituse juhtimismoodulit kasutatakse juurdep\u00e4\u00e4su kontrolls\u00fcsteemile viivituse funktsiooni pakkumiseks.\" \/>\n<meta name=\"robots\" content=\"index, follow, max-snippet:-1, max-image-preview:large, max-video-preview:-1\" \/>\n<link rel=\"canonical\" href=\"https:\/\/fonolukk.eu\/et\/tooted\/ms-19v\/\" \/>\n<meta property=\"og:locale\" content=\"et_EE\" \/>\n<meta property=\"og:type\" content=\"article\" \/>\n<meta property=\"og:title\" content=\"\u041c\u0421 19\u0412\" \/>\n<meta property=\"og:description\" content=\"Disain ilma mehaanilise poldita.  Roostevabast terasest esiplaat.  Mahub standardsesse \u00fche r\u00fchmaga kasti, suur \u00fcmmargune roheline nupp.  Kahe kontakti v\u00e4ljund, sobib igat t\u00fc\u00fcpi lukkudele.\" \/>\n<meta property=\"og:url\" content=\"https:\/\/fonolukk.eu\/et\/tooted\/ms-19v\/\" \/>\n<meta property=\"og:site_name\" content=\"Fonolukk\" \/>\n<meta property=\"article:publisher\" content=\"https:\/\/www.facebook.com\/fonolukk\" \/>\n<meta property=\"article:modified_time\" content=\"2025-01-09T09:59:58+00:00\" \/>\n<meta property=\"og:image\" content=\"https:\/\/fonolukk.eu\/wp-content\/uploads\/2024\/05\/stainless-steel-panel-press-to-exit-button.jpeg\" \/>\n\t<meta property=\"og:image:width\" content=\"1000\" \/>\n\t<meta property=\"og:image:height\" content=\"1177\" \/>\n\t<meta property=\"og:image:type\" content=\"image\/jpeg\" \/>\n<meta name=\"twitter:card\" content=\"summary_large_image\" \/>\n<meta name=\"twitter:label1\" content=\"Hind\" \/>\n\t<meta name=\"twitter:data1\" content=\"\" \/>\n\t<meta name=\"twitter:label2\" content=\"Availability\" \/>\n\t<meta name=\"twitter:data2\" content=\"Laos\" \/>\n<script type=\"application\/ld+json\" class=\"yoast-schema-graph\">{\"@context\":\"https:\\\/\\\/schema.org\",\"@graph\":[{\"@type\":\"WebPage\",\"@id\":\"https:\\\/\\\/fonolukk.eu\\\/et\\\/tooted\\\/ms-19v\\\/\",\"url\":\"https:\\\/\\\/fonolukk.eu\\\/et\\\/tooted\\\/ms-19v\\\/\",\"name\":\"\u041c\u0421 19\u0412 - Fonolukk\",\"isPartOf\":{\"@id\":\"https:\\\/\\\/fonolukk.eu\\\/et\\\/#website\"},\"primaryImageOfPage\":{\"@id\":\"https:\\\/\\\/fonolukk.eu\\\/et\\\/tooted\\\/ms-19v\\\/#primaryimage\"},\"image\":{\"@id\":\"https:\\\/\\\/fonolukk.eu\\\/et\\\/tooted\\\/ms-19v\\\/#primaryimage\"},\"thumbnailUrl\":\"https:\\\/\\\/fonolukk.eu\\\/wp-content\\\/uploads\\\/2024\\\/05\\\/stainless-steel-panel-press-to-exit-button.jpeg\",\"datePublished\":\"2024-05-15T17:25:58+00:00\",\"dateModified\":\"2025-01-09T09:59:58+00:00\",\"description\":\"Pinge DC12V viivituse juhtimismoodul \\\/ viivituse juhtimismoodulit kasutatakse juurdep\u00e4\u00e4su kontrolls\u00fcsteemile viivituse funktsiooni pakkumiseks.\",\"breadcrumb\":{\"@id\":\"https:\\\/\\\/fonolukk.eu\\\/et\\\/tooted\\\/ms-19v\\\/#breadcrumb\"},\"inLanguage\":\"et\",\"potentialAction\":[{\"@type\":\"ReadAction\",\"target\":[\"https:\\\/\\\/fonolukk.eu\\\/et\\\/tooted\\\/ms-19v\\\/\"]}]},{\"@type\":\"ImageObject\",\"inLanguage\":\"et\",\"@id\":\"https:\\\/\\\/fonolukk.eu\\\/et\\\/tooted\\\/ms-19v\\\/#primaryimage\",\"url\":\"https:\\\/\\\/fonolukk.eu\\\/wp-content\\\/uploads\\\/2024\\\/05\\\/stainless-steel-panel-press-to-exit-button.jpeg\",\"contentUrl\":\"https:\\\/\\\/fonolukk.eu\\\/wp-content\\\/uploads\\\/2024\\\/05\\\/stainless-steel-panel-press-to-exit-button.jpeg\",\"width\":1000,\"height\":1177,\"caption\":\"Stainless Steel Panel Press to Exit Button for Door Access Control System\"},{\"@type\":\"BreadcrumbList\",\"@id\":\"https:\\\/\\\/fonolukk.eu\\\/et\\\/tooted\\\/ms-19v\\\/#breadcrumb\",\"itemListElement\":[{\"@type\":\"ListItem\",\"position\":1,\"name\":\"Esileht\",\"item\":\"https:\\\/\\\/fonolukk.eu\\\/et\\\/koduleht\\\/\"},{\"@type\":\"ListItem\",\"position\":2,\"name\":\"Tooted\",\"item\":\"https:\\\/\\\/fonolukk.eu\\\/et\\\/shop-2\\\/\"},{\"@type\":\"ListItem\",\"position\":3,\"name\":\"Ukseavamisnupud\",\"item\":\"https:\\\/\\\/fonolukk.eu\\\/et\\\/product-category\\\/ukseavamisnupud\\\/\"},{\"@type\":\"ListItem\",\"position\":4,\"name\":\"\u041c\u0421 19\u0412\"}]},{\"@type\":\"WebSite\",\"@id\":\"https:\\\/\\\/fonolukk.eu\\\/et\\\/#website\",\"url\":\"https:\\\/\\\/fonolukk.eu\\\/et\\\/\",\"name\":\"Fonolukk eu\",\"description\":\"Smart Security Systems\",\"publisher\":{\"@id\":\"https:\\\/\\\/fonolukk.eu\\\/et\\\/#organization\"},\"potentialAction\":[{\"@type\":\"SearchAction\",\"target\":{\"@type\":\"EntryPoint\",\"urlTemplate\":\"https:\\\/\\\/fonolukk.eu\\\/et\\\/?s={search_term_string}\"},\"query-input\":{\"@type\":\"PropertyValueSpecification\",\"valueRequired\":true,\"valueName\":\"search_term_string\"}}],\"inLanguage\":\"et\"},{\"@type\":\"Organization\",\"@id\":\"https:\\\/\\\/fonolukk.eu\\\/et\\\/#organization\",\"name\":\"Smart Security OU\",\"url\":\"https:\\\/\\\/fonolukk.eu\\\/et\\\/\",\"logo\":{\"@type\":\"ImageObject\",\"inLanguage\":\"et\",\"@id\":\"https:\\\/\\\/fonolukk.eu\\\/et\\\/#\\\/schema\\\/logo\\\/image\\\/\",\"url\":\"https:\\\/\\\/fonolukk.eu\\\/wp-content\\\/uploads\\\/2023\\\/09\\\/fonolukk.png\",\"contentUrl\":\"https:\\\/\\\/fonolukk.eu\\\/wp-content\\\/uploads\\\/2023\\\/09\\\/fonolukk.png\",\"width\":277,\"height\":274,\"caption\":\"Smart Security OU\"},\"image\":{\"@id\":\"https:\\\/\\\/fonolukk.eu\\\/et\\\/#\\\/schema\\\/logo\\\/image\\\/\"},\"sameAs\":[\"https:\\\/\\\/www.facebook.com\\\/fonolukk\",\"https:\\\/\\\/www.instagram.com\\\/fonolukk\\\/?hl=ru\"],\"publishingPrinciples\":\"https:\\\/\\\/fonolukk.eu\\\/terms-and-conditions\\\/\",\"ownershipFundingInfo\":\"https:\\\/\\\/fonolukk.eu\\\/about-us\\\/\"}]}<\/script>\n<meta property=\"product:price:amount\" content=\"0.00\" \/>\n<meta property=\"product:price:currency\" content=\"EUR\" \/>\n<meta property=\"og:availability\" content=\"instock\" \/>\n<meta property=\"product:availability\" content=\"instock\" \/>\n<meta property=\"product:retailer_item_id\" content=\"UT-PBK-819B\" \/>\n<meta property=\"product:condition\" content=\"new\" \/>\n<!-- \/ Yoast SEO Premium plugin. -->","yoast_head_json":{"title":"\u041c\u0421 19\u0412 - Fonolukk","description":"Pinge DC12V viivituse juhtimismoodul \/ viivituse juhtimismoodulit kasutatakse juurdep\u00e4\u00e4su kontrolls\u00fcsteemile viivituse funktsiooni pakkumiseks.","robots":{"index":"index","follow":"follow","max-snippet":"max-snippet:-1","max-image-preview":"max-image-preview:large","max-video-preview":"max-video-preview:-1"},"canonical":"https:\/\/fonolukk.eu\/et\/tooted\/ms-19v\/","og_locale":"et_EE","og_type":"article","og_title":"\u041c\u0421 19\u0412","og_description":"Disain ilma mehaanilise poldita.  Roostevabast terasest esiplaat.  Mahub standardsesse \u00fche r\u00fchmaga kasti, suur \u00fcmmargune roheline nupp.  Kahe kontakti v\u00e4ljund, sobib igat t\u00fc\u00fcpi lukkudele.","og_url":"https:\/\/fonolukk.eu\/et\/tooted\/ms-19v\/","og_site_name":"Fonolukk","article_publisher":"https:\/\/www.facebook.com\/fonolukk","article_modified_time":"2025-01-09T09:59:58+00:00","og_image":[{"width":1000,"height":1177,"url":"https:\/\/fonolukk.eu\/wp-content\/uploads\/2024\/05\/stainless-steel-panel-press-to-exit-button.jpeg","type":"image\/jpeg"}],"twitter_card":"summary_large_image","twitter_misc":{"Hind":"","Availability":"Laos"},"schema":{"@context":"https:\/\/schema.org","@graph":[{"@type":"WebPage","@id":"https:\/\/fonolukk.eu\/et\/tooted\/ms-19v\/","url":"https:\/\/fonolukk.eu\/et\/tooted\/ms-19v\/","name":"\u041c\u0421 19\u0412 - Fonolukk","isPartOf":{"@id":"https:\/\/fonolukk.eu\/et\/#website"},"primaryImageOfPage":{"@id":"https:\/\/fonolukk.eu\/et\/tooted\/ms-19v\/#primaryimage"},"image":{"@id":"https:\/\/fonolukk.eu\/et\/tooted\/ms-19v\/#primaryimage"},"thumbnailUrl":"https:\/\/fonolukk.eu\/wp-content\/uploads\/2024\/05\/stainless-steel-panel-press-to-exit-button.jpeg","datePublished":"2024-05-15T17:25:58+00:00","dateModified":"2025-01-09T09:59:58+00:00","description":"Pinge DC12V viivituse juhtimismoodul \/ viivituse juhtimismoodulit kasutatakse juurdep\u00e4\u00e4su kontrolls\u00fcsteemile viivituse funktsiooni pakkumiseks.","breadcrumb":{"@id":"https:\/\/fonolukk.eu\/et\/tooted\/ms-19v\/#breadcrumb"},"inLanguage":"et","potentialAction":[{"@type":"ReadAction","target":["https:\/\/fonolukk.eu\/et\/tooted\/ms-19v\/"]}]},{"@type":"ImageObject","inLanguage":"et","@id":"https:\/\/fonolukk.eu\/et\/tooted\/ms-19v\/#primaryimage","url":"https:\/\/fonolukk.eu\/wp-content\/uploads\/2024\/05\/stainless-steel-panel-press-to-exit-button.jpeg","contentUrl":"https:\/\/fonolukk.eu\/wp-content\/uploads\/2024\/05\/stainless-steel-panel-press-to-exit-button.jpeg","width":1000,"height":1177,"caption":"Stainless Steel Panel Press to Exit Button for Door Access Control System"},{"@type":"BreadcrumbList","@id":"https:\/\/fonolukk.eu\/et\/tooted\/ms-19v\/#breadcrumb","itemListElement":[{"@type":"ListItem","position":1,"name":"Esileht","item":"https:\/\/fonolukk.eu\/et\/koduleht\/"},{"@type":"ListItem","position":2,"name":"Tooted","item":"https:\/\/fonolukk.eu\/et\/shop-2\/"},{"@type":"ListItem","position":3,"name":"Ukseavamisnupud","item":"https:\/\/fonolukk.eu\/et\/product-category\/ukseavamisnupud\/"},{"@type":"ListItem","position":4,"name":"\u041c\u0421 19\u0412"}]},{"@type":"WebSite","@id":"https:\/\/fonolukk.eu\/et\/#website","url":"https:\/\/fonolukk.eu\/et\/","name":"Fonolukk eu","description":"Smart Security Systems","publisher":{"@id":"https:\/\/fonolukk.eu\/et\/#organization"},"potentialAction":[{"@type":"SearchAction","target":{"@type":"EntryPoint","urlTemplate":"https:\/\/fonolukk.eu\/et\/?s={search_term_string}"},"query-input":{"@type":"PropertyValueSpecification","valueRequired":true,"valueName":"search_term_string"}}],"inLanguage":"et"},{"@type":"Organization","@id":"https:\/\/fonolukk.eu\/et\/#organization","name":"Smart Security OU","url":"https:\/\/fonolukk.eu\/et\/","logo":{"@type":"ImageObject","inLanguage":"et","@id":"https:\/\/fonolukk.eu\/et\/#\/schema\/logo\/image\/","url":"https:\/\/fonolukk.eu\/wp-content\/uploads\/2023\/09\/fonolukk.png","contentUrl":"https:\/\/fonolukk.eu\/wp-content\/uploads\/2023\/09\/fonolukk.png","width":277,"height":274,"caption":"Smart Security OU"},"image":{"@id":"https:\/\/fonolukk.eu\/et\/#\/schema\/logo\/image\/"},"sameAs":["https:\/\/www.facebook.com\/fonolukk","https:\/\/www.instagram.com\/fonolukk\/?hl=ru"],"publishingPrinciples":"https:\/\/fonolukk.eu\/terms-and-conditions\/","ownershipFundingInfo":"https:\/\/fonolukk.eu\/about-us\/"}]},"product_price_amount":"0.00","product_price_currency":"EUR","og_availability":"instock","product_availability":"instock","product_retailer_item_id":"UT-PBK-819B","product_condition":"new"},"_links":{"self":[{"href":"https:\/\/fonolukk.eu\/et\/wp-json\/wp\/v2\/product\/16849","targetHints":{"allow":["GET"]}}],"collection":[{"href":"https:\/\/fonolukk.eu\/et\/wp-json\/wp\/v2\/product"}],"about":[{"href":"https:\/\/fonolukk.eu\/et\/wp-json\/wp\/v2\/types\/product"}],"version-history":[{"count":1,"href":"https:\/\/fonolukk.eu\/et\/wp-json\/wp\/v2\/product\/16849\/revisions"}],"predecessor-version":[{"id":19497,"href":"https:\/\/fonolukk.eu\/et\/wp-json\/wp\/v2\/product\/16849\/revisions\/19497"}],"wp:featuredmedia":[{"embeddable":true,"href":"https:\/\/fonolukk.eu\/et\/wp-json\/wp\/v2\/media\/16858"}],"wp:attachment":[{"href":"https:\/\/fonolukk.eu\/et\/wp-json\/wp\/v2\/media?parent=16849"}],"wp:term":[{"taxonomy":"product_brand","embeddable":true,"href":"https:\/\/fonolukk.eu\/et\/wp-json\/wp\/v2\/product_brand?post=16849"},{"taxonomy":"product_cat","embeddable":true,"href":"https:\/\/fonolukk.eu\/et\/wp-json\/wp\/v2\/product_cat?post=16849"},{"taxonomy":"product_tag","embeddable":true,"href":"https:\/\/fonolukk.eu\/et\/wp-json\/wp\/v2\/product_tag?post=16849"}],"curies":[{"name":"wp","href":"https:\/\/api.w.org\/{rel}","templated":true}]}}