{"id":16861,"date":"2024-05-15T21:01:09","date_gmt":"2024-05-15T18:01:10","guid":{"rendered":"https:\/\/fonolukk.eu\/?post_type=product&#038;p=16861"},"modified":"2025-01-09T12:01:09","modified_gmt":"2025-01-09T10:01:09","slug":"ms-35","status":"publish","type":"product","link":"https:\/\/fonolukk.eu\/et\/tooted\/ms-35\/","title":{"rendered":"\u041c\u0421 35"},"content":{"rendered":"<h4>Funktsioonid:<\/h4>\n<ul>\n<li><span class=\"a-list-item\">Elegantse stiiliga roostevabast terasest paneel<\/span><\/li>\n<li><span class=\"a-list-item\">NO\/COM kontakti v\u00e4ljund, sobib igasuguste lukkude jaoks<\/span><\/li>\n<li><span class=\"a-list-item\">M\u00f5\u00f5dud: 90Lx35Lx20H(mm)<\/span><\/li>\n<li><span class=\"a-list-item\">Otsekuiva kontaktiga sisend, v\u00e4list toiteallikat pole<\/span><\/li>\n<li><span class=\"a-list-item\">500 000 ts\u00fckli testi.<\/span><\/li>\n<li><span class=\"a-list-item\">Seda ukseavamise v\u00e4ljumisnuppu saab kasutada mis tahes juurdep\u00e4\u00e4sukontrolli rakenduse jaoks ja seda kasutatakse tavaliselt kontorites, pankades, bensiinijaamades, kaubamajades ja paljudes teistes<\/span><\/li>\n<\/ul>\n<h4>Tehnilised andmed:<\/h4>\n<ul class=\"a-unordered-list a-vertical\">\n<li><span class=\"a-list-item\">M\u00f5\u00f5dud: 90L x 35L x 20H(mm)<\/span><\/li>\n<li><span class=\"a-list-item\">Kontaktpind: &lt;100ohm<\/span><\/li>\n<li><span class=\"a-list-item\">Paneeli materjal: SUS304 roostevaba teras<\/span><\/li>\n<li><span class=\"a-list-item\">T\u00f6\u00f6temperatuur: -20 \u2103 ~ + 50 \u2103<\/span><\/li>\n<li><span class=\"a-list-item\">Traadi v\u00e4rv: Valge: NO\/COM<\/span><\/li>\n<li><span class=\"a-list-item\">Praegune ootere\u017eiim: 20mA<\/span><\/li>\n<li><span class=\"a-list-item\">V\u00e4ljundkontakt: NO\/COM<\/span><\/li>\n<li><span class=\"a-list-item\">Voolutugevus: 1A@12VDC (max.)<\/span><\/li>\n<li><span class=\"a-list-item\">Veekindluse tase: IP-68<\/span><\/li>\n<li><span class=\"a-list-item\">Kaal: 0,07 kg<\/span><\/li>\n<\/ul>\n<h4>Pakett:<\/h4>\n<div class=\"a-box a-spacing-small a-color-alternate-background apm-listbox\">\n<div class=\"a-box-inner\">\n<ul class=\"a-unordered-list a-vertical\">\n<li><span class=\"a-list-item\"><span class=\"a-size-base\">1 x v\u00e4ljumisnupp<\/span><\/span><\/li>\n<li><span class=\"a-list-item\"><span class=\"a-size-base\">1 x ingliskeelne kasutusjuhend<\/span><\/span><\/li>\n<\/ul>\n<\/div>\n<\/div>\n","protected":false},"excerpt":{"rendered":"<ul>\n<li><span class=\"a-list-item\">Elegantse stiiliga roostevabast terasest paneel<\/span><\/li>\n<li><span class=\"a-list-item\">NO\/COM kontakti v\u00e4ljund, sobib igasuguste lukkude jaoks<\/span><\/li>\n<li><span class=\"a-list-item\">M\u00f5\u00f5dud: 90Lx35Wx20H(mm)<\/span><\/li>\n<li><span class=\"a-list-item\">Otsekuiva kontaktiga sisend, v\u00e4list toiteallikat pole<\/span><\/li>\n<li><span class=\"a-list-item\">Seda ukseavamise v\u00e4ljumisnuppu saab kasutada mis tahes juurdep\u00e4\u00e4sukontrolli rakenduse jaoks ja seda kasutatakse tavaliselt kontorites, pankades, bensiinijaamades, kaubamajades ja paljudes teistes<\/span><\/li>\n<\/ul>\n","protected":false},"featured_media":16873,"template":"","meta":[],"product_brand":[],"product_cat":[852],"product_tag":[1237],"class_list":{"0":"post-16861","1":"product","2":"type-product","3":"status-publish","4":"has-post-thumbnail","6":"product_cat-ukseavamisnupud","7":"product_tag-valjumisnupp","9":"first","10":"instock","11":"taxable","12":"shipping-taxable","13":"purchasable","14":"product-type-simple"},"yoast_head":"<!-- This site is optimized with the Yoast SEO Premium plugin v27.3 (Yoast SEO v27.3) - https:\/\/yoast.com\/product\/yoast-seo-premium-wordpress\/ -->\n<title>\u041c\u0421 35 - Fonolukk<\/title>\n<meta name=\"description\" content=\"This door release exit button can be used for any access control application and is commonly used in offices, banks, gas stations and department stores.\" \/>\n<meta name=\"robots\" content=\"index, follow, max-snippet:-1, max-image-preview:large, max-video-preview:-1\" \/>\n<link rel=\"canonical\" href=\"https:\/\/fonolukk.eu\/et\/tooted\/ms-35\/\" \/>\n<meta property=\"og:locale\" content=\"et_EE\" \/>\n<meta property=\"og:type\" content=\"article\" \/>\n<meta property=\"og:title\" content=\"\u041c\u0421 35\" \/>\n<meta property=\"og:description\" content=\"Elegantse stiiliga roostevabast terasest paneel  NO\/COM kontakti v\u00e4ljund, sobib igasuguste lukkude jaoks  M\u00f5\u00f5dud: 90Lx35Wx20H(mm)  Otsekuiva kontaktiga sisend, v\u00e4list toiteallikat pole  Seda ukseavamise v\u00e4ljumisnuppu saab kasutada mis tahes juurdep\u00e4\u00e4sukontrolli rakenduse jaoks ja seda kasutatakse tavaliselt kontorites, pankades, bensiinijaamades, kaubamajades ja paljudes teistes\" \/>\n<meta property=\"og:url\" content=\"https:\/\/fonolukk.eu\/et\/tooted\/ms-35\/\" \/>\n<meta property=\"og:site_name\" content=\"Fonolukk\" \/>\n<meta property=\"article:publisher\" content=\"https:\/\/www.facebook.com\/fonolukk\" \/>\n<meta property=\"article:modified_time\" content=\"2025-01-09T10:01:09+00:00\" \/>\n<meta property=\"og:image\" content=\"https:\/\/fonolukk.eu\/wp-content\/uploads\/2024\/05\/ut-pbs-820a-1-1.jpg\" \/>\n\t<meta property=\"og:image:width\" content=\"1000\" \/>\n\t<meta property=\"og:image:height\" content=\"1177\" \/>\n\t<meta property=\"og:image:type\" content=\"image\/jpeg\" \/>\n<meta name=\"twitter:card\" content=\"summary_large_image\" \/>\n<meta name=\"twitter:label1\" content=\"Hind\" \/>\n\t<meta name=\"twitter:data1\" content=\"&euro;7.30 koos KM\" \/>\n\t<meta name=\"twitter:label2\" content=\"Availability\" \/>\n\t<meta name=\"twitter:data2\" content=\"Laos\" \/>\n<script type=\"application\/ld+json\" class=\"yoast-schema-graph\">{\"@context\":\"https:\\\/\\\/schema.org\",\"@graph\":[{\"@type\":\"WebPage\",\"@id\":\"https:\\\/\\\/fonolukk.eu\\\/et\\\/tooted\\\/ms-35\\\/\",\"url\":\"https:\\\/\\\/fonolukk.eu\\\/et\\\/tooted\\\/ms-35\\\/\",\"name\":\"\u041c\u0421 35 - Fonolukk\",\"isPartOf\":{\"@id\":\"https:\\\/\\\/fonolukk.eu\\\/et\\\/#website\"},\"primaryImageOfPage\":{\"@id\":\"https:\\\/\\\/fonolukk.eu\\\/et\\\/tooted\\\/ms-35\\\/#primaryimage\"},\"image\":{\"@id\":\"https:\\\/\\\/fonolukk.eu\\\/et\\\/tooted\\\/ms-35\\\/#primaryimage\"},\"thumbnailUrl\":\"https:\\\/\\\/fonolukk.eu\\\/wp-content\\\/uploads\\\/2024\\\/05\\\/ut-pbs-820a-1-1.jpg\",\"datePublished\":\"2024-05-15T18:01:10+00:00\",\"dateModified\":\"2025-01-09T10:01:09+00:00\",\"description\":\"This door release exit button can be used for any access control application and is commonly used in offices, banks, gas stations and department stores.\",\"breadcrumb\":{\"@id\":\"https:\\\/\\\/fonolukk.eu\\\/et\\\/tooted\\\/ms-35\\\/#breadcrumb\"},\"inLanguage\":\"et\",\"potentialAction\":[{\"@type\":\"ReadAction\",\"target\":[\"https:\\\/\\\/fonolukk.eu\\\/et\\\/tooted\\\/ms-35\\\/\"]}]},{\"@type\":\"ImageObject\",\"inLanguage\":\"et\",\"@id\":\"https:\\\/\\\/fonolukk.eu\\\/et\\\/tooted\\\/ms-35\\\/#primaryimage\",\"url\":\"https:\\\/\\\/fonolukk.eu\\\/wp-content\\\/uploads\\\/2024\\\/05\\\/ut-pbs-820a-1-1.jpg\",\"contentUrl\":\"https:\\\/\\\/fonolukk.eu\\\/wp-content\\\/uploads\\\/2024\\\/05\\\/ut-pbs-820a-1-1.jpg\",\"width\":1000,\"height\":1177,\"caption\":\"\u041c\u0421 35\"},{\"@type\":\"BreadcrumbList\",\"@id\":\"https:\\\/\\\/fonolukk.eu\\\/et\\\/tooted\\\/ms-35\\\/#breadcrumb\",\"itemListElement\":[{\"@type\":\"ListItem\",\"position\":1,\"name\":\"Esileht\",\"item\":\"https:\\\/\\\/fonolukk.eu\\\/et\\\/koduleht\\\/\"},{\"@type\":\"ListItem\",\"position\":2,\"name\":\"Tooted\",\"item\":\"https:\\\/\\\/fonolukk.eu\\\/et\\\/shop-2\\\/\"},{\"@type\":\"ListItem\",\"position\":3,\"name\":\"Ukseavamisnupud\",\"item\":\"https:\\\/\\\/fonolukk.eu\\\/et\\\/product-category\\\/ukseavamisnupud\\\/\"},{\"@type\":\"ListItem\",\"position\":4,\"name\":\"\u041c\u0421 35\"}]},{\"@type\":\"WebSite\",\"@id\":\"https:\\\/\\\/fonolukk.eu\\\/et\\\/#website\",\"url\":\"https:\\\/\\\/fonolukk.eu\\\/et\\\/\",\"name\":\"Fonolukk eu\",\"description\":\"Smart Security Systems\",\"publisher\":{\"@id\":\"https:\\\/\\\/fonolukk.eu\\\/et\\\/#organization\"},\"potentialAction\":[{\"@type\":\"SearchAction\",\"target\":{\"@type\":\"EntryPoint\",\"urlTemplate\":\"https:\\\/\\\/fonolukk.eu\\\/et\\\/?s={search_term_string}\"},\"query-input\":{\"@type\":\"PropertyValueSpecification\",\"valueRequired\":true,\"valueName\":\"search_term_string\"}}],\"inLanguage\":\"et\"},{\"@type\":\"Organization\",\"@id\":\"https:\\\/\\\/fonolukk.eu\\\/et\\\/#organization\",\"name\":\"Smart Security OU\",\"url\":\"https:\\\/\\\/fonolukk.eu\\\/et\\\/\",\"logo\":{\"@type\":\"ImageObject\",\"inLanguage\":\"et\",\"@id\":\"https:\\\/\\\/fonolukk.eu\\\/et\\\/#\\\/schema\\\/logo\\\/image\\\/\",\"url\":\"https:\\\/\\\/fonolukk.eu\\\/wp-content\\\/uploads\\\/2023\\\/09\\\/fonolukk.png\",\"contentUrl\":\"https:\\\/\\\/fonolukk.eu\\\/wp-content\\\/uploads\\\/2023\\\/09\\\/fonolukk.png\",\"width\":277,\"height\":274,\"caption\":\"Smart Security OU\"},\"image\":{\"@id\":\"https:\\\/\\\/fonolukk.eu\\\/et\\\/#\\\/schema\\\/logo\\\/image\\\/\"},\"sameAs\":[\"https:\\\/\\\/www.facebook.com\\\/fonolukk\",\"https:\\\/\\\/www.instagram.com\\\/fonolukk\\\/?hl=ru\"],\"publishingPrinciples\":\"https:\\\/\\\/fonolukk.eu\\\/terms-and-conditions\\\/\",\"ownershipFundingInfo\":\"https:\\\/\\\/fonolukk.eu\\\/about-us\\\/\"}]}<\/script>\n<meta property=\"product:price:amount\" content=\"7.30\" \/>\n<meta property=\"product:price:currency\" content=\"EUR\" \/>\n<meta property=\"og:availability\" content=\"instock\" \/>\n<meta property=\"product:availability\" content=\"instock\" \/>\n<meta property=\"product:retailer_item_id\" content=\"UT-PBS-820A\" \/>\n<meta property=\"product:condition\" content=\"new\" \/>\n<!-- \/ Yoast SEO Premium plugin. -->","yoast_head_json":{"title":"\u041c\u0421 35 - Fonolukk","description":"This door release exit button can be used for any access control application and is commonly used in offices, banks, gas stations and department stores.","robots":{"index":"index","follow":"follow","max-snippet":"max-snippet:-1","max-image-preview":"max-image-preview:large","max-video-preview":"max-video-preview:-1"},"canonical":"https:\/\/fonolukk.eu\/et\/tooted\/ms-35\/","og_locale":"et_EE","og_type":"article","og_title":"\u041c\u0421 35","og_description":"Elegantse stiiliga roostevabast terasest paneel  NO\/COM kontakti v\u00e4ljund, sobib igasuguste lukkude jaoks  M\u00f5\u00f5dud: 90Lx35Wx20H(mm)  Otsekuiva kontaktiga sisend, v\u00e4list toiteallikat pole  Seda ukseavamise v\u00e4ljumisnuppu saab kasutada mis tahes juurdep\u00e4\u00e4sukontrolli rakenduse jaoks ja seda kasutatakse tavaliselt kontorites, pankades, bensiinijaamades, kaubamajades ja paljudes teistes","og_url":"https:\/\/fonolukk.eu\/et\/tooted\/ms-35\/","og_site_name":"Fonolukk","article_publisher":"https:\/\/www.facebook.com\/fonolukk","article_modified_time":"2025-01-09T10:01:09+00:00","og_image":[{"width":1000,"height":1177,"url":"https:\/\/fonolukk.eu\/wp-content\/uploads\/2024\/05\/ut-pbs-820a-1-1.jpg","type":"image\/jpeg"}],"twitter_card":"summary_large_image","twitter_misc":{"Hind":"&euro;7.30 koos KM","Availability":"Laos"},"schema":{"@context":"https:\/\/schema.org","@graph":[{"@type":"WebPage","@id":"https:\/\/fonolukk.eu\/et\/tooted\/ms-35\/","url":"https:\/\/fonolukk.eu\/et\/tooted\/ms-35\/","name":"\u041c\u0421 35 - Fonolukk","isPartOf":{"@id":"https:\/\/fonolukk.eu\/et\/#website"},"primaryImageOfPage":{"@id":"https:\/\/fonolukk.eu\/et\/tooted\/ms-35\/#primaryimage"},"image":{"@id":"https:\/\/fonolukk.eu\/et\/tooted\/ms-35\/#primaryimage"},"thumbnailUrl":"https:\/\/fonolukk.eu\/wp-content\/uploads\/2024\/05\/ut-pbs-820a-1-1.jpg","datePublished":"2024-05-15T18:01:10+00:00","dateModified":"2025-01-09T10:01:09+00:00","description":"This door release exit button can be used for any access control application and is commonly used in offices, banks, gas stations and department stores.","breadcrumb":{"@id":"https:\/\/fonolukk.eu\/et\/tooted\/ms-35\/#breadcrumb"},"inLanguage":"et","potentialAction":[{"@type":"ReadAction","target":["https:\/\/fonolukk.eu\/et\/tooted\/ms-35\/"]}]},{"@type":"ImageObject","inLanguage":"et","@id":"https:\/\/fonolukk.eu\/et\/tooted\/ms-35\/#primaryimage","url":"https:\/\/fonolukk.eu\/wp-content\/uploads\/2024\/05\/ut-pbs-820a-1-1.jpg","contentUrl":"https:\/\/fonolukk.eu\/wp-content\/uploads\/2024\/05\/ut-pbs-820a-1-1.jpg","width":1000,"height":1177,"caption":"\u041c\u0421 35"},{"@type":"BreadcrumbList","@id":"https:\/\/fonolukk.eu\/et\/tooted\/ms-35\/#breadcrumb","itemListElement":[{"@type":"ListItem","position":1,"name":"Esileht","item":"https:\/\/fonolukk.eu\/et\/koduleht\/"},{"@type":"ListItem","position":2,"name":"Tooted","item":"https:\/\/fonolukk.eu\/et\/shop-2\/"},{"@type":"ListItem","position":3,"name":"Ukseavamisnupud","item":"https:\/\/fonolukk.eu\/et\/product-category\/ukseavamisnupud\/"},{"@type":"ListItem","position":4,"name":"\u041c\u0421 35"}]},{"@type":"WebSite","@id":"https:\/\/fonolukk.eu\/et\/#website","url":"https:\/\/fonolukk.eu\/et\/","name":"Fonolukk eu","description":"Smart Security Systems","publisher":{"@id":"https:\/\/fonolukk.eu\/et\/#organization"},"potentialAction":[{"@type":"SearchAction","target":{"@type":"EntryPoint","urlTemplate":"https:\/\/fonolukk.eu\/et\/?s={search_term_string}"},"query-input":{"@type":"PropertyValueSpecification","valueRequired":true,"valueName":"search_term_string"}}],"inLanguage":"et"},{"@type":"Organization","@id":"https:\/\/fonolukk.eu\/et\/#organization","name":"Smart Security OU","url":"https:\/\/fonolukk.eu\/et\/","logo":{"@type":"ImageObject","inLanguage":"et","@id":"https:\/\/fonolukk.eu\/et\/#\/schema\/logo\/image\/","url":"https:\/\/fonolukk.eu\/wp-content\/uploads\/2023\/09\/fonolukk.png","contentUrl":"https:\/\/fonolukk.eu\/wp-content\/uploads\/2023\/09\/fonolukk.png","width":277,"height":274,"caption":"Smart Security OU"},"image":{"@id":"https:\/\/fonolukk.eu\/et\/#\/schema\/logo\/image\/"},"sameAs":["https:\/\/www.facebook.com\/fonolukk","https:\/\/www.instagram.com\/fonolukk\/?hl=ru"],"publishingPrinciples":"https:\/\/fonolukk.eu\/terms-and-conditions\/","ownershipFundingInfo":"https:\/\/fonolukk.eu\/about-us\/"}]},"product_price_amount":"7.30","product_price_currency":"EUR","og_availability":"instock","product_availability":"instock","product_retailer_item_id":"UT-PBS-820A","product_condition":"new"},"_links":{"self":[{"href":"https:\/\/fonolukk.eu\/et\/wp-json\/wp\/v2\/product\/16861","targetHints":{"allow":["GET"]}}],"collection":[{"href":"https:\/\/fonolukk.eu\/et\/wp-json\/wp\/v2\/product"}],"about":[{"href":"https:\/\/fonolukk.eu\/et\/wp-json\/wp\/v2\/types\/product"}],"version-history":[{"count":2,"href":"https:\/\/fonolukk.eu\/et\/wp-json\/wp\/v2\/product\/16861\/revisions"}],"predecessor-version":[{"id":19499,"href":"https:\/\/fonolukk.eu\/et\/wp-json\/wp\/v2\/product\/16861\/revisions\/19499"}],"wp:featuredmedia":[{"embeddable":true,"href":"https:\/\/fonolukk.eu\/et\/wp-json\/wp\/v2\/media\/16873"}],"wp:attachment":[{"href":"https:\/\/fonolukk.eu\/et\/wp-json\/wp\/v2\/media?parent=16861"}],"wp:term":[{"taxonomy":"product_brand","embeddable":true,"href":"https:\/\/fonolukk.eu\/et\/wp-json\/wp\/v2\/product_brand?post=16861"},{"taxonomy":"product_cat","embeddable":true,"href":"https:\/\/fonolukk.eu\/et\/wp-json\/wp\/v2\/product_cat?post=16861"},{"taxonomy":"product_tag","embeddable":true,"href":"https:\/\/fonolukk.eu\/et\/wp-json\/wp\/v2\/product_tag?post=16861"}],"curies":[{"name":"wp","href":"https:\/\/api.w.org\/{rel}","templated":true}]}}