{"id":16876,"date":"2024-05-15T21:24:40","date_gmt":"2024-05-15T18:24:40","guid":{"rendered":"https:\/\/fonolukk.eu\/?post_type=product&#038;p=16876"},"modified":"2025-01-09T12:02:20","modified_gmt":"2025-01-09T10:02:20","slug":"avamisnupp-ms-35r-led","status":"publish","type":"product","link":"https:\/\/fonolukk.eu\/et\/tooted\/avamisnupp-ms-35r-led\/","title":{"rendered":"Avamisnupp  \u041c\u0421 35R LED"},"content":{"rendered":"<h4>Funktsioonid:<\/h4>\n<ul>\n<li><span class=\"a-list-item\">Elegantse stiiliga roostevabast terasest paneel.<\/span><\/li>\n<li><span class=\"a-list-item\">500 000 ts\u00fckli testi<\/span><\/li>\n<li><span class=\"a-list-item\">M\u00f5\u00f5dud: 90L x 35W x 20H(mm)<\/span><\/li>\n<li><span class=\"a-list-item\">LED-i olek: PUNANE: ootere\u017eiim ROHELINE: t\u00f6\u00f6tab<\/span><\/li>\n<\/ul>\n<h4><b>Tehnilised andmed:<\/b><\/h4>\n<ul>\n<li>M\u00f5\u00f5dud: 90Lx35Wx20H(mm)<\/li>\n<li>T\u00f6\u00f6temperatuur: -20\u00b0C~50\u00b0C<\/li>\n<li>Traadi v\u00e4rv: punane: positiivne Must: negatiivne<\/li>\n<li>Pinge: 12VDC<\/li>\n<li>Praegune ootere\u017eiim: 20mA<\/li>\n<li>V\u00e4ljundkontakt: NO\/COM<\/li>\n<li>Voolutugevus: 1A@30VDC 0.5A@125VDC<\/li>\n<li>Veekindluse tase: IP-68<\/li>\n<li>LED-i olek: PUNANE: ootere\u017eiim ROHELINE: t\u00f6\u00f6tab<\/li>\n<li>Kaal: 0,18 kg<\/li>\n<\/ul>\n<h4><b>Pakett:<\/b><\/h4>\n<ul>\n<li>1 x v\u00e4ljumisnupp<\/li>\n<\/ul>\n","protected":false},"excerpt":{"rendered":"<ul>\n<li><span class=\"a-list-item\">Elegantse stiiliga roostevabast terasest paneel.<\/span><\/li>\n<li><span class=\"a-list-item\">500 000 ts\u00fckli testi<\/span><\/li>\n<li><span class=\"a-list-item\">M\u00f5\u00f5dud: 90Lx35Wx20H(mm) \/ 3,54&#8243;x1,38&#8243;x0,79&#8243;<\/span><\/li>\n<li><span class=\"a-list-item\">LED-i olek: PUNANE: ootere\u017eiim ROHELINE: t\u00f6\u00f6tab<\/span><\/li>\n<li><span class=\"a-list-item\">Kolme kontakti v\u00e4ljund, sobib igasuguste lukkude jaoks.<\/span><\/li>\n<\/ul>\n","protected":false},"featured_media":16888,"template":"","meta":[],"product_brand":[],"product_cat":[852],"product_tag":[],"class_list":{"0":"post-16876","1":"product","2":"type-product","3":"status-publish","4":"has-post-thumbnail","6":"product_cat-ukseavamisnupud","8":"first","9":"outofstock","10":"taxable","11":"shipping-taxable","12":"purchasable","13":"product-type-simple"},"yoast_head":"<!-- This site is optimized with the Yoast SEO Premium plugin v27.3 (Yoast SEO v27.3) - https:\/\/yoast.com\/product\/yoast-seo-premium-wordpress\/ -->\n<title>Avamisnupp \u041c\u0421 35R LED - Fonolukk<\/title>\n<meta name=\"description\" content=\"Avamisnupp \u041c\u0421 35R LED - Fonolukk\" \/>\n<meta name=\"robots\" content=\"index, follow, max-snippet:-1, max-image-preview:large, max-video-preview:-1\" \/>\n<link rel=\"canonical\" href=\"https:\/\/fonolukk.eu\/et\/tooted\/avamisnupp-ms-35r-led\/\" \/>\n<meta property=\"og:locale\" content=\"et_EE\" \/>\n<meta property=\"og:type\" content=\"article\" \/>\n<meta property=\"og:title\" content=\"Avamisnupp \u041c\u0421 35R LED\" \/>\n<meta property=\"og:description\" content=\"Elegantse stiiliga roostevabast terasest paneel.  500 000 ts\u00fckli testi  M\u00f5\u00f5dud: 90Lx35Wx20H(mm) \/ 3,54&quot;x1,38&quot;x0,79&quot;  LED-i olek: PUNANE: ootere\u017eiim ROHELINE: t\u00f6\u00f6tab  Kolme kontakti v\u00e4ljund, sobib igasuguste lukkude jaoks.\" \/>\n<meta property=\"og:url\" content=\"https:\/\/fonolukk.eu\/et\/tooted\/avamisnupp-ms-35r-led\/\" \/>\n<meta property=\"og:site_name\" content=\"Fonolukk\" \/>\n<meta property=\"article:publisher\" content=\"https:\/\/www.facebook.com\/fonolukk\" \/>\n<meta property=\"article:modified_time\" content=\"2025-01-09T10:02:20+00:00\" \/>\n<meta property=\"og:image\" content=\"https:\/\/fonolukk.eu\/wp-content\/uploads\/2024\/05\/ut-pbs-820aled-1-1.jpg\" \/>\n\t<meta property=\"og:image:width\" content=\"1000\" \/>\n\t<meta property=\"og:image:height\" content=\"1177\" \/>\n\t<meta property=\"og:image:type\" content=\"image\/jpeg\" \/>\n<meta name=\"twitter:card\" content=\"summary_large_image\" \/>\n<meta name=\"twitter:label1\" content=\"Hind\" \/>\n\t<meta name=\"twitter:data1\" content=\"&euro;15.57 koos KM\" \/>\n\t<meta name=\"twitter:label2\" content=\"Availability\" \/>\n\t<meta name=\"twitter:data2\" content=\"Laost otsas\" \/>\n<script type=\"application\/ld+json\" class=\"yoast-schema-graph\">{\"@context\":\"https:\\\/\\\/schema.org\",\"@graph\":[{\"@type\":\"WebPage\",\"@id\":\"https:\\\/\\\/fonolukk.eu\\\/et\\\/tooted\\\/avamisnupp-ms-35r-led\\\/\",\"url\":\"https:\\\/\\\/fonolukk.eu\\\/et\\\/tooted\\\/avamisnupp-ms-35r-led\\\/\",\"name\":\"Avamisnupp \u041c\u0421 35R LED - Fonolukk\",\"isPartOf\":{\"@id\":\"https:\\\/\\\/fonolukk.eu\\\/et\\\/#website\"},\"primaryImageOfPage\":{\"@id\":\"https:\\\/\\\/fonolukk.eu\\\/et\\\/tooted\\\/avamisnupp-ms-35r-led\\\/#primaryimage\"},\"image\":{\"@id\":\"https:\\\/\\\/fonolukk.eu\\\/et\\\/tooted\\\/avamisnupp-ms-35r-led\\\/#primaryimage\"},\"thumbnailUrl\":\"https:\\\/\\\/fonolukk.eu\\\/wp-content\\\/uploads\\\/2024\\\/05\\\/ut-pbs-820aled-1-1.jpg\",\"datePublished\":\"2024-05-15T18:24:40+00:00\",\"dateModified\":\"2025-01-09T10:02:20+00:00\",\"description\":\"Avamisnupp \u041c\u0421 35R LED - Fonolukk\",\"breadcrumb\":{\"@id\":\"https:\\\/\\\/fonolukk.eu\\\/et\\\/tooted\\\/avamisnupp-ms-35r-led\\\/#breadcrumb\"},\"inLanguage\":\"et\",\"potentialAction\":[{\"@type\":\"ReadAction\",\"target\":[\"https:\\\/\\\/fonolukk.eu\\\/et\\\/tooted\\\/avamisnupp-ms-35r-led\\\/\"]}]},{\"@type\":\"ImageObject\",\"inLanguage\":\"et\",\"@id\":\"https:\\\/\\\/fonolukk.eu\\\/et\\\/tooted\\\/avamisnupp-ms-35r-led\\\/#primaryimage\",\"url\":\"https:\\\/\\\/fonolukk.eu\\\/wp-content\\\/uploads\\\/2024\\\/05\\\/ut-pbs-820aled-1-1.jpg\",\"contentUrl\":\"https:\\\/\\\/fonolukk.eu\\\/wp-content\\\/uploads\\\/2024\\\/05\\\/ut-pbs-820aled-1-1.jpg\",\"width\":1000,\"height\":1177,\"caption\":\"\u041c\u0421 35R LED\"},{\"@type\":\"BreadcrumbList\",\"@id\":\"https:\\\/\\\/fonolukk.eu\\\/et\\\/tooted\\\/avamisnupp-ms-35r-led\\\/#breadcrumb\",\"itemListElement\":[{\"@type\":\"ListItem\",\"position\":1,\"name\":\"Esileht\",\"item\":\"https:\\\/\\\/fonolukk.eu\\\/et\\\/koduleht\\\/\"},{\"@type\":\"ListItem\",\"position\":2,\"name\":\"Tooted\",\"item\":\"https:\\\/\\\/fonolukk.eu\\\/et\\\/shop-2\\\/\"},{\"@type\":\"ListItem\",\"position\":3,\"name\":\"Ukseavamisnupud\",\"item\":\"https:\\\/\\\/fonolukk.eu\\\/et\\\/product-category\\\/ukseavamisnupud\\\/\"},{\"@type\":\"ListItem\",\"position\":4,\"name\":\"Avamisnupp \u041c\u0421 35R LED\"}]},{\"@type\":\"WebSite\",\"@id\":\"https:\\\/\\\/fonolukk.eu\\\/et\\\/#website\",\"url\":\"https:\\\/\\\/fonolukk.eu\\\/et\\\/\",\"name\":\"Fonolukk eu\",\"description\":\"Smart Security Systems\",\"publisher\":{\"@id\":\"https:\\\/\\\/fonolukk.eu\\\/et\\\/#organization\"},\"potentialAction\":[{\"@type\":\"SearchAction\",\"target\":{\"@type\":\"EntryPoint\",\"urlTemplate\":\"https:\\\/\\\/fonolukk.eu\\\/et\\\/?s={search_term_string}\"},\"query-input\":{\"@type\":\"PropertyValueSpecification\",\"valueRequired\":true,\"valueName\":\"search_term_string\"}}],\"inLanguage\":\"et\"},{\"@type\":\"Organization\",\"@id\":\"https:\\\/\\\/fonolukk.eu\\\/et\\\/#organization\",\"name\":\"Smart Security OU\",\"url\":\"https:\\\/\\\/fonolukk.eu\\\/et\\\/\",\"logo\":{\"@type\":\"ImageObject\",\"inLanguage\":\"et\",\"@id\":\"https:\\\/\\\/fonolukk.eu\\\/et\\\/#\\\/schema\\\/logo\\\/image\\\/\",\"url\":\"https:\\\/\\\/fonolukk.eu\\\/wp-content\\\/uploads\\\/2023\\\/09\\\/fonolukk.png\",\"contentUrl\":\"https:\\\/\\\/fonolukk.eu\\\/wp-content\\\/uploads\\\/2023\\\/09\\\/fonolukk.png\",\"width\":277,\"height\":274,\"caption\":\"Smart Security OU\"},\"image\":{\"@id\":\"https:\\\/\\\/fonolukk.eu\\\/et\\\/#\\\/schema\\\/logo\\\/image\\\/\"},\"sameAs\":[\"https:\\\/\\\/www.facebook.com\\\/fonolukk\",\"https:\\\/\\\/www.instagram.com\\\/fonolukk\\\/?hl=ru\"],\"publishingPrinciples\":\"https:\\\/\\\/fonolukk.eu\\\/terms-and-conditions\\\/\",\"ownershipFundingInfo\":\"https:\\\/\\\/fonolukk.eu\\\/about-us\\\/\"}]}<\/script>\n<meta property=\"product:price:amount\" content=\"15.57\" \/>\n<meta property=\"product:price:currency\" content=\"EUR\" \/>\n<meta property=\"og:availability\" content=\"out of stock\" \/>\n<meta property=\"product:availability\" content=\"out of stock\" \/>\n<meta property=\"product:retailer_item_id\" content=\"UT-PBS-820A(LED)\" \/>\n<meta property=\"product:condition\" content=\"new\" \/>\n<!-- \/ Yoast SEO Premium plugin. -->","yoast_head_json":{"title":"Avamisnupp \u041c\u0421 35R LED - Fonolukk","description":"Avamisnupp \u041c\u0421 35R LED - Fonolukk","robots":{"index":"index","follow":"follow","max-snippet":"max-snippet:-1","max-image-preview":"max-image-preview:large","max-video-preview":"max-video-preview:-1"},"canonical":"https:\/\/fonolukk.eu\/et\/tooted\/avamisnupp-ms-35r-led\/","og_locale":"et_EE","og_type":"article","og_title":"Avamisnupp \u041c\u0421 35R LED","og_description":"Elegantse stiiliga roostevabast terasest paneel.  500 000 ts\u00fckli testi  M\u00f5\u00f5dud: 90Lx35Wx20H(mm) \/ 3,54\"x1,38\"x0,79\"  LED-i olek: PUNANE: ootere\u017eiim ROHELINE: t\u00f6\u00f6tab  Kolme kontakti v\u00e4ljund, sobib igasuguste lukkude jaoks.","og_url":"https:\/\/fonolukk.eu\/et\/tooted\/avamisnupp-ms-35r-led\/","og_site_name":"Fonolukk","article_publisher":"https:\/\/www.facebook.com\/fonolukk","article_modified_time":"2025-01-09T10:02:20+00:00","og_image":[{"width":1000,"height":1177,"url":"https:\/\/fonolukk.eu\/wp-content\/uploads\/2024\/05\/ut-pbs-820aled-1-1.jpg","type":"image\/jpeg"}],"twitter_card":"summary_large_image","twitter_misc":{"Hind":"&euro;15.57 koos KM","Availability":"Laost otsas"},"schema":{"@context":"https:\/\/schema.org","@graph":[{"@type":"WebPage","@id":"https:\/\/fonolukk.eu\/et\/tooted\/avamisnupp-ms-35r-led\/","url":"https:\/\/fonolukk.eu\/et\/tooted\/avamisnupp-ms-35r-led\/","name":"Avamisnupp \u041c\u0421 35R LED - Fonolukk","isPartOf":{"@id":"https:\/\/fonolukk.eu\/et\/#website"},"primaryImageOfPage":{"@id":"https:\/\/fonolukk.eu\/et\/tooted\/avamisnupp-ms-35r-led\/#primaryimage"},"image":{"@id":"https:\/\/fonolukk.eu\/et\/tooted\/avamisnupp-ms-35r-led\/#primaryimage"},"thumbnailUrl":"https:\/\/fonolukk.eu\/wp-content\/uploads\/2024\/05\/ut-pbs-820aled-1-1.jpg","datePublished":"2024-05-15T18:24:40+00:00","dateModified":"2025-01-09T10:02:20+00:00","description":"Avamisnupp \u041c\u0421 35R LED - Fonolukk","breadcrumb":{"@id":"https:\/\/fonolukk.eu\/et\/tooted\/avamisnupp-ms-35r-led\/#breadcrumb"},"inLanguage":"et","potentialAction":[{"@type":"ReadAction","target":["https:\/\/fonolukk.eu\/et\/tooted\/avamisnupp-ms-35r-led\/"]}]},{"@type":"ImageObject","inLanguage":"et","@id":"https:\/\/fonolukk.eu\/et\/tooted\/avamisnupp-ms-35r-led\/#primaryimage","url":"https:\/\/fonolukk.eu\/wp-content\/uploads\/2024\/05\/ut-pbs-820aled-1-1.jpg","contentUrl":"https:\/\/fonolukk.eu\/wp-content\/uploads\/2024\/05\/ut-pbs-820aled-1-1.jpg","width":1000,"height":1177,"caption":"\u041c\u0421 35R LED"},{"@type":"BreadcrumbList","@id":"https:\/\/fonolukk.eu\/et\/tooted\/avamisnupp-ms-35r-led\/#breadcrumb","itemListElement":[{"@type":"ListItem","position":1,"name":"Esileht","item":"https:\/\/fonolukk.eu\/et\/koduleht\/"},{"@type":"ListItem","position":2,"name":"Tooted","item":"https:\/\/fonolukk.eu\/et\/shop-2\/"},{"@type":"ListItem","position":3,"name":"Ukseavamisnupud","item":"https:\/\/fonolukk.eu\/et\/product-category\/ukseavamisnupud\/"},{"@type":"ListItem","position":4,"name":"Avamisnupp \u041c\u0421 35R LED"}]},{"@type":"WebSite","@id":"https:\/\/fonolukk.eu\/et\/#website","url":"https:\/\/fonolukk.eu\/et\/","name":"Fonolukk eu","description":"Smart Security Systems","publisher":{"@id":"https:\/\/fonolukk.eu\/et\/#organization"},"potentialAction":[{"@type":"SearchAction","target":{"@type":"EntryPoint","urlTemplate":"https:\/\/fonolukk.eu\/et\/?s={search_term_string}"},"query-input":{"@type":"PropertyValueSpecification","valueRequired":true,"valueName":"search_term_string"}}],"inLanguage":"et"},{"@type":"Organization","@id":"https:\/\/fonolukk.eu\/et\/#organization","name":"Smart Security OU","url":"https:\/\/fonolukk.eu\/et\/","logo":{"@type":"ImageObject","inLanguage":"et","@id":"https:\/\/fonolukk.eu\/et\/#\/schema\/logo\/image\/","url":"https:\/\/fonolukk.eu\/wp-content\/uploads\/2023\/09\/fonolukk.png","contentUrl":"https:\/\/fonolukk.eu\/wp-content\/uploads\/2023\/09\/fonolukk.png","width":277,"height":274,"caption":"Smart Security OU"},"image":{"@id":"https:\/\/fonolukk.eu\/et\/#\/schema\/logo\/image\/"},"sameAs":["https:\/\/www.facebook.com\/fonolukk","https:\/\/www.instagram.com\/fonolukk\/?hl=ru"],"publishingPrinciples":"https:\/\/fonolukk.eu\/terms-and-conditions\/","ownershipFundingInfo":"https:\/\/fonolukk.eu\/about-us\/"}]},"product_price_amount":"15.57","product_price_currency":"EUR","og_availability":"out of stock","product_availability":"out of stock","product_retailer_item_id":"UT-PBS-820A(LED)","product_condition":"new"},"_links":{"self":[{"href":"https:\/\/fonolukk.eu\/et\/wp-json\/wp\/v2\/product\/16876","targetHints":{"allow":["GET"]}}],"collection":[{"href":"https:\/\/fonolukk.eu\/et\/wp-json\/wp\/v2\/product"}],"about":[{"href":"https:\/\/fonolukk.eu\/et\/wp-json\/wp\/v2\/types\/product"}],"version-history":[{"count":1,"href":"https:\/\/fonolukk.eu\/et\/wp-json\/wp\/v2\/product\/16876\/revisions"}],"predecessor-version":[{"id":19502,"href":"https:\/\/fonolukk.eu\/et\/wp-json\/wp\/v2\/product\/16876\/revisions\/19502"}],"wp:featuredmedia":[{"embeddable":true,"href":"https:\/\/fonolukk.eu\/et\/wp-json\/wp\/v2\/media\/16888"}],"wp:attachment":[{"href":"https:\/\/fonolukk.eu\/et\/wp-json\/wp\/v2\/media?parent=16876"}],"wp:term":[{"taxonomy":"product_brand","embeddable":true,"href":"https:\/\/fonolukk.eu\/et\/wp-json\/wp\/v2\/product_brand?post=16876"},{"taxonomy":"product_cat","embeddable":true,"href":"https:\/\/fonolukk.eu\/et\/wp-json\/wp\/v2\/product_cat?post=16876"},{"taxonomy":"product_tag","embeddable":true,"href":"https:\/\/fonolukk.eu\/et\/wp-json\/wp\/v2\/product_tag?post=16876"}],"curies":[{"name":"wp","href":"https:\/\/api.w.org\/{rel}","templated":true}]}}