{"id":16919,"date":"2024-05-24T20:24:04","date_gmt":"2024-05-24T17:24:04","guid":{"rendered":"https:\/\/fonolukk.eu\/?post_type=product&#038;p=16919"},"modified":"2026-03-27T10:22:07","modified_gmt":"2026-03-27T08:22:07","slug":"cyfral-smart-u-valge-telefonitoru","status":"publish","type":"product","link":"https:\/\/fonolukk.eu\/et\/tooted\/cyfral-smart-u-valge-telefonitoru\/","title":{"rendered":"Cyfral Smart U Valge telefonitoru koordineeritud telefonis\u00fcsteemidele Vizit, Eltis"},"content":{"rendered":"<h1>Kirjeldus<\/h1>\n<p>Mudel \u00fchildub koordinaatide sisetelefonide s\u00fcsteemidega Visit, Eltis.<\/p>\n<p><strong>Toru eelised:<\/strong><\/p>\n<p>&#8211; Kaasaegne disain \u00f5hukeses korpuses (Aluse m\u00f5\u00f5tmed 198*84*17 mm). Korpuse paksus koos toruga on vaid 34 mm.<\/p>\n<p>&#8211; Lai v\u00e4rvivalik mudeleid v\u00f5imaldab Teil valida toru mis tahes interj\u00f6\u00f6ri jaoks.<\/p>\n<p><strong>P\u00f5hiomadused:<\/strong><\/p>\n<ul>\n<li>3 helitugevuse seadistust: heli v\u00e4ljas, tavaline helitugevus, maksimaalne helitugevus.<\/li>\n<li>Lai v\u00e4rvivalik, mis sobib igasse interj\u00f6\u00f6ri.<\/li>\n<li>L\u00f6\u00f6gikindel ABS-plastikust korpus, mis ei pragune kukkudes ega kolletu ajaga.<\/li>\n<li>Jootmisvaba \u00fchendus.<\/li>\n<li>Ei vaja lisatoiteallikat.<\/li>\n<li>Kaasaegne disain \u00f5hukeses korpuses (aluse m\u00f5\u00f5tmed: 198 \u00d7 84 \u00d7 17 mm).<\/li>\n<li>Korpuse kogupaksus koos toruga: 34 mm.<\/li>\n<li><strong>Domofoni toru paigaldamine<\/strong>\n<p>P\u00e4rast aluse demonteerimist m\u00e4rkige paigalduskoht vastavalt aluse kinnitusavadele.<br \/>\nViige domofonis\u00fcsteemi juhtmed l\u00e4bi aluse keskosas oleva ovaalse ava.<br \/>\n\u00dchendage LINE (+) ja GND (-) juhtmed klemmidega, mis on m\u00e4rgistatud kui L+ (pluss) ja L- (miinus).<br \/>\nPange t\u00e4hele: juhtmete polaarsuse j\u00e4rgimine on toru korrektseks t\u00f6\u00f6ks \u00e4\u00e4rmiselt oluline.<br \/>\nKui olete kindel, et k\u00f5ik \u00fchendusetapid on \u00f5igesti tehtud, kuid k\u00f5net ei tule, vahetage juhtmete polaarsus klemmidel L+ ja L-.<\/li>\n<li><\/li>\n<\/ul>\n","protected":false},"excerpt":{"rendered":"<p><strong>Unifon Smart U<\/strong> \u2013 Tellija toru, mis \u00fchildub koordinaatfonos\u00fcsteemidega nagu Cyfral, Vizit, Metacom ja Eltis.<\/p>\n","protected":false},"featured_media":16922,"template":"","meta":[],"product_brand":[],"product_cat":[832,385,800],"product_tag":[],"class_list":{"0":"post-16919","1":"product","2":"type-product","3":"status-publish","4":"has-post-thumbnail","6":"product_cat-vizit-et","7":"product_cat-intercom-torud","8":"product_cat-eltis-et","10":"first","11":"instock","12":"taxable","13":"shipping-taxable","14":"purchasable","15":"product-type-simple"},"yoast_head":"<!-- This site is optimized with the Yoast SEO Premium plugin v27.3 (Yoast SEO v27.3) - https:\/\/yoast.com\/product\/yoast-seo-premium-wordpress\/ -->\n<title>Cyfral Smart U Valge telefonitoru koordineeritud telefonis\u00fcsteemidele Vizit, Eltis - Fonolukk<\/title>\n<meta name=\"description\" content=\"Cyfral Smart U Valge telefonitoru koordineeritud telefonis\u00fcsteemidele Vizit, Eltis - Mudel \u00fchildub koordinaatide sisetelefonide s\u00fcsteemidega Visit, Eltis.\" \/>\n<meta name=\"robots\" content=\"index, follow, max-snippet:-1, max-image-preview:large, max-video-preview:-1\" \/>\n<link rel=\"canonical\" href=\"https:\/\/fonolukk.eu\/et\/tooted\/cyfral-smart-u-valge-telefonitoru\/\" \/>\n<meta property=\"og:locale\" content=\"et_EE\" \/>\n<meta property=\"og:type\" content=\"article\" \/>\n<meta property=\"og:title\" content=\"Cyfral Smart U Valge telefonitoru koordineeritud telefonis\u00fcsteemidele Vizit, Eltis\" \/>\n<meta property=\"og:description\" content=\"Unifon Smart U \u2013 Tellija toru, mis \u00fchildub koordinaatfonos\u00fcsteemidega nagu Cyfral, Vizit, Metacom ja Eltis.\" \/>\n<meta property=\"og:url\" content=\"https:\/\/fonolukk.eu\/et\/tooted\/cyfral-smart-u-valge-telefonitoru\/\" \/>\n<meta property=\"og:site_name\" content=\"Fonolukk\" \/>\n<meta property=\"article:publisher\" content=\"https:\/\/www.facebook.com\/fonolukk\" \/>\n<meta property=\"article:modified_time\" content=\"2026-03-27T08:22:07+00:00\" \/>\n<meta property=\"og:image\" content=\"https:\/\/fonolukk.eu\/wp-content\/uploads\/2024\/05\/fonolukk.jpg\" \/>\n\t<meta property=\"og:image:width\" content=\"761\" \/>\n\t<meta property=\"og:image:height\" content=\"768\" \/>\n\t<meta property=\"og:image:type\" content=\"image\/jpeg\" \/>\n<meta name=\"twitter:card\" content=\"summary_large_image\" \/>\n<meta name=\"twitter:label1\" content=\"Hind\" \/>\n\t<meta name=\"twitter:data1\" content=\"&euro;23.39 koos KM\" \/>\n\t<meta name=\"twitter:label2\" content=\"Availability\" \/>\n\t<meta name=\"twitter:data2\" content=\"Laos\" \/>\n<script type=\"application\/ld+json\" class=\"yoast-schema-graph\">{\"@context\":\"https:\\\/\\\/schema.org\",\"@graph\":[{\"@type\":\"WebPage\",\"@id\":\"https:\\\/\\\/fonolukk.eu\\\/et\\\/tooted\\\/cyfral-smart-u-valge-telefonitoru\\\/\",\"url\":\"https:\\\/\\\/fonolukk.eu\\\/et\\\/tooted\\\/cyfral-smart-u-valge-telefonitoru\\\/\",\"name\":\"Cyfral Smart U Valge telefonitoru koordineeritud telefonis\u00fcsteemidele Vizit, Eltis - Fonolukk\",\"isPartOf\":{\"@id\":\"https:\\\/\\\/fonolukk.eu\\\/et\\\/#website\"},\"primaryImageOfPage\":{\"@id\":\"https:\\\/\\\/fonolukk.eu\\\/et\\\/tooted\\\/cyfral-smart-u-valge-telefonitoru\\\/#primaryimage\"},\"image\":{\"@id\":\"https:\\\/\\\/fonolukk.eu\\\/et\\\/tooted\\\/cyfral-smart-u-valge-telefonitoru\\\/#primaryimage\"},\"thumbnailUrl\":\"https:\\\/\\\/fonolukk.eu\\\/wp-content\\\/uploads\\\/2024\\\/05\\\/fonolukk.jpg\",\"datePublished\":\"2024-05-24T17:24:04+00:00\",\"dateModified\":\"2026-03-27T08:22:07+00:00\",\"description\":\"Cyfral Smart U Valge telefonitoru koordineeritud telefonis\u00fcsteemidele Vizit, Eltis - Mudel \u00fchildub koordinaatide sisetelefonide s\u00fcsteemidega Visit, Eltis.\",\"breadcrumb\":{\"@id\":\"https:\\\/\\\/fonolukk.eu\\\/et\\\/tooted\\\/cyfral-smart-u-valge-telefonitoru\\\/#breadcrumb\"},\"inLanguage\":\"et\",\"potentialAction\":[{\"@type\":\"ReadAction\",\"target\":[\"https:\\\/\\\/fonolukk.eu\\\/et\\\/tooted\\\/cyfral-smart-u-valge-telefonitoru\\\/\"]}]},{\"@type\":\"ImageObject\",\"inLanguage\":\"et\",\"@id\":\"https:\\\/\\\/fonolukk.eu\\\/et\\\/tooted\\\/cyfral-smart-u-valge-telefonitoru\\\/#primaryimage\",\"url\":\"https:\\\/\\\/fonolukk.eu\\\/wp-content\\\/uploads\\\/2024\\\/05\\\/fonolukk.jpg\",\"contentUrl\":\"https:\\\/\\\/fonolukk.eu\\\/wp-content\\\/uploads\\\/2024\\\/05\\\/fonolukk.jpg\",\"width\":761,\"height\":768,\"caption\":\"intercoms systems Vizit, Eltis.\"},{\"@type\":\"BreadcrumbList\",\"@id\":\"https:\\\/\\\/fonolukk.eu\\\/et\\\/tooted\\\/cyfral-smart-u-valge-telefonitoru\\\/#breadcrumb\",\"itemListElement\":[{\"@type\":\"ListItem\",\"position\":1,\"name\":\"Esileht\",\"item\":\"https:\\\/\\\/fonolukk.eu\\\/et\\\/koduleht\\\/\"},{\"@type\":\"ListItem\",\"position\":2,\"name\":\"Tooted\",\"item\":\"https:\\\/\\\/fonolukk.eu\\\/et\\\/shop-2\\\/\"},{\"@type\":\"ListItem\",\"position\":3,\"name\":\"Uksetelefonid\",\"item\":\"https:\\\/\\\/fonolukk.eu\\\/et\\\/product-category\\\/intercom-torud\\\/\"},{\"@type\":\"ListItem\",\"position\":4,\"name\":\"Cyfral Smart U Valge telefonitoru koordineeritud telefonis\u00fcsteemidele Vizit, Eltis\"}]},{\"@type\":\"WebSite\",\"@id\":\"https:\\\/\\\/fonolukk.eu\\\/et\\\/#website\",\"url\":\"https:\\\/\\\/fonolukk.eu\\\/et\\\/\",\"name\":\"Fonolukk eu\",\"description\":\"Smart Security Systems\",\"publisher\":{\"@id\":\"https:\\\/\\\/fonolukk.eu\\\/et\\\/#organization\"},\"potentialAction\":[{\"@type\":\"SearchAction\",\"target\":{\"@type\":\"EntryPoint\",\"urlTemplate\":\"https:\\\/\\\/fonolukk.eu\\\/et\\\/?s={search_term_string}\"},\"query-input\":{\"@type\":\"PropertyValueSpecification\",\"valueRequired\":true,\"valueName\":\"search_term_string\"}}],\"inLanguage\":\"et\"},{\"@type\":\"Organization\",\"@id\":\"https:\\\/\\\/fonolukk.eu\\\/et\\\/#organization\",\"name\":\"Smart Security OU\",\"url\":\"https:\\\/\\\/fonolukk.eu\\\/et\\\/\",\"logo\":{\"@type\":\"ImageObject\",\"inLanguage\":\"et\",\"@id\":\"https:\\\/\\\/fonolukk.eu\\\/et\\\/#\\\/schema\\\/logo\\\/image\\\/\",\"url\":\"https:\\\/\\\/fonolukk.eu\\\/wp-content\\\/uploads\\\/2023\\\/09\\\/fonolukk.png\",\"contentUrl\":\"https:\\\/\\\/fonolukk.eu\\\/wp-content\\\/uploads\\\/2023\\\/09\\\/fonolukk.png\",\"width\":277,\"height\":274,\"caption\":\"Smart Security OU\"},\"image\":{\"@id\":\"https:\\\/\\\/fonolukk.eu\\\/et\\\/#\\\/schema\\\/logo\\\/image\\\/\"},\"sameAs\":[\"https:\\\/\\\/www.facebook.com\\\/fonolukk\",\"https:\\\/\\\/www.instagram.com\\\/fonolukk\\\/?hl=ru\"],\"publishingPrinciples\":\"https:\\\/\\\/fonolukk.eu\\\/terms-and-conditions\\\/\",\"ownershipFundingInfo\":\"https:\\\/\\\/fonolukk.eu\\\/about-us\\\/\"}]}<\/script>\n<meta property=\"product:price:amount\" content=\"23.39\" \/>\n<meta property=\"product:price:currency\" content=\"EUR\" \/>\n<meta property=\"og:availability\" content=\"instock\" \/>\n<meta property=\"product:availability\" content=\"instock\" \/>\n<meta property=\"product:retailer_item_id\" content=\"Cyfral Smart U White\" \/>\n<meta property=\"product:condition\" content=\"new\" \/>\n<!-- \/ Yoast SEO Premium plugin. -->","yoast_head_json":{"title":"Cyfral Smart U Valge telefonitoru koordineeritud telefonis\u00fcsteemidele Vizit, Eltis - Fonolukk","description":"Cyfral Smart U Valge telefonitoru koordineeritud telefonis\u00fcsteemidele Vizit, Eltis - Mudel \u00fchildub koordinaatide sisetelefonide s\u00fcsteemidega Visit, Eltis.","robots":{"index":"index","follow":"follow","max-snippet":"max-snippet:-1","max-image-preview":"max-image-preview:large","max-video-preview":"max-video-preview:-1"},"canonical":"https:\/\/fonolukk.eu\/et\/tooted\/cyfral-smart-u-valge-telefonitoru\/","og_locale":"et_EE","og_type":"article","og_title":"Cyfral Smart U Valge telefonitoru koordineeritud telefonis\u00fcsteemidele Vizit, Eltis","og_description":"Unifon Smart U \u2013 Tellija toru, mis \u00fchildub koordinaatfonos\u00fcsteemidega nagu Cyfral, Vizit, Metacom ja Eltis.","og_url":"https:\/\/fonolukk.eu\/et\/tooted\/cyfral-smart-u-valge-telefonitoru\/","og_site_name":"Fonolukk","article_publisher":"https:\/\/www.facebook.com\/fonolukk","article_modified_time":"2026-03-27T08:22:07+00:00","og_image":[{"width":761,"height":768,"url":"https:\/\/fonolukk.eu\/wp-content\/uploads\/2024\/05\/fonolukk.jpg","type":"image\/jpeg"}],"twitter_card":"summary_large_image","twitter_misc":{"Hind":"&euro;23.39 koos KM","Availability":"Laos"},"schema":{"@context":"https:\/\/schema.org","@graph":[{"@type":"WebPage","@id":"https:\/\/fonolukk.eu\/et\/tooted\/cyfral-smart-u-valge-telefonitoru\/","url":"https:\/\/fonolukk.eu\/et\/tooted\/cyfral-smart-u-valge-telefonitoru\/","name":"Cyfral Smart U Valge telefonitoru koordineeritud telefonis\u00fcsteemidele Vizit, Eltis - Fonolukk","isPartOf":{"@id":"https:\/\/fonolukk.eu\/et\/#website"},"primaryImageOfPage":{"@id":"https:\/\/fonolukk.eu\/et\/tooted\/cyfral-smart-u-valge-telefonitoru\/#primaryimage"},"image":{"@id":"https:\/\/fonolukk.eu\/et\/tooted\/cyfral-smart-u-valge-telefonitoru\/#primaryimage"},"thumbnailUrl":"https:\/\/fonolukk.eu\/wp-content\/uploads\/2024\/05\/fonolukk.jpg","datePublished":"2024-05-24T17:24:04+00:00","dateModified":"2026-03-27T08:22:07+00:00","description":"Cyfral Smart U Valge telefonitoru koordineeritud telefonis\u00fcsteemidele Vizit, Eltis - Mudel \u00fchildub koordinaatide sisetelefonide s\u00fcsteemidega Visit, Eltis.","breadcrumb":{"@id":"https:\/\/fonolukk.eu\/et\/tooted\/cyfral-smart-u-valge-telefonitoru\/#breadcrumb"},"inLanguage":"et","potentialAction":[{"@type":"ReadAction","target":["https:\/\/fonolukk.eu\/et\/tooted\/cyfral-smart-u-valge-telefonitoru\/"]}]},{"@type":"ImageObject","inLanguage":"et","@id":"https:\/\/fonolukk.eu\/et\/tooted\/cyfral-smart-u-valge-telefonitoru\/#primaryimage","url":"https:\/\/fonolukk.eu\/wp-content\/uploads\/2024\/05\/fonolukk.jpg","contentUrl":"https:\/\/fonolukk.eu\/wp-content\/uploads\/2024\/05\/fonolukk.jpg","width":761,"height":768,"caption":"intercoms systems Vizit, Eltis."},{"@type":"BreadcrumbList","@id":"https:\/\/fonolukk.eu\/et\/tooted\/cyfral-smart-u-valge-telefonitoru\/#breadcrumb","itemListElement":[{"@type":"ListItem","position":1,"name":"Esileht","item":"https:\/\/fonolukk.eu\/et\/koduleht\/"},{"@type":"ListItem","position":2,"name":"Tooted","item":"https:\/\/fonolukk.eu\/et\/shop-2\/"},{"@type":"ListItem","position":3,"name":"Uksetelefonid","item":"https:\/\/fonolukk.eu\/et\/product-category\/intercom-torud\/"},{"@type":"ListItem","position":4,"name":"Cyfral Smart U Valge telefonitoru koordineeritud telefonis\u00fcsteemidele Vizit, Eltis"}]},{"@type":"WebSite","@id":"https:\/\/fonolukk.eu\/et\/#website","url":"https:\/\/fonolukk.eu\/et\/","name":"Fonolukk eu","description":"Smart Security Systems","publisher":{"@id":"https:\/\/fonolukk.eu\/et\/#organization"},"potentialAction":[{"@type":"SearchAction","target":{"@type":"EntryPoint","urlTemplate":"https:\/\/fonolukk.eu\/et\/?s={search_term_string}"},"query-input":{"@type":"PropertyValueSpecification","valueRequired":true,"valueName":"search_term_string"}}],"inLanguage":"et"},{"@type":"Organization","@id":"https:\/\/fonolukk.eu\/et\/#organization","name":"Smart Security OU","url":"https:\/\/fonolukk.eu\/et\/","logo":{"@type":"ImageObject","inLanguage":"et","@id":"https:\/\/fonolukk.eu\/et\/#\/schema\/logo\/image\/","url":"https:\/\/fonolukk.eu\/wp-content\/uploads\/2023\/09\/fonolukk.png","contentUrl":"https:\/\/fonolukk.eu\/wp-content\/uploads\/2023\/09\/fonolukk.png","width":277,"height":274,"caption":"Smart Security OU"},"image":{"@id":"https:\/\/fonolukk.eu\/et\/#\/schema\/logo\/image\/"},"sameAs":["https:\/\/www.facebook.com\/fonolukk","https:\/\/www.instagram.com\/fonolukk\/?hl=ru"],"publishingPrinciples":"https:\/\/fonolukk.eu\/terms-and-conditions\/","ownershipFundingInfo":"https:\/\/fonolukk.eu\/about-us\/"}]},"product_price_amount":"23.39","product_price_currency":"EUR","og_availability":"instock","product_availability":"instock","product_retailer_item_id":"Cyfral Smart U White","product_condition":"new"},"_links":{"self":[{"href":"https:\/\/fonolukk.eu\/et\/wp-json\/wp\/v2\/product\/16919","targetHints":{"allow":["GET"]}}],"collection":[{"href":"https:\/\/fonolukk.eu\/et\/wp-json\/wp\/v2\/product"}],"about":[{"href":"https:\/\/fonolukk.eu\/et\/wp-json\/wp\/v2\/types\/product"}],"version-history":[{"count":3,"href":"https:\/\/fonolukk.eu\/et\/wp-json\/wp\/v2\/product\/16919\/revisions"}],"predecessor-version":[{"id":19625,"href":"https:\/\/fonolukk.eu\/et\/wp-json\/wp\/v2\/product\/16919\/revisions\/19625"}],"wp:featuredmedia":[{"embeddable":true,"href":"https:\/\/fonolukk.eu\/et\/wp-json\/wp\/v2\/media\/16922"}],"wp:attachment":[{"href":"https:\/\/fonolukk.eu\/et\/wp-json\/wp\/v2\/media?parent=16919"}],"wp:term":[{"taxonomy":"product_brand","embeddable":true,"href":"https:\/\/fonolukk.eu\/et\/wp-json\/wp\/v2\/product_brand?post=16919"},{"taxonomy":"product_cat","embeddable":true,"href":"https:\/\/fonolukk.eu\/et\/wp-json\/wp\/v2\/product_cat?post=16919"},{"taxonomy":"product_tag","embeddable":true,"href":"https:\/\/fonolukk.eu\/et\/wp-json\/wp\/v2\/product_tag?post=16919"}],"curies":[{"name":"wp","href":"https:\/\/api.w.org\/{rel}","templated":true}]}}