{"id":17010,"date":"2024-07-27T13:04:13","date_gmt":"2024-07-27T10:04:14","guid":{"rendered":"https:\/\/fonolukk.eu\/?post_type=product&#038;p=17010"},"modified":"2024-12-02T13:19:43","modified_gmt":"2024-12-02T11:19:43","slug":"ktm-5-elektrooniline-votme-lugeja","status":"publish","type":"product","link":"https:\/\/fonolukk.eu\/et\/tooted\/ktm-5-elektrooniline-votme-lugeja\/","title":{"rendered":"\u200eKTM-5 elektrooniline v\u00f5tme lugeja"},"content":{"rendered":"","protected":false},"excerpt":{"rendered":"<p>KTM-5 elektrooniline v\u00f5tmelugeja on k\u00f5rgtehnoloogiline seade, mis on loodud v\u00f5tmete t\u00e4pseks ja t\u00f5husaks lugemiseks. Oma tipptasemel tehnoloogiaga tagab see kiire ja t\u00e4pse v\u00f5tmete tuvastamise, muutes selle h\u00e4davajalikuks t\u00f6\u00f6riistaks lukkseppadele ja turvaspetsialistidele. Kompaktne ja kasutajas\u00f5bralik KTM-5 parandab v\u00f5tmete haldamist ja t\u00f5stab turvameetmeid.<\/p>\n<p><strong>Roostevabast terasest LED-valgustus<\/strong><\/p>\n","protected":false},"featured_media":17013,"template":"","meta":[],"product_brand":[],"product_cat":[867,866,1347],"product_tag":[1573,1577],"class_list":{"0":"post-17010","1":"product","2":"type-product","3":"status-publish","4":"has-post-thumbnail","6":"product_cat-lugeja","7":"product_cat-labipaasususteem","8":"product_cat-tm-votme-lugeja","9":"product_tag-votme-lugeja","10":"product_tag-ktm-5-et","11":"pa_brand-digitalas-et","13":"first","14":"instock","15":"taxable","16":"shipping-taxable","17":"product-type-simple"},"yoast_head":"<!-- This site is optimized with the Yoast SEO Premium plugin v27.3 (Yoast SEO v27.3) - https:\/\/yoast.com\/product\/yoast-seo-premium-wordpress\/ -->\n<title>\u200eKTM-5 elektrooniline v\u00f5tme lugeja - Fonolukk<\/title>\n<meta name=\"description\" content=\"\u200eKTM-5 elektrooniline v\u00f5tme lugeja - elektrooniline v\u00f5tmelugeja on k\u00f5rgtehnoloogiline seade, mis on loodud v\u00f5tmete t\u00e4pseks ja t\u00f5husaks lugemiseks.\" \/>\n<meta name=\"robots\" content=\"index, follow, max-snippet:-1, max-image-preview:large, max-video-preview:-1\" \/>\n<link rel=\"canonical\" href=\"https:\/\/fonolukk.eu\/et\/tooted\/ktm-5-elektrooniline-votme-lugeja\/\" \/>\n<meta property=\"og:locale\" content=\"et_EE\" \/>\n<meta property=\"og:type\" content=\"article\" \/>\n<meta property=\"og:title\" content=\"\u200eKTM-5 elektrooniline v\u00f5tme lugeja\" \/>\n<meta property=\"og:description\" content=\"KTM-5 elektrooniline v\u00f5tmelugeja on k\u00f5rgtehnoloogiline seade, mis on loodud v\u00f5tmete t\u00e4pseks ja t\u00f5husaks lugemiseks. Oma tipptasemel tehnoloogiaga tagab see kiire ja t\u00e4pse v\u00f5tmete tuvastamise, muutes selle h\u00e4davajalikuks t\u00f6\u00f6riistaks lukkseppadele ja turvaspetsialistidele. Kompaktne ja kasutajas\u00f5bralik KTM-5 parandab v\u00f5tmete haldamist ja t\u00f5stab turvameetmeid.  Roostevabast terasest LED-valgustus\" \/>\n<meta property=\"og:url\" content=\"https:\/\/fonolukk.eu\/et\/tooted\/ktm-5-elektrooniline-votme-lugeja\/\" \/>\n<meta property=\"og:site_name\" content=\"Fonolukk\" \/>\n<meta property=\"article:publisher\" content=\"https:\/\/www.facebook.com\/fonolukk\" \/>\n<meta property=\"article:modified_time\" content=\"2024-12-02T11:19:43+00:00\" \/>\n<meta property=\"og:image\" content=\"https:\/\/fonolukk.eu\/wp-content\/uploads\/2024\/07\/ktm-5-electronic-key-reader-1.jpeg\" \/>\n\t<meta property=\"og:image:width\" content=\"1000\" \/>\n\t<meta property=\"og:image:height\" content=\"1000\" \/>\n\t<meta property=\"og:image:type\" content=\"image\/jpeg\" \/>\n<meta name=\"twitter:card\" content=\"summary_large_image\" \/>\n<meta name=\"twitter:label1\" content=\"Hind\" \/>\n\t<meta name=\"twitter:data1\" content=\"\" \/>\n\t<meta name=\"twitter:label2\" content=\"Availability\" \/>\n\t<meta name=\"twitter:data2\" content=\"Laos\" \/>\n<script type=\"application\/ld+json\" class=\"yoast-schema-graph\">{\"@context\":\"https:\\\/\\\/schema.org\",\"@graph\":[{\"@type\":\"WebPage\",\"@id\":\"https:\\\/\\\/fonolukk.eu\\\/et\\\/tooted\\\/ktm-5-elektrooniline-votme-lugeja\\\/\",\"url\":\"https:\\\/\\\/fonolukk.eu\\\/et\\\/tooted\\\/ktm-5-elektrooniline-votme-lugeja\\\/\",\"name\":\"\u200eKTM-5 elektrooniline v\u00f5tme lugeja - Fonolukk\",\"isPartOf\":{\"@id\":\"https:\\\/\\\/fonolukk.eu\\\/et\\\/#website\"},\"primaryImageOfPage\":{\"@id\":\"https:\\\/\\\/fonolukk.eu\\\/et\\\/tooted\\\/ktm-5-elektrooniline-votme-lugeja\\\/#primaryimage\"},\"image\":{\"@id\":\"https:\\\/\\\/fonolukk.eu\\\/et\\\/tooted\\\/ktm-5-elektrooniline-votme-lugeja\\\/#primaryimage\"},\"thumbnailUrl\":\"https:\\\/\\\/fonolukk.eu\\\/wp-content\\\/uploads\\\/2024\\\/07\\\/ktm-5-electronic-key-reader-1.jpeg\",\"datePublished\":\"2024-07-27T10:04:14+00:00\",\"dateModified\":\"2024-12-02T11:19:43+00:00\",\"description\":\"\u200eKTM-5 elektrooniline v\u00f5tme lugeja - elektrooniline v\u00f5tmelugeja on k\u00f5rgtehnoloogiline seade, mis on loodud v\u00f5tmete t\u00e4pseks ja t\u00f5husaks lugemiseks.\",\"breadcrumb\":{\"@id\":\"https:\\\/\\\/fonolukk.eu\\\/et\\\/tooted\\\/ktm-5-elektrooniline-votme-lugeja\\\/#breadcrumb\"},\"inLanguage\":\"et\",\"potentialAction\":[{\"@type\":\"ReadAction\",\"target\":[\"https:\\\/\\\/fonolukk.eu\\\/et\\\/tooted\\\/ktm-5-elektrooniline-votme-lugeja\\\/\"]}]},{\"@type\":\"ImageObject\",\"inLanguage\":\"et\",\"@id\":\"https:\\\/\\\/fonolukk.eu\\\/et\\\/tooted\\\/ktm-5-elektrooniline-votme-lugeja\\\/#primaryimage\",\"url\":\"https:\\\/\\\/fonolukk.eu\\\/wp-content\\\/uploads\\\/2024\\\/07\\\/ktm-5-electronic-key-reader-1.jpeg\",\"contentUrl\":\"https:\\\/\\\/fonolukk.eu\\\/wp-content\\\/uploads\\\/2024\\\/07\\\/ktm-5-electronic-key-reader-1.jpeg\",\"width\":1000,\"height\":1000,\"caption\":\"\u200eKTM-5 electronic key reader\u200e\"},{\"@type\":\"BreadcrumbList\",\"@id\":\"https:\\\/\\\/fonolukk.eu\\\/et\\\/tooted\\\/ktm-5-elektrooniline-votme-lugeja\\\/#breadcrumb\",\"itemListElement\":[{\"@type\":\"ListItem\",\"position\":1,\"name\":\"Esileht\",\"item\":\"https:\\\/\\\/fonolukk.eu\\\/et\\\/koduleht\\\/\"},{\"@type\":\"ListItem\",\"position\":2,\"name\":\"Tooted\",\"item\":\"https:\\\/\\\/fonolukk.eu\\\/et\\\/shop-2\\\/\"},{\"@type\":\"ListItem\",\"position\":3,\"name\":\"L\u00e4bip\u00e4\u00e4sus\u00fcsteem\",\"item\":\"https:\\\/\\\/fonolukk.eu\\\/et\\\/product-category\\\/labipaasususteem\\\/\"},{\"@type\":\"ListItem\",\"position\":4,\"name\":\"Lugeja\",\"item\":\"https:\\\/\\\/fonolukk.eu\\\/et\\\/product-category\\\/labipaasususteem\\\/lugeja\\\/\"},{\"@type\":\"ListItem\",\"position\":5,\"name\":\"TM v\u00f5tme lugeja\",\"item\":\"https:\\\/\\\/fonolukk.eu\\\/et\\\/product-category\\\/labipaasususteem\\\/lugeja\\\/tm-votme-lugeja\\\/\"},{\"@type\":\"ListItem\",\"position\":6,\"name\":\"\u200eKTM-5 elektrooniline v\u00f5tme lugeja\"}]},{\"@type\":\"WebSite\",\"@id\":\"https:\\\/\\\/fonolukk.eu\\\/et\\\/#website\",\"url\":\"https:\\\/\\\/fonolukk.eu\\\/et\\\/\",\"name\":\"Fonolukk eu\",\"description\":\"Smart Security Systems\",\"publisher\":{\"@id\":\"https:\\\/\\\/fonolukk.eu\\\/et\\\/#organization\"},\"potentialAction\":[{\"@type\":\"SearchAction\",\"target\":{\"@type\":\"EntryPoint\",\"urlTemplate\":\"https:\\\/\\\/fonolukk.eu\\\/et\\\/?s={search_term_string}\"},\"query-input\":{\"@type\":\"PropertyValueSpecification\",\"valueRequired\":true,\"valueName\":\"search_term_string\"}}],\"inLanguage\":\"et\"},{\"@type\":\"Organization\",\"@id\":\"https:\\\/\\\/fonolukk.eu\\\/et\\\/#organization\",\"name\":\"Smart Security OU\",\"url\":\"https:\\\/\\\/fonolukk.eu\\\/et\\\/\",\"logo\":{\"@type\":\"ImageObject\",\"inLanguage\":\"et\",\"@id\":\"https:\\\/\\\/fonolukk.eu\\\/et\\\/#\\\/schema\\\/logo\\\/image\\\/\",\"url\":\"https:\\\/\\\/fonolukk.eu\\\/wp-content\\\/uploads\\\/2023\\\/09\\\/fonolukk.png\",\"contentUrl\":\"https:\\\/\\\/fonolukk.eu\\\/wp-content\\\/uploads\\\/2023\\\/09\\\/fonolukk.png\",\"width\":277,\"height\":274,\"caption\":\"Smart Security OU\"},\"image\":{\"@id\":\"https:\\\/\\\/fonolukk.eu\\\/et\\\/#\\\/schema\\\/logo\\\/image\\\/\"},\"sameAs\":[\"https:\\\/\\\/www.facebook.com\\\/fonolukk\",\"https:\\\/\\\/www.instagram.com\\\/fonolukk\\\/?hl=ru\"],\"publishingPrinciples\":\"https:\\\/\\\/fonolukk.eu\\\/terms-and-conditions\\\/\",\"ownershipFundingInfo\":\"https:\\\/\\\/fonolukk.eu\\\/about-us\\\/\"}]}<\/script>\n<meta property=\"product:brand\" content=\"Digitalas\" \/>\n<meta property=\"product:price:amount\" content=\"0.00\" \/>\n<meta property=\"product:price:currency\" content=\"EUR\" \/>\n<meta property=\"og:availability\" content=\"instock\" \/>\n<meta property=\"product:availability\" content=\"instock\" \/>\n<meta property=\"product:retailer_item_id\" content=\"KTM-5-TM\" \/>\n<meta property=\"product:condition\" content=\"new\" \/>\n<!-- \/ Yoast SEO Premium plugin. -->","yoast_head_json":{"title":"\u200eKTM-5 elektrooniline v\u00f5tme lugeja - Fonolukk","description":"\u200eKTM-5 elektrooniline v\u00f5tme lugeja - elektrooniline v\u00f5tmelugeja on k\u00f5rgtehnoloogiline seade, mis on loodud v\u00f5tmete t\u00e4pseks ja t\u00f5husaks lugemiseks.","robots":{"index":"index","follow":"follow","max-snippet":"max-snippet:-1","max-image-preview":"max-image-preview:large","max-video-preview":"max-video-preview:-1"},"canonical":"https:\/\/fonolukk.eu\/et\/tooted\/ktm-5-elektrooniline-votme-lugeja\/","og_locale":"et_EE","og_type":"article","og_title":"\u200eKTM-5 elektrooniline v\u00f5tme lugeja","og_description":"KTM-5 elektrooniline v\u00f5tmelugeja on k\u00f5rgtehnoloogiline seade, mis on loodud v\u00f5tmete t\u00e4pseks ja t\u00f5husaks lugemiseks. Oma tipptasemel tehnoloogiaga tagab see kiire ja t\u00e4pse v\u00f5tmete tuvastamise, muutes selle h\u00e4davajalikuks t\u00f6\u00f6riistaks lukkseppadele ja turvaspetsialistidele. Kompaktne ja kasutajas\u00f5bralik KTM-5 parandab v\u00f5tmete haldamist ja t\u00f5stab turvameetmeid.  Roostevabast terasest LED-valgustus","og_url":"https:\/\/fonolukk.eu\/et\/tooted\/ktm-5-elektrooniline-votme-lugeja\/","og_site_name":"Fonolukk","article_publisher":"https:\/\/www.facebook.com\/fonolukk","article_modified_time":"2024-12-02T11:19:43+00:00","og_image":[{"width":1000,"height":1000,"url":"https:\/\/fonolukk.eu\/wp-content\/uploads\/2024\/07\/ktm-5-electronic-key-reader-1.jpeg","type":"image\/jpeg"}],"twitter_card":"summary_large_image","twitter_misc":{"Hind":"","Availability":"Laos"},"schema":{"@context":"https:\/\/schema.org","@graph":[{"@type":"WebPage","@id":"https:\/\/fonolukk.eu\/et\/tooted\/ktm-5-elektrooniline-votme-lugeja\/","url":"https:\/\/fonolukk.eu\/et\/tooted\/ktm-5-elektrooniline-votme-lugeja\/","name":"\u200eKTM-5 elektrooniline v\u00f5tme lugeja - Fonolukk","isPartOf":{"@id":"https:\/\/fonolukk.eu\/et\/#website"},"primaryImageOfPage":{"@id":"https:\/\/fonolukk.eu\/et\/tooted\/ktm-5-elektrooniline-votme-lugeja\/#primaryimage"},"image":{"@id":"https:\/\/fonolukk.eu\/et\/tooted\/ktm-5-elektrooniline-votme-lugeja\/#primaryimage"},"thumbnailUrl":"https:\/\/fonolukk.eu\/wp-content\/uploads\/2024\/07\/ktm-5-electronic-key-reader-1.jpeg","datePublished":"2024-07-27T10:04:14+00:00","dateModified":"2024-12-02T11:19:43+00:00","description":"\u200eKTM-5 elektrooniline v\u00f5tme lugeja - elektrooniline v\u00f5tmelugeja on k\u00f5rgtehnoloogiline seade, mis on loodud v\u00f5tmete t\u00e4pseks ja t\u00f5husaks lugemiseks.","breadcrumb":{"@id":"https:\/\/fonolukk.eu\/et\/tooted\/ktm-5-elektrooniline-votme-lugeja\/#breadcrumb"},"inLanguage":"et","potentialAction":[{"@type":"ReadAction","target":["https:\/\/fonolukk.eu\/et\/tooted\/ktm-5-elektrooniline-votme-lugeja\/"]}]},{"@type":"ImageObject","inLanguage":"et","@id":"https:\/\/fonolukk.eu\/et\/tooted\/ktm-5-elektrooniline-votme-lugeja\/#primaryimage","url":"https:\/\/fonolukk.eu\/wp-content\/uploads\/2024\/07\/ktm-5-electronic-key-reader-1.jpeg","contentUrl":"https:\/\/fonolukk.eu\/wp-content\/uploads\/2024\/07\/ktm-5-electronic-key-reader-1.jpeg","width":1000,"height":1000,"caption":"\u200eKTM-5 electronic key reader\u200e"},{"@type":"BreadcrumbList","@id":"https:\/\/fonolukk.eu\/et\/tooted\/ktm-5-elektrooniline-votme-lugeja\/#breadcrumb","itemListElement":[{"@type":"ListItem","position":1,"name":"Esileht","item":"https:\/\/fonolukk.eu\/et\/koduleht\/"},{"@type":"ListItem","position":2,"name":"Tooted","item":"https:\/\/fonolukk.eu\/et\/shop-2\/"},{"@type":"ListItem","position":3,"name":"L\u00e4bip\u00e4\u00e4sus\u00fcsteem","item":"https:\/\/fonolukk.eu\/et\/product-category\/labipaasususteem\/"},{"@type":"ListItem","position":4,"name":"Lugeja","item":"https:\/\/fonolukk.eu\/et\/product-category\/labipaasususteem\/lugeja\/"},{"@type":"ListItem","position":5,"name":"TM v\u00f5tme lugeja","item":"https:\/\/fonolukk.eu\/et\/product-category\/labipaasususteem\/lugeja\/tm-votme-lugeja\/"},{"@type":"ListItem","position":6,"name":"\u200eKTM-5 elektrooniline v\u00f5tme lugeja"}]},{"@type":"WebSite","@id":"https:\/\/fonolukk.eu\/et\/#website","url":"https:\/\/fonolukk.eu\/et\/","name":"Fonolukk eu","description":"Smart Security Systems","publisher":{"@id":"https:\/\/fonolukk.eu\/et\/#organization"},"potentialAction":[{"@type":"SearchAction","target":{"@type":"EntryPoint","urlTemplate":"https:\/\/fonolukk.eu\/et\/?s={search_term_string}"},"query-input":{"@type":"PropertyValueSpecification","valueRequired":true,"valueName":"search_term_string"}}],"inLanguage":"et"},{"@type":"Organization","@id":"https:\/\/fonolukk.eu\/et\/#organization","name":"Smart Security OU","url":"https:\/\/fonolukk.eu\/et\/","logo":{"@type":"ImageObject","inLanguage":"et","@id":"https:\/\/fonolukk.eu\/et\/#\/schema\/logo\/image\/","url":"https:\/\/fonolukk.eu\/wp-content\/uploads\/2023\/09\/fonolukk.png","contentUrl":"https:\/\/fonolukk.eu\/wp-content\/uploads\/2023\/09\/fonolukk.png","width":277,"height":274,"caption":"Smart Security OU"},"image":{"@id":"https:\/\/fonolukk.eu\/et\/#\/schema\/logo\/image\/"},"sameAs":["https:\/\/www.facebook.com\/fonolukk","https:\/\/www.instagram.com\/fonolukk\/?hl=ru"],"publishingPrinciples":"https:\/\/fonolukk.eu\/terms-and-conditions\/","ownershipFundingInfo":"https:\/\/fonolukk.eu\/about-us\/"}]},"product_brand":"Digitalas","product_price_amount":"0.00","product_price_currency":"EUR","og_availability":"instock","product_availability":"instock","product_retailer_item_id":"KTM-5-TM","product_condition":"new"},"_links":{"self":[{"href":"https:\/\/fonolukk.eu\/et\/wp-json\/wp\/v2\/product\/17010","targetHints":{"allow":["GET"]}}],"collection":[{"href":"https:\/\/fonolukk.eu\/et\/wp-json\/wp\/v2\/product"}],"about":[{"href":"https:\/\/fonolukk.eu\/et\/wp-json\/wp\/v2\/types\/product"}],"version-history":[{"count":1,"href":"https:\/\/fonolukk.eu\/et\/wp-json\/wp\/v2\/product\/17010\/revisions"}],"predecessor-version":[{"id":19407,"href":"https:\/\/fonolukk.eu\/et\/wp-json\/wp\/v2\/product\/17010\/revisions\/19407"}],"wp:featuredmedia":[{"embeddable":true,"href":"https:\/\/fonolukk.eu\/et\/wp-json\/wp\/v2\/media\/17013"}],"wp:attachment":[{"href":"https:\/\/fonolukk.eu\/et\/wp-json\/wp\/v2\/media?parent=17010"}],"wp:term":[{"taxonomy":"product_brand","embeddable":true,"href":"https:\/\/fonolukk.eu\/et\/wp-json\/wp\/v2\/product_brand?post=17010"},{"taxonomy":"product_cat","embeddable":true,"href":"https:\/\/fonolukk.eu\/et\/wp-json\/wp\/v2\/product_cat?post=17010"},{"taxonomy":"product_tag","embeddable":true,"href":"https:\/\/fonolukk.eu\/et\/wp-json\/wp\/v2\/product_tag?post=17010"}],"curies":[{"name":"wp","href":"https:\/\/api.w.org\/{rel}","templated":true}]}}