{"id":17019,"date":"2024-07-27T13:17:27","date_gmt":"2024-07-27T10:17:27","guid":{"rendered":"https:\/\/fonolukk.eu\/?post_type=product&#038;p=17019"},"modified":"2024-07-27T15:00:18","modified_gmt":"2024-07-27T12:00:18","slug":"ktm-1-elektrooniline-votme-lugeja","status":"publish","type":"product","link":"https:\/\/fonolukk.eu\/et\/tooted\/ktm-1-elektrooniline-votme-lugeja\/","title":{"rendered":"\u200eKTM-1 elektrooniline v\u00f5tme lugeja"},"content":{"rendered":"<p><iframe title=\"TM ELEKTRONINI\u0172 RAKT\u0172 SISTEMOS \/\/ DIGITALas\" width=\"500\" height=\"281\" src=\"https:\/\/www.youtube.com\/embed\/hqKuypiUwIE?start=5&#038;feature=oembed\" frameborder=\"0\" allow=\"accelerometer; autoplay; clipboard-write; encrypted-media; gyroscope; picture-in-picture; web-share\" referrerpolicy=\"strict-origin-when-cross-origin\" allowfullscreen><\/iframe><\/p>\n","protected":false},"excerpt":{"rendered":"<p>KTM-1 elektrooniline v\u00f5tmelugeja on tipptasemel seade, mis on loodud v\u00f5tmete t\u00e4pseks ja t\u00f5husaks lugemiseks. Kasutades arenenud tehnoloogiat, tagab see v\u00f5tmete kiire ja t\u00e4pse tuvastamise, muutes selle lukkseppadele ja turvaspetsialistidele hindamatuks t\u00f6\u00f6riistaks. Kompaktne ja kasutajas\u00f5bralik KTM-1 parandab v\u00f5tmete haldamist ja tugevdab turvameetmeid.<\/p>\n","protected":false},"featured_media":17022,"template":"","meta":[],"product_brand":[],"product_cat":[867,866,1347],"product_tag":[1572,1573],"class_list":{"0":"post-17019","1":"product","2":"type-product","3":"status-publish","4":"has-post-thumbnail","6":"product_cat-lugeja","7":"product_cat-labipaasususteem","8":"product_cat-tm-votme-lugeja","9":"product_tag-ktm-1-et","10":"product_tag-votme-lugeja","11":"pa_brand-digitalas-et","13":"first","14":"instock","15":"taxable","16":"shipping-taxable","17":"product-type-simple"},"yoast_head":"<!-- This site is optimized with the Yoast SEO Premium plugin v27.3 (Yoast SEO v27.3) - https:\/\/yoast.com\/product\/yoast-seo-premium-wordpress\/ -->\n<title>\u200eKTM-1 elektrooniline v\u00f5tme lugeja - Fonolukk<\/title>\n<meta name=\"description\" content=\"\u200eKTM-1 elektrooniline v\u00f5tme lugeja - KTM-1 elektrooniline v\u00f5tmelugeja on tipptasemel seade, mis on loodud v\u00f5tmete t\u00e4pseks ja t\u00f5husaks lugemiseks.\" \/>\n<meta name=\"robots\" content=\"index, follow, max-snippet:-1, max-image-preview:large, max-video-preview:-1\" \/>\n<link rel=\"canonical\" href=\"https:\/\/fonolukk.eu\/et\/tooted\/ktm-1-elektrooniline-votme-lugeja\/\" \/>\n<meta property=\"og:locale\" content=\"et_EE\" \/>\n<meta property=\"og:type\" content=\"article\" \/>\n<meta property=\"og:title\" content=\"\u200eKTM-1 elektrooniline v\u00f5tme lugeja\" \/>\n<meta property=\"og:description\" content=\"KTM-1 elektrooniline v\u00f5tmelugeja on tipptasemel seade, mis on loodud v\u00f5tmete t\u00e4pseks ja t\u00f5husaks lugemiseks. Kasutades arenenud tehnoloogiat, tagab see v\u00f5tmete kiire ja t\u00e4pse tuvastamise, muutes selle lukkseppadele ja turvaspetsialistidele hindamatuks t\u00f6\u00f6riistaks. Kompaktne ja kasutajas\u00f5bralik KTM-1 parandab v\u00f5tmete haldamist ja tugevdab turvameetmeid.\" \/>\n<meta property=\"og:url\" content=\"https:\/\/fonolukk.eu\/et\/tooted\/ktm-1-elektrooniline-votme-lugeja\/\" \/>\n<meta property=\"og:site_name\" content=\"Fonolukk\" \/>\n<meta property=\"article:publisher\" content=\"https:\/\/www.facebook.com\/fonolukk\" \/>\n<meta property=\"article:modified_time\" content=\"2024-07-27T12:00:18+00:00\" \/>\n<meta property=\"og:image\" content=\"https:\/\/fonolukk.eu\/wp-content\/uploads\/2024\/07\/ktm-1-electronic-key-reader-e1722075769537.jpg\" \/>\n\t<meta property=\"og:image:width\" content=\"1000\" \/>\n\t<meta property=\"og:image:height\" content=\"1000\" \/>\n\t<meta property=\"og:image:type\" content=\"image\/jpeg\" \/>\n<meta name=\"twitter:card\" content=\"summary_large_image\" \/>\n<meta name=\"twitter:label1\" content=\"Hind\" \/>\n\t<meta name=\"twitter:data1\" content=\"\" \/>\n\t<meta name=\"twitter:label2\" content=\"Availability\" \/>\n\t<meta name=\"twitter:data2\" content=\"Laos\" \/>\n<script type=\"application\/ld+json\" class=\"yoast-schema-graph\">{\"@context\":\"https:\\\/\\\/schema.org\",\"@graph\":[{\"@type\":\"WebPage\",\"@id\":\"https:\\\/\\\/fonolukk.eu\\\/et\\\/tooted\\\/ktm-1-elektrooniline-votme-lugeja\\\/\",\"url\":\"https:\\\/\\\/fonolukk.eu\\\/et\\\/tooted\\\/ktm-1-elektrooniline-votme-lugeja\\\/\",\"name\":\"\u200eKTM-1 elektrooniline v\u00f5tme lugeja - Fonolukk\",\"isPartOf\":{\"@id\":\"https:\\\/\\\/fonolukk.eu\\\/et\\\/#website\"},\"primaryImageOfPage\":{\"@id\":\"https:\\\/\\\/fonolukk.eu\\\/et\\\/tooted\\\/ktm-1-elektrooniline-votme-lugeja\\\/#primaryimage\"},\"image\":{\"@id\":\"https:\\\/\\\/fonolukk.eu\\\/et\\\/tooted\\\/ktm-1-elektrooniline-votme-lugeja\\\/#primaryimage\"},\"thumbnailUrl\":\"https:\\\/\\\/fonolukk.eu\\\/wp-content\\\/uploads\\\/2024\\\/07\\\/ktm-1-electronic-key-reader-e1722075769537.jpg\",\"datePublished\":\"2024-07-27T10:17:27+00:00\",\"dateModified\":\"2024-07-27T12:00:18+00:00\",\"description\":\"\u200eKTM-1 elektrooniline v\u00f5tme lugeja - KTM-1 elektrooniline v\u00f5tmelugeja on tipptasemel seade, mis on loodud v\u00f5tmete t\u00e4pseks ja t\u00f5husaks lugemiseks.\",\"breadcrumb\":{\"@id\":\"https:\\\/\\\/fonolukk.eu\\\/et\\\/tooted\\\/ktm-1-elektrooniline-votme-lugeja\\\/#breadcrumb\"},\"inLanguage\":\"et\",\"potentialAction\":[{\"@type\":\"ReadAction\",\"target\":[\"https:\\\/\\\/fonolukk.eu\\\/et\\\/tooted\\\/ktm-1-elektrooniline-votme-lugeja\\\/\"]}]},{\"@type\":\"ImageObject\",\"inLanguage\":\"et\",\"@id\":\"https:\\\/\\\/fonolukk.eu\\\/et\\\/tooted\\\/ktm-1-elektrooniline-votme-lugeja\\\/#primaryimage\",\"url\":\"https:\\\/\\\/fonolukk.eu\\\/wp-content\\\/uploads\\\/2024\\\/07\\\/ktm-1-electronic-key-reader-e1722075769537.jpg\",\"contentUrl\":\"https:\\\/\\\/fonolukk.eu\\\/wp-content\\\/uploads\\\/2024\\\/07\\\/ktm-1-electronic-key-reader-e1722075769537.jpg\",\"width\":600,\"height\":600,\"caption\":\"\u200eKTM-1 Electronic key reader\u200e\"},{\"@type\":\"BreadcrumbList\",\"@id\":\"https:\\\/\\\/fonolukk.eu\\\/et\\\/tooted\\\/ktm-1-elektrooniline-votme-lugeja\\\/#breadcrumb\",\"itemListElement\":[{\"@type\":\"ListItem\",\"position\":1,\"name\":\"Esileht\",\"item\":\"https:\\\/\\\/fonolukk.eu\\\/et\\\/koduleht\\\/\"},{\"@type\":\"ListItem\",\"position\":2,\"name\":\"Tooted\",\"item\":\"https:\\\/\\\/fonolukk.eu\\\/et\\\/shop-2\\\/\"},{\"@type\":\"ListItem\",\"position\":3,\"name\":\"L\u00e4bip\u00e4\u00e4sus\u00fcsteem\",\"item\":\"https:\\\/\\\/fonolukk.eu\\\/et\\\/product-category\\\/labipaasususteem\\\/\"},{\"@type\":\"ListItem\",\"position\":4,\"name\":\"Lugeja\",\"item\":\"https:\\\/\\\/fonolukk.eu\\\/et\\\/product-category\\\/labipaasususteem\\\/lugeja\\\/\"},{\"@type\":\"ListItem\",\"position\":5,\"name\":\"TM v\u00f5tme lugeja\",\"item\":\"https:\\\/\\\/fonolukk.eu\\\/et\\\/product-category\\\/labipaasususteem\\\/lugeja\\\/tm-votme-lugeja\\\/\"},{\"@type\":\"ListItem\",\"position\":6,\"name\":\"\u200eKTM-1 elektrooniline v\u00f5tme lugeja\"}]},{\"@type\":\"WebSite\",\"@id\":\"https:\\\/\\\/fonolukk.eu\\\/et\\\/#website\",\"url\":\"https:\\\/\\\/fonolukk.eu\\\/et\\\/\",\"name\":\"Fonolukk eu\",\"description\":\"Smart Security Systems\",\"publisher\":{\"@id\":\"https:\\\/\\\/fonolukk.eu\\\/et\\\/#organization\"},\"potentialAction\":[{\"@type\":\"SearchAction\",\"target\":{\"@type\":\"EntryPoint\",\"urlTemplate\":\"https:\\\/\\\/fonolukk.eu\\\/et\\\/?s={search_term_string}\"},\"query-input\":{\"@type\":\"PropertyValueSpecification\",\"valueRequired\":true,\"valueName\":\"search_term_string\"}}],\"inLanguage\":\"et\"},{\"@type\":\"Organization\",\"@id\":\"https:\\\/\\\/fonolukk.eu\\\/et\\\/#organization\",\"name\":\"Smart Security OU\",\"url\":\"https:\\\/\\\/fonolukk.eu\\\/et\\\/\",\"logo\":{\"@type\":\"ImageObject\",\"inLanguage\":\"et\",\"@id\":\"https:\\\/\\\/fonolukk.eu\\\/et\\\/#\\\/schema\\\/logo\\\/image\\\/\",\"url\":\"https:\\\/\\\/fonolukk.eu\\\/wp-content\\\/uploads\\\/2023\\\/09\\\/fonolukk.png\",\"contentUrl\":\"https:\\\/\\\/fonolukk.eu\\\/wp-content\\\/uploads\\\/2023\\\/09\\\/fonolukk.png\",\"width\":277,\"height\":274,\"caption\":\"Smart Security OU\"},\"image\":{\"@id\":\"https:\\\/\\\/fonolukk.eu\\\/et\\\/#\\\/schema\\\/logo\\\/image\\\/\"},\"sameAs\":[\"https:\\\/\\\/www.facebook.com\\\/fonolukk\",\"https:\\\/\\\/www.instagram.com\\\/fonolukk\\\/?hl=ru\"],\"publishingPrinciples\":\"https:\\\/\\\/fonolukk.eu\\\/terms-and-conditions\\\/\",\"ownershipFundingInfo\":\"https:\\\/\\\/fonolukk.eu\\\/about-us\\\/\"}]}<\/script>\n<meta property=\"product:brand\" content=\"Digitalas\" \/>\n<meta property=\"product:price:amount\" content=\"0.00\" \/>\n<meta property=\"product:price:currency\" content=\"EUR\" \/>\n<meta property=\"og:availability\" content=\"instock\" \/>\n<meta property=\"product:availability\" content=\"instock\" \/>\n<meta property=\"product:retailer_item_id\" content=\"KTM-1-TM\" \/>\n<meta property=\"product:condition\" content=\"new\" \/>\n<!-- \/ Yoast SEO Premium plugin. -->","yoast_head_json":{"title":"\u200eKTM-1 elektrooniline v\u00f5tme lugeja - Fonolukk","description":"\u200eKTM-1 elektrooniline v\u00f5tme lugeja - KTM-1 elektrooniline v\u00f5tmelugeja on tipptasemel seade, mis on loodud v\u00f5tmete t\u00e4pseks ja t\u00f5husaks lugemiseks.","robots":{"index":"index","follow":"follow","max-snippet":"max-snippet:-1","max-image-preview":"max-image-preview:large","max-video-preview":"max-video-preview:-1"},"canonical":"https:\/\/fonolukk.eu\/et\/tooted\/ktm-1-elektrooniline-votme-lugeja\/","og_locale":"et_EE","og_type":"article","og_title":"\u200eKTM-1 elektrooniline v\u00f5tme lugeja","og_description":"KTM-1 elektrooniline v\u00f5tmelugeja on tipptasemel seade, mis on loodud v\u00f5tmete t\u00e4pseks ja t\u00f5husaks lugemiseks. Kasutades arenenud tehnoloogiat, tagab see v\u00f5tmete kiire ja t\u00e4pse tuvastamise, muutes selle lukkseppadele ja turvaspetsialistidele hindamatuks t\u00f6\u00f6riistaks. Kompaktne ja kasutajas\u00f5bralik KTM-1 parandab v\u00f5tmete haldamist ja tugevdab turvameetmeid.","og_url":"https:\/\/fonolukk.eu\/et\/tooted\/ktm-1-elektrooniline-votme-lugeja\/","og_site_name":"Fonolukk","article_publisher":"https:\/\/www.facebook.com\/fonolukk","article_modified_time":"2024-07-27T12:00:18+00:00","og_image":[{"width":1000,"height":1000,"url":"https:\/\/fonolukk.eu\/wp-content\/uploads\/2024\/07\/ktm-1-electronic-key-reader-e1722075769537.jpg","type":"image\/jpeg"}],"twitter_card":"summary_large_image","twitter_misc":{"Hind":"","Availability":"Laos"},"schema":{"@context":"https:\/\/schema.org","@graph":[{"@type":"WebPage","@id":"https:\/\/fonolukk.eu\/et\/tooted\/ktm-1-elektrooniline-votme-lugeja\/","url":"https:\/\/fonolukk.eu\/et\/tooted\/ktm-1-elektrooniline-votme-lugeja\/","name":"\u200eKTM-1 elektrooniline v\u00f5tme lugeja - Fonolukk","isPartOf":{"@id":"https:\/\/fonolukk.eu\/et\/#website"},"primaryImageOfPage":{"@id":"https:\/\/fonolukk.eu\/et\/tooted\/ktm-1-elektrooniline-votme-lugeja\/#primaryimage"},"image":{"@id":"https:\/\/fonolukk.eu\/et\/tooted\/ktm-1-elektrooniline-votme-lugeja\/#primaryimage"},"thumbnailUrl":"https:\/\/fonolukk.eu\/wp-content\/uploads\/2024\/07\/ktm-1-electronic-key-reader-e1722075769537.jpg","datePublished":"2024-07-27T10:17:27+00:00","dateModified":"2024-07-27T12:00:18+00:00","description":"\u200eKTM-1 elektrooniline v\u00f5tme lugeja - KTM-1 elektrooniline v\u00f5tmelugeja on tipptasemel seade, mis on loodud v\u00f5tmete t\u00e4pseks ja t\u00f5husaks lugemiseks.","breadcrumb":{"@id":"https:\/\/fonolukk.eu\/et\/tooted\/ktm-1-elektrooniline-votme-lugeja\/#breadcrumb"},"inLanguage":"et","potentialAction":[{"@type":"ReadAction","target":["https:\/\/fonolukk.eu\/et\/tooted\/ktm-1-elektrooniline-votme-lugeja\/"]}]},{"@type":"ImageObject","inLanguage":"et","@id":"https:\/\/fonolukk.eu\/et\/tooted\/ktm-1-elektrooniline-votme-lugeja\/#primaryimage","url":"https:\/\/fonolukk.eu\/wp-content\/uploads\/2024\/07\/ktm-1-electronic-key-reader-e1722075769537.jpg","contentUrl":"https:\/\/fonolukk.eu\/wp-content\/uploads\/2024\/07\/ktm-1-electronic-key-reader-e1722075769537.jpg","width":600,"height":600,"caption":"\u200eKTM-1 Electronic key reader\u200e"},{"@type":"BreadcrumbList","@id":"https:\/\/fonolukk.eu\/et\/tooted\/ktm-1-elektrooniline-votme-lugeja\/#breadcrumb","itemListElement":[{"@type":"ListItem","position":1,"name":"Esileht","item":"https:\/\/fonolukk.eu\/et\/koduleht\/"},{"@type":"ListItem","position":2,"name":"Tooted","item":"https:\/\/fonolukk.eu\/et\/shop-2\/"},{"@type":"ListItem","position":3,"name":"L\u00e4bip\u00e4\u00e4sus\u00fcsteem","item":"https:\/\/fonolukk.eu\/et\/product-category\/labipaasususteem\/"},{"@type":"ListItem","position":4,"name":"Lugeja","item":"https:\/\/fonolukk.eu\/et\/product-category\/labipaasususteem\/lugeja\/"},{"@type":"ListItem","position":5,"name":"TM v\u00f5tme lugeja","item":"https:\/\/fonolukk.eu\/et\/product-category\/labipaasususteem\/lugeja\/tm-votme-lugeja\/"},{"@type":"ListItem","position":6,"name":"\u200eKTM-1 elektrooniline v\u00f5tme lugeja"}]},{"@type":"WebSite","@id":"https:\/\/fonolukk.eu\/et\/#website","url":"https:\/\/fonolukk.eu\/et\/","name":"Fonolukk eu","description":"Smart Security Systems","publisher":{"@id":"https:\/\/fonolukk.eu\/et\/#organization"},"potentialAction":[{"@type":"SearchAction","target":{"@type":"EntryPoint","urlTemplate":"https:\/\/fonolukk.eu\/et\/?s={search_term_string}"},"query-input":{"@type":"PropertyValueSpecification","valueRequired":true,"valueName":"search_term_string"}}],"inLanguage":"et"},{"@type":"Organization","@id":"https:\/\/fonolukk.eu\/et\/#organization","name":"Smart Security OU","url":"https:\/\/fonolukk.eu\/et\/","logo":{"@type":"ImageObject","inLanguage":"et","@id":"https:\/\/fonolukk.eu\/et\/#\/schema\/logo\/image\/","url":"https:\/\/fonolukk.eu\/wp-content\/uploads\/2023\/09\/fonolukk.png","contentUrl":"https:\/\/fonolukk.eu\/wp-content\/uploads\/2023\/09\/fonolukk.png","width":277,"height":274,"caption":"Smart Security OU"},"image":{"@id":"https:\/\/fonolukk.eu\/et\/#\/schema\/logo\/image\/"},"sameAs":["https:\/\/www.facebook.com\/fonolukk","https:\/\/www.instagram.com\/fonolukk\/?hl=ru"],"publishingPrinciples":"https:\/\/fonolukk.eu\/terms-and-conditions\/","ownershipFundingInfo":"https:\/\/fonolukk.eu\/about-us\/"}]},"product_brand":"Digitalas","product_price_amount":"0.00","product_price_currency":"EUR","og_availability":"instock","product_availability":"instock","product_retailer_item_id":"KTM-1-TM","product_condition":"new"},"_links":{"self":[{"href":"https:\/\/fonolukk.eu\/et\/wp-json\/wp\/v2\/product\/17019","targetHints":{"allow":["GET"]}}],"collection":[{"href":"https:\/\/fonolukk.eu\/et\/wp-json\/wp\/v2\/product"}],"about":[{"href":"https:\/\/fonolukk.eu\/et\/wp-json\/wp\/v2\/types\/product"}],"version-history":[{"count":0,"href":"https:\/\/fonolukk.eu\/et\/wp-json\/wp\/v2\/product\/17019\/revisions"}],"wp:featuredmedia":[{"embeddable":true,"href":"https:\/\/fonolukk.eu\/et\/wp-json\/wp\/v2\/media\/17022"}],"wp:attachment":[{"href":"https:\/\/fonolukk.eu\/et\/wp-json\/wp\/v2\/media?parent=17019"}],"wp:term":[{"taxonomy":"product_brand","embeddable":true,"href":"https:\/\/fonolukk.eu\/et\/wp-json\/wp\/v2\/product_brand?post=17019"},{"taxonomy":"product_cat","embeddable":true,"href":"https:\/\/fonolukk.eu\/et\/wp-json\/wp\/v2\/product_cat?post=17019"},{"taxonomy":"product_tag","embeddable":true,"href":"https:\/\/fonolukk.eu\/et\/wp-json\/wp\/v2\/product_tag?post=17019"}],"curies":[{"name":"wp","href":"https:\/\/api.w.org\/{rel}","templated":true}]}}