{"id":17025,"date":"2024-07-27T13:36:20","date_gmt":"2024-07-27T10:36:20","guid":{"rendered":"https:\/\/fonolukk.eu\/?post_type=product&#038;p=17025"},"modified":"2024-07-27T15:03:34","modified_gmt":"2024-07-27T12:03:34","slug":"abk-402-metallist-suvistatud-juhtmepass-pikkusega-30-cm","status":"publish","type":"product","link":"https:\/\/fonolukk.eu\/et\/tooted\/abk-402-metallist-suvistatud-juhtmepass-pikkusega-30-cm\/","title":{"rendered":"ABK-402 metallist s\u00fcvistatud juhtmepass pikkusega 30 cm"},"content":{"rendered":"","protected":false},"excerpt":{"rendered":"<p>ABK-402 metallist uksesilmadega juhtmepass on vastupidav ja usaldusv\u00e4\u00e4rne lahendus kaablite kaitsmiseks ja korrastamiseks ukseavade kaudu. 30 cm pikkusega see s\u00fcvistatud uksesilm on valmistatud kvaliteetsest metallist, tagades pikaealisuse ja vastupidavuse kulumisele. Ideaalne nii koduseks kui ka \u00e4riliseks kasutamiseks, see h\u00f5lbustab sujuvat ja turvalist kaablite haldamist.<\/p>\n","protected":false},"featured_media":17028,"template":"","meta":[],"product_brand":[],"product_cat":[1125,880],"product_tag":[1572,1573],"class_list":{"0":"post-17025","1":"product","2":"type-product","3":"status-publish","4":"has-post-thumbnail","6":"product_cat-aksessuaarid","7":"product_cat-elektrilukud","8":"product_tag-ktm-1-et","9":"product_tag-votme-lugeja","10":"pa_brand-digitalas-et","12":"first","13":"instock","14":"taxable","15":"shipping-taxable","16":"purchasable","17":"product-type-simple"},"yoast_head":"<!-- This site is optimized with the Yoast SEO Premium plugin v27.3 (Yoast SEO v27.3) - https:\/\/yoast.com\/product\/yoast-seo-premium-wordpress\/ -->\n<title>ABK-402 metallist s\u00fcvistatud juhtmepass pikkusega 30 cm - Fonolukk<\/title>\n<meta name=\"description\" content=\"ABK-402 metallist s\u00fcvistatud juhtmepass pikkusega 30 cm - ABK-402 metallist uksesilmadega juhtmepass on vastupidav ja usaldusv\u00e4\u00e4rne lahendus kaablite kaitsmiseks ja korrastamiseks ukseavade kaudu.\" \/>\n<meta name=\"robots\" content=\"index, follow, max-snippet:-1, max-image-preview:large, max-video-preview:-1\" \/>\n<link rel=\"canonical\" href=\"https:\/\/fonolukk.eu\/et\/tooted\/abk-402-metallist-suvistatud-juhtmepass-pikkusega-30-cm\/\" \/>\n<meta property=\"og:locale\" content=\"et_EE\" \/>\n<meta property=\"og:type\" content=\"article\" \/>\n<meta property=\"og:title\" content=\"ABK-402 metallist s\u00fcvistatud juhtmepass pikkusega 30 cm\" \/>\n<meta property=\"og:description\" content=\"ABK-402 metallist uksesilmadega juhtmepass on vastupidav ja usaldusv\u00e4\u00e4rne lahendus kaablite kaitsmiseks ja korrastamiseks ukseavade kaudu. 30 cm pikkusega see s\u00fcvistatud uksesilm on valmistatud kvaliteetsest metallist, tagades pikaealisuse ja vastupidavuse kulumisele. Ideaalne nii koduseks kui ka \u00e4riliseks kasutamiseks, see h\u00f5lbustab sujuvat ja turvalist kaablite haldamist.\" \/>\n<meta property=\"og:url\" content=\"https:\/\/fonolukk.eu\/et\/tooted\/abk-402-metallist-suvistatud-juhtmepass-pikkusega-30-cm\/\" \/>\n<meta property=\"og:site_name\" content=\"Fonolukk\" \/>\n<meta property=\"article:publisher\" content=\"https:\/\/www.facebook.com\/fonolukk\" \/>\n<meta property=\"article:modified_time\" content=\"2024-07-27T12:03:34+00:00\" \/>\n<meta property=\"og:image\" content=\"https:\/\/fonolukk.eu\/wp-content\/uploads\/2024\/07\/abk-402-metal-recessed-door-loop-for-wires-length-30-cm-1-e1722077332718.jpeg\" \/>\n\t<meta property=\"og:image:width\" content=\"600\" \/>\n\t<meta property=\"og:image:height\" content=\"600\" \/>\n\t<meta property=\"og:image:type\" content=\"image\/jpeg\" \/>\n<meta name=\"twitter:card\" content=\"summary_large_image\" \/>\n<meta name=\"twitter:label1\" content=\"Hind\" \/>\n\t<meta name=\"twitter:data1\" content=\"&euro;13.31 koos KM\" \/>\n\t<meta name=\"twitter:label2\" content=\"Availability\" \/>\n\t<meta name=\"twitter:data2\" content=\"Laos\" \/>\n<script type=\"application\/ld+json\" class=\"yoast-schema-graph\">{\"@context\":\"https:\\\/\\\/schema.org\",\"@graph\":[{\"@type\":\"WebPage\",\"@id\":\"https:\\\/\\\/fonolukk.eu\\\/et\\\/tooted\\\/abk-402-metallist-suvistatud-juhtmepass-pikkusega-30-cm\\\/\",\"url\":\"https:\\\/\\\/fonolukk.eu\\\/et\\\/tooted\\\/abk-402-metallist-suvistatud-juhtmepass-pikkusega-30-cm\\\/\",\"name\":\"ABK-402 metallist s\u00fcvistatud juhtmepass pikkusega 30 cm - Fonolukk\",\"isPartOf\":{\"@id\":\"https:\\\/\\\/fonolukk.eu\\\/et\\\/#website\"},\"primaryImageOfPage\":{\"@id\":\"https:\\\/\\\/fonolukk.eu\\\/et\\\/tooted\\\/abk-402-metallist-suvistatud-juhtmepass-pikkusega-30-cm\\\/#primaryimage\"},\"image\":{\"@id\":\"https:\\\/\\\/fonolukk.eu\\\/et\\\/tooted\\\/abk-402-metallist-suvistatud-juhtmepass-pikkusega-30-cm\\\/#primaryimage\"},\"thumbnailUrl\":\"https:\\\/\\\/fonolukk.eu\\\/wp-content\\\/uploads\\\/2024\\\/07\\\/abk-402-metal-recessed-door-loop-for-wires-length-30-cm-1-e1722077332718.jpeg\",\"datePublished\":\"2024-07-27T10:36:20+00:00\",\"dateModified\":\"2024-07-27T12:03:34+00:00\",\"description\":\"ABK-402 metallist s\u00fcvistatud juhtmepass pikkusega 30 cm - ABK-402 metallist uksesilmadega juhtmepass on vastupidav ja usaldusv\u00e4\u00e4rne lahendus kaablite kaitsmiseks ja korrastamiseks ukseavade kaudu.\",\"breadcrumb\":{\"@id\":\"https:\\\/\\\/fonolukk.eu\\\/et\\\/tooted\\\/abk-402-metallist-suvistatud-juhtmepass-pikkusega-30-cm\\\/#breadcrumb\"},\"inLanguage\":\"et\",\"potentialAction\":[{\"@type\":\"ReadAction\",\"target\":[\"https:\\\/\\\/fonolukk.eu\\\/et\\\/tooted\\\/abk-402-metallist-suvistatud-juhtmepass-pikkusega-30-cm\\\/\"]}]},{\"@type\":\"ImageObject\",\"inLanguage\":\"et\",\"@id\":\"https:\\\/\\\/fonolukk.eu\\\/et\\\/tooted\\\/abk-402-metallist-suvistatud-juhtmepass-pikkusega-30-cm\\\/#primaryimage\",\"url\":\"https:\\\/\\\/fonolukk.eu\\\/wp-content\\\/uploads\\\/2024\\\/07\\\/abk-402-metal-recessed-door-loop-for-wires-length-30-cm-1-e1722077332718.jpeg\",\"contentUrl\":\"https:\\\/\\\/fonolukk.eu\\\/wp-content\\\/uploads\\\/2024\\\/07\\\/abk-402-metal-recessed-door-loop-for-wires-length-30-cm-1-e1722077332718.jpeg\",\"width\":600,\"height\":600,\"caption\":\"metal recessed \u200e\u200edoor loop\"},{\"@type\":\"BreadcrumbList\",\"@id\":\"https:\\\/\\\/fonolukk.eu\\\/et\\\/tooted\\\/abk-402-metallist-suvistatud-juhtmepass-pikkusega-30-cm\\\/#breadcrumb\",\"itemListElement\":[{\"@type\":\"ListItem\",\"position\":1,\"name\":\"Esileht\",\"item\":\"https:\\\/\\\/fonolukk.eu\\\/et\\\/koduleht\\\/\"},{\"@type\":\"ListItem\",\"position\":2,\"name\":\"Tooted\",\"item\":\"https:\\\/\\\/fonolukk.eu\\\/et\\\/shop-2\\\/\"},{\"@type\":\"ListItem\",\"position\":3,\"name\":\"Elektrilukud\",\"item\":\"https:\\\/\\\/fonolukk.eu\\\/et\\\/product-category\\\/elektrilukud\\\/\"},{\"@type\":\"ListItem\",\"position\":4,\"name\":\"ABK-402 metallist s\u00fcvistatud juhtmepass pikkusega 30 cm\"}]},{\"@type\":\"WebSite\",\"@id\":\"https:\\\/\\\/fonolukk.eu\\\/et\\\/#website\",\"url\":\"https:\\\/\\\/fonolukk.eu\\\/et\\\/\",\"name\":\"Fonolukk eu\",\"description\":\"Smart Security Systems\",\"publisher\":{\"@id\":\"https:\\\/\\\/fonolukk.eu\\\/et\\\/#organization\"},\"potentialAction\":[{\"@type\":\"SearchAction\",\"target\":{\"@type\":\"EntryPoint\",\"urlTemplate\":\"https:\\\/\\\/fonolukk.eu\\\/et\\\/?s={search_term_string}\"},\"query-input\":{\"@type\":\"PropertyValueSpecification\",\"valueRequired\":true,\"valueName\":\"search_term_string\"}}],\"inLanguage\":\"et\"},{\"@type\":\"Organization\",\"@id\":\"https:\\\/\\\/fonolukk.eu\\\/et\\\/#organization\",\"name\":\"Smart Security OU\",\"url\":\"https:\\\/\\\/fonolukk.eu\\\/et\\\/\",\"logo\":{\"@type\":\"ImageObject\",\"inLanguage\":\"et\",\"@id\":\"https:\\\/\\\/fonolukk.eu\\\/et\\\/#\\\/schema\\\/logo\\\/image\\\/\",\"url\":\"https:\\\/\\\/fonolukk.eu\\\/wp-content\\\/uploads\\\/2023\\\/09\\\/fonolukk.png\",\"contentUrl\":\"https:\\\/\\\/fonolukk.eu\\\/wp-content\\\/uploads\\\/2023\\\/09\\\/fonolukk.png\",\"width\":277,\"height\":274,\"caption\":\"Smart Security OU\"},\"image\":{\"@id\":\"https:\\\/\\\/fonolukk.eu\\\/et\\\/#\\\/schema\\\/logo\\\/image\\\/\"},\"sameAs\":[\"https:\\\/\\\/www.facebook.com\\\/fonolukk\",\"https:\\\/\\\/www.instagram.com\\\/fonolukk\\\/?hl=ru\"],\"publishingPrinciples\":\"https:\\\/\\\/fonolukk.eu\\\/terms-and-conditions\\\/\",\"ownershipFundingInfo\":\"https:\\\/\\\/fonolukk.eu\\\/about-us\\\/\"}]}<\/script>\n<meta property=\"product:brand\" content=\"Digitalas\" \/>\n<meta property=\"product:price:amount\" content=\"13.31\" \/>\n<meta property=\"product:price:currency\" content=\"EUR\" \/>\n<meta property=\"og:availability\" content=\"instock\" \/>\n<meta property=\"product:availability\" content=\"instock\" \/>\n<meta property=\"product:retailer_item_id\" content=\"ABK-402-ACC\" \/>\n<meta property=\"product:condition\" content=\"new\" \/>\n<!-- \/ Yoast SEO Premium plugin. -->","yoast_head_json":{"title":"ABK-402 metallist s\u00fcvistatud juhtmepass pikkusega 30 cm - Fonolukk","description":"ABK-402 metallist s\u00fcvistatud juhtmepass pikkusega 30 cm - ABK-402 metallist uksesilmadega juhtmepass on vastupidav ja usaldusv\u00e4\u00e4rne lahendus kaablite kaitsmiseks ja korrastamiseks ukseavade kaudu.","robots":{"index":"index","follow":"follow","max-snippet":"max-snippet:-1","max-image-preview":"max-image-preview:large","max-video-preview":"max-video-preview:-1"},"canonical":"https:\/\/fonolukk.eu\/et\/tooted\/abk-402-metallist-suvistatud-juhtmepass-pikkusega-30-cm\/","og_locale":"et_EE","og_type":"article","og_title":"ABK-402 metallist s\u00fcvistatud juhtmepass pikkusega 30 cm","og_description":"ABK-402 metallist uksesilmadega juhtmepass on vastupidav ja usaldusv\u00e4\u00e4rne lahendus kaablite kaitsmiseks ja korrastamiseks ukseavade kaudu. 30 cm pikkusega see s\u00fcvistatud uksesilm on valmistatud kvaliteetsest metallist, tagades pikaealisuse ja vastupidavuse kulumisele. Ideaalne nii koduseks kui ka \u00e4riliseks kasutamiseks, see h\u00f5lbustab sujuvat ja turvalist kaablite haldamist.","og_url":"https:\/\/fonolukk.eu\/et\/tooted\/abk-402-metallist-suvistatud-juhtmepass-pikkusega-30-cm\/","og_site_name":"Fonolukk","article_publisher":"https:\/\/www.facebook.com\/fonolukk","article_modified_time":"2024-07-27T12:03:34+00:00","og_image":[{"width":600,"height":600,"url":"https:\/\/fonolukk.eu\/wp-content\/uploads\/2024\/07\/abk-402-metal-recessed-door-loop-for-wires-length-30-cm-1-e1722077332718.jpeg","type":"image\/jpeg"}],"twitter_card":"summary_large_image","twitter_misc":{"Hind":"&euro;13.31 koos KM","Availability":"Laos"},"schema":{"@context":"https:\/\/schema.org","@graph":[{"@type":"WebPage","@id":"https:\/\/fonolukk.eu\/et\/tooted\/abk-402-metallist-suvistatud-juhtmepass-pikkusega-30-cm\/","url":"https:\/\/fonolukk.eu\/et\/tooted\/abk-402-metallist-suvistatud-juhtmepass-pikkusega-30-cm\/","name":"ABK-402 metallist s\u00fcvistatud juhtmepass pikkusega 30 cm - Fonolukk","isPartOf":{"@id":"https:\/\/fonolukk.eu\/et\/#website"},"primaryImageOfPage":{"@id":"https:\/\/fonolukk.eu\/et\/tooted\/abk-402-metallist-suvistatud-juhtmepass-pikkusega-30-cm\/#primaryimage"},"image":{"@id":"https:\/\/fonolukk.eu\/et\/tooted\/abk-402-metallist-suvistatud-juhtmepass-pikkusega-30-cm\/#primaryimage"},"thumbnailUrl":"https:\/\/fonolukk.eu\/wp-content\/uploads\/2024\/07\/abk-402-metal-recessed-door-loop-for-wires-length-30-cm-1-e1722077332718.jpeg","datePublished":"2024-07-27T10:36:20+00:00","dateModified":"2024-07-27T12:03:34+00:00","description":"ABK-402 metallist s\u00fcvistatud juhtmepass pikkusega 30 cm - ABK-402 metallist uksesilmadega juhtmepass on vastupidav ja usaldusv\u00e4\u00e4rne lahendus kaablite kaitsmiseks ja korrastamiseks ukseavade kaudu.","breadcrumb":{"@id":"https:\/\/fonolukk.eu\/et\/tooted\/abk-402-metallist-suvistatud-juhtmepass-pikkusega-30-cm\/#breadcrumb"},"inLanguage":"et","potentialAction":[{"@type":"ReadAction","target":["https:\/\/fonolukk.eu\/et\/tooted\/abk-402-metallist-suvistatud-juhtmepass-pikkusega-30-cm\/"]}]},{"@type":"ImageObject","inLanguage":"et","@id":"https:\/\/fonolukk.eu\/et\/tooted\/abk-402-metallist-suvistatud-juhtmepass-pikkusega-30-cm\/#primaryimage","url":"https:\/\/fonolukk.eu\/wp-content\/uploads\/2024\/07\/abk-402-metal-recessed-door-loop-for-wires-length-30-cm-1-e1722077332718.jpeg","contentUrl":"https:\/\/fonolukk.eu\/wp-content\/uploads\/2024\/07\/abk-402-metal-recessed-door-loop-for-wires-length-30-cm-1-e1722077332718.jpeg","width":600,"height":600,"caption":"metal recessed \u200e\u200edoor loop"},{"@type":"BreadcrumbList","@id":"https:\/\/fonolukk.eu\/et\/tooted\/abk-402-metallist-suvistatud-juhtmepass-pikkusega-30-cm\/#breadcrumb","itemListElement":[{"@type":"ListItem","position":1,"name":"Esileht","item":"https:\/\/fonolukk.eu\/et\/koduleht\/"},{"@type":"ListItem","position":2,"name":"Tooted","item":"https:\/\/fonolukk.eu\/et\/shop-2\/"},{"@type":"ListItem","position":3,"name":"Elektrilukud","item":"https:\/\/fonolukk.eu\/et\/product-category\/elektrilukud\/"},{"@type":"ListItem","position":4,"name":"ABK-402 metallist s\u00fcvistatud juhtmepass pikkusega 30 cm"}]},{"@type":"WebSite","@id":"https:\/\/fonolukk.eu\/et\/#website","url":"https:\/\/fonolukk.eu\/et\/","name":"Fonolukk eu","description":"Smart Security Systems","publisher":{"@id":"https:\/\/fonolukk.eu\/et\/#organization"},"potentialAction":[{"@type":"SearchAction","target":{"@type":"EntryPoint","urlTemplate":"https:\/\/fonolukk.eu\/et\/?s={search_term_string}"},"query-input":{"@type":"PropertyValueSpecification","valueRequired":true,"valueName":"search_term_string"}}],"inLanguage":"et"},{"@type":"Organization","@id":"https:\/\/fonolukk.eu\/et\/#organization","name":"Smart Security OU","url":"https:\/\/fonolukk.eu\/et\/","logo":{"@type":"ImageObject","inLanguage":"et","@id":"https:\/\/fonolukk.eu\/et\/#\/schema\/logo\/image\/","url":"https:\/\/fonolukk.eu\/wp-content\/uploads\/2023\/09\/fonolukk.png","contentUrl":"https:\/\/fonolukk.eu\/wp-content\/uploads\/2023\/09\/fonolukk.png","width":277,"height":274,"caption":"Smart Security OU"},"image":{"@id":"https:\/\/fonolukk.eu\/et\/#\/schema\/logo\/image\/"},"sameAs":["https:\/\/www.facebook.com\/fonolukk","https:\/\/www.instagram.com\/fonolukk\/?hl=ru"],"publishingPrinciples":"https:\/\/fonolukk.eu\/terms-and-conditions\/","ownershipFundingInfo":"https:\/\/fonolukk.eu\/about-us\/"}]},"product_brand":"Digitalas","product_price_amount":"13.31","product_price_currency":"EUR","og_availability":"instock","product_availability":"instock","product_retailer_item_id":"ABK-402-ACC","product_condition":"new"},"_links":{"self":[{"href":"https:\/\/fonolukk.eu\/et\/wp-json\/wp\/v2\/product\/17025","targetHints":{"allow":["GET"]}}],"collection":[{"href":"https:\/\/fonolukk.eu\/et\/wp-json\/wp\/v2\/product"}],"about":[{"href":"https:\/\/fonolukk.eu\/et\/wp-json\/wp\/v2\/types\/product"}],"version-history":[{"count":0,"href":"https:\/\/fonolukk.eu\/et\/wp-json\/wp\/v2\/product\/17025\/revisions"}],"wp:featuredmedia":[{"embeddable":true,"href":"https:\/\/fonolukk.eu\/et\/wp-json\/wp\/v2\/media\/17028"}],"wp:attachment":[{"href":"https:\/\/fonolukk.eu\/et\/wp-json\/wp\/v2\/media?parent=17025"}],"wp:term":[{"taxonomy":"product_brand","embeddable":true,"href":"https:\/\/fonolukk.eu\/et\/wp-json\/wp\/v2\/product_brand?post=17025"},{"taxonomy":"product_cat","embeddable":true,"href":"https:\/\/fonolukk.eu\/et\/wp-json\/wp\/v2\/product_cat?post=17025"},{"taxonomy":"product_tag","embeddable":true,"href":"https:\/\/fonolukk.eu\/et\/wp-json\/wp\/v2\/product_tag?post=17025"}],"curies":[{"name":"wp","href":"https:\/\/api.w.org\/{rel}","templated":true}]}}