{"id":17104,"date":"2024-08-06T15:03:25","date_gmt":"2024-08-06T12:03:25","guid":{"rendered":"https:\/\/fonolukk.eu\/?post_type=product&#038;p=17104"},"modified":"2025-01-09T12:11:50","modified_gmt":"2025-01-09T10:11:50","slug":"elektriline-lukk-eb270","status":"publish","type":"product","link":"https:\/\/fonolukk.eu\/et\/tooted\/elektriline-lukk-eb270\/","title":{"rendered":"Elektriline lukk EB270"},"content":{"rendered":"<h3><strong>Standardfunktsioonid<\/strong><\/h3>\n<div>\n<ul>\n<li>T\u00f5rkekindel (avamine v\u00f5imsusega)<\/li>\n<li>\u00dchekordse toimega ustele<\/li>\n<li>P\u00f6\u00f6ratav kaldriiv lihtsaks paigaldamiseks<\/li>\n<\/ul>\n<\/div>\n<div>\n<h3><strong>Valikulised funktsioonid<\/strong><\/h3>\n<div>\n<p>Mehaaniline v\u00f5ti\/p\u00f6\u00f6rdnupu t\u00fchistamine<br \/>\nSisseehitatud poldi olekuandur n\u00e4itab, et polt on lukustatud\/lukustamata<\/p>\n<\/div>\n<div>\n<h3><strong>Spetsifikatsioon<\/strong><\/h3>\n<div>\n<ul>\n<li>Pinge: 12\u201324 VAC\/VDC<\/li>\n<li>Vooluvool: 1,2A\/12VDC<\/li>\n<li>Taustakomplekt: EB261\/EB270:35mm, EB265:55mm<\/li>\n<\/ul>\n<div>\n<h3><strong>Patendid, kinnitused ja nimekirjad<\/strong><\/h3>\n<div>\n<p>CE: EC262504-01 (EB261)<br \/>\nPatenteeritud Taiwanis (EB270)<\/p>\n<\/div>\n<\/div>\n<\/div>\n<\/div>\n<\/div>\n<div class='w3eden'><!-- WPDM Link Template: Default Template -->\n\n<div class=\"link-template-default card mb-2\">\n    <div class=\"card-body\">\n        <div class=\"media\">\n            <div class=\"mr-3 img-48\"><img decoding=\"async\" class=\"wpdm_icon\" alt=\"Icon\"   src=\"https:\/\/fonolukk.eu\/wp-content\/plugins\/download-manager\/assets\/file-type-icons\/pdf.svg\" \/><\/div>\n            <div class=\"media-body\">\n                <h3 class=\"package-title\"><a href='https:\/\/fonolukk.eu\/download\/eb265m-270m-261\/'>EB265M\/270M\/261<\/a><\/h3>\n                <div class=\"text-muted text-small\"><i class=\"fas fa-copy\"><\/i> 1 file(s) <i class=\"fas fa-hdd ml-3\"><\/i> 262.96 KB<\/div>\n            <\/div>\n            <div class=\"ml-3\">\n                <a class='wpdm-download-link download-on-click btn btn-primary ' rel='nofollow' href='#' data-downloadurl=\"https:\/\/fonolukk.eu\/download\/eb265m-270m-261\/?wpdmdl=17085&refresh=69d6b4577dce51775678551\">Lae<\/a>\n            <\/div>\n        <\/div>\n    <\/div>\n<\/div>\n\n<\/div>\n","protected":false},"excerpt":{"rendered":"<p>Fail-secure seeria elektriline kukkumispolt on m\u00f5eldud kasutamiseks \u00fchepoolsetel ustel. Europrofiiliga silindriga saab Fail-Secure seeriat elektrikatkestuse korral isegi k\u00e4sitsi juhtida. EB261\/265\/270 seeria mudelitel on kaldus, p\u00f6\u00f6ratav riiv, mis v\u00f5imaldab \u00fcleandmist sekunditega muuta. EB270 on konstrueeritud ka lukustuslukuga, et v\u00e4ltida lukustuspolti noa v\u00f5i kaardiga tagasi surumist, kui uks on suletud.<\/p>\n","protected":false},"featured_media":17101,"template":"","meta":[],"product_brand":[],"product_cat":[1172,880],"product_tag":[1588],"class_list":{"0":"post-17104","1":"product","2":"type-product","3":"status-publish","4":"has-post-thumbnail","6":"product_cat-elektrilised-lukud","7":"product_cat-elektrilukud","8":"product_tag-eb270-et","10":"first","11":"instock","12":"taxable","13":"shipping-taxable","14":"product-type-simple"},"yoast_head":"<!-- This site is optimized with the Yoast SEO Premium plugin v27.3 (Yoast SEO v27.3) - https:\/\/yoast.com\/product\/yoast-seo-premium-wordpress\/ -->\n<title>Elektriline lukk EB270 - Fonolukk<\/title>\n<meta name=\"description\" content=\"Elektriline lukk EB270 - Fail-secure seeria elektriline kukkumispolt on m\u00f5eldud kasutamiseks \u00fchepoolsetel ustel.\" \/>\n<meta name=\"robots\" content=\"index, follow, max-snippet:-1, max-image-preview:large, max-video-preview:-1\" \/>\n<link rel=\"canonical\" href=\"https:\/\/fonolukk.eu\/et\/tooted\/elektriline-lukk-eb270\/\" \/>\n<meta property=\"og:locale\" content=\"et_EE\" \/>\n<meta property=\"og:type\" content=\"article\" \/>\n<meta property=\"og:title\" content=\"Elektriline lukk EB270\" \/>\n<meta property=\"og:description\" content=\"Fail-secure seeria elektriline kukkumispolt on m\u00f5eldud kasutamiseks \u00fchepoolsetel ustel. Europrofiiliga silindriga saab Fail-Secure seeriat elektrikatkestuse korral isegi k\u00e4sitsi juhtida. EB261\/265\/270 seeria mudelitel on kaldus, p\u00f6\u00f6ratav riiv, mis v\u00f5imaldab \u00fcleandmist sekunditega muuta. EB270 on konstrueeritud ka lukustuslukuga, et v\u00e4ltida lukustuspolti noa v\u00f5i kaardiga tagasi surumist, kui uks on suletud.\" \/>\n<meta property=\"og:url\" content=\"https:\/\/fonolukk.eu\/et\/tooted\/elektriline-lukk-eb270\/\" \/>\n<meta property=\"og:site_name\" content=\"Fonolukk\" \/>\n<meta property=\"article:publisher\" content=\"https:\/\/www.facebook.com\/fonolukk\" \/>\n<meta property=\"article:modified_time\" content=\"2025-01-09T10:11:50+00:00\" \/>\n<meta property=\"og:image\" content=\"https:\/\/fonolukk.eu\/wp-content\/uploads\/2024\/08\/eb270.jpg\" \/>\n\t<meta property=\"og:image:width\" content=\"1280\" \/>\n\t<meta property=\"og:image:height\" content=\"1280\" \/>\n\t<meta property=\"og:image:type\" content=\"image\/jpeg\" \/>\n<meta name=\"twitter:card\" content=\"summary_large_image\" \/>\n<meta name=\"twitter:label1\" content=\"Hind\" \/>\n\t<meta name=\"twitter:data1\" content=\"\" \/>\n\t<meta name=\"twitter:label2\" content=\"Availability\" \/>\n\t<meta name=\"twitter:data2\" content=\"Laos\" \/>\n<script type=\"application\/ld+json\" class=\"yoast-schema-graph\">{\"@context\":\"https:\\\/\\\/schema.org\",\"@graph\":[{\"@type\":\"WebPage\",\"@id\":\"https:\\\/\\\/fonolukk.eu\\\/et\\\/tooted\\\/elektriline-lukk-eb270\\\/\",\"url\":\"https:\\\/\\\/fonolukk.eu\\\/et\\\/tooted\\\/elektriline-lukk-eb270\\\/\",\"name\":\"Elektriline lukk EB270 - Fonolukk\",\"isPartOf\":{\"@id\":\"https:\\\/\\\/fonolukk.eu\\\/et\\\/#website\"},\"primaryImageOfPage\":{\"@id\":\"https:\\\/\\\/fonolukk.eu\\\/et\\\/tooted\\\/elektriline-lukk-eb270\\\/#primaryimage\"},\"image\":{\"@id\":\"https:\\\/\\\/fonolukk.eu\\\/et\\\/tooted\\\/elektriline-lukk-eb270\\\/#primaryimage\"},\"thumbnailUrl\":\"https:\\\/\\\/fonolukk.eu\\\/wp-content\\\/uploads\\\/2024\\\/08\\\/eb270.jpg\",\"datePublished\":\"2024-08-06T12:03:25+00:00\",\"dateModified\":\"2025-01-09T10:11:50+00:00\",\"description\":\"Elektriline lukk EB270 - Fail-secure seeria elektriline kukkumispolt on m\u00f5eldud kasutamiseks \u00fchepoolsetel ustel.\",\"breadcrumb\":{\"@id\":\"https:\\\/\\\/fonolukk.eu\\\/et\\\/tooted\\\/elektriline-lukk-eb270\\\/#breadcrumb\"},\"inLanguage\":\"et\",\"potentialAction\":[{\"@type\":\"ReadAction\",\"target\":[\"https:\\\/\\\/fonolukk.eu\\\/et\\\/tooted\\\/elektriline-lukk-eb270\\\/\"]}]},{\"@type\":\"ImageObject\",\"inLanguage\":\"et\",\"@id\":\"https:\\\/\\\/fonolukk.eu\\\/et\\\/tooted\\\/elektriline-lukk-eb270\\\/#primaryimage\",\"url\":\"https:\\\/\\\/fonolukk.eu\\\/wp-content\\\/uploads\\\/2024\\\/08\\\/eb270.jpg\",\"contentUrl\":\"https:\\\/\\\/fonolukk.eu\\\/wp-content\\\/uploads\\\/2024\\\/08\\\/eb270.jpg\",\"width\":1280,\"height\":1280,\"caption\":\"EB270\"},{\"@type\":\"BreadcrumbList\",\"@id\":\"https:\\\/\\\/fonolukk.eu\\\/et\\\/tooted\\\/elektriline-lukk-eb270\\\/#breadcrumb\",\"itemListElement\":[{\"@type\":\"ListItem\",\"position\":1,\"name\":\"Esileht\",\"item\":\"https:\\\/\\\/fonolukk.eu\\\/et\\\/koduleht\\\/\"},{\"@type\":\"ListItem\",\"position\":2,\"name\":\"Tooted\",\"item\":\"https:\\\/\\\/fonolukk.eu\\\/et\\\/shop-2\\\/\"},{\"@type\":\"ListItem\",\"position\":3,\"name\":\"Elektrilukud\",\"item\":\"https:\\\/\\\/fonolukk.eu\\\/et\\\/product-category\\\/elektrilukud\\\/\"},{\"@type\":\"ListItem\",\"position\":4,\"name\":\"Elektriline lukk EB270\"}]},{\"@type\":\"WebSite\",\"@id\":\"https:\\\/\\\/fonolukk.eu\\\/et\\\/#website\",\"url\":\"https:\\\/\\\/fonolukk.eu\\\/et\\\/\",\"name\":\"Fonolukk eu\",\"description\":\"Smart Security Systems\",\"publisher\":{\"@id\":\"https:\\\/\\\/fonolukk.eu\\\/et\\\/#organization\"},\"potentialAction\":[{\"@type\":\"SearchAction\",\"target\":{\"@type\":\"EntryPoint\",\"urlTemplate\":\"https:\\\/\\\/fonolukk.eu\\\/et\\\/?s={search_term_string}\"},\"query-input\":{\"@type\":\"PropertyValueSpecification\",\"valueRequired\":true,\"valueName\":\"search_term_string\"}}],\"inLanguage\":\"et\"},{\"@type\":\"Organization\",\"@id\":\"https:\\\/\\\/fonolukk.eu\\\/et\\\/#organization\",\"name\":\"Smart Security OU\",\"url\":\"https:\\\/\\\/fonolukk.eu\\\/et\\\/\",\"logo\":{\"@type\":\"ImageObject\",\"inLanguage\":\"et\",\"@id\":\"https:\\\/\\\/fonolukk.eu\\\/et\\\/#\\\/schema\\\/logo\\\/image\\\/\",\"url\":\"https:\\\/\\\/fonolukk.eu\\\/wp-content\\\/uploads\\\/2023\\\/09\\\/fonolukk.png\",\"contentUrl\":\"https:\\\/\\\/fonolukk.eu\\\/wp-content\\\/uploads\\\/2023\\\/09\\\/fonolukk.png\",\"width\":277,\"height\":274,\"caption\":\"Smart Security OU\"},\"image\":{\"@id\":\"https:\\\/\\\/fonolukk.eu\\\/et\\\/#\\\/schema\\\/logo\\\/image\\\/\"},\"sameAs\":[\"https:\\\/\\\/www.facebook.com\\\/fonolukk\",\"https:\\\/\\\/www.instagram.com\\\/fonolukk\\\/?hl=ru\"],\"publishingPrinciples\":\"https:\\\/\\\/fonolukk.eu\\\/terms-and-conditions\\\/\",\"ownershipFundingInfo\":\"https:\\\/\\\/fonolukk.eu\\\/about-us\\\/\"}]}<\/script>\n<meta property=\"product:price:amount\" content=\"0.00\" \/>\n<meta property=\"product:price:currency\" content=\"EUR\" \/>\n<meta property=\"og:availability\" content=\"instock\" \/>\n<meta property=\"product:availability\" content=\"instock\" \/>\n<meta property=\"product:retailer_item_id\" content=\"EB270\" \/>\n<meta property=\"product:condition\" content=\"new\" \/>\n<!-- \/ Yoast SEO Premium plugin. -->","yoast_head_json":{"title":"Elektriline lukk EB270 - Fonolukk","description":"Elektriline lukk EB270 - Fail-secure seeria elektriline kukkumispolt on m\u00f5eldud kasutamiseks \u00fchepoolsetel ustel.","robots":{"index":"index","follow":"follow","max-snippet":"max-snippet:-1","max-image-preview":"max-image-preview:large","max-video-preview":"max-video-preview:-1"},"canonical":"https:\/\/fonolukk.eu\/et\/tooted\/elektriline-lukk-eb270\/","og_locale":"et_EE","og_type":"article","og_title":"Elektriline lukk EB270","og_description":"Fail-secure seeria elektriline kukkumispolt on m\u00f5eldud kasutamiseks \u00fchepoolsetel ustel. Europrofiiliga silindriga saab Fail-Secure seeriat elektrikatkestuse korral isegi k\u00e4sitsi juhtida. EB261\/265\/270 seeria mudelitel on kaldus, p\u00f6\u00f6ratav riiv, mis v\u00f5imaldab \u00fcleandmist sekunditega muuta. EB270 on konstrueeritud ka lukustuslukuga, et v\u00e4ltida lukustuspolti noa v\u00f5i kaardiga tagasi surumist, kui uks on suletud.","og_url":"https:\/\/fonolukk.eu\/et\/tooted\/elektriline-lukk-eb270\/","og_site_name":"Fonolukk","article_publisher":"https:\/\/www.facebook.com\/fonolukk","article_modified_time":"2025-01-09T10:11:50+00:00","og_image":[{"width":1280,"height":1280,"url":"https:\/\/fonolukk.eu\/wp-content\/uploads\/2024\/08\/eb270.jpg","type":"image\/jpeg"}],"twitter_card":"summary_large_image","twitter_misc":{"Hind":"","Availability":"Laos"},"schema":{"@context":"https:\/\/schema.org","@graph":[{"@type":"WebPage","@id":"https:\/\/fonolukk.eu\/et\/tooted\/elektriline-lukk-eb270\/","url":"https:\/\/fonolukk.eu\/et\/tooted\/elektriline-lukk-eb270\/","name":"Elektriline lukk EB270 - Fonolukk","isPartOf":{"@id":"https:\/\/fonolukk.eu\/et\/#website"},"primaryImageOfPage":{"@id":"https:\/\/fonolukk.eu\/et\/tooted\/elektriline-lukk-eb270\/#primaryimage"},"image":{"@id":"https:\/\/fonolukk.eu\/et\/tooted\/elektriline-lukk-eb270\/#primaryimage"},"thumbnailUrl":"https:\/\/fonolukk.eu\/wp-content\/uploads\/2024\/08\/eb270.jpg","datePublished":"2024-08-06T12:03:25+00:00","dateModified":"2025-01-09T10:11:50+00:00","description":"Elektriline lukk EB270 - Fail-secure seeria elektriline kukkumispolt on m\u00f5eldud kasutamiseks \u00fchepoolsetel ustel.","breadcrumb":{"@id":"https:\/\/fonolukk.eu\/et\/tooted\/elektriline-lukk-eb270\/#breadcrumb"},"inLanguage":"et","potentialAction":[{"@type":"ReadAction","target":["https:\/\/fonolukk.eu\/et\/tooted\/elektriline-lukk-eb270\/"]}]},{"@type":"ImageObject","inLanguage":"et","@id":"https:\/\/fonolukk.eu\/et\/tooted\/elektriline-lukk-eb270\/#primaryimage","url":"https:\/\/fonolukk.eu\/wp-content\/uploads\/2024\/08\/eb270.jpg","contentUrl":"https:\/\/fonolukk.eu\/wp-content\/uploads\/2024\/08\/eb270.jpg","width":1280,"height":1280,"caption":"EB270"},{"@type":"BreadcrumbList","@id":"https:\/\/fonolukk.eu\/et\/tooted\/elektriline-lukk-eb270\/#breadcrumb","itemListElement":[{"@type":"ListItem","position":1,"name":"Esileht","item":"https:\/\/fonolukk.eu\/et\/koduleht\/"},{"@type":"ListItem","position":2,"name":"Tooted","item":"https:\/\/fonolukk.eu\/et\/shop-2\/"},{"@type":"ListItem","position":3,"name":"Elektrilukud","item":"https:\/\/fonolukk.eu\/et\/product-category\/elektrilukud\/"},{"@type":"ListItem","position":4,"name":"Elektriline lukk EB270"}]},{"@type":"WebSite","@id":"https:\/\/fonolukk.eu\/et\/#website","url":"https:\/\/fonolukk.eu\/et\/","name":"Fonolukk eu","description":"Smart Security Systems","publisher":{"@id":"https:\/\/fonolukk.eu\/et\/#organization"},"potentialAction":[{"@type":"SearchAction","target":{"@type":"EntryPoint","urlTemplate":"https:\/\/fonolukk.eu\/et\/?s={search_term_string}"},"query-input":{"@type":"PropertyValueSpecification","valueRequired":true,"valueName":"search_term_string"}}],"inLanguage":"et"},{"@type":"Organization","@id":"https:\/\/fonolukk.eu\/et\/#organization","name":"Smart Security OU","url":"https:\/\/fonolukk.eu\/et\/","logo":{"@type":"ImageObject","inLanguage":"et","@id":"https:\/\/fonolukk.eu\/et\/#\/schema\/logo\/image\/","url":"https:\/\/fonolukk.eu\/wp-content\/uploads\/2023\/09\/fonolukk.png","contentUrl":"https:\/\/fonolukk.eu\/wp-content\/uploads\/2023\/09\/fonolukk.png","width":277,"height":274,"caption":"Smart Security OU"},"image":{"@id":"https:\/\/fonolukk.eu\/et\/#\/schema\/logo\/image\/"},"sameAs":["https:\/\/www.facebook.com\/fonolukk","https:\/\/www.instagram.com\/fonolukk\/?hl=ru"],"publishingPrinciples":"https:\/\/fonolukk.eu\/terms-and-conditions\/","ownershipFundingInfo":"https:\/\/fonolukk.eu\/about-us\/"}]},"product_price_amount":"0.00","product_price_currency":"EUR","og_availability":"instock","product_availability":"instock","product_retailer_item_id":"EB270","product_condition":"new"},"_links":{"self":[{"href":"https:\/\/fonolukk.eu\/et\/wp-json\/wp\/v2\/product\/17104","targetHints":{"allow":["GET"]}}],"collection":[{"href":"https:\/\/fonolukk.eu\/et\/wp-json\/wp\/v2\/product"}],"about":[{"href":"https:\/\/fonolukk.eu\/et\/wp-json\/wp\/v2\/types\/product"}],"version-history":[{"count":1,"href":"https:\/\/fonolukk.eu\/et\/wp-json\/wp\/v2\/product\/17104\/revisions"}],"predecessor-version":[{"id":19514,"href":"https:\/\/fonolukk.eu\/et\/wp-json\/wp\/v2\/product\/17104\/revisions\/19514"}],"wp:featuredmedia":[{"embeddable":true,"href":"https:\/\/fonolukk.eu\/et\/wp-json\/wp\/v2\/media\/17101"}],"wp:attachment":[{"href":"https:\/\/fonolukk.eu\/et\/wp-json\/wp\/v2\/media?parent=17104"}],"wp:term":[{"taxonomy":"product_brand","embeddable":true,"href":"https:\/\/fonolukk.eu\/et\/wp-json\/wp\/v2\/product_brand?post=17104"},{"taxonomy":"product_cat","embeddable":true,"href":"https:\/\/fonolukk.eu\/et\/wp-json\/wp\/v2\/product_cat?post=17104"},{"taxonomy":"product_tag","embeddable":true,"href":"https:\/\/fonolukk.eu\/et\/wp-json\/wp\/v2\/product_tag?post=17104"}],"curies":[{"name":"wp","href":"https:\/\/api.w.org\/{rel}","templated":true}]}}