{"id":17122,"date":"2024-08-06T16:22:47","date_gmt":"2024-08-06T13:22:47","guid":{"rendered":"https:\/\/fonolukk.eu\/?post_type=product&#038;p=17122"},"modified":"2025-04-02T11:50:57","modified_gmt":"2025-04-02T08:50:57","slug":"smart-lock-h13-yb","status":"publish","type":"product","link":"https:\/\/fonolukk.eu\/et\/tooted\/smart-lock-h13-yb\/","title":{"rendered":"Smart Lock H13-YB"},"content":{"rendered":"<table class=\"tab1\" width=\"100%\">\n<tbody>\n<tr>\n<th title=\"Mudeli number\"><span class=\"VIpgJd-yAWNEb-VIpgJd-fmcmS-sn54Q\">Mudeli Number<\/span><\/th>\n<td title=\"H13\">H13<\/td>\n<\/tr>\n<tr>\n<th title=\"Tootenimi:\">Tootenimi:<\/th>\n<td title=\"Nutikas ukselukk\">Nutikas ukselukk<\/td>\n<th title=\"Avamisviisid:\">Avamisviisid:<\/th>\n<td title=\"Bluetooth, s\u00f5rmej\u00e4lg, kaart, kood, v\u00f5ti\">Bluetooth, s\u00f5rmej\u00e4lg, kaart, kood, v\u00f5ti<\/td>\n<\/tr>\n<tr>\n<th title=\"Materjal:\">Materjal:<\/th>\n<td title=\"Alumiiniumi sulam\">Alumiiniumi sulam<\/td>\n<th title=\"V\u00e4rv:\">V\u00e4rv:<\/th>\n<td title=\"Must, h\u00f5bedane\">Must, h\u00f5bedane<\/td>\n<\/tr>\n<tr>\n<th title=\"Garantii:\">Garantii:<\/th>\n<td title=\"1 aastat\">1 aastat<\/td>\n<th title=\"T\u00fc\u00fcp:\">T\u00fc\u00fcp:<\/th>\n<td title=\"S\u00f5rmej\u00e4ljega ukselukk\">S\u00f5rmej\u00e4ljega ukselukk<\/td>\n<\/tr>\n<tr>\n<th title=\"Sobilik:\">Sobilik:<\/th>\n<td title=\"Hotell\/maja\/korter\">Hotell\/maja\/korter<\/td>\n<\/tr>\n<\/tbody>\n<\/table>\n<h3><span class=\"\">Toote funktsioon<\/span><\/h3>\n<p><span class=\"\">1.\u00a0<\/span><strong><span class=\"\">6 v\u00f5imalust avamiseks:<\/span><\/strong><span class=\"\">\u00a0WiFi APP juurdep\u00e4\u00e4s, Bluetooth APP juurdep\u00e4\u00e4s, s\u00f5rmej\u00e4ljega avamine, kaardi avamine, PIN-koodi avamine, mehaanilise v\u00f5tmega avamine;<\/span><br \/>\n<span class=\"\">2. Mugav APP-i halduss\u00fcsteem, saate hallata oma nutikat lukku igal ajal ja igal pool;<\/span><br \/>\n<span class=\"\">3. Saate hallata suurt hulka lukke vaid \u00fche telefoniga;<\/span><br \/>\n<span class=\"\">4. Ajaliselt piiratud parooli seaded, mis sobivad erinevate stsenaariumide jaoks;<\/span><br \/>\n<span class=\"\">5. Mitmetasandilised administraatori seaded, mis aitavad teil oma nutikaid hooneid paremini hallata;<\/span><br \/>\n<span class=\"\">6. P\u00e4ring avamiskirjete kohta igal ajal ja igal pool, esimest korda oma kodu turvalisuse teadmiseks;<\/span><br \/>\n<span class=\"\">7. Kompaktne suurus sobib k\u00f5ikidele puitustele ja metallustele;<\/span><br \/>\n<span class=\"\">8. FPC s\u00f5rmej\u00e4ljelugeja annab teile parima turvakogemuse;<\/span><br \/>\n<span class=\"\">9. Avariitoiteallikas voolukatkestuse korral ;<\/span><br \/>\n<span class=\"\">10. Saame kohandada tootmist vastavalt teie vajadustele, OEM \/ ODM;<\/span><\/p>\n<h3><strong>2.Toote parameetrid<\/strong><\/h3>\n<div>\n<table border=\"1\" width=\"505\" cellspacing=\"0\" cellpadding=\"0\">\n<colgroup>\n<col \/>\n<col \/><\/colgroup>\n<tbody>\n<tr>\n<td height=\"19\">Mudel<\/td>\n<td>H13<\/td>\n<\/tr>\n<tr>\n<td height=\"35\">Funktsioonid<\/td>\n<td>BLE\/WiFi\/S\u00f5rmej\u00e4lg\/kaart\/PIN-kood\/mehaaniline v\u00f5ti<\/td>\n<\/tr>\n<tr>\n<td height=\"19\">V\u00e4rv<\/td>\n<td>T\u00e4ielikult h\u00f5bedane, \u00fcleni must, h\u00f5be\/must<\/td>\n<\/tr>\n<tr>\n<td height=\"52\">S\u00fcsteemi valik<\/td>\n<td>TTLock APP\/Tuya APP<\/td>\n<\/tr>\n<tr>\n<td height=\"35\">Toote materjal<\/td>\n<td>Alumiiniumi sulam<\/td>\n<\/tr>\n<tr>\n<td height=\"35\">T\u00f6\u00f6pinge<\/td>\n<td>6 V (4 * AA patareid)<\/td>\n<\/tr>\n<tr>\n<td height=\"35\">Aku kestvus<\/td>\n<td>Tavakasutuses 1 aasta<\/td>\n<\/tr>\n<tr>\n<td height=\"52\">S\u00f5rmej\u00e4ljelugeja<\/td>\n<td>FPC s\u00f5rmej\u00e4ljelugeja<\/td>\n<\/tr>\n<tr>\n<td height=\"35\">Kaardi t\u00fc\u00fcp<\/td>\n<td>MF1 kaart (13,56 MHz)<\/td>\n<\/tr>\n<tr>\n<td height=\"35\">Ukse paksus<\/td>\n<td>Sobib 35-55 mm<\/td>\n<\/tr>\n<tr>\n<td height=\"87\">Sobib ustele<\/td>\n<td>Puidust uks\/turvauks\/komposiituks<\/td>\n<\/tr>\n<\/tbody>\n<\/table>\n<p><img decoding=\"async\" src=\"https:\/\/www.electronicdoor-locks.com\/test\/electronicdoor-locks.com\/photo\/pl145027405-remark.jpg\" \/><\/p>\n<p><img decoding=\"async\" src=\"https:\/\/www.electronicdoor-locks.com\/test\/electronicdoor-locks.com\/photo\/pl145027399-remark.jpg\" alt=\"Tuya Wifi numbriline s\u00f5rmej\u00e4ljeklaviatuur nutikas ukselukk alumiiniumsulamist materjal 2\" \/><\/p>\n<p><img decoding=\"async\" src=\"https:\/\/www.electronicdoor-locks.com\/test\/electronicdoor-locks.com\/photo\/pl145027398-remark.jpg\" alt=\"Tuya Wifi numbriline s\u00f5rmej\u00e4ljeklaviatuur nutikas ukselukk alumiiniumsulamist materjal 3\" \/><\/p>\n<\/div>\n","protected":false},"excerpt":{"rendered":"<h3>OLULISED M\u00c4RKUSED<\/h3>\n<ul>\n<li>Paigaldage ja katsetage lukku avatud uksega, et v\u00e4ltida lukustumist.<\/li>\n<li>\u00c4RGE paigaldage patareisid enne luku paigaldamist!<\/li>\n<li>J\u00e4rgige juhiseid j\u00e4rjestikuses j\u00e4rjekorras!<\/li>\n<li>Palun kasutage AA leelispatarei ja \u00e4rge kasutage liitiumakut ega taaslaetavat akut.<\/li>\n<li>Madala v\u00f5imsusega alarmi korral vahetage patarei v\u00e4lja.<\/li>\n<li>Enne paigaldamist lugege juhendi hoolikalt l\u00e4bi ja hoidke see edaspidiseks kasutamiseks alles.<\/li>\n<\/ul>\n","protected":false},"featured_media":17125,"template":"","meta":[],"product_brand":[],"product_cat":[1596,880],"product_tag":[1603,1598],"class_list":{"0":"post-17122","1":"product","2":"type-product","3":"status-publish","4":"has-post-thumbnail","6":"product_cat-smart-lock-et","7":"product_cat-elektrilukud","8":"product_tag-h13-yb-et","9":"product_tag-smart-lock-et","11":"first","12":"instock","13":"taxable","14":"shipping-taxable","15":"purchasable","16":"product-type-simple"},"yoast_head":"<!-- This site is optimized with the Yoast SEO Premium plugin v27.3 (Yoast SEO v27.3) - https:\/\/yoast.com\/product\/yoast-seo-premium-wordpress\/ -->\n<title>Smart Lock H13-YB - Fonolukk<\/title>\n<meta name=\"description\" content=\"Smart Lock H13-YB - Smart Lock - Smart Secured. Paigaldage ja katsetage lukku avatud uksega, et v\u00e4ltida lukustumist.\" \/>\n<meta name=\"robots\" content=\"index, follow, max-snippet:-1, max-image-preview:large, max-video-preview:-1\" \/>\n<link rel=\"canonical\" href=\"https:\/\/fonolukk.eu\/et\/tooted\/smart-lock-h13-yb\/\" \/>\n<meta property=\"og:locale\" content=\"et_EE\" \/>\n<meta property=\"og:type\" content=\"article\" \/>\n<meta property=\"og:title\" content=\"Smart Lock H13-YB\" \/>\n<meta property=\"og:description\" content=\"OLULISED M\u00c4RKUSED   Paigaldage ja katsetage lukku avatud uksega, et v\u00e4ltida lukustumist.  \u00c4RGE paigaldage patareisid enne luku paigaldamist!  J\u00e4rgige juhiseid j\u00e4rjestikuses j\u00e4rjekorras!  Palun kasutage AA leelispatarei ja \u00e4rge kasutage liitiumakut ega taaslaetavat akut.  Madala v\u00f5imsusega alarmi korral vahetage patarei v\u00e4lja.  Enne paigaldamist lugege juhendi hoolikalt l\u00e4bi ja hoidke see edaspidiseks kasutamiseks alles.\" \/>\n<meta property=\"og:url\" content=\"https:\/\/fonolukk.eu\/et\/tooted\/smart-lock-h13-yb\/\" \/>\n<meta property=\"og:site_name\" content=\"Fonolukk\" \/>\n<meta property=\"article:publisher\" content=\"https:\/\/www.facebook.com\/fonolukk\" \/>\n<meta property=\"article:modified_time\" content=\"2025-04-02T08:50:57+00:00\" \/>\n<meta property=\"og:image\" content=\"https:\/\/fonolukk.eu\/wp-content\/uploads\/2024\/08\/smart-lock-h13-yb.png\" \/>\n\t<meta property=\"og:image:width\" content=\"1250\" \/>\n\t<meta property=\"og:image:height\" content=\"1153\" \/>\n\t<meta property=\"og:image:type\" content=\"image\/png\" \/>\n<meta name=\"twitter:card\" content=\"summary_large_image\" \/>\n<meta name=\"twitter:label1\" content=\"Hind\" \/>\n\t<meta name=\"twitter:data1\" content=\"&euro;118.85 koos KM\" \/>\n\t<meta name=\"twitter:label2\" content=\"Availability\" \/>\n\t<meta name=\"twitter:data2\" content=\"Laos\" \/>\n<script type=\"application\/ld+json\" class=\"yoast-schema-graph\">{\"@context\":\"https:\\\/\\\/schema.org\",\"@graph\":[{\"@type\":\"WebPage\",\"@id\":\"https:\\\/\\\/fonolukk.eu\\\/et\\\/tooted\\\/smart-lock-h13-yb\\\/\",\"url\":\"https:\\\/\\\/fonolukk.eu\\\/et\\\/tooted\\\/smart-lock-h13-yb\\\/\",\"name\":\"Smart Lock H13-YB - Fonolukk\",\"isPartOf\":{\"@id\":\"https:\\\/\\\/fonolukk.eu\\\/et\\\/#website\"},\"primaryImageOfPage\":{\"@id\":\"https:\\\/\\\/fonolukk.eu\\\/et\\\/tooted\\\/smart-lock-h13-yb\\\/#primaryimage\"},\"image\":{\"@id\":\"https:\\\/\\\/fonolukk.eu\\\/et\\\/tooted\\\/smart-lock-h13-yb\\\/#primaryimage\"},\"thumbnailUrl\":\"https:\\\/\\\/fonolukk.eu\\\/wp-content\\\/uploads\\\/2024\\\/08\\\/smart-lock-h13-yb.png\",\"datePublished\":\"2024-08-06T13:22:47+00:00\",\"dateModified\":\"2025-04-02T08:50:57+00:00\",\"description\":\"Smart Lock H13-YB - Smart Lock - Smart Secured. Paigaldage ja katsetage lukku avatud uksega, et v\u00e4ltida lukustumist.\",\"breadcrumb\":{\"@id\":\"https:\\\/\\\/fonolukk.eu\\\/et\\\/tooted\\\/smart-lock-h13-yb\\\/#breadcrumb\"},\"inLanguage\":\"et\",\"potentialAction\":[{\"@type\":\"ReadAction\",\"target\":[\"https:\\\/\\\/fonolukk.eu\\\/et\\\/tooted\\\/smart-lock-h13-yb\\\/\"]}]},{\"@type\":\"ImageObject\",\"inLanguage\":\"et\",\"@id\":\"https:\\\/\\\/fonolukk.eu\\\/et\\\/tooted\\\/smart-lock-h13-yb\\\/#primaryimage\",\"url\":\"https:\\\/\\\/fonolukk.eu\\\/wp-content\\\/uploads\\\/2024\\\/08\\\/smart-lock-h13-yb.png\",\"contentUrl\":\"https:\\\/\\\/fonolukk.eu\\\/wp-content\\\/uploads\\\/2024\\\/08\\\/smart-lock-h13-yb.png\",\"width\":1250,\"height\":1153,\"caption\":\"Smart Lock H13-YB\"},{\"@type\":\"BreadcrumbList\",\"@id\":\"https:\\\/\\\/fonolukk.eu\\\/et\\\/tooted\\\/smart-lock-h13-yb\\\/#breadcrumb\",\"itemListElement\":[{\"@type\":\"ListItem\",\"position\":1,\"name\":\"Esileht\",\"item\":\"https:\\\/\\\/fonolukk.eu\\\/et\\\/koduleht\\\/\"},{\"@type\":\"ListItem\",\"position\":2,\"name\":\"Tooted\",\"item\":\"https:\\\/\\\/fonolukk.eu\\\/et\\\/shop-2\\\/\"},{\"@type\":\"ListItem\",\"position\":3,\"name\":\"Elektrilukud\",\"item\":\"https:\\\/\\\/fonolukk.eu\\\/et\\\/product-category\\\/elektrilukud\\\/\"},{\"@type\":\"ListItem\",\"position\":4,\"name\":\"Smart Lock H13-YB\"}]},{\"@type\":\"WebSite\",\"@id\":\"https:\\\/\\\/fonolukk.eu\\\/et\\\/#website\",\"url\":\"https:\\\/\\\/fonolukk.eu\\\/et\\\/\",\"name\":\"Fonolukk eu\",\"description\":\"Smart Security Systems\",\"publisher\":{\"@id\":\"https:\\\/\\\/fonolukk.eu\\\/et\\\/#organization\"},\"potentialAction\":[{\"@type\":\"SearchAction\",\"target\":{\"@type\":\"EntryPoint\",\"urlTemplate\":\"https:\\\/\\\/fonolukk.eu\\\/et\\\/?s={search_term_string}\"},\"query-input\":{\"@type\":\"PropertyValueSpecification\",\"valueRequired\":true,\"valueName\":\"search_term_string\"}}],\"inLanguage\":\"et\"},{\"@type\":\"Organization\",\"@id\":\"https:\\\/\\\/fonolukk.eu\\\/et\\\/#organization\",\"name\":\"Smart Security OU\",\"url\":\"https:\\\/\\\/fonolukk.eu\\\/et\\\/\",\"logo\":{\"@type\":\"ImageObject\",\"inLanguage\":\"et\",\"@id\":\"https:\\\/\\\/fonolukk.eu\\\/et\\\/#\\\/schema\\\/logo\\\/image\\\/\",\"url\":\"https:\\\/\\\/fonolukk.eu\\\/wp-content\\\/uploads\\\/2023\\\/09\\\/fonolukk.png\",\"contentUrl\":\"https:\\\/\\\/fonolukk.eu\\\/wp-content\\\/uploads\\\/2023\\\/09\\\/fonolukk.png\",\"width\":277,\"height\":274,\"caption\":\"Smart Security OU\"},\"image\":{\"@id\":\"https:\\\/\\\/fonolukk.eu\\\/et\\\/#\\\/schema\\\/logo\\\/image\\\/\"},\"sameAs\":[\"https:\\\/\\\/www.facebook.com\\\/fonolukk\",\"https:\\\/\\\/www.instagram.com\\\/fonolukk\\\/?hl=ru\"],\"publishingPrinciples\":\"https:\\\/\\\/fonolukk.eu\\\/terms-and-conditions\\\/\",\"ownershipFundingInfo\":\"https:\\\/\\\/fonolukk.eu\\\/about-us\\\/\"}]}<\/script>\n<meta property=\"product:price:amount\" content=\"118.85\" \/>\n<meta property=\"product:price:currency\" content=\"EUR\" \/>\n<meta property=\"og:availability\" content=\"instock\" \/>\n<meta property=\"product:availability\" content=\"instock\" \/>\n<meta property=\"product:retailer_item_id\" content=\"H13-YB\" \/>\n<meta property=\"product:condition\" content=\"new\" \/>\n<!-- \/ Yoast SEO Premium plugin. -->","yoast_head_json":{"title":"Smart Lock H13-YB - Fonolukk","description":"Smart Lock H13-YB - Smart Lock - Smart Secured. Paigaldage ja katsetage lukku avatud uksega, et v\u00e4ltida lukustumist.","robots":{"index":"index","follow":"follow","max-snippet":"max-snippet:-1","max-image-preview":"max-image-preview:large","max-video-preview":"max-video-preview:-1"},"canonical":"https:\/\/fonolukk.eu\/et\/tooted\/smart-lock-h13-yb\/","og_locale":"et_EE","og_type":"article","og_title":"Smart Lock H13-YB","og_description":"OLULISED M\u00c4RKUSED   Paigaldage ja katsetage lukku avatud uksega, et v\u00e4ltida lukustumist.  \u00c4RGE paigaldage patareisid enne luku paigaldamist!  J\u00e4rgige juhiseid j\u00e4rjestikuses j\u00e4rjekorras!  Palun kasutage AA leelispatarei ja \u00e4rge kasutage liitiumakut ega taaslaetavat akut.  Madala v\u00f5imsusega alarmi korral vahetage patarei v\u00e4lja.  Enne paigaldamist lugege juhendi hoolikalt l\u00e4bi ja hoidke see edaspidiseks kasutamiseks alles.","og_url":"https:\/\/fonolukk.eu\/et\/tooted\/smart-lock-h13-yb\/","og_site_name":"Fonolukk","article_publisher":"https:\/\/www.facebook.com\/fonolukk","article_modified_time":"2025-04-02T08:50:57+00:00","og_image":[{"width":1250,"height":1153,"url":"https:\/\/fonolukk.eu\/wp-content\/uploads\/2024\/08\/smart-lock-h13-yb.png","type":"image\/png"}],"twitter_card":"summary_large_image","twitter_misc":{"Hind":"&euro;118.85 koos KM","Availability":"Laos"},"schema":{"@context":"https:\/\/schema.org","@graph":[{"@type":"WebPage","@id":"https:\/\/fonolukk.eu\/et\/tooted\/smart-lock-h13-yb\/","url":"https:\/\/fonolukk.eu\/et\/tooted\/smart-lock-h13-yb\/","name":"Smart Lock H13-YB - Fonolukk","isPartOf":{"@id":"https:\/\/fonolukk.eu\/et\/#website"},"primaryImageOfPage":{"@id":"https:\/\/fonolukk.eu\/et\/tooted\/smart-lock-h13-yb\/#primaryimage"},"image":{"@id":"https:\/\/fonolukk.eu\/et\/tooted\/smart-lock-h13-yb\/#primaryimage"},"thumbnailUrl":"https:\/\/fonolukk.eu\/wp-content\/uploads\/2024\/08\/smart-lock-h13-yb.png","datePublished":"2024-08-06T13:22:47+00:00","dateModified":"2025-04-02T08:50:57+00:00","description":"Smart Lock H13-YB - Smart Lock - Smart Secured. Paigaldage ja katsetage lukku avatud uksega, et v\u00e4ltida lukustumist.","breadcrumb":{"@id":"https:\/\/fonolukk.eu\/et\/tooted\/smart-lock-h13-yb\/#breadcrumb"},"inLanguage":"et","potentialAction":[{"@type":"ReadAction","target":["https:\/\/fonolukk.eu\/et\/tooted\/smart-lock-h13-yb\/"]}]},{"@type":"ImageObject","inLanguage":"et","@id":"https:\/\/fonolukk.eu\/et\/tooted\/smart-lock-h13-yb\/#primaryimage","url":"https:\/\/fonolukk.eu\/wp-content\/uploads\/2024\/08\/smart-lock-h13-yb.png","contentUrl":"https:\/\/fonolukk.eu\/wp-content\/uploads\/2024\/08\/smart-lock-h13-yb.png","width":1250,"height":1153,"caption":"Smart Lock H13-YB"},{"@type":"BreadcrumbList","@id":"https:\/\/fonolukk.eu\/et\/tooted\/smart-lock-h13-yb\/#breadcrumb","itemListElement":[{"@type":"ListItem","position":1,"name":"Esileht","item":"https:\/\/fonolukk.eu\/et\/koduleht\/"},{"@type":"ListItem","position":2,"name":"Tooted","item":"https:\/\/fonolukk.eu\/et\/shop-2\/"},{"@type":"ListItem","position":3,"name":"Elektrilukud","item":"https:\/\/fonolukk.eu\/et\/product-category\/elektrilukud\/"},{"@type":"ListItem","position":4,"name":"Smart Lock H13-YB"}]},{"@type":"WebSite","@id":"https:\/\/fonolukk.eu\/et\/#website","url":"https:\/\/fonolukk.eu\/et\/","name":"Fonolukk eu","description":"Smart Security Systems","publisher":{"@id":"https:\/\/fonolukk.eu\/et\/#organization"},"potentialAction":[{"@type":"SearchAction","target":{"@type":"EntryPoint","urlTemplate":"https:\/\/fonolukk.eu\/et\/?s={search_term_string}"},"query-input":{"@type":"PropertyValueSpecification","valueRequired":true,"valueName":"search_term_string"}}],"inLanguage":"et"},{"@type":"Organization","@id":"https:\/\/fonolukk.eu\/et\/#organization","name":"Smart Security OU","url":"https:\/\/fonolukk.eu\/et\/","logo":{"@type":"ImageObject","inLanguage":"et","@id":"https:\/\/fonolukk.eu\/et\/#\/schema\/logo\/image\/","url":"https:\/\/fonolukk.eu\/wp-content\/uploads\/2023\/09\/fonolukk.png","contentUrl":"https:\/\/fonolukk.eu\/wp-content\/uploads\/2023\/09\/fonolukk.png","width":277,"height":274,"caption":"Smart Security OU"},"image":{"@id":"https:\/\/fonolukk.eu\/et\/#\/schema\/logo\/image\/"},"sameAs":["https:\/\/www.facebook.com\/fonolukk","https:\/\/www.instagram.com\/fonolukk\/?hl=ru"],"publishingPrinciples":"https:\/\/fonolukk.eu\/terms-and-conditions\/","ownershipFundingInfo":"https:\/\/fonolukk.eu\/about-us\/"}]},"product_price_amount":"118.85","product_price_currency":"EUR","og_availability":"instock","product_availability":"instock","product_retailer_item_id":"H13-YB","product_condition":"new"},"_links":{"self":[{"href":"https:\/\/fonolukk.eu\/et\/wp-json\/wp\/v2\/product\/17122","targetHints":{"allow":["GET"]}}],"collection":[{"href":"https:\/\/fonolukk.eu\/et\/wp-json\/wp\/v2\/product"}],"about":[{"href":"https:\/\/fonolukk.eu\/et\/wp-json\/wp\/v2\/types\/product"}],"version-history":[{"count":2,"href":"https:\/\/fonolukk.eu\/et\/wp-json\/wp\/v2\/product\/17122\/revisions"}],"predecessor-version":[{"id":19927,"href":"https:\/\/fonolukk.eu\/et\/wp-json\/wp\/v2\/product\/17122\/revisions\/19927"}],"wp:featuredmedia":[{"embeddable":true,"href":"https:\/\/fonolukk.eu\/et\/wp-json\/wp\/v2\/media\/17125"}],"wp:attachment":[{"href":"https:\/\/fonolukk.eu\/et\/wp-json\/wp\/v2\/media?parent=17122"}],"wp:term":[{"taxonomy":"product_brand","embeddable":true,"href":"https:\/\/fonolukk.eu\/et\/wp-json\/wp\/v2\/product_brand?post=17122"},{"taxonomy":"product_cat","embeddable":true,"href":"https:\/\/fonolukk.eu\/et\/wp-json\/wp\/v2\/product_cat?post=17122"},{"taxonomy":"product_tag","embeddable":true,"href":"https:\/\/fonolukk.eu\/et\/wp-json\/wp\/v2\/product_tag?post=17122"}],"curies":[{"name":"wp","href":"https:\/\/api.w.org\/{rel}","templated":true}]}}