{"id":17129,"date":"2024-08-06T16:40:25","date_gmt":"2024-08-06T13:40:26","guid":{"rendered":"https:\/\/fonolukk.eu\/?post_type=product&#038;p=17129"},"modified":"2025-01-31T10:04:00","modified_gmt":"2025-01-31T08:04:00","slug":"smart-lock-ttlock-h65","status":"publish","type":"product","link":"https:\/\/fonolukk.eu\/et\/tooted\/smart-lock-ttlock-h65\/","title":{"rendered":"Smart Lock TTLock H65"},"content":{"rendered":"<div class='w3eden'><!-- WPDM Link Template: Default Template -->\n\n<div class=\"link-template-default card mb-2\">\n    <div class=\"card-body\">\n        <div class=\"media\">\n            <div class=\"mr-3 img-48\"><img decoding=\"async\" class=\"wpdm_icon\" alt=\"Icon\"   src=\"https:\/\/fonolukk.eu\/wp-content\/plugins\/download-manager\/assets\/file-type-icons\/pdf.svg\" \/><\/div>\n            <div class=\"media-body\">\n                <h3 class=\"package-title\"><a href='https:\/\/fonolukk.eu\/download\/smart-lock-h65\/'>Smart Lock H65<\/a><\/h3>\n                <div class=\"text-muted text-small\"><i class=\"fas fa-copy\"><\/i> 1 file(s) <i class=\"fas fa-hdd ml-3\"><\/i> 6.84 MB<\/div>\n            <\/div>\n            <div class=\"ml-3\">\n                <a class='wpdm-download-link download-on-click btn btn-primary ' rel='nofollow' href='#' data-downloadurl=\"https:\/\/fonolukk.eu\/download\/smart-lock-h65\/?wpdmdl=17134&refresh=69da82d65d90b1775928022\">Lae<\/a>\n            <\/div>\n        <\/div>\n    <\/div>\n<\/div>\n\n<\/div>\n","protected":false},"excerpt":{"rendered":"<h3><span class=\"\">T\u00e4helepanu:<\/span><\/h3>\n<p>1. Hoidke mehaanilised v\u00f5tmed v\u00e4ljas juhuks, kui uks lukustub ja te ei p\u00e4\u00e4se neile ligi.<br \/>\n2. Vahetage patarei v\u00e4lja, kui k\u00f5lab madala laetuse hoiatus.<br \/>\n3. Lugege kasutusjuhend hoolikalt l\u00e4bi enne paigaldamist ning s\u00e4ilitage see edaspidiseks kasutamiseks.<\/p>\n","protected":false},"featured_media":17132,"template":"","meta":[],"product_brand":[],"product_cat":[1596,880],"product_tag":[1598,1606],"class_list":{"0":"post-17129","1":"product","2":"type-product","3":"status-publish","4":"has-post-thumbnail","6":"product_cat-smart-lock-et","7":"product_cat-elektrilukud","8":"product_tag-smart-lock-et","9":"product_tag-h65-et","11":"first","12":"outofstock","13":"sale","14":"taxable","15":"shipping-taxable","16":"purchasable","17":"product-type-simple"},"yoast_head":"<!-- This site is optimized with the Yoast SEO Premium plugin v27.3 (Yoast SEO v27.3) - https:\/\/yoast.com\/product\/yoast-seo-premium-wordpress\/ -->\n<title>Smart Lock TTLock H65 - Fonolukk<\/title>\n<meta name=\"description\" content=\"Smart Lock TTLock H65 - Smart Lock - Smart Secured. Lugege kasutusjuhend enne paigaldamist hoolikalt l\u00e4bi ja hoidke see edaspidiseks kasutamiseks alles.\" \/>\n<meta name=\"robots\" content=\"index, follow, max-snippet:-1, max-image-preview:large, max-video-preview:-1\" \/>\n<link rel=\"canonical\" href=\"https:\/\/fonolukk.eu\/et\/tooted\/smart-lock-ttlock-h65\/\" \/>\n<meta property=\"og:locale\" content=\"et_EE\" \/>\n<meta property=\"og:type\" content=\"article\" \/>\n<meta property=\"og:title\" content=\"Smart Lock TTLock H65\" \/>\n<meta property=\"og:description\" content=\"T\u00e4helepanu: 1. Hoidke mehaanilised v\u00f5tmed v\u00e4ljas juhuks, kui uks lukustub ja te ei p\u00e4\u00e4se neile ligi. 2. Vahetage patarei v\u00e4lja, kui k\u00f5lab madala laetuse hoiatus. 3. Lugege kasutusjuhend hoolikalt l\u00e4bi enne paigaldamist ning s\u00e4ilitage see edaspidiseks kasutamiseks.\" \/>\n<meta property=\"og:url\" content=\"https:\/\/fonolukk.eu\/et\/tooted\/smart-lock-ttlock-h65\/\" \/>\n<meta property=\"og:site_name\" content=\"Fonolukk\" \/>\n<meta property=\"article:publisher\" content=\"https:\/\/www.facebook.com\/fonolukk\" \/>\n<meta property=\"article:modified_time\" content=\"2025-01-31T08:04:00+00:00\" \/>\n<meta property=\"og:image\" content=\"https:\/\/fonolukk.eu\/wp-content\/uploads\/2024\/08\/smart-lock-h65.webp\" \/>\n\t<meta property=\"og:image:width\" content=\"1400\" \/>\n\t<meta property=\"og:image:height\" content=\"1400\" \/>\n\t<meta property=\"og:image:type\" content=\"image\/webp\" \/>\n<meta name=\"twitter:card\" content=\"summary_large_image\" \/>\n<meta name=\"twitter:label1\" content=\"Hind\" \/>\n\t<meta name=\"twitter:data1\" content=\"&euro;122.13 koos KM\" \/>\n\t<meta name=\"twitter:label2\" content=\"Availability\" \/>\n\t<meta name=\"twitter:data2\" content=\"Laost otsas\" \/>\n<script type=\"application\/ld+json\" class=\"yoast-schema-graph\">{\"@context\":\"https:\\\/\\\/schema.org\",\"@graph\":[{\"@type\":\"WebPage\",\"@id\":\"https:\\\/\\\/fonolukk.eu\\\/et\\\/tooted\\\/smart-lock-ttlock-h65\\\/\",\"url\":\"https:\\\/\\\/fonolukk.eu\\\/et\\\/tooted\\\/smart-lock-ttlock-h65\\\/\",\"name\":\"Smart Lock TTLock H65 - Fonolukk\",\"isPartOf\":{\"@id\":\"https:\\\/\\\/fonolukk.eu\\\/et\\\/#website\"},\"primaryImageOfPage\":{\"@id\":\"https:\\\/\\\/fonolukk.eu\\\/et\\\/tooted\\\/smart-lock-ttlock-h65\\\/#primaryimage\"},\"image\":{\"@id\":\"https:\\\/\\\/fonolukk.eu\\\/et\\\/tooted\\\/smart-lock-ttlock-h65\\\/#primaryimage\"},\"thumbnailUrl\":\"https:\\\/\\\/fonolukk.eu\\\/wp-content\\\/uploads\\\/2024\\\/08\\\/smart-lock-h65.webp\",\"datePublished\":\"2024-08-06T13:40:26+00:00\",\"dateModified\":\"2025-01-31T08:04:00+00:00\",\"description\":\"Smart Lock TTLock H65 - Smart Lock - Smart Secured. Lugege kasutusjuhend enne paigaldamist hoolikalt l\u00e4bi ja hoidke see edaspidiseks kasutamiseks alles.\",\"breadcrumb\":{\"@id\":\"https:\\\/\\\/fonolukk.eu\\\/et\\\/tooted\\\/smart-lock-ttlock-h65\\\/#breadcrumb\"},\"inLanguage\":\"et\",\"potentialAction\":[{\"@type\":\"ReadAction\",\"target\":[\"https:\\\/\\\/fonolukk.eu\\\/et\\\/tooted\\\/smart-lock-ttlock-h65\\\/\"]}]},{\"@type\":\"ImageObject\",\"inLanguage\":\"et\",\"@id\":\"https:\\\/\\\/fonolukk.eu\\\/et\\\/tooted\\\/smart-lock-ttlock-h65\\\/#primaryimage\",\"url\":\"https:\\\/\\\/fonolukk.eu\\\/wp-content\\\/uploads\\\/2024\\\/08\\\/smart-lock-h65.webp\",\"contentUrl\":\"https:\\\/\\\/fonolukk.eu\\\/wp-content\\\/uploads\\\/2024\\\/08\\\/smart-lock-h65.webp\",\"width\":1400,\"height\":1400,\"caption\":\"smart lock h65\"},{\"@type\":\"BreadcrumbList\",\"@id\":\"https:\\\/\\\/fonolukk.eu\\\/et\\\/tooted\\\/smart-lock-ttlock-h65\\\/#breadcrumb\",\"itemListElement\":[{\"@type\":\"ListItem\",\"position\":1,\"name\":\"Esileht\",\"item\":\"https:\\\/\\\/fonolukk.eu\\\/et\\\/koduleht\\\/\"},{\"@type\":\"ListItem\",\"position\":2,\"name\":\"Tooted\",\"item\":\"https:\\\/\\\/fonolukk.eu\\\/et\\\/shop-2\\\/\"},{\"@type\":\"ListItem\",\"position\":3,\"name\":\"Elektrilukud\",\"item\":\"https:\\\/\\\/fonolukk.eu\\\/et\\\/product-category\\\/elektrilukud\\\/\"},{\"@type\":\"ListItem\",\"position\":4,\"name\":\"Smart Lock TTLock H65\"}]},{\"@type\":\"WebSite\",\"@id\":\"https:\\\/\\\/fonolukk.eu\\\/et\\\/#website\",\"url\":\"https:\\\/\\\/fonolukk.eu\\\/et\\\/\",\"name\":\"Fonolukk eu\",\"description\":\"Smart Security Systems\",\"publisher\":{\"@id\":\"https:\\\/\\\/fonolukk.eu\\\/et\\\/#organization\"},\"potentialAction\":[{\"@type\":\"SearchAction\",\"target\":{\"@type\":\"EntryPoint\",\"urlTemplate\":\"https:\\\/\\\/fonolukk.eu\\\/et\\\/?s={search_term_string}\"},\"query-input\":{\"@type\":\"PropertyValueSpecification\",\"valueRequired\":true,\"valueName\":\"search_term_string\"}}],\"inLanguage\":\"et\"},{\"@type\":\"Organization\",\"@id\":\"https:\\\/\\\/fonolukk.eu\\\/et\\\/#organization\",\"name\":\"Smart Security OU\",\"url\":\"https:\\\/\\\/fonolukk.eu\\\/et\\\/\",\"logo\":{\"@type\":\"ImageObject\",\"inLanguage\":\"et\",\"@id\":\"https:\\\/\\\/fonolukk.eu\\\/et\\\/#\\\/schema\\\/logo\\\/image\\\/\",\"url\":\"https:\\\/\\\/fonolukk.eu\\\/wp-content\\\/uploads\\\/2023\\\/09\\\/fonolukk.png\",\"contentUrl\":\"https:\\\/\\\/fonolukk.eu\\\/wp-content\\\/uploads\\\/2023\\\/09\\\/fonolukk.png\",\"width\":277,\"height\":274,\"caption\":\"Smart Security OU\"},\"image\":{\"@id\":\"https:\\\/\\\/fonolukk.eu\\\/et\\\/#\\\/schema\\\/logo\\\/image\\\/\"},\"sameAs\":[\"https:\\\/\\\/www.facebook.com\\\/fonolukk\",\"https:\\\/\\\/www.instagram.com\\\/fonolukk\\\/?hl=ru\"],\"publishingPrinciples\":\"https:\\\/\\\/fonolukk.eu\\\/terms-and-conditions\\\/\",\"ownershipFundingInfo\":\"https:\\\/\\\/fonolukk.eu\\\/about-us\\\/\"}]}<\/script>\n<meta property=\"product:price:amount\" content=\"122.13\" \/>\n<meta property=\"product:price:currency\" content=\"EUR\" \/>\n<meta property=\"og:availability\" content=\"out of stock\" \/>\n<meta property=\"product:availability\" content=\"out of stock\" \/>\n<meta property=\"product:retailer_item_id\" content=\"Smart Lock H65\" \/>\n<meta property=\"product:condition\" content=\"new\" \/>\n<!-- \/ Yoast SEO Premium plugin. -->","yoast_head_json":{"title":"Smart Lock TTLock H65 - Fonolukk","description":"Smart Lock TTLock H65 - Smart Lock - Smart Secured. Lugege kasutusjuhend enne paigaldamist hoolikalt l\u00e4bi ja hoidke see edaspidiseks kasutamiseks alles.","robots":{"index":"index","follow":"follow","max-snippet":"max-snippet:-1","max-image-preview":"max-image-preview:large","max-video-preview":"max-video-preview:-1"},"canonical":"https:\/\/fonolukk.eu\/et\/tooted\/smart-lock-ttlock-h65\/","og_locale":"et_EE","og_type":"article","og_title":"Smart Lock TTLock H65","og_description":"T\u00e4helepanu: 1. Hoidke mehaanilised v\u00f5tmed v\u00e4ljas juhuks, kui uks lukustub ja te ei p\u00e4\u00e4se neile ligi. 2. Vahetage patarei v\u00e4lja, kui k\u00f5lab madala laetuse hoiatus. 3. Lugege kasutusjuhend hoolikalt l\u00e4bi enne paigaldamist ning s\u00e4ilitage see edaspidiseks kasutamiseks.","og_url":"https:\/\/fonolukk.eu\/et\/tooted\/smart-lock-ttlock-h65\/","og_site_name":"Fonolukk","article_publisher":"https:\/\/www.facebook.com\/fonolukk","article_modified_time":"2025-01-31T08:04:00+00:00","og_image":[{"width":1400,"height":1400,"url":"https:\/\/fonolukk.eu\/wp-content\/uploads\/2024\/08\/smart-lock-h65.webp","type":"image\/webp"}],"twitter_card":"summary_large_image","twitter_misc":{"Hind":"&euro;122.13 koos KM","Availability":"Laost otsas"},"schema":{"@context":"https:\/\/schema.org","@graph":[{"@type":"WebPage","@id":"https:\/\/fonolukk.eu\/et\/tooted\/smart-lock-ttlock-h65\/","url":"https:\/\/fonolukk.eu\/et\/tooted\/smart-lock-ttlock-h65\/","name":"Smart Lock TTLock H65 - Fonolukk","isPartOf":{"@id":"https:\/\/fonolukk.eu\/et\/#website"},"primaryImageOfPage":{"@id":"https:\/\/fonolukk.eu\/et\/tooted\/smart-lock-ttlock-h65\/#primaryimage"},"image":{"@id":"https:\/\/fonolukk.eu\/et\/tooted\/smart-lock-ttlock-h65\/#primaryimage"},"thumbnailUrl":"https:\/\/fonolukk.eu\/wp-content\/uploads\/2024\/08\/smart-lock-h65.webp","datePublished":"2024-08-06T13:40:26+00:00","dateModified":"2025-01-31T08:04:00+00:00","description":"Smart Lock TTLock H65 - Smart Lock - Smart Secured. Lugege kasutusjuhend enne paigaldamist hoolikalt l\u00e4bi ja hoidke see edaspidiseks kasutamiseks alles.","breadcrumb":{"@id":"https:\/\/fonolukk.eu\/et\/tooted\/smart-lock-ttlock-h65\/#breadcrumb"},"inLanguage":"et","potentialAction":[{"@type":"ReadAction","target":["https:\/\/fonolukk.eu\/et\/tooted\/smart-lock-ttlock-h65\/"]}]},{"@type":"ImageObject","inLanguage":"et","@id":"https:\/\/fonolukk.eu\/et\/tooted\/smart-lock-ttlock-h65\/#primaryimage","url":"https:\/\/fonolukk.eu\/wp-content\/uploads\/2024\/08\/smart-lock-h65.webp","contentUrl":"https:\/\/fonolukk.eu\/wp-content\/uploads\/2024\/08\/smart-lock-h65.webp","width":1400,"height":1400,"caption":"smart lock h65"},{"@type":"BreadcrumbList","@id":"https:\/\/fonolukk.eu\/et\/tooted\/smart-lock-ttlock-h65\/#breadcrumb","itemListElement":[{"@type":"ListItem","position":1,"name":"Esileht","item":"https:\/\/fonolukk.eu\/et\/koduleht\/"},{"@type":"ListItem","position":2,"name":"Tooted","item":"https:\/\/fonolukk.eu\/et\/shop-2\/"},{"@type":"ListItem","position":3,"name":"Elektrilukud","item":"https:\/\/fonolukk.eu\/et\/product-category\/elektrilukud\/"},{"@type":"ListItem","position":4,"name":"Smart Lock TTLock H65"}]},{"@type":"WebSite","@id":"https:\/\/fonolukk.eu\/et\/#website","url":"https:\/\/fonolukk.eu\/et\/","name":"Fonolukk eu","description":"Smart Security Systems","publisher":{"@id":"https:\/\/fonolukk.eu\/et\/#organization"},"potentialAction":[{"@type":"SearchAction","target":{"@type":"EntryPoint","urlTemplate":"https:\/\/fonolukk.eu\/et\/?s={search_term_string}"},"query-input":{"@type":"PropertyValueSpecification","valueRequired":true,"valueName":"search_term_string"}}],"inLanguage":"et"},{"@type":"Organization","@id":"https:\/\/fonolukk.eu\/et\/#organization","name":"Smart Security OU","url":"https:\/\/fonolukk.eu\/et\/","logo":{"@type":"ImageObject","inLanguage":"et","@id":"https:\/\/fonolukk.eu\/et\/#\/schema\/logo\/image\/","url":"https:\/\/fonolukk.eu\/wp-content\/uploads\/2023\/09\/fonolukk.png","contentUrl":"https:\/\/fonolukk.eu\/wp-content\/uploads\/2023\/09\/fonolukk.png","width":277,"height":274,"caption":"Smart Security OU"},"image":{"@id":"https:\/\/fonolukk.eu\/et\/#\/schema\/logo\/image\/"},"sameAs":["https:\/\/www.facebook.com\/fonolukk","https:\/\/www.instagram.com\/fonolukk\/?hl=ru"],"publishingPrinciples":"https:\/\/fonolukk.eu\/terms-and-conditions\/","ownershipFundingInfo":"https:\/\/fonolukk.eu\/about-us\/"}]},"product_price_amount":"122.13","product_price_currency":"EUR","og_availability":"out of stock","product_availability":"out of stock","product_retailer_item_id":"Smart Lock H65","product_condition":"new"},"_links":{"self":[{"href":"https:\/\/fonolukk.eu\/et\/wp-json\/wp\/v2\/product\/17129","targetHints":{"allow":["GET"]}}],"collection":[{"href":"https:\/\/fonolukk.eu\/et\/wp-json\/wp\/v2\/product"}],"about":[{"href":"https:\/\/fonolukk.eu\/et\/wp-json\/wp\/v2\/types\/product"}],"version-history":[{"count":3,"href":"https:\/\/fonolukk.eu\/et\/wp-json\/wp\/v2\/product\/17129\/revisions"}],"predecessor-version":[{"id":19636,"href":"https:\/\/fonolukk.eu\/et\/wp-json\/wp\/v2\/product\/17129\/revisions\/19636"}],"wp:featuredmedia":[{"embeddable":true,"href":"https:\/\/fonolukk.eu\/et\/wp-json\/wp\/v2\/media\/17132"}],"wp:attachment":[{"href":"https:\/\/fonolukk.eu\/et\/wp-json\/wp\/v2\/media?parent=17129"}],"wp:term":[{"taxonomy":"product_brand","embeddable":true,"href":"https:\/\/fonolukk.eu\/et\/wp-json\/wp\/v2\/product_brand?post=17129"},{"taxonomy":"product_cat","embeddable":true,"href":"https:\/\/fonolukk.eu\/et\/wp-json\/wp\/v2\/product_cat?post=17129"},{"taxonomy":"product_tag","embeddable":true,"href":"https:\/\/fonolukk.eu\/et\/wp-json\/wp\/v2\/product_tag?post=17129"}],"curies":[{"name":"wp","href":"https:\/\/api.w.org\/{rel}","templated":true}]}}