{"id":17194,"date":"2024-08-12T14:23:14","date_gmt":"2024-08-12T11:23:15","guid":{"rendered":"https:\/\/fonolukk.eu\/?post_type=product&#038;p=17194"},"modified":"2025-01-09T12:19:45","modified_gmt":"2025-01-09T10:19:45","slug":"labipaasususteem","status":"publish","type":"product","link":"https:\/\/fonolukk.eu\/et\/tooted\/labipaasususteem\/","title":{"rendered":"L\u00e4bip\u00e4\u00e4sus\u00fcsteem"},"content":{"rendered":"<div class=\"bsc-item cf\">\n<div class=\"bac-item-label fl\"><strong>Mudeli nr:<\/strong>\u00a0SH7C<\/div>\n<\/div>\n<div class=\"bsc-item cf\">\n<div class=\"bac-item-label fl\"><strong>Kaardi lugemise kaugus:<\/strong>\u00a05-10 cm<\/div>\n<\/div>\n<div class=\"bsc-item cf\">\n<div class=\"bac-item-label fl\"><strong>Wiegandi liides:<\/strong>\u00a0Wg26-34, 56, 58bit<\/div>\n<\/div>\n<div class=\"bsc-item cf\">\n<div class=\"bac-item-label fl\"><strong>Kaardi t\u00fc\u00fcp:<\/strong>\u00a0IC<\/div>\n<\/div>\n<div class=\"bsc-item cf\">\n<div class=\"bac-item-label fl\"><strong>Kaal:<\/strong>\u00a0270g<\/div>\n<\/div>\n<div class=\"bsc-item cf\">\n<div class=\"bac-item-label fl\"><strong>Transpordipakett:<\/strong>\u00a0Standardkarp<\/div>\n<\/div>\n<div class=\"bsc-item cf\">\n<div class=\"bac-item-label fl\"><strong>Spetsifikatsioon:<\/strong>\u00a063*16mm<\/div>\n<\/div>\n","protected":false},"excerpt":{"rendered":"<h3>Omadused:<\/h3>\n<p>&gt; Loe 125KHz EM \/ 13.56MHz Mifare<br \/>\n&gt;Vandaalivastane \/ Veekindel<br \/>\n&gt; Sisaldab kaardilugeja re\u017eiimi. Edastusvormingut saab kasutaja ise reguleerida.<br \/>\n&gt; Toetab erinevaid juurdep\u00e4\u00e4suviise: sisestamine kaardi + koodiga v\u00f5i mitme kaardiga sisestamine<br \/>\n&gt; tugimeister lisas kaardi ja kustutas kaardi<\/p>\n","protected":false},"featured_media":17200,"template":"","meta":[],"product_brand":[],"product_cat":[1479,870,866],"product_tag":[1212],"class_list":{"0":"post-17194","1":"product","2":"type-product","3":"status-publish","4":"has-post-thumbnail","6":"product_cat-autonoomne-susteemid","7":"product_cat-kontroller","8":"product_cat-labipaasususteem","9":"product_tag-juurdepaasu-kontroll","11":"first","12":"instock","13":"taxable","14":"shipping-taxable","15":"product-type-simple"},"yoast_head":"<!-- This site is optimized with the Yoast SEO Premium plugin v27.3 (Yoast SEO v27.3) - https:\/\/yoast.com\/product\/yoast-seo-premium-wordpress\/ -->\n<title>L\u00e4bip\u00e4\u00e4sus\u00fcsteem - Fonolukk<\/title>\n<meta name=\"description\" content=\"L\u00e4bip\u00e4\u00e4sus\u00fcsteem - Contains card reader mode. The transmission format could be adjusted by user. Anti - vandal\u00a0\/ Waterproof.\" \/>\n<meta name=\"robots\" content=\"index, follow, max-snippet:-1, max-image-preview:large, max-video-preview:-1\" \/>\n<link rel=\"canonical\" href=\"https:\/\/fonolukk.eu\/et\/tooted\/labipaasususteem\/\" \/>\n<meta property=\"og:locale\" content=\"et_EE\" \/>\n<meta property=\"og:type\" content=\"article\" \/>\n<meta property=\"og:title\" content=\"L\u00e4bip\u00e4\u00e4sus\u00fcsteem\" \/>\n<meta property=\"og:description\" content=\"Omadused: &gt; Loe 125KHz EM \/ 13.56MHz Mifare &gt;Vandaalivastane \/ Veekindel &gt; Sisaldab kaardilugeja re\u017eiimi. Edastusvormingut saab kasutaja ise reguleerida. &gt; Toetab erinevaid juurdep\u00e4\u00e4suviise: sisestamine kaardi + koodiga v\u00f5i mitme kaardiga sisestamine &gt; tugimeister lisas kaardi ja kustutas kaardi\" \/>\n<meta property=\"og:url\" content=\"https:\/\/fonolukk.eu\/et\/tooted\/labipaasususteem\/\" \/>\n<meta property=\"og:site_name\" content=\"Fonolukk\" \/>\n<meta property=\"article:publisher\" content=\"https:\/\/www.facebook.com\/fonolukk\" \/>\n<meta property=\"article:modified_time\" content=\"2025-01-09T10:19:45+00:00\" \/>\n<meta property=\"og:image\" content=\"https:\/\/fonolukk.eu\/wp-content\/uploads\/2024\/08\/snimok-ekrana-2024-08-12-v-14.26.13.png\" \/>\n\t<meta property=\"og:image:width\" content=\"1214\" \/>\n\t<meta property=\"og:image:height\" content=\"1216\" \/>\n\t<meta property=\"og:image:type\" content=\"image\/png\" \/>\n<meta name=\"twitter:card\" content=\"summary_large_image\" \/>\n<meta name=\"twitter:label1\" content=\"Hind\" \/>\n\t<meta name=\"twitter:data1\" content=\"\" \/>\n\t<meta name=\"twitter:label2\" content=\"Availability\" \/>\n\t<meta name=\"twitter:data2\" content=\"Laos\" \/>\n<script type=\"application\/ld+json\" class=\"yoast-schema-graph\">{\"@context\":\"https:\\\/\\\/schema.org\",\"@graph\":[{\"@type\":\"WebPage\",\"@id\":\"https:\\\/\\\/fonolukk.eu\\\/et\\\/tooted\\\/labipaasususteem\\\/\",\"url\":\"https:\\\/\\\/fonolukk.eu\\\/et\\\/tooted\\\/labipaasususteem\\\/\",\"name\":\"L\u00e4bip\u00e4\u00e4sus\u00fcsteem - Fonolukk\",\"isPartOf\":{\"@id\":\"https:\\\/\\\/fonolukk.eu\\\/et\\\/#website\"},\"primaryImageOfPage\":{\"@id\":\"https:\\\/\\\/fonolukk.eu\\\/et\\\/tooted\\\/labipaasususteem\\\/#primaryimage\"},\"image\":{\"@id\":\"https:\\\/\\\/fonolukk.eu\\\/et\\\/tooted\\\/labipaasususteem\\\/#primaryimage\"},\"thumbnailUrl\":\"https:\\\/\\\/fonolukk.eu\\\/wp-content\\\/uploads\\\/2024\\\/08\\\/snimok-ekrana-2024-08-12-v-14.26.13.png\",\"datePublished\":\"2024-08-12T11:23:15+00:00\",\"dateModified\":\"2025-01-09T10:19:45+00:00\",\"description\":\"L\u00e4bip\u00e4\u00e4sus\u00fcsteem - Contains card reader mode. The transmission format could be adjusted by user. Anti - vandal\u00a0\\\/ Waterproof.\",\"breadcrumb\":{\"@id\":\"https:\\\/\\\/fonolukk.eu\\\/et\\\/tooted\\\/labipaasususteem\\\/#breadcrumb\"},\"inLanguage\":\"et\",\"potentialAction\":[{\"@type\":\"ReadAction\",\"target\":[\"https:\\\/\\\/fonolukk.eu\\\/et\\\/tooted\\\/labipaasususteem\\\/\"]}]},{\"@type\":\"ImageObject\",\"inLanguage\":\"et\",\"@id\":\"https:\\\/\\\/fonolukk.eu\\\/et\\\/tooted\\\/labipaasususteem\\\/#primaryimage\",\"url\":\"https:\\\/\\\/fonolukk.eu\\\/wp-content\\\/uploads\\\/2024\\\/08\\\/snimok-ekrana-2024-08-12-v-14.26.13.png\",\"contentUrl\":\"https:\\\/\\\/fonolukk.eu\\\/wp-content\\\/uploads\\\/2024\\\/08\\\/snimok-ekrana-2024-08-12-v-14.26.13.png\",\"width\":1214,\"height\":1216,\"caption\":\"Access Control sh7c\"},{\"@type\":\"BreadcrumbList\",\"@id\":\"https:\\\/\\\/fonolukk.eu\\\/et\\\/tooted\\\/labipaasususteem\\\/#breadcrumb\",\"itemListElement\":[{\"@type\":\"ListItem\",\"position\":1,\"name\":\"Esileht\",\"item\":\"https:\\\/\\\/fonolukk.eu\\\/et\\\/koduleht\\\/\"},{\"@type\":\"ListItem\",\"position\":2,\"name\":\"Tooted\",\"item\":\"https:\\\/\\\/fonolukk.eu\\\/et\\\/shop-2\\\/\"},{\"@type\":\"ListItem\",\"position\":3,\"name\":\"L\u00e4bip\u00e4\u00e4sus\u00fcsteem\",\"item\":\"https:\\\/\\\/fonolukk.eu\\\/et\\\/product-category\\\/labipaasususteem\\\/\"},{\"@type\":\"ListItem\",\"position\":4,\"name\":\"Kontroller\",\"item\":\"https:\\\/\\\/fonolukk.eu\\\/et\\\/product-category\\\/labipaasususteem\\\/kontroller\\\/\"},{\"@type\":\"ListItem\",\"position\":5,\"name\":\"L\u00e4bip\u00e4\u00e4sus\u00fcsteem\"}]},{\"@type\":\"WebSite\",\"@id\":\"https:\\\/\\\/fonolukk.eu\\\/et\\\/#website\",\"url\":\"https:\\\/\\\/fonolukk.eu\\\/et\\\/\",\"name\":\"Fonolukk eu\",\"description\":\"Smart Security Systems\",\"publisher\":{\"@id\":\"https:\\\/\\\/fonolukk.eu\\\/et\\\/#organization\"},\"potentialAction\":[{\"@type\":\"SearchAction\",\"target\":{\"@type\":\"EntryPoint\",\"urlTemplate\":\"https:\\\/\\\/fonolukk.eu\\\/et\\\/?s={search_term_string}\"},\"query-input\":{\"@type\":\"PropertyValueSpecification\",\"valueRequired\":true,\"valueName\":\"search_term_string\"}}],\"inLanguage\":\"et\"},{\"@type\":\"Organization\",\"@id\":\"https:\\\/\\\/fonolukk.eu\\\/et\\\/#organization\",\"name\":\"Smart Security OU\",\"url\":\"https:\\\/\\\/fonolukk.eu\\\/et\\\/\",\"logo\":{\"@type\":\"ImageObject\",\"inLanguage\":\"et\",\"@id\":\"https:\\\/\\\/fonolukk.eu\\\/et\\\/#\\\/schema\\\/logo\\\/image\\\/\",\"url\":\"https:\\\/\\\/fonolukk.eu\\\/wp-content\\\/uploads\\\/2023\\\/09\\\/fonolukk.png\",\"contentUrl\":\"https:\\\/\\\/fonolukk.eu\\\/wp-content\\\/uploads\\\/2023\\\/09\\\/fonolukk.png\",\"width\":277,\"height\":274,\"caption\":\"Smart Security OU\"},\"image\":{\"@id\":\"https:\\\/\\\/fonolukk.eu\\\/et\\\/#\\\/schema\\\/logo\\\/image\\\/\"},\"sameAs\":[\"https:\\\/\\\/www.facebook.com\\\/fonolukk\",\"https:\\\/\\\/www.instagram.com\\\/fonolukk\\\/?hl=ru\"],\"publishingPrinciples\":\"https:\\\/\\\/fonolukk.eu\\\/terms-and-conditions\\\/\",\"ownershipFundingInfo\":\"https:\\\/\\\/fonolukk.eu\\\/about-us\\\/\"}]}<\/script>\n<meta property=\"product:price:amount\" content=\"0.00\" \/>\n<meta property=\"product:price:currency\" content=\"EUR\" \/>\n<meta property=\"og:availability\" content=\"instock\" \/>\n<meta property=\"product:availability\" content=\"instock\" \/>\n<meta property=\"product:retailer_item_id\" content=\"SH7C\" \/>\n<meta property=\"product:condition\" content=\"new\" \/>\n<!-- \/ Yoast SEO Premium plugin. -->","yoast_head_json":{"title":"L\u00e4bip\u00e4\u00e4sus\u00fcsteem - Fonolukk","description":"L\u00e4bip\u00e4\u00e4sus\u00fcsteem - Contains card reader mode. The transmission format could be adjusted by user. Anti - vandal\u00a0\/ Waterproof.","robots":{"index":"index","follow":"follow","max-snippet":"max-snippet:-1","max-image-preview":"max-image-preview:large","max-video-preview":"max-video-preview:-1"},"canonical":"https:\/\/fonolukk.eu\/et\/tooted\/labipaasususteem\/","og_locale":"et_EE","og_type":"article","og_title":"L\u00e4bip\u00e4\u00e4sus\u00fcsteem","og_description":"Omadused: &gt; Loe 125KHz EM \/ 13.56MHz Mifare &gt;Vandaalivastane \/ Veekindel &gt; Sisaldab kaardilugeja re\u017eiimi. Edastusvormingut saab kasutaja ise reguleerida. &gt; Toetab erinevaid juurdep\u00e4\u00e4suviise: sisestamine kaardi + koodiga v\u00f5i mitme kaardiga sisestamine &gt; tugimeister lisas kaardi ja kustutas kaardi","og_url":"https:\/\/fonolukk.eu\/et\/tooted\/labipaasususteem\/","og_site_name":"Fonolukk","article_publisher":"https:\/\/www.facebook.com\/fonolukk","article_modified_time":"2025-01-09T10:19:45+00:00","og_image":[{"width":1214,"height":1216,"url":"https:\/\/fonolukk.eu\/wp-content\/uploads\/2024\/08\/snimok-ekrana-2024-08-12-v-14.26.13.png","type":"image\/png"}],"twitter_card":"summary_large_image","twitter_misc":{"Hind":"","Availability":"Laos"},"schema":{"@context":"https:\/\/schema.org","@graph":[{"@type":"WebPage","@id":"https:\/\/fonolukk.eu\/et\/tooted\/labipaasususteem\/","url":"https:\/\/fonolukk.eu\/et\/tooted\/labipaasususteem\/","name":"L\u00e4bip\u00e4\u00e4sus\u00fcsteem - Fonolukk","isPartOf":{"@id":"https:\/\/fonolukk.eu\/et\/#website"},"primaryImageOfPage":{"@id":"https:\/\/fonolukk.eu\/et\/tooted\/labipaasususteem\/#primaryimage"},"image":{"@id":"https:\/\/fonolukk.eu\/et\/tooted\/labipaasususteem\/#primaryimage"},"thumbnailUrl":"https:\/\/fonolukk.eu\/wp-content\/uploads\/2024\/08\/snimok-ekrana-2024-08-12-v-14.26.13.png","datePublished":"2024-08-12T11:23:15+00:00","dateModified":"2025-01-09T10:19:45+00:00","description":"L\u00e4bip\u00e4\u00e4sus\u00fcsteem - Contains card reader mode. The transmission format could be adjusted by user. Anti - vandal\u00a0\/ Waterproof.","breadcrumb":{"@id":"https:\/\/fonolukk.eu\/et\/tooted\/labipaasususteem\/#breadcrumb"},"inLanguage":"et","potentialAction":[{"@type":"ReadAction","target":["https:\/\/fonolukk.eu\/et\/tooted\/labipaasususteem\/"]}]},{"@type":"ImageObject","inLanguage":"et","@id":"https:\/\/fonolukk.eu\/et\/tooted\/labipaasususteem\/#primaryimage","url":"https:\/\/fonolukk.eu\/wp-content\/uploads\/2024\/08\/snimok-ekrana-2024-08-12-v-14.26.13.png","contentUrl":"https:\/\/fonolukk.eu\/wp-content\/uploads\/2024\/08\/snimok-ekrana-2024-08-12-v-14.26.13.png","width":1214,"height":1216,"caption":"Access Control sh7c"},{"@type":"BreadcrumbList","@id":"https:\/\/fonolukk.eu\/et\/tooted\/labipaasususteem\/#breadcrumb","itemListElement":[{"@type":"ListItem","position":1,"name":"Esileht","item":"https:\/\/fonolukk.eu\/et\/koduleht\/"},{"@type":"ListItem","position":2,"name":"Tooted","item":"https:\/\/fonolukk.eu\/et\/shop-2\/"},{"@type":"ListItem","position":3,"name":"L\u00e4bip\u00e4\u00e4sus\u00fcsteem","item":"https:\/\/fonolukk.eu\/et\/product-category\/labipaasususteem\/"},{"@type":"ListItem","position":4,"name":"Kontroller","item":"https:\/\/fonolukk.eu\/et\/product-category\/labipaasususteem\/kontroller\/"},{"@type":"ListItem","position":5,"name":"L\u00e4bip\u00e4\u00e4sus\u00fcsteem"}]},{"@type":"WebSite","@id":"https:\/\/fonolukk.eu\/et\/#website","url":"https:\/\/fonolukk.eu\/et\/","name":"Fonolukk eu","description":"Smart Security Systems","publisher":{"@id":"https:\/\/fonolukk.eu\/et\/#organization"},"potentialAction":[{"@type":"SearchAction","target":{"@type":"EntryPoint","urlTemplate":"https:\/\/fonolukk.eu\/et\/?s={search_term_string}"},"query-input":{"@type":"PropertyValueSpecification","valueRequired":true,"valueName":"search_term_string"}}],"inLanguage":"et"},{"@type":"Organization","@id":"https:\/\/fonolukk.eu\/et\/#organization","name":"Smart Security OU","url":"https:\/\/fonolukk.eu\/et\/","logo":{"@type":"ImageObject","inLanguage":"et","@id":"https:\/\/fonolukk.eu\/et\/#\/schema\/logo\/image\/","url":"https:\/\/fonolukk.eu\/wp-content\/uploads\/2023\/09\/fonolukk.png","contentUrl":"https:\/\/fonolukk.eu\/wp-content\/uploads\/2023\/09\/fonolukk.png","width":277,"height":274,"caption":"Smart Security OU"},"image":{"@id":"https:\/\/fonolukk.eu\/et\/#\/schema\/logo\/image\/"},"sameAs":["https:\/\/www.facebook.com\/fonolukk","https:\/\/www.instagram.com\/fonolukk\/?hl=ru"],"publishingPrinciples":"https:\/\/fonolukk.eu\/terms-and-conditions\/","ownershipFundingInfo":"https:\/\/fonolukk.eu\/about-us\/"}]},"product_price_amount":"0.00","product_price_currency":"EUR","og_availability":"instock","product_availability":"instock","product_retailer_item_id":"SH7C","product_condition":"new"},"_links":{"self":[{"href":"https:\/\/fonolukk.eu\/et\/wp-json\/wp\/v2\/product\/17194","targetHints":{"allow":["GET"]}}],"collection":[{"href":"https:\/\/fonolukk.eu\/et\/wp-json\/wp\/v2\/product"}],"about":[{"href":"https:\/\/fonolukk.eu\/et\/wp-json\/wp\/v2\/types\/product"}],"version-history":[{"count":1,"href":"https:\/\/fonolukk.eu\/et\/wp-json\/wp\/v2\/product\/17194\/revisions"}],"predecessor-version":[{"id":19526,"href":"https:\/\/fonolukk.eu\/et\/wp-json\/wp\/v2\/product\/17194\/revisions\/19526"}],"wp:featuredmedia":[{"embeddable":true,"href":"https:\/\/fonolukk.eu\/et\/wp-json\/wp\/v2\/media\/17200"}],"wp:attachment":[{"href":"https:\/\/fonolukk.eu\/et\/wp-json\/wp\/v2\/media?parent=17194"}],"wp:term":[{"taxonomy":"product_brand","embeddable":true,"href":"https:\/\/fonolukk.eu\/et\/wp-json\/wp\/v2\/product_brand?post=17194"},{"taxonomy":"product_cat","embeddable":true,"href":"https:\/\/fonolukk.eu\/et\/wp-json\/wp\/v2\/product_cat?post=17194"},{"taxonomy":"product_tag","embeddable":true,"href":"https:\/\/fonolukk.eu\/et\/wp-json\/wp\/v2\/product_tag?post=17194"}],"curies":[{"name":"wp","href":"https:\/\/api.w.org\/{rel}","templated":true}]}}