{"id":17206,"date":"2024-08-12T15:16:52","date_gmt":"2024-08-12T12:16:52","guid":{"rendered":"https:\/\/fonolukk.eu\/?post_type=product&#038;p=17206"},"modified":"2025-01-09T12:20:33","modified_gmt":"2025-01-09T10:20:33","slug":"rfid-lugeja-sr7c","status":"publish","type":"product","link":"https:\/\/fonolukk.eu\/et\/tooted\/rfid-lugeja-sr7c\/","title":{"rendered":"RFID Lugeja SR7C"},"content":{"rendered":"<div class=\"bsc-item cf\">\n<div class=\"bac-item-label fl\"><strong>Mudeli nr:<\/strong>\u00a0SR7D<\/div>\n<\/div>\n<div class=\"bsc-item cf\">\n<div class=\"bac-item-label fl\"><strong>T\u00f6\u00f6pinge:<\/strong>\u00a0USB 5V DC \/ Max.80mA<\/div>\n<\/div>\n<div class=\"bsc-item cf\">\n<div class=\"bac-item-label fl\"><strong>Piiksuja:<\/strong>\u00a0Jah<\/div>\n<\/div>\n<div class=\"bsc-item cf\">\n<div class=\"bac-item-label fl\"><strong>LED-indikaator:<\/strong>\u00a02 v\u00e4rvilist LED-indikaatorit (punane ja roheline)<\/div>\n<\/div>\n<div class=\"bsc-item cf\">\n<div class=\"bac-item-label fl\"><strong>Materjal:<\/strong>\u00a0ABS+PC tekstuuriga 12V DC 3A<\/div>\n<\/div>\n<div class=\"bsc-item cf\">\n<div class=\"bac-item-label fl\"><strong>Liidese t\u00fc\u00fcp:<\/strong>\u00a0USB<\/div>\n<\/div>\n<div class=\"bsc-item cf\">\n<div class=\"bac-item-label fl\"><strong>Transpordipakett:<\/strong>\u00a0standardne pappkarp<\/div>\n<\/div>\n<div class=\"bsc-item cf\">\n<div class=\"bac-item-label fl\"><strong>Spetsifikatsioon:<\/strong> PVC<\/div>\n<\/div>\n","protected":false},"excerpt":{"rendered":"<p>125K EM ID-kaardi v\u00e4ljastaja! Sellel USB-toitel seadmel on kasutajas\u00f5bralik tarkvara. See on loodud RFID-kaartide t\u00f5husaks v\u00e4ljastamiseks. Oma lihtsa t\u00f6\u00f6 ja suure \u00fchilduvusega sobib see erinevate rakenduste jaoks. N\u00e4iteks saab seda kasutada kontorite l\u00e4bip\u00e4\u00e4sus\u00fcsteemides v\u00f5i koolides \u00f5pilaste tuvastamiseks. See tagab turvalise ja t\u00e4pse kaardi v\u00e4ljastamise iga kord. Hankige see kohe sujuvaks kaardihalduseks!<\/p>\n","protected":false},"featured_media":17212,"template":"","meta":[],"product_brand":[],"product_cat":[1533,867,866],"product_tag":[1208],"class_list":{"0":"post-17206","1":"product","2":"type-product","3":"status-publish","4":"has-post-thumbnail","6":"product_cat-laua-lugeja","7":"product_cat-lugeja","8":"product_cat-labipaasususteem","9":"product_tag-lugeja","11":"first","12":"instock","13":"taxable","14":"shipping-taxable","15":"product-type-simple"},"yoast_head":"<!-- This site is optimized with the Yoast SEO Premium plugin v27.3 (Yoast SEO v27.3) - https:\/\/yoast.com\/product\/yoast-seo-premium-wordpress\/ -->\n<title>RFID Lugeja SR7C - Fonolukk<\/title>\n<meta name=\"description\" content=\"RFID Lugeja SR7C - Contains card reader mode. The transmission format could be adjusted by user. Anti - vandal\u00a0\/ Waterproof.\" \/>\n<meta name=\"robots\" content=\"index, follow, max-snippet:-1, max-image-preview:large, max-video-preview:-1\" \/>\n<link rel=\"canonical\" href=\"https:\/\/fonolukk.eu\/et\/tooted\/rfid-lugeja-sr7c\/\" \/>\n<meta property=\"og:locale\" content=\"et_EE\" \/>\n<meta property=\"og:type\" content=\"article\" \/>\n<meta property=\"og:title\" content=\"RFID Lugeja SR7C\" \/>\n<meta property=\"og:description\" content=\"125K EM ID-kaardi v\u00e4ljastaja! Sellel USB-toitel seadmel on kasutajas\u00f5bralik tarkvara. See on loodud RFID-kaartide t\u00f5husaks v\u00e4ljastamiseks. Oma lihtsa t\u00f6\u00f6 ja suure \u00fchilduvusega sobib see erinevate rakenduste jaoks. N\u00e4iteks saab seda kasutada kontorite l\u00e4bip\u00e4\u00e4sus\u00fcsteemides v\u00f5i koolides \u00f5pilaste tuvastamiseks. See tagab turvalise ja t\u00e4pse kaardi v\u00e4ljastamise iga kord. Hankige see kohe sujuvaks kaardihalduseks!\" \/>\n<meta property=\"og:url\" content=\"https:\/\/fonolukk.eu\/et\/tooted\/rfid-lugeja-sr7c\/\" \/>\n<meta property=\"og:site_name\" content=\"Fonolukk\" \/>\n<meta property=\"article:publisher\" content=\"https:\/\/www.facebook.com\/fonolukk\" \/>\n<meta property=\"article:modified_time\" content=\"2025-01-09T10:20:33+00:00\" \/>\n<meta property=\"og:image\" content=\"https:\/\/fonolukk.eu\/wp-content\/uploads\/2024\/08\/snimok-ekrana-2024-08-12-v-15.22.53.png\" \/>\n\t<meta property=\"og:image:width\" content=\"904\" \/>\n\t<meta property=\"og:image:height\" content=\"906\" \/>\n\t<meta property=\"og:image:type\" content=\"image\/png\" \/>\n<meta name=\"twitter:card\" content=\"summary_large_image\" \/>\n<meta name=\"twitter:label1\" content=\"Hind\" \/>\n\t<meta name=\"twitter:data1\" content=\"\" \/>\n\t<meta name=\"twitter:label2\" content=\"Availability\" \/>\n\t<meta name=\"twitter:data2\" content=\"Laos\" \/>\n<script type=\"application\/ld+json\" class=\"yoast-schema-graph\">{\"@context\":\"https:\\\/\\\/schema.org\",\"@graph\":[{\"@type\":\"WebPage\",\"@id\":\"https:\\\/\\\/fonolukk.eu\\\/et\\\/tooted\\\/rfid-lugeja-sr7c\\\/\",\"url\":\"https:\\\/\\\/fonolukk.eu\\\/et\\\/tooted\\\/rfid-lugeja-sr7c\\\/\",\"name\":\"RFID Lugeja SR7C - Fonolukk\",\"isPartOf\":{\"@id\":\"https:\\\/\\\/fonolukk.eu\\\/et\\\/#website\"},\"primaryImageOfPage\":{\"@id\":\"https:\\\/\\\/fonolukk.eu\\\/et\\\/tooted\\\/rfid-lugeja-sr7c\\\/#primaryimage\"},\"image\":{\"@id\":\"https:\\\/\\\/fonolukk.eu\\\/et\\\/tooted\\\/rfid-lugeja-sr7c\\\/#primaryimage\"},\"thumbnailUrl\":\"https:\\\/\\\/fonolukk.eu\\\/wp-content\\\/uploads\\\/2024\\\/08\\\/snimok-ekrana-2024-08-12-v-15.22.53.png\",\"datePublished\":\"2024-08-12T12:16:52+00:00\",\"dateModified\":\"2025-01-09T10:20:33+00:00\",\"description\":\"RFID Lugeja SR7C - Contains card reader mode. The transmission format could be adjusted by user. Anti - vandal\u00a0\\\/ Waterproof.\",\"breadcrumb\":{\"@id\":\"https:\\\/\\\/fonolukk.eu\\\/et\\\/tooted\\\/rfid-lugeja-sr7c\\\/#breadcrumb\"},\"inLanguage\":\"et\",\"potentialAction\":[{\"@type\":\"ReadAction\",\"target\":[\"https:\\\/\\\/fonolukk.eu\\\/et\\\/tooted\\\/rfid-lugeja-sr7c\\\/\"]}]},{\"@type\":\"ImageObject\",\"inLanguage\":\"et\",\"@id\":\"https:\\\/\\\/fonolukk.eu\\\/et\\\/tooted\\\/rfid-lugeja-sr7c\\\/#primaryimage\",\"url\":\"https:\\\/\\\/fonolukk.eu\\\/wp-content\\\/uploads\\\/2024\\\/08\\\/snimok-ekrana-2024-08-12-v-15.22.53.png\",\"contentUrl\":\"https:\\\/\\\/fonolukk.eu\\\/wp-content\\\/uploads\\\/2024\\\/08\\\/snimok-ekrana-2024-08-12-v-15.22.53.png\",\"width\":904,\"height\":906,\"caption\":\"RFID Reader SR7C\"},{\"@type\":\"BreadcrumbList\",\"@id\":\"https:\\\/\\\/fonolukk.eu\\\/et\\\/tooted\\\/rfid-lugeja-sr7c\\\/#breadcrumb\",\"itemListElement\":[{\"@type\":\"ListItem\",\"position\":1,\"name\":\"Esileht\",\"item\":\"https:\\\/\\\/fonolukk.eu\\\/et\\\/koduleht\\\/\"},{\"@type\":\"ListItem\",\"position\":2,\"name\":\"Tooted\",\"item\":\"https:\\\/\\\/fonolukk.eu\\\/et\\\/shop-2\\\/\"},{\"@type\":\"ListItem\",\"position\":3,\"name\":\"L\u00e4bip\u00e4\u00e4sus\u00fcsteem\",\"item\":\"https:\\\/\\\/fonolukk.eu\\\/et\\\/product-category\\\/labipaasususteem\\\/\"},{\"@type\":\"ListItem\",\"position\":4,\"name\":\"Lugeja\",\"item\":\"https:\\\/\\\/fonolukk.eu\\\/et\\\/product-category\\\/labipaasususteem\\\/lugeja\\\/\"},{\"@type\":\"ListItem\",\"position\":5,\"name\":\"Laua lugeja\",\"item\":\"https:\\\/\\\/fonolukk.eu\\\/et\\\/product-category\\\/labipaasususteem\\\/lugeja\\\/laua-lugeja\\\/\"},{\"@type\":\"ListItem\",\"position\":6,\"name\":\"RFID Lugeja SR7C\"}]},{\"@type\":\"WebSite\",\"@id\":\"https:\\\/\\\/fonolukk.eu\\\/et\\\/#website\",\"url\":\"https:\\\/\\\/fonolukk.eu\\\/et\\\/\",\"name\":\"Fonolukk eu\",\"description\":\"Smart Security Systems\",\"publisher\":{\"@id\":\"https:\\\/\\\/fonolukk.eu\\\/et\\\/#organization\"},\"potentialAction\":[{\"@type\":\"SearchAction\",\"target\":{\"@type\":\"EntryPoint\",\"urlTemplate\":\"https:\\\/\\\/fonolukk.eu\\\/et\\\/?s={search_term_string}\"},\"query-input\":{\"@type\":\"PropertyValueSpecification\",\"valueRequired\":true,\"valueName\":\"search_term_string\"}}],\"inLanguage\":\"et\"},{\"@type\":\"Organization\",\"@id\":\"https:\\\/\\\/fonolukk.eu\\\/et\\\/#organization\",\"name\":\"Smart Security OU\",\"url\":\"https:\\\/\\\/fonolukk.eu\\\/et\\\/\",\"logo\":{\"@type\":\"ImageObject\",\"inLanguage\":\"et\",\"@id\":\"https:\\\/\\\/fonolukk.eu\\\/et\\\/#\\\/schema\\\/logo\\\/image\\\/\",\"url\":\"https:\\\/\\\/fonolukk.eu\\\/wp-content\\\/uploads\\\/2023\\\/09\\\/fonolukk.png\",\"contentUrl\":\"https:\\\/\\\/fonolukk.eu\\\/wp-content\\\/uploads\\\/2023\\\/09\\\/fonolukk.png\",\"width\":277,\"height\":274,\"caption\":\"Smart Security OU\"},\"image\":{\"@id\":\"https:\\\/\\\/fonolukk.eu\\\/et\\\/#\\\/schema\\\/logo\\\/image\\\/\"},\"sameAs\":[\"https:\\\/\\\/www.facebook.com\\\/fonolukk\",\"https:\\\/\\\/www.instagram.com\\\/fonolukk\\\/?hl=ru\"],\"publishingPrinciples\":\"https:\\\/\\\/fonolukk.eu\\\/terms-and-conditions\\\/\",\"ownershipFundingInfo\":\"https:\\\/\\\/fonolukk.eu\\\/about-us\\\/\"}]}<\/script>\n<meta property=\"product:price:amount\" content=\"0.00\" \/>\n<meta property=\"product:price:currency\" content=\"EUR\" \/>\n<meta property=\"og:availability\" content=\"instock\" \/>\n<meta property=\"product:availability\" content=\"instock\" \/>\n<meta property=\"product:retailer_item_id\" content=\"SR7C\" \/>\n<meta property=\"product:condition\" content=\"new\" \/>\n<!-- \/ Yoast SEO Premium plugin. -->","yoast_head_json":{"title":"RFID Lugeja SR7C - Fonolukk","description":"RFID Lugeja SR7C - Contains card reader mode. The transmission format could be adjusted by user. Anti - vandal\u00a0\/ Waterproof.","robots":{"index":"index","follow":"follow","max-snippet":"max-snippet:-1","max-image-preview":"max-image-preview:large","max-video-preview":"max-video-preview:-1"},"canonical":"https:\/\/fonolukk.eu\/et\/tooted\/rfid-lugeja-sr7c\/","og_locale":"et_EE","og_type":"article","og_title":"RFID Lugeja SR7C","og_description":"125K EM ID-kaardi v\u00e4ljastaja! Sellel USB-toitel seadmel on kasutajas\u00f5bralik tarkvara. See on loodud RFID-kaartide t\u00f5husaks v\u00e4ljastamiseks. Oma lihtsa t\u00f6\u00f6 ja suure \u00fchilduvusega sobib see erinevate rakenduste jaoks. N\u00e4iteks saab seda kasutada kontorite l\u00e4bip\u00e4\u00e4sus\u00fcsteemides v\u00f5i koolides \u00f5pilaste tuvastamiseks. See tagab turvalise ja t\u00e4pse kaardi v\u00e4ljastamise iga kord. Hankige see kohe sujuvaks kaardihalduseks!","og_url":"https:\/\/fonolukk.eu\/et\/tooted\/rfid-lugeja-sr7c\/","og_site_name":"Fonolukk","article_publisher":"https:\/\/www.facebook.com\/fonolukk","article_modified_time":"2025-01-09T10:20:33+00:00","og_image":[{"width":904,"height":906,"url":"https:\/\/fonolukk.eu\/wp-content\/uploads\/2024\/08\/snimok-ekrana-2024-08-12-v-15.22.53.png","type":"image\/png"}],"twitter_card":"summary_large_image","twitter_misc":{"Hind":"","Availability":"Laos"},"schema":{"@context":"https:\/\/schema.org","@graph":[{"@type":"WebPage","@id":"https:\/\/fonolukk.eu\/et\/tooted\/rfid-lugeja-sr7c\/","url":"https:\/\/fonolukk.eu\/et\/tooted\/rfid-lugeja-sr7c\/","name":"RFID Lugeja SR7C - Fonolukk","isPartOf":{"@id":"https:\/\/fonolukk.eu\/et\/#website"},"primaryImageOfPage":{"@id":"https:\/\/fonolukk.eu\/et\/tooted\/rfid-lugeja-sr7c\/#primaryimage"},"image":{"@id":"https:\/\/fonolukk.eu\/et\/tooted\/rfid-lugeja-sr7c\/#primaryimage"},"thumbnailUrl":"https:\/\/fonolukk.eu\/wp-content\/uploads\/2024\/08\/snimok-ekrana-2024-08-12-v-15.22.53.png","datePublished":"2024-08-12T12:16:52+00:00","dateModified":"2025-01-09T10:20:33+00:00","description":"RFID Lugeja SR7C - Contains card reader mode. The transmission format could be adjusted by user. Anti - vandal\u00a0\/ Waterproof.","breadcrumb":{"@id":"https:\/\/fonolukk.eu\/et\/tooted\/rfid-lugeja-sr7c\/#breadcrumb"},"inLanguage":"et","potentialAction":[{"@type":"ReadAction","target":["https:\/\/fonolukk.eu\/et\/tooted\/rfid-lugeja-sr7c\/"]}]},{"@type":"ImageObject","inLanguage":"et","@id":"https:\/\/fonolukk.eu\/et\/tooted\/rfid-lugeja-sr7c\/#primaryimage","url":"https:\/\/fonolukk.eu\/wp-content\/uploads\/2024\/08\/snimok-ekrana-2024-08-12-v-15.22.53.png","contentUrl":"https:\/\/fonolukk.eu\/wp-content\/uploads\/2024\/08\/snimok-ekrana-2024-08-12-v-15.22.53.png","width":904,"height":906,"caption":"RFID Reader SR7C"},{"@type":"BreadcrumbList","@id":"https:\/\/fonolukk.eu\/et\/tooted\/rfid-lugeja-sr7c\/#breadcrumb","itemListElement":[{"@type":"ListItem","position":1,"name":"Esileht","item":"https:\/\/fonolukk.eu\/et\/koduleht\/"},{"@type":"ListItem","position":2,"name":"Tooted","item":"https:\/\/fonolukk.eu\/et\/shop-2\/"},{"@type":"ListItem","position":3,"name":"L\u00e4bip\u00e4\u00e4sus\u00fcsteem","item":"https:\/\/fonolukk.eu\/et\/product-category\/labipaasususteem\/"},{"@type":"ListItem","position":4,"name":"Lugeja","item":"https:\/\/fonolukk.eu\/et\/product-category\/labipaasususteem\/lugeja\/"},{"@type":"ListItem","position":5,"name":"Laua lugeja","item":"https:\/\/fonolukk.eu\/et\/product-category\/labipaasususteem\/lugeja\/laua-lugeja\/"},{"@type":"ListItem","position":6,"name":"RFID Lugeja SR7C"}]},{"@type":"WebSite","@id":"https:\/\/fonolukk.eu\/et\/#website","url":"https:\/\/fonolukk.eu\/et\/","name":"Fonolukk eu","description":"Smart Security Systems","publisher":{"@id":"https:\/\/fonolukk.eu\/et\/#organization"},"potentialAction":[{"@type":"SearchAction","target":{"@type":"EntryPoint","urlTemplate":"https:\/\/fonolukk.eu\/et\/?s={search_term_string}"},"query-input":{"@type":"PropertyValueSpecification","valueRequired":true,"valueName":"search_term_string"}}],"inLanguage":"et"},{"@type":"Organization","@id":"https:\/\/fonolukk.eu\/et\/#organization","name":"Smart Security OU","url":"https:\/\/fonolukk.eu\/et\/","logo":{"@type":"ImageObject","inLanguage":"et","@id":"https:\/\/fonolukk.eu\/et\/#\/schema\/logo\/image\/","url":"https:\/\/fonolukk.eu\/wp-content\/uploads\/2023\/09\/fonolukk.png","contentUrl":"https:\/\/fonolukk.eu\/wp-content\/uploads\/2023\/09\/fonolukk.png","width":277,"height":274,"caption":"Smart Security OU"},"image":{"@id":"https:\/\/fonolukk.eu\/et\/#\/schema\/logo\/image\/"},"sameAs":["https:\/\/www.facebook.com\/fonolukk","https:\/\/www.instagram.com\/fonolukk\/?hl=ru"],"publishingPrinciples":"https:\/\/fonolukk.eu\/terms-and-conditions\/","ownershipFundingInfo":"https:\/\/fonolukk.eu\/about-us\/"}]},"product_price_amount":"0.00","product_price_currency":"EUR","og_availability":"instock","product_availability":"instock","product_retailer_item_id":"SR7C","product_condition":"new"},"_links":{"self":[{"href":"https:\/\/fonolukk.eu\/et\/wp-json\/wp\/v2\/product\/17206","targetHints":{"allow":["GET"]}}],"collection":[{"href":"https:\/\/fonolukk.eu\/et\/wp-json\/wp\/v2\/product"}],"about":[{"href":"https:\/\/fonolukk.eu\/et\/wp-json\/wp\/v2\/types\/product"}],"version-history":[{"count":1,"href":"https:\/\/fonolukk.eu\/et\/wp-json\/wp\/v2\/product\/17206\/revisions"}],"predecessor-version":[{"id":19528,"href":"https:\/\/fonolukk.eu\/et\/wp-json\/wp\/v2\/product\/17206\/revisions\/19528"}],"wp:featuredmedia":[{"embeddable":true,"href":"https:\/\/fonolukk.eu\/et\/wp-json\/wp\/v2\/media\/17212"}],"wp:attachment":[{"href":"https:\/\/fonolukk.eu\/et\/wp-json\/wp\/v2\/media?parent=17206"}],"wp:term":[{"taxonomy":"product_brand","embeddable":true,"href":"https:\/\/fonolukk.eu\/et\/wp-json\/wp\/v2\/product_brand?post=17206"},{"taxonomy":"product_cat","embeddable":true,"href":"https:\/\/fonolukk.eu\/et\/wp-json\/wp\/v2\/product_cat?post=17206"},{"taxonomy":"product_tag","embeddable":true,"href":"https:\/\/fonolukk.eu\/et\/wp-json\/wp\/v2\/product_tag?post=17206"}],"curies":[{"name":"wp","href":"https:\/\/api.w.org\/{rel}","templated":true}]}}