{"id":17238,"date":"2024-08-14T08:13:58","date_gmt":"2024-08-14T05:13:58","guid":{"rendered":"https:\/\/fonolukk.eu\/?post_type=product&#038;p=17238"},"modified":"2025-04-22T14:52:19","modified_gmt":"2025-04-22T11:52:19","slug":"umara-kujuga-minikaardilugeja-em-125khz-ga","status":"publish","type":"product","link":"https:\/\/fonolukk.eu\/et\/tooted\/umara-kujuga-minikaardilugeja-em-125khz-ga\/","title":{"rendered":"\u00dcmara kujuga Minikaardilugeja Em 125khz-ga \u0421P-Z 2L"},"content":{"rendered":"<p>Tehnilised andmed:<\/p>\n<div>\n<div class=\"rich-text-table\">\n<table>\n<tbody>\n<tr>\n<td>V\u00e4ljundliides<\/td>\n<td>Standardne wiegand26, valikuline wiegand34<\/td>\n<\/tr>\n<tr>\n<td>T\u00f6\u00f6sagedus<\/td>\n<td>125KHz<\/td>\n<\/tr>\n<tr>\n<td>Lugeja kaart<\/td>\n<td>EM kaart<\/td>\n<\/tr>\n<tr>\n<td>Edastuskaugus<\/td>\n<td>WG\u2264100M<\/td>\n<\/tr>\n<tr>\n<td>L\u00e4heduse vahemik<\/td>\n<td>1-3 cm<\/td>\n<\/tr>\n<tr>\n<td>Toiteallikas<\/td>\n<td>DC8 ~ 16V<\/td>\n<\/tr>\n<tr>\n<td>Staatiline toiteallikas<\/td>\n<td>50-70 mA<\/td>\n<\/tr>\n<tr>\n<td>Temperatuur<\/td>\n<td>-25 \u00b0 C kuni 75 \u00b0 C<\/td>\n<\/tr>\n<tr>\n<td>Suhteline \u00f5huniiskus<\/td>\n<td>10\u201390%<\/td>\n<\/tr>\n<tr>\n<td>Tuvastamiskiirus<\/td>\n<td>&lt;=0,2 s<\/td>\n<\/tr>\n<tr>\n<td>Sumiseja<\/td>\n<td>Sisseehitatud valjuh\u00e4\u00e4ldi<\/td>\n<\/tr>\n<tr>\n<td>LED<\/td>\n<td>Ei<\/td>\n<\/tr>\n<tr>\n<td>V\u00e4rv<\/td>\n<td>Valge<\/td>\n<\/tr>\n<tr>\n<td>Materjal<\/td>\n<td>Plastikust<\/td>\n<\/tr>\n<tr>\n<td>M\u00f5\u00f5tmed<\/td>\n<td>26*22 (mm)<\/td>\n<\/tr>\n<\/tbody>\n<\/table>\n<\/div>\n<\/div>\n","protected":false},"excerpt":{"rendered":"<p><strong>RFID-keskmise ulatuse lugeja kirjeldus:<\/strong><br \/>\nRFID-kaardilugeja on standardne Wiegand26-bitine v\u00e4ljundvorming<br \/>\nja kontaktivaba suure j\u00f5udlusega lugeja. Seda kasutatakse peamiselt kontrolleri t\u00e4iendava lugemisseadmena,<br \/>\nmillel on wiegandi liides. See on peen v\u00e4limuse, mugava paigalduse ja stabiilsete omadustega<\/p>\n","protected":false},"featured_media":17250,"template":"","meta":[],"product_brand":[],"product_cat":[1342,867,866],"product_tag":[1208],"class_list":{"0":"post-17238","1":"product","2":"type-product","3":"status-publish","4":"has-post-thumbnail","6":"product_cat-marine-lugeja","7":"product_cat-lugeja","8":"product_cat-labipaasususteem","9":"product_tag-lugeja","11":"first","12":"instock","13":"taxable","14":"shipping-taxable","15":"purchasable","16":"product-type-simple"},"yoast_head":"<!-- This site is optimized with the Yoast SEO Premium plugin v27.3 (Yoast SEO v27.3) - https:\/\/yoast.com\/product\/yoast-seo-premium-wordpress\/ -->\n<title>\u00dcmara kujuga Minikaardilugeja Em 125khz-ga \u0421P-Z 2L - Fonolukk<\/title>\n<meta name=\"description\" content=\"\u00dcmara kujuga Minikaardilugeja Em 125khz-ga \u0421P-Z 2L - RFID card reader is a standard Wiegand26 bit output formatand an off-contact high performance reader.\" \/>\n<meta name=\"robots\" content=\"index, follow, max-snippet:-1, max-image-preview:large, max-video-preview:-1\" \/>\n<link rel=\"canonical\" href=\"https:\/\/fonolukk.eu\/et\/tooted\/umara-kujuga-minikaardilugeja-em-125khz-ga\/\" \/>\n<meta property=\"og:locale\" content=\"et_EE\" \/>\n<meta property=\"og:type\" content=\"article\" \/>\n<meta property=\"og:title\" content=\"\u00dcmara kujuga Minikaardilugeja Em 125khz-ga \u0421P-Z 2L\" \/>\n<meta property=\"og:description\" content=\"RFID-keskmise ulatuse lugeja kirjeldus: RFID-kaardilugeja on standardne Wiegand26-bitine v\u00e4ljundvorming ja kontaktivaba suure j\u00f5udlusega lugeja. Seda kasutatakse peamiselt kontrolleri t\u00e4iendava lugemisseadmena, millel on wiegandi liides. See on peen v\u00e4limuse, mugava paigalduse ja stabiilsete omadustega\" \/>\n<meta property=\"og:url\" content=\"https:\/\/fonolukk.eu\/et\/tooted\/umara-kujuga-minikaardilugeja-em-125khz-ga\/\" \/>\n<meta property=\"og:site_name\" content=\"Fonolukk\" \/>\n<meta property=\"article:publisher\" content=\"https:\/\/www.facebook.com\/fonolukk\" \/>\n<meta property=\"article:modified_time\" content=\"2025-04-22T11:52:19+00:00\" \/>\n<meta property=\"og:image\" content=\"https:\/\/fonolukk.eu\/wp-content\/uploads\/2024\/08\/snimok-ekrana-2024-08-14-v-08.25.15.png\" \/>\n\t<meta property=\"og:image:width\" content=\"1054\" \/>\n\t<meta property=\"og:image:height\" content=\"1056\" \/>\n\t<meta property=\"og:image:type\" content=\"image\/png\" \/>\n<meta name=\"twitter:card\" content=\"summary_large_image\" \/>\n<meta name=\"twitter:label1\" content=\"Hind\" \/>\n\t<meta name=\"twitter:data1\" content=\"&euro;25.00 koos KM\" \/>\n\t<meta name=\"twitter:label2\" content=\"Availability\" \/>\n\t<meta name=\"twitter:data2\" content=\"Laos\" \/>\n<script type=\"application\/ld+json\" class=\"yoast-schema-graph\">{\"@context\":\"https:\\\/\\\/schema.org\",\"@graph\":[{\"@type\":\"WebPage\",\"@id\":\"https:\\\/\\\/fonolukk.eu\\\/et\\\/tooted\\\/umara-kujuga-minikaardilugeja-em-125khz-ga\\\/\",\"url\":\"https:\\\/\\\/fonolukk.eu\\\/et\\\/tooted\\\/umara-kujuga-minikaardilugeja-em-125khz-ga\\\/\",\"name\":\"\u00dcmara kujuga Minikaardilugeja Em 125khz-ga \u0421P-Z 2L - Fonolukk\",\"isPartOf\":{\"@id\":\"https:\\\/\\\/fonolukk.eu\\\/et\\\/#website\"},\"primaryImageOfPage\":{\"@id\":\"https:\\\/\\\/fonolukk.eu\\\/et\\\/tooted\\\/umara-kujuga-minikaardilugeja-em-125khz-ga\\\/#primaryimage\"},\"image\":{\"@id\":\"https:\\\/\\\/fonolukk.eu\\\/et\\\/tooted\\\/umara-kujuga-minikaardilugeja-em-125khz-ga\\\/#primaryimage\"},\"thumbnailUrl\":\"https:\\\/\\\/fonolukk.eu\\\/wp-content\\\/uploads\\\/2024\\\/08\\\/snimok-ekrana-2024-08-14-v-08.25.15.png\",\"datePublished\":\"2024-08-14T05:13:58+00:00\",\"dateModified\":\"2025-04-22T11:52:19+00:00\",\"description\":\"\u00dcmara kujuga Minikaardilugeja Em 125khz-ga \u0421P-Z 2L - RFID card reader is a standard Wiegand26 bit output formatand an off-contact high performance reader.\",\"breadcrumb\":{\"@id\":\"https:\\\/\\\/fonolukk.eu\\\/et\\\/tooted\\\/umara-kujuga-minikaardilugeja-em-125khz-ga\\\/#breadcrumb\"},\"inLanguage\":\"et\",\"potentialAction\":[{\"@type\":\"ReadAction\",\"target\":[\"https:\\\/\\\/fonolukk.eu\\\/et\\\/tooted\\\/umara-kujuga-minikaardilugeja-em-125khz-ga\\\/\"]}]},{\"@type\":\"ImageObject\",\"inLanguage\":\"et\",\"@id\":\"https:\\\/\\\/fonolukk.eu\\\/et\\\/tooted\\\/umara-kujuga-minikaardilugeja-em-125khz-ga\\\/#primaryimage\",\"url\":\"https:\\\/\\\/fonolukk.eu\\\/wp-content\\\/uploads\\\/2024\\\/08\\\/snimok-ekrana-2024-08-14-v-08.25.15.png\",\"contentUrl\":\"https:\\\/\\\/fonolukk.eu\\\/wp-content\\\/uploads\\\/2024\\\/08\\\/snimok-ekrana-2024-08-14-v-08.25.15.png\",\"width\":1054,\"height\":1056,\"caption\":\"Card Reader\"},{\"@type\":\"BreadcrumbList\",\"@id\":\"https:\\\/\\\/fonolukk.eu\\\/et\\\/tooted\\\/umara-kujuga-minikaardilugeja-em-125khz-ga\\\/#breadcrumb\",\"itemListElement\":[{\"@type\":\"ListItem\",\"position\":1,\"name\":\"Esileht\",\"item\":\"https:\\\/\\\/fonolukk.eu\\\/et\\\/koduleht\\\/\"},{\"@type\":\"ListItem\",\"position\":2,\"name\":\"Tooted\",\"item\":\"https:\\\/\\\/fonolukk.eu\\\/et\\\/shop-2\\\/\"},{\"@type\":\"ListItem\",\"position\":3,\"name\":\"L\u00e4bip\u00e4\u00e4sus\u00fcsteem\",\"item\":\"https:\\\/\\\/fonolukk.eu\\\/et\\\/product-category\\\/labipaasususteem\\\/\"},{\"@type\":\"ListItem\",\"position\":4,\"name\":\"\u00dcmara kujuga Minikaardilugeja Em 125khz-ga \u0421P-Z 2L\"}]},{\"@type\":\"WebSite\",\"@id\":\"https:\\\/\\\/fonolukk.eu\\\/et\\\/#website\",\"url\":\"https:\\\/\\\/fonolukk.eu\\\/et\\\/\",\"name\":\"Fonolukk eu\",\"description\":\"Smart Security Systems\",\"publisher\":{\"@id\":\"https:\\\/\\\/fonolukk.eu\\\/et\\\/#organization\"},\"potentialAction\":[{\"@type\":\"SearchAction\",\"target\":{\"@type\":\"EntryPoint\",\"urlTemplate\":\"https:\\\/\\\/fonolukk.eu\\\/et\\\/?s={search_term_string}\"},\"query-input\":{\"@type\":\"PropertyValueSpecification\",\"valueRequired\":true,\"valueName\":\"search_term_string\"}}],\"inLanguage\":\"et\"},{\"@type\":\"Organization\",\"@id\":\"https:\\\/\\\/fonolukk.eu\\\/et\\\/#organization\",\"name\":\"Smart Security OU\",\"url\":\"https:\\\/\\\/fonolukk.eu\\\/et\\\/\",\"logo\":{\"@type\":\"ImageObject\",\"inLanguage\":\"et\",\"@id\":\"https:\\\/\\\/fonolukk.eu\\\/et\\\/#\\\/schema\\\/logo\\\/image\\\/\",\"url\":\"https:\\\/\\\/fonolukk.eu\\\/wp-content\\\/uploads\\\/2023\\\/09\\\/fonolukk.png\",\"contentUrl\":\"https:\\\/\\\/fonolukk.eu\\\/wp-content\\\/uploads\\\/2023\\\/09\\\/fonolukk.png\",\"width\":277,\"height\":274,\"caption\":\"Smart Security OU\"},\"image\":{\"@id\":\"https:\\\/\\\/fonolukk.eu\\\/et\\\/#\\\/schema\\\/logo\\\/image\\\/\"},\"sameAs\":[\"https:\\\/\\\/www.facebook.com\\\/fonolukk\",\"https:\\\/\\\/www.instagram.com\\\/fonolukk\\\/?hl=ru\"],\"publishingPrinciples\":\"https:\\\/\\\/fonolukk.eu\\\/terms-and-conditions\\\/\",\"ownershipFundingInfo\":\"https:\\\/\\\/fonolukk.eu\\\/about-us\\\/\"}]}<\/script>\n<meta property=\"product:price:amount\" content=\"25.00\" \/>\n<meta property=\"product:price:currency\" content=\"EUR\" \/>\n<meta property=\"og:availability\" content=\"instock\" \/>\n<meta property=\"product:availability\" content=\"instock\" \/>\n<meta property=\"product:retailer_item_id\" content=\"Em 125kHz\" \/>\n<meta property=\"product:condition\" content=\"new\" \/>\n<!-- \/ Yoast SEO Premium plugin. -->","yoast_head_json":{"title":"\u00dcmara kujuga Minikaardilugeja Em 125khz-ga \u0421P-Z 2L - Fonolukk","description":"\u00dcmara kujuga Minikaardilugeja Em 125khz-ga \u0421P-Z 2L - RFID card reader is a standard Wiegand26 bit output formatand an off-contact high performance reader.","robots":{"index":"index","follow":"follow","max-snippet":"max-snippet:-1","max-image-preview":"max-image-preview:large","max-video-preview":"max-video-preview:-1"},"canonical":"https:\/\/fonolukk.eu\/et\/tooted\/umara-kujuga-minikaardilugeja-em-125khz-ga\/","og_locale":"et_EE","og_type":"article","og_title":"\u00dcmara kujuga Minikaardilugeja Em 125khz-ga \u0421P-Z 2L","og_description":"RFID-keskmise ulatuse lugeja kirjeldus: RFID-kaardilugeja on standardne Wiegand26-bitine v\u00e4ljundvorming ja kontaktivaba suure j\u00f5udlusega lugeja. Seda kasutatakse peamiselt kontrolleri t\u00e4iendava lugemisseadmena, millel on wiegandi liides. See on peen v\u00e4limuse, mugava paigalduse ja stabiilsete omadustega","og_url":"https:\/\/fonolukk.eu\/et\/tooted\/umara-kujuga-minikaardilugeja-em-125khz-ga\/","og_site_name":"Fonolukk","article_publisher":"https:\/\/www.facebook.com\/fonolukk","article_modified_time":"2025-04-22T11:52:19+00:00","og_image":[{"width":1054,"height":1056,"url":"https:\/\/fonolukk.eu\/wp-content\/uploads\/2024\/08\/snimok-ekrana-2024-08-14-v-08.25.15.png","type":"image\/png"}],"twitter_card":"summary_large_image","twitter_misc":{"Hind":"&euro;25.00 koos KM","Availability":"Laos"},"schema":{"@context":"https:\/\/schema.org","@graph":[{"@type":"WebPage","@id":"https:\/\/fonolukk.eu\/et\/tooted\/umara-kujuga-minikaardilugeja-em-125khz-ga\/","url":"https:\/\/fonolukk.eu\/et\/tooted\/umara-kujuga-minikaardilugeja-em-125khz-ga\/","name":"\u00dcmara kujuga Minikaardilugeja Em 125khz-ga \u0421P-Z 2L - Fonolukk","isPartOf":{"@id":"https:\/\/fonolukk.eu\/et\/#website"},"primaryImageOfPage":{"@id":"https:\/\/fonolukk.eu\/et\/tooted\/umara-kujuga-minikaardilugeja-em-125khz-ga\/#primaryimage"},"image":{"@id":"https:\/\/fonolukk.eu\/et\/tooted\/umara-kujuga-minikaardilugeja-em-125khz-ga\/#primaryimage"},"thumbnailUrl":"https:\/\/fonolukk.eu\/wp-content\/uploads\/2024\/08\/snimok-ekrana-2024-08-14-v-08.25.15.png","datePublished":"2024-08-14T05:13:58+00:00","dateModified":"2025-04-22T11:52:19+00:00","description":"\u00dcmara kujuga Minikaardilugeja Em 125khz-ga \u0421P-Z 2L - RFID card reader is a standard Wiegand26 bit output formatand an off-contact high performance reader.","breadcrumb":{"@id":"https:\/\/fonolukk.eu\/et\/tooted\/umara-kujuga-minikaardilugeja-em-125khz-ga\/#breadcrumb"},"inLanguage":"et","potentialAction":[{"@type":"ReadAction","target":["https:\/\/fonolukk.eu\/et\/tooted\/umara-kujuga-minikaardilugeja-em-125khz-ga\/"]}]},{"@type":"ImageObject","inLanguage":"et","@id":"https:\/\/fonolukk.eu\/et\/tooted\/umara-kujuga-minikaardilugeja-em-125khz-ga\/#primaryimage","url":"https:\/\/fonolukk.eu\/wp-content\/uploads\/2024\/08\/snimok-ekrana-2024-08-14-v-08.25.15.png","contentUrl":"https:\/\/fonolukk.eu\/wp-content\/uploads\/2024\/08\/snimok-ekrana-2024-08-14-v-08.25.15.png","width":1054,"height":1056,"caption":"Card Reader"},{"@type":"BreadcrumbList","@id":"https:\/\/fonolukk.eu\/et\/tooted\/umara-kujuga-minikaardilugeja-em-125khz-ga\/#breadcrumb","itemListElement":[{"@type":"ListItem","position":1,"name":"Esileht","item":"https:\/\/fonolukk.eu\/et\/koduleht\/"},{"@type":"ListItem","position":2,"name":"Tooted","item":"https:\/\/fonolukk.eu\/et\/shop-2\/"},{"@type":"ListItem","position":3,"name":"L\u00e4bip\u00e4\u00e4sus\u00fcsteem","item":"https:\/\/fonolukk.eu\/et\/product-category\/labipaasususteem\/"},{"@type":"ListItem","position":4,"name":"\u00dcmara kujuga Minikaardilugeja Em 125khz-ga \u0421P-Z 2L"}]},{"@type":"WebSite","@id":"https:\/\/fonolukk.eu\/et\/#website","url":"https:\/\/fonolukk.eu\/et\/","name":"Fonolukk eu","description":"Smart Security Systems","publisher":{"@id":"https:\/\/fonolukk.eu\/et\/#organization"},"potentialAction":[{"@type":"SearchAction","target":{"@type":"EntryPoint","urlTemplate":"https:\/\/fonolukk.eu\/et\/?s={search_term_string}"},"query-input":{"@type":"PropertyValueSpecification","valueRequired":true,"valueName":"search_term_string"}}],"inLanguage":"et"},{"@type":"Organization","@id":"https:\/\/fonolukk.eu\/et\/#organization","name":"Smart Security OU","url":"https:\/\/fonolukk.eu\/et\/","logo":{"@type":"ImageObject","inLanguage":"et","@id":"https:\/\/fonolukk.eu\/et\/#\/schema\/logo\/image\/","url":"https:\/\/fonolukk.eu\/wp-content\/uploads\/2023\/09\/fonolukk.png","contentUrl":"https:\/\/fonolukk.eu\/wp-content\/uploads\/2023\/09\/fonolukk.png","width":277,"height":274,"caption":"Smart Security OU"},"image":{"@id":"https:\/\/fonolukk.eu\/et\/#\/schema\/logo\/image\/"},"sameAs":["https:\/\/www.facebook.com\/fonolukk","https:\/\/www.instagram.com\/fonolukk\/?hl=ru"],"publishingPrinciples":"https:\/\/fonolukk.eu\/terms-and-conditions\/","ownershipFundingInfo":"https:\/\/fonolukk.eu\/about-us\/"}]},"product_price_amount":"25.00","product_price_currency":"EUR","og_availability":"instock","product_availability":"instock","product_retailer_item_id":"Em 125kHz","product_condition":"new"},"_links":{"self":[{"href":"https:\/\/fonolukk.eu\/et\/wp-json\/wp\/v2\/product\/17238","targetHints":{"allow":["GET"]}}],"collection":[{"href":"https:\/\/fonolukk.eu\/et\/wp-json\/wp\/v2\/product"}],"about":[{"href":"https:\/\/fonolukk.eu\/et\/wp-json\/wp\/v2\/types\/product"}],"version-history":[{"count":2,"href":"https:\/\/fonolukk.eu\/et\/wp-json\/wp\/v2\/product\/17238\/revisions"}],"predecessor-version":[{"id":20269,"href":"https:\/\/fonolukk.eu\/et\/wp-json\/wp\/v2\/product\/17238\/revisions\/20269"}],"wp:featuredmedia":[{"embeddable":true,"href":"https:\/\/fonolukk.eu\/et\/wp-json\/wp\/v2\/media\/17250"}],"wp:attachment":[{"href":"https:\/\/fonolukk.eu\/et\/wp-json\/wp\/v2\/media?parent=17238"}],"wp:term":[{"taxonomy":"product_brand","embeddable":true,"href":"https:\/\/fonolukk.eu\/et\/wp-json\/wp\/v2\/product_brand?post=17238"},{"taxonomy":"product_cat","embeddable":true,"href":"https:\/\/fonolukk.eu\/et\/wp-json\/wp\/v2\/product_cat?post=17238"},{"taxonomy":"product_tag","embeddable":true,"href":"https:\/\/fonolukk.eu\/et\/wp-json\/wp\/v2\/product_tag?post=17238"}],"curies":[{"name":"wp","href":"https:\/\/api.w.org\/{rel}","templated":true}]}}